{"id":13565,"date":"2023-12-13T11:36:56","date_gmt":"2023-12-13T11:36:56","guid":{"rendered":"https:\/\/hd-multimedia.com\/?post_type=product&#038;p=13565"},"modified":"2026-02-15T21:03:31","modified_gmt":"2026-02-15T21:03:31","slug":"fiio-btr15","status":"publish","type":"product","link":"https:\/\/hd-multimedia.com\/sl\/trgovina\/fiio-btr15\/","title":{"rendered":"FiiO BTR15"},"content":{"rendered":"<p>-Bluetooth \u010dip: QCC5125 (CPU+DSP dvojedrna arhitektura)<\/p>\n<p>\u2013 Bluetooth razli\u010dica: 5.1<\/p>\n<p>\u2013 USB \u010dip: XMOS XU316<\/p>\n<p>\u2013 DAC: ES9219MQ*2<\/p>\n<p>\u2013 Kodeki Bluetooth: AAC\/SBC\/aptX\/apt LL\/aptx Adaptive\/apt HD\/LDAC<\/p>\n<p>\u2013 USB DAC: asinhroni 384kHz-32bit, DSD256<\/p>\n<p>\u2013 Na\u010din USB DAC brez gonilnika: podprto<\/p>\n<p>\u2013 Zaslon: 0,96-pal\u010dni OLED z lo\u010dljivostjo 96\u00d796<\/p>\n<p>\u2013 Izhodi za slu\u0161alke: enojni 3,5 mm + uravnote\u017eeni 4,4 mm<\/p>\n<p>\u2013 Mere: pribl. 32,0 mm x 72,2 mm x 12,5 mm<\/p>\n<p>\u2013 Te\u017ea: pribli\u017eno 37,3g<\/p>\n<p>\u2013 \u010cas polnjenja: &lt; 2h<\/p>\n<p>\u2013 Baterija: 550mAh litij-ionska, odporna na visoke temperature<\/p>\n<p>\u2013 \u017divljenjska doba baterije: pribli\u017eno 8 ur<\/p>\n<p><a href=\"https:\/\/www.fiio.com\/BTR15\" target=\"_blank\" rel=\"noopener\">Ostale informacije najdete na tej povezavi.<\/a><\/p>","protected":false},"excerpt":{"rendered":"<p>FiiO BTR15 zagotavlja kakovostno glasbo na poti s prenosnim Bluetooth DAC in oja\u010devalnikom za slu\u0161alke, ki ima dva integrirana DAC. FiiO BTR15 ima dvojni \u010dip ES9219MQ DAC, ki upravlja hitrosti vzor\u010denja in lo\u010dljivosti do 384 kHz \/ 32-bit. Ta DAC je name\u0161\u010den skupaj s \u010dipom Qualcomm QCC5125 Bluetooth, ki zagotavlja podporo za Bluetooth 5.1 ter Bluetooth aptX in SBC. FiiO BTR15 je narejen iz ukrivljenega stekla na sprednji in zadnji strani s srednjim okvirjem iz aluminijeve zlitine, ki zagotavlja zadostno za\u0161\u010dito in tudi 3D estetiko. Vgrajena polnilna baterija zdr\u017ei do osem ur, kar zagotavlja dolgotrajno brez\u017ei\u010dno poslu\u0161anje glasbe. \u010ce va\u0161a naprava s sistemom iOS ali Android nima 3,5-milimetrskega priklju\u010dka za slu\u0161alke, lahko to slu\u017ei kot visokokakovosten na\u010din za poslu\u0161anje odli\u010dne glasbe z \u017ei\u010dnimi slu\u0161alkami,<\/p>\n<p>FiiO BTR15 je na voljo tudi v razli\u010dici s priklju\u010dkom Lightning. (FiiO LT-LT2).<\/p>\n<p><a href=\"https:\/\/www.fiio.com\/BTR15\" target=\"_blank\" rel=\"noopener\">Ostale informacije najdete na tej povezavi.<\/a><\/p>","protected":false},"featured_media":13567,"template":"","meta":{"site-sidebar-layout":"default","site-content-layout":"","ast-site-content-layout":"default","site-content-style":"default","site-sidebar-style":"default","ast-global-header-display":"","ast-banner-title-visibility":"","ast-main-header-display":"","ast-hfb-above-header-display":"","ast-hfb-below-header-display":"","ast-hfb-mobile-header-display":"","site-post-title":"","ast-breadcrumbs-content":"","ast-featured-img":"","footer-sml-layout":"","theme-transparent-header-meta":"default","adv-header-id-meta":"","stick-header-meta":"default","header-above-stick-meta":"","header-main-stick-meta":"","header-below-stick-meta":"","astra-migrate-meta-layouts":"set","ast-page-background-enabled":"default","ast-page-background-meta":{"desktop":{"background-color":"","background-image":"","background-repeat":"repeat","background-position":"center center","background-size":"auto","background-attachment":"scroll","background-type":"","background-media":"","overlay-type":"","overlay-color":"","overlay-opacity":"","overlay-gradient":""},"tablet":{"background-color":"","background-image":"","background-repeat":"repeat","background-position":"center center","background-size":"auto","background-attachment":"scroll","background-type":"","background-media":"","overlay-type":"","overlay-color":"","overlay-opacity":"","overlay-gradient":""},"mobile":{"background-color":"","background-image":"","background-repeat":"repeat","background-position":"center center","background-size":"auto","background-attachment":"scroll","background-type":"","background-media":"","overlay-type":"","overlay-color":"","overlay-opacity":"","overlay-gradient":""}},"ast-content-background-meta":{"desktop":{"background-color":"var(--ast-global-color-5)","background-image":"","background-repeat":"repeat","background-position":"center center","background-size":"auto","background-attachment":"scroll","background-type":"","background-media":"","overlay-type":"","overlay-color":"","overlay-opacity":"","overlay-gradient":""},"tablet":{"background-color":"var(--ast-global-color-5)","background-image":"","background-repeat":"repeat","background-position":"center center","background-size":"auto","background-attachment":"scroll","background-type":"","background-media":"","overlay-type":"","overlay-color":"","overlay-opacity":"","overlay-gradient":""},"mobile":{"background-color":"var(--ast-global-color-5)","background-image":"","background-repeat":"repeat","background-position":"center center","background-size":"auto","background-attachment":"scroll","background-type":"","background-media":"","overlay-type":"","overlay-color":"","overlay-opacity":"","overlay-gradient":""}}},"class_list":["post-13565","product","type-product","status-publish","has-post-thumbnail","hentry","product_cat-pojacala-smartphone","product_cat-fiio","product_tag-novo-u-ponudi-fiio","desktop-align-center","tablet-align-center","mobile-align-center","ast-product-gallery-layout-horizontal","ast-magnify-disabled","ast-product-single-variable","ast-product-tabs-layout-horizontal"],"yoast_head":"<!-- This site is optimized with the Yoast SEO plugin v21.4 - https:\/\/yoast.com\/wordpress\/plugins\/seo\/ -->\n<title>FiiO BTR15 - hd-multimedia<\/title>\n<meta name=\"description\" content=\"FiiO BTR15 pru\u017ea kvalitetu glazbe u pokretu prijenosnim Bluetooth DAC-om i poja\u010dalom za slu\u0161alice koje ima dva integrirana DAC-a.\" \/>\n<meta name=\"robots\" content=\"index, follow, max-snippet:-1, max-image-preview:large, max-video-preview:-1\" \/>\n<link rel=\"canonical\" href=\"https:\/\/hd-multimedia.com\/sl\/trgovina\/fiio-btr15\/\" \/>\n<meta property=\"og:locale\" content=\"sl_SI\" \/>\n<meta property=\"og:type\" content=\"article\" \/>\n<meta property=\"og:title\" content=\"FiiO BTR15 - hd-multimedia\" \/>\n<meta property=\"og:description\" content=\"FiiO BTR15 pru\u017ea kvalitetu glazbe u pokretu prijenosnim Bluetooth DAC-om i poja\u010dalom za slu\u0161alice koje ima dva integrirana DAC-a.\" \/>\n<meta property=\"og:url\" content=\"https:\/\/hd-multimedia.com\/sl\/trgovina\/fiio-btr15\/\" \/>\n<meta property=\"og:site_name\" content=\"hd-multimedia\" \/>\n<meta property=\"article:modified_time\" content=\"2026-02-15T21:03:31+00:00\" \/>\n<meta property=\"og:image\" content=\"https:\/\/hd-multimedia.com\/hdm_media\/fiio-btr15-bluetooth-51-daul-es9219mq-dac-chip-dsd256-headphone-amplifier-hifigo-btr15-black-328140_695x695.webp\" \/>\n\t<meta property=\"og:image:width\" content=\"695\" \/>\n\t<meta property=\"og:image:height\" content=\"695\" \/>\n\t<meta property=\"og:image:type\" content=\"image\/webp\" \/>\n<meta name=\"twitter:card\" content=\"summary_large_image\" \/>\n<meta name=\"twitter:label1\" content=\"Est. reading time\" \/>\n\t<meta name=\"twitter:data1\" content=\"1 minuta\" \/>\n<script type=\"application\/ld+json\" class=\"yoast-schema-graph\">{\"@context\":\"https:\/\/schema.org\",\"@graph\":[{\"@type\":\"WebPage\",\"@id\":\"https:\/\/hd-multimedia.com\/trgovina\/fiio-btr15\/\",\"url\":\"https:\/\/hd-multimedia.com\/trgovina\/fiio-btr15\/\",\"name\":\"FiiO BTR15 - hd-multimedia\",\"isPartOf\":{\"@id\":\"https:\/\/hd-multimedia.com\/#website\"},\"datePublished\":\"2023-12-13T11:36:56+00:00\",\"dateModified\":\"2026-02-15T21:03:31+00:00\",\"description\":\"FiiO BTR15 pru\u017ea kvalitetu glazbe u pokretu prijenosnim Bluetooth DAC-om i poja\u010dalom za slu\u0161alice koje ima dva integrirana DAC-a.\",\"breadcrumb\":{\"@id\":\"https:\/\/hd-multimedia.com\/trgovina\/fiio-btr15\/#breadcrumb\"},\"inLanguage\":\"sl-SI\",\"potentialAction\":[{\"@type\":\"ReadAction\",\"target\":[\"https:\/\/hd-multimedia.com\/trgovina\/fiio-btr15\/\"]}]},{\"@type\":\"BreadcrumbList\",\"@id\":\"https:\/\/hd-multimedia.com\/trgovina\/fiio-btr15\/#breadcrumb\",\"itemListElement\":[{\"@type\":\"ListItem\",\"position\":1,\"name\":\"Po\u010detna stranica\",\"item\":\"https:\/\/hd-multimedia.com\/\"},{\"@type\":\"ListItem\",\"position\":2,\"name\":\"Trgovina\",\"item\":\"https:\/\/hd-multimedia.com\/trgovina\/\"},{\"@type\":\"ListItem\",\"position\":3,\"name\":\"FiiO BTR15\"}]},{\"@type\":\"WebSite\",\"@id\":\"https:\/\/hd-multimedia.com\/#website\",\"url\":\"https:\/\/hd-multimedia.com\/\",\"name\":\"hd-multimedia\",\"description\":\"\",\"publisher\":{\"@id\":\"https:\/\/hd-multimedia.com\/#organization\"},\"potentialAction\":[{\"@type\":\"SearchAction\",\"target\":{\"@type\":\"EntryPoint\",\"urlTemplate\":\"https:\/\/hd-multimedia.com\/?s={search_term_string}\"},\"query-input\":\"required name=search_term_string\"}],\"inLanguage\":\"sl-SI\"},{\"@type\":\"Organization\",\"@id\":\"https:\/\/hd-multimedia.com\/#organization\",\"name\":\"hd-multimedia\",\"url\":\"https:\/\/hd-multimedia.com\/\",\"logo\":{\"@type\":\"ImageObject\",\"inLanguage\":\"sl-SI\",\"@id\":\"https:\/\/hd-multimedia.com\/#\/schema\/logo\/image\/\",\"url\":\"https:\/\/hd-multimedia.com\/hdm_media\/HD-curves-ok-196-56px-alpha-1.png\",\"contentUrl\":\"https:\/\/hd-multimedia.com\/hdm_media\/HD-curves-ok-196-56px-alpha-1.png\",\"width\":196,\"height\":53,\"caption\":\"hd-multimedia\"},\"image\":{\"@id\":\"https:\/\/hd-multimedia.com\/#\/schema\/logo\/image\/\"}}]}<\/script>\n<!-- \/ Yoast SEO plugin. -->","yoast_head_json":{"title":"FiiO BTR15 - hd-multimedia","description":"FiiO BTR15 pru\u017ea kvalitetu glazbe u pokretu prijenosnim Bluetooth DAC-om i poja\u010dalom za slu\u0161alice koje ima dva integrirana DAC-a.","robots":{"index":"index","follow":"follow","max-snippet":"max-snippet:-1","max-image-preview":"max-image-preview:large","max-video-preview":"max-video-preview:-1"},"canonical":"https:\/\/hd-multimedia.com\/sl\/trgovina\/fiio-btr15\/","og_locale":"sl_SI","og_type":"article","og_title":"FiiO BTR15 - hd-multimedia","og_description":"FiiO BTR15 pru\u017ea kvalitetu glazbe u pokretu prijenosnim Bluetooth DAC-om i poja\u010dalom za slu\u0161alice koje ima dva integrirana DAC-a.","og_url":"https:\/\/hd-multimedia.com\/sl\/trgovina\/fiio-btr15\/","og_site_name":"hd-multimedia","article_modified_time":"2026-02-15T21:03:31+00:00","og_image":[{"width":695,"height":695,"url":"https:\/\/hd-multimedia.com\/hdm_media\/fiio-btr15-bluetooth-51-daul-es9219mq-dac-chip-dsd256-headphone-amplifier-hifigo-btr15-black-328140_695x695.webp","type":"image\/webp"}],"twitter_card":"summary_large_image","twitter_misc":{"Est. reading time":"1 minuta"},"schema":{"@context":"https:\/\/schema.org","@graph":[{"@type":"WebPage","@id":"https:\/\/hd-multimedia.com\/trgovina\/fiio-btr15\/","url":"https:\/\/hd-multimedia.com\/trgovina\/fiio-btr15\/","name":"FiiO BTR15 - hd-multimedia","isPartOf":{"@id":"https:\/\/hd-multimedia.com\/#website"},"datePublished":"2023-12-13T11:36:56+00:00","dateModified":"2026-02-15T21:03:31+00:00","description":"FiiO BTR15 pru\u017ea kvalitetu glazbe u pokretu prijenosnim Bluetooth DAC-om i poja\u010dalom za slu\u0161alice koje ima dva integrirana DAC-a.","breadcrumb":{"@id":"https:\/\/hd-multimedia.com\/trgovina\/fiio-btr15\/#breadcrumb"},"inLanguage":"sl-SI","potentialAction":[{"@type":"ReadAction","target":["https:\/\/hd-multimedia.com\/trgovina\/fiio-btr15\/"]}]},{"@type":"BreadcrumbList","@id":"https:\/\/hd-multimedia.com\/trgovina\/fiio-btr15\/#breadcrumb","itemListElement":[{"@type":"ListItem","position":1,"name":"Po\u010detna stranica","item":"https:\/\/hd-multimedia.com\/"},{"@type":"ListItem","position":2,"name":"Trgovina","item":"https:\/\/hd-multimedia.com\/trgovina\/"},{"@type":"ListItem","position":3,"name":"FiiO BTR15"}]},{"@type":"WebSite","@id":"https:\/\/hd-multimedia.com\/#website","url":"https:\/\/hd-multimedia.com\/","name":"hd-multimedia","description":"","publisher":{"@id":"https:\/\/hd-multimedia.com\/#organization"},"potentialAction":[{"@type":"SearchAction","target":{"@type":"EntryPoint","urlTemplate":"https:\/\/hd-multimedia.com\/?s={search_term_string}"},"query-input":"required name=search_term_string"}],"inLanguage":"sl-SI"},{"@type":"Organization","@id":"https:\/\/hd-multimedia.com\/#organization","name":"hd-multimedia","url":"https:\/\/hd-multimedia.com\/","logo":{"@type":"ImageObject","inLanguage":"sl-SI","@id":"https:\/\/hd-multimedia.com\/#\/schema\/logo\/image\/","url":"https:\/\/hd-multimedia.com\/hdm_media\/HD-curves-ok-196-56px-alpha-1.png","contentUrl":"https:\/\/hd-multimedia.com\/hdm_media\/HD-curves-ok-196-56px-alpha-1.png","width":196,"height":53,"caption":"hd-multimedia"},"image":{"@id":"https:\/\/hd-multimedia.com\/#\/schema\/logo\/image\/"}}]}},"post_mailing_queue_ids":[],"_links":{"self":[{"href":"https:\/\/hd-multimedia.com\/sl\/wp-json\/wp\/v2\/product\/13565","targetHints":{"allow":["GET"]}}],"collection":[{"href":"https:\/\/hd-multimedia.com\/sl\/wp-json\/wp\/v2\/product"}],"about":[{"href":"https:\/\/hd-multimedia.com\/sl\/wp-json\/wp\/v2\/types\/product"}],"version-history":[{"count":5,"href":"https:\/\/hd-multimedia.com\/sl\/wp-json\/wp\/v2\/product\/13565\/revisions"}],"predecessor-version":[{"id":13713,"href":"https:\/\/hd-multimedia.com\/sl\/wp-json\/wp\/v2\/product\/13565\/revisions\/13713"}],"wp:featuredmedia":[{"embeddable":true,"href":"https:\/\/hd-multimedia.com\/sl\/wp-json\/wp\/v2\/media\/13567"}],"wp:attachment":[{"href":"https:\/\/hd-multimedia.com\/sl\/wp-json\/wp\/v2\/media?parent=13565"}],"curies":[{"name":"wp","href":"https:\/\/api.w.org\/{rel}","templated":true}]}}