{"id":13549,"date":"2023-12-13T09:25:08","date_gmt":"2023-12-13T09:25:08","guid":{"rendered":"https:\/\/hd-multimedia.com\/?post_type=product&#038;p=13549"},"modified":"2024-06-06T09:01:08","modified_gmt":"2024-06-06T09:01:08","slug":"fiio-kb3","status":"publish","type":"product","link":"https:\/\/hd-multimedia.com\/sl\/trgovina\/fiio-kb3\/","title":{"rendered":"FiiO KB3"},"content":{"rendered":"<p>\u00b7 Opremljen s 3,5 mm enosmernimi in 4,4 mm uravnote\u017eenimi priklju\u010dki za slu\u0161alke, ki vam omogo\u010dajo povezavo z razli\u010dnimi slu\u0161alkami.<\/p>\n<p>\u00b7 S podporo do 32bit\/384kHz in DSD256 boste lahko sli\u0161ali vse podrobnosti svoje glasbe.<\/p>\n<p>\u00b7 KB3 uporablja dva visokozmogljiva in u\u010dinkovita DAC-ja CS43131 ter dva operacijska oja\u010devalnika SGM8262 z nizkim hrupom, ki lahko zagotovita 550 mW izhodne mo\u010di, kar je primerljivo z namiznimi oja\u010devalniki. U\u017eivajte v visokokakovostnem zvoku z vsemi slu\u0161alkami.<\/p>\n<p><a href=\"https:\/\/www.fiio.com\/newsinfo\/880928.html\" target=\"_blank\" rel=\"noopener\">Ostale informacije najdete na tej povezavi.<\/a><\/p>","protected":false},"excerpt":{"rendered":"<p>FiiO KB3 je popolnoma funkcionalna mehanska tipkovnica, ki lahko brezhibno deluje z ra\u010dunalniki Windows ali macOS. Deluje lahko tudi s pametnimi telefoni in tablicami Android in iOS. Znotraj tipkovnice sta dva visokozmogljiva DAC-ja CS43131 in dva operacijska oja\u010devalnika SGM8262 z nizkim \u0161umom. Tipkovnica lahko oddaja do 550 mW in lahko predvaja katero koli zvo\u010dno datoteko, ki ji jo dodate, vklju\u010dno z DSD256. FiiO KB3 ima svetlobni u\u010dinek, ki izbolj\u0161a uporabni\u0161ko izku\u0161njo. Zasnova tipkovnice FiiO KB3 ima vpojne lastnosti, sestavljene iz ve\u010d plasti za zmanj\u0161anje zvoka udarcev po tipkovnici. Ta ureditev je smiselna, saj boste glasbo \u017eeleli sli\u0161ati bolj kot klikanje tipk. FiiO KB3 ima tudi ohi\u0161je iz aluminijevo-magnezijeve zlitine, ki vas pritegne s svojo izvrstno teksturo.<\/p>\n<p><a href=\"https:\/\/www.fiio.com\/newsinfo\/880928.html\" target=\"_blank\" rel=\"noopener\">Ostale informacije najdete na tej povezavi.<\/a><\/p>","protected":false},"featured_media":13550,"template":"","meta":{"site-sidebar-layout":"default","site-content-layout":"","ast-site-content-layout":"default","site-content-style":"default","site-sidebar-style":"default","ast-global-header-display":"","ast-banner-title-visibility":"","ast-main-header-display":"","ast-hfb-above-header-display":"","ast-hfb-below-header-display":"","ast-hfb-mobile-header-display":"","site-post-title":"","ast-breadcrumbs-content":"","ast-featured-img":"","footer-sml-layout":"","theme-transparent-header-meta":"default","adv-header-id-meta":"","stick-header-meta":"default","header-above-stick-meta":"","header-main-stick-meta":"","header-below-stick-meta":"","astra-migrate-meta-layouts":"set","ast-page-background-enabled":"default","ast-page-background-meta":{"desktop":{"background-color":"","background-image":"","background-repeat":"repeat","background-position":"center center","background-size":"auto","background-attachment":"scroll","background-type":"","background-media":"","overlay-type":"","overlay-color":"","overlay-opacity":"","overlay-gradient":""},"tablet":{"background-color":"","background-image":"","background-repeat":"repeat","background-position":"center center","background-size":"auto","background-attachment":"scroll","background-type":"","background-media":"","overlay-type":"","overlay-color":"","overlay-opacity":"","overlay-gradient":""},"mobile":{"background-color":"","background-image":"","background-repeat":"repeat","background-position":"center center","background-size":"auto","background-attachment":"scroll","background-type":"","background-media":"","overlay-type":"","overlay-color":"","overlay-opacity":"","overlay-gradient":""}},"ast-content-background-meta":{"desktop":{"background-color":"var(--ast-global-color-5)","background-image":"","background-repeat":"repeat","background-position":"center center","background-size":"auto","background-attachment":"scroll","background-type":"","background-media":"","overlay-type":"","overlay-color":"","overlay-opacity":"","overlay-gradient":""},"tablet":{"background-color":"var(--ast-global-color-5)","background-image":"","background-repeat":"repeat","background-position":"center center","background-size":"auto","background-attachment":"scroll","background-type":"","background-media":"","overlay-type":"","overlay-color":"","overlay-opacity":"","overlay-gradient":""},"mobile":{"background-color":"var(--ast-global-color-5)","background-image":"","background-repeat":"repeat","background-position":"center center","background-size":"auto","background-attachment":"scroll","background-type":"","background-media":"","overlay-type":"","overlay-color":"","overlay-opacity":"","overlay-gradient":""}}},"class_list":["post-13549","product","type-product","status-publish","has-post-thumbnail","hentry","product_cat-computer-audio","product_cat-pojacala-za-slusalice","product_cat-fiio","product_tag-novo-u-ponudi-fiio","desktop-align-center","tablet-align-center","mobile-align-center","ast-product-gallery-layout-horizontal","ast-magnify-disabled","ast-product-single-variable","ast-product-tabs-layout-horizontal"],"yoast_head":"<!-- This site is optimized with the Yoast SEO plugin v21.4 - https:\/\/yoast.com\/wordpress\/plugins\/seo\/ -->\n<title>FiiO KB3 - hd-multimedia<\/title>\n<meta name=\"description\" content=\"FiiO KB3 je potpuno funkcionalna mehani\u010dka tipkovnica koja mo\u017ee besprijekorno raditi s Windows ili macOS ra\u010dunalima, kao i s pametnim telefonim.\" \/>\n<meta name=\"robots\" content=\"index, follow, max-snippet:-1, max-image-preview:large, max-video-preview:-1\" \/>\n<link rel=\"canonical\" href=\"https:\/\/hd-multimedia.com\/sl\/trgovina\/fiio-kb3\/\" \/>\n<meta property=\"og:locale\" content=\"sl_SI\" \/>\n<meta property=\"og:type\" content=\"article\" \/>\n<meta property=\"og:title\" content=\"FiiO KB3 - hd-multimedia\" \/>\n<meta property=\"og:description\" content=\"FiiO KB3 je potpuno funkcionalna mehani\u010dka tipkovnica koja mo\u017ee besprijekorno raditi s Windows ili macOS ra\u010dunalima, kao i s pametnim telefonim.\" \/>\n<meta property=\"og:url\" content=\"https:\/\/hd-multimedia.com\/sl\/trgovina\/fiio-kb3\/\" \/>\n<meta property=\"og:site_name\" content=\"hd-multimedia\" \/>\n<meta property=\"article:modified_time\" content=\"2024-06-06T09:01:08+00:00\" \/>\n<meta property=\"og:image\" content=\"https:\/\/hd-multimedia.com\/hdm_media\/54749_1.jpg\" \/>\n\t<meta property=\"og:image:width\" content=\"1200\" \/>\n\t<meta property=\"og:image:height\" content=\"1200\" \/>\n\t<meta property=\"og:image:type\" content=\"image\/jpeg\" \/>\n<meta name=\"twitter:card\" content=\"summary_large_image\" \/>\n<meta name=\"twitter:label1\" content=\"Est. reading time\" \/>\n\t<meta name=\"twitter:data1\" content=\"1 minuta\" \/>\n<script type=\"application\/ld+json\" class=\"yoast-schema-graph\">{\"@context\":\"https:\/\/schema.org\",\"@graph\":[{\"@type\":\"WebPage\",\"@id\":\"https:\/\/hd-multimedia.com\/trgovina\/fiio-kb3\/\",\"url\":\"https:\/\/hd-multimedia.com\/trgovina\/fiio-kb3\/\",\"name\":\"FiiO KB3 - hd-multimedia\",\"isPartOf\":{\"@id\":\"https:\/\/hd-multimedia.com\/#website\"},\"datePublished\":\"2023-12-13T09:25:08+00:00\",\"dateModified\":\"2024-06-06T09:01:08+00:00\",\"description\":\"FiiO KB3 je potpuno funkcionalna mehani\u010dka tipkovnica koja mo\u017ee besprijekorno raditi s Windows ili macOS ra\u010dunalima, kao i s pametnim telefonim.\",\"breadcrumb\":{\"@id\":\"https:\/\/hd-multimedia.com\/trgovina\/fiio-kb3\/#breadcrumb\"},\"inLanguage\":\"sl-SI\",\"potentialAction\":[{\"@type\":\"ReadAction\",\"target\":[\"https:\/\/hd-multimedia.com\/trgovina\/fiio-kb3\/\"]}]},{\"@type\":\"BreadcrumbList\",\"@id\":\"https:\/\/hd-multimedia.com\/trgovina\/fiio-kb3\/#breadcrumb\",\"itemListElement\":[{\"@type\":\"ListItem\",\"position\":1,\"name\":\"Po\u010detna stranica\",\"item\":\"https:\/\/hd-multimedia.com\/\"},{\"@type\":\"ListItem\",\"position\":2,\"name\":\"Trgovina\",\"item\":\"https:\/\/hd-multimedia.com\/trgovina\/\"},{\"@type\":\"ListItem\",\"position\":3,\"name\":\"FiiO KB3\"}]},{\"@type\":\"WebSite\",\"@id\":\"https:\/\/hd-multimedia.com\/#website\",\"url\":\"https:\/\/hd-multimedia.com\/\",\"name\":\"hd-multimedia\",\"description\":\"\",\"publisher\":{\"@id\":\"https:\/\/hd-multimedia.com\/#organization\"},\"potentialAction\":[{\"@type\":\"SearchAction\",\"target\":{\"@type\":\"EntryPoint\",\"urlTemplate\":\"https:\/\/hd-multimedia.com\/?s={search_term_string}\"},\"query-input\":\"required name=search_term_string\"}],\"inLanguage\":\"sl-SI\"},{\"@type\":\"Organization\",\"@id\":\"https:\/\/hd-multimedia.com\/#organization\",\"name\":\"hd-multimedia\",\"url\":\"https:\/\/hd-multimedia.com\/\",\"logo\":{\"@type\":\"ImageObject\",\"inLanguage\":\"sl-SI\",\"@id\":\"https:\/\/hd-multimedia.com\/#\/schema\/logo\/image\/\",\"url\":\"https:\/\/hd-multimedia.com\/hdm_media\/HD-curves-ok-196-56px-alpha-1.png\",\"contentUrl\":\"https:\/\/hd-multimedia.com\/hdm_media\/HD-curves-ok-196-56px-alpha-1.png\",\"width\":196,\"height\":53,\"caption\":\"hd-multimedia\"},\"image\":{\"@id\":\"https:\/\/hd-multimedia.com\/#\/schema\/logo\/image\/\"}}]}<\/script>\n<!-- \/ Yoast SEO plugin. -->","yoast_head_json":{"title":"FiiO KB3 - hd-multimedia","description":"FiiO KB3 je potpuno funkcionalna mehani\u010dka tipkovnica koja mo\u017ee besprijekorno raditi s Windows ili macOS ra\u010dunalima, kao i s pametnim telefonim.","robots":{"index":"index","follow":"follow","max-snippet":"max-snippet:-1","max-image-preview":"max-image-preview:large","max-video-preview":"max-video-preview:-1"},"canonical":"https:\/\/hd-multimedia.com\/sl\/trgovina\/fiio-kb3\/","og_locale":"sl_SI","og_type":"article","og_title":"FiiO KB3 - hd-multimedia","og_description":"FiiO KB3 je potpuno funkcionalna mehani\u010dka tipkovnica koja mo\u017ee besprijekorno raditi s Windows ili macOS ra\u010dunalima, kao i s pametnim telefonim.","og_url":"https:\/\/hd-multimedia.com\/sl\/trgovina\/fiio-kb3\/","og_site_name":"hd-multimedia","article_modified_time":"2024-06-06T09:01:08+00:00","og_image":[{"width":1200,"height":1200,"url":"https:\/\/hd-multimedia.com\/hdm_media\/54749_1.jpg","type":"image\/jpeg"}],"twitter_card":"summary_large_image","twitter_misc":{"Est. reading time":"1 minuta"},"schema":{"@context":"https:\/\/schema.org","@graph":[{"@type":"WebPage","@id":"https:\/\/hd-multimedia.com\/trgovina\/fiio-kb3\/","url":"https:\/\/hd-multimedia.com\/trgovina\/fiio-kb3\/","name":"FiiO KB3 - hd-multimedia","isPartOf":{"@id":"https:\/\/hd-multimedia.com\/#website"},"datePublished":"2023-12-13T09:25:08+00:00","dateModified":"2024-06-06T09:01:08+00:00","description":"FiiO KB3 je potpuno funkcionalna mehani\u010dka tipkovnica koja mo\u017ee besprijekorno raditi s Windows ili macOS ra\u010dunalima, kao i s pametnim telefonim.","breadcrumb":{"@id":"https:\/\/hd-multimedia.com\/trgovina\/fiio-kb3\/#breadcrumb"},"inLanguage":"sl-SI","potentialAction":[{"@type":"ReadAction","target":["https:\/\/hd-multimedia.com\/trgovina\/fiio-kb3\/"]}]},{"@type":"BreadcrumbList","@id":"https:\/\/hd-multimedia.com\/trgovina\/fiio-kb3\/#breadcrumb","itemListElement":[{"@type":"ListItem","position":1,"name":"Po\u010detna stranica","item":"https:\/\/hd-multimedia.com\/"},{"@type":"ListItem","position":2,"name":"Trgovina","item":"https:\/\/hd-multimedia.com\/trgovina\/"},{"@type":"ListItem","position":3,"name":"FiiO KB3"}]},{"@type":"WebSite","@id":"https:\/\/hd-multimedia.com\/#website","url":"https:\/\/hd-multimedia.com\/","name":"hd-multimedia","description":"","publisher":{"@id":"https:\/\/hd-multimedia.com\/#organization"},"potentialAction":[{"@type":"SearchAction","target":{"@type":"EntryPoint","urlTemplate":"https:\/\/hd-multimedia.com\/?s={search_term_string}"},"query-input":"required name=search_term_string"}],"inLanguage":"sl-SI"},{"@type":"Organization","@id":"https:\/\/hd-multimedia.com\/#organization","name":"hd-multimedia","url":"https:\/\/hd-multimedia.com\/","logo":{"@type":"ImageObject","inLanguage":"sl-SI","@id":"https:\/\/hd-multimedia.com\/#\/schema\/logo\/image\/","url":"https:\/\/hd-multimedia.com\/hdm_media\/HD-curves-ok-196-56px-alpha-1.png","contentUrl":"https:\/\/hd-multimedia.com\/hdm_media\/HD-curves-ok-196-56px-alpha-1.png","width":196,"height":53,"caption":"hd-multimedia"},"image":{"@id":"https:\/\/hd-multimedia.com\/#\/schema\/logo\/image\/"}}]}},"post_mailing_queue_ids":[],"_links":{"self":[{"href":"https:\/\/hd-multimedia.com\/sl\/wp-json\/wp\/v2\/product\/13549","targetHints":{"allow":["GET"]}}],"collection":[{"href":"https:\/\/hd-multimedia.com\/sl\/wp-json\/wp\/v2\/product"}],"about":[{"href":"https:\/\/hd-multimedia.com\/sl\/wp-json\/wp\/v2\/types\/product"}],"version-history":[{"count":4,"href":"https:\/\/hd-multimedia.com\/sl\/wp-json\/wp\/v2\/product\/13549\/revisions"}],"predecessor-version":[{"id":13555,"href":"https:\/\/hd-multimedia.com\/sl\/wp-json\/wp\/v2\/product\/13549\/revisions\/13555"}],"wp:featuredmedia":[{"embeddable":true,"href":"https:\/\/hd-multimedia.com\/sl\/wp-json\/wp\/v2\/media\/13550"}],"wp:attachment":[{"href":"https:\/\/hd-multimedia.com\/sl\/wp-json\/wp\/v2\/media?parent=13549"}],"curies":[{"name":"wp","href":"https:\/\/api.w.org\/{rel}","templated":true}]}}