{"id":13434,"date":"2023-12-05T08:43:34","date_gmt":"2023-12-05T08:43:34","guid":{"rendered":"https:\/\/hd-multimedia.com\/?post_type=product&#038;p=13434"},"modified":"2024-11-26T10:02:09","modified_gmt":"2024-11-26T10:02:09","slug":"topping-tcx1-25-xlr-xlr-25cm-par-kopiraj","status":"publish","type":"product","link":"https:\/\/hd-multimedia.com\/sl\/trgovina\/topping-tcx1-25-xlr-xlr-25cm-par-kopiraj\/","title":{"rendered":"Topping TCX1-25 (XLR-XLR 25 cm) (par)"},"content":{"rendered":"<p>Topping XLR-XLR interconnect kabel 25cm.<\/p>","protected":false},"excerpt":{"rendered":"<div class=\"flex max-w-full flex-col flex-grow\">\n<div class=\"min-h-[20px] text-message flex w-full flex-col items-end gap-2 whitespace-normal break-words [.text-message+&amp;]:mt-5\" dir=\"auto\" data-message-author-role=\"assistant\" data-message-id=\"89c0f859-519c-4fa8-9fa7-2e7016000139\">\n<div class=\"flex w-full flex-col gap-1 empty:hidden first:pt-[3px]\">\n<div class=\"markdown prose w-full break-words dark:prose-invert dark\">\n<p>Topping XLR-XLR interconnect kabel 75 cm.kabli TCX1 so visokokakovostni XLR mo\u0161ki\/\u017eenski kabli, zasnovani za optimalno zvo\u010dno zmogljivost. Vsebujejo 6N baker in 6N posrebreni baker, ki zagotavlja brezhiben prenos signala. Vsak prevodnik ima pre\u010dni prerez 0,533 mm\u00b2 (19AWG), kar zagotavlja odli\u010dno celovitost signala. Konektorji so pozla\u010deni, da zagotovijo vrhunsko prevodnost in odpornost proti oksidaciji. Vsak kabel je oblo\u017een z elegantnim in robustnim \u010drno-rde\u010dim pletenim najlonskim pla\u0161\u010dem, ki zdru\u017euje stil in vzdr\u017eljivost za zanesljive in visoko zmogljive povezave.<\/p>\n<\/div>\n<\/div>\n<\/div>\n<\/div>\n<div class=\"mt-1 flex gap-3 empty:hidden -ml-2\">\n<div class=\"items-center justify-start rounded-xl p-1 flex\">\n<div class=\"flex items-center\">\n<div class=\"flex\"><\/div>\n<div class=\"flex items-center pb-0\">\n<div class=\"[&amp;_svg]:h-full [&amp;_svg]:w-full icon-md h-4 w-4\"><\/div>\n<\/div>\n<\/div>\n<\/div>\n<\/div>","protected":false},"featured_media":6570,"template":"","meta":{"site-sidebar-layout":"default","site-content-layout":"default","ast-site-content-layout":"default","site-content-style":"default","site-sidebar-style":"default","ast-global-header-display":"","ast-banner-title-visibility":"","ast-main-header-display":"","ast-hfb-above-header-display":"","ast-hfb-below-header-display":"","ast-hfb-mobile-header-display":"","site-post-title":"","ast-breadcrumbs-content":"","ast-featured-img":"","footer-sml-layout":"","theme-transparent-header-meta":"default","adv-header-id-meta":"","stick-header-meta":"default","header-above-stick-meta":"","header-main-stick-meta":"","header-below-stick-meta":"","astra-migrate-meta-layouts":"set","ast-page-background-enabled":"default","ast-page-background-meta":{"desktop":{"background-color":"","background-image":"","background-repeat":"repeat","background-position":"center center","background-size":"auto","background-attachment":"scroll","background-type":"","background-media":"","overlay-type":"","overlay-color":"","overlay-opacity":"","overlay-gradient":""},"tablet":{"background-color":"","background-image":"","background-repeat":"repeat","background-position":"center center","background-size":"auto","background-attachment":"scroll","background-type":"","background-media":"","overlay-type":"","overlay-color":"","overlay-opacity":"","overlay-gradient":""},"mobile":{"background-color":"","background-image":"","background-repeat":"repeat","background-position":"center center","background-size":"auto","background-attachment":"scroll","background-type":"","background-media":"","overlay-type":"","overlay-color":"","overlay-opacity":"","overlay-gradient":""}},"ast-content-background-meta":{"desktop":{"background-color":"var(--ast-global-color-5)","background-image":"","background-repeat":"repeat","background-position":"center center","background-size":"auto","background-attachment":"scroll","background-type":"","background-media":"","overlay-type":"","overlay-color":"","overlay-opacity":"","overlay-gradient":""},"tablet":{"background-color":"var(--ast-global-color-5)","background-image":"","background-repeat":"repeat","background-position":"center center","background-size":"auto","background-attachment":"scroll","background-type":"","background-media":"","overlay-type":"","overlay-color":"","overlay-opacity":"","overlay-gradient":""},"mobile":{"background-color":"var(--ast-global-color-5)","background-image":"","background-repeat":"repeat","background-position":"center center","background-size":"auto","background-attachment":"scroll","background-type":"","background-media":"","overlay-type":"","overlay-color":"","overlay-opacity":"","overlay-gradient":""}}},"class_list":["post-13434","product","type-product","status-publish","has-post-thumbnail","hentry","product_cat-spajajuci-kablovi-interkonekti","product_cat-topping","desktop-align-center","tablet-align-center","mobile-align-center","ast-product-gallery-layout-horizontal","ast-magnify-disabled","ast-product-tabs-layout-horizontal"],"yoast_head":"<!-- This site is optimized with the Yoast SEO plugin v21.4 - https:\/\/yoast.com\/wordpress\/plugins\/seo\/ -->\n<title>Topping TCX1-25 (XLR-XLR 25cm) (par) - hd-multimedia<\/title>\n<meta name=\"description\" content=\"Topping TCX1 kabeli su visokokvalitetni XLR male\/female kabeli dizajnirani za optimalne audio performanse. Sadr\u017ee 6N bakar i 6N bakar presvu\u010den srebrnom.\" \/>\n<meta name=\"robots\" content=\"index, follow, max-snippet:-1, max-image-preview:large, max-video-preview:-1\" \/>\n<link rel=\"canonical\" href=\"https:\/\/hd-multimedia.com\/sl\/trgovina\/topping-tcx1-25-xlr-xlr-25cm-par-kopiraj\/\" \/>\n<meta property=\"og:locale\" content=\"sl_SI\" \/>\n<meta property=\"og:type\" content=\"article\" \/>\n<meta property=\"og:title\" content=\"Topping TCX1-25 (XLR-XLR 25cm) (par) - hd-multimedia\" \/>\n<meta property=\"og:description\" content=\"Topping TCX1 kabeli su visokokvalitetni XLR male\/female kabeli dizajnirani za optimalne audio performanse. Sadr\u017ee 6N bakar i 6N bakar presvu\u010den srebrnom.\" \/>\n<meta property=\"og:url\" content=\"https:\/\/hd-multimedia.com\/sl\/trgovina\/topping-tcx1-25-xlr-xlr-25cm-par-kopiraj\/\" \/>\n<meta property=\"og:site_name\" content=\"hd-multimedia\" \/>\n<meta property=\"article:modified_time\" content=\"2024-11-26T10:02:09+00:00\" \/>\n<meta property=\"og:image\" content=\"https:\/\/hd-multimedia.com\/hdm_media\/h_4116057.jpg\" \/>\n\t<meta property=\"og:image:width\" content=\"480\" \/>\n\t<meta property=\"og:image:height\" content=\"480\" \/>\n\t<meta property=\"og:image:type\" content=\"image\/jpeg\" \/>\n<meta name=\"twitter:card\" content=\"summary_large_image\" \/>\n<meta name=\"twitter:label1\" content=\"Est. reading time\" \/>\n\t<meta name=\"twitter:data1\" content=\"1 minuta\" \/>\n<script type=\"application\/ld+json\" class=\"yoast-schema-graph\">{\"@context\":\"https:\/\/schema.org\",\"@graph\":[{\"@type\":\"WebPage\",\"@id\":\"https:\/\/hd-multimedia.com\/trgovina\/topping-tcx1-25-xlr-xlr-25cm-par-kopiraj\/\",\"url\":\"https:\/\/hd-multimedia.com\/trgovina\/topping-tcx1-25-xlr-xlr-25cm-par-kopiraj\/\",\"name\":\"Topping TCX1-25 (XLR-XLR 25cm) (par) - hd-multimedia\",\"isPartOf\":{\"@id\":\"https:\/\/hd-multimedia.com\/#website\"},\"datePublished\":\"2023-12-05T08:43:34+00:00\",\"dateModified\":\"2024-11-26T10:02:09+00:00\",\"description\":\"Topping TCX1 kabeli su visokokvalitetni XLR male\/female kabeli dizajnirani za optimalne audio performanse. Sadr\u017ee 6N bakar i 6N bakar presvu\u010den srebrnom.\",\"breadcrumb\":{\"@id\":\"https:\/\/hd-multimedia.com\/trgovina\/topping-tcx1-25-xlr-xlr-25cm-par-kopiraj\/#breadcrumb\"},\"inLanguage\":\"sl-SI\",\"potentialAction\":[{\"@type\":\"ReadAction\",\"target\":[\"https:\/\/hd-multimedia.com\/trgovina\/topping-tcx1-25-xlr-xlr-25cm-par-kopiraj\/\"]}]},{\"@type\":\"BreadcrumbList\",\"@id\":\"https:\/\/hd-multimedia.com\/trgovina\/topping-tcx1-25-xlr-xlr-25cm-par-kopiraj\/#breadcrumb\",\"itemListElement\":[{\"@type\":\"ListItem\",\"position\":1,\"name\":\"Po\u010detna stranica\",\"item\":\"https:\/\/hd-multimedia.com\/\"},{\"@type\":\"ListItem\",\"position\":2,\"name\":\"Trgovina\",\"item\":\"https:\/\/hd-multimedia.com\/trgovina\/\"},{\"@type\":\"ListItem\",\"position\":3,\"name\":\"Topping TCX1-25 (XLR-XLR 25cm) (par)\"}]},{\"@type\":\"WebSite\",\"@id\":\"https:\/\/hd-multimedia.com\/#website\",\"url\":\"https:\/\/hd-multimedia.com\/\",\"name\":\"hd-multimedia\",\"description\":\"\",\"publisher\":{\"@id\":\"https:\/\/hd-multimedia.com\/#organization\"},\"potentialAction\":[{\"@type\":\"SearchAction\",\"target\":{\"@type\":\"EntryPoint\",\"urlTemplate\":\"https:\/\/hd-multimedia.com\/?s={search_term_string}\"},\"query-input\":\"required name=search_term_string\"}],\"inLanguage\":\"sl-SI\"},{\"@type\":\"Organization\",\"@id\":\"https:\/\/hd-multimedia.com\/#organization\",\"name\":\"hd-multimedia\",\"url\":\"https:\/\/hd-multimedia.com\/\",\"logo\":{\"@type\":\"ImageObject\",\"inLanguage\":\"sl-SI\",\"@id\":\"https:\/\/hd-multimedia.com\/#\/schema\/logo\/image\/\",\"url\":\"https:\/\/hd-multimedia.com\/hdm_media\/HD-curves-ok-196-56px-alpha-1.png\",\"contentUrl\":\"https:\/\/hd-multimedia.com\/hdm_media\/HD-curves-ok-196-56px-alpha-1.png\",\"width\":196,\"height\":53,\"caption\":\"hd-multimedia\"},\"image\":{\"@id\":\"https:\/\/hd-multimedia.com\/#\/schema\/logo\/image\/\"}}]}<\/script>\n<!-- \/ Yoast SEO plugin. -->","yoast_head_json":{"title":"Topping TCX1-25 (XLR-XLR 25cm) (par) - hd-multimedia","description":"Topping TCX1 kabeli su visokokvalitetni XLR male\/female kabeli dizajnirani za optimalne audio performanse. Sadr\u017ee 6N bakar i 6N bakar presvu\u010den srebrnom.","robots":{"index":"index","follow":"follow","max-snippet":"max-snippet:-1","max-image-preview":"max-image-preview:large","max-video-preview":"max-video-preview:-1"},"canonical":"https:\/\/hd-multimedia.com\/sl\/trgovina\/topping-tcx1-25-xlr-xlr-25cm-par-kopiraj\/","og_locale":"sl_SI","og_type":"article","og_title":"Topping TCX1-25 (XLR-XLR 25cm) (par) - hd-multimedia","og_description":"Topping TCX1 kabeli su visokokvalitetni XLR male\/female kabeli dizajnirani za optimalne audio performanse. Sadr\u017ee 6N bakar i 6N bakar presvu\u010den srebrnom.","og_url":"https:\/\/hd-multimedia.com\/sl\/trgovina\/topping-tcx1-25-xlr-xlr-25cm-par-kopiraj\/","og_site_name":"hd-multimedia","article_modified_time":"2024-11-26T10:02:09+00:00","og_image":[{"width":480,"height":480,"url":"https:\/\/hd-multimedia.com\/hdm_media\/h_4116057.jpg","type":"image\/jpeg"}],"twitter_card":"summary_large_image","twitter_misc":{"Est. reading time":"1 minuta"},"schema":{"@context":"https:\/\/schema.org","@graph":[{"@type":"WebPage","@id":"https:\/\/hd-multimedia.com\/trgovina\/topping-tcx1-25-xlr-xlr-25cm-par-kopiraj\/","url":"https:\/\/hd-multimedia.com\/trgovina\/topping-tcx1-25-xlr-xlr-25cm-par-kopiraj\/","name":"Topping TCX1-25 (XLR-XLR 25cm) (par) - hd-multimedia","isPartOf":{"@id":"https:\/\/hd-multimedia.com\/#website"},"datePublished":"2023-12-05T08:43:34+00:00","dateModified":"2024-11-26T10:02:09+00:00","description":"Topping TCX1 kabeli su visokokvalitetni XLR male\/female kabeli dizajnirani za optimalne audio performanse. Sadr\u017ee 6N bakar i 6N bakar presvu\u010den srebrnom.","breadcrumb":{"@id":"https:\/\/hd-multimedia.com\/trgovina\/topping-tcx1-25-xlr-xlr-25cm-par-kopiraj\/#breadcrumb"},"inLanguage":"sl-SI","potentialAction":[{"@type":"ReadAction","target":["https:\/\/hd-multimedia.com\/trgovina\/topping-tcx1-25-xlr-xlr-25cm-par-kopiraj\/"]}]},{"@type":"BreadcrumbList","@id":"https:\/\/hd-multimedia.com\/trgovina\/topping-tcx1-25-xlr-xlr-25cm-par-kopiraj\/#breadcrumb","itemListElement":[{"@type":"ListItem","position":1,"name":"Po\u010detna stranica","item":"https:\/\/hd-multimedia.com\/"},{"@type":"ListItem","position":2,"name":"Trgovina","item":"https:\/\/hd-multimedia.com\/trgovina\/"},{"@type":"ListItem","position":3,"name":"Topping TCX1-25 (XLR-XLR 25cm) (par)"}]},{"@type":"WebSite","@id":"https:\/\/hd-multimedia.com\/#website","url":"https:\/\/hd-multimedia.com\/","name":"hd-multimedia","description":"","publisher":{"@id":"https:\/\/hd-multimedia.com\/#organization"},"potentialAction":[{"@type":"SearchAction","target":{"@type":"EntryPoint","urlTemplate":"https:\/\/hd-multimedia.com\/?s={search_term_string}"},"query-input":"required name=search_term_string"}],"inLanguage":"sl-SI"},{"@type":"Organization","@id":"https:\/\/hd-multimedia.com\/#organization","name":"hd-multimedia","url":"https:\/\/hd-multimedia.com\/","logo":{"@type":"ImageObject","inLanguage":"sl-SI","@id":"https:\/\/hd-multimedia.com\/#\/schema\/logo\/image\/","url":"https:\/\/hd-multimedia.com\/hdm_media\/HD-curves-ok-196-56px-alpha-1.png","contentUrl":"https:\/\/hd-multimedia.com\/hdm_media\/HD-curves-ok-196-56px-alpha-1.png","width":196,"height":53,"caption":"hd-multimedia"},"image":{"@id":"https:\/\/hd-multimedia.com\/#\/schema\/logo\/image\/"}}]}},"post_mailing_queue_ids":[],"_links":{"self":[{"href":"https:\/\/hd-multimedia.com\/sl\/wp-json\/wp\/v2\/product\/13434","targetHints":{"allow":["GET"]}}],"collection":[{"href":"https:\/\/hd-multimedia.com\/sl\/wp-json\/wp\/v2\/product"}],"about":[{"href":"https:\/\/hd-multimedia.com\/sl\/wp-json\/wp\/v2\/types\/product"}],"version-history":[{"count":3,"href":"https:\/\/hd-multimedia.com\/sl\/wp-json\/wp\/v2\/product\/13434\/revisions"}],"predecessor-version":[{"id":17388,"href":"https:\/\/hd-multimedia.com\/sl\/wp-json\/wp\/v2\/product\/13434\/revisions\/17388"}],"wp:featuredmedia":[{"embeddable":true,"href":"https:\/\/hd-multimedia.com\/sl\/wp-json\/wp\/v2\/media\/6570"}],"wp:attachment":[{"href":"https:\/\/hd-multimedia.com\/sl\/wp-json\/wp\/v2\/media?parent=13434"}],"curies":[{"name":"wp","href":"https:\/\/api.w.org\/{rel}","templated":true}]}}