{"id":12721,"date":"2023-10-13T13:38:30","date_gmt":"2023-10-13T13:38:30","guid":{"rendered":"https:\/\/hd-multimedia.com\/?post_type=product&#038;p=12721"},"modified":"2024-03-20T11:51:10","modified_gmt":"2024-03-20T11:51:10","slug":"topping-la90-discrete","status":"publish","type":"product","link":"https:\/\/hd-multimedia.com\/sl\/trgovina\/topping-la90-discrete\/","title":{"rendered":"Topping LA90 Discrete"},"content":{"rendered":"<p>Specifikacije topping LA90 Discrete:<\/p>\n<p>NFCA diskretno oja\u010devalno vezje visoke mo\u010di.<\/p>\n<p>Mo\u010dna gonilna sila za stereo in mono na\u010din.<\/p>\n<p>Do 120 W izhodne mo\u010di na kanal v stereo na\u010dinu.<\/p>\n<p>Do 220 W izhodne mo\u010di v mono na\u010dinu.<\/p>\n<p>\u010cist zvok z izjemno nizkim popa\u010denjem (&lt;0,0001%).<\/p>\n<p>Visoka zmogljivost SNR (143 dB).<\/p>\n<p>Dvostopenjske nastavitve oja\u010danja.<\/p>\n<p>3 x XLR\/TRS vhodne mo\u017enosti.<\/p>\n<p>Izbirni stereo in mono na\u010dini.<\/p>\n<p>Pre-Amp\/Bypass na\u010din.<\/p>\n<p>CNC obdelana v celoti aluminijasta konstrukcija.<\/p>\n<p>&nbsp;<\/p>","protected":false},"excerpt":{"rendered":"<p>Topping LA90 Discrete je visoko zmogljiv oja\u010devalnik, zasnovan posebej s komponentami vrhunske kakovosti za vrhunske sisteme zvo\u010dnikov. LA90 Discrete ima posebno NFCA oja\u010devalno vezje in je primeren za zahtevne zvo\u010dni\u0161ke sisteme. Lahko se enostavno uporablja v stereo in mono na\u010dinu z visoko izhodno mo\u010djo v obeh na\u010dinih. Topping LA90 Discrete ima 2-stopenjske nastavitve oja\u010danja, ki obljubljajo do 120 W na kanal v stereo na\u010dinu in do 220 W v mono na\u010dinu. S pomo\u010djo natan\u010dno zasnovanega vezja NFCA zagotavlja Topping LA90 Discrete \u010disto mo\u010d z izjemno nizkim popa\u010denjem in visoko zmogljivostjo SNR. Topping LA90 Discrete je vodilni izdelek, idealen za izjemne zvo\u010dne zmogljivosti v verigi zvo\u010dnikov.<\/p>\n<p><a href=\"https:\/\/www.tpdz.net\/productinfo\/986242.html\" target=\"_blank\" rel=\"noopener\">Povezava za dodatne informacije o specifikacijah!<\/a><\/p>","protected":false},"featured_media":12722,"template":"","meta":{"site-sidebar-layout":"default","site-content-layout":"default","ast-site-content-layout":"default","site-content-style":"default","site-sidebar-style":"default","ast-global-header-display":"","ast-banner-title-visibility":"","ast-main-header-display":"","ast-hfb-above-header-display":"","ast-hfb-below-header-display":"","ast-hfb-mobile-header-display":"","site-post-title":"","ast-breadcrumbs-content":"","ast-featured-img":"","footer-sml-layout":"","theme-transparent-header-meta":"default","adv-header-id-meta":"","stick-header-meta":"default","header-above-stick-meta":"","header-main-stick-meta":"","header-below-stick-meta":"","astra-migrate-meta-layouts":"set","ast-page-background-enabled":"default","ast-page-background-meta":{"desktop":{"background-color":"","background-image":"","background-repeat":"repeat","background-position":"center center","background-size":"auto","background-attachment":"scroll","background-type":"","background-media":"","overlay-type":"","overlay-color":"","overlay-opacity":"","overlay-gradient":""},"tablet":{"background-color":"","background-image":"","background-repeat":"repeat","background-position":"center center","background-size":"auto","background-attachment":"scroll","background-type":"","background-media":"","overlay-type":"","overlay-color":"","overlay-opacity":"","overlay-gradient":""},"mobile":{"background-color":"","background-image":"","background-repeat":"repeat","background-position":"center center","background-size":"auto","background-attachment":"scroll","background-type":"","background-media":"","overlay-type":"","overlay-color":"","overlay-opacity":"","overlay-gradient":""}},"ast-content-background-meta":{"desktop":{"background-color":"var(--ast-global-color-5)","background-image":"","background-repeat":"repeat","background-position":"center center","background-size":"auto","background-attachment":"scroll","background-type":"","background-media":"","overlay-type":"","overlay-color":"","overlay-opacity":"","overlay-gradient":""},"tablet":{"background-color":"var(--ast-global-color-5)","background-image":"","background-repeat":"repeat","background-position":"center center","background-size":"auto","background-attachment":"scroll","background-type":"","background-media":"","overlay-type":"","overlay-color":"","overlay-opacity":"","overlay-gradient":""},"mobile":{"background-color":"var(--ast-global-color-5)","background-image":"","background-repeat":"repeat","background-position":"center center","background-size":"auto","background-attachment":"scroll","background-type":"","background-media":"","overlay-type":"","overlay-color":"","overlay-opacity":"","overlay-gradient":""}}},"class_list":["post-12721","product","type-product","status-publish","has-post-thumbnail","hentry","product_cat-pojacala-snage","product_cat-topping","desktop-align-center","tablet-align-center","mobile-align-center","ast-product-gallery-layout-horizontal","ast-magnify-disabled","ast-product-tabs-layout-horizontal"],"yoast_head":"<!-- This site is optimized with the Yoast SEO plugin v21.4 - https:\/\/yoast.com\/wordpress\/plugins\/seo\/ -->\n<title>Topping LA90 Discrete - hd-multimedia<\/title>\n<meta name=\"description\" content=\"Topping LA90 Discrete je poja\u010dalo velike snage dizajnirano posebno s komponentama vrhunske kvalitete za premium sustave zvu\u010dnika.\" \/>\n<meta name=\"robots\" content=\"index, follow, max-snippet:-1, max-image-preview:large, max-video-preview:-1\" \/>\n<link rel=\"canonical\" href=\"https:\/\/hd-multimedia.com\/sl\/trgovina\/topping-la90-discrete\/\" \/>\n<meta property=\"og:locale\" content=\"sl_SI\" \/>\n<meta property=\"og:type\" content=\"article\" \/>\n<meta property=\"og:title\" content=\"Topping LA90 Discrete - hd-multimedia\" \/>\n<meta property=\"og:description\" content=\"Topping LA90 Discrete je poja\u010dalo velike snage dizajnirano posebno s komponentama vrhunske kvalitete za premium sustave zvu\u010dnika.\" \/>\n<meta property=\"og:url\" content=\"https:\/\/hd-multimedia.com\/sl\/trgovina\/topping-la90-discrete\/\" \/>\n<meta property=\"og:site_name\" content=\"hd-multimedia\" \/>\n<meta property=\"article:modified_time\" content=\"2024-03-20T11:51:10+00:00\" \/>\n<meta property=\"og:image\" content=\"https:\/\/hd-multimedia.com\/hdm_media\/topping-LA90-Discrete.jpg\" \/>\n\t<meta property=\"og:image:width\" content=\"800\" \/>\n\t<meta property=\"og:image:height\" content=\"800\" \/>\n\t<meta property=\"og:image:type\" content=\"image\/jpeg\" \/>\n<meta name=\"twitter:card\" content=\"summary_large_image\" \/>\n<meta name=\"twitter:label1\" content=\"Est. reading time\" \/>\n\t<meta name=\"twitter:data1\" content=\"1 minuta\" \/>\n<script type=\"application\/ld+json\" class=\"yoast-schema-graph\">{\"@context\":\"https:\/\/schema.org\",\"@graph\":[{\"@type\":\"WebPage\",\"@id\":\"https:\/\/hd-multimedia.com\/trgovina\/topping-la90-discrete\/\",\"url\":\"https:\/\/hd-multimedia.com\/trgovina\/topping-la90-discrete\/\",\"name\":\"Topping LA90 Discrete - hd-multimedia\",\"isPartOf\":{\"@id\":\"https:\/\/hd-multimedia.com\/#website\"},\"datePublished\":\"2023-10-13T13:38:30+00:00\",\"dateModified\":\"2024-03-20T11:51:10+00:00\",\"description\":\"Topping LA90 Discrete je poja\u010dalo velike snage dizajnirano posebno s komponentama vrhunske kvalitete za premium sustave zvu\u010dnika.\",\"breadcrumb\":{\"@id\":\"https:\/\/hd-multimedia.com\/trgovina\/topping-la90-discrete\/#breadcrumb\"},\"inLanguage\":\"sl-SI\",\"potentialAction\":[{\"@type\":\"ReadAction\",\"target\":[\"https:\/\/hd-multimedia.com\/trgovina\/topping-la90-discrete\/\"]}]},{\"@type\":\"BreadcrumbList\",\"@id\":\"https:\/\/hd-multimedia.com\/trgovina\/topping-la90-discrete\/#breadcrumb\",\"itemListElement\":[{\"@type\":\"ListItem\",\"position\":1,\"name\":\"Po\u010detna stranica\",\"item\":\"https:\/\/hd-multimedia.com\/\"},{\"@type\":\"ListItem\",\"position\":2,\"name\":\"Trgovina\",\"item\":\"https:\/\/hd-multimedia.com\/trgovina\/\"},{\"@type\":\"ListItem\",\"position\":3,\"name\":\"Topping LA90 Discrete\"}]},{\"@type\":\"WebSite\",\"@id\":\"https:\/\/hd-multimedia.com\/#website\",\"url\":\"https:\/\/hd-multimedia.com\/\",\"name\":\"hd-multimedia\",\"description\":\"\",\"publisher\":{\"@id\":\"https:\/\/hd-multimedia.com\/#organization\"},\"potentialAction\":[{\"@type\":\"SearchAction\",\"target\":{\"@type\":\"EntryPoint\",\"urlTemplate\":\"https:\/\/hd-multimedia.com\/?s={search_term_string}\"},\"query-input\":\"required name=search_term_string\"}],\"inLanguage\":\"sl-SI\"},{\"@type\":\"Organization\",\"@id\":\"https:\/\/hd-multimedia.com\/#organization\",\"name\":\"hd-multimedia\",\"url\":\"https:\/\/hd-multimedia.com\/\",\"logo\":{\"@type\":\"ImageObject\",\"inLanguage\":\"sl-SI\",\"@id\":\"https:\/\/hd-multimedia.com\/#\/schema\/logo\/image\/\",\"url\":\"https:\/\/hd-multimedia.com\/hdm_media\/HD-curves-ok-196-56px-alpha-1.png\",\"contentUrl\":\"https:\/\/hd-multimedia.com\/hdm_media\/HD-curves-ok-196-56px-alpha-1.png\",\"width\":196,\"height\":53,\"caption\":\"hd-multimedia\"},\"image\":{\"@id\":\"https:\/\/hd-multimedia.com\/#\/schema\/logo\/image\/\"}}]}<\/script>\n<!-- \/ Yoast SEO plugin. -->","yoast_head_json":{"title":"Topping LA90 Discrete - hd-multimedia","description":"Topping LA90 Discrete je poja\u010dalo velike snage dizajnirano posebno s komponentama vrhunske kvalitete za premium sustave zvu\u010dnika.","robots":{"index":"index","follow":"follow","max-snippet":"max-snippet:-1","max-image-preview":"max-image-preview:large","max-video-preview":"max-video-preview:-1"},"canonical":"https:\/\/hd-multimedia.com\/sl\/trgovina\/topping-la90-discrete\/","og_locale":"sl_SI","og_type":"article","og_title":"Topping LA90 Discrete - hd-multimedia","og_description":"Topping LA90 Discrete je poja\u010dalo velike snage dizajnirano posebno s komponentama vrhunske kvalitete za premium sustave zvu\u010dnika.","og_url":"https:\/\/hd-multimedia.com\/sl\/trgovina\/topping-la90-discrete\/","og_site_name":"hd-multimedia","article_modified_time":"2024-03-20T11:51:10+00:00","og_image":[{"width":800,"height":800,"url":"https:\/\/hd-multimedia.com\/hdm_media\/topping-LA90-Discrete.jpg","type":"image\/jpeg"}],"twitter_card":"summary_large_image","twitter_misc":{"Est. reading time":"1 minuta"},"schema":{"@context":"https:\/\/schema.org","@graph":[{"@type":"WebPage","@id":"https:\/\/hd-multimedia.com\/trgovina\/topping-la90-discrete\/","url":"https:\/\/hd-multimedia.com\/trgovina\/topping-la90-discrete\/","name":"Topping LA90 Discrete - hd-multimedia","isPartOf":{"@id":"https:\/\/hd-multimedia.com\/#website"},"datePublished":"2023-10-13T13:38:30+00:00","dateModified":"2024-03-20T11:51:10+00:00","description":"Topping LA90 Discrete je poja\u010dalo velike snage dizajnirano posebno s komponentama vrhunske kvalitete za premium sustave zvu\u010dnika.","breadcrumb":{"@id":"https:\/\/hd-multimedia.com\/trgovina\/topping-la90-discrete\/#breadcrumb"},"inLanguage":"sl-SI","potentialAction":[{"@type":"ReadAction","target":["https:\/\/hd-multimedia.com\/trgovina\/topping-la90-discrete\/"]}]},{"@type":"BreadcrumbList","@id":"https:\/\/hd-multimedia.com\/trgovina\/topping-la90-discrete\/#breadcrumb","itemListElement":[{"@type":"ListItem","position":1,"name":"Po\u010detna stranica","item":"https:\/\/hd-multimedia.com\/"},{"@type":"ListItem","position":2,"name":"Trgovina","item":"https:\/\/hd-multimedia.com\/trgovina\/"},{"@type":"ListItem","position":3,"name":"Topping LA90 Discrete"}]},{"@type":"WebSite","@id":"https:\/\/hd-multimedia.com\/#website","url":"https:\/\/hd-multimedia.com\/","name":"hd-multimedia","description":"","publisher":{"@id":"https:\/\/hd-multimedia.com\/#organization"},"potentialAction":[{"@type":"SearchAction","target":{"@type":"EntryPoint","urlTemplate":"https:\/\/hd-multimedia.com\/?s={search_term_string}"},"query-input":"required name=search_term_string"}],"inLanguage":"sl-SI"},{"@type":"Organization","@id":"https:\/\/hd-multimedia.com\/#organization","name":"hd-multimedia","url":"https:\/\/hd-multimedia.com\/","logo":{"@type":"ImageObject","inLanguage":"sl-SI","@id":"https:\/\/hd-multimedia.com\/#\/schema\/logo\/image\/","url":"https:\/\/hd-multimedia.com\/hdm_media\/HD-curves-ok-196-56px-alpha-1.png","contentUrl":"https:\/\/hd-multimedia.com\/hdm_media\/HD-curves-ok-196-56px-alpha-1.png","width":196,"height":53,"caption":"hd-multimedia"},"image":{"@id":"https:\/\/hd-multimedia.com\/#\/schema\/logo\/image\/"}}]}},"post_mailing_queue_ids":[],"_links":{"self":[{"href":"https:\/\/hd-multimedia.com\/sl\/wp-json\/wp\/v2\/product\/12721","targetHints":{"allow":["GET"]}}],"collection":[{"href":"https:\/\/hd-multimedia.com\/sl\/wp-json\/wp\/v2\/product"}],"about":[{"href":"https:\/\/hd-multimedia.com\/sl\/wp-json\/wp\/v2\/types\/product"}],"version-history":[{"count":1,"href":"https:\/\/hd-multimedia.com\/sl\/wp-json\/wp\/v2\/product\/12721\/revisions"}],"predecessor-version":[{"id":12723,"href":"https:\/\/hd-multimedia.com\/sl\/wp-json\/wp\/v2\/product\/12721\/revisions\/12723"}],"wp:featuredmedia":[{"embeddable":true,"href":"https:\/\/hd-multimedia.com\/sl\/wp-json\/wp\/v2\/media\/12722"}],"wp:attachment":[{"href":"https:\/\/hd-multimedia.com\/sl\/wp-json\/wp\/v2\/media?parent=12721"}],"curies":[{"name":"wp","href":"https:\/\/api.w.org\/{rel}","templated":true}]}}