{"id":12719,"date":"2023-10-13T12:33:34","date_gmt":"2023-10-13T12:33:34","guid":{"rendered":"https:\/\/hd-multimedia.com\/?post_type=product&#038;p=12719"},"modified":"2023-10-13T12:33:35","modified_gmt":"2023-10-13T12:33:35","slug":"elac-varro-rs700","status":"publish","type":"product","link":"https:\/\/hd-multimedia.com\/sl\/trgovina\/elac-varro-rs700\/","title":{"rendered":"Elac Varro RS700"},"content":{"rendered":"<p>Elac Varro RS700 je zaprt 12-pal\u010dni HEX prostorski nizkotonec<\/p>\n<p>Frekven\u010dni odziv 17 Hz\u2014150 Hz (nezvo\u010dno) 14 Hz\u2014150 Hz (v sobi)<\/p>\n<p>Najvi\u0161ja izhodna raven, SPL dB\/1m anechoic 111dB<\/p>\n<p>Nizkoprepustna kretnica 40Hz do 150Hz<\/p>\n<p>Mo\u010d oja\u010devalnika 700\/1400 W<\/p>\n<p>RCA linijski nivo, vhodi za nivo zvo\u010dnikov<\/p>\n<p>Mere konice (V x \u0160 x G) 437 mm x 416 mm x 418 mm<\/p>\n<p>Neto te\u017ea 25,3 kg<\/p>","protected":false},"excerpt":{"rendered":"<p>Vrhunski nizkotonski zvo\u010dniki Elac Varro RS700: Najbolj\u0161a zmogljivost se za\u010dne z dizajnom!<\/p>\n<p>Ta zmogljiva serija globokotonskih zvo\u010dnikov ima napredno zasnovo 2-Layer High Excursion (HEX), ki zagotavlja dinami\u010den nizkofrekven\u010dni odziv in zvok, ki napolni prostor. Visokokakovostna oja\u010devalna tehnologija zagotavlja neverjetno mo\u010d s \u010distostjo zvoka profesionalne ravni, tako da dobite vsak udarec z najve\u010djim u\u010dinkom. Ta nizkotonec, izdelan iz skrbno izbranih materialov, je zasnovan za izjemno kakovost zvoka in odli\u010dno vzdr\u017eljivost. Zaradi elegantnega in modernega dizajna je lep dodatek za vsak dom. Pripravite se na do\u017eivetje glasbe in filmov kot \u0161e nikoli prej!<\/p>\n<p><a href=\"https:\/\/www.elac.com\/series\/varro\/reference\/rs700-12-subwoofer\/\" target=\"_blank\" rel=\"noopener\">Povezava za dodatne informacije o specifikacijah!<\/a><\/p>","protected":false},"featured_media":12674,"template":"","meta":{"site-sidebar-layout":"default","site-content-layout":"default","ast-site-content-layout":"","site-content-style":"default","site-sidebar-style":"default","ast-global-header-display":"","ast-banner-title-visibility":"","ast-main-header-display":"","ast-hfb-above-header-display":"","ast-hfb-below-header-display":"","ast-hfb-mobile-header-display":"","site-post-title":"","ast-breadcrumbs-content":"","ast-featured-img":"","footer-sml-layout":"","theme-transparent-header-meta":"default","adv-header-id-meta":"","stick-header-meta":"default","header-above-stick-meta":"","header-main-stick-meta":"","header-below-stick-meta":"","astra-migrate-meta-layouts":"default","ast-page-background-enabled":"default","ast-page-background-meta":{"desktop":{"background-color":"","background-image":"","background-repeat":"repeat","background-position":"center center","background-size":"auto","background-attachment":"scroll","background-type":"","background-media":"","overlay-type":"","overlay-color":"","overlay-opacity":"","overlay-gradient":""},"tablet":{"background-color":"","background-image":"","background-repeat":"repeat","background-position":"center center","background-size":"auto","background-attachment":"scroll","background-type":"","background-media":"","overlay-type":"","overlay-color":"","overlay-opacity":"","overlay-gradient":""},"mobile":{"background-color":"","background-image":"","background-repeat":"repeat","background-position":"center center","background-size":"auto","background-attachment":"scroll","background-type":"","background-media":"","overlay-type":"","overlay-color":"","overlay-opacity":"","overlay-gradient":""}},"ast-content-background-meta":{"desktop":{"background-color":"var(--ast-global-color-5)","background-image":"","background-repeat":"repeat","background-position":"center center","background-size":"auto","background-attachment":"scroll","background-type":"","background-media":"","overlay-type":"","overlay-color":"","overlay-opacity":"","overlay-gradient":""},"tablet":{"background-color":"var(--ast-global-color-5)","background-image":"","background-repeat":"repeat","background-position":"center center","background-size":"auto","background-attachment":"scroll","background-type":"","background-media":"","overlay-type":"","overlay-color":"","overlay-opacity":"","overlay-gradient":""},"mobile":{"background-color":"var(--ast-global-color-5)","background-image":"","background-repeat":"repeat","background-position":"center center","background-size":"auto","background-attachment":"scroll","background-type":"","background-media":"","overlay-type":"","overlay-color":"","overlay-opacity":"","overlay-gradient":""}}},"class_list":["post-12719","product","type-product","status-publish","has-post-thumbnail","hentry","product_cat-subwoofer-home-theater","product_cat-elac","desktop-align-center","tablet-align-center","mobile-align-center","ast-product-gallery-layout-horizontal","ast-magnify-disabled","ast-product-tabs-layout-horizontal"],"yoast_head":"<!-- This site is optimized with the Yoast SEO plugin v21.4 - https:\/\/yoast.com\/wordpress\/plugins\/seo\/ -->\n<title>Elac Varro RS700 - hd-multimedia<\/title>\n<meta name=\"description\" content=\"Elac Varro RS700 Elac Varro RS700 premium subwooferi: Najbolje performanse po\u010dinju s dizajnom! Pripremite se za do\u017eivljaj glazbe i filmova kao nikada prije!\" \/>\n<meta name=\"robots\" content=\"index, follow, max-snippet:-1, max-image-preview:large, max-video-preview:-1\" \/>\n<link rel=\"canonical\" href=\"https:\/\/hd-multimedia.com\/sl\/trgovina\/elac-varro-rs700\/\" \/>\n<meta property=\"og:locale\" content=\"sl_SI\" \/>\n<meta property=\"og:type\" content=\"article\" \/>\n<meta property=\"og:title\" content=\"Elac Varro RS700 - hd-multimedia\" \/>\n<meta property=\"og:description\" content=\"Elac Varro RS700 Elac Varro RS700 premium subwooferi: Najbolje performanse po\u010dinju s dizajnom! Pripremite se za do\u017eivljaj glazbe i filmova kao nikada prije!\" \/>\n<meta property=\"og:url\" content=\"https:\/\/hd-multimedia.com\/sl\/trgovina\/elac-varro-rs700\/\" \/>\n<meta property=\"og:site_name\" content=\"hd-multimedia\" \/>\n<meta property=\"article:modified_time\" content=\"2023-10-13T12:33:35+00:00\" \/>\n<meta property=\"og:image\" content=\"https:\/\/hd-multimedia.com\/hdm_media\/Elac-Varro-RS700-1.png\" \/>\n\t<meta property=\"og:image:width\" content=\"1080\" \/>\n\t<meta property=\"og:image:height\" content=\"1080\" \/>\n\t<meta property=\"og:image:type\" content=\"image\/png\" \/>\n<meta name=\"twitter:card\" content=\"summary_large_image\" \/>\n<meta name=\"twitter:label1\" content=\"Est. reading time\" \/>\n\t<meta name=\"twitter:data1\" content=\"1 minuta\" \/>\n<script type=\"application\/ld+json\" class=\"yoast-schema-graph\">{\"@context\":\"https:\/\/schema.org\",\"@graph\":[{\"@type\":\"WebPage\",\"@id\":\"https:\/\/hd-multimedia.com\/trgovina\/elac-varro-rs700\/\",\"url\":\"https:\/\/hd-multimedia.com\/trgovina\/elac-varro-rs700\/\",\"name\":\"Elac Varro RS700 - hd-multimedia\",\"isPartOf\":{\"@id\":\"https:\/\/hd-multimedia.com\/#website\"},\"datePublished\":\"2023-10-13T12:33:34+00:00\",\"dateModified\":\"2023-10-13T12:33:35+00:00\",\"description\":\"Elac Varro RS700 Elac Varro RS700 premium subwooferi: Najbolje performanse po\u010dinju s dizajnom! Pripremite se za do\u017eivljaj glazbe i filmova kao nikada prije!\",\"breadcrumb\":{\"@id\":\"https:\/\/hd-multimedia.com\/trgovina\/elac-varro-rs700\/#breadcrumb\"},\"inLanguage\":\"sl-SI\",\"potentialAction\":[{\"@type\":\"ReadAction\",\"target\":[\"https:\/\/hd-multimedia.com\/trgovina\/elac-varro-rs700\/\"]}]},{\"@type\":\"BreadcrumbList\",\"@id\":\"https:\/\/hd-multimedia.com\/trgovina\/elac-varro-rs700\/#breadcrumb\",\"itemListElement\":[{\"@type\":\"ListItem\",\"position\":1,\"name\":\"Po\u010detna stranica\",\"item\":\"https:\/\/hd-multimedia.com\/\"},{\"@type\":\"ListItem\",\"position\":2,\"name\":\"Trgovina\",\"item\":\"https:\/\/hd-multimedia.com\/trgovina\/\"},{\"@type\":\"ListItem\",\"position\":3,\"name\":\"Elac Varro RS700\"}]},{\"@type\":\"WebSite\",\"@id\":\"https:\/\/hd-multimedia.com\/#website\",\"url\":\"https:\/\/hd-multimedia.com\/\",\"name\":\"hd-multimedia\",\"description\":\"\",\"publisher\":{\"@id\":\"https:\/\/hd-multimedia.com\/#organization\"},\"potentialAction\":[{\"@type\":\"SearchAction\",\"target\":{\"@type\":\"EntryPoint\",\"urlTemplate\":\"https:\/\/hd-multimedia.com\/?s={search_term_string}\"},\"query-input\":\"required name=search_term_string\"}],\"inLanguage\":\"sl-SI\"},{\"@type\":\"Organization\",\"@id\":\"https:\/\/hd-multimedia.com\/#organization\",\"name\":\"hd-multimedia\",\"url\":\"https:\/\/hd-multimedia.com\/\",\"logo\":{\"@type\":\"ImageObject\",\"inLanguage\":\"sl-SI\",\"@id\":\"https:\/\/hd-multimedia.com\/#\/schema\/logo\/image\/\",\"url\":\"https:\/\/hd-multimedia.com\/hdm_media\/HD-curves-ok-196-56px-alpha-1.png\",\"contentUrl\":\"https:\/\/hd-multimedia.com\/hdm_media\/HD-curves-ok-196-56px-alpha-1.png\",\"width\":196,\"height\":53,\"caption\":\"hd-multimedia\"},\"image\":{\"@id\":\"https:\/\/hd-multimedia.com\/#\/schema\/logo\/image\/\"}}]}<\/script>\n<!-- \/ Yoast SEO plugin. -->","yoast_head_json":{"title":"Elac Varro RS700 - hd-multimedia","description":"Elac Varro RS700 Elac Varro RS700 premium subwooferi: Najbolje performanse po\u010dinju s dizajnom! Pripremite se za do\u017eivljaj glazbe i filmova kao nikada prije!","robots":{"index":"index","follow":"follow","max-snippet":"max-snippet:-1","max-image-preview":"max-image-preview:large","max-video-preview":"max-video-preview:-1"},"canonical":"https:\/\/hd-multimedia.com\/sl\/trgovina\/elac-varro-rs700\/","og_locale":"sl_SI","og_type":"article","og_title":"Elac Varro RS700 - hd-multimedia","og_description":"Elac Varro RS700 Elac Varro RS700 premium subwooferi: Najbolje performanse po\u010dinju s dizajnom! Pripremite se za do\u017eivljaj glazbe i filmova kao nikada prije!","og_url":"https:\/\/hd-multimedia.com\/sl\/trgovina\/elac-varro-rs700\/","og_site_name":"hd-multimedia","article_modified_time":"2023-10-13T12:33:35+00:00","og_image":[{"width":1080,"height":1080,"url":"https:\/\/hd-multimedia.com\/hdm_media\/Elac-Varro-RS700-1.png","type":"image\/png"}],"twitter_card":"summary_large_image","twitter_misc":{"Est. reading time":"1 minuta"},"schema":{"@context":"https:\/\/schema.org","@graph":[{"@type":"WebPage","@id":"https:\/\/hd-multimedia.com\/trgovina\/elac-varro-rs700\/","url":"https:\/\/hd-multimedia.com\/trgovina\/elac-varro-rs700\/","name":"Elac Varro RS700 - hd-multimedia","isPartOf":{"@id":"https:\/\/hd-multimedia.com\/#website"},"datePublished":"2023-10-13T12:33:34+00:00","dateModified":"2023-10-13T12:33:35+00:00","description":"Elac Varro RS700 Elac Varro RS700 premium subwooferi: Najbolje performanse po\u010dinju s dizajnom! Pripremite se za do\u017eivljaj glazbe i filmova kao nikada prije!","breadcrumb":{"@id":"https:\/\/hd-multimedia.com\/trgovina\/elac-varro-rs700\/#breadcrumb"},"inLanguage":"sl-SI","potentialAction":[{"@type":"ReadAction","target":["https:\/\/hd-multimedia.com\/trgovina\/elac-varro-rs700\/"]}]},{"@type":"BreadcrumbList","@id":"https:\/\/hd-multimedia.com\/trgovina\/elac-varro-rs700\/#breadcrumb","itemListElement":[{"@type":"ListItem","position":1,"name":"Po\u010detna stranica","item":"https:\/\/hd-multimedia.com\/"},{"@type":"ListItem","position":2,"name":"Trgovina","item":"https:\/\/hd-multimedia.com\/trgovina\/"},{"@type":"ListItem","position":3,"name":"Elac Varro RS700"}]},{"@type":"WebSite","@id":"https:\/\/hd-multimedia.com\/#website","url":"https:\/\/hd-multimedia.com\/","name":"hd-multimedia","description":"","publisher":{"@id":"https:\/\/hd-multimedia.com\/#organization"},"potentialAction":[{"@type":"SearchAction","target":{"@type":"EntryPoint","urlTemplate":"https:\/\/hd-multimedia.com\/?s={search_term_string}"},"query-input":"required name=search_term_string"}],"inLanguage":"sl-SI"},{"@type":"Organization","@id":"https:\/\/hd-multimedia.com\/#organization","name":"hd-multimedia","url":"https:\/\/hd-multimedia.com\/","logo":{"@type":"ImageObject","inLanguage":"sl-SI","@id":"https:\/\/hd-multimedia.com\/#\/schema\/logo\/image\/","url":"https:\/\/hd-multimedia.com\/hdm_media\/HD-curves-ok-196-56px-alpha-1.png","contentUrl":"https:\/\/hd-multimedia.com\/hdm_media\/HD-curves-ok-196-56px-alpha-1.png","width":196,"height":53,"caption":"hd-multimedia"},"image":{"@id":"https:\/\/hd-multimedia.com\/#\/schema\/logo\/image\/"}}]}},"post_mailing_queue_ids":[],"_links":{"self":[{"href":"https:\/\/hd-multimedia.com\/sl\/wp-json\/wp\/v2\/product\/12719","targetHints":{"allow":["GET"]}}],"collection":[{"href":"https:\/\/hd-multimedia.com\/sl\/wp-json\/wp\/v2\/product"}],"about":[{"href":"https:\/\/hd-multimedia.com\/sl\/wp-json\/wp\/v2\/types\/product"}],"version-history":[{"count":1,"href":"https:\/\/hd-multimedia.com\/sl\/wp-json\/wp\/v2\/product\/12719\/revisions"}],"predecessor-version":[{"id":12720,"href":"https:\/\/hd-multimedia.com\/sl\/wp-json\/wp\/v2\/product\/12719\/revisions\/12720"}],"wp:featuredmedia":[{"embeddable":true,"href":"https:\/\/hd-multimedia.com\/sl\/wp-json\/wp\/v2\/media\/12674"}],"wp:attachment":[{"href":"https:\/\/hd-multimedia.com\/sl\/wp-json\/wp\/v2\/media?parent=12719"}],"curies":[{"name":"wp","href":"https:\/\/api.w.org\/{rel}","templated":true}]}}