{"id":12339,"date":"2023-09-08T10:11:10","date_gmt":"2023-09-08T10:11:10","guid":{"rendered":"https:\/\/hd-multimedia.com\/?post_type=product&#038;p=12339"},"modified":"2025-08-17T22:05:55","modified_gmt":"2025-08-17T22:05:55","slug":"fiio-fd11","status":"publish","type":"product","link":"https:\/\/hd-multimedia.com\/sl\/trgovina\/fiio-fd11\/","title":{"rendered":"FiiO FD11"},"content":{"rendered":"<p>FiiO FD11 je opremljen z visokokakovostnim kablom. To je 4-\u017eilna bakrena \u017eica brez kisika visoke \u010distosti s 120 \u017eicami na vsakem pramenu. Visokokakovosten bakreni material brez kisika mo\u010dno izbolj\u0161a delovanje z zagotavljanjem gladkega prenosa signala in nizkega notranjega upora.<\/p>\n<p>Specifikacije FiiO FD11:<\/p>\n<p>Impedanca: 24\u03a9@1kHz.<\/p>\n<p>Ob\u010dutljivost: 111dB\/mW.<\/p>\n<p>Frekven\u010dni odziv: 20Hz-20kHz.<\/p>\n<p>Tip konektorja: 0,78 mm 2-polni.<\/p>\n<p>Kon\u010dni vti\u010d: 3,5 mm pozla\u010den bakren vti\u010d.<\/p>","protected":false},"excerpt":{"rendered":"<p>FiiO FD11 je IEM z dvojnimi 10 mm dinami\u010dnimi gonilniki, ki uporablja visokokakovostno membrano na osnovi ogljika za ustvarjanje impresivnega zvoka z uravnote\u017eenim frekven\u010dnim odzivom. Dobite impresivne nizke tone, jasne srednje tone in gladek, podroben odziv visokih tonov. FiiO FD11 ima inovativno akusti\u010dno cev v obliki \u010drke C, ki dvigne kakovost zvoka tega para!! Do\u017eivite bogate barve in \u010dudovit zvok s povsem novim FiiO FD11!<\/p>\n<p><a href=\"https:\/\/www.fiio.com\/fd11\" target=\"_blank\" rel=\"noopener\">Povezava za dodatne informacije o specifikacijah!<\/a><\/p>","protected":false},"featured_media":12344,"template":"","meta":{"site-sidebar-layout":"default","site-content-layout":"default","ast-site-content-layout":"default","site-content-style":"default","site-sidebar-style":"default","ast-global-header-display":"","ast-banner-title-visibility":"","ast-main-header-display":"","ast-hfb-above-header-display":"","ast-hfb-below-header-display":"","ast-hfb-mobile-header-display":"","site-post-title":"","ast-breadcrumbs-content":"","ast-featured-img":"","footer-sml-layout":"","theme-transparent-header-meta":"default","adv-header-id-meta":"","stick-header-meta":"default","header-above-stick-meta":"","header-main-stick-meta":"","header-below-stick-meta":"","astra-migrate-meta-layouts":"set","ast-page-background-enabled":"default","ast-page-background-meta":{"desktop":{"background-color":"","background-image":"","background-repeat":"repeat","background-position":"center center","background-size":"auto","background-attachment":"scroll","background-type":"","background-media":"","overlay-type":"","overlay-color":"","overlay-opacity":"","overlay-gradient":""},"tablet":{"background-color":"","background-image":"","background-repeat":"repeat","background-position":"center center","background-size":"auto","background-attachment":"scroll","background-type":"","background-media":"","overlay-type":"","overlay-color":"","overlay-opacity":"","overlay-gradient":""},"mobile":{"background-color":"","background-image":"","background-repeat":"repeat","background-position":"center center","background-size":"auto","background-attachment":"scroll","background-type":"","background-media":"","overlay-type":"","overlay-color":"","overlay-opacity":"","overlay-gradient":""}},"ast-content-background-meta":{"desktop":{"background-color":"var(--ast-global-color-5)","background-image":"","background-repeat":"repeat","background-position":"center center","background-size":"auto","background-attachment":"scroll","background-type":"","background-media":"","overlay-type":"","overlay-color":"","overlay-opacity":"","overlay-gradient":""},"tablet":{"background-color":"var(--ast-global-color-5)","background-image":"","background-repeat":"repeat","background-position":"center center","background-size":"auto","background-attachment":"scroll","background-type":"","background-media":"","overlay-type":"","overlay-color":"","overlay-opacity":"","overlay-gradient":""},"mobile":{"background-color":"var(--ast-global-color-5)","background-image":"","background-repeat":"repeat","background-position":"center center","background-size":"auto","background-attachment":"scroll","background-type":"","background-media":"","overlay-type":"","overlay-color":"","overlay-opacity":"","overlay-gradient":""}}},"class_list":["post-12339","product","type-product","status-publish","has-post-thumbnail","hentry","product_cat-usne-slusalice-iem","product_cat-fiio","desktop-align-center","tablet-align-center","mobile-align-center","ast-product-gallery-layout-horizontal","ast-magnify-disabled","ast-product-tabs-layout-horizontal"],"yoast_head":"<!-- This site is optimized with the Yoast SEO plugin v21.4 - https:\/\/yoast.com\/wordpress\/plugins\/seo\/ -->\n<title>FiiO FD11 - hd-multimedia<\/title>\n<meta name=\"description\" content=\"FiiO FD11 je IEM s dvostrukim dinami\u010dkim driverom od 10 mm koji koristi visokokvalitetnu dijafragmu na bazi ugljika za proizvodnju dojmljivog zvuka.\" \/>\n<meta name=\"robots\" content=\"index, follow, max-snippet:-1, max-image-preview:large, max-video-preview:-1\" \/>\n<link rel=\"canonical\" href=\"https:\/\/hd-multimedia.com\/sl\/trgovina\/fiio-fd11\/\" \/>\n<meta property=\"og:locale\" content=\"sl_SI\" \/>\n<meta property=\"og:type\" content=\"article\" \/>\n<meta property=\"og:title\" content=\"FiiO FD11 - hd-multimedia\" \/>\n<meta property=\"og:description\" content=\"FiiO FD11 je IEM s dvostrukim dinami\u010dkim driverom od 10 mm koji koristi visokokvalitetnu dijafragmu na bazi ugljika za proizvodnju dojmljivog zvuka.\" \/>\n<meta property=\"og:url\" content=\"https:\/\/hd-multimedia.com\/sl\/trgovina\/fiio-fd11\/\" \/>\n<meta property=\"og:site_name\" content=\"hd-multimedia\" \/>\n<meta property=\"article:modified_time\" content=\"2025-08-17T22:05:55+00:00\" \/>\n<meta property=\"og:image\" content=\"https:\/\/hd-multimedia.com\/hdm_media\/FiiO-FD11-silver-e1694169888885.jpg\" \/>\n\t<meta property=\"og:image:width\" content=\"1500\" \/>\n\t<meta property=\"og:image:height\" content=\"1500\" \/>\n\t<meta property=\"og:image:type\" content=\"image\/jpeg\" \/>\n<meta name=\"twitter:card\" content=\"summary_large_image\" \/>\n<meta name=\"twitter:label1\" content=\"Est. reading time\" \/>\n\t<meta name=\"twitter:data1\" content=\"1 minuta\" \/>\n<script type=\"application\/ld+json\" class=\"yoast-schema-graph\">{\"@context\":\"https:\/\/schema.org\",\"@graph\":[{\"@type\":\"WebPage\",\"@id\":\"https:\/\/hd-multimedia.com\/trgovina\/fiio-fd11\/\",\"url\":\"https:\/\/hd-multimedia.com\/trgovina\/fiio-fd11\/\",\"name\":\"FiiO FD11 - hd-multimedia\",\"isPartOf\":{\"@id\":\"https:\/\/hd-multimedia.com\/#website\"},\"datePublished\":\"2023-09-08T10:11:10+00:00\",\"dateModified\":\"2025-08-17T22:05:55+00:00\",\"description\":\"FiiO FD11 je IEM s dvostrukim dinami\u010dkim driverom od 10 mm koji koristi visokokvalitetnu dijafragmu na bazi ugljika za proizvodnju dojmljivog zvuka.\",\"breadcrumb\":{\"@id\":\"https:\/\/hd-multimedia.com\/trgovina\/fiio-fd11\/#breadcrumb\"},\"inLanguage\":\"sl-SI\",\"potentialAction\":[{\"@type\":\"ReadAction\",\"target\":[\"https:\/\/hd-multimedia.com\/trgovina\/fiio-fd11\/\"]}]},{\"@type\":\"BreadcrumbList\",\"@id\":\"https:\/\/hd-multimedia.com\/trgovina\/fiio-fd11\/#breadcrumb\",\"itemListElement\":[{\"@type\":\"ListItem\",\"position\":1,\"name\":\"Po\u010detna stranica\",\"item\":\"https:\/\/hd-multimedia.com\/\"},{\"@type\":\"ListItem\",\"position\":2,\"name\":\"Trgovina\",\"item\":\"https:\/\/hd-multimedia.com\/trgovina\/\"},{\"@type\":\"ListItem\",\"position\":3,\"name\":\"FiiO FD11\"}]},{\"@type\":\"WebSite\",\"@id\":\"https:\/\/hd-multimedia.com\/#website\",\"url\":\"https:\/\/hd-multimedia.com\/\",\"name\":\"hd-multimedia\",\"description\":\"\",\"publisher\":{\"@id\":\"https:\/\/hd-multimedia.com\/#organization\"},\"potentialAction\":[{\"@type\":\"SearchAction\",\"target\":{\"@type\":\"EntryPoint\",\"urlTemplate\":\"https:\/\/hd-multimedia.com\/?s={search_term_string}\"},\"query-input\":\"required name=search_term_string\"}],\"inLanguage\":\"sl-SI\"},{\"@type\":\"Organization\",\"@id\":\"https:\/\/hd-multimedia.com\/#organization\",\"name\":\"hd-multimedia\",\"url\":\"https:\/\/hd-multimedia.com\/\",\"logo\":{\"@type\":\"ImageObject\",\"inLanguage\":\"sl-SI\",\"@id\":\"https:\/\/hd-multimedia.com\/#\/schema\/logo\/image\/\",\"url\":\"https:\/\/hd-multimedia.com\/hdm_media\/HD-curves-ok-196-56px-alpha-1.png\",\"contentUrl\":\"https:\/\/hd-multimedia.com\/hdm_media\/HD-curves-ok-196-56px-alpha-1.png\",\"width\":196,\"height\":53,\"caption\":\"hd-multimedia\"},\"image\":{\"@id\":\"https:\/\/hd-multimedia.com\/#\/schema\/logo\/image\/\"}}]}<\/script>\n<!-- \/ Yoast SEO plugin. -->","yoast_head_json":{"title":"FiiO FD11 - hd-multimedia","description":"FiiO FD11 je IEM s dvostrukim dinami\u010dkim driverom od 10 mm koji koristi visokokvalitetnu dijafragmu na bazi ugljika za proizvodnju dojmljivog zvuka.","robots":{"index":"index","follow":"follow","max-snippet":"max-snippet:-1","max-image-preview":"max-image-preview:large","max-video-preview":"max-video-preview:-1"},"canonical":"https:\/\/hd-multimedia.com\/sl\/trgovina\/fiio-fd11\/","og_locale":"sl_SI","og_type":"article","og_title":"FiiO FD11 - hd-multimedia","og_description":"FiiO FD11 je IEM s dvostrukim dinami\u010dkim driverom od 10 mm koji koristi visokokvalitetnu dijafragmu na bazi ugljika za proizvodnju dojmljivog zvuka.","og_url":"https:\/\/hd-multimedia.com\/sl\/trgovina\/fiio-fd11\/","og_site_name":"hd-multimedia","article_modified_time":"2025-08-17T22:05:55+00:00","og_image":[{"width":1500,"height":1500,"url":"https:\/\/hd-multimedia.com\/hdm_media\/FiiO-FD11-silver-e1694169888885.jpg","type":"image\/jpeg"}],"twitter_card":"summary_large_image","twitter_misc":{"Est. reading time":"1 minuta"},"schema":{"@context":"https:\/\/schema.org","@graph":[{"@type":"WebPage","@id":"https:\/\/hd-multimedia.com\/trgovina\/fiio-fd11\/","url":"https:\/\/hd-multimedia.com\/trgovina\/fiio-fd11\/","name":"FiiO FD11 - hd-multimedia","isPartOf":{"@id":"https:\/\/hd-multimedia.com\/#website"},"datePublished":"2023-09-08T10:11:10+00:00","dateModified":"2025-08-17T22:05:55+00:00","description":"FiiO FD11 je IEM s dvostrukim dinami\u010dkim driverom od 10 mm koji koristi visokokvalitetnu dijafragmu na bazi ugljika za proizvodnju dojmljivog zvuka.","breadcrumb":{"@id":"https:\/\/hd-multimedia.com\/trgovina\/fiio-fd11\/#breadcrumb"},"inLanguage":"sl-SI","potentialAction":[{"@type":"ReadAction","target":["https:\/\/hd-multimedia.com\/trgovina\/fiio-fd11\/"]}]},{"@type":"BreadcrumbList","@id":"https:\/\/hd-multimedia.com\/trgovina\/fiio-fd11\/#breadcrumb","itemListElement":[{"@type":"ListItem","position":1,"name":"Po\u010detna stranica","item":"https:\/\/hd-multimedia.com\/"},{"@type":"ListItem","position":2,"name":"Trgovina","item":"https:\/\/hd-multimedia.com\/trgovina\/"},{"@type":"ListItem","position":3,"name":"FiiO FD11"}]},{"@type":"WebSite","@id":"https:\/\/hd-multimedia.com\/#website","url":"https:\/\/hd-multimedia.com\/","name":"hd-multimedia","description":"","publisher":{"@id":"https:\/\/hd-multimedia.com\/#organization"},"potentialAction":[{"@type":"SearchAction","target":{"@type":"EntryPoint","urlTemplate":"https:\/\/hd-multimedia.com\/?s={search_term_string}"},"query-input":"required name=search_term_string"}],"inLanguage":"sl-SI"},{"@type":"Organization","@id":"https:\/\/hd-multimedia.com\/#organization","name":"hd-multimedia","url":"https:\/\/hd-multimedia.com\/","logo":{"@type":"ImageObject","inLanguage":"sl-SI","@id":"https:\/\/hd-multimedia.com\/#\/schema\/logo\/image\/","url":"https:\/\/hd-multimedia.com\/hdm_media\/HD-curves-ok-196-56px-alpha-1.png","contentUrl":"https:\/\/hd-multimedia.com\/hdm_media\/HD-curves-ok-196-56px-alpha-1.png","width":196,"height":53,"caption":"hd-multimedia"},"image":{"@id":"https:\/\/hd-multimedia.com\/#\/schema\/logo\/image\/"}}]}},"post_mailing_queue_ids":[],"_links":{"self":[{"href":"https:\/\/hd-multimedia.com\/sl\/wp-json\/wp\/v2\/product\/12339","targetHints":{"allow":["GET"]}}],"collection":[{"href":"https:\/\/hd-multimedia.com\/sl\/wp-json\/wp\/v2\/product"}],"about":[{"href":"https:\/\/hd-multimedia.com\/sl\/wp-json\/wp\/v2\/types\/product"}],"version-history":[{"count":3,"href":"https:\/\/hd-multimedia.com\/sl\/wp-json\/wp\/v2\/product\/12339\/revisions"}],"predecessor-version":[{"id":12345,"href":"https:\/\/hd-multimedia.com\/sl\/wp-json\/wp\/v2\/product\/12339\/revisions\/12345"}],"wp:featuredmedia":[{"embeddable":true,"href":"https:\/\/hd-multimedia.com\/sl\/wp-json\/wp\/v2\/media\/12344"}],"wp:attachment":[{"href":"https:\/\/hd-multimedia.com\/sl\/wp-json\/wp\/v2\/media?parent=12339"}],"curies":[{"name":"wp","href":"https:\/\/api.w.org\/{rel}","templated":true}]}}