{"id":12073,"date":"2023-08-17T11:34:17","date_gmt":"2023-08-17T11:34:17","guid":{"rendered":"https:\/\/hd-multimedia.com\/?post_type=product&#038;p=12073"},"modified":"2025-06-26T11:33:29","modified_gmt":"2025-06-26T11:33:29","slug":"matrix-mini-i-4","status":"publish","type":"product","link":"https:\/\/hd-multimedia.com\/sl\/trgovina\/matrix-mini-i-4\/","title":{"rendered":"Matrix mini-i 4"},"content":{"rendered":"<p>Matrix mini-i 4 ima visokokakovosten USB DAC. Omogo\u010da vam izbiro ustreznega kabla USB za povezavo z ra\u010dunalniki, pametnimi telefoni ali tabli\u010dnimi ra\u010dunalniki in podpira razli\u010dne zvo\u010dne formate ter specifikacije hitrosti vzor\u010denja do 768kHz PCM, DSD512 in MQA zvoka.<\/p>\n<p>Matrix mini-i 4 imini-i 4 je opremljen z gigabitno ethernetno povezavo, ki zagotavlja stabilnost in zadostno hitrost prenosa pri predvajanju zvo\u010dnih datotek visoke lo\u010dljivosti prek omre\u017eja, kar omogo\u010da nemoten pretok zvo\u010dnih datotek v va\u0161 avdio sistem.<\/p>\n<p>Matrix mini-i 4 zveni odli\u010dno in je enostaven za uporabo s 3,46-pal\u010dnim LCD zaslonom na dotik. Zaslon z visoko lo\u010dljivostjo prikazuje metapodatke predvajane skladbe in status naprave, medtem ko aplikacija MA Remote in daljinski upravljalnik RM5 zagotavljata priro\u010dno interakcijo med \u010dlovekom in ra\u010dunalnikom. U\u017eivate lahko v raznoliki izbiri glasbenih virov in prijetnej\u0161i izku\u0161nji poslu\u0161anja glasbe.<\/p>","protected":false},"excerpt":{"rendered":"<p>Matrix mini-i 4 je na voljo tudi v razli\u010dici Pro, ki ima vhod za slu\u0161alke na sprednji strani in dvopasovno Wi-Fi povezljivost.<\/p>\n<p>Matrix mini-i 4 je popolnoma nov predvajalnik glasbe, ki ima bogat nabor digitalnih vhodov z odli\u010dnimi zmo\u017enostmi obdelave digitalnega zvoka in podpira tudi protokole za omre\u017eno pretakanje. V kombinaciji z visokokakovostnim sistemom za predvajanje digitalnega zvoka\/preto\u010dnega predvajanja in aplikacijo MA Remote App zlahka predvaja veliko koli\u010dino spletne preto\u010dne glasbe, kar vam omogo\u010da izjemno izku\u0161njo poslu\u0161anja.<\/p>\n<p>Nadgrajen na najnovej\u0161i ES9039Q2M D\/A \u010dip podjetja ESS, s skrbno ugla\u0161enimi avdio vezji, visokokakovostnimi avdio komponentami in optimizirano postavitvijo vezja, ima zelo visok SNR in izjemno nizko popa\u010denje, kar zagotavlja odli\u010dno zmogljivost za razli\u010dne vrste glasbe.<\/p>\n<p><a href=\"https:\/\/www.matrix-digi.com\/product\/93\/mini-i_4\" target=\"_blank\" rel=\"noopener\">Povezava za dodatne informacije o specifikacijah!<\/a><\/p>","protected":false},"featured_media":12074,"template":"","meta":{"site-sidebar-layout":"default","site-content-layout":"default","ast-site-content-layout":"default","site-content-style":"default","site-sidebar-style":"default","ast-global-header-display":"","ast-banner-title-visibility":"","ast-main-header-display":"","ast-hfb-above-header-display":"","ast-hfb-below-header-display":"","ast-hfb-mobile-header-display":"","site-post-title":"","ast-breadcrumbs-content":"","ast-featured-img":"","footer-sml-layout":"","theme-transparent-header-meta":"default","adv-header-id-meta":"","stick-header-meta":"default","header-above-stick-meta":"","header-main-stick-meta":"","header-below-stick-meta":"","astra-migrate-meta-layouts":"set","ast-page-background-enabled":"default","ast-page-background-meta":{"desktop":{"background-color":"","background-image":"","background-repeat":"repeat","background-position":"center center","background-size":"auto","background-attachment":"scroll","background-type":"","background-media":"","overlay-type":"","overlay-color":"","overlay-opacity":"","overlay-gradient":""},"tablet":{"background-color":"","background-image":"","background-repeat":"repeat","background-position":"center center","background-size":"auto","background-attachment":"scroll","background-type":"","background-media":"","overlay-type":"","overlay-color":"","overlay-opacity":"","overlay-gradient":""},"mobile":{"background-color":"","background-image":"","background-repeat":"repeat","background-position":"center center","background-size":"auto","background-attachment":"scroll","background-type":"","background-media":"","overlay-type":"","overlay-color":"","overlay-opacity":"","overlay-gradient":""}},"ast-content-background-meta":{"desktop":{"background-color":"var(--ast-global-color-5)","background-image":"","background-repeat":"repeat","background-position":"center center","background-size":"auto","background-attachment":"scroll","background-type":"","background-media":"","overlay-type":"","overlay-color":"","overlay-opacity":"","overlay-gradient":""},"tablet":{"background-color":"var(--ast-global-color-5)","background-image":"","background-repeat":"repeat","background-position":"center center","background-size":"auto","background-attachment":"scroll","background-type":"","background-media":"","overlay-type":"","overlay-color":"","overlay-opacity":"","overlay-gradient":""},"mobile":{"background-color":"var(--ast-global-color-5)","background-image":"","background-repeat":"repeat","background-position":"center center","background-size":"auto","background-attachment":"scroll","background-type":"","background-media":"","overlay-type":"","overlay-color":"","overlay-opacity":"","overlay-gradient":""}}},"class_list":["post-12073","product","type-product","status-publish","has-post-thumbnail","hentry","product_cat-mrezni-playeri","product_cat-matrix-audio","desktop-align-center","tablet-align-center","mobile-align-center","ast-product-gallery-layout-horizontal","ast-magnify-disabled","ast-product-tabs-layout-horizontal"],"yoast_head":"<!-- This site is optimized with the Yoast SEO plugin v21.4 - https:\/\/yoast.com\/wordpress\/plugins\/seo\/ -->\n<title>Matrix mini-i 4 - hd-multimedia<\/title>\n<meta name=\"description\" content=\"Matrix mini-i 4 je potpuno novi glazbeni streamer koji ima bogat skup digitalnih ulaza s izvrsnim mogu\u0107nostima obrade digitalnog zvuka.\" \/>\n<meta name=\"robots\" content=\"index, follow, max-snippet:-1, max-image-preview:large, max-video-preview:-1\" \/>\n<link rel=\"canonical\" href=\"https:\/\/hd-multimedia.com\/sl\/trgovina\/matrix-mini-i-4\/\" \/>\n<meta property=\"og:locale\" content=\"sl_SI\" \/>\n<meta property=\"og:type\" content=\"article\" \/>\n<meta property=\"og:title\" content=\"Matrix mini-i 4 - hd-multimedia\" \/>\n<meta property=\"og:description\" content=\"Matrix mini-i 4 je potpuno novi glazbeni streamer koji ima bogat skup digitalnih ulaza s izvrsnim mogu\u0107nostima obrade digitalnog zvuka.\" \/>\n<meta property=\"og:url\" content=\"https:\/\/hd-multimedia.com\/sl\/trgovina\/matrix-mini-i-4\/\" \/>\n<meta property=\"og:site_name\" content=\"hd-multimedia\" \/>\n<meta property=\"article:modified_time\" content=\"2025-06-26T11:33:29+00:00\" \/>\n<meta property=\"og:image\" content=\"https:\/\/hd-multimedia.com\/hdm_media\/Matrix-mini-i-4-2.png\" \/>\n\t<meta property=\"og:image:width\" content=\"1172\" \/>\n\t<meta property=\"og:image:height\" content=\"1172\" \/>\n\t<meta property=\"og:image:type\" content=\"image\/png\" \/>\n<meta name=\"twitter:card\" content=\"summary_large_image\" \/>\n<meta name=\"twitter:label1\" content=\"Est. reading time\" \/>\n\t<meta name=\"twitter:data1\" content=\"1 minuta\" \/>\n<script type=\"application\/ld+json\" class=\"yoast-schema-graph\">{\"@context\":\"https:\/\/schema.org\",\"@graph\":[{\"@type\":\"WebPage\",\"@id\":\"https:\/\/hd-multimedia.com\/trgovina\/matrix-mini-i-4\/\",\"url\":\"https:\/\/hd-multimedia.com\/trgovina\/matrix-mini-i-4\/\",\"name\":\"Matrix mini-i 4 - hd-multimedia\",\"isPartOf\":{\"@id\":\"https:\/\/hd-multimedia.com\/#website\"},\"datePublished\":\"2023-08-17T11:34:17+00:00\",\"dateModified\":\"2025-06-26T11:33:29+00:00\",\"description\":\"Matrix mini-i 4 je potpuno novi glazbeni streamer koji ima bogat skup digitalnih ulaza s izvrsnim mogu\u0107nostima obrade digitalnog zvuka.\",\"breadcrumb\":{\"@id\":\"https:\/\/hd-multimedia.com\/trgovina\/matrix-mini-i-4\/#breadcrumb\"},\"inLanguage\":\"sl-SI\",\"potentialAction\":[{\"@type\":\"ReadAction\",\"target\":[\"https:\/\/hd-multimedia.com\/trgovina\/matrix-mini-i-4\/\"]}]},{\"@type\":\"BreadcrumbList\",\"@id\":\"https:\/\/hd-multimedia.com\/trgovina\/matrix-mini-i-4\/#breadcrumb\",\"itemListElement\":[{\"@type\":\"ListItem\",\"position\":1,\"name\":\"Po\u010detna stranica\",\"item\":\"https:\/\/hd-multimedia.com\/\"},{\"@type\":\"ListItem\",\"position\":2,\"name\":\"Trgovina\",\"item\":\"https:\/\/hd-multimedia.com\/trgovina\/\"},{\"@type\":\"ListItem\",\"position\":3,\"name\":\"Matrix mini-i 4\"}]},{\"@type\":\"WebSite\",\"@id\":\"https:\/\/hd-multimedia.com\/#website\",\"url\":\"https:\/\/hd-multimedia.com\/\",\"name\":\"hd-multimedia\",\"description\":\"\",\"publisher\":{\"@id\":\"https:\/\/hd-multimedia.com\/#organization\"},\"potentialAction\":[{\"@type\":\"SearchAction\",\"target\":{\"@type\":\"EntryPoint\",\"urlTemplate\":\"https:\/\/hd-multimedia.com\/?s={search_term_string}\"},\"query-input\":\"required name=search_term_string\"}],\"inLanguage\":\"sl-SI\"},{\"@type\":\"Organization\",\"@id\":\"https:\/\/hd-multimedia.com\/#organization\",\"name\":\"hd-multimedia\",\"url\":\"https:\/\/hd-multimedia.com\/\",\"logo\":{\"@type\":\"ImageObject\",\"inLanguage\":\"sl-SI\",\"@id\":\"https:\/\/hd-multimedia.com\/#\/schema\/logo\/image\/\",\"url\":\"https:\/\/hd-multimedia.com\/hdm_media\/HD-curves-ok-196-56px-alpha-1.png\",\"contentUrl\":\"https:\/\/hd-multimedia.com\/hdm_media\/HD-curves-ok-196-56px-alpha-1.png\",\"width\":196,\"height\":53,\"caption\":\"hd-multimedia\"},\"image\":{\"@id\":\"https:\/\/hd-multimedia.com\/#\/schema\/logo\/image\/\"}}]}<\/script>\n<!-- \/ Yoast SEO plugin. -->","yoast_head_json":{"title":"Matrix mini-i 4 - hd-multimedia","description":"Matrix mini-i 4 je potpuno novi glazbeni streamer koji ima bogat skup digitalnih ulaza s izvrsnim mogu\u0107nostima obrade digitalnog zvuka.","robots":{"index":"index","follow":"follow","max-snippet":"max-snippet:-1","max-image-preview":"max-image-preview:large","max-video-preview":"max-video-preview:-1"},"canonical":"https:\/\/hd-multimedia.com\/sl\/trgovina\/matrix-mini-i-4\/","og_locale":"sl_SI","og_type":"article","og_title":"Matrix mini-i 4 - hd-multimedia","og_description":"Matrix mini-i 4 je potpuno novi glazbeni streamer koji ima bogat skup digitalnih ulaza s izvrsnim mogu\u0107nostima obrade digitalnog zvuka.","og_url":"https:\/\/hd-multimedia.com\/sl\/trgovina\/matrix-mini-i-4\/","og_site_name":"hd-multimedia","article_modified_time":"2025-06-26T11:33:29+00:00","og_image":[{"width":1172,"height":1172,"url":"https:\/\/hd-multimedia.com\/hdm_media\/Matrix-mini-i-4-2.png","type":"image\/png"}],"twitter_card":"summary_large_image","twitter_misc":{"Est. reading time":"1 minuta"},"schema":{"@context":"https:\/\/schema.org","@graph":[{"@type":"WebPage","@id":"https:\/\/hd-multimedia.com\/trgovina\/matrix-mini-i-4\/","url":"https:\/\/hd-multimedia.com\/trgovina\/matrix-mini-i-4\/","name":"Matrix mini-i 4 - hd-multimedia","isPartOf":{"@id":"https:\/\/hd-multimedia.com\/#website"},"datePublished":"2023-08-17T11:34:17+00:00","dateModified":"2025-06-26T11:33:29+00:00","description":"Matrix mini-i 4 je potpuno novi glazbeni streamer koji ima bogat skup digitalnih ulaza s izvrsnim mogu\u0107nostima obrade digitalnog zvuka.","breadcrumb":{"@id":"https:\/\/hd-multimedia.com\/trgovina\/matrix-mini-i-4\/#breadcrumb"},"inLanguage":"sl-SI","potentialAction":[{"@type":"ReadAction","target":["https:\/\/hd-multimedia.com\/trgovina\/matrix-mini-i-4\/"]}]},{"@type":"BreadcrumbList","@id":"https:\/\/hd-multimedia.com\/trgovina\/matrix-mini-i-4\/#breadcrumb","itemListElement":[{"@type":"ListItem","position":1,"name":"Po\u010detna stranica","item":"https:\/\/hd-multimedia.com\/"},{"@type":"ListItem","position":2,"name":"Trgovina","item":"https:\/\/hd-multimedia.com\/trgovina\/"},{"@type":"ListItem","position":3,"name":"Matrix mini-i 4"}]},{"@type":"WebSite","@id":"https:\/\/hd-multimedia.com\/#website","url":"https:\/\/hd-multimedia.com\/","name":"hd-multimedia","description":"","publisher":{"@id":"https:\/\/hd-multimedia.com\/#organization"},"potentialAction":[{"@type":"SearchAction","target":{"@type":"EntryPoint","urlTemplate":"https:\/\/hd-multimedia.com\/?s={search_term_string}"},"query-input":"required name=search_term_string"}],"inLanguage":"sl-SI"},{"@type":"Organization","@id":"https:\/\/hd-multimedia.com\/#organization","name":"hd-multimedia","url":"https:\/\/hd-multimedia.com\/","logo":{"@type":"ImageObject","inLanguage":"sl-SI","@id":"https:\/\/hd-multimedia.com\/#\/schema\/logo\/image\/","url":"https:\/\/hd-multimedia.com\/hdm_media\/HD-curves-ok-196-56px-alpha-1.png","contentUrl":"https:\/\/hd-multimedia.com\/hdm_media\/HD-curves-ok-196-56px-alpha-1.png","width":196,"height":53,"caption":"hd-multimedia"},"image":{"@id":"https:\/\/hd-multimedia.com\/#\/schema\/logo\/image\/"}}]}},"post_mailing_queue_ids":[],"_links":{"self":[{"href":"https:\/\/hd-multimedia.com\/sl\/wp-json\/wp\/v2\/product\/12073","targetHints":{"allow":["GET"]}}],"collection":[{"href":"https:\/\/hd-multimedia.com\/sl\/wp-json\/wp\/v2\/product"}],"about":[{"href":"https:\/\/hd-multimedia.com\/sl\/wp-json\/wp\/v2\/types\/product"}],"version-history":[{"count":3,"href":"https:\/\/hd-multimedia.com\/sl\/wp-json\/wp\/v2\/product\/12073\/revisions"}],"predecessor-version":[{"id":16910,"href":"https:\/\/hd-multimedia.com\/sl\/wp-json\/wp\/v2\/product\/12073\/revisions\/16910"}],"wp:featuredmedia":[{"embeddable":true,"href":"https:\/\/hd-multimedia.com\/sl\/wp-json\/wp\/v2\/media\/12074"}],"wp:attachment":[{"href":"https:\/\/hd-multimedia.com\/sl\/wp-json\/wp\/v2\/media?parent=12073"}],"curies":[{"name":"wp","href":"https:\/\/api.w.org\/{rel}","templated":true}]}}