{"id":11688,"date":"2023-07-03T12:19:05","date_gmt":"2023-07-03T12:19:05","guid":{"rendered":"https:\/\/hd-multimedia.com\/?post_type=product&#038;p=11688"},"modified":"2024-07-10T08:11:16","modified_gmt":"2024-07-10T08:11:16","slug":"topping-eha5","status":"publish","type":"product","link":"https:\/\/hd-multimedia.com\/sl\/trgovina\/topping-eha5\/","title":{"rendered":"Topping EHA5"},"content":{"rendered":"<p>Elektrostati\u010dni oja\u010devalnik za slu\u0161alke (2000 Vp-p, 700 V RMS, 580 V DC bias). Primerno za uporabo s STAX elektrosat slu\u0161alkami. RCA in XLR vhoda. Izhodi XLR in RCA (predaja vhodni signal drugemu oja\u010devalcu).<\/p>\n<p><a href=\"https:\/\/www.tpdz.net\/productinfo\/995112.html\" target=\"_blank\" rel=\"noopener\">Ostale informacije najdete na tej povezavi.<\/a><\/p>\n<p>&nbsp;<\/p>","protected":false},"excerpt":{"rendered":"<p>Oja\u010devalnik za slu\u0161alke Topping EHA5 pove\u010da zmogljivost elektrostati\u010dnih slu\u0161alk s podrobno in dinami\u010dno reprodukcijo zvoka. Opremljen z 12 V spro\u017eilnim vhodom za brezhibno integracijo z drugimi napravami zagotavlja prakti\u010dno uporabo. Ko je izhod za slu\u0161alke onemogo\u010den, Topping EHA5 preusmeri vhodni signal na uravnote\u017eene izhode XLR in posamezne RCA, kar omogo\u010da prilagodljivost pri nastavitvah zvoka.<\/p>\n<p><a href=\"https:\/\/www.tpdz.net\/productinfo\/995112.html\" target=\"_blank\" rel=\"noopener noreferrer\">Topping EHA5<span style=\"font-size: 16px\"> \u2013 kliknite za funkcije<\/span><\/a><\/p>","protected":false},"featured_media":14670,"template":"","meta":{"site-sidebar-layout":"default","site-content-layout":"default","ast-site-content-layout":"default","site-content-style":"default","site-sidebar-style":"default","ast-global-header-display":"","ast-banner-title-visibility":"","ast-main-header-display":"","ast-hfb-above-header-display":"","ast-hfb-below-header-display":"","ast-hfb-mobile-header-display":"","site-post-title":"","ast-breadcrumbs-content":"","ast-featured-img":"","footer-sml-layout":"","theme-transparent-header-meta":"default","adv-header-id-meta":"","stick-header-meta":"default","header-above-stick-meta":"","header-main-stick-meta":"","header-below-stick-meta":"","astra-migrate-meta-layouts":"set","ast-page-background-enabled":"default","ast-page-background-meta":{"desktop":{"background-color":"","background-image":"","background-repeat":"repeat","background-position":"center center","background-size":"auto","background-attachment":"scroll","background-type":"","background-media":"","overlay-type":"","overlay-color":"","overlay-opacity":"","overlay-gradient":""},"tablet":{"background-color":"","background-image":"","background-repeat":"repeat","background-position":"center center","background-size":"auto","background-attachment":"scroll","background-type":"","background-media":"","overlay-type":"","overlay-color":"","overlay-opacity":"","overlay-gradient":""},"mobile":{"background-color":"","background-image":"","background-repeat":"repeat","background-position":"center center","background-size":"auto","background-attachment":"scroll","background-type":"","background-media":"","overlay-type":"","overlay-color":"","overlay-opacity":"","overlay-gradient":""}},"ast-content-background-meta":{"desktop":{"background-color":"var(--ast-global-color-5)","background-image":"","background-repeat":"repeat","background-position":"center center","background-size":"auto","background-attachment":"scroll","background-type":"","background-media":"","overlay-type":"","overlay-color":"","overlay-opacity":"","overlay-gradient":""},"tablet":{"background-color":"var(--ast-global-color-5)","background-image":"","background-repeat":"repeat","background-position":"center center","background-size":"auto","background-attachment":"scroll","background-type":"","background-media":"","overlay-type":"","overlay-color":"","overlay-opacity":"","overlay-gradient":""},"mobile":{"background-color":"var(--ast-global-color-5)","background-image":"","background-repeat":"repeat","background-position":"center center","background-size":"auto","background-attachment":"scroll","background-type":"","background-media":"","overlay-type":"","overlay-color":"","overlay-opacity":"","overlay-gradient":""}}},"class_list":["post-11688","product","type-product","status-publish","has-post-thumbnail","hentry","product_cat-pojacala-za-slusalice","product_cat-topping","desktop-align-center","tablet-align-center","mobile-align-center","ast-product-gallery-layout-horizontal","ast-magnify-disabled","ast-product-tabs-layout-horizontal"],"yoast_head":"<!-- This site is optimized with the Yoast SEO plugin v21.4 - https:\/\/yoast.com\/wordpress\/plugins\/seo\/ -->\n<title>Topping EHA5 - hd-multimedia<\/title>\n<meta name=\"description\" content=\"Topping EHA5 - poja\u010dalo za elektrostatske slu\u0161alice (2000Vp-p, 700V RMS, 580V DC bias). Pogodno za upotrebu sa STAX elektrosatskim slu\u0161alicama.\" \/>\n<meta name=\"robots\" content=\"index, follow, max-snippet:-1, max-image-preview:large, max-video-preview:-1\" \/>\n<link rel=\"canonical\" href=\"https:\/\/hd-multimedia.com\/sl\/trgovina\/topping-eha5\/\" \/>\n<meta property=\"og:locale\" content=\"sl_SI\" \/>\n<meta property=\"og:type\" content=\"article\" \/>\n<meta property=\"og:title\" content=\"Topping EHA5 - hd-multimedia\" \/>\n<meta property=\"og:description\" content=\"Topping EHA5 - poja\u010dalo za elektrostatske slu\u0161alice (2000Vp-p, 700V RMS, 580V DC bias). Pogodno za upotrebu sa STAX elektrosatskim slu\u0161alicama.\" \/>\n<meta property=\"og:url\" content=\"https:\/\/hd-multimedia.com\/sl\/trgovina\/topping-eha5\/\" \/>\n<meta property=\"og:site_name\" content=\"hd-multimedia\" \/>\n<meta property=\"article:modified_time\" content=\"2024-07-10T08:11:16+00:00\" \/>\n<meta property=\"og:image\" content=\"https:\/\/hd-multimedia.com\/hdm_media\/topping-eha5-electrostatic-headphone-amplifier-headphone-amplifier-hifigo-887008_695x695.webp\" \/>\n\t<meta property=\"og:image:width\" content=\"695\" \/>\n\t<meta property=\"og:image:height\" content=\"695\" \/>\n\t<meta property=\"og:image:type\" content=\"image\/webp\" \/>\n<meta name=\"twitter:card\" content=\"summary_large_image\" \/>\n<meta name=\"twitter:label1\" content=\"Est. reading time\" \/>\n\t<meta name=\"twitter:data1\" content=\"1 minuta\" \/>\n<script type=\"application\/ld+json\" class=\"yoast-schema-graph\">{\"@context\":\"https:\/\/schema.org\",\"@graph\":[{\"@type\":\"WebPage\",\"@id\":\"https:\/\/hd-multimedia.com\/trgovina\/topping-eha5\/\",\"url\":\"https:\/\/hd-multimedia.com\/trgovina\/topping-eha5\/\",\"name\":\"Topping EHA5 - hd-multimedia\",\"isPartOf\":{\"@id\":\"https:\/\/hd-multimedia.com\/#website\"},\"datePublished\":\"2023-07-03T12:19:05+00:00\",\"dateModified\":\"2024-07-10T08:11:16+00:00\",\"description\":\"Topping EHA5 - poja\u010dalo za elektrostatske slu\u0161alice (2000Vp-p, 700V RMS, 580V DC bias). Pogodno za upotrebu sa STAX elektrosatskim slu\u0161alicama.\",\"breadcrumb\":{\"@id\":\"https:\/\/hd-multimedia.com\/trgovina\/topping-eha5\/#breadcrumb\"},\"inLanguage\":\"sl-SI\",\"potentialAction\":[{\"@type\":\"ReadAction\",\"target\":[\"https:\/\/hd-multimedia.com\/trgovina\/topping-eha5\/\"]}]},{\"@type\":\"BreadcrumbList\",\"@id\":\"https:\/\/hd-multimedia.com\/trgovina\/topping-eha5\/#breadcrumb\",\"itemListElement\":[{\"@type\":\"ListItem\",\"position\":1,\"name\":\"Po\u010detna stranica\",\"item\":\"https:\/\/hd-multimedia.com\/\"},{\"@type\":\"ListItem\",\"position\":2,\"name\":\"Trgovina\",\"item\":\"https:\/\/hd-multimedia.com\/trgovina\/\"},{\"@type\":\"ListItem\",\"position\":3,\"name\":\"Topping EHA5\"}]},{\"@type\":\"WebSite\",\"@id\":\"https:\/\/hd-multimedia.com\/#website\",\"url\":\"https:\/\/hd-multimedia.com\/\",\"name\":\"hd-multimedia\",\"description\":\"\",\"publisher\":{\"@id\":\"https:\/\/hd-multimedia.com\/#organization\"},\"potentialAction\":[{\"@type\":\"SearchAction\",\"target\":{\"@type\":\"EntryPoint\",\"urlTemplate\":\"https:\/\/hd-multimedia.com\/?s={search_term_string}\"},\"query-input\":\"required name=search_term_string\"}],\"inLanguage\":\"sl-SI\"},{\"@type\":\"Organization\",\"@id\":\"https:\/\/hd-multimedia.com\/#organization\",\"name\":\"hd-multimedia\",\"url\":\"https:\/\/hd-multimedia.com\/\",\"logo\":{\"@type\":\"ImageObject\",\"inLanguage\":\"sl-SI\",\"@id\":\"https:\/\/hd-multimedia.com\/#\/schema\/logo\/image\/\",\"url\":\"https:\/\/hd-multimedia.com\/hdm_media\/HD-curves-ok-196-56px-alpha-1.png\",\"contentUrl\":\"https:\/\/hd-multimedia.com\/hdm_media\/HD-curves-ok-196-56px-alpha-1.png\",\"width\":196,\"height\":53,\"caption\":\"hd-multimedia\"},\"image\":{\"@id\":\"https:\/\/hd-multimedia.com\/#\/schema\/logo\/image\/\"}}]}<\/script>\n<!-- \/ Yoast SEO plugin. -->","yoast_head_json":{"title":"Topping EHA5 - hd-multimedia","description":"Topping EHA5 - poja\u010dalo za elektrostatske slu\u0161alice (2000Vp-p, 700V RMS, 580V DC bias). Pogodno za upotrebu sa STAX elektrosatskim slu\u0161alicama.","robots":{"index":"index","follow":"follow","max-snippet":"max-snippet:-1","max-image-preview":"max-image-preview:large","max-video-preview":"max-video-preview:-1"},"canonical":"https:\/\/hd-multimedia.com\/sl\/trgovina\/topping-eha5\/","og_locale":"sl_SI","og_type":"article","og_title":"Topping EHA5 - hd-multimedia","og_description":"Topping EHA5 - poja\u010dalo za elektrostatske slu\u0161alice (2000Vp-p, 700V RMS, 580V DC bias). Pogodno za upotrebu sa STAX elektrosatskim slu\u0161alicama.","og_url":"https:\/\/hd-multimedia.com\/sl\/trgovina\/topping-eha5\/","og_site_name":"hd-multimedia","article_modified_time":"2024-07-10T08:11:16+00:00","og_image":[{"width":695,"height":695,"url":"https:\/\/hd-multimedia.com\/hdm_media\/topping-eha5-electrostatic-headphone-amplifier-headphone-amplifier-hifigo-887008_695x695.webp","type":"image\/webp"}],"twitter_card":"summary_large_image","twitter_misc":{"Est. reading time":"1 minuta"},"schema":{"@context":"https:\/\/schema.org","@graph":[{"@type":"WebPage","@id":"https:\/\/hd-multimedia.com\/trgovina\/topping-eha5\/","url":"https:\/\/hd-multimedia.com\/trgovina\/topping-eha5\/","name":"Topping EHA5 - hd-multimedia","isPartOf":{"@id":"https:\/\/hd-multimedia.com\/#website"},"datePublished":"2023-07-03T12:19:05+00:00","dateModified":"2024-07-10T08:11:16+00:00","description":"Topping EHA5 - poja\u010dalo za elektrostatske slu\u0161alice (2000Vp-p, 700V RMS, 580V DC bias). Pogodno za upotrebu sa STAX elektrosatskim slu\u0161alicama.","breadcrumb":{"@id":"https:\/\/hd-multimedia.com\/trgovina\/topping-eha5\/#breadcrumb"},"inLanguage":"sl-SI","potentialAction":[{"@type":"ReadAction","target":["https:\/\/hd-multimedia.com\/trgovina\/topping-eha5\/"]}]},{"@type":"BreadcrumbList","@id":"https:\/\/hd-multimedia.com\/trgovina\/topping-eha5\/#breadcrumb","itemListElement":[{"@type":"ListItem","position":1,"name":"Po\u010detna stranica","item":"https:\/\/hd-multimedia.com\/"},{"@type":"ListItem","position":2,"name":"Trgovina","item":"https:\/\/hd-multimedia.com\/trgovina\/"},{"@type":"ListItem","position":3,"name":"Topping EHA5"}]},{"@type":"WebSite","@id":"https:\/\/hd-multimedia.com\/#website","url":"https:\/\/hd-multimedia.com\/","name":"hd-multimedia","description":"","publisher":{"@id":"https:\/\/hd-multimedia.com\/#organization"},"potentialAction":[{"@type":"SearchAction","target":{"@type":"EntryPoint","urlTemplate":"https:\/\/hd-multimedia.com\/?s={search_term_string}"},"query-input":"required name=search_term_string"}],"inLanguage":"sl-SI"},{"@type":"Organization","@id":"https:\/\/hd-multimedia.com\/#organization","name":"hd-multimedia","url":"https:\/\/hd-multimedia.com\/","logo":{"@type":"ImageObject","inLanguage":"sl-SI","@id":"https:\/\/hd-multimedia.com\/#\/schema\/logo\/image\/","url":"https:\/\/hd-multimedia.com\/hdm_media\/HD-curves-ok-196-56px-alpha-1.png","contentUrl":"https:\/\/hd-multimedia.com\/hdm_media\/HD-curves-ok-196-56px-alpha-1.png","width":196,"height":53,"caption":"hd-multimedia"},"image":{"@id":"https:\/\/hd-multimedia.com\/#\/schema\/logo\/image\/"}}]}},"post_mailing_queue_ids":[],"_links":{"self":[{"href":"https:\/\/hd-multimedia.com\/sl\/wp-json\/wp\/v2\/product\/11688","targetHints":{"allow":["GET"]}}],"collection":[{"href":"https:\/\/hd-multimedia.com\/sl\/wp-json\/wp\/v2\/product"}],"about":[{"href":"https:\/\/hd-multimedia.com\/sl\/wp-json\/wp\/v2\/types\/product"}],"version-history":[{"count":7,"href":"https:\/\/hd-multimedia.com\/sl\/wp-json\/wp\/v2\/product\/11688\/revisions"}],"predecessor-version":[{"id":15167,"href":"https:\/\/hd-multimedia.com\/sl\/wp-json\/wp\/v2\/product\/11688\/revisions\/15167"}],"wp:featuredmedia":[{"embeddable":true,"href":"https:\/\/hd-multimedia.com\/sl\/wp-json\/wp\/v2\/media\/14670"}],"wp:attachment":[{"href":"https:\/\/hd-multimedia.com\/sl\/wp-json\/wp\/v2\/media?parent=11688"}],"curies":[{"name":"wp","href":"https:\/\/api.w.org\/{rel}","templated":true}]}}