{"id":11631,"date":"2023-06-16T11:57:52","date_gmt":"2023-06-16T11:57:52","guid":{"rendered":"https:\/\/hd-multimedia.com\/?post_type=product&#038;p=11631"},"modified":"2025-12-09T09:45:25","modified_gmt":"2025-12-09T09:45:25","slug":"elac-miracord-50","status":"publish","type":"product","link":"https:\/\/hd-multimedia.com\/sl\/trgovina\/elac-miracord-50\/","title":{"rendered":"Elac Miracord 50"},"content":{"rendered":"<p>Elac Miracord 50 black HG je gramofon z MM kartu\u0161o in predoja\u010devalnikom.<\/p>\n<p>Dodatne informacije in specifikacije:<\/p>\n<p>Pogonski sistem gramofona: Jermenski pogon, DC motor, hitrosti: 33-1\/3 in 45 vrt\/min.<\/p>\n<p>Sprememba hitrosti vrtenja: +\/- 1% Vau in trepetanje: 0,1% Razmerje med signalom in \u0161umom: -67 dB ali ve\u010d (A-ute\u017eeno), -60 dB ali ve\u010d (neute\u017eeno) Plo\u0161\u010da: Liti aluminij Premer plo\u0161\u010de: 12 palcev \/ 300 mm roka.<\/p>\n<ul>\n<li>Vrsta ro\u010daja: Aluminijasta cev, stati\u010dno uravnote\u017eena<\/li>\n<li>Efektivna dol\u017eina ro\u010daja: 8 palcev \/ 223,6 mm<\/li>\n<li>Razpon te\u017ee rezervoarja: 3,5 do 6 g<\/li>\n<li>Efektivna te\u017ea ro\u010daja: 27,4 g<\/li>\n<li>Kot premika: 25 stopinj<\/li>\n<li>Protizdrsni mehanizem: Nastavljiv<\/li>\n<li>Glavni le\u017eaj: Nerjave\u010de jeklo<\/li>\n<li>Tip: premi\u010dni magnet Audio-Technica AT91<\/li>\n<li>Konstrukcija igle: povezani diamant<\/li>\n<li>Frekven\u010dni odziv: 20 Hz do 20 kHz Lo\u010devanje kanalov: &gt;18 dB Ravnovesje kanalov: 2,5 dB<\/li>\n<li>Navpi\u010dno sledenje: kot 20 stopinj Pritisk pisala: 2,0 g +\/- 0,5 g Te\u017ea kartu\u0161e: 5,0 g +\/- 0,5 g Te\u017ea glave: 0 g (vklju\u010dno z vijaki, maticami in \u017eicami)<\/li>\n<li>Vrsta: Gibljivi magnet (MM)<\/li>\n<li>Phono izhod: 2,5 mV (1 kHz, 3,54 cm\/s)<\/li>\n<li>Linijski izhod: 140 mV (-17 dBV)<\/li>\n<li>Podprta impedanca bremena: 47 k\u03a9<\/li>\n<li>Priklju\u010dek: RCA pin vti\u010dnica, vklju\u010dno z dodatki za RCA kable<\/li>\n<li>Napajanje: 100 do 240 V AC \/ 50 do 60 Hz<\/li>\n<li>Poraba energije: 1,5 W (manj kot 0,5 W v stanju pripravljenosti)<\/li>\n<li>Mere (\u0160 x V x G): \u0160irina: 13,97 cm Vi\u0161ina: 40,77 cm Globina: 36,07 cm<\/li>\n<li>Te\u017ea: 5,49 kg<\/li>\n<\/ul>","protected":false},"excerpt":{"rendered":"<p>Gramofon Elac Miracord 50 je zasnovan za vrhunsko reprodukcijo vinila, navdihnjen z legendarnim imenom Miracord iz zlate dobe stereo, ko so vladali gramofoni. Miracord 50 je skrbno zasnovan z jermensko gnanim motorjem in 300 mm visoko vztrajnostno plo\u0161\u010do iz litega aluminija. Njegova natan\u010dna stati\u010dno uravnote\u017eena ravna ro\u010dica z natan\u010dnimi le\u017eaji ima vgrajeno nastavitev proti drsenju in odstranljivo bajonetno glavo, tovarni\u0161ko opremljeno z magnetno kartu\u0161o Audio-Technica AT91. Vrhunska izolacija je dose\u017eena z antiresonan\u010dno zasnovo za zmanj\u0161anje zvo\u010dnih u\u010dinkov vibracij in povratnih informacij. Za razliko od ve\u010dine gramofonov ima Miracord 50 vgrajen namenski gramofonski predoja\u010devalnik za pravilno izena\u010devanje RIAA, kar omogo\u010da enostavno integracijo v skoraj vsak glasbeni sistem.<\/p>","protected":false},"featured_media":11636,"template":"","meta":{"site-sidebar-layout":"default","site-content-layout":"default","ast-site-content-layout":"default","site-content-style":"default","site-sidebar-style":"default","ast-global-header-display":"","ast-banner-title-visibility":"","ast-main-header-display":"","ast-hfb-above-header-display":"","ast-hfb-below-header-display":"","ast-hfb-mobile-header-display":"","site-post-title":"","ast-breadcrumbs-content":"","ast-featured-img":"","footer-sml-layout":"","theme-transparent-header-meta":"default","adv-header-id-meta":"","stick-header-meta":"default","header-above-stick-meta":"","header-main-stick-meta":"","header-below-stick-meta":"","astra-migrate-meta-layouts":"set","ast-page-background-enabled":"default","ast-page-background-meta":{"desktop":{"background-color":"","background-image":"","background-repeat":"repeat","background-position":"center center","background-size":"auto","background-attachment":"scroll","background-type":"","background-media":"","overlay-type":"","overlay-color":"","overlay-opacity":"","overlay-gradient":""},"tablet":{"background-color":"","background-image":"","background-repeat":"repeat","background-position":"center center","background-size":"auto","background-attachment":"scroll","background-type":"","background-media":"","overlay-type":"","overlay-color":"","overlay-opacity":"","overlay-gradient":""},"mobile":{"background-color":"","background-image":"","background-repeat":"repeat","background-position":"center center","background-size":"auto","background-attachment":"scroll","background-type":"","background-media":"","overlay-type":"","overlay-color":"","overlay-opacity":"","overlay-gradient":""}},"ast-content-background-meta":{"desktop":{"background-color":"var(--ast-global-color-5)","background-image":"","background-repeat":"repeat","background-position":"center center","background-size":"auto","background-attachment":"scroll","background-type":"","background-media":"","overlay-type":"","overlay-color":"","overlay-opacity":"","overlay-gradient":""},"tablet":{"background-color":"var(--ast-global-color-5)","background-image":"","background-repeat":"repeat","background-position":"center center","background-size":"auto","background-attachment":"scroll","background-type":"","background-media":"","overlay-type":"","overlay-color":"","overlay-opacity":"","overlay-gradient":""},"mobile":{"background-color":"var(--ast-global-color-5)","background-image":"","background-repeat":"repeat","background-position":"center center","background-size":"auto","background-attachment":"scroll","background-type":"","background-media":"","overlay-type":"","overlay-color":"","overlay-opacity":"","overlay-gradient":""}}},"class_list":["post-11631","product","type-product","status-publish","has-post-thumbnail","hentry","product_cat-gramofoni","product_cat-elac","desktop-align-center","tablet-align-center","mobile-align-center","ast-product-gallery-layout-horizontal","ast-magnify-disabled","ast-product-tabs-layout-horizontal"],"yoast_head":"<!-- This site is optimized with the Yoast SEO plugin v21.4 - https:\/\/yoast.com\/wordpress\/plugins\/seo\/ -->\n<title>Elac Miracord 50 - hd-multimedia<\/title>\n<meta name=\"description\" content=\"Elac Miracord 50 je gramofon s ugra\u0111enim s fono pretpoja\u010dalom za ispravnu RIAA ekvilizaciju. Samo ga priklju\u010dite i u\u017eivajte u bogatom zvuku!\" \/>\n<meta name=\"robots\" content=\"index, follow, max-snippet:-1, max-image-preview:large, max-video-preview:-1\" \/>\n<link rel=\"canonical\" href=\"https:\/\/hd-multimedia.com\/sl\/trgovina\/elac-miracord-50\/\" \/>\n<meta property=\"og:locale\" content=\"sl_SI\" \/>\n<meta property=\"og:type\" content=\"article\" \/>\n<meta property=\"og:title\" content=\"Elac Miracord 50 - hd-multimedia\" \/>\n<meta property=\"og:description\" content=\"Elac Miracord 50 je gramofon s ugra\u0111enim s fono pretpoja\u010dalom za ispravnu RIAA ekvilizaciju. Samo ga priklju\u010dite i u\u017eivajte u bogatom zvuku!\" \/>\n<meta property=\"og:url\" content=\"https:\/\/hd-multimedia.com\/sl\/trgovina\/elac-miracord-50\/\" \/>\n<meta property=\"og:site_name\" content=\"hd-multimedia\" \/>\n<meta property=\"article:modified_time\" content=\"2025-12-09T09:45:25+00:00\" \/>\n<meta property=\"og:image\" content=\"https:\/\/hd-multimedia.com\/hdm_media\/Elac-Miracord-50.jpg\" \/>\n\t<meta property=\"og:image:width\" content=\"1089\" \/>\n\t<meta property=\"og:image:height\" content=\"1134\" \/>\n\t<meta property=\"og:image:type\" content=\"image\/jpeg\" \/>\n<meta name=\"twitter:card\" content=\"summary_large_image\" \/>\n<meta name=\"twitter:label1\" content=\"Est. reading time\" \/>\n\t<meta name=\"twitter:data1\" content=\"2 minuti\" \/>\n<script type=\"application\/ld+json\" class=\"yoast-schema-graph\">{\"@context\":\"https:\/\/schema.org\",\"@graph\":[{\"@type\":\"WebPage\",\"@id\":\"https:\/\/hd-multimedia.com\/trgovina\/elac-miracord-50\/\",\"url\":\"https:\/\/hd-multimedia.com\/trgovina\/elac-miracord-50\/\",\"name\":\"Elac Miracord 50 - hd-multimedia\",\"isPartOf\":{\"@id\":\"https:\/\/hd-multimedia.com\/#website\"},\"datePublished\":\"2023-06-16T11:57:52+00:00\",\"dateModified\":\"2025-12-09T09:45:25+00:00\",\"description\":\"Elac Miracord 50 je gramofon s ugra\u0111enim s fono pretpoja\u010dalom za ispravnu RIAA ekvilizaciju. Samo ga priklju\u010dite i u\u017eivajte u bogatom zvuku!\",\"breadcrumb\":{\"@id\":\"https:\/\/hd-multimedia.com\/trgovina\/elac-miracord-50\/#breadcrumb\"},\"inLanguage\":\"sl-SI\",\"potentialAction\":[{\"@type\":\"ReadAction\",\"target\":[\"https:\/\/hd-multimedia.com\/trgovina\/elac-miracord-50\/\"]}]},{\"@type\":\"BreadcrumbList\",\"@id\":\"https:\/\/hd-multimedia.com\/trgovina\/elac-miracord-50\/#breadcrumb\",\"itemListElement\":[{\"@type\":\"ListItem\",\"position\":1,\"name\":\"Po\u010detna stranica\",\"item\":\"https:\/\/hd-multimedia.com\/\"},{\"@type\":\"ListItem\",\"position\":2,\"name\":\"Trgovina\",\"item\":\"https:\/\/hd-multimedia.com\/trgovina\/\"},{\"@type\":\"ListItem\",\"position\":3,\"name\":\"Elac Miracord 50\"}]},{\"@type\":\"WebSite\",\"@id\":\"https:\/\/hd-multimedia.com\/#website\",\"url\":\"https:\/\/hd-multimedia.com\/\",\"name\":\"hd-multimedia\",\"description\":\"\",\"publisher\":{\"@id\":\"https:\/\/hd-multimedia.com\/#organization\"},\"potentialAction\":[{\"@type\":\"SearchAction\",\"target\":{\"@type\":\"EntryPoint\",\"urlTemplate\":\"https:\/\/hd-multimedia.com\/?s={search_term_string}\"},\"query-input\":\"required name=search_term_string\"}],\"inLanguage\":\"sl-SI\"},{\"@type\":\"Organization\",\"@id\":\"https:\/\/hd-multimedia.com\/#organization\",\"name\":\"hd-multimedia\",\"url\":\"https:\/\/hd-multimedia.com\/\",\"logo\":{\"@type\":\"ImageObject\",\"inLanguage\":\"sl-SI\",\"@id\":\"https:\/\/hd-multimedia.com\/#\/schema\/logo\/image\/\",\"url\":\"https:\/\/hd-multimedia.com\/hdm_media\/HD-curves-ok-196-56px-alpha-1.png\",\"contentUrl\":\"https:\/\/hd-multimedia.com\/hdm_media\/HD-curves-ok-196-56px-alpha-1.png\",\"width\":196,\"height\":53,\"caption\":\"hd-multimedia\"},\"image\":{\"@id\":\"https:\/\/hd-multimedia.com\/#\/schema\/logo\/image\/\"}}]}<\/script>\n<!-- \/ Yoast SEO plugin. -->","yoast_head_json":{"title":"Elac Miracord 50 - hd-multimedia","description":"Elac Miracord 50 je gramofon s ugra\u0111enim s fono pretpoja\u010dalom za ispravnu RIAA ekvilizaciju. Samo ga priklju\u010dite i u\u017eivajte u bogatom zvuku!","robots":{"index":"index","follow":"follow","max-snippet":"max-snippet:-1","max-image-preview":"max-image-preview:large","max-video-preview":"max-video-preview:-1"},"canonical":"https:\/\/hd-multimedia.com\/sl\/trgovina\/elac-miracord-50\/","og_locale":"sl_SI","og_type":"article","og_title":"Elac Miracord 50 - hd-multimedia","og_description":"Elac Miracord 50 je gramofon s ugra\u0111enim s fono pretpoja\u010dalom za ispravnu RIAA ekvilizaciju. Samo ga priklju\u010dite i u\u017eivajte u bogatom zvuku!","og_url":"https:\/\/hd-multimedia.com\/sl\/trgovina\/elac-miracord-50\/","og_site_name":"hd-multimedia","article_modified_time":"2025-12-09T09:45:25+00:00","og_image":[{"width":1089,"height":1134,"url":"https:\/\/hd-multimedia.com\/hdm_media\/Elac-Miracord-50.jpg","type":"image\/jpeg"}],"twitter_card":"summary_large_image","twitter_misc":{"Est. reading time":"2 minuti"},"schema":{"@context":"https:\/\/schema.org","@graph":[{"@type":"WebPage","@id":"https:\/\/hd-multimedia.com\/trgovina\/elac-miracord-50\/","url":"https:\/\/hd-multimedia.com\/trgovina\/elac-miracord-50\/","name":"Elac Miracord 50 - hd-multimedia","isPartOf":{"@id":"https:\/\/hd-multimedia.com\/#website"},"datePublished":"2023-06-16T11:57:52+00:00","dateModified":"2025-12-09T09:45:25+00:00","description":"Elac Miracord 50 je gramofon s ugra\u0111enim s fono pretpoja\u010dalom za ispravnu RIAA ekvilizaciju. Samo ga priklju\u010dite i u\u017eivajte u bogatom zvuku!","breadcrumb":{"@id":"https:\/\/hd-multimedia.com\/trgovina\/elac-miracord-50\/#breadcrumb"},"inLanguage":"sl-SI","potentialAction":[{"@type":"ReadAction","target":["https:\/\/hd-multimedia.com\/trgovina\/elac-miracord-50\/"]}]},{"@type":"BreadcrumbList","@id":"https:\/\/hd-multimedia.com\/trgovina\/elac-miracord-50\/#breadcrumb","itemListElement":[{"@type":"ListItem","position":1,"name":"Po\u010detna stranica","item":"https:\/\/hd-multimedia.com\/"},{"@type":"ListItem","position":2,"name":"Trgovina","item":"https:\/\/hd-multimedia.com\/trgovina\/"},{"@type":"ListItem","position":3,"name":"Elac Miracord 50"}]},{"@type":"WebSite","@id":"https:\/\/hd-multimedia.com\/#website","url":"https:\/\/hd-multimedia.com\/","name":"hd-multimedia","description":"","publisher":{"@id":"https:\/\/hd-multimedia.com\/#organization"},"potentialAction":[{"@type":"SearchAction","target":{"@type":"EntryPoint","urlTemplate":"https:\/\/hd-multimedia.com\/?s={search_term_string}"},"query-input":"required name=search_term_string"}],"inLanguage":"sl-SI"},{"@type":"Organization","@id":"https:\/\/hd-multimedia.com\/#organization","name":"hd-multimedia","url":"https:\/\/hd-multimedia.com\/","logo":{"@type":"ImageObject","inLanguage":"sl-SI","@id":"https:\/\/hd-multimedia.com\/#\/schema\/logo\/image\/","url":"https:\/\/hd-multimedia.com\/hdm_media\/HD-curves-ok-196-56px-alpha-1.png","contentUrl":"https:\/\/hd-multimedia.com\/hdm_media\/HD-curves-ok-196-56px-alpha-1.png","width":196,"height":53,"caption":"hd-multimedia"},"image":{"@id":"https:\/\/hd-multimedia.com\/#\/schema\/logo\/image\/"}}]}},"post_mailing_queue_ids":[],"_links":{"self":[{"href":"https:\/\/hd-multimedia.com\/sl\/wp-json\/wp\/v2\/product\/11631","targetHints":{"allow":["GET"]}}],"collection":[{"href":"https:\/\/hd-multimedia.com\/sl\/wp-json\/wp\/v2\/product"}],"about":[{"href":"https:\/\/hd-multimedia.com\/sl\/wp-json\/wp\/v2\/types\/product"}],"version-history":[{"count":2,"href":"https:\/\/hd-multimedia.com\/sl\/wp-json\/wp\/v2\/product\/11631\/revisions"}],"predecessor-version":[{"id":15639,"href":"https:\/\/hd-multimedia.com\/sl\/wp-json\/wp\/v2\/product\/11631\/revisions\/15639"}],"wp:featuredmedia":[{"embeddable":true,"href":"https:\/\/hd-multimedia.com\/sl\/wp-json\/wp\/v2\/media\/11636"}],"wp:attachment":[{"href":"https:\/\/hd-multimedia.com\/sl\/wp-json\/wp\/v2\/media?parent=11631"}],"curies":[{"name":"wp","href":"https:\/\/api.w.org\/{rel}","templated":true}]}}