{"id":11592,"date":"2023-06-07T09:41:00","date_gmt":"2023-06-07T09:41:00","guid":{"rendered":"https:\/\/hd-multimedia.com\/?post_type=product&#038;p=11592"},"modified":"2025-04-10T11:21:24","modified_gmt":"2025-04-10T11:21:24","slug":"topping-a70-pro","status":"publish","type":"product","link":"https:\/\/hd-multimedia.com\/sl\/trgovina\/topping-a70-pro\/","title":{"rendered":"Topping A70 Pro"},"content":{"rendered":"<p>Topping A70 Pro je preprosta in zelo u\u010dinkovita. Vklju\u010duje uravnote\u017een komplet XLR in stereo RCA komplet, vendar z mo\u017enostjo povezave A70Pro z Ext90 lahko dobite skupno 4 uravnote\u017eene XLR vhode in 2 RCA vhoda. Na izhodni strani so na voljo trije priklju\u010dki; uravnote\u017een 4,4 mm jack izhod, 6,35 jack izhod in 4 pinski XLR izhod. Na voljo sta tudi izhod RCA in izhod XLR za funkcijo predoja\u010devalnika.<\/p>\n<p>Topping A70 Pro se lahko uporablja tudi kot predoja\u010devalnik. Ima tudi visoko zmogljivost kot predoja\u010devalnik z izhodno impedanco 50 Ohmov na RCA in 100 Ohmov na XLR. To omogo\u010da, da se Topping A70 Pro pove\u017ee s \u0161tevilnimi oja\u010devalci.<\/p>\n<p>&nbsp;<\/p>\n<p>Najve\u010dji THD+N: &lt;0,00005%<br \/>\nNajve\u010dji SNR: 147 dB<br \/>\nNajve\u010dji dinami\u010dni razpon: 147dB<br \/>\nFrekven\u010dni odziv: 20Hz \u2013 40kHz<br \/>\nNajvi\u0161ji izhodni nivoji: 56Vpp (nizko oja\u010denje), 54Vpp (visoko oja\u010denje)<br \/>\nDejanska raven hrupa (A-wt): &lt;0,6uVrms (nizko oja\u010danje), &lt;1,8uVrms (visoko oja\u010danje)<br \/>\nNajni\u017eji presluh: -133dB<br \/>\nDobi\u010dek: 6 dB (nizko oja\u010danje), 19,8 dB (visoko oja\u010danje)<br \/>\nIzhodne ravni:<br \/>\n17.000 mW x2 pri 16\u03a9<br \/>\n12.600 mW x2 pri 32\u03a9<br \/>\n6.000 mW x 2 pri 64 \u03a9<br \/>\n1,370 mW x2 pri 300 \u03a9<br \/>\n670mW x2 pri 600\u03a9<\/p>","protected":false},"excerpt":{"rendered":"<p>Topping A70 Pro predstavlja ponovno optimizirano novo arhitekturo strojne opreme, ki vklju\u010duje vhodno stopnjo z ultra nizkim \u0161umom in pove\u010dano vhodno impedanco za izbolj\u0161ano zdru\u017eljivost z razli\u010dnimi napravami. Preoblikovana arhitektura oja\u010danja zmanj\u0161a \u0161um in popa\u010denje tudi pri visokih stopnjah oja\u010danja. Za boj proti hrupu vklju\u010duje stikalo GND\/LIFT, ki s preprosto spremembo odpravi ne\u017eelen hrup. Vti\u010dnik Aurora UI s polnobarvnim zaslonom in gumbi na dotik nudi novo uporabni\u0161ko izku\u0161njo in ponuja prilagodljive mo\u017enosti prikaza.<br \/>\nTopping A70 Pro uporablja relejni nadzor glasnosti za natan\u010dno nastavitev in dolgotrajno zanesljivost. Deluje kot oja\u010devalnik za slu\u0161alke in predoja\u010devalnik ter ponuja visoko zmogljivost in nizko izhodno impedanco za vsestransko uporabo z razli\u010dnimi zvo\u010dnimi nastavitvami.<\/p>\n<p><a href=\"https:\/\/www.tpdz.net\/productinfo\/1009982.html\" target=\"_blank\" rel=\"noopener\">Povezava za dodatne informacije o specifikacijah!<\/a><\/p>","protected":false},"featured_media":11593,"template":"","meta":{"site-sidebar-layout":"default","site-content-layout":"default","ast-site-content-layout":"default","site-content-style":"default","site-sidebar-style":"default","ast-global-header-display":"","ast-banner-title-visibility":"","ast-main-header-display":"","ast-hfb-above-header-display":"","ast-hfb-below-header-display":"","ast-hfb-mobile-header-display":"","site-post-title":"","ast-breadcrumbs-content":"","ast-featured-img":"","footer-sml-layout":"","theme-transparent-header-meta":"default","adv-header-id-meta":"","stick-header-meta":"default","header-above-stick-meta":"","header-main-stick-meta":"","header-below-stick-meta":"","astra-migrate-meta-layouts":"set","ast-page-background-enabled":"default","ast-page-background-meta":{"desktop":{"background-color":"","background-image":"","background-repeat":"repeat","background-position":"center center","background-size":"auto","background-attachment":"scroll","background-type":"","background-media":"","overlay-type":"","overlay-color":"","overlay-opacity":"","overlay-gradient":""},"tablet":{"background-color":"","background-image":"","background-repeat":"repeat","background-position":"center center","background-size":"auto","background-attachment":"scroll","background-type":"","background-media":"","overlay-type":"","overlay-color":"","overlay-opacity":"","overlay-gradient":""},"mobile":{"background-color":"","background-image":"","background-repeat":"repeat","background-position":"center center","background-size":"auto","background-attachment":"scroll","background-type":"","background-media":"","overlay-type":"","overlay-color":"","overlay-opacity":"","overlay-gradient":""}},"ast-content-background-meta":{"desktop":{"background-color":"var(--ast-global-color-5)","background-image":"","background-repeat":"repeat","background-position":"center center","background-size":"auto","background-attachment":"scroll","background-type":"","background-media":"","overlay-type":"","overlay-color":"","overlay-opacity":"","overlay-gradient":""},"tablet":{"background-color":"var(--ast-global-color-5)","background-image":"","background-repeat":"repeat","background-position":"center center","background-size":"auto","background-attachment":"scroll","background-type":"","background-media":"","overlay-type":"","overlay-color":"","overlay-opacity":"","overlay-gradient":""},"mobile":{"background-color":"var(--ast-global-color-5)","background-image":"","background-repeat":"repeat","background-position":"center center","background-size":"auto","background-attachment":"scroll","background-type":"","background-media":"","overlay-type":"","overlay-color":"","overlay-opacity":"","overlay-gradient":""}}},"class_list":["post-11592","product","type-product","status-publish","has-post-thumbnail","hentry","product_cat-pojacala-za-slusalice","product_cat-topping","desktop-align-center","tablet-align-center","mobile-align-center","ast-product-gallery-layout-horizontal","ast-magnify-disabled","ast-product-single-variable","ast-product-tabs-layout-horizontal"],"yoast_head":"<!-- This site is optimized with the Yoast SEO plugin v21.4 - https:\/\/yoast.com\/wordpress\/plugins\/seo\/ -->\n<title>Topping A70 Pro - hd-multimedia<\/title>\n<meta name=\"description\" content=\"Topping A70 Pro je potpuno uravnote\u017eeno AMP\/Pre-AM za stolne HiFi slu\u0161alice. Njegov dizajn \u010dini ga idealnim za svakog \u017eeli u\u017eivati u slu\u0161anju slu\u0161alica.\" \/>\n<meta name=\"robots\" content=\"index, follow, max-snippet:-1, max-image-preview:large, max-video-preview:-1\" \/>\n<link rel=\"canonical\" href=\"https:\/\/hd-multimedia.com\/sl\/trgovina\/topping-a70-pro\/\" \/>\n<meta property=\"og:locale\" content=\"sl_SI\" \/>\n<meta property=\"og:type\" content=\"article\" \/>\n<meta property=\"og:title\" content=\"Topping A70 Pro - hd-multimedia\" \/>\n<meta property=\"og:description\" content=\"Topping A70 Pro je potpuno uravnote\u017eeno AMP\/Pre-AM za stolne HiFi slu\u0161alice. Njegov dizajn \u010dini ga idealnim za svakog \u017eeli u\u017eivati u slu\u0161anju slu\u0161alica.\" \/>\n<meta property=\"og:url\" content=\"https:\/\/hd-multimedia.com\/sl\/trgovina\/topping-a70-pro\/\" \/>\n<meta property=\"og:site_name\" content=\"hd-multimedia\" \/>\n<meta property=\"article:modified_time\" content=\"2025-04-10T11:21:24+00:00\" \/>\n<meta property=\"og:image\" content=\"https:\/\/hd-multimedia.com\/hdm_media\/Topping-A70-Pro-side.jpg\" \/>\n\t<meta property=\"og:image:width\" content=\"900\" \/>\n\t<meta property=\"og:image:height\" content=\"900\" \/>\n\t<meta property=\"og:image:type\" content=\"image\/jpeg\" \/>\n<meta name=\"twitter:card\" content=\"summary_large_image\" \/>\n<meta name=\"twitter:label1\" content=\"Est. reading time\" \/>\n\t<meta name=\"twitter:data1\" content=\"1 minuta\" \/>\n<script type=\"application\/ld+json\" class=\"yoast-schema-graph\">{\"@context\":\"https:\/\/schema.org\",\"@graph\":[{\"@type\":\"WebPage\",\"@id\":\"https:\/\/hd-multimedia.com\/trgovina\/topping-a70-pro\/\",\"url\":\"https:\/\/hd-multimedia.com\/trgovina\/topping-a70-pro\/\",\"name\":\"Topping A70 Pro - hd-multimedia\",\"isPartOf\":{\"@id\":\"https:\/\/hd-multimedia.com\/#website\"},\"datePublished\":\"2023-06-07T09:41:00+00:00\",\"dateModified\":\"2025-04-10T11:21:24+00:00\",\"description\":\"Topping A70 Pro je potpuno uravnote\u017eeno AMP\/Pre-AM za stolne HiFi slu\u0161alice. Njegov dizajn \u010dini ga idealnim za svakog \u017eeli u\u017eivati u slu\u0161anju slu\u0161alica.\",\"breadcrumb\":{\"@id\":\"https:\/\/hd-multimedia.com\/trgovina\/topping-a70-pro\/#breadcrumb\"},\"inLanguage\":\"sl-SI\",\"potentialAction\":[{\"@type\":\"ReadAction\",\"target\":[\"https:\/\/hd-multimedia.com\/trgovina\/topping-a70-pro\/\"]}]},{\"@type\":\"BreadcrumbList\",\"@id\":\"https:\/\/hd-multimedia.com\/trgovina\/topping-a70-pro\/#breadcrumb\",\"itemListElement\":[{\"@type\":\"ListItem\",\"position\":1,\"name\":\"Po\u010detna stranica\",\"item\":\"https:\/\/hd-multimedia.com\/\"},{\"@type\":\"ListItem\",\"position\":2,\"name\":\"Trgovina\",\"item\":\"https:\/\/hd-multimedia.com\/trgovina\/\"},{\"@type\":\"ListItem\",\"position\":3,\"name\":\"Topping A70 Pro\"}]},{\"@type\":\"WebSite\",\"@id\":\"https:\/\/hd-multimedia.com\/#website\",\"url\":\"https:\/\/hd-multimedia.com\/\",\"name\":\"hd-multimedia\",\"description\":\"\",\"publisher\":{\"@id\":\"https:\/\/hd-multimedia.com\/#organization\"},\"potentialAction\":[{\"@type\":\"SearchAction\",\"target\":{\"@type\":\"EntryPoint\",\"urlTemplate\":\"https:\/\/hd-multimedia.com\/?s={search_term_string}\"},\"query-input\":\"required name=search_term_string\"}],\"inLanguage\":\"sl-SI\"},{\"@type\":\"Organization\",\"@id\":\"https:\/\/hd-multimedia.com\/#organization\",\"name\":\"hd-multimedia\",\"url\":\"https:\/\/hd-multimedia.com\/\",\"logo\":{\"@type\":\"ImageObject\",\"inLanguage\":\"sl-SI\",\"@id\":\"https:\/\/hd-multimedia.com\/#\/schema\/logo\/image\/\",\"url\":\"https:\/\/hd-multimedia.com\/hdm_media\/HD-curves-ok-196-56px-alpha-1.png\",\"contentUrl\":\"https:\/\/hd-multimedia.com\/hdm_media\/HD-curves-ok-196-56px-alpha-1.png\",\"width\":196,\"height\":53,\"caption\":\"hd-multimedia\"},\"image\":{\"@id\":\"https:\/\/hd-multimedia.com\/#\/schema\/logo\/image\/\"}}]}<\/script>\n<!-- \/ Yoast SEO plugin. -->","yoast_head_json":{"title":"Topping A70 Pro - hd-multimedia","description":"Topping A70 Pro je potpuno uravnote\u017eeno AMP\/Pre-AM za stolne HiFi slu\u0161alice. Njegov dizajn \u010dini ga idealnim za svakog \u017eeli u\u017eivati u slu\u0161anju slu\u0161alica.","robots":{"index":"index","follow":"follow","max-snippet":"max-snippet:-1","max-image-preview":"max-image-preview:large","max-video-preview":"max-video-preview:-1"},"canonical":"https:\/\/hd-multimedia.com\/sl\/trgovina\/topping-a70-pro\/","og_locale":"sl_SI","og_type":"article","og_title":"Topping A70 Pro - hd-multimedia","og_description":"Topping A70 Pro je potpuno uravnote\u017eeno AMP\/Pre-AM za stolne HiFi slu\u0161alice. Njegov dizajn \u010dini ga idealnim za svakog \u017eeli u\u017eivati u slu\u0161anju slu\u0161alica.","og_url":"https:\/\/hd-multimedia.com\/sl\/trgovina\/topping-a70-pro\/","og_site_name":"hd-multimedia","article_modified_time":"2025-04-10T11:21:24+00:00","og_image":[{"width":900,"height":900,"url":"https:\/\/hd-multimedia.com\/hdm_media\/Topping-A70-Pro-side.jpg","type":"image\/jpeg"}],"twitter_card":"summary_large_image","twitter_misc":{"Est. reading time":"1 minuta"},"schema":{"@context":"https:\/\/schema.org","@graph":[{"@type":"WebPage","@id":"https:\/\/hd-multimedia.com\/trgovina\/topping-a70-pro\/","url":"https:\/\/hd-multimedia.com\/trgovina\/topping-a70-pro\/","name":"Topping A70 Pro - hd-multimedia","isPartOf":{"@id":"https:\/\/hd-multimedia.com\/#website"},"datePublished":"2023-06-07T09:41:00+00:00","dateModified":"2025-04-10T11:21:24+00:00","description":"Topping A70 Pro je potpuno uravnote\u017eeno AMP\/Pre-AM za stolne HiFi slu\u0161alice. Njegov dizajn \u010dini ga idealnim za svakog \u017eeli u\u017eivati u slu\u0161anju slu\u0161alica.","breadcrumb":{"@id":"https:\/\/hd-multimedia.com\/trgovina\/topping-a70-pro\/#breadcrumb"},"inLanguage":"sl-SI","potentialAction":[{"@type":"ReadAction","target":["https:\/\/hd-multimedia.com\/trgovina\/topping-a70-pro\/"]}]},{"@type":"BreadcrumbList","@id":"https:\/\/hd-multimedia.com\/trgovina\/topping-a70-pro\/#breadcrumb","itemListElement":[{"@type":"ListItem","position":1,"name":"Po\u010detna stranica","item":"https:\/\/hd-multimedia.com\/"},{"@type":"ListItem","position":2,"name":"Trgovina","item":"https:\/\/hd-multimedia.com\/trgovina\/"},{"@type":"ListItem","position":3,"name":"Topping A70 Pro"}]},{"@type":"WebSite","@id":"https:\/\/hd-multimedia.com\/#website","url":"https:\/\/hd-multimedia.com\/","name":"hd-multimedia","description":"","publisher":{"@id":"https:\/\/hd-multimedia.com\/#organization"},"potentialAction":[{"@type":"SearchAction","target":{"@type":"EntryPoint","urlTemplate":"https:\/\/hd-multimedia.com\/?s={search_term_string}"},"query-input":"required name=search_term_string"}],"inLanguage":"sl-SI"},{"@type":"Organization","@id":"https:\/\/hd-multimedia.com\/#organization","name":"hd-multimedia","url":"https:\/\/hd-multimedia.com\/","logo":{"@type":"ImageObject","inLanguage":"sl-SI","@id":"https:\/\/hd-multimedia.com\/#\/schema\/logo\/image\/","url":"https:\/\/hd-multimedia.com\/hdm_media\/HD-curves-ok-196-56px-alpha-1.png","contentUrl":"https:\/\/hd-multimedia.com\/hdm_media\/HD-curves-ok-196-56px-alpha-1.png","width":196,"height":53,"caption":"hd-multimedia"},"image":{"@id":"https:\/\/hd-multimedia.com\/#\/schema\/logo\/image\/"}}]}},"post_mailing_queue_ids":[],"_links":{"self":[{"href":"https:\/\/hd-multimedia.com\/sl\/wp-json\/wp\/v2\/product\/11592","targetHints":{"allow":["GET"]}}],"collection":[{"href":"https:\/\/hd-multimedia.com\/sl\/wp-json\/wp\/v2\/product"}],"about":[{"href":"https:\/\/hd-multimedia.com\/sl\/wp-json\/wp\/v2\/types\/product"}],"version-history":[{"count":2,"href":"https:\/\/hd-multimedia.com\/sl\/wp-json\/wp\/v2\/product\/11592\/revisions"}],"predecessor-version":[{"id":14868,"href":"https:\/\/hd-multimedia.com\/sl\/wp-json\/wp\/v2\/product\/11592\/revisions\/14868"}],"wp:featuredmedia":[{"embeddable":true,"href":"https:\/\/hd-multimedia.com\/sl\/wp-json\/wp\/v2\/media\/11593"}],"wp:attachment":[{"href":"https:\/\/hd-multimedia.com\/sl\/wp-json\/wp\/v2\/media?parent=11592"}],"curies":[{"name":"wp","href":"https:\/\/api.w.org\/{rel}","templated":true}]}}