{"id":11585,"date":"2023-06-07T09:04:08","date_gmt":"2023-06-07T09:04:08","guid":{"rendered":"https:\/\/hd-multimedia.com\/?post_type=product&#038;p=11585"},"modified":"2026-02-02T14:32:34","modified_gmt":"2026-02-02T14:32:34","slug":"topping-d70-pro-sabre","status":"publish","type":"product","link":"https:\/\/hd-multimedia.com\/sl\/trgovina\/topping-d70-pro-sabre\/","title":{"rendered":"Topping D70 Pro Sabre"},"content":{"rendered":"<p>Izkusite novo raven HiFi zvoka z D70 Pro SABRE, ki vklju\u010duje popolnoma preoblikovan vodilni 32-bitni \u010dip ES9039SPRO DAC podjetja ESS. Zasnovan za vrhunske naprave, profesionalne snemalne sisteme, me\u0161alne mize, digitalne avdio delovne postaje in testno opremo, ta inovativni \u010dip uvaja novo dobo izjemne zvo\u010dne zmogljivosti.<\/p>\n<p>D70 Pro SABRE je zdru\u017eljiv z ve\u010d operacijskimi sistemi, vklju\u010dno z Windows 10, Windows 11, MAC, Linux in iOS\/Android. Preprosto se pove\u017eite z zvo\u010dnim virom in za\u010dnite u\u017eivati v izbolj\u0161ani kakovosti zvoka. Preklapljajte med enosmernim izhodom RCA, uravnote\u017eenim izhodom XLR ali uporabite oba izhoda hkrati z D70 Pro SABRE. Ta vsestranski izhodni dizajn ustreza razli\u010dnim sistemskim konfiguracijam in situacijam ter zagotavlja priro\u010den in u\u010dinkovit na\u010din za upravljanje zvo\u010dnega izhoda. Poleg na\u010dina DAC s fiksno izhodno ravnjo ima D70 Pro SABRE tudi na\u010din &quot;preamp&quot;, ki vam omogo\u010da prilagajanje glasnosti in izhoda neposredno na va\u0161 oja\u010devalnik mo\u010di ali aktivne zvo\u010dnike.<\/p>","protected":false},"excerpt":{"rendered":"<p>Poslu\u0161ajte svojo glasbo kot \u0161e nikoli doslej s TOPPING D70 Pro Sabre DAC, zmogljivo napravo, zasnovano za avdiofile in glasbene navdu\u0161ence. S prenovljenim \u010dipom ES9039SPRO, Topping D70 Pro SABRE zdru\u017euje vrhunsko zmogljivost, prenos Bluetooth 5.1 in vsestranske izhodne na\u010dine v elegantnem paketu, ki je enostaven za uporabo.<\/p>\n<p><a href=\"https:\/\/www.tpdz.net\/productinfo\/1009985.html\" target=\"_blank\" rel=\"noopener\">Povezava za dodatne informacije o specifikacijah!<\/a><\/p>","protected":false},"featured_media":11586,"template":"","meta":{"site-sidebar-layout":"default","site-content-layout":"default","ast-site-content-layout":"default","site-content-style":"default","site-sidebar-style":"default","ast-global-header-display":"","ast-banner-title-visibility":"","ast-main-header-display":"","ast-hfb-above-header-display":"","ast-hfb-below-header-display":"","ast-hfb-mobile-header-display":"","site-post-title":"","ast-breadcrumbs-content":"","ast-featured-img":"","footer-sml-layout":"","theme-transparent-header-meta":"default","adv-header-id-meta":"","stick-header-meta":"default","header-above-stick-meta":"","header-main-stick-meta":"","header-below-stick-meta":"","astra-migrate-meta-layouts":"set","ast-page-background-enabled":"default","ast-page-background-meta":{"desktop":{"background-color":"","background-image":"","background-repeat":"repeat","background-position":"center center","background-size":"auto","background-attachment":"scroll","background-type":"","background-media":"","overlay-type":"","overlay-color":"","overlay-opacity":"","overlay-gradient":""},"tablet":{"background-color":"","background-image":"","background-repeat":"repeat","background-position":"center center","background-size":"auto","background-attachment":"scroll","background-type":"","background-media":"","overlay-type":"","overlay-color":"","overlay-opacity":"","overlay-gradient":""},"mobile":{"background-color":"","background-image":"","background-repeat":"repeat","background-position":"center center","background-size":"auto","background-attachment":"scroll","background-type":"","background-media":"","overlay-type":"","overlay-color":"","overlay-opacity":"","overlay-gradient":""}},"ast-content-background-meta":{"desktop":{"background-color":"var(--ast-global-color-5)","background-image":"","background-repeat":"repeat","background-position":"center center","background-size":"auto","background-attachment":"scroll","background-type":"","background-media":"","overlay-type":"","overlay-color":"","overlay-opacity":"","overlay-gradient":""},"tablet":{"background-color":"var(--ast-global-color-5)","background-image":"","background-repeat":"repeat","background-position":"center center","background-size":"auto","background-attachment":"scroll","background-type":"","background-media":"","overlay-type":"","overlay-color":"","overlay-opacity":"","overlay-gradient":""},"mobile":{"background-color":"var(--ast-global-color-5)","background-image":"","background-repeat":"repeat","background-position":"center center","background-size":"auto","background-attachment":"scroll","background-type":"","background-media":"","overlay-type":"","overlay-color":"","overlay-opacity":"","overlay-gradient":""}}},"class_list":["post-11585","product","type-product","status-publish","has-post-thumbnail","hentry","product_cat-dac","product_cat-topping","desktop-align-center","tablet-align-center","mobile-align-center","ast-product-gallery-layout-horizontal","ast-magnify-disabled","ast-product-single-variable","ast-product-tabs-layout-horizontal"],"yoast_head":"<!-- This site is optimized with the Yoast SEO plugin v21.4 - https:\/\/yoast.com\/wordpress\/plugins\/seo\/ -->\n<title>Topping D70 Pro Sabre - hd-multimedia<\/title>\n<meta name=\"description\" content=\"Slu\u0161ajte svoju glazbu kao nikada prije uz TOPPING D70 Pro Sabre DAC, dizajniran za audiofile i glazbene entuzijaste. Sa redizajniranim ES9039SPRO \u010dipom.\" \/>\n<meta name=\"robots\" content=\"index, follow, max-snippet:-1, max-image-preview:large, max-video-preview:-1\" \/>\n<link rel=\"canonical\" href=\"https:\/\/hd-multimedia.com\/sl\/trgovina\/topping-d70-pro-sabre\/\" \/>\n<meta property=\"og:locale\" content=\"sl_SI\" \/>\n<meta property=\"og:type\" content=\"article\" \/>\n<meta property=\"og:title\" content=\"Topping D70 Pro Sabre - hd-multimedia\" \/>\n<meta property=\"og:description\" content=\"Slu\u0161ajte svoju glazbu kao nikada prije uz TOPPING D70 Pro Sabre DAC, dizajniran za audiofile i glazbene entuzijaste. Sa redizajniranim ES9039SPRO \u010dipom.\" \/>\n<meta property=\"og:url\" content=\"https:\/\/hd-multimedia.com\/sl\/trgovina\/topping-d70-pro-sabre\/\" \/>\n<meta property=\"og:site_name\" content=\"hd-multimedia\" \/>\n<meta property=\"article:modified_time\" content=\"2026-02-02T14:32:34+00:00\" \/>\n<meta property=\"og:image\" content=\"https:\/\/hd-multimedia.com\/hdm_media\/Topping-D70-Pro-side.jpg\" \/>\n\t<meta property=\"og:image:width\" content=\"900\" \/>\n\t<meta property=\"og:image:height\" content=\"900\" \/>\n\t<meta property=\"og:image:type\" content=\"image\/jpeg\" \/>\n<meta name=\"twitter:card\" content=\"summary_large_image\" \/>\n<meta name=\"twitter:label1\" content=\"Est. reading time\" \/>\n\t<meta name=\"twitter:data1\" content=\"1 minuta\" \/>\n<script type=\"application\/ld+json\" class=\"yoast-schema-graph\">{\"@context\":\"https:\/\/schema.org\",\"@graph\":[{\"@type\":\"WebPage\",\"@id\":\"https:\/\/hd-multimedia.com\/trgovina\/topping-d70-pro-sabre\/\",\"url\":\"https:\/\/hd-multimedia.com\/trgovina\/topping-d70-pro-sabre\/\",\"name\":\"Topping D70 Pro Sabre - hd-multimedia\",\"isPartOf\":{\"@id\":\"https:\/\/hd-multimedia.com\/#website\"},\"datePublished\":\"2023-06-07T09:04:08+00:00\",\"dateModified\":\"2026-02-02T14:32:34+00:00\",\"description\":\"Slu\u0161ajte svoju glazbu kao nikada prije uz TOPPING D70 Pro Sabre DAC, dizajniran za audiofile i glazbene entuzijaste. Sa redizajniranim ES9039SPRO \u010dipom.\",\"breadcrumb\":{\"@id\":\"https:\/\/hd-multimedia.com\/trgovina\/topping-d70-pro-sabre\/#breadcrumb\"},\"inLanguage\":\"sl-SI\",\"potentialAction\":[{\"@type\":\"ReadAction\",\"target\":[\"https:\/\/hd-multimedia.com\/trgovina\/topping-d70-pro-sabre\/\"]}]},{\"@type\":\"BreadcrumbList\",\"@id\":\"https:\/\/hd-multimedia.com\/trgovina\/topping-d70-pro-sabre\/#breadcrumb\",\"itemListElement\":[{\"@type\":\"ListItem\",\"position\":1,\"name\":\"Po\u010detna stranica\",\"item\":\"https:\/\/hd-multimedia.com\/\"},{\"@type\":\"ListItem\",\"position\":2,\"name\":\"Trgovina\",\"item\":\"https:\/\/hd-multimedia.com\/trgovina\/\"},{\"@type\":\"ListItem\",\"position\":3,\"name\":\"Topping D70 Pro Sabre\"}]},{\"@type\":\"WebSite\",\"@id\":\"https:\/\/hd-multimedia.com\/#website\",\"url\":\"https:\/\/hd-multimedia.com\/\",\"name\":\"hd-multimedia\",\"description\":\"\",\"publisher\":{\"@id\":\"https:\/\/hd-multimedia.com\/#organization\"},\"potentialAction\":[{\"@type\":\"SearchAction\",\"target\":{\"@type\":\"EntryPoint\",\"urlTemplate\":\"https:\/\/hd-multimedia.com\/?s={search_term_string}\"},\"query-input\":\"required name=search_term_string\"}],\"inLanguage\":\"sl-SI\"},{\"@type\":\"Organization\",\"@id\":\"https:\/\/hd-multimedia.com\/#organization\",\"name\":\"hd-multimedia\",\"url\":\"https:\/\/hd-multimedia.com\/\",\"logo\":{\"@type\":\"ImageObject\",\"inLanguage\":\"sl-SI\",\"@id\":\"https:\/\/hd-multimedia.com\/#\/schema\/logo\/image\/\",\"url\":\"https:\/\/hd-multimedia.com\/hdm_media\/HD-curves-ok-196-56px-alpha-1.png\",\"contentUrl\":\"https:\/\/hd-multimedia.com\/hdm_media\/HD-curves-ok-196-56px-alpha-1.png\",\"width\":196,\"height\":53,\"caption\":\"hd-multimedia\"},\"image\":{\"@id\":\"https:\/\/hd-multimedia.com\/#\/schema\/logo\/image\/\"}}]}<\/script>\n<!-- \/ Yoast SEO plugin. -->","yoast_head_json":{"title":"Topping D70 Pro Sabre - hd-multimedia","description":"Slu\u0161ajte svoju glazbu kao nikada prije uz TOPPING D70 Pro Sabre DAC, dizajniran za audiofile i glazbene entuzijaste. Sa redizajniranim ES9039SPRO \u010dipom.","robots":{"index":"index","follow":"follow","max-snippet":"max-snippet:-1","max-image-preview":"max-image-preview:large","max-video-preview":"max-video-preview:-1"},"canonical":"https:\/\/hd-multimedia.com\/sl\/trgovina\/topping-d70-pro-sabre\/","og_locale":"sl_SI","og_type":"article","og_title":"Topping D70 Pro Sabre - hd-multimedia","og_description":"Slu\u0161ajte svoju glazbu kao nikada prije uz TOPPING D70 Pro Sabre DAC, dizajniran za audiofile i glazbene entuzijaste. Sa redizajniranim ES9039SPRO \u010dipom.","og_url":"https:\/\/hd-multimedia.com\/sl\/trgovina\/topping-d70-pro-sabre\/","og_site_name":"hd-multimedia","article_modified_time":"2026-02-02T14:32:34+00:00","og_image":[{"width":900,"height":900,"url":"https:\/\/hd-multimedia.com\/hdm_media\/Topping-D70-Pro-side.jpg","type":"image\/jpeg"}],"twitter_card":"summary_large_image","twitter_misc":{"Est. reading time":"1 minuta"},"schema":{"@context":"https:\/\/schema.org","@graph":[{"@type":"WebPage","@id":"https:\/\/hd-multimedia.com\/trgovina\/topping-d70-pro-sabre\/","url":"https:\/\/hd-multimedia.com\/trgovina\/topping-d70-pro-sabre\/","name":"Topping D70 Pro Sabre - hd-multimedia","isPartOf":{"@id":"https:\/\/hd-multimedia.com\/#website"},"datePublished":"2023-06-07T09:04:08+00:00","dateModified":"2026-02-02T14:32:34+00:00","description":"Slu\u0161ajte svoju glazbu kao nikada prije uz TOPPING D70 Pro Sabre DAC, dizajniran za audiofile i glazbene entuzijaste. Sa redizajniranim ES9039SPRO \u010dipom.","breadcrumb":{"@id":"https:\/\/hd-multimedia.com\/trgovina\/topping-d70-pro-sabre\/#breadcrumb"},"inLanguage":"sl-SI","potentialAction":[{"@type":"ReadAction","target":["https:\/\/hd-multimedia.com\/trgovina\/topping-d70-pro-sabre\/"]}]},{"@type":"BreadcrumbList","@id":"https:\/\/hd-multimedia.com\/trgovina\/topping-d70-pro-sabre\/#breadcrumb","itemListElement":[{"@type":"ListItem","position":1,"name":"Po\u010detna stranica","item":"https:\/\/hd-multimedia.com\/"},{"@type":"ListItem","position":2,"name":"Trgovina","item":"https:\/\/hd-multimedia.com\/trgovina\/"},{"@type":"ListItem","position":3,"name":"Topping D70 Pro Sabre"}]},{"@type":"WebSite","@id":"https:\/\/hd-multimedia.com\/#website","url":"https:\/\/hd-multimedia.com\/","name":"hd-multimedia","description":"","publisher":{"@id":"https:\/\/hd-multimedia.com\/#organization"},"potentialAction":[{"@type":"SearchAction","target":{"@type":"EntryPoint","urlTemplate":"https:\/\/hd-multimedia.com\/?s={search_term_string}"},"query-input":"required name=search_term_string"}],"inLanguage":"sl-SI"},{"@type":"Organization","@id":"https:\/\/hd-multimedia.com\/#organization","name":"hd-multimedia","url":"https:\/\/hd-multimedia.com\/","logo":{"@type":"ImageObject","inLanguage":"sl-SI","@id":"https:\/\/hd-multimedia.com\/#\/schema\/logo\/image\/","url":"https:\/\/hd-multimedia.com\/hdm_media\/HD-curves-ok-196-56px-alpha-1.png","contentUrl":"https:\/\/hd-multimedia.com\/hdm_media\/HD-curves-ok-196-56px-alpha-1.png","width":196,"height":53,"caption":"hd-multimedia"},"image":{"@id":"https:\/\/hd-multimedia.com\/#\/schema\/logo\/image\/"}}]}},"post_mailing_queue_ids":[],"_links":{"self":[{"href":"https:\/\/hd-multimedia.com\/sl\/wp-json\/wp\/v2\/product\/11585","targetHints":{"allow":["GET"]}}],"collection":[{"href":"https:\/\/hd-multimedia.com\/sl\/wp-json\/wp\/v2\/product"}],"about":[{"href":"https:\/\/hd-multimedia.com\/sl\/wp-json\/wp\/v2\/types\/product"}],"version-history":[{"count":3,"href":"https:\/\/hd-multimedia.com\/sl\/wp-json\/wp\/v2\/product\/11585\/revisions"}],"predecessor-version":[{"id":13433,"href":"https:\/\/hd-multimedia.com\/sl\/wp-json\/wp\/v2\/product\/11585\/revisions\/13433"}],"wp:featuredmedia":[{"embeddable":true,"href":"https:\/\/hd-multimedia.com\/sl\/wp-json\/wp\/v2\/media\/11586"}],"wp:attachment":[{"href":"https:\/\/hd-multimedia.com\/sl\/wp-json\/wp\/v2\/media?parent=11585"}],"curies":[{"name":"wp","href":"https:\/\/api.w.org\/{rel}","templated":true}]}}