{"id":11571,"date":"2023-06-06T11:41:11","date_gmt":"2023-06-06T11:41:11","guid":{"rendered":"https:\/\/hd-multimedia.com\/?post_type=product&#038;p=11571"},"modified":"2025-10-31T08:59:41","modified_gmt":"2025-10-31T08:59:41","slug":"topping-mx3s","status":"publish","type":"product","link":"https:\/\/hd-multimedia.com\/sl\/trgovina\/topping-mx3s\/","title":{"rendered":"Topping MX3"},"content":{"rendered":"<p>Odsek oja\u010devalnika MX3s uporablja \u010dip Infineon Merus razreda D, ki mu omogo\u010da zagotavljanje 2x50W mo\u010di pod 4\u03a9 z visoko u\u010dinkovitostjo, ve\u010djo od 90%. Ponuja tudi zna\u010dilno restitucijo, ki jo zaznamuje \u010dudovita jasnost in natan\u010dnost. MX3s ponuja tudi dvostopenjski nadzor oja\u010ditve, ki omogo\u010da prilagajanje va\u0161emu sistemu poslu\u0161anja. Lahko se uporablja z majhnimi pasivnimi \u0161katlami, kot je Edifier P12.<\/p>\n<p>Topping MX3s ima Bluetooth sprejemnik, ki vam omogo\u010da pretakanje glasbe iz pametnega telefona ali tablice. Uporabljeni \u010dip podpira kodeke za prenos aptX, aptX HD in aptX Adaptive, ki spodbujajo visokokakovostno brez\u017ei\u010dno predvajanje zvoka.<\/p>\n<p>Topping MX3s ima izhod za globokotonec RCA formata in se lahko uporablja za nastavitev avdio sistema 2.1. Uporaba globokotonca omogo\u010da doseganje globokih in mo\u010dnih nizkih tonov.<\/p>","protected":false},"excerpt":{"rendered":"<p>Topping MX3s je majhna, vsestranska naprava, ki deluje kot DAC, 2x50 W oja\u010devalnik in oja\u010devalnik za slu\u0161alke. Ima integriran AK4377 DAC in Bluetooth sprejemnik. Idealen in vsestranski model z mo\u017enostjo dinami\u010dne, natan\u010dne in zveste reprodukcije. Digitalni vhodi Topping MX3s imajo samodejno zaznavanje vhodnega signala, kar mu omogo\u010da, da se samodejno vklopi, ko prejme zvo\u010dni signal, in se izklopi, \u010de eno minuto ni sprejetega veljavnega signala.<\/p>\n<p><a href=\"https:\/\/www.tpdz.net\/productinfo\/986241.html\" target=\"_blank\" rel=\"noopener\">Povezava za dodatne informacije o specifikacijah!<\/a><\/p>","protected":false},"featured_media":11573,"template":"","meta":{"site-sidebar-layout":"default","site-content-layout":"default","ast-site-content-layout":"default","site-content-style":"default","site-sidebar-style":"default","ast-global-header-display":"","ast-banner-title-visibility":"","ast-main-header-display":"","ast-hfb-above-header-display":"","ast-hfb-below-header-display":"","ast-hfb-mobile-header-display":"","site-post-title":"","ast-breadcrumbs-content":"","ast-featured-img":"","footer-sml-layout":"","theme-transparent-header-meta":"default","adv-header-id-meta":"","stick-header-meta":"default","header-above-stick-meta":"","header-main-stick-meta":"","header-below-stick-meta":"","astra-migrate-meta-layouts":"set","ast-page-background-enabled":"default","ast-page-background-meta":{"desktop":{"background-color":"","background-image":"","background-repeat":"repeat","background-position":"center center","background-size":"auto","background-attachment":"scroll","background-type":"","background-media":"","overlay-type":"","overlay-color":"","overlay-opacity":"","overlay-gradient":""},"tablet":{"background-color":"","background-image":"","background-repeat":"repeat","background-position":"center center","background-size":"auto","background-attachment":"scroll","background-type":"","background-media":"","overlay-type":"","overlay-color":"","overlay-opacity":"","overlay-gradient":""},"mobile":{"background-color":"","background-image":"","background-repeat":"repeat","background-position":"center center","background-size":"auto","background-attachment":"scroll","background-type":"","background-media":"","overlay-type":"","overlay-color":"","overlay-opacity":"","overlay-gradient":""}},"ast-content-background-meta":{"desktop":{"background-color":"var(--ast-global-color-5)","background-image":"","background-repeat":"repeat","background-position":"center center","background-size":"auto","background-attachment":"scroll","background-type":"","background-media":"","overlay-type":"","overlay-color":"","overlay-opacity":"","overlay-gradient":""},"tablet":{"background-color":"var(--ast-global-color-5)","background-image":"","background-repeat":"repeat","background-position":"center center","background-size":"auto","background-attachment":"scroll","background-type":"","background-media":"","overlay-type":"","overlay-color":"","overlay-opacity":"","overlay-gradient":""},"mobile":{"background-color":"var(--ast-global-color-5)","background-image":"","background-repeat":"repeat","background-position":"center center","background-size":"auto","background-attachment":"scroll","background-type":"","background-media":"","overlay-type":"","overlay-color":"","overlay-opacity":"","overlay-gradient":""}}},"class_list":["post-11571","product","type-product","status-publish","has-post-thumbnail","hentry","product_cat-pojacala-za-slusalice","product_cat-integrirana-pojacala","product_cat-topping","product_tag-pokloni-za-bozic","desktop-align-center","tablet-align-center","mobile-align-center","ast-product-gallery-layout-horizontal","ast-magnify-disabled","ast-product-single-variable","ast-product-tabs-layout-horizontal"],"yoast_head":"<!-- This site is optimized with the Yoast SEO plugin v21.4 - https:\/\/yoast.com\/wordpress\/plugins\/seo\/ -->\n<title>Topping MX3s - hd-multimedia<\/title>\n<meta name=\"description\" content=\"Topping MX3S je mali svestrani ure\u0111aj koji djeluje kao DAC, poja\u010dalo od 2x50W i poja\u010dalo za slu\u0161alice. Ima integrirani AK4377 DAC i Bluetooth prijemnik.\" \/>\n<meta name=\"robots\" content=\"index, follow, max-snippet:-1, max-image-preview:large, max-video-preview:-1\" \/>\n<link rel=\"canonical\" href=\"https:\/\/hd-multimedia.com\/sl\/trgovina\/topping-mx3s\/\" \/>\n<meta property=\"og:locale\" content=\"sl_SI\" \/>\n<meta property=\"og:type\" content=\"article\" \/>\n<meta property=\"og:title\" content=\"Topping MX3s - hd-multimedia\" \/>\n<meta property=\"og:description\" content=\"Topping MX3S je mali svestrani ure\u0111aj koji djeluje kao DAC, poja\u010dalo od 2x50W i poja\u010dalo za slu\u0161alice. Ima integrirani AK4377 DAC i Bluetooth prijemnik.\" \/>\n<meta property=\"og:url\" content=\"https:\/\/hd-multimedia.com\/sl\/trgovina\/topping-mx3s\/\" \/>\n<meta property=\"og:site_name\" content=\"hd-multimedia\" \/>\n<meta property=\"article:modified_time\" content=\"2025-10-31T08:59:41+00:00\" \/>\n<meta property=\"og:image\" content=\"https:\/\/hd-multimedia.com\/hdm_media\/Topping-MX3s-Black-side.jpg\" \/>\n\t<meta property=\"og:image:width\" content=\"900\" \/>\n\t<meta property=\"og:image:height\" content=\"900\" \/>\n\t<meta property=\"og:image:type\" content=\"image\/jpeg\" \/>\n<meta name=\"twitter:card\" content=\"summary_large_image\" \/>\n<meta name=\"twitter:label1\" content=\"Est. reading time\" \/>\n\t<meta name=\"twitter:data1\" content=\"1 minuta\" \/>\n<script type=\"application\/ld+json\" class=\"yoast-schema-graph\">{\"@context\":\"https:\/\/schema.org\",\"@graph\":[{\"@type\":\"WebPage\",\"@id\":\"https:\/\/hd-multimedia.com\/trgovina\/topping-mx3s\/\",\"url\":\"https:\/\/hd-multimedia.com\/trgovina\/topping-mx3s\/\",\"name\":\"Topping MX3s - hd-multimedia\",\"isPartOf\":{\"@id\":\"https:\/\/hd-multimedia.com\/#website\"},\"datePublished\":\"2023-06-06T11:41:11+00:00\",\"dateModified\":\"2025-10-31T08:59:41+00:00\",\"description\":\"Topping MX3S je mali svestrani ure\u0111aj koji djeluje kao DAC, poja\u010dalo od 2x50W i poja\u010dalo za slu\u0161alice. Ima integrirani AK4377 DAC i Bluetooth prijemnik.\",\"breadcrumb\":{\"@id\":\"https:\/\/hd-multimedia.com\/trgovina\/topping-mx3s\/#breadcrumb\"},\"inLanguage\":\"sl-SI\",\"potentialAction\":[{\"@type\":\"ReadAction\",\"target\":[\"https:\/\/hd-multimedia.com\/trgovina\/topping-mx3s\/\"]}]},{\"@type\":\"BreadcrumbList\",\"@id\":\"https:\/\/hd-multimedia.com\/trgovina\/topping-mx3s\/#breadcrumb\",\"itemListElement\":[{\"@type\":\"ListItem\",\"position\":1,\"name\":\"Po\u010detna stranica\",\"item\":\"https:\/\/hd-multimedia.com\/\"},{\"@type\":\"ListItem\",\"position\":2,\"name\":\"Trgovina\",\"item\":\"https:\/\/hd-multimedia.com\/trgovina\/\"},{\"@type\":\"ListItem\",\"position\":3,\"name\":\"Topping MX3s\"}]},{\"@type\":\"WebSite\",\"@id\":\"https:\/\/hd-multimedia.com\/#website\",\"url\":\"https:\/\/hd-multimedia.com\/\",\"name\":\"hd-multimedia\",\"description\":\"\",\"publisher\":{\"@id\":\"https:\/\/hd-multimedia.com\/#organization\"},\"potentialAction\":[{\"@type\":\"SearchAction\",\"target\":{\"@type\":\"EntryPoint\",\"urlTemplate\":\"https:\/\/hd-multimedia.com\/?s={search_term_string}\"},\"query-input\":\"required name=search_term_string\"}],\"inLanguage\":\"sl-SI\"},{\"@type\":\"Organization\",\"@id\":\"https:\/\/hd-multimedia.com\/#organization\",\"name\":\"hd-multimedia\",\"url\":\"https:\/\/hd-multimedia.com\/\",\"logo\":{\"@type\":\"ImageObject\",\"inLanguage\":\"sl-SI\",\"@id\":\"https:\/\/hd-multimedia.com\/#\/schema\/logo\/image\/\",\"url\":\"https:\/\/hd-multimedia.com\/hdm_media\/HD-curves-ok-196-56px-alpha-1.png\",\"contentUrl\":\"https:\/\/hd-multimedia.com\/hdm_media\/HD-curves-ok-196-56px-alpha-1.png\",\"width\":196,\"height\":53,\"caption\":\"hd-multimedia\"},\"image\":{\"@id\":\"https:\/\/hd-multimedia.com\/#\/schema\/logo\/image\/\"}}]}<\/script>\n<!-- \/ Yoast SEO plugin. -->","yoast_head_json":{"title":"Topping MX3s - hd-multimedia","description":"Topping MX3S je mali svestrani ure\u0111aj koji djeluje kao DAC, poja\u010dalo od 2x50W i poja\u010dalo za slu\u0161alice. Ima integrirani AK4377 DAC i Bluetooth prijemnik.","robots":{"index":"index","follow":"follow","max-snippet":"max-snippet:-1","max-image-preview":"max-image-preview:large","max-video-preview":"max-video-preview:-1"},"canonical":"https:\/\/hd-multimedia.com\/sl\/trgovina\/topping-mx3s\/","og_locale":"sl_SI","og_type":"article","og_title":"Topping MX3s - hd-multimedia","og_description":"Topping MX3S je mali svestrani ure\u0111aj koji djeluje kao DAC, poja\u010dalo od 2x50W i poja\u010dalo za slu\u0161alice. Ima integrirani AK4377 DAC i Bluetooth prijemnik.","og_url":"https:\/\/hd-multimedia.com\/sl\/trgovina\/topping-mx3s\/","og_site_name":"hd-multimedia","article_modified_time":"2025-10-31T08:59:41+00:00","og_image":[{"width":900,"height":900,"url":"https:\/\/hd-multimedia.com\/hdm_media\/Topping-MX3s-Black-side.jpg","type":"image\/jpeg"}],"twitter_card":"summary_large_image","twitter_misc":{"Est. reading time":"1 minuta"},"schema":{"@context":"https:\/\/schema.org","@graph":[{"@type":"WebPage","@id":"https:\/\/hd-multimedia.com\/trgovina\/topping-mx3s\/","url":"https:\/\/hd-multimedia.com\/trgovina\/topping-mx3s\/","name":"Topping MX3s - hd-multimedia","isPartOf":{"@id":"https:\/\/hd-multimedia.com\/#website"},"datePublished":"2023-06-06T11:41:11+00:00","dateModified":"2025-10-31T08:59:41+00:00","description":"Topping MX3S je mali svestrani ure\u0111aj koji djeluje kao DAC, poja\u010dalo od 2x50W i poja\u010dalo za slu\u0161alice. Ima integrirani AK4377 DAC i Bluetooth prijemnik.","breadcrumb":{"@id":"https:\/\/hd-multimedia.com\/trgovina\/topping-mx3s\/#breadcrumb"},"inLanguage":"sl-SI","potentialAction":[{"@type":"ReadAction","target":["https:\/\/hd-multimedia.com\/trgovina\/topping-mx3s\/"]}]},{"@type":"BreadcrumbList","@id":"https:\/\/hd-multimedia.com\/trgovina\/topping-mx3s\/#breadcrumb","itemListElement":[{"@type":"ListItem","position":1,"name":"Po\u010detna stranica","item":"https:\/\/hd-multimedia.com\/"},{"@type":"ListItem","position":2,"name":"Trgovina","item":"https:\/\/hd-multimedia.com\/trgovina\/"},{"@type":"ListItem","position":3,"name":"Topping MX3s"}]},{"@type":"WebSite","@id":"https:\/\/hd-multimedia.com\/#website","url":"https:\/\/hd-multimedia.com\/","name":"hd-multimedia","description":"","publisher":{"@id":"https:\/\/hd-multimedia.com\/#organization"},"potentialAction":[{"@type":"SearchAction","target":{"@type":"EntryPoint","urlTemplate":"https:\/\/hd-multimedia.com\/?s={search_term_string}"},"query-input":"required name=search_term_string"}],"inLanguage":"sl-SI"},{"@type":"Organization","@id":"https:\/\/hd-multimedia.com\/#organization","name":"hd-multimedia","url":"https:\/\/hd-multimedia.com\/","logo":{"@type":"ImageObject","inLanguage":"sl-SI","@id":"https:\/\/hd-multimedia.com\/#\/schema\/logo\/image\/","url":"https:\/\/hd-multimedia.com\/hdm_media\/HD-curves-ok-196-56px-alpha-1.png","contentUrl":"https:\/\/hd-multimedia.com\/hdm_media\/HD-curves-ok-196-56px-alpha-1.png","width":196,"height":53,"caption":"hd-multimedia"},"image":{"@id":"https:\/\/hd-multimedia.com\/#\/schema\/logo\/image\/"}}]}},"post_mailing_queue_ids":[],"_links":{"self":[{"href":"https:\/\/hd-multimedia.com\/sl\/wp-json\/wp\/v2\/product\/11571","targetHints":{"allow":["GET"]}}],"collection":[{"href":"https:\/\/hd-multimedia.com\/sl\/wp-json\/wp\/v2\/product"}],"about":[{"href":"https:\/\/hd-multimedia.com\/sl\/wp-json\/wp\/v2\/types\/product"}],"version-history":[{"count":4,"href":"https:\/\/hd-multimedia.com\/sl\/wp-json\/wp\/v2\/product\/11571\/revisions"}],"predecessor-version":[{"id":11583,"href":"https:\/\/hd-multimedia.com\/sl\/wp-json\/wp\/v2\/product\/11571\/revisions\/11583"}],"wp:featuredmedia":[{"embeddable":true,"href":"https:\/\/hd-multimedia.com\/sl\/wp-json\/wp\/v2\/media\/11573"}],"wp:attachment":[{"href":"https:\/\/hd-multimedia.com\/sl\/wp-json\/wp\/v2\/media?parent=11571"}],"curies":[{"name":"wp","href":"https:\/\/api.w.org\/{rel}","templated":true}]}}