{"id":11144,"date":"2023-05-04T10:30:00","date_gmt":"2023-05-04T10:30:00","guid":{"rendered":"https:\/\/hd-multimedia.com\/?post_type=product&#038;p=11144"},"modified":"2025-02-10T10:57:46","modified_gmt":"2025-02-10T10:57:46","slug":"stax-d50-l300","status":"publish","type":"product","link":"https:\/\/hd-multimedia.com\/sl\/trgovina\/stax-d50-l300\/","title":{"rendered":"STAX D50+L300 \u2013 komplet"},"content":{"rendered":"<p>Set: <strong>STAX SR-L300<\/strong>\u00a0slu\u0161alke (Earspeaker) in\u00a0 <strong>STAX SRM-D50 <\/strong>oja\u010devalnik za slu\u0161alke<\/p>\n<p>&nbsp;<\/p>\n<p>Specifikacija <strong>SR-L300<\/strong> Zvo\u010dnik \u2013 (elektrostati\u010dne slu\u0161alke) \u2013 (<a href=\"https:\/\/staxaudio.com\/earspeaker\/sr-l300\" target=\"_blank\" rel=\"noopener\">https:\/\/staxaudio.com\/earspeaker\/sr-l300<\/a>)<\/p>\n<ul>\n<li>Tip: potisno-vle\u010dni elektrostati\u010dni, ovalni zvo\u010dni element, zadnje ohi\u0161je na prostem<\/li>\n<li>Frekven\u010dni odziv: 7 \u2013 41.000Hz<\/li>\n<li>Elektrostati\u010dna kapacitivnost: 110pF (vklju\u010dno s priklju\u010denim kablom)<\/li>\n<li>Impedanca: 145 k\u03a9 (vklju\u010dno s priklju\u010denim kablom, pri 10 kHz)<\/li>\n<li>Ob\u010dutljivost na zvo\u010dni tlak: 101dB \/ vhod 100Vr.ms \/ 1kHz<\/li>\n<li>Prednapetost: 580V DC<\/li>\n<li>U\u0161esna blazinica: visokokakovostno umetno usnje<\/li>\n<li>Kabel: vzporedni 6-\u017eilni, 2,5 m polne dol\u017eine, nizkokapacitivni posebni \u0161iroki OFC kabel<\/li>\n<li>Te\u017ea: 448 g (vklju\u010dno s prilo\u017eenim kablom), 322 g (brez kabla)<\/li>\n<\/ul>\n<p><strong>SRM-D50<\/strong> (Oja\u010devalnik za slu\u0161alke) \u2013 (<a href=\"https:\/\/staxaudio.com\/driver\/stax-srm-d50\" target=\"_blank\" rel=\"noopener\">https:\/\/staxaudio.com\/driver\/stax-srm-d50<\/a>)<\/p>\n<p>Digitalni vhodi: USB2.0, opti\u010dni in koaksialni digitalni vhod<br \/>\nVgrajen DAC z lo\u010dljivostjo do PCM 32\/384 KHz ali DSD 5.6<br \/>\nVU meter prikazuje izhodno mo\u010d<br \/>\n4 mm aluminijasto ohi\u0161je (pokrov)<br \/>\nR core \u2013 mo\u010dnostni transformator za bolj\u0161o pretvorbo napetosti<\/p>\n<p><strong>Specifikacije za SRM-D50:<\/strong><\/p>\n<ul>\n<li>Frekven\u010dni odziv: 20Hz \u2013 40kHz (+\/-3dB)<\/li>\n<li>Nazivna vhodna raven: 130 mV rms<\/li>\n<li>Najvi\u0161ja vhodna raven: 30 V\/RCA, pri najmanj\u0161i glasnosti<\/li>\n<li>Najve\u010dja izhodna napetost: 400 V RMS (1130 Vp-p)<\/li>\n<li>pridobitev: 59 dB<\/li>\n<li>Harmoni\u010dno popa\u010denje: 0,025% ali manj\/1kHz-10kHz \/pri uporabi s serijo SR-L<\/li>\n<li>Vhodna impedanca: 20k\u03a9 (RCA)<\/li>\n<li>Prednapetost: DC 580V<\/li>\n<li>Digitalni vhod: USB (tip B) \u00d71, TOSLINK opti\u010dni \u00d71, COAX RCA \u00d71<\/li>\n<li>Analogni vhod: RCA \u00d71<\/li>\n<li>Omre\u017ena napetost: AC 110V \/ 60Hz<\/li>\n<li>Poraba energije: 35W<\/li>\n<li>Delovna temperatura: 0 do 35 stopinj (Celzija) (manj kot 90% vla\u017enost, brez kondenzacije)<\/li>\n<li>Dimenzije: 7,55 (\u0160) x 2,63 (V) x 10,55 (G) palcev, 192 (\u0160) \u00d7 67 (V) \u00d7 268 (G) mm<\/li>\n<li>Te\u017ea: 9,9 lbs \/ 4,5 kg<\/li>\n<\/ul>","protected":false},"excerpt":{"rendered":"<p>STAX SRM-D50 je elektrostati\u010dni oja\u010devalnik z vgrajenim DAC, zasnovan za vrhunsko kakovost zvoka. Podpira formate visoke lo\u010dljivosti do 32-bit\/384 kHz in DSD128, kar zagotavlja kristalno \u010disto predvajanje. Z ve\u010d mo\u017enostmi povezovanja je popoln za elektrostati\u010dne slu\u0161alke STAX.<\/p>\n<p>STAX SR-L300 so elektrostati\u010dne slu\u0161alke, ki zagotavljajo izjemno detajlen in naraven zvok. Lahka zasnova in nastavljiv lok zagotavljata udobje, medtem ko napreden sistem membran ustvarja \u0161irok in realisti\u010den zvok.<\/p>","protected":false},"featured_media":11153,"template":"","meta":{"site-sidebar-layout":"default","site-content-layout":"default","ast-site-content-layout":"default","site-content-style":"default","site-sidebar-style":"default","ast-global-header-display":"","ast-banner-title-visibility":"","ast-main-header-display":"","ast-hfb-above-header-display":"","ast-hfb-below-header-display":"","ast-hfb-mobile-header-display":"","site-post-title":"","ast-breadcrumbs-content":"","ast-featured-img":"","footer-sml-layout":"","theme-transparent-header-meta":"default","adv-header-id-meta":"","stick-header-meta":"default","header-above-stick-meta":"","header-main-stick-meta":"","header-below-stick-meta":"","astra-migrate-meta-layouts":"set","ast-page-background-enabled":"default","ast-page-background-meta":{"desktop":{"background-color":"","background-image":"","background-repeat":"repeat","background-position":"center center","background-size":"auto","background-attachment":"scroll","background-type":"","background-media":"","overlay-type":"","overlay-color":"","overlay-opacity":"","overlay-gradient":""},"tablet":{"background-color":"","background-image":"","background-repeat":"repeat","background-position":"center center","background-size":"auto","background-attachment":"scroll","background-type":"","background-media":"","overlay-type":"","overlay-color":"","overlay-opacity":"","overlay-gradient":""},"mobile":{"background-color":"","background-image":"","background-repeat":"repeat","background-position":"center center","background-size":"auto","background-attachment":"scroll","background-type":"","background-media":"","overlay-type":"","overlay-color":"","overlay-opacity":"","overlay-gradient":""}},"ast-content-background-meta":{"desktop":{"background-color":"var(--ast-global-color-5)","background-image":"","background-repeat":"repeat","background-position":"center center","background-size":"auto","background-attachment":"scroll","background-type":"","background-media":"","overlay-type":"","overlay-color":"","overlay-opacity":"","overlay-gradient":""},"tablet":{"background-color":"var(--ast-global-color-5)","background-image":"","background-repeat":"repeat","background-position":"center center","background-size":"auto","background-attachment":"scroll","background-type":"","background-media":"","overlay-type":"","overlay-color":"","overlay-opacity":"","overlay-gradient":""},"mobile":{"background-color":"var(--ast-global-color-5)","background-image":"","background-repeat":"repeat","background-position":"center center","background-size":"auto","background-attachment":"scroll","background-type":"","background-media":"","overlay-type":"","overlay-color":"","overlay-opacity":"","overlay-gradient":""}}},"class_list":["post-11144","product","type-product","status-publish","has-post-thumbnail","hentry","product_cat-stax","product_cat-slusalice","product_cat-naglavne-slusalice","product_cat-pojacala-za-slusalice","desktop-align-center","tablet-align-center","mobile-align-center","ast-product-gallery-layout-horizontal","ast-magnify-disabled","ast-product-tabs-layout-horizontal"],"yoast_head":"<!-- This site is optimized with the Yoast SEO plugin v21.4 - https:\/\/yoast.com\/wordpress\/plugins\/seo\/ -->\n<title>STAX D50+L300 - komplet - hd-multimedia<\/title>\n<meta name=\"description\" content=\"Komplet STAX SR-L300\u00a0elektrostatske slu\u0161alice i\u00a0STAX SRM-D50 elektrostatske poja\u010dalo za slu\u0161alice s digitalnim ulazima.\" \/>\n<meta name=\"robots\" content=\"index, follow, max-snippet:-1, max-image-preview:large, max-video-preview:-1\" \/>\n<link rel=\"canonical\" href=\"https:\/\/hd-multimedia.com\/sl\/trgovina\/stax-d50-l300\/\" \/>\n<meta property=\"og:locale\" content=\"sl_SI\" \/>\n<meta property=\"og:type\" content=\"article\" \/>\n<meta property=\"og:title\" content=\"STAX D50+L300 - komplet - hd-multimedia\" \/>\n<meta property=\"og:description\" content=\"Komplet STAX SR-L300\u00a0elektrostatske slu\u0161alice i\u00a0STAX SRM-D50 elektrostatske poja\u010dalo za slu\u0161alice s digitalnim ulazima.\" \/>\n<meta property=\"og:url\" content=\"https:\/\/hd-multimedia.com\/sl\/trgovina\/stax-d50-l300\/\" \/>\n<meta property=\"og:site_name\" content=\"hd-multimedia\" \/>\n<meta property=\"article:modified_time\" content=\"2025-02-10T10:57:46+00:00\" \/>\n<meta property=\"og:image\" content=\"https:\/\/hd-multimedia.com\/hdm_media\/D50_L300.jpg\" \/>\n\t<meta property=\"og:image:width\" content=\"500\" \/>\n\t<meta property=\"og:image:height\" content=\"500\" \/>\n\t<meta property=\"og:image:type\" content=\"image\/jpeg\" \/>\n<meta name=\"twitter:card\" content=\"summary_large_image\" \/>\n<meta name=\"twitter:label1\" content=\"Est. reading time\" \/>\n\t<meta name=\"twitter:data1\" content=\"2 minuti\" \/>\n<script type=\"application\/ld+json\" class=\"yoast-schema-graph\">{\"@context\":\"https:\/\/schema.org\",\"@graph\":[{\"@type\":\"WebPage\",\"@id\":\"https:\/\/hd-multimedia.com\/trgovina\/stax-d50-l300\/\",\"url\":\"https:\/\/hd-multimedia.com\/trgovina\/stax-d50-l300\/\",\"name\":\"STAX D50+L300 - komplet - hd-multimedia\",\"isPartOf\":{\"@id\":\"https:\/\/hd-multimedia.com\/#website\"},\"datePublished\":\"2023-05-04T10:30:00+00:00\",\"dateModified\":\"2025-02-10T10:57:46+00:00\",\"description\":\"Komplet STAX SR-L300\u00a0elektrostatske slu\u0161alice i\u00a0STAX SRM-D50 elektrostatske poja\u010dalo za slu\u0161alice s digitalnim ulazima.\",\"breadcrumb\":{\"@id\":\"https:\/\/hd-multimedia.com\/trgovina\/stax-d50-l300\/#breadcrumb\"},\"inLanguage\":\"sl-SI\",\"potentialAction\":[{\"@type\":\"ReadAction\",\"target\":[\"https:\/\/hd-multimedia.com\/trgovina\/stax-d50-l300\/\"]}]},{\"@type\":\"BreadcrumbList\",\"@id\":\"https:\/\/hd-multimedia.com\/trgovina\/stax-d50-l300\/#breadcrumb\",\"itemListElement\":[{\"@type\":\"ListItem\",\"position\":1,\"name\":\"Po\u010detna stranica\",\"item\":\"https:\/\/hd-multimedia.com\/\"},{\"@type\":\"ListItem\",\"position\":2,\"name\":\"Trgovina\",\"item\":\"https:\/\/hd-multimedia.com\/trgovina\/\"},{\"@type\":\"ListItem\",\"position\":3,\"name\":\"STAX D50+L300 &#8211; komplet\"}]},{\"@type\":\"WebSite\",\"@id\":\"https:\/\/hd-multimedia.com\/#website\",\"url\":\"https:\/\/hd-multimedia.com\/\",\"name\":\"hd-multimedia\",\"description\":\"\",\"publisher\":{\"@id\":\"https:\/\/hd-multimedia.com\/#organization\"},\"potentialAction\":[{\"@type\":\"SearchAction\",\"target\":{\"@type\":\"EntryPoint\",\"urlTemplate\":\"https:\/\/hd-multimedia.com\/?s={search_term_string}\"},\"query-input\":\"required name=search_term_string\"}],\"inLanguage\":\"sl-SI\"},{\"@type\":\"Organization\",\"@id\":\"https:\/\/hd-multimedia.com\/#organization\",\"name\":\"hd-multimedia\",\"url\":\"https:\/\/hd-multimedia.com\/\",\"logo\":{\"@type\":\"ImageObject\",\"inLanguage\":\"sl-SI\",\"@id\":\"https:\/\/hd-multimedia.com\/#\/schema\/logo\/image\/\",\"url\":\"https:\/\/hd-multimedia.com\/hdm_media\/HD-curves-ok-196-56px-alpha-1.png\",\"contentUrl\":\"https:\/\/hd-multimedia.com\/hdm_media\/HD-curves-ok-196-56px-alpha-1.png\",\"width\":196,\"height\":53,\"caption\":\"hd-multimedia\"},\"image\":{\"@id\":\"https:\/\/hd-multimedia.com\/#\/schema\/logo\/image\/\"}}]}<\/script>\n<!-- \/ Yoast SEO plugin. -->","yoast_head_json":{"title":"STAX D50+L300 - komplet - hd-multimedia","description":"Komplet STAX SR-L300\u00a0elektrostatske slu\u0161alice i\u00a0STAX SRM-D50 elektrostatske poja\u010dalo za slu\u0161alice s digitalnim ulazima.","robots":{"index":"index","follow":"follow","max-snippet":"max-snippet:-1","max-image-preview":"max-image-preview:large","max-video-preview":"max-video-preview:-1"},"canonical":"https:\/\/hd-multimedia.com\/sl\/trgovina\/stax-d50-l300\/","og_locale":"sl_SI","og_type":"article","og_title":"STAX D50+L300 - komplet - hd-multimedia","og_description":"Komplet STAX SR-L300\u00a0elektrostatske slu\u0161alice i\u00a0STAX SRM-D50 elektrostatske poja\u010dalo za slu\u0161alice s digitalnim ulazima.","og_url":"https:\/\/hd-multimedia.com\/sl\/trgovina\/stax-d50-l300\/","og_site_name":"hd-multimedia","article_modified_time":"2025-02-10T10:57:46+00:00","og_image":[{"width":500,"height":500,"url":"https:\/\/hd-multimedia.com\/hdm_media\/D50_L300.jpg","type":"image\/jpeg"}],"twitter_card":"summary_large_image","twitter_misc":{"Est. reading time":"2 minuti"},"schema":{"@context":"https:\/\/schema.org","@graph":[{"@type":"WebPage","@id":"https:\/\/hd-multimedia.com\/trgovina\/stax-d50-l300\/","url":"https:\/\/hd-multimedia.com\/trgovina\/stax-d50-l300\/","name":"STAX D50+L300 - komplet - hd-multimedia","isPartOf":{"@id":"https:\/\/hd-multimedia.com\/#website"},"datePublished":"2023-05-04T10:30:00+00:00","dateModified":"2025-02-10T10:57:46+00:00","description":"Komplet STAX SR-L300\u00a0elektrostatske slu\u0161alice i\u00a0STAX SRM-D50 elektrostatske poja\u010dalo za slu\u0161alice s digitalnim ulazima.","breadcrumb":{"@id":"https:\/\/hd-multimedia.com\/trgovina\/stax-d50-l300\/#breadcrumb"},"inLanguage":"sl-SI","potentialAction":[{"@type":"ReadAction","target":["https:\/\/hd-multimedia.com\/trgovina\/stax-d50-l300\/"]}]},{"@type":"BreadcrumbList","@id":"https:\/\/hd-multimedia.com\/trgovina\/stax-d50-l300\/#breadcrumb","itemListElement":[{"@type":"ListItem","position":1,"name":"Po\u010detna stranica","item":"https:\/\/hd-multimedia.com\/"},{"@type":"ListItem","position":2,"name":"Trgovina","item":"https:\/\/hd-multimedia.com\/trgovina\/"},{"@type":"ListItem","position":3,"name":"STAX D50+L300 &#8211; komplet"}]},{"@type":"WebSite","@id":"https:\/\/hd-multimedia.com\/#website","url":"https:\/\/hd-multimedia.com\/","name":"hd-multimedia","description":"","publisher":{"@id":"https:\/\/hd-multimedia.com\/#organization"},"potentialAction":[{"@type":"SearchAction","target":{"@type":"EntryPoint","urlTemplate":"https:\/\/hd-multimedia.com\/?s={search_term_string}"},"query-input":"required name=search_term_string"}],"inLanguage":"sl-SI"},{"@type":"Organization","@id":"https:\/\/hd-multimedia.com\/#organization","name":"hd-multimedia","url":"https:\/\/hd-multimedia.com\/","logo":{"@type":"ImageObject","inLanguage":"sl-SI","@id":"https:\/\/hd-multimedia.com\/#\/schema\/logo\/image\/","url":"https:\/\/hd-multimedia.com\/hdm_media\/HD-curves-ok-196-56px-alpha-1.png","contentUrl":"https:\/\/hd-multimedia.com\/hdm_media\/HD-curves-ok-196-56px-alpha-1.png","width":196,"height":53,"caption":"hd-multimedia"},"image":{"@id":"https:\/\/hd-multimedia.com\/#\/schema\/logo\/image\/"}}]}},"post_mailing_queue_ids":[],"_links":{"self":[{"href":"https:\/\/hd-multimedia.com\/sl\/wp-json\/wp\/v2\/product\/11144","targetHints":{"allow":["GET"]}}],"collection":[{"href":"https:\/\/hd-multimedia.com\/sl\/wp-json\/wp\/v2\/product"}],"about":[{"href":"https:\/\/hd-multimedia.com\/sl\/wp-json\/wp\/v2\/types\/product"}],"version-history":[{"count":2,"href":"https:\/\/hd-multimedia.com\/sl\/wp-json\/wp\/v2\/product\/11144\/revisions"}],"predecessor-version":[{"id":17867,"href":"https:\/\/hd-multimedia.com\/sl\/wp-json\/wp\/v2\/product\/11144\/revisions\/17867"}],"wp:featuredmedia":[{"embeddable":true,"href":"https:\/\/hd-multimedia.com\/sl\/wp-json\/wp\/v2\/media\/11153"}],"wp:attachment":[{"href":"https:\/\/hd-multimedia.com\/sl\/wp-json\/wp\/v2\/media?parent=11144"}],"curies":[{"name":"wp","href":"https:\/\/api.w.org\/{rel}","templated":true}]}}