{"id":10783,"date":"2023-04-12T11:02:37","date_gmt":"2023-04-12T11:02:37","guid":{"rendered":"https:\/\/hd-multimedia.com\/?post_type=product&#038;p=10783"},"modified":"2024-11-14T09:35:30","modified_gmt":"2024-11-14T09:35:30","slug":"fiio-jd7","status":"publish","type":"product","link":"https:\/\/hd-multimedia.com\/sl\/trgovina\/fiio-jd7\/","title":{"rendered":"FiiO JD7"},"content":{"rendered":"<p>FiiO JD7 \u2013 u\u0161esne slu\u0161alke (IEM) z dvojnim magnetnim 10 mm dinami\u010dnim pogonom. FiiO JD7 ima 3,5 mm konektor in 120 cm kabel.<\/p>\n<ul>\n<li>FREKVEN\u010cNI ODZIV: 20Hz-40kHz<\/li>\n<li>IMPEDANCA: 32\u03a9<\/li>\n<li>OB\u010cUTLJIVOST: 108dB\/mW@1kHz<\/li>\n<li>MAKSIMALNA VHODNA MO\u010c: 100mW<\/li>\n<\/ul>\n<p>&nbsp;<\/p>","protected":false},"excerpt":{"rendered":"<p>FiiO JD7 zagotavlja izjemno izku\u0161njo poslu\u0161anja zahvaljujo\u010d odli\u010dnemu frekven\u010dnemu odzivu, ki je zelo blizu Harmanove krivulje, kar omogo\u010da, da JD7 izpolni vse tehni\u010dne cilje in zagotovi izjemno zadovoljivo izku\u0161njo poslu\u0161anja. Njegova zvo\u010dna zasnova, podprta s polimerno membrano in poliuretansko spojko, proizvaja bogat in gladek zvok z dobro raz\u0161irjenimi visokimi toni in teksturiranimi nizkimi toni. JD7, opremljen z 10 mm dinami\u010dnim gonilnikom ter konfiguracijo notranjega in zunanjega magnetnega vezja, izbolj\u0161a gostoto magnetnega pretoka za bolj\u0161i nadzor resonance in globlje nizke tone. Z ob\u010dutljivostjo 108 dB te slu\u0161alke zlahka upravljajo tudi z mobilnimi napravami zahvaljujo\u010d oja\u010devalniku magnetne prevodnosti.<\/p>\n<p><a href=\"https:\/\/www.fiio.com\/jd7\" target=\"_blank\" rel=\"noopener noreferrer\">FiiO JD7 \u2013 povezava do funkcij<\/a><\/p>","protected":false},"featured_media":16000,"template":"","meta":{"site-sidebar-layout":"default","site-content-layout":"default","ast-site-content-layout":"default","site-content-style":"default","site-sidebar-style":"default","ast-global-header-display":"","ast-banner-title-visibility":"","ast-main-header-display":"","ast-hfb-above-header-display":"","ast-hfb-below-header-display":"","ast-hfb-mobile-header-display":"","site-post-title":"","ast-breadcrumbs-content":"","ast-featured-img":"","footer-sml-layout":"","theme-transparent-header-meta":"default","adv-header-id-meta":"","stick-header-meta":"default","header-above-stick-meta":"","header-main-stick-meta":"","header-below-stick-meta":"","astra-migrate-meta-layouts":"set","ast-page-background-enabled":"default","ast-page-background-meta":{"desktop":{"background-color":"","background-image":"","background-repeat":"repeat","background-position":"center center","background-size":"auto","background-attachment":"scroll","background-type":"","background-media":"","overlay-type":"","overlay-color":"","overlay-opacity":"","overlay-gradient":""},"tablet":{"background-color":"","background-image":"","background-repeat":"repeat","background-position":"center center","background-size":"auto","background-attachment":"scroll","background-type":"","background-media":"","overlay-type":"","overlay-color":"","overlay-opacity":"","overlay-gradient":""},"mobile":{"background-color":"","background-image":"","background-repeat":"repeat","background-position":"center center","background-size":"auto","background-attachment":"scroll","background-type":"","background-media":"","overlay-type":"","overlay-color":"","overlay-opacity":"","overlay-gradient":""}},"ast-content-background-meta":{"desktop":{"background-color":"var(--ast-global-color-5)","background-image":"","background-repeat":"repeat","background-position":"center center","background-size":"auto","background-attachment":"scroll","background-type":"","background-media":"","overlay-type":"","overlay-color":"","overlay-opacity":"","overlay-gradient":""},"tablet":{"background-color":"var(--ast-global-color-5)","background-image":"","background-repeat":"repeat","background-position":"center center","background-size":"auto","background-attachment":"scroll","background-type":"","background-media":"","overlay-type":"","overlay-color":"","overlay-opacity":"","overlay-gradient":""},"mobile":{"background-color":"var(--ast-global-color-5)","background-image":"","background-repeat":"repeat","background-position":"center center","background-size":"auto","background-attachment":"scroll","background-type":"","background-media":"","overlay-type":"","overlay-color":"","overlay-opacity":"","overlay-gradient":""}}},"class_list":["post-10783","product","type-product","status-publish","has-post-thumbnail","hentry","product_cat-usne-slusalice-iem","product_cat-fiio","desktop-align-center","tablet-align-center","mobile-align-center","ast-product-gallery-layout-horizontal","ast-magnify-disabled","ast-product-tabs-layout-horizontal"],"yoast_head":"<!-- This site is optimized with the Yoast SEO plugin v21.4 - https:\/\/yoast.com\/wordpress\/plugins\/seo\/ -->\n<title>FiiO JD7 - hd-multimedia<\/title>\n<meta name=\"description\" content=\"Opremljen s dinami\u010dkim drajverom od 10 mm i konfiguracijom unutarnjeg i vanjskog magnetskog kruga, JD7 pobolj\u0161ava gusto\u0107u magnetskog toka.\" \/>\n<meta name=\"robots\" content=\"index, follow, max-snippet:-1, max-image-preview:large, max-video-preview:-1\" \/>\n<link rel=\"canonical\" href=\"https:\/\/hd-multimedia.com\/sl\/trgovina\/fiio-jd7\/\" \/>\n<meta property=\"og:locale\" content=\"sl_SI\" \/>\n<meta property=\"og:type\" content=\"article\" \/>\n<meta property=\"og:title\" content=\"FiiO JD7 - hd-multimedia\" \/>\n<meta property=\"og:description\" content=\"Opremljen s dinami\u010dkim drajverom od 10 mm i konfiguracijom unutarnjeg i vanjskog magnetskog kruga, JD7 pobolj\u0161ava gusto\u0107u magnetskog toka.\" \/>\n<meta property=\"og:url\" content=\"https:\/\/hd-multimedia.com\/sl\/trgovina\/fiio-jd7\/\" \/>\n<meta property=\"og:site_name\" content=\"hd-multimedia\" \/>\n<meta property=\"article:modified_time\" content=\"2024-11-14T09:35:30+00:00\" \/>\n<meta property=\"og:image\" content=\"https:\/\/hd-multimedia.com\/hdm_media\/4995996-e1719475133976.jpg\" \/>\n\t<meta property=\"og:image:width\" content=\"699\" \/>\n\t<meta property=\"og:image:height\" content=\"699\" \/>\n\t<meta property=\"og:image:type\" content=\"image\/jpeg\" \/>\n<meta name=\"twitter:card\" content=\"summary_large_image\" \/>\n<meta name=\"twitter:label1\" content=\"Est. reading time\" \/>\n\t<meta name=\"twitter:data1\" content=\"1 minuta\" \/>\n<script type=\"application\/ld+json\" class=\"yoast-schema-graph\">{\"@context\":\"https:\/\/schema.org\",\"@graph\":[{\"@type\":\"WebPage\",\"@id\":\"https:\/\/hd-multimedia.com\/trgovina\/fiio-jd7\/\",\"url\":\"https:\/\/hd-multimedia.com\/trgovina\/fiio-jd7\/\",\"name\":\"FiiO JD7 - hd-multimedia\",\"isPartOf\":{\"@id\":\"https:\/\/hd-multimedia.com\/#website\"},\"datePublished\":\"2023-04-12T11:02:37+00:00\",\"dateModified\":\"2024-11-14T09:35:30+00:00\",\"description\":\"Opremljen s dinami\u010dkim drajverom od 10 mm i konfiguracijom unutarnjeg i vanjskog magnetskog kruga, JD7 pobolj\u0161ava gusto\u0107u magnetskog toka.\",\"breadcrumb\":{\"@id\":\"https:\/\/hd-multimedia.com\/trgovina\/fiio-jd7\/#breadcrumb\"},\"inLanguage\":\"sl-SI\",\"potentialAction\":[{\"@type\":\"ReadAction\",\"target\":[\"https:\/\/hd-multimedia.com\/trgovina\/fiio-jd7\/\"]}]},{\"@type\":\"BreadcrumbList\",\"@id\":\"https:\/\/hd-multimedia.com\/trgovina\/fiio-jd7\/#breadcrumb\",\"itemListElement\":[{\"@type\":\"ListItem\",\"position\":1,\"name\":\"Po\u010detna stranica\",\"item\":\"https:\/\/hd-multimedia.com\/\"},{\"@type\":\"ListItem\",\"position\":2,\"name\":\"Trgovina\",\"item\":\"https:\/\/hd-multimedia.com\/trgovina\/\"},{\"@type\":\"ListItem\",\"position\":3,\"name\":\"FiiO JD7\"}]},{\"@type\":\"WebSite\",\"@id\":\"https:\/\/hd-multimedia.com\/#website\",\"url\":\"https:\/\/hd-multimedia.com\/\",\"name\":\"hd-multimedia\",\"description\":\"\",\"publisher\":{\"@id\":\"https:\/\/hd-multimedia.com\/#organization\"},\"potentialAction\":[{\"@type\":\"SearchAction\",\"target\":{\"@type\":\"EntryPoint\",\"urlTemplate\":\"https:\/\/hd-multimedia.com\/?s={search_term_string}\"},\"query-input\":\"required name=search_term_string\"}],\"inLanguage\":\"sl-SI\"},{\"@type\":\"Organization\",\"@id\":\"https:\/\/hd-multimedia.com\/#organization\",\"name\":\"hd-multimedia\",\"url\":\"https:\/\/hd-multimedia.com\/\",\"logo\":{\"@type\":\"ImageObject\",\"inLanguage\":\"sl-SI\",\"@id\":\"https:\/\/hd-multimedia.com\/#\/schema\/logo\/image\/\",\"url\":\"https:\/\/hd-multimedia.com\/hdm_media\/HD-curves-ok-196-56px-alpha-1.png\",\"contentUrl\":\"https:\/\/hd-multimedia.com\/hdm_media\/HD-curves-ok-196-56px-alpha-1.png\",\"width\":196,\"height\":53,\"caption\":\"hd-multimedia\"},\"image\":{\"@id\":\"https:\/\/hd-multimedia.com\/#\/schema\/logo\/image\/\"}}]}<\/script>\n<!-- \/ Yoast SEO plugin. -->","yoast_head_json":{"title":"FiiO JD7 - hd-multimedia","description":"Opremljen s dinami\u010dkim drajverom od 10 mm i konfiguracijom unutarnjeg i vanjskog magnetskog kruga, JD7 pobolj\u0161ava gusto\u0107u magnetskog toka.","robots":{"index":"index","follow":"follow","max-snippet":"max-snippet:-1","max-image-preview":"max-image-preview:large","max-video-preview":"max-video-preview:-1"},"canonical":"https:\/\/hd-multimedia.com\/sl\/trgovina\/fiio-jd7\/","og_locale":"sl_SI","og_type":"article","og_title":"FiiO JD7 - hd-multimedia","og_description":"Opremljen s dinami\u010dkim drajverom od 10 mm i konfiguracijom unutarnjeg i vanjskog magnetskog kruga, JD7 pobolj\u0161ava gusto\u0107u magnetskog toka.","og_url":"https:\/\/hd-multimedia.com\/sl\/trgovina\/fiio-jd7\/","og_site_name":"hd-multimedia","article_modified_time":"2024-11-14T09:35:30+00:00","og_image":[{"width":699,"height":699,"url":"https:\/\/hd-multimedia.com\/hdm_media\/4995996-e1719475133976.jpg","type":"image\/jpeg"}],"twitter_card":"summary_large_image","twitter_misc":{"Est. reading time":"1 minuta"},"schema":{"@context":"https:\/\/schema.org","@graph":[{"@type":"WebPage","@id":"https:\/\/hd-multimedia.com\/trgovina\/fiio-jd7\/","url":"https:\/\/hd-multimedia.com\/trgovina\/fiio-jd7\/","name":"FiiO JD7 - hd-multimedia","isPartOf":{"@id":"https:\/\/hd-multimedia.com\/#website"},"datePublished":"2023-04-12T11:02:37+00:00","dateModified":"2024-11-14T09:35:30+00:00","description":"Opremljen s dinami\u010dkim drajverom od 10 mm i konfiguracijom unutarnjeg i vanjskog magnetskog kruga, JD7 pobolj\u0161ava gusto\u0107u magnetskog toka.","breadcrumb":{"@id":"https:\/\/hd-multimedia.com\/trgovina\/fiio-jd7\/#breadcrumb"},"inLanguage":"sl-SI","potentialAction":[{"@type":"ReadAction","target":["https:\/\/hd-multimedia.com\/trgovina\/fiio-jd7\/"]}]},{"@type":"BreadcrumbList","@id":"https:\/\/hd-multimedia.com\/trgovina\/fiio-jd7\/#breadcrumb","itemListElement":[{"@type":"ListItem","position":1,"name":"Po\u010detna stranica","item":"https:\/\/hd-multimedia.com\/"},{"@type":"ListItem","position":2,"name":"Trgovina","item":"https:\/\/hd-multimedia.com\/trgovina\/"},{"@type":"ListItem","position":3,"name":"FiiO JD7"}]},{"@type":"WebSite","@id":"https:\/\/hd-multimedia.com\/#website","url":"https:\/\/hd-multimedia.com\/","name":"hd-multimedia","description":"","publisher":{"@id":"https:\/\/hd-multimedia.com\/#organization"},"potentialAction":[{"@type":"SearchAction","target":{"@type":"EntryPoint","urlTemplate":"https:\/\/hd-multimedia.com\/?s={search_term_string}"},"query-input":"required name=search_term_string"}],"inLanguage":"sl-SI"},{"@type":"Organization","@id":"https:\/\/hd-multimedia.com\/#organization","name":"hd-multimedia","url":"https:\/\/hd-multimedia.com\/","logo":{"@type":"ImageObject","inLanguage":"sl-SI","@id":"https:\/\/hd-multimedia.com\/#\/schema\/logo\/image\/","url":"https:\/\/hd-multimedia.com\/hdm_media\/HD-curves-ok-196-56px-alpha-1.png","contentUrl":"https:\/\/hd-multimedia.com\/hdm_media\/HD-curves-ok-196-56px-alpha-1.png","width":196,"height":53,"caption":"hd-multimedia"},"image":{"@id":"https:\/\/hd-multimedia.com\/#\/schema\/logo\/image\/"}}]}},"post_mailing_queue_ids":[],"_links":{"self":[{"href":"https:\/\/hd-multimedia.com\/sl\/wp-json\/wp\/v2\/product\/10783","targetHints":{"allow":["GET"]}}],"collection":[{"href":"https:\/\/hd-multimedia.com\/sl\/wp-json\/wp\/v2\/product"}],"about":[{"href":"https:\/\/hd-multimedia.com\/sl\/wp-json\/wp\/v2\/types\/product"}],"version-history":[{"count":5,"href":"https:\/\/hd-multimedia.com\/sl\/wp-json\/wp\/v2\/product\/10783\/revisions"}],"predecessor-version":[{"id":15997,"href":"https:\/\/hd-multimedia.com\/sl\/wp-json\/wp\/v2\/product\/10783\/revisions\/15997"}],"wp:featuredmedia":[{"embeddable":true,"href":"https:\/\/hd-multimedia.com\/sl\/wp-json\/wp\/v2\/media\/16000"}],"wp:attachment":[{"href":"https:\/\/hd-multimedia.com\/sl\/wp-json\/wp\/v2\/media?parent=10783"}],"curies":[{"name":"wp","href":"https:\/\/api.w.org\/{rel}","templated":true}]}}