{"id":10738,"date":"2023-04-12T08:29:02","date_gmt":"2023-04-12T08:29:02","guid":{"rendered":"https:\/\/hd-multimedia.com\/?post_type=product&#038;p=10738"},"modified":"2026-03-05T11:06:49","modified_gmt":"2026-03-05T11:06:49","slug":"fiio-jd3","status":"publish","type":"product","link":"https:\/\/hd-multimedia.com\/sl\/trgovina\/fiio-jd3\/","title":{"rendered":"FiiO JD3"},"content":{"rendered":"<p>FiiO JD3 \u2013 u\u0161esne slu\u0161alke (IEM) z enim dinami\u010dnim pogonom. FiiO JD3 ima 3,5 mm priklju\u010dek. Slu\u0161alki dodane barve za la\u017eje prepoznavanje pravilne strani, leva je modra, desna pa rde\u010da. \u010ce va\u0161a mobilna naprava nima 3,5-milimetrskega priklju\u010dka, lahko te slu\u0161alke uporabljate s FiiO KA1, ki jih lahko priklju\u010dite na vrata USB-C ali Lightning.<\/p>","protected":false},"excerpt":{"rendered":"<p>Slu\u0161alke FiiO JD3 se pona\u0161ajo z 9,2 mm kompozitnim dinami\u010dnim gonilnikom, zasnovanim za bogate, globoke nizke tone. Zahvaljujo\u010d standardnemu 3,5 mm priklju\u010dku za slu\u0161alke so te slu\u0161alke zdru\u017eljive z razli\u010dnimi napravami, vklju\u010dno s platformami Android, iOS, Mac in Windows. Izbolj\u0161ajte komunikacijo in izku\u0161njo nadzora z vgrajenim HD mikrofonom in priro\u010dnimi vgrajenimi kontrolniki, ki omogo\u010dajo brezhibno upravljanje klicev, predvajanje glasbe in prilagajanje glasnosti. Slu\u0161alke FiiO JD3 so zasnovane za preprosto uporabo, s frekven\u010dnim odzivom 10\u201340 kHz, impedanco 16\u03a9 in impresivno ob\u010dutljivostjo 107 dB, kar zagotavlja kristalno \u010disto reprodukcijo zvoka v \u0161irokem frekven\u010dnem obmo\u010dju. Imajo certifikat JAS in CEA kot avdio opremo visoke lo\u010dljivosti, kar zagotavlja vrhunsko kakovost zvoka. Poleg tega paket vklju\u010duje \u010drno \u017eametno vre\u010dko za shranjevanje, \u0161tiri pare u\u0161esnih nastavkov v razli\u010dnih velikostih (SS\/S\/M\/L) in vzdr\u017eevalno kartico, ki zagotavlja, da va\u0161a izku\u0161nja poslu\u0161anja ostane optimizirana.<\/p>\n<p><a href=\"https:\/\/www.fiio.com\/jd3\" target=\"_blank\" rel=\"noopener noreferrer\">FiiO JD3 \u2013 povezava do funkcij<\/a><\/p>","protected":false},"featured_media":10707,"template":"","meta":{"site-sidebar-layout":"default","site-content-layout":"default","ast-site-content-layout":"default","site-content-style":"default","site-sidebar-style":"default","ast-global-header-display":"","ast-banner-title-visibility":"","ast-main-header-display":"","ast-hfb-above-header-display":"","ast-hfb-below-header-display":"","ast-hfb-mobile-header-display":"","site-post-title":"","ast-breadcrumbs-content":"","ast-featured-img":"","footer-sml-layout":"","theme-transparent-header-meta":"default","adv-header-id-meta":"","stick-header-meta":"default","header-above-stick-meta":"","header-main-stick-meta":"","header-below-stick-meta":"","astra-migrate-meta-layouts":"set","ast-page-background-enabled":"default","ast-page-background-meta":{"desktop":{"background-color":"","background-image":"","background-repeat":"repeat","background-position":"center center","background-size":"auto","background-attachment":"scroll","background-type":"","background-media":"","overlay-type":"","overlay-color":"","overlay-opacity":"","overlay-gradient":""},"tablet":{"background-color":"","background-image":"","background-repeat":"repeat","background-position":"center center","background-size":"auto","background-attachment":"scroll","background-type":"","background-media":"","overlay-type":"","overlay-color":"","overlay-opacity":"","overlay-gradient":""},"mobile":{"background-color":"","background-image":"","background-repeat":"repeat","background-position":"center center","background-size":"auto","background-attachment":"scroll","background-type":"","background-media":"","overlay-type":"","overlay-color":"","overlay-opacity":"","overlay-gradient":""}},"ast-content-background-meta":{"desktop":{"background-color":"var(--ast-global-color-5)","background-image":"","background-repeat":"repeat","background-position":"center center","background-size":"auto","background-attachment":"scroll","background-type":"","background-media":"","overlay-type":"","overlay-color":"","overlay-opacity":"","overlay-gradient":""},"tablet":{"background-color":"var(--ast-global-color-5)","background-image":"","background-repeat":"repeat","background-position":"center center","background-size":"auto","background-attachment":"scroll","background-type":"","background-media":"","overlay-type":"","overlay-color":"","overlay-opacity":"","overlay-gradient":""},"mobile":{"background-color":"var(--ast-global-color-5)","background-image":"","background-repeat":"repeat","background-position":"center center","background-size":"auto","background-attachment":"scroll","background-type":"","background-media":"","overlay-type":"","overlay-color":"","overlay-opacity":"","overlay-gradient":""}}},"class_list":["post-10738","product","type-product","status-publish","has-post-thumbnail","hentry","product_cat-usne-slusalice-iem","product_cat-fiio","desktop-align-center","tablet-align-center","mobile-align-center","ast-product-gallery-layout-horizontal","ast-magnify-disabled","ast-product-tabs-layout-horizontal"],"yoast_head":"<!-- This site is optimized with the Yoast SEO plugin v21.4 - https:\/\/yoast.com\/wordpress\/plugins\/seo\/ -->\n<title>FiiO JD3 - hd-multimedia<\/title>\n<meta name=\"description\" content=\"FiiO JD3 slu\u0161alice se ponose 9,2 mm kompozitnim dinami\u010dkim drajverom dizajniranim za bogate, duboke bas tonove pru\u017eaju\u0107i ugodnije slu\u0161anje glazbe.\" \/>\n<meta name=\"robots\" content=\"index, follow, max-snippet:-1, max-image-preview:large, max-video-preview:-1\" \/>\n<link rel=\"canonical\" href=\"https:\/\/hd-multimedia.com\/sl\/trgovina\/fiio-jd3\/\" \/>\n<meta property=\"og:locale\" content=\"sl_SI\" \/>\n<meta property=\"og:type\" content=\"article\" \/>\n<meta property=\"og:title\" content=\"FiiO JD3 - hd-multimedia\" \/>\n<meta property=\"og:description\" content=\"FiiO JD3 slu\u0161alice se ponose 9,2 mm kompozitnim dinami\u010dkim drajverom dizajniranim za bogate, duboke bas tonove pru\u017eaju\u0107i ugodnije slu\u0161anje glazbe.\" \/>\n<meta property=\"og:url\" content=\"https:\/\/hd-multimedia.com\/sl\/trgovina\/fiio-jd3\/\" \/>\n<meta property=\"og:site_name\" content=\"hd-multimedia\" \/>\n<meta property=\"article:modified_time\" content=\"2026-03-05T11:06:49+00:00\" \/>\n<meta property=\"og:image\" content=\"https:\/\/hd-multimedia.com\/hdm_media\/FiiO-JD3-Black-e1681288427352.jpg\" \/>\n\t<meta property=\"og:image:width\" content=\"1600\" \/>\n\t<meta property=\"og:image:height\" content=\"1600\" \/>\n\t<meta property=\"og:image:type\" content=\"image\/jpeg\" \/>\n<meta name=\"twitter:card\" content=\"summary_large_image\" \/>\n<meta name=\"twitter:label1\" content=\"Est. reading time\" \/>\n\t<meta name=\"twitter:data1\" content=\"1 minuta\" \/>\n<script type=\"application\/ld+json\" class=\"yoast-schema-graph\">{\"@context\":\"https:\/\/schema.org\",\"@graph\":[{\"@type\":\"WebPage\",\"@id\":\"https:\/\/hd-multimedia.com\/trgovina\/fiio-jd3\/\",\"url\":\"https:\/\/hd-multimedia.com\/trgovina\/fiio-jd3\/\",\"name\":\"FiiO JD3 - hd-multimedia\",\"isPartOf\":{\"@id\":\"https:\/\/hd-multimedia.com\/#website\"},\"datePublished\":\"2023-04-12T08:29:02+00:00\",\"dateModified\":\"2026-03-05T11:06:49+00:00\",\"description\":\"FiiO JD3 slu\u0161alice se ponose 9,2 mm kompozitnim dinami\u010dkim drajverom dizajniranim za bogate, duboke bas tonove pru\u017eaju\u0107i ugodnije slu\u0161anje glazbe.\",\"breadcrumb\":{\"@id\":\"https:\/\/hd-multimedia.com\/trgovina\/fiio-jd3\/#breadcrumb\"},\"inLanguage\":\"sl-SI\",\"potentialAction\":[{\"@type\":\"ReadAction\",\"target\":[\"https:\/\/hd-multimedia.com\/trgovina\/fiio-jd3\/\"]}]},{\"@type\":\"BreadcrumbList\",\"@id\":\"https:\/\/hd-multimedia.com\/trgovina\/fiio-jd3\/#breadcrumb\",\"itemListElement\":[{\"@type\":\"ListItem\",\"position\":1,\"name\":\"Po\u010detna stranica\",\"item\":\"https:\/\/hd-multimedia.com\/\"},{\"@type\":\"ListItem\",\"position\":2,\"name\":\"Trgovina\",\"item\":\"https:\/\/hd-multimedia.com\/trgovina\/\"},{\"@type\":\"ListItem\",\"position\":3,\"name\":\"FiiO JD3\"}]},{\"@type\":\"WebSite\",\"@id\":\"https:\/\/hd-multimedia.com\/#website\",\"url\":\"https:\/\/hd-multimedia.com\/\",\"name\":\"hd-multimedia\",\"description\":\"\",\"publisher\":{\"@id\":\"https:\/\/hd-multimedia.com\/#organization\"},\"potentialAction\":[{\"@type\":\"SearchAction\",\"target\":{\"@type\":\"EntryPoint\",\"urlTemplate\":\"https:\/\/hd-multimedia.com\/?s={search_term_string}\"},\"query-input\":\"required name=search_term_string\"}],\"inLanguage\":\"sl-SI\"},{\"@type\":\"Organization\",\"@id\":\"https:\/\/hd-multimedia.com\/#organization\",\"name\":\"hd-multimedia\",\"url\":\"https:\/\/hd-multimedia.com\/\",\"logo\":{\"@type\":\"ImageObject\",\"inLanguage\":\"sl-SI\",\"@id\":\"https:\/\/hd-multimedia.com\/#\/schema\/logo\/image\/\",\"url\":\"https:\/\/hd-multimedia.com\/hdm_media\/HD-curves-ok-196-56px-alpha-1.png\",\"contentUrl\":\"https:\/\/hd-multimedia.com\/hdm_media\/HD-curves-ok-196-56px-alpha-1.png\",\"width\":196,\"height\":53,\"caption\":\"hd-multimedia\"},\"image\":{\"@id\":\"https:\/\/hd-multimedia.com\/#\/schema\/logo\/image\/\"}}]}<\/script>\n<!-- \/ Yoast SEO plugin. -->","yoast_head_json":{"title":"FiiO JD3 - hd-multimedia","description":"FiiO JD3 slu\u0161alice se ponose 9,2 mm kompozitnim dinami\u010dkim drajverom dizajniranim za bogate, duboke bas tonove pru\u017eaju\u0107i ugodnije slu\u0161anje glazbe.","robots":{"index":"index","follow":"follow","max-snippet":"max-snippet:-1","max-image-preview":"max-image-preview:large","max-video-preview":"max-video-preview:-1"},"canonical":"https:\/\/hd-multimedia.com\/sl\/trgovina\/fiio-jd3\/","og_locale":"sl_SI","og_type":"article","og_title":"FiiO JD3 - hd-multimedia","og_description":"FiiO JD3 slu\u0161alice se ponose 9,2 mm kompozitnim dinami\u010dkim drajverom dizajniranim za bogate, duboke bas tonove pru\u017eaju\u0107i ugodnije slu\u0161anje glazbe.","og_url":"https:\/\/hd-multimedia.com\/sl\/trgovina\/fiio-jd3\/","og_site_name":"hd-multimedia","article_modified_time":"2026-03-05T11:06:49+00:00","og_image":[{"width":1600,"height":1600,"url":"https:\/\/hd-multimedia.com\/hdm_media\/FiiO-JD3-Black-e1681288427352.jpg","type":"image\/jpeg"}],"twitter_card":"summary_large_image","twitter_misc":{"Est. reading time":"1 minuta"},"schema":{"@context":"https:\/\/schema.org","@graph":[{"@type":"WebPage","@id":"https:\/\/hd-multimedia.com\/trgovina\/fiio-jd3\/","url":"https:\/\/hd-multimedia.com\/trgovina\/fiio-jd3\/","name":"FiiO JD3 - hd-multimedia","isPartOf":{"@id":"https:\/\/hd-multimedia.com\/#website"},"datePublished":"2023-04-12T08:29:02+00:00","dateModified":"2026-03-05T11:06:49+00:00","description":"FiiO JD3 slu\u0161alice se ponose 9,2 mm kompozitnim dinami\u010dkim drajverom dizajniranim za bogate, duboke bas tonove pru\u017eaju\u0107i ugodnije slu\u0161anje glazbe.","breadcrumb":{"@id":"https:\/\/hd-multimedia.com\/trgovina\/fiio-jd3\/#breadcrumb"},"inLanguage":"sl-SI","potentialAction":[{"@type":"ReadAction","target":["https:\/\/hd-multimedia.com\/trgovina\/fiio-jd3\/"]}]},{"@type":"BreadcrumbList","@id":"https:\/\/hd-multimedia.com\/trgovina\/fiio-jd3\/#breadcrumb","itemListElement":[{"@type":"ListItem","position":1,"name":"Po\u010detna stranica","item":"https:\/\/hd-multimedia.com\/"},{"@type":"ListItem","position":2,"name":"Trgovina","item":"https:\/\/hd-multimedia.com\/trgovina\/"},{"@type":"ListItem","position":3,"name":"FiiO JD3"}]},{"@type":"WebSite","@id":"https:\/\/hd-multimedia.com\/#website","url":"https:\/\/hd-multimedia.com\/","name":"hd-multimedia","description":"","publisher":{"@id":"https:\/\/hd-multimedia.com\/#organization"},"potentialAction":[{"@type":"SearchAction","target":{"@type":"EntryPoint","urlTemplate":"https:\/\/hd-multimedia.com\/?s={search_term_string}"},"query-input":"required name=search_term_string"}],"inLanguage":"sl-SI"},{"@type":"Organization","@id":"https:\/\/hd-multimedia.com\/#organization","name":"hd-multimedia","url":"https:\/\/hd-multimedia.com\/","logo":{"@type":"ImageObject","inLanguage":"sl-SI","@id":"https:\/\/hd-multimedia.com\/#\/schema\/logo\/image\/","url":"https:\/\/hd-multimedia.com\/hdm_media\/HD-curves-ok-196-56px-alpha-1.png","contentUrl":"https:\/\/hd-multimedia.com\/hdm_media\/HD-curves-ok-196-56px-alpha-1.png","width":196,"height":53,"caption":"hd-multimedia"},"image":{"@id":"https:\/\/hd-multimedia.com\/#\/schema\/logo\/image\/"}}]}},"post_mailing_queue_ids":[],"_links":{"self":[{"href":"https:\/\/hd-multimedia.com\/sl\/wp-json\/wp\/v2\/product\/10738","targetHints":{"allow":["GET"]}}],"collection":[{"href":"https:\/\/hd-multimedia.com\/sl\/wp-json\/wp\/v2\/product"}],"about":[{"href":"https:\/\/hd-multimedia.com\/sl\/wp-json\/wp\/v2\/types\/product"}],"version-history":[{"count":5,"href":"https:\/\/hd-multimedia.com\/sl\/wp-json\/wp\/v2\/product\/10738\/revisions"}],"predecessor-version":[{"id":15604,"href":"https:\/\/hd-multimedia.com\/sl\/wp-json\/wp\/v2\/product\/10738\/revisions\/15604"}],"wp:featuredmedia":[{"embeddable":true,"href":"https:\/\/hd-multimedia.com\/sl\/wp-json\/wp\/v2\/media\/10707"}],"wp:attachment":[{"href":"https:\/\/hd-multimedia.com\/sl\/wp-json\/wp\/v2\/media?parent=10738"}],"curies":[{"name":"wp","href":"https:\/\/api.w.org\/{rel}","templated":true}]}}