{"id":8814,"date":"2022-08-10T13:07:15","date_gmt":"2022-08-10T13:07:15","guid":{"rendered":"https:\/\/hd-multimedia.com\/?page_id=8814"},"modified":"2022-08-10T13:08:19","modified_gmt":"2022-08-10T13:08:19","slug":"single","status":"publish","type":"page","link":"https:\/\/hd-multimedia.com\/sl\/single\/","title":{"rendered":"samski"},"content":{"rendered":"<div data-elementor-type=\"wp-page\" data-elementor-id=\"8814\" class=\"elementor elementor-8814\" data-elementor-post-type=\"page\">\n\t\t\t\t\t\t<section class=\"elementor-section elementor-top-section elementor-element elementor-element-2a0a330 elementor-section-boxed elementor-section-height-default elementor-section-height-default\" data-id=\"2a0a330\" data-element_type=\"section\">\n\t\t\t\t\t\t<div class=\"elementor-container elementor-column-gap-default\">\n\t\t\t\t\t<div class=\"elementor-column elementor-col-100 elementor-top-column elementor-element elementor-element-2b6a87d\" data-id=\"2b6a87d\" data-element_type=\"column\">\n\t\t\t<div class=\"elementor-widget-wrap elementor-element-populated\">\n\t\t\t\t\t\t<div class=\"elementor-element elementor-element-105bfa6 elementor-widget elementor-widget-wc-elements\" data-id=\"105bfa6\" data-element_type=\"widget\" data-widget_type=\"wc-elements.default\">\n\t\t\t\t<div class=\"elementor-widget-container\">\n\t\t\t\t\t<div class=\"woocommerce\">\t\t\t<div class=\"single-product\" data-product-page-preselected-id=\"0\">\n\t\t\t\t<div id=\"product-8607\" class=\"ast-article-single ast-woo-product-no-review desktop-align-center tablet-align-center mobile-align-center ast-product-gallery-layout-horizontal ast-magnify-disabled ast-product-single-variable ast-product-tabs-layout-horizontal product type-product post-8607 status-publish first instock product_cat-pojacala-snage product_cat-integrirana-pojacala product_cat-topping has-post-thumbnail sale taxable shipping-taxable purchasable product-type-variable has-default-attributes\">\n\n\t\n\t<div class=\"summary entry-summary\">\n\t\t<h1 class=\"product_title entry-title\">Topping LA90<\/h1><p class=\"price\" data-no-translation=\"\" data-trp-gettext=\"\"><span class=\"woocommerce-Price-amount amount\"><bdi><span class=\"woocommerce-Price-currencySymbol\">&euro;<\/span>&nbsp;699.00<\/bdi><\/span> \u2013 <span class=\"woocommerce-Price-amount amount\"><bdi><span class=\"woocommerce-Price-currencySymbol\">&euro;<\/span>&nbsp;799.00<\/bdi><\/span><\/p>\n<div class=\"woocommerce-product-details__short-description\">\n\t<p>Topping LA90 je mo\u010dan in u\u010dinkovit oja\u010devalnik, zasnovan za delovanje v stereo in mono na\u010dinu. Oja\u010devalnik ima kombiniran uravnote\u017een vhodni priklju\u010dek, ki je zdru\u017eljiv s priklju\u010dki 6,35 mm Jack in XLR, kar zagotavlja vsestransko povezljivost. Topping LA90 je vgrajen v natan\u010dno CNC obdelano aluminijasto ohi\u0161je, ki zagotavlja sodoben videz in u\u010dinkovito za\u0161\u010dito notranjih komponent, medtem ko veliki hladilni odvodi ob straneh omogo\u010dajo u\u010dinkovito odvajanje toplote, ki jo oddaja notranja elektronika. Oja\u010devalnik se pona\u0161a z izjemno nizkim skupnim harmoni\u010dnim popa\u010denjem in \u0161umom, kar zagotavlja natan\u010dno reprodukcijo originalnega signala. Topping LA90 ponuja tri uravnote\u017eene vhode v kombiniranem formatu, kar omogo\u010da uporabo XLR in 6,35 mm TRS kablov ter dodatne tri priklju\u010dke za uporabo naprave v mono na\u010dinu. Glasnost lahko nastavljate z velikim gumbom na sprednji plo\u0161\u010di, mo\u017eno pa je tudi zaobiti nadzor glasnosti za povezavo oja\u010devalca s HiFi predoja\u010devalnikom, kar je \u0161e posebej uporabno za sinhronizacijo glasnosti pri uporabi dveh Topping LA90 v mono na\u010dinu.<\/p>\n<p>(Topping LA90 black je demo kopija)<\/p>\n<\/div>\n<div class=\"product_meta\">\n\n\t\n\t\n\t\t<span class=\"sku_wrapper\">\u0160ifra: <span class=\"sku\">TOPP_LA90<\/span><\/span>\n\n\t\n\t<span class=\"posted_in\">Kategorije: <a href=\"https:\/\/hd-multimedia.com\/sl\/kat_p\/audio-komponente-kablovi\/pojacala-snage\/\" rel=\"tag\">Oja\u010devalniki mo\u010di<\/a>, <a href=\"https:\/\/hd-multimedia.com\/sl\/kat_p\/audio-komponente-kablovi\/integrirana-pojacala\/\" rel=\"tag\">Integrirani oja\u010devalniki<\/a>, <a href=\"https:\/\/hd-multimedia.com\/sl\/kat_p\/proizvodaci\/topping\/\" rel=\"tag\">Topping<\/a><\/span>\n\t\n\t\n<\/div>\n\t<\/div>\n\n\t<div id=\"pphWrapper\" class=\"pph-wrapper\" data-product-id=\"\" style=\"--pph-chart--background-color:rgba(255,255,255,0);--pph-chart--max-width:40%;\"><span class=\"pph-chart-title\">Najni\u017eja cena v zadnjih 30 dneh<\/span><\/div><\/div>\n\n\t\t\t<\/div>\n\t\t\t<\/div>\t\t\t\t<\/div>\n\t\t\t\t<\/div>\n\t\t\t\t\t<\/div>\n\t\t<\/div>\n\t\t\t\t\t<\/div>\n\t\t<\/section>\n\t\t\t\t<section class=\"elementor-section elementor-top-section elementor-element elementor-element-8489834 elementor-section-boxed elementor-section-height-default elementor-section-height-default\" data-id=\"8489834\" data-element_type=\"section\">\n\t\t\t\t\t\t<div class=\"elementor-container elementor-column-gap-default\">\n\t\t\t\t\t<div class=\"elementor-column elementor-col-100 elementor-top-column elementor-element elementor-element-130b210\" data-id=\"130b210\" data-element_type=\"column\">\n\t\t\t<div class=\"elementor-widget-wrap elementor-element-populated\">\n\t\t\t\t\t\t<div class=\"elementor-element elementor-element-f5dc415 elementor-widget elementor-widget-shortcode\" data-id=\"f5dc415\" data-element_type=\"widget\" data-widget_type=\"shortcode.default\">\n\t\t\t\t<div class=\"elementor-widget-container\">\n\t\t\t\t\t\t\t<div class=\"elementor-shortcode\">[code_snippet id=5 php=true]<\/div>\n\t\t\t\t\t\t<\/div>\n\t\t\t\t<\/div>\n\t\t\t\t\t<\/div>\n\t\t<\/div>\n\t\t\t\t\t<\/div>\n\t\t<\/section>\n\t\t\t\t<\/div>","protected":false},"excerpt":{"rendered":"<p>[code_snippet id=5 php=true]<\/p>","protected":false},"author":1,"featured_media":0,"parent":0,"menu_order":0,"comment_status":"closed","ping_status":"closed","template":"","meta":{"site-sidebar-layout":"no-sidebar","site-content-layout":"page-builder","ast-site-content-layout":"","site-content-style":"default","site-sidebar-style":"default","ast-global-header-display":"","ast-banner-title-visibility":"","ast-main-header-display":"","ast-hfb-above-header-display":"","ast-hfb-below-header-display":"","ast-hfb-mobile-header-display":"","site-post-title":"disabled","ast-breadcrumbs-content":"","ast-featured-img":"disabled","footer-sml-layout":"","theme-transparent-header-meta":"","adv-header-id-meta":"","stick-header-meta":"","header-above-stick-meta":"","header-main-stick-meta":"","header-below-stick-meta":"","astra-migrate-meta-layouts":"default","ast-page-background-enabled":"default","ast-page-background-meta":{"desktop":{"background-color":"","background-image":"","background-repeat":"repeat","background-position":"center center","background-size":"auto","background-attachment":"scroll","background-type":"","background-media":"","overlay-type":"","overlay-color":"","overlay-opacity":"","overlay-gradient":""},"tablet":{"background-color":"","background-image":"","background-repeat":"repeat","background-position":"center center","background-size":"auto","background-attachment":"scroll","background-type":"","background-media":"","overlay-type":"","overlay-color":"","overlay-opacity":"","overlay-gradient":""},"mobile":{"background-color":"","background-image":"","background-repeat":"repeat","background-position":"center center","background-size":"auto","background-attachment":"scroll","background-type":"","background-media":"","overlay-type":"","overlay-color":"","overlay-opacity":"","overlay-gradient":""}},"ast-content-background-meta":{"desktop":{"background-color":"var(--ast-global-color-5)","background-image":"","background-repeat":"repeat","background-position":"center center","background-size":"auto","background-attachment":"scroll","background-type":"","background-media":"","overlay-type":"","overlay-color":"","overlay-opacity":"","overlay-gradient":""},"tablet":{"background-color":"var(--ast-global-color-5)","background-image":"","background-repeat":"repeat","background-position":"center center","background-size":"auto","background-attachment":"scroll","background-type":"","background-media":"","overlay-type":"","overlay-color":"","overlay-opacity":"","overlay-gradient":""},"mobile":{"background-color":"var(--ast-global-color-5)","background-image":"","background-repeat":"repeat","background-position":"center center","background-size":"auto","background-attachment":"scroll","background-type":"","background-media":"","overlay-type":"","overlay-color":"","overlay-opacity":"","overlay-gradient":""}},"footnotes":""},"class_list":["post-8814","page","type-page","status-publish","hentry","desktop-align-center","tablet-align-center","mobile-align-center","ast-product-gallery-layout-horizontal","ast-magnify-disabled","ast-product-single-variable","ast-product-tabs-layout-horizontal"],"yoast_head":"<!-- This site is optimized with the Yoast SEO plugin v21.4 - https:\/\/yoast.com\/wordpress\/plugins\/seo\/ -->\n<title>single - hd-multimedia<\/title>\n<meta name=\"robots\" content=\"index, follow, max-snippet:-1, max-image-preview:large, max-video-preview:-1\" \/>\n<link rel=\"canonical\" href=\"https:\/\/hd-multimedia.com\/sl\/single\/\" \/>\n<meta property=\"og:locale\" content=\"sl_SI\" \/>\n<meta property=\"og:type\" content=\"article\" \/>\n<meta property=\"og:title\" content=\"single - hd-multimedia\" \/>\n<meta property=\"og:description\" content=\"[code_snippet id=5 php=true]\" \/>\n<meta property=\"og:url\" content=\"https:\/\/hd-multimedia.com\/sl\/single\/\" \/>\n<meta property=\"og:site_name\" content=\"hd-multimedia\" \/>\n<meta property=\"article:modified_time\" content=\"2022-08-10T13:08:19+00:00\" \/>\n<meta name=\"twitter:card\" content=\"summary_large_image\" \/>\n<meta name=\"twitter:label1\" content=\"Est. reading time\" \/>\n\t<meta name=\"twitter:data1\" content=\"3 minute\" \/>\n<script type=\"application\/ld+json\" class=\"yoast-schema-graph\">{\"@context\":\"https:\/\/schema.org\",\"@graph\":[{\"@type\":\"WebPage\",\"@id\":\"https:\/\/hd-multimedia.com\/single\/\",\"url\":\"https:\/\/hd-multimedia.com\/single\/\",\"name\":\"single - hd-multimedia\",\"isPartOf\":{\"@id\":\"https:\/\/hd-multimedia.com\/#website\"},\"datePublished\":\"2022-08-10T13:07:15+00:00\",\"dateModified\":\"2022-08-10T13:08:19+00:00\",\"breadcrumb\":{\"@id\":\"https:\/\/hd-multimedia.com\/single\/#breadcrumb\"},\"inLanguage\":\"sl-SI\",\"potentialAction\":[{\"@type\":\"ReadAction\",\"target\":[\"https:\/\/hd-multimedia.com\/single\/\"]}]},{\"@type\":\"BreadcrumbList\",\"@id\":\"https:\/\/hd-multimedia.com\/single\/#breadcrumb\",\"itemListElement\":[{\"@type\":\"ListItem\",\"position\":1,\"name\":\"Po\u010detna stranica\",\"item\":\"https:\/\/hd-multimedia.com\/\"},{\"@type\":\"ListItem\",\"position\":2,\"name\":\"single\"}]},{\"@type\":\"WebSite\",\"@id\":\"https:\/\/hd-multimedia.com\/#website\",\"url\":\"https:\/\/hd-multimedia.com\/\",\"name\":\"hd-multimedia\",\"description\":\"\",\"publisher\":{\"@id\":\"https:\/\/hd-multimedia.com\/#organization\"},\"potentialAction\":[{\"@type\":\"SearchAction\",\"target\":{\"@type\":\"EntryPoint\",\"urlTemplate\":\"https:\/\/hd-multimedia.com\/?s={search_term_string}\"},\"query-input\":\"required name=search_term_string\"}],\"inLanguage\":\"sl-SI\"},{\"@type\":\"Organization\",\"@id\":\"https:\/\/hd-multimedia.com\/#organization\",\"name\":\"hd-multimedia\",\"url\":\"https:\/\/hd-multimedia.com\/\",\"logo\":{\"@type\":\"ImageObject\",\"inLanguage\":\"sl-SI\",\"@id\":\"https:\/\/hd-multimedia.com\/#\/schema\/logo\/image\/\",\"url\":\"https:\/\/hd-multimedia.com\/hdm_media\/HD-curves-ok-196-56px-alpha-1.png\",\"contentUrl\":\"https:\/\/hd-multimedia.com\/hdm_media\/HD-curves-ok-196-56px-alpha-1.png\",\"width\":196,\"height\":53,\"caption\":\"hd-multimedia\"},\"image\":{\"@id\":\"https:\/\/hd-multimedia.com\/#\/schema\/logo\/image\/\"}}]}<\/script>\n<!-- \/ Yoast SEO plugin. -->","yoast_head_json":{"title":"single - hd-multimedia","robots":{"index":"index","follow":"follow","max-snippet":"max-snippet:-1","max-image-preview":"max-image-preview:large","max-video-preview":"max-video-preview:-1"},"canonical":"https:\/\/hd-multimedia.com\/sl\/single\/","og_locale":"sl_SI","og_type":"article","og_title":"single - hd-multimedia","og_description":"[code_snippet id=5 php=true]","og_url":"https:\/\/hd-multimedia.com\/sl\/single\/","og_site_name":"hd-multimedia","article_modified_time":"2022-08-10T13:08:19+00:00","twitter_card":"summary_large_image","twitter_misc":{"Est. reading time":"3 minute"},"schema":{"@context":"https:\/\/schema.org","@graph":[{"@type":"WebPage","@id":"https:\/\/hd-multimedia.com\/single\/","url":"https:\/\/hd-multimedia.com\/single\/","name":"single - hd-multimedia","isPartOf":{"@id":"https:\/\/hd-multimedia.com\/#website"},"datePublished":"2022-08-10T13:07:15+00:00","dateModified":"2022-08-10T13:08:19+00:00","breadcrumb":{"@id":"https:\/\/hd-multimedia.com\/single\/#breadcrumb"},"inLanguage":"sl-SI","potentialAction":[{"@type":"ReadAction","target":["https:\/\/hd-multimedia.com\/single\/"]}]},{"@type":"BreadcrumbList","@id":"https:\/\/hd-multimedia.com\/single\/#breadcrumb","itemListElement":[{"@type":"ListItem","position":1,"name":"Po\u010detna stranica","item":"https:\/\/hd-multimedia.com\/"},{"@type":"ListItem","position":2,"name":"single"}]},{"@type":"WebSite","@id":"https:\/\/hd-multimedia.com\/#website","url":"https:\/\/hd-multimedia.com\/","name":"hd-multimedia","description":"","publisher":{"@id":"https:\/\/hd-multimedia.com\/#organization"},"potentialAction":[{"@type":"SearchAction","target":{"@type":"EntryPoint","urlTemplate":"https:\/\/hd-multimedia.com\/?s={search_term_string}"},"query-input":"required name=search_term_string"}],"inLanguage":"sl-SI"},{"@type":"Organization","@id":"https:\/\/hd-multimedia.com\/#organization","name":"hd-multimedia","url":"https:\/\/hd-multimedia.com\/","logo":{"@type":"ImageObject","inLanguage":"sl-SI","@id":"https:\/\/hd-multimedia.com\/#\/schema\/logo\/image\/","url":"https:\/\/hd-multimedia.com\/hdm_media\/HD-curves-ok-196-56px-alpha-1.png","contentUrl":"https:\/\/hd-multimedia.com\/hdm_media\/HD-curves-ok-196-56px-alpha-1.png","width":196,"height":53,"caption":"hd-multimedia"},"image":{"@id":"https:\/\/hd-multimedia.com\/#\/schema\/logo\/image\/"}}]}},"post_mailing_queue_ids":[],"_links":{"self":[{"href":"https:\/\/hd-multimedia.com\/sl\/wp-json\/wp\/v2\/pages\/8814","targetHints":{"allow":["GET"]}}],"collection":[{"href":"https:\/\/hd-multimedia.com\/sl\/wp-json\/wp\/v2\/pages"}],"about":[{"href":"https:\/\/hd-multimedia.com\/sl\/wp-json\/wp\/v2\/types\/page"}],"author":[{"embeddable":true,"href":"https:\/\/hd-multimedia.com\/sl\/wp-json\/wp\/v2\/users\/1"}],"replies":[{"embeddable":true,"href":"https:\/\/hd-multimedia.com\/sl\/wp-json\/wp\/v2\/comments?post=8814"}],"version-history":[{"count":8,"href":"https:\/\/hd-multimedia.com\/sl\/wp-json\/wp\/v2\/pages\/8814\/revisions"}],"predecessor-version":[{"id":8822,"href":"https:\/\/hd-multimedia.com\/sl\/wp-json\/wp\/v2\/pages\/8814\/revisions\/8822"}],"wp:attachment":[{"href":"https:\/\/hd-multimedia.com\/sl\/wp-json\/wp\/v2\/media?parent=8814"}],"curies":[{"name":"wp","href":"https:\/\/api.w.org\/{rel}","templated":true}]}}