{"id":5979,"date":"2022-02-08T14:02:03","date_gmt":"2022-02-08T14:02:03","guid":{"rendered":"https:\/\/hd-multimedia.com\/?page_id=5979"},"modified":"2023-01-02T11:50:53","modified_gmt":"2023-01-02T11:50:53","slug":"dostava-i-preuzimanje-robe","status":"publish","type":"page","link":"https:\/\/hd-multimedia.com\/sl\/dostava-i-preuzimanje-robe\/","title":{"rendered":"Dostava in prevzem blaga"},"content":{"rendered":"<h5 class=\"wp-block-heading\"><strong>Dobavni pogoji<\/strong><\/h5>\r\n<p>\u017de takoj poudarimo, da vse blago, ki ga lahko izbirate v na\u0161i spletni trgovini, prihaja iz na\u0161ega lastnega skladi\u0161\u010da. Dostava je odvisna od na\u010dina prevzema, v kolikor sami prevzamete na na\u0161em naslovu je mo\u017ena dostava v 24 urah. Obstaja nekaj izjem, ko blago ni na voljo in ga je treba naro\u010diti neposredno pri proizvajalcu. Tak\u0161ne izjeme so jasno navedene neposredno ob nakupu takega predmeta.<\/p>\r\n\r\n\r\n\r\n<p>Pri nakupu nad 149,00 \u20ac je dostava blaga na naslov kupca na Hrva\u0161kem brezpla\u010dna. Mo\u017ena je brezpla\u010dna dostava na naslov v Republiki Hrva\u0161ki, rok dostave pa je do 7 delovnih dni. Za naro\u010dila, manj\u0161a od navedenega zneska, zara\u010dunamo pav\u0161alni stro\u0161ek po\u0161iljanja v vi\u0161ini 5,00 \u20ac. Hitro dostavo na Hrva\u0161ko (3 delovni dnevi) in dostavo v Slovenijo zara\u010dunamo 9,00 \u20ac.\u00a0<\/p>\r\n\r\n\r\n\r\n<p>Po predhodnem telefonskem ali elektronskem dogovoru lahko kupec blago prevzame sam na na\u0161em naslovu: Svetice 23, Zagreb ali Strossmayerov trg 5, Zagreb.<\/p>\r\n\r\n\r\n\r\n<p>Kupec je dol\u017ean takoj ob prevzemu blaga preveriti morebitne po\u0161kodbe zunanje \u0161katle in jih nemudoma prijaviti dostavljavcu, ter v primeru, da ugotovi, da je blago po\u0161kodovano v transportu, zavrniti prevzem po\u0161iljke od dostavljalca.<\/p>\r\n\r\n\r\n\r\n<p>Dostava se izvr\u0161i do vhoda stanovanjskega objekta, na katerega je po\u0161iljka naslovljena. Dostavljalec ni dol\u017ean prena\u0161ati blaga v notranjost objekta ali v nadstropje, kjer se stranka nahaja.<br \/>Blago je zavarovano proti izgubi pri dostavi. Ob prevzemu blaga je kupec dol\u017ean podpisati zapisnik o prevzemu blaga, ki je potrdilo o prevzemu blaga s strani kupca.<\/p>\r\n\r\n\r\n\r\n<p>Blago dostavljamo preko dostavnih slu\u017eb:<\/p>\r\n\r\n\r\n\r\n<ul class=\"wp-block-list\">\r\n<li>GLS Hrva\u0161ka \u2013\u00a0<a href=\"https:\/\/gls-group.eu\/HR\/hr\/gls-croatia\">https:\/\/gls-group.eu\/HR\/hr\/gls-croatia<\/a><\/li>\r\n<li>DPD Hrva\u0161ka \u2013 <a href=\"https:\/\/www.dpd.com\/hr\/hr\/\">https:\/\/www.dpd.com\/hr\/hr\/<\/a><\/li>\r\n<li>Hrva\u0161ka po\u0161ta \u2013 dostava EMS<\/li>\r\n<\/ul>","protected":false},"excerpt":{"rendered":"<p>Uvjeti dostave Odmah \u017eelimo napomenuti da svu robu koju mo\u017eete izabrati u na\u0161em web shopu dolazi s na\u0161eg vlastitog skladi\u0161ta (lagera). Isporuka je zavisna o na\u010dinu preuzimanja i ukoliko sami preuzimate na na\u0161oj adresi mogu\u0107a je i isporuka u roku od 24 sata. Postoje i neke iznimke kada roba nije dostupna i mora se naru\u010diti [&hellip;]<\/p>","protected":false},"author":1,"featured_media":0,"parent":0,"menu_order":0,"comment_status":"closed","ping_status":"closed","template":"","meta":{"site-sidebar-layout":"default","site-content-layout":"content-boxed-container","ast-site-content-layout":"","site-content-style":"default","site-sidebar-style":"default","ast-global-header-display":"","ast-banner-title-visibility":"","ast-main-header-display":"","ast-hfb-above-header-display":"","ast-hfb-below-header-display":"","ast-hfb-mobile-header-display":"","site-post-title":"","ast-breadcrumbs-content":"","ast-featured-img":"","footer-sml-layout":"","theme-transparent-header-meta":"default","adv-header-id-meta":"","stick-header-meta":"default","header-above-stick-meta":"","header-main-stick-meta":"","header-below-stick-meta":"","astra-migrate-meta-layouts":"default","ast-page-background-enabled":"default","ast-page-background-meta":{"desktop":{"background-color":"","background-image":"","background-repeat":"repeat","background-position":"center center","background-size":"auto","background-attachment":"scroll","background-type":"","background-media":"","overlay-type":"","overlay-color":"","overlay-opacity":"","overlay-gradient":""},"tablet":{"background-color":"","background-image":"","background-repeat":"repeat","background-position":"center center","background-size":"auto","background-attachment":"scroll","background-type":"","background-media":"","overlay-type":"","overlay-color":"","overlay-opacity":"","overlay-gradient":""},"mobile":{"background-color":"","background-image":"","background-repeat":"repeat","background-position":"center center","background-size":"auto","background-attachment":"scroll","background-type":"","background-media":"","overlay-type":"","overlay-color":"","overlay-opacity":"","overlay-gradient":""}},"ast-content-background-meta":{"desktop":{"background-color":"var(--ast-global-color-5)","background-image":"","background-repeat":"repeat","background-position":"center center","background-size":"auto","background-attachment":"scroll","background-type":"","background-media":"","overlay-type":"","overlay-color":"","overlay-opacity":"","overlay-gradient":""},"tablet":{"background-color":"var(--ast-global-color-5)","background-image":"","background-repeat":"repeat","background-position":"center center","background-size":"auto","background-attachment":"scroll","background-type":"","background-media":"","overlay-type":"","overlay-color":"","overlay-opacity":"","overlay-gradient":""},"mobile":{"background-color":"var(--ast-global-color-5)","background-image":"","background-repeat":"repeat","background-position":"center center","background-size":"auto","background-attachment":"scroll","background-type":"","background-media":"","overlay-type":"","overlay-color":"","overlay-opacity":"","overlay-gradient":""}},"footnotes":""},"class_list":["post-5979","page","type-page","status-publish","hentry"],"yoast_head":"<!-- This site is optimized with the Yoast SEO plugin v21.4 - https:\/\/yoast.com\/wordpress\/plugins\/seo\/ -->\n<title>Dostava i preuzimanje robe - hd-multimedia<\/title>\n<meta name=\"robots\" content=\"index, follow, max-snippet:-1, max-image-preview:large, max-video-preview:-1\" \/>\n<link rel=\"canonical\" href=\"https:\/\/hd-multimedia.com\/sl\/dostava-i-preuzimanje-robe\/\" \/>\n<meta property=\"og:locale\" content=\"sl_SI\" \/>\n<meta property=\"og:type\" content=\"article\" \/>\n<meta property=\"og:title\" content=\"Dostava i preuzimanje robe - hd-multimedia\" \/>\n<meta property=\"og:description\" content=\"Uvjeti dostave Odmah \u017eelimo napomenuti da svu robu koju mo\u017eete izabrati u na\u0161em web shopu dolazi s na\u0161eg vlastitog skladi\u0161ta (lagera). Isporuka je zavisna o na\u010dinu preuzimanja i ukoliko sami preuzimate na na\u0161oj adresi mogu\u0107a je i isporuka u roku od 24 sata. Postoje i neke iznimke kada roba nije dostupna i mora se naru\u010diti [&hellip;]\" \/>\n<meta property=\"og:url\" content=\"https:\/\/hd-multimedia.com\/sl\/dostava-i-preuzimanje-robe\/\" \/>\n<meta property=\"og:site_name\" content=\"hd-multimedia\" \/>\n<meta property=\"article:modified_time\" content=\"2023-01-02T11:50:53+00:00\" \/>\n<meta name=\"twitter:card\" content=\"summary_large_image\" \/>\n<meta name=\"twitter:label1\" content=\"Est. reading time\" \/>\n\t<meta name=\"twitter:data1\" content=\"2 minuti\" \/>\n<script type=\"application\/ld+json\" class=\"yoast-schema-graph\">{\"@context\":\"https:\/\/schema.org\",\"@graph\":[{\"@type\":\"WebPage\",\"@id\":\"https:\/\/hd-multimedia.com\/dostava-i-preuzimanje-robe\/\",\"url\":\"https:\/\/hd-multimedia.com\/dostava-i-preuzimanje-robe\/\",\"name\":\"Dostava i preuzimanje robe - hd-multimedia\",\"isPartOf\":{\"@id\":\"https:\/\/hd-multimedia.com\/#website\"},\"datePublished\":\"2022-02-08T14:02:03+00:00\",\"dateModified\":\"2023-01-02T11:50:53+00:00\",\"breadcrumb\":{\"@id\":\"https:\/\/hd-multimedia.com\/dostava-i-preuzimanje-robe\/#breadcrumb\"},\"inLanguage\":\"sl-SI\",\"potentialAction\":[{\"@type\":\"ReadAction\",\"target\":[\"https:\/\/hd-multimedia.com\/dostava-i-preuzimanje-robe\/\"]}]},{\"@type\":\"BreadcrumbList\",\"@id\":\"https:\/\/hd-multimedia.com\/dostava-i-preuzimanje-robe\/#breadcrumb\",\"itemListElement\":[{\"@type\":\"ListItem\",\"position\":1,\"name\":\"Po\u010detna stranica\",\"item\":\"https:\/\/hd-multimedia.com\/\"},{\"@type\":\"ListItem\",\"position\":2,\"name\":\"Dostava i preuzimanje robe\"}]},{\"@type\":\"WebSite\",\"@id\":\"https:\/\/hd-multimedia.com\/#website\",\"url\":\"https:\/\/hd-multimedia.com\/\",\"name\":\"hd-multimedia\",\"description\":\"\",\"publisher\":{\"@id\":\"https:\/\/hd-multimedia.com\/#organization\"},\"potentialAction\":[{\"@type\":\"SearchAction\",\"target\":{\"@type\":\"EntryPoint\",\"urlTemplate\":\"https:\/\/hd-multimedia.com\/?s={search_term_string}\"},\"query-input\":\"required name=search_term_string\"}],\"inLanguage\":\"sl-SI\"},{\"@type\":\"Organization\",\"@id\":\"https:\/\/hd-multimedia.com\/#organization\",\"name\":\"hd-multimedia\",\"url\":\"https:\/\/hd-multimedia.com\/\",\"logo\":{\"@type\":\"ImageObject\",\"inLanguage\":\"sl-SI\",\"@id\":\"https:\/\/hd-multimedia.com\/#\/schema\/logo\/image\/\",\"url\":\"https:\/\/hd-multimedia.com\/hdm_media\/HD-curves-ok-196-56px-alpha-1.png\",\"contentUrl\":\"https:\/\/hd-multimedia.com\/hdm_media\/HD-curves-ok-196-56px-alpha-1.png\",\"width\":196,\"height\":53,\"caption\":\"hd-multimedia\"},\"image\":{\"@id\":\"https:\/\/hd-multimedia.com\/#\/schema\/logo\/image\/\"}}]}<\/script>\n<!-- \/ Yoast SEO plugin. -->","yoast_head_json":{"title":"Dostava i preuzimanje robe - hd-multimedia","robots":{"index":"index","follow":"follow","max-snippet":"max-snippet:-1","max-image-preview":"max-image-preview:large","max-video-preview":"max-video-preview:-1"},"canonical":"https:\/\/hd-multimedia.com\/sl\/dostava-i-preuzimanje-robe\/","og_locale":"sl_SI","og_type":"article","og_title":"Dostava i preuzimanje robe - hd-multimedia","og_description":"Uvjeti dostave Odmah \u017eelimo napomenuti da svu robu koju mo\u017eete izabrati u na\u0161em web shopu dolazi s na\u0161eg vlastitog skladi\u0161ta (lagera). Isporuka je zavisna o na\u010dinu preuzimanja i ukoliko sami preuzimate na na\u0161oj adresi mogu\u0107a je i isporuka u roku od 24 sata. Postoje i neke iznimke kada roba nije dostupna i mora se naru\u010diti [&hellip;]","og_url":"https:\/\/hd-multimedia.com\/sl\/dostava-i-preuzimanje-robe\/","og_site_name":"hd-multimedia","article_modified_time":"2023-01-02T11:50:53+00:00","twitter_card":"summary_large_image","twitter_misc":{"Est. reading time":"2 minuti"},"schema":{"@context":"https:\/\/schema.org","@graph":[{"@type":"WebPage","@id":"https:\/\/hd-multimedia.com\/dostava-i-preuzimanje-robe\/","url":"https:\/\/hd-multimedia.com\/dostava-i-preuzimanje-robe\/","name":"Dostava i preuzimanje robe - hd-multimedia","isPartOf":{"@id":"https:\/\/hd-multimedia.com\/#website"},"datePublished":"2022-02-08T14:02:03+00:00","dateModified":"2023-01-02T11:50:53+00:00","breadcrumb":{"@id":"https:\/\/hd-multimedia.com\/dostava-i-preuzimanje-robe\/#breadcrumb"},"inLanguage":"sl-SI","potentialAction":[{"@type":"ReadAction","target":["https:\/\/hd-multimedia.com\/dostava-i-preuzimanje-robe\/"]}]},{"@type":"BreadcrumbList","@id":"https:\/\/hd-multimedia.com\/dostava-i-preuzimanje-robe\/#breadcrumb","itemListElement":[{"@type":"ListItem","position":1,"name":"Po\u010detna stranica","item":"https:\/\/hd-multimedia.com\/"},{"@type":"ListItem","position":2,"name":"Dostava i preuzimanje robe"}]},{"@type":"WebSite","@id":"https:\/\/hd-multimedia.com\/#website","url":"https:\/\/hd-multimedia.com\/","name":"hd-multimedia","description":"","publisher":{"@id":"https:\/\/hd-multimedia.com\/#organization"},"potentialAction":[{"@type":"SearchAction","target":{"@type":"EntryPoint","urlTemplate":"https:\/\/hd-multimedia.com\/?s={search_term_string}"},"query-input":"required name=search_term_string"}],"inLanguage":"sl-SI"},{"@type":"Organization","@id":"https:\/\/hd-multimedia.com\/#organization","name":"hd-multimedia","url":"https:\/\/hd-multimedia.com\/","logo":{"@type":"ImageObject","inLanguage":"sl-SI","@id":"https:\/\/hd-multimedia.com\/#\/schema\/logo\/image\/","url":"https:\/\/hd-multimedia.com\/hdm_media\/HD-curves-ok-196-56px-alpha-1.png","contentUrl":"https:\/\/hd-multimedia.com\/hdm_media\/HD-curves-ok-196-56px-alpha-1.png","width":196,"height":53,"caption":"hd-multimedia"},"image":{"@id":"https:\/\/hd-multimedia.com\/#\/schema\/logo\/image\/"}}]}},"post_mailing_queue_ids":[],"_links":{"self":[{"href":"https:\/\/hd-multimedia.com\/sl\/wp-json\/wp\/v2\/pages\/5979","targetHints":{"allow":["GET"]}}],"collection":[{"href":"https:\/\/hd-multimedia.com\/sl\/wp-json\/wp\/v2\/pages"}],"about":[{"href":"https:\/\/hd-multimedia.com\/sl\/wp-json\/wp\/v2\/types\/page"}],"author":[{"embeddable":true,"href":"https:\/\/hd-multimedia.com\/sl\/wp-json\/wp\/v2\/users\/1"}],"replies":[{"embeddable":true,"href":"https:\/\/hd-multimedia.com\/sl\/wp-json\/wp\/v2\/comments?post=5979"}],"version-history":[{"count":7,"href":"https:\/\/hd-multimedia.com\/sl\/wp-json\/wp\/v2\/pages\/5979\/revisions"}],"predecessor-version":[{"id":10052,"href":"https:\/\/hd-multimedia.com\/sl\/wp-json\/wp\/v2\/pages\/5979\/revisions\/10052"}],"wp:attachment":[{"href":"https:\/\/hd-multimedia.com\/sl\/wp-json\/wp\/v2\/media?parent=5979"}],"curies":[{"name":"wp","href":"https:\/\/api.w.org\/{rel}","templated":true}]}}