{"id":5977,"date":"2022-02-08T13:47:04","date_gmt":"2022-02-08T13:47:04","guid":{"rendered":"https:\/\/hd-multimedia.com\/?page_id=5977"},"modified":"2022-03-17T12:37:26","modified_gmt":"2022-03-17T12:37:26","slug":"prihvat-kartica","status":"publish","type":"page","link":"https:\/\/hd-multimedia.com\/sl\/prihvat-kartica\/","title":{"rendered":"Sprejemanje kartic in pla\u010dilo na obroke"},"content":{"rendered":"<h5 class=\"wp-block-heading\">Pla\u010dilo na obroke s kreditno kartico v spletni trgovini (CorvusPay).<\/h5>\r\n<p>Spletna trgovina na spletnem mestu \u201chttps:\/\/hd-multimedia.com\u201d sprejema pla\u010dila s kreditnimi karticami preko <a href=\"https:\/\/www.corvuspay.com\/banke-prihvatitelji\/\">Corvuspay<\/a> pla\u010dilni sistemi preko kreditnih, debetnih kartic in drugih pla\u010dilnih sistemov.<\/p>\r\n<p>Nakup na obroke je mo\u017een za stranke, ki imajo kreditne in debetne kartice naslednjih bank:<\/p>\r\n<ul>\r\n<li>ERSTE \u2013 DINERS \u2013 do 36 obrokov.<\/li>\r\n<li>ZABA-MASTERCARD \u2013 do 24 obrokov.\u00a0<\/li>\r\n<li>ERSTE \u2013 MASTERCARD \u2013 do 12 obrokov.<\/li>\r\n<li>PBZ \u2013 VISA \\VISA Premium \u2013 do 12 obrokov.<\/li>\r\n<li>ERSTE \u2013 VISA \u2013 do 12 obrokov.<\/li>\r\n<li>ERSTE \u2013 MAESTRO - do 12 obrokov.<\/li>\r\n<li>PBZ \u2013 MAESTRO \u2013 do 12 obrokov.<\/li>\r\n<li>MBPlus \u2013 Erste Bank \u2013 do 12 obrokov.<\/li>\r\n<li>MBPlus \u2013 Slatinska banka \u2013 do 12 obrokov.<\/li>\r\n<li>MBPlus- Istrska kreditna banka \u2013 do 12 obrokov.<\/li>\r\n<li>MBPlus- Agram banka - do 12 obrokov<\/li>\r\n<li>MBPlus- Kent banka \u2013 do 12 obrokov.<\/li>\r\n<\/ul>\r\n<ul>\r\n<li>ZABA- MAESTRO, VISA \u2013 brez obresti, mo\u017eno enkratno pla\u010dilo.<\/li>\r\n<li>PBZ \u2013 MASTERCARD \u2013 brez obresti, mo\u017eno enkratno pla\u010dilo.<\/li>\r\n<\/ul>\r\n<p>Uporabnike kartic prosimo, da nas, v kolikor z navedenima karticama niso mogli pla\u010devati na obroke, kontaktirajo na tel <a href=\"https:\/\/hd-multimedia.com\/sl\/kontakt\/\">na\u0161 kontaktni obrazec<\/a>. Obstaja alternativna mo\u017enost pla\u010dila prek na\u0161ih POS naprav, \u010de katera od bank ne sprejema tovrstnih pla\u010dil prek Corvuspay.\u00a0\u00a0<\/p>\r\n<h5>\u00a0<\/h5>\r\n<h5>Pla\u010dilo s karticami na POS (Razstavni prostor: Strossmayerov trg 5)<\/h5>\r\n<p>Sprejem kreditnih in debetnih kartic na POS napravi v na\u0161em razstavnem prostoru: HD-Multimedia \/ HD-INFO doo, Strossmayerov trg \u0161t.5. Zagreb.\u00a0<\/p>\r\n<p>Navedene so samo dodatne mo\u017enosti glede pla\u010dila preko SPLETNE trgovine.<\/p>\r\n<p>ZABA \u2013 POTRO\u0160NI\u0160KI KREDIT\u00a0<\/p>\r\n<p>PBZ CARD \u2013 POTRO\u0160NI\u0160KI KREDIT (24-60 obrokov)<\/p>\r\n<p>ERSTE CARD \u2013 POTRO\u0160NI\u0160KI KREDIT (24-60 obrokov)<\/p>\r\n<p>ZABA- MAESTRO, VISA \u2013 brez obresti, enkratno pla\u010dilo.<\/p>\r\n<p>PBZ \u2013 MAESTRO \u2013 do 12 obrokov.<br \/>PBZ \u2013 VISA in VISA Premium \u2013 do 12 obrokov.<br \/>PBZ \u2013 MASTERCARD \u2013 brezobrestno, enkratno pla\u010dilo.<\/p>\r\n<p>Erste \u2013 DINERS Card \u2013 do 36 obrokov.<br \/>Erste \u2013 VISA \u2013 do 12 obrokov.<br \/>Erste \u2013 MAESTRO \u2013 do 12 obrokov.<br \/>Erste \u2013 MASTERCARD \u2013 do 12 obrokov.<\/p>\r\n<p>MBPlus \u2013 kartice \u2013 do 12 obrokov.<\/p>\r\n<p>&nbsp;<\/p>","protected":false},"excerpt":{"rendered":"<p>Pla\u0107anje kreditnim karticama na rate u web trgovini (CorvusPay). Web trgovina na stranicama &#8220;https:\/\/hd-multimedia.com&#8221; prihva\u0107a pla\u0107anje s kreditnim karticama preko Corvuspay sustava za naplatu putem kreditnih, debitnih kartica i drugih sustava naplate. Na kupce koji imaju kreditne i debitne kartice slijede\u0107ih banaka mogu\u0107a je obro\u010dna kupnja na rate: ERSTE &#8211; DINERS\u00a0 &#8211; do 36 rata. [&hellip;]<\/p>","protected":false},"author":1,"featured_media":0,"parent":0,"menu_order":0,"comment_status":"closed","ping_status":"closed","template":"","meta":{"site-sidebar-layout":"default","site-content-layout":"content-boxed-container","ast-site-content-layout":"","site-content-style":"default","site-sidebar-style":"default","ast-global-header-display":"","ast-banner-title-visibility":"","ast-main-header-display":"","ast-hfb-above-header-display":"","ast-hfb-below-header-display":"","ast-hfb-mobile-header-display":"","site-post-title":"","ast-breadcrumbs-content":"","ast-featured-img":"","footer-sml-layout":"","theme-transparent-header-meta":"default","adv-header-id-meta":"","stick-header-meta":"default","header-above-stick-meta":"","header-main-stick-meta":"","header-below-stick-meta":"","astra-migrate-meta-layouts":"default","ast-page-background-enabled":"default","ast-page-background-meta":{"desktop":{"background-color":"","background-image":"","background-repeat":"repeat","background-position":"center center","background-size":"auto","background-attachment":"scroll","background-type":"","background-media":"","overlay-type":"","overlay-color":"","overlay-opacity":"","overlay-gradient":""},"tablet":{"background-color":"","background-image":"","background-repeat":"repeat","background-position":"center center","background-size":"auto","background-attachment":"scroll","background-type":"","background-media":"","overlay-type":"","overlay-color":"","overlay-opacity":"","overlay-gradient":""},"mobile":{"background-color":"","background-image":"","background-repeat":"repeat","background-position":"center center","background-size":"auto","background-attachment":"scroll","background-type":"","background-media":"","overlay-type":"","overlay-color":"","overlay-opacity":"","overlay-gradient":""}},"ast-content-background-meta":{"desktop":{"background-color":"var(--ast-global-color-5)","background-image":"","background-repeat":"repeat","background-position":"center center","background-size":"auto","background-attachment":"scroll","background-type":"","background-media":"","overlay-type":"","overlay-color":"","overlay-opacity":"","overlay-gradient":""},"tablet":{"background-color":"var(--ast-global-color-5)","background-image":"","background-repeat":"repeat","background-position":"center center","background-size":"auto","background-attachment":"scroll","background-type":"","background-media":"","overlay-type":"","overlay-color":"","overlay-opacity":"","overlay-gradient":""},"mobile":{"background-color":"var(--ast-global-color-5)","background-image":"","background-repeat":"repeat","background-position":"center center","background-size":"auto","background-attachment":"scroll","background-type":"","background-media":"","overlay-type":"","overlay-color":"","overlay-opacity":"","overlay-gradient":""}},"footnotes":""},"class_list":["post-5977","page","type-page","status-publish","hentry"],"yoast_head":"<!-- This site is optimized with the Yoast SEO plugin v21.4 - https:\/\/yoast.com\/wordpress\/plugins\/seo\/ -->\n<title>Prihvat kartica i pla\u0107anje na rate - hd-multimedia<\/title>\n<meta name=\"robots\" content=\"index, follow, max-snippet:-1, max-image-preview:large, max-video-preview:-1\" \/>\n<link rel=\"canonical\" href=\"https:\/\/hd-multimedia.com\/sl\/prihvat-kartica\/\" \/>\n<meta property=\"og:locale\" content=\"sl_SI\" \/>\n<meta property=\"og:type\" content=\"article\" \/>\n<meta property=\"og:title\" content=\"Prihvat kartica i pla\u0107anje na rate - hd-multimedia\" \/>\n<meta property=\"og:description\" content=\"Pla\u0107anje kreditnim karticama na rate u web trgovini (CorvusPay). Web trgovina na stranicama &#8220;https:\/\/hd-multimedia.com&#8221; prihva\u0107a pla\u0107anje s kreditnim karticama preko Corvuspay sustava za naplatu putem kreditnih, debitnih kartica i drugih sustava naplate. Na kupce koji imaju kreditne i debitne kartice slijede\u0107ih banaka mogu\u0107a je obro\u010dna kupnja na rate: ERSTE &#8211; DINERS\u00a0 &#8211; do 36 rata. [&hellip;]\" \/>\n<meta property=\"og:url\" content=\"https:\/\/hd-multimedia.com\/sl\/prihvat-kartica\/\" \/>\n<meta property=\"og:site_name\" content=\"hd-multimedia\" \/>\n<meta property=\"article:modified_time\" content=\"2022-03-17T12:37:26+00:00\" \/>\n<meta name=\"twitter:card\" content=\"summary_large_image\" \/>\n<meta name=\"twitter:label1\" content=\"Est. reading time\" \/>\n\t<meta name=\"twitter:data1\" content=\"2 minuti\" \/>\n<script type=\"application\/ld+json\" class=\"yoast-schema-graph\">{\"@context\":\"https:\/\/schema.org\",\"@graph\":[{\"@type\":\"WebPage\",\"@id\":\"https:\/\/hd-multimedia.com\/prihvat-kartica\/\",\"url\":\"https:\/\/hd-multimedia.com\/prihvat-kartica\/\",\"name\":\"Prihvat kartica i pla\u0107anje na rate - hd-multimedia\",\"isPartOf\":{\"@id\":\"https:\/\/hd-multimedia.com\/#website\"},\"datePublished\":\"2022-02-08T13:47:04+00:00\",\"dateModified\":\"2022-03-17T12:37:26+00:00\",\"breadcrumb\":{\"@id\":\"https:\/\/hd-multimedia.com\/prihvat-kartica\/#breadcrumb\"},\"inLanguage\":\"sl-SI\",\"potentialAction\":[{\"@type\":\"ReadAction\",\"target\":[\"https:\/\/hd-multimedia.com\/prihvat-kartica\/\"]}]},{\"@type\":\"BreadcrumbList\",\"@id\":\"https:\/\/hd-multimedia.com\/prihvat-kartica\/#breadcrumb\",\"itemListElement\":[{\"@type\":\"ListItem\",\"position\":1,\"name\":\"Po\u010detna stranica\",\"item\":\"https:\/\/hd-multimedia.com\/\"},{\"@type\":\"ListItem\",\"position\":2,\"name\":\"Prihvat kartica i pla\u0107anje na rate\"}]},{\"@type\":\"WebSite\",\"@id\":\"https:\/\/hd-multimedia.com\/#website\",\"url\":\"https:\/\/hd-multimedia.com\/\",\"name\":\"hd-multimedia\",\"description\":\"\",\"publisher\":{\"@id\":\"https:\/\/hd-multimedia.com\/#organization\"},\"potentialAction\":[{\"@type\":\"SearchAction\",\"target\":{\"@type\":\"EntryPoint\",\"urlTemplate\":\"https:\/\/hd-multimedia.com\/?s={search_term_string}\"},\"query-input\":\"required name=search_term_string\"}],\"inLanguage\":\"sl-SI\"},{\"@type\":\"Organization\",\"@id\":\"https:\/\/hd-multimedia.com\/#organization\",\"name\":\"hd-multimedia\",\"url\":\"https:\/\/hd-multimedia.com\/\",\"logo\":{\"@type\":\"ImageObject\",\"inLanguage\":\"sl-SI\",\"@id\":\"https:\/\/hd-multimedia.com\/#\/schema\/logo\/image\/\",\"url\":\"https:\/\/hd-multimedia.com\/hdm_media\/HD-curves-ok-196-56px-alpha-1.png\",\"contentUrl\":\"https:\/\/hd-multimedia.com\/hdm_media\/HD-curves-ok-196-56px-alpha-1.png\",\"width\":196,\"height\":53,\"caption\":\"hd-multimedia\"},\"image\":{\"@id\":\"https:\/\/hd-multimedia.com\/#\/schema\/logo\/image\/\"}}]}<\/script>\n<!-- \/ Yoast SEO plugin. -->","yoast_head_json":{"title":"Prihvat kartica i pla\u0107anje na rate - hd-multimedia","robots":{"index":"index","follow":"follow","max-snippet":"max-snippet:-1","max-image-preview":"max-image-preview:large","max-video-preview":"max-video-preview:-1"},"canonical":"https:\/\/hd-multimedia.com\/sl\/prihvat-kartica\/","og_locale":"sl_SI","og_type":"article","og_title":"Prihvat kartica i pla\u0107anje na rate - hd-multimedia","og_description":"Pla\u0107anje kreditnim karticama na rate u web trgovini (CorvusPay). Web trgovina na stranicama &#8220;https:\/\/hd-multimedia.com&#8221; prihva\u0107a pla\u0107anje s kreditnim karticama preko Corvuspay sustava za naplatu putem kreditnih, debitnih kartica i drugih sustava naplate. Na kupce koji imaju kreditne i debitne kartice slijede\u0107ih banaka mogu\u0107a je obro\u010dna kupnja na rate: ERSTE &#8211; DINERS\u00a0 &#8211; do 36 rata. [&hellip;]","og_url":"https:\/\/hd-multimedia.com\/sl\/prihvat-kartica\/","og_site_name":"hd-multimedia","article_modified_time":"2022-03-17T12:37:26+00:00","twitter_card":"summary_large_image","twitter_misc":{"Est. reading time":"2 minuti"},"schema":{"@context":"https:\/\/schema.org","@graph":[{"@type":"WebPage","@id":"https:\/\/hd-multimedia.com\/prihvat-kartica\/","url":"https:\/\/hd-multimedia.com\/prihvat-kartica\/","name":"Prihvat kartica i pla\u0107anje na rate - hd-multimedia","isPartOf":{"@id":"https:\/\/hd-multimedia.com\/#website"},"datePublished":"2022-02-08T13:47:04+00:00","dateModified":"2022-03-17T12:37:26+00:00","breadcrumb":{"@id":"https:\/\/hd-multimedia.com\/prihvat-kartica\/#breadcrumb"},"inLanguage":"sl-SI","potentialAction":[{"@type":"ReadAction","target":["https:\/\/hd-multimedia.com\/prihvat-kartica\/"]}]},{"@type":"BreadcrumbList","@id":"https:\/\/hd-multimedia.com\/prihvat-kartica\/#breadcrumb","itemListElement":[{"@type":"ListItem","position":1,"name":"Po\u010detna stranica","item":"https:\/\/hd-multimedia.com\/"},{"@type":"ListItem","position":2,"name":"Prihvat kartica i pla\u0107anje na rate"}]},{"@type":"WebSite","@id":"https:\/\/hd-multimedia.com\/#website","url":"https:\/\/hd-multimedia.com\/","name":"hd-multimedia","description":"","publisher":{"@id":"https:\/\/hd-multimedia.com\/#organization"},"potentialAction":[{"@type":"SearchAction","target":{"@type":"EntryPoint","urlTemplate":"https:\/\/hd-multimedia.com\/?s={search_term_string}"},"query-input":"required name=search_term_string"}],"inLanguage":"sl-SI"},{"@type":"Organization","@id":"https:\/\/hd-multimedia.com\/#organization","name":"hd-multimedia","url":"https:\/\/hd-multimedia.com\/","logo":{"@type":"ImageObject","inLanguage":"sl-SI","@id":"https:\/\/hd-multimedia.com\/#\/schema\/logo\/image\/","url":"https:\/\/hd-multimedia.com\/hdm_media\/HD-curves-ok-196-56px-alpha-1.png","contentUrl":"https:\/\/hd-multimedia.com\/hdm_media\/HD-curves-ok-196-56px-alpha-1.png","width":196,"height":53,"caption":"hd-multimedia"},"image":{"@id":"https:\/\/hd-multimedia.com\/#\/schema\/logo\/image\/"}}]}},"post_mailing_queue_ids":[],"_links":{"self":[{"href":"https:\/\/hd-multimedia.com\/sl\/wp-json\/wp\/v2\/pages\/5977","targetHints":{"allow":["GET"]}}],"collection":[{"href":"https:\/\/hd-multimedia.com\/sl\/wp-json\/wp\/v2\/pages"}],"about":[{"href":"https:\/\/hd-multimedia.com\/sl\/wp-json\/wp\/v2\/types\/page"}],"author":[{"embeddable":true,"href":"https:\/\/hd-multimedia.com\/sl\/wp-json\/wp\/v2\/users\/1"}],"replies":[{"embeddable":true,"href":"https:\/\/hd-multimedia.com\/sl\/wp-json\/wp\/v2\/comments?post=5977"}],"version-history":[{"count":6,"href":"https:\/\/hd-multimedia.com\/sl\/wp-json\/wp\/v2\/pages\/5977\/revisions"}],"predecessor-version":[{"id":8343,"href":"https:\/\/hd-multimedia.com\/sl\/wp-json\/wp\/v2\/pages\/5977\/revisions\/8343"}],"wp:attachment":[{"href":"https:\/\/hd-multimedia.com\/sl\/wp-json\/wp\/v2\/media?parent=5977"}],"curies":[{"name":"wp","href":"https:\/\/api.w.org\/{rel}","templated":true}]}}