{"id":5975,"date":"2022-02-08T15:08:17","date_gmt":"2022-02-08T15:08:17","guid":{"rendered":"https:\/\/hd-multimedia.com\/?page_id=5975"},"modified":"2024-01-16T09:41:42","modified_gmt":"2024-01-16T09:41:42","slug":"jamstveni-uvjeti","status":"publish","type":"page","link":"https:\/\/hd-multimedia.com\/sl\/jamstveni-uvjeti\/","title":{"rendered":"Garancijski pogoji"},"content":{"rendered":"<h5 class=\"wp-block-heading\"><strong>Garancija za nove izdelke \u2013 24 mesecev<\/strong><\/h5>\r\n\r\n\r\n\r\n<p>Garancija za vse nove (tovarni\u0161ko zapakirane) izdelke traja 24 mesecev od datuma ra\u010duna (nakupa). Garancija se lahko skraj\u0161a za nekatere vrste izdelkov in vrste prodaje, vendar je to potrebno posebej poudariti pri pogajanju o nakupu.\u00a0 \u00a0<\/p>\r\n<h5>Garancija za OTP C100 in druge \u017eetone z vgrajeno baterijo za enkratno uporabo je 24 mesecev od datuma ra\u010duna.<\/h5>\r\n<p>&nbsp;<\/p>\r\n<h5>Garancija na naprave z vgrajeno baterijo (polnilno) \u2013 12 mesecev, pogojno 24 mesecev.<\/h5>\r\n<ul>\r\n<li>Garancija za \u201cbrez\u017ei\u010dne slu\u0161alke\u201d je 12 mesecev (vklju\u010duje brez\u017ei\u010dne slu\u0161alke TWS, vse slu\u0161alke Bluetooth na baterije). Obe vrsti slu\u0161alk imata nezamenljive baterije, zato je garancija na napravo skupaj 12 mesecev, prav toliko velja tudi za vgrajene baterije. Garancija za prvotni nakup se ne podalj\u0161a \u010dez osnovno, \u010de ste v garancijskem roku prejeli nadomestno napravo.<\/li>\r\n<li>Garancija za druge naprave, ki vsebujejo baterije, je pogojna. Pogojno pomeni, da je garancija na baterijo 12 mesecev, na ostale dele naprave pa 24 mesecev. \u010ce baterija preneha delovati po 12 mesecih uporabe, smo jo pripravljeni brezpla\u010dno zamenjati (\u010de je mo\u017eno). \u010ce je baterija odpovedala po 12 mesecih + 1 dan, lahko zamenjamo baterijo na stro\u0161ke stranke.\u00a0<\/li>\r\n<\/ul>\r\n<p><strong>Izjava o garanciji.<\/strong><\/p>\r\n<p>HD-INFO doo jam\u010di za kakovost in brezhibno delovanje izdelka, v kolikor bo kupec\/uporabnik upo\u0161teval prilo\u017eena navodila za uporabo in splo\u0161na pravila za uporabo tehni\u010dnih pripomo\u010dkov.<br \/>Kljub temu se lahko zgodi, da izdelek ne deluje pravilno. V tem primeru se zavezujemo, da bomo na lastne stro\u0161ke odpravili vse okvare in tehni\u010dne pomanjkljivosti, ki bi se v garancijski dobi pojavile na izdelku ob normalni uporabi in upo\u0161tevanju tehni\u010dnih navodil, pod naslednjimi pogoji:<\/p>\r\n<ul>\r\n<li>Kupec mora izdelek z napako dostaviti zapakiran v originalni ali ustrezni embala\u017ei s kompletnim priborom in kratkim opisom napake na prodajno mesto (Svetice 23, 10000 Zagreb, 2. nadstropje).<\/li>\r\n<li>Kupec mora predlo\u017eiti ra\u010dun o nakupu izdelka, ki dokazuje, da je izdelek kupil pri nas (HD-info doo)<\/li>\r\n<li>Garancija ne vpliva na druge pravice, ki pripadajo kupcu iz drugih pravnih podlag.<\/li>\r\n<\/ul>\r\n<p>GARANCIJA NE VKLJU\u010cUJE:<\/p>\r\n<ul>\r\n<li>programska oprema, ki je prilo\u017eena izdelku (samo nekateri izdelki so prilo\u017eeni programski opremi)<\/li>\r\n<li>motnje v delovanju zaradi nepravilnega ravnanja<\/li>\r\n<li>okvare zaradi obrabe naprave ali njenih delov<\/li>\r\n<li>okvare zaradi vpliva okolja, neprimernega za delovanje naprave<\/li>\r\n<li>okvare zaradi naravnih nesre\u010d ali vi\u0161je sile (po\u017ear, poplava, potres itd.)<\/li>\r\n<li>mehanske po\u0161kodbe ali okvare zaradi mehanskih po\u0161kodb, padcev itd.<\/li>\r\n<\/ul>\r\n<p>GARANCIJA PRENEHA V PRIMERU:<\/p>\r\n<ul>\r\n<li>raz\u0161iritev, predelav ali povezav brez pisnega soglasja HD-INFO doo<\/li>\r\n<li>\u010de so izdelek popravile ali odprle nepoobla\u0161\u010dene osebe<\/li>\r\n<li>uporaba izdelkov za namene, za katere niso bili predvideni,<\/li>\r\n<\/ul>\r\n<p>DRUGI GARANCIJSKI POGOJI<br \/>Med garancijskim obdobjem lahko okvare odpravi le poobla\u0161\u010deni servis. Garancijska doba za\u010dne te\u010di z dnem dobave, ki je naveden na ra\u010dunu in garancijski izjavi. Stro\u0161ke in tveganje dostave do servisa nosi kupec. V primeru, da kupec po\u0161lje na servis izdelek, ki je pravilen, t.j. ki posluje v skladu s tehni\u010dnim opisom in navodili za uporabo, bomo stranki zara\u010dunali pregled in testiranje izdelka. Okvarjeno blago zamenjamo \u0161ele, ko na\u0161a servisna slu\u017eba potrdi njihovo napako.<br \/>\u010ce popravilo traja dlje kot 10 dni, se garancija podalj\u0161a za \u010das popravila. V primeru, da napaka ne bo odpravljena v garancijskem roku v 45 dneh od prevzema izdelka na servis in izdelek ni poslan dobavitelju v popravilo, se HD-INFO doo zavezuje, da ga bo nadomestil z drugim ali kupcu povrnil znesek v vi\u0161ini trenutne tr\u017ene vrednosti takega ali podobnega\/bolj\u0161ega izdelka.<br \/>HD-INFO doo jam\u010di, da bo servis in nadomestni deli za izdelek na voljo 5 let.<\/p>\r\n\r\n\r\n\r\n<h5 class=\"wp-block-heading\"><strong>Poobla\u0161\u010deni servis v garancijskem roku.<\/strong><\/h5>\r\n\r\n\r\n\r\n<p>Storitev izvaja podjetje HD-INFO doo.\u00a0<\/p>\r\n\r\n\r\n\r\n<p>Kontakt: HD-INFO doo, Svetice 23, HR-10000 Zagreb. telefon 01\/2333-686.<\/p>","protected":false},"excerpt":{"rendered":"<p>Jamstvo za nove proizvode \u2013 24 mjeseca Jamstvo za sve nove (tvorni\u010dki zapakirane) proizvode traju 24 mjeseci od datuma ra\u010duna (kupovine). Jamstvo mo\u017ee biti skra\u0107eno za neke vrste proizvoda i vrste prodaja\u00a0no to mora biti posebno nagla\u0161eno prilikom ugovaranja kupnje.\u00a0 \u00a0 Jamstvo za OTP C100 i ostale tokene s ugra\u0111enom nepunjivom baterijom je 24 mjeseca [&hellip;]<\/p>","protected":false},"author":1,"featured_media":0,"parent":0,"menu_order":0,"comment_status":"closed","ping_status":"closed","template":"","meta":{"site-sidebar-layout":"default","site-content-layout":"content-boxed-container","ast-site-content-layout":"normal-width-container","site-content-style":"boxed","site-sidebar-style":"unboxed","ast-global-header-display":"","ast-banner-title-visibility":"","ast-main-header-display":"","ast-hfb-above-header-display":"","ast-hfb-below-header-display":"","ast-hfb-mobile-header-display":"","site-post-title":"","ast-breadcrumbs-content":"","ast-featured-img":"","footer-sml-layout":"","theme-transparent-header-meta":"default","adv-header-id-meta":"","stick-header-meta":"default","header-above-stick-meta":"","header-main-stick-meta":"","header-below-stick-meta":"","astra-migrate-meta-layouts":"set","ast-page-background-enabled":"default","ast-page-background-meta":{"desktop":{"background-color":"","background-image":"","background-repeat":"repeat","background-position":"center center","background-size":"auto","background-attachment":"scroll","background-type":"","background-media":"","overlay-type":"","overlay-color":"","overlay-opacity":"","overlay-gradient":""},"tablet":{"background-color":"","background-image":"","background-repeat":"repeat","background-position":"center center","background-size":"auto","background-attachment":"scroll","background-type":"","background-media":"","overlay-type":"","overlay-color":"","overlay-opacity":"","overlay-gradient":""},"mobile":{"background-color":"","background-image":"","background-repeat":"repeat","background-position":"center center","background-size":"auto","background-attachment":"scroll","background-type":"","background-media":"","overlay-type":"","overlay-color":"","overlay-opacity":"","overlay-gradient":""}},"ast-content-background-meta":{"desktop":{"background-color":"var(--ast-global-color-5)","background-image":"","background-repeat":"repeat","background-position":"center center","background-size":"auto","background-attachment":"scroll","background-type":"","background-media":"","overlay-type":"","overlay-color":"","overlay-opacity":"","overlay-gradient":""},"tablet":{"background-color":"var(--ast-global-color-5)","background-image":"","background-repeat":"repeat","background-position":"center center","background-size":"auto","background-attachment":"scroll","background-type":"","background-media":"","overlay-type":"","overlay-color":"","overlay-opacity":"","overlay-gradient":""},"mobile":{"background-color":"var(--ast-global-color-5)","background-image":"","background-repeat":"repeat","background-position":"center center","background-size":"auto","background-attachment":"scroll","background-type":"","background-media":"","overlay-type":"","overlay-color":"","overlay-opacity":"","overlay-gradient":""}},"footnotes":""},"class_list":["post-5975","page","type-page","status-publish","hentry"],"yoast_head":"<!-- This site is optimized with the Yoast SEO plugin v21.4 - https:\/\/yoast.com\/wordpress\/plugins\/seo\/ -->\n<title>Jamstveni uvjeti - hd-multimedia<\/title>\n<meta name=\"robots\" content=\"index, follow, max-snippet:-1, max-image-preview:large, max-video-preview:-1\" \/>\n<link rel=\"canonical\" href=\"https:\/\/hd-multimedia.com\/sl\/jamstveni-uvjeti\/\" \/>\n<meta property=\"og:locale\" content=\"sl_SI\" \/>\n<meta property=\"og:type\" content=\"article\" \/>\n<meta property=\"og:title\" content=\"Jamstveni uvjeti - hd-multimedia\" \/>\n<meta property=\"og:description\" content=\"Jamstvo za nove proizvode \u2013 24 mjeseca Jamstvo za sve nove (tvorni\u010dki zapakirane) proizvode traju 24 mjeseci od datuma ra\u010duna (kupovine). Jamstvo mo\u017ee biti skra\u0107eno za neke vrste proizvoda i vrste prodaja\u00a0no to mora biti posebno nagla\u0161eno prilikom ugovaranja kupnje.\u00a0 \u00a0 Jamstvo za OTP C100 i ostale tokene s ugra\u0111enom nepunjivom baterijom je 24 mjeseca [&hellip;]\" \/>\n<meta property=\"og:url\" content=\"https:\/\/hd-multimedia.com\/sl\/jamstveni-uvjeti\/\" \/>\n<meta property=\"og:site_name\" content=\"hd-multimedia\" \/>\n<meta property=\"article:modified_time\" content=\"2024-01-16T09:41:42+00:00\" \/>\n<meta name=\"twitter:card\" content=\"summary_large_image\" \/>\n<meta name=\"twitter:label1\" content=\"Est. reading time\" \/>\n\t<meta name=\"twitter:data1\" content=\"4 minute\" \/>\n<script type=\"application\/ld+json\" class=\"yoast-schema-graph\">{\"@context\":\"https:\/\/schema.org\",\"@graph\":[{\"@type\":\"WebPage\",\"@id\":\"https:\/\/hd-multimedia.com\/jamstveni-uvjeti\/\",\"url\":\"https:\/\/hd-multimedia.com\/jamstveni-uvjeti\/\",\"name\":\"Jamstveni uvjeti - hd-multimedia\",\"isPartOf\":{\"@id\":\"https:\/\/hd-multimedia.com\/#website\"},\"datePublished\":\"2022-02-08T15:08:17+00:00\",\"dateModified\":\"2024-01-16T09:41:42+00:00\",\"breadcrumb\":{\"@id\":\"https:\/\/hd-multimedia.com\/jamstveni-uvjeti\/#breadcrumb\"},\"inLanguage\":\"sl-SI\",\"potentialAction\":[{\"@type\":\"ReadAction\",\"target\":[\"https:\/\/hd-multimedia.com\/jamstveni-uvjeti\/\"]}]},{\"@type\":\"BreadcrumbList\",\"@id\":\"https:\/\/hd-multimedia.com\/jamstveni-uvjeti\/#breadcrumb\",\"itemListElement\":[{\"@type\":\"ListItem\",\"position\":1,\"name\":\"Po\u010detna stranica\",\"item\":\"https:\/\/hd-multimedia.com\/\"},{\"@type\":\"ListItem\",\"position\":2,\"name\":\"Jamstveni uvjeti\"}]},{\"@type\":\"WebSite\",\"@id\":\"https:\/\/hd-multimedia.com\/#website\",\"url\":\"https:\/\/hd-multimedia.com\/\",\"name\":\"hd-multimedia\",\"description\":\"\",\"publisher\":{\"@id\":\"https:\/\/hd-multimedia.com\/#organization\"},\"potentialAction\":[{\"@type\":\"SearchAction\",\"target\":{\"@type\":\"EntryPoint\",\"urlTemplate\":\"https:\/\/hd-multimedia.com\/?s={search_term_string}\"},\"query-input\":\"required name=search_term_string\"}],\"inLanguage\":\"sl-SI\"},{\"@type\":\"Organization\",\"@id\":\"https:\/\/hd-multimedia.com\/#organization\",\"name\":\"hd-multimedia\",\"url\":\"https:\/\/hd-multimedia.com\/\",\"logo\":{\"@type\":\"ImageObject\",\"inLanguage\":\"sl-SI\",\"@id\":\"https:\/\/hd-multimedia.com\/#\/schema\/logo\/image\/\",\"url\":\"https:\/\/hd-multimedia.com\/hdm_media\/HD-curves-ok-196-56px-alpha-1.png\",\"contentUrl\":\"https:\/\/hd-multimedia.com\/hdm_media\/HD-curves-ok-196-56px-alpha-1.png\",\"width\":196,\"height\":53,\"caption\":\"hd-multimedia\"},\"image\":{\"@id\":\"https:\/\/hd-multimedia.com\/#\/schema\/logo\/image\/\"}}]}<\/script>\n<!-- \/ Yoast SEO plugin. -->","yoast_head_json":{"title":"Jamstveni uvjeti - hd-multimedia","robots":{"index":"index","follow":"follow","max-snippet":"max-snippet:-1","max-image-preview":"max-image-preview:large","max-video-preview":"max-video-preview:-1"},"canonical":"https:\/\/hd-multimedia.com\/sl\/jamstveni-uvjeti\/","og_locale":"sl_SI","og_type":"article","og_title":"Jamstveni uvjeti - hd-multimedia","og_description":"Jamstvo za nove proizvode \u2013 24 mjeseca Jamstvo za sve nove (tvorni\u010dki zapakirane) proizvode traju 24 mjeseci od datuma ra\u010duna (kupovine). Jamstvo mo\u017ee biti skra\u0107eno za neke vrste proizvoda i vrste prodaja\u00a0no to mora biti posebno nagla\u0161eno prilikom ugovaranja kupnje.\u00a0 \u00a0 Jamstvo za OTP C100 i ostale tokene s ugra\u0111enom nepunjivom baterijom je 24 mjeseca [&hellip;]","og_url":"https:\/\/hd-multimedia.com\/sl\/jamstveni-uvjeti\/","og_site_name":"hd-multimedia","article_modified_time":"2024-01-16T09:41:42+00:00","twitter_card":"summary_large_image","twitter_misc":{"Est. reading time":"4 minute"},"schema":{"@context":"https:\/\/schema.org","@graph":[{"@type":"WebPage","@id":"https:\/\/hd-multimedia.com\/jamstveni-uvjeti\/","url":"https:\/\/hd-multimedia.com\/jamstveni-uvjeti\/","name":"Jamstveni uvjeti - hd-multimedia","isPartOf":{"@id":"https:\/\/hd-multimedia.com\/#website"},"datePublished":"2022-02-08T15:08:17+00:00","dateModified":"2024-01-16T09:41:42+00:00","breadcrumb":{"@id":"https:\/\/hd-multimedia.com\/jamstveni-uvjeti\/#breadcrumb"},"inLanguage":"sl-SI","potentialAction":[{"@type":"ReadAction","target":["https:\/\/hd-multimedia.com\/jamstveni-uvjeti\/"]}]},{"@type":"BreadcrumbList","@id":"https:\/\/hd-multimedia.com\/jamstveni-uvjeti\/#breadcrumb","itemListElement":[{"@type":"ListItem","position":1,"name":"Po\u010detna stranica","item":"https:\/\/hd-multimedia.com\/"},{"@type":"ListItem","position":2,"name":"Jamstveni uvjeti"}]},{"@type":"WebSite","@id":"https:\/\/hd-multimedia.com\/#website","url":"https:\/\/hd-multimedia.com\/","name":"hd-multimedia","description":"","publisher":{"@id":"https:\/\/hd-multimedia.com\/#organization"},"potentialAction":[{"@type":"SearchAction","target":{"@type":"EntryPoint","urlTemplate":"https:\/\/hd-multimedia.com\/?s={search_term_string}"},"query-input":"required name=search_term_string"}],"inLanguage":"sl-SI"},{"@type":"Organization","@id":"https:\/\/hd-multimedia.com\/#organization","name":"hd-multimedia","url":"https:\/\/hd-multimedia.com\/","logo":{"@type":"ImageObject","inLanguage":"sl-SI","@id":"https:\/\/hd-multimedia.com\/#\/schema\/logo\/image\/","url":"https:\/\/hd-multimedia.com\/hdm_media\/HD-curves-ok-196-56px-alpha-1.png","contentUrl":"https:\/\/hd-multimedia.com\/hdm_media\/HD-curves-ok-196-56px-alpha-1.png","width":196,"height":53,"caption":"hd-multimedia"},"image":{"@id":"https:\/\/hd-multimedia.com\/#\/schema\/logo\/image\/"}}]}},"post_mailing_queue_ids":[],"_links":{"self":[{"href":"https:\/\/hd-multimedia.com\/sl\/wp-json\/wp\/v2\/pages\/5975","targetHints":{"allow":["GET"]}}],"collection":[{"href":"https:\/\/hd-multimedia.com\/sl\/wp-json\/wp\/v2\/pages"}],"about":[{"href":"https:\/\/hd-multimedia.com\/sl\/wp-json\/wp\/v2\/types\/page"}],"author":[{"embeddable":true,"href":"https:\/\/hd-multimedia.com\/sl\/wp-json\/wp\/v2\/users\/1"}],"replies":[{"embeddable":true,"href":"https:\/\/hd-multimedia.com\/sl\/wp-json\/wp\/v2\/comments?post=5975"}],"version-history":[{"count":14,"href":"https:\/\/hd-multimedia.com\/sl\/wp-json\/wp\/v2\/pages\/5975\/revisions"}],"predecessor-version":[{"id":14032,"href":"https:\/\/hd-multimedia.com\/sl\/wp-json\/wp\/v2\/pages\/5975\/revisions\/14032"}],"wp:attachment":[{"href":"https:\/\/hd-multimedia.com\/sl\/wp-json\/wp\/v2\/media?parent=5975"}],"curies":[{"name":"wp","href":"https:\/\/api.w.org\/{rel}","templated":true}]}}