{"id":25,"date":"2019-07-17T13:25:39","date_gmt":"2019-07-17T13:25:39","guid":{"rendered":"http:\/\/hd-multimedia.com\/?page_id=25"},"modified":"2025-02-17T12:56:29","modified_gmt":"2025-02-17T12:56:29","slug":"uvjeti-poslovanja","status":"publish","type":"page","link":"https:\/\/hd-multimedia.com\/sl\/uvjeti-poslovanja\/","title":{"rendered":"Poslovni pogoji"},"content":{"rendered":"<h5 class=\"wp-block-heading\"><strong>Pogodbene stranke<\/strong><\/h5>\r\n\r\n\r\n\r\n<p>Prodajalec je podjetje: HD-INFO doo, s sede\u017eem Br\u0161ljana 21, Zagreb, Hrva\u0161ka.<br \/>Kupec je fizi\u010dna ali pravna oseba, ki potrdi naro\u010dilo opravljeno preko te spletne strani in izvede pla\u010dilo naro\u010denega blaga in storitev na enega izmed mo\u017enih na\u010dinov pla\u010dila (glej na\u010dini pla\u010dila). S potrditvijo naro\u010dila se kupec strinja z vsemi pogoji te spletne trgovine, kot so navedeni na teh straneh.<\/p>\r\n\r\n\r\n\r\n<p>Vse va\u0161e pripombe, ugovore in pohvale glede nakupovanja v tej spletni trgovini lahko po\u0161ljete preko na\u0161ega spletnega obrazca na teh straneh ali na e-po\u0161to prodajalca.<\/p>\r\n\r\n\r\n\r\n<h5 class=\"wp-block-heading\"><strong>Podatki o podjetju (prodajalcu).<\/strong><\/h5>\r\n\r\n\r\n\r\n<p>Ime podjetja:\u00a0<strong>HD-INFO doo<\/strong><br \/>Naslov:\u00a0<strong>Br\u0161ljana 21, HR-10000 Zagreb.<\/strong><br \/>E-po\u0161ta:\u00a0<strong>hdm@hdinfo.hr<\/strong><br \/>Kontaktni telefon:\u00a0<strong>+385 1 233-9048, +385 91 2333-686<\/strong><br \/>Odpiralni \u010das: Spletna trgovina je odprta za naro\u010dila 0-24 ur.<\/p>\r\n\r\n\r\n\r\n<h5 class=\"wp-block-heading\"><strong>Pogoji sprejemanja naro\u010dil v na\u0161i spletni trgovini<\/strong><\/h5>\r\n\r\n\r\n\r\n<p>Naro\u010dila, ki jih kupec oblikuje preko sistema avtomatizirane spletne trgovine na spletnem mestu &quot;https:\/\/hd-multimedia.com&quot;, niso dokon\u010dna in zavezujejo prodajalca. Vsako naro\u010dilo prodajalec pred veljavnostjo ro\u010dno preveri stanje, ceno in mo\u017enost dostave. \u010ce naro\u010dilo lahko izpolnimo, bo naro\u010dilo sprejeto brez dodatnega obvestila kupcu in blago poslano v pla\u010dilo in dostavo v skladu z dogovorjenimi roki dostave. \u010ce naro\u010dila ne moremo izpolniti, bomo kupca nemudoma (oz. najkasneje v 3 delovnih dneh) obvestili o nezmo\u017enosti izpolnitve naro\u010dila in mu posredovali najmanj obvestilo po elektronski po\u0161ti o preklicu naro\u010dila. Kupec lahko nato svobodno ponovi svoje naro\u010dilo v skladu z novimi mo\u017enostmi prodajalca.<\/p>\r\n\r\n\r\n\r\n<h5 class=\"wp-block-heading\"><strong>Dobavni pogoji<\/strong><\/h5>\r\n\r\n\r\n\r\n<p>Dostava blaga na naslov kupca je brezpla\u010dna pri nakupu nad 149 \u20ac na naslove v Republiki Hrva\u0161ki in Republiki Sloveniji. Za naro\u010dila, ni\u017eja od navedenega zneska, zara\u010dunamo pav\u0161alni stro\u0161ek po\u0161iljanja v vi\u0161ini 5 \u20ac ali 9 \u20ac, \u010de stranka \u017eeli hitro dostavo. Cena dostave za naro\u010dila manj\u0161a od 149 \u20ac v Slovenijo je 10 \u20ac.<\/p>\r\n\r\n\r\n\r\n<p>Po predhodnem telefonskem ali elektronskem dogovoru lahko kupec blago prevzame sam na na\u0161em naslovu: Svetice 23, Zagreb ali Strossmayerov trg 5, Zagreb.<\/p>\r\n\r\n\r\n\r\n<p>Kupec je dol\u017ean takoj ob prevzemu blaga preveriti morebitne po\u0161kodbe zunanje \u0161katle in jih nemudoma prijaviti dostavljavcu, ter v primeru, da ugotovi, da je blago po\u0161kodovano v transportu, zavrniti prevzem po\u0161iljke od dostavljalca.<\/p>\r\n\r\n\r\n\r\n<p>Dostava se izvr\u0161i do vhoda stanovanjskega objekta, na katerega je po\u0161iljka naslovljena. Dostavljalec ni dol\u017ean prena\u0161ati blaga v notranjost objekta ali v nadstropje, kjer se stranka nahaja.<br \/>Blago je zavarovano proti izgubi pri dostavi. Ob prevzemu blaga je kupec dol\u017ean podpisati zapisnik o prevzemu blaga, ki je potrdilo o prevzemu blaga s strani kupca.<\/p>\r\n\r\n\r\n\r\n<p>Blago dostavljamo preko dostavnih slu\u017eb:<\/p>\r\n\r\n\r\n\r\n<ul class=\"wp-block-list\">\r\n<li>GLS Hrva\u0161ka \u2013 https:\/\/gls-group.com\/HR\/hr\/home\/<\/li>\r\n<li>DPD Hrva\u0161ka \u2013 https:\/\/www.dpd.com\/hr<\/li>\r\n<\/ul>\r\n\r\n\r\n\r\n<h5 class=\"wp-block-heading\"><strong>Pravica kupca do vra\u010dila blaga\u00a0<\/strong><\/h5>\r\n\r\n\r\n\r\n<p><strong>(Enostranska odpoved pogodbe po 72. \u010dlenu Zakona o varstvu potro\u0161nikov).<\/strong><br \/>Kupec ima pravico odstopiti od kupoprodajne pogodbe in vrniti kupljeno blago na na\u0161 naslov: HD-INFO doo, Svetice 23, HR-10000 Zagreb, v 14 dneh od dneva nakupa oziroma prevzema blaga. Blago mora biti koli\u010dinsko in kakovostno enako prejetemu oziroma kupljenemu na ra\u010dunu\/pogodbi. Blago mora biti vrnjeno z ra\u010dunom (kopijo) kot kupljeno in z navedbo, da namerava kupec prekiniti kupoprodajno pogodbo.\u00a0\u00a0<\/p>\r\n\r\n\r\n\r\n<p>Kupcu se vrne vpla\u010dani znesek: 1.) v vi\u0161ini 100% \u2013 \u010de blago vrne tovarni\u0161ko zapakirano in brez po\u0161kodb embala\u017ee; Kupec nosi stro\u0161ke vra\u010dila blaga na na\u0161 naslov; 2) v znesku 80%, \u010de je blago vrnjeno pravilno, popolno in nepo\u0161kodovano, vendar nepakirano in vrnjeno v originalni popolni embala\u017ei. Kupec nosi stro\u0161ke vra\u010dila blaga na na\u0161 naslov; 3) \u010ce je blago nepopolno ali vrnjeno brez embala\u017ee, se morata kupec in prodajalec dogovoriti \u2013 o vra\u010dilu blaga in znesku vra\u010dila. V tem primeru vrnjeni znesek ne sme prese\u010di 50% skupnega pla\u010danega zneska za kupljeno blago.<\/p>\r\n\r\n\r\n\r\n<p>V kolikor je vra\u010dilo opravljeno izven 14 dnevnega roka od dneva nakupa in ker je kupec opazil nepravilnosti na blagu ali podobno, kupca napotimo na posvet v na\u0161i slu\u017ebi na naslovu: HD-INFO doo, Svetice 23, HR-10000 Zagreb, tel. 01\/2333-686, z namenom uveljavljanja svojih pravic na podlagi prejetih garancij glede kakovosti in pravilnosti izdelka.\u00a0<\/p>\r\n\r\n\r\n\r\n<h5 class=\"wp-block-heading\"><strong>Garancija za vse nove izdelke \u2013 24 mesecev.<\/strong><\/h5>\r\n\r\n\r\n\r\n<p>Garancija za vse nove (tovarni\u0161ko zapakirane) izdelke traja 24 mesecev od datuma ra\u010duna (nakupa). Garancija se lahko skraj\u0161a za nekatere vrste izdelkov in vrste prodaje, vendar je to potrebno posebej poudariti pri pogajanju o nakupu.\u00a0 \u00a0<br \/>Dodatni pogoji garancije so na voljo na na\u0161i spletni strani.<\/p>\r\n\r\n\r\n\r\n<h5 class=\"wp-block-heading\"><strong>Poobla\u0161\u010deni servis v garancijskem roku.<\/strong><\/h5>\r\n\r\n\r\n\r\n<p>Storitev izvaja podjetje HD-INFO doo.\u00a0<\/p>\r\n\r\n\r\n\r\n<p>Kontakt: HD-INFO doo, Svetice 23, HR-10000 Zagreb. telefon 01\/2333-686.<\/p>","protected":false},"excerpt":{"rendered":"<p>Ugovorne stranke Prodavatelj je tvrtka:\u00a0HD-INFO d.o.o., s adresom sjedi\u0161ta Br\u0161ljana 21, Zagreb, Hrvatska.Kupac je fizi\u010dka ili pravna osoba koja potvrdi narud\u017ebu kreiranu putem ovih Internet stranica i izvr\u0161i pla\u0107anje naru\u010dene robe i usluga,\u00a0 jednim od mogu\u0107ih na\u010dina pla\u0107anja (vidi na\u010dini pla\u0107anja). Svojom potvrdom narud\u017ebe Kupac se sla\u017ee sa svim uvjetima poslovanja ove Internet trgovine kako [&hellip;]<\/p>","protected":false},"author":1,"featured_media":0,"parent":0,"menu_order":0,"comment_status":"closed","ping_status":"closed","template":"","meta":{"site-sidebar-layout":"default","site-content-layout":"content-boxed-container","ast-site-content-layout":"normal-width-container","site-content-style":"boxed","site-sidebar-style":"unboxed","ast-global-header-display":"","ast-banner-title-visibility":"","ast-main-header-display":"","ast-hfb-above-header-display":"","ast-hfb-below-header-display":"","ast-hfb-mobile-header-display":"","site-post-title":"","ast-breadcrumbs-content":"","ast-featured-img":"","footer-sml-layout":"","theme-transparent-header-meta":"default","adv-header-id-meta":"","stick-header-meta":"default","header-above-stick-meta":"","header-main-stick-meta":"","header-below-stick-meta":"","astra-migrate-meta-layouts":"set","ast-page-background-enabled":"default","ast-page-background-meta":{"desktop":{"background-color":"","background-image":"","background-repeat":"repeat","background-position":"center center","background-size":"auto","background-attachment":"scroll","background-type":"","background-media":"","overlay-type":"","overlay-color":"","overlay-opacity":"","overlay-gradient":""},"tablet":{"background-color":"","background-image":"","background-repeat":"repeat","background-position":"center center","background-size":"auto","background-attachment":"scroll","background-type":"","background-media":"","overlay-type":"","overlay-color":"","overlay-opacity":"","overlay-gradient":""},"mobile":{"background-color":"","background-image":"","background-repeat":"repeat","background-position":"center center","background-size":"auto","background-attachment":"scroll","background-type":"","background-media":"","overlay-type":"","overlay-color":"","overlay-opacity":"","overlay-gradient":""}},"ast-content-background-meta":{"desktop":{"background-color":"var(--ast-global-color-5)","background-image":"","background-repeat":"repeat","background-position":"center center","background-size":"auto","background-attachment":"scroll","background-type":"","background-media":"","overlay-type":"","overlay-color":"","overlay-opacity":"","overlay-gradient":""},"tablet":{"background-color":"var(--ast-global-color-5)","background-image":"","background-repeat":"repeat","background-position":"center center","background-size":"auto","background-attachment":"scroll","background-type":"","background-media":"","overlay-type":"","overlay-color":"","overlay-opacity":"","overlay-gradient":""},"mobile":{"background-color":"var(--ast-global-color-5)","background-image":"","background-repeat":"repeat","background-position":"center center","background-size":"auto","background-attachment":"scroll","background-type":"","background-media":"","overlay-type":"","overlay-color":"","overlay-opacity":"","overlay-gradient":""}},"footnotes":""},"class_list":["post-25","page","type-page","status-publish","hentry"],"yoast_head":"<!-- This site is optimized with the Yoast SEO plugin v21.4 - https:\/\/yoast.com\/wordpress\/plugins\/seo\/ -->\n<title>Uvjeti poslovanja - hd-multimedia<\/title>\n<meta name=\"robots\" content=\"index, follow, max-snippet:-1, max-image-preview:large, max-video-preview:-1\" \/>\n<link rel=\"canonical\" href=\"https:\/\/hd-multimedia.com\/sl\/uvjeti-poslovanja\/\" \/>\n<meta property=\"og:locale\" content=\"sl_SI\" \/>\n<meta property=\"og:type\" content=\"article\" \/>\n<meta property=\"og:title\" content=\"Uvjeti poslovanja - hd-multimedia\" \/>\n<meta property=\"og:description\" content=\"Ugovorne stranke Prodavatelj je tvrtka:\u00a0HD-INFO d.o.o., s adresom sjedi\u0161ta Br\u0161ljana 21, Zagreb, Hrvatska.Kupac je fizi\u010dka ili pravna osoba koja potvrdi narud\u017ebu kreiranu putem ovih Internet stranica i izvr\u0161i pla\u0107anje naru\u010dene robe i usluga,\u00a0 jednim od mogu\u0107ih na\u010dina pla\u0107anja (vidi na\u010dini pla\u0107anja). Svojom potvrdom narud\u017ebe Kupac se sla\u017ee sa svim uvjetima poslovanja ove Internet trgovine kako [&hellip;]\" \/>\n<meta property=\"og:url\" content=\"https:\/\/hd-multimedia.com\/sl\/uvjeti-poslovanja\/\" \/>\n<meta property=\"og:site_name\" content=\"hd-multimedia\" \/>\n<meta property=\"article:modified_time\" content=\"2025-02-17T12:56:29+00:00\" \/>\n<meta name=\"twitter:card\" content=\"summary_large_image\" \/>\n<meta name=\"twitter:label1\" content=\"Est. reading time\" \/>\n\t<meta name=\"twitter:data1\" content=\"4 minute\" \/>\n<script type=\"application\/ld+json\" class=\"yoast-schema-graph\">{\"@context\":\"https:\/\/schema.org\",\"@graph\":[{\"@type\":\"WebPage\",\"@id\":\"https:\/\/hd-multimedia.com\/uvjeti-poslovanja\/\",\"url\":\"https:\/\/hd-multimedia.com\/uvjeti-poslovanja\/\",\"name\":\"Uvjeti poslovanja - hd-multimedia\",\"isPartOf\":{\"@id\":\"https:\/\/hd-multimedia.com\/#website\"},\"datePublished\":\"2019-07-17T13:25:39+00:00\",\"dateModified\":\"2025-02-17T12:56:29+00:00\",\"breadcrumb\":{\"@id\":\"https:\/\/hd-multimedia.com\/uvjeti-poslovanja\/#breadcrumb\"},\"inLanguage\":\"sl-SI\",\"potentialAction\":[{\"@type\":\"ReadAction\",\"target\":[\"https:\/\/hd-multimedia.com\/uvjeti-poslovanja\/\"]}]},{\"@type\":\"BreadcrumbList\",\"@id\":\"https:\/\/hd-multimedia.com\/uvjeti-poslovanja\/#breadcrumb\",\"itemListElement\":[{\"@type\":\"ListItem\",\"position\":1,\"name\":\"Po\u010detna stranica\",\"item\":\"https:\/\/hd-multimedia.com\/\"},{\"@type\":\"ListItem\",\"position\":2,\"name\":\"Uvjeti poslovanja\"}]},{\"@type\":\"WebSite\",\"@id\":\"https:\/\/hd-multimedia.com\/#website\",\"url\":\"https:\/\/hd-multimedia.com\/\",\"name\":\"hd-multimedia\",\"description\":\"\",\"publisher\":{\"@id\":\"https:\/\/hd-multimedia.com\/#organization\"},\"potentialAction\":[{\"@type\":\"SearchAction\",\"target\":{\"@type\":\"EntryPoint\",\"urlTemplate\":\"https:\/\/hd-multimedia.com\/?s={search_term_string}\"},\"query-input\":\"required name=search_term_string\"}],\"inLanguage\":\"sl-SI\"},{\"@type\":\"Organization\",\"@id\":\"https:\/\/hd-multimedia.com\/#organization\",\"name\":\"hd-multimedia\",\"url\":\"https:\/\/hd-multimedia.com\/\",\"logo\":{\"@type\":\"ImageObject\",\"inLanguage\":\"sl-SI\",\"@id\":\"https:\/\/hd-multimedia.com\/#\/schema\/logo\/image\/\",\"url\":\"https:\/\/hd-multimedia.com\/hdm_media\/HD-curves-ok-196-56px-alpha-1.png\",\"contentUrl\":\"https:\/\/hd-multimedia.com\/hdm_media\/HD-curves-ok-196-56px-alpha-1.png\",\"width\":196,\"height\":53,\"caption\":\"hd-multimedia\"},\"image\":{\"@id\":\"https:\/\/hd-multimedia.com\/#\/schema\/logo\/image\/\"}}]}<\/script>\n<!-- \/ Yoast SEO plugin. -->","yoast_head_json":{"title":"Uvjeti poslovanja - hd-multimedia","robots":{"index":"index","follow":"follow","max-snippet":"max-snippet:-1","max-image-preview":"max-image-preview:large","max-video-preview":"max-video-preview:-1"},"canonical":"https:\/\/hd-multimedia.com\/sl\/uvjeti-poslovanja\/","og_locale":"sl_SI","og_type":"article","og_title":"Uvjeti poslovanja - hd-multimedia","og_description":"Ugovorne stranke Prodavatelj je tvrtka:\u00a0HD-INFO d.o.o., s adresom sjedi\u0161ta Br\u0161ljana 21, Zagreb, Hrvatska.Kupac je fizi\u010dka ili pravna osoba koja potvrdi narud\u017ebu kreiranu putem ovih Internet stranica i izvr\u0161i pla\u0107anje naru\u010dene robe i usluga,\u00a0 jednim od mogu\u0107ih na\u010dina pla\u0107anja (vidi na\u010dini pla\u0107anja). Svojom potvrdom narud\u017ebe Kupac se sla\u017ee sa svim uvjetima poslovanja ove Internet trgovine kako [&hellip;]","og_url":"https:\/\/hd-multimedia.com\/sl\/uvjeti-poslovanja\/","og_site_name":"hd-multimedia","article_modified_time":"2025-02-17T12:56:29+00:00","twitter_card":"summary_large_image","twitter_misc":{"Est. reading time":"4 minute"},"schema":{"@context":"https:\/\/schema.org","@graph":[{"@type":"WebPage","@id":"https:\/\/hd-multimedia.com\/uvjeti-poslovanja\/","url":"https:\/\/hd-multimedia.com\/uvjeti-poslovanja\/","name":"Uvjeti poslovanja - hd-multimedia","isPartOf":{"@id":"https:\/\/hd-multimedia.com\/#website"},"datePublished":"2019-07-17T13:25:39+00:00","dateModified":"2025-02-17T12:56:29+00:00","breadcrumb":{"@id":"https:\/\/hd-multimedia.com\/uvjeti-poslovanja\/#breadcrumb"},"inLanguage":"sl-SI","potentialAction":[{"@type":"ReadAction","target":["https:\/\/hd-multimedia.com\/uvjeti-poslovanja\/"]}]},{"@type":"BreadcrumbList","@id":"https:\/\/hd-multimedia.com\/uvjeti-poslovanja\/#breadcrumb","itemListElement":[{"@type":"ListItem","position":1,"name":"Po\u010detna stranica","item":"https:\/\/hd-multimedia.com\/"},{"@type":"ListItem","position":2,"name":"Uvjeti poslovanja"}]},{"@type":"WebSite","@id":"https:\/\/hd-multimedia.com\/#website","url":"https:\/\/hd-multimedia.com\/","name":"hd-multimedia","description":"","publisher":{"@id":"https:\/\/hd-multimedia.com\/#organization"},"potentialAction":[{"@type":"SearchAction","target":{"@type":"EntryPoint","urlTemplate":"https:\/\/hd-multimedia.com\/?s={search_term_string}"},"query-input":"required name=search_term_string"}],"inLanguage":"sl-SI"},{"@type":"Organization","@id":"https:\/\/hd-multimedia.com\/#organization","name":"hd-multimedia","url":"https:\/\/hd-multimedia.com\/","logo":{"@type":"ImageObject","inLanguage":"sl-SI","@id":"https:\/\/hd-multimedia.com\/#\/schema\/logo\/image\/","url":"https:\/\/hd-multimedia.com\/hdm_media\/HD-curves-ok-196-56px-alpha-1.png","contentUrl":"https:\/\/hd-multimedia.com\/hdm_media\/HD-curves-ok-196-56px-alpha-1.png","width":196,"height":53,"caption":"hd-multimedia"},"image":{"@id":"https:\/\/hd-multimedia.com\/#\/schema\/logo\/image\/"}}]}},"post_mailing_queue_ids":[],"_links":{"self":[{"href":"https:\/\/hd-multimedia.com\/sl\/wp-json\/wp\/v2\/pages\/25","targetHints":{"allow":["GET"]}}],"collection":[{"href":"https:\/\/hd-multimedia.com\/sl\/wp-json\/wp\/v2\/pages"}],"about":[{"href":"https:\/\/hd-multimedia.com\/sl\/wp-json\/wp\/v2\/types\/page"}],"author":[{"embeddable":true,"href":"https:\/\/hd-multimedia.com\/sl\/wp-json\/wp\/v2\/users\/1"}],"replies":[{"embeddable":true,"href":"https:\/\/hd-multimedia.com\/sl\/wp-json\/wp\/v2\/comments?post=25"}],"version-history":[{"count":7,"href":"https:\/\/hd-multimedia.com\/sl\/wp-json\/wp\/v2\/pages\/25\/revisions"}],"predecessor-version":[{"id":17902,"href":"https:\/\/hd-multimedia.com\/sl\/wp-json\/wp\/v2\/pages\/25\/revisions\/17902"}],"wp:attachment":[{"href":"https:\/\/hd-multimedia.com\/sl\/wp-json\/wp\/v2\/media?parent=25"}],"curies":[{"name":"wp","href":"https:\/\/api.w.org\/{rel}","templated":true}]}}