{"id":2260,"date":"2019-11-18T16:19:51","date_gmt":"2019-11-18T16:19:51","guid":{"rendered":"https:\/\/hd-multimedia.com\/?page_id=2260"},"modified":"2019-12-06T10:26:30","modified_gmt":"2019-12-06T10:26:30","slug":"audio-pojacala-i-kablovi","status":"publish","type":"page","link":"https:\/\/hd-multimedia.com\/sl\/audio-pojacala-i-kablovi\/","title":{"rendered":"Avdio oja\u010devalniki in kabli"},"content":{"rendered":"<div data-elementor-type=\"wp-page\" data-elementor-id=\"2260\" class=\"elementor elementor-2260\" data-elementor-post-type=\"page\">\n\t\t\t\t\t\t<section class=\"elementor-section elementor-top-section elementor-element elementor-element-80f268e elementor-section-boxed elementor-section-height-default elementor-section-height-default\" data-id=\"80f268e\" data-element_type=\"section\">\n\t\t\t\t\t\t<div class=\"elementor-container elementor-column-gap-default\">\n\t\t\t\t\t<div class=\"elementor-column elementor-col-100 elementor-top-column elementor-element elementor-element-d7be89a\" data-id=\"d7be89a\" data-element_type=\"column\">\n\t\t\t<div class=\"elementor-widget-wrap elementor-element-populated\">\n\t\t\t\t\t\t<div class=\"elementor-element elementor-element-ee89a77 elementor-widget elementor-widget-heading\" data-id=\"ee89a77\" data-element_type=\"widget\" data-widget_type=\"heading.default\">\n\t\t\t\t<div class=\"elementor-widget-container\">\n\t\t\t\t\t<h3 class=\"elementor-heading-title elementor-size-default\">Avdio oja\u010devalniki in kabli<\/h3>\t\t\t\t<\/div>\n\t\t\t\t<\/div>\n\t\t\t\t\t<\/div>\n\t\t<\/div>\n\t\t\t\t\t<\/div>\n\t\t<\/section>\n\t\t\t\t<section class=\"elementor-section elementor-top-section elementor-element elementor-element-479e31a elementor-section-boxed elementor-section-height-default elementor-section-height-default\" data-id=\"479e31a\" data-element_type=\"section\">\n\t\t\t\t\t\t<div class=\"elementor-container elementor-column-gap-default\">\n\t\t\t\t\t<div class=\"elementor-column elementor-col-100 elementor-top-column elementor-element elementor-element-d4fa425\" data-id=\"d4fa425\" data-element_type=\"column\">\n\t\t\t<div class=\"elementor-widget-wrap elementor-element-populated\">\n\t\t\t\t\t\t<div class=\"elementor-element elementor-element-2585a61 elementor-widget elementor-widget-spacer\" data-id=\"2585a61\" data-element_type=\"widget\" data-widget_type=\"spacer.default\">\n\t\t\t\t<div class=\"elementor-widget-container\">\n\t\t\t\t\t\t\t<div class=\"elementor-spacer\">\n\t\t\t<div class=\"elementor-spacer-inner\"><\/div>\n\t\t<\/div>\n\t\t\t\t\t\t<\/div>\n\t\t\t\t<\/div>\n\t\t\t\t\t<\/div>\n\t\t<\/div>\n\t\t\t\t\t<\/div>\n\t\t<\/section>\n\t\t\t\t<section class=\"elementor-section elementor-top-section elementor-element elementor-element-8bc47ef elementor-section-boxed elementor-section-height-default elementor-section-height-default\" data-id=\"8bc47ef\" data-element_type=\"section\">\n\t\t\t\t\t\t<div class=\"elementor-container elementor-column-gap-default\">\n\t\t\t\t\t<div class=\"elementor-column elementor-col-20 elementor-top-column elementor-element elementor-element-401e32e\" data-id=\"401e32e\" data-element_type=\"column\">\n\t\t\t<div class=\"elementor-widget-wrap elementor-element-populated\">\n\t\t\t\t\t\t<div class=\"elementor-element elementor-element-3f27df5 elementor-widget elementor-widget-image\" data-id=\"3f27df5\" data-element_type=\"widget\" data-widget_type=\"image.default\">\n\t\t\t\t<div class=\"elementor-widget-container\">\n\t\t\t\t\t\t\t\t\t\t\t\t\t\t\t\t<a href=\"https:\/\/hd-multimedia.com\/sl\/kat_p\/audio-pojacala-kablovi\/integrirana-pojacala\/\">\n\t\t\t\t\t\t\t<img decoding=\"async\" width=\"150\" height=\"150\" src=\"https:\/\/hd-multimedia.com\/hdm_media\/ds-a101-gallery-image-1-750x579-e1571828744386-150x150.jpg\" class=\"attachment-thumbnail size-thumbnail wp-image-1844\" alt=\"DS-A101\" srcset=\"https:\/\/hd-multimedia.com\/hdm_media\/ds-a101-gallery-image-1-750x579-e1571828744386-150x150.jpg 150w, https:\/\/hd-multimedia.com\/hdm_media\/ds-a101-gallery-image-1-750x579-e1571828744386-300x300.jpg 300w, https:\/\/hd-multimedia.com\/hdm_media\/ds-a101-gallery-image-1-750x579-e1571828744386-600x600.jpg 600w, https:\/\/hd-multimedia.com\/hdm_media\/ds-a101-gallery-image-1-750x579-e1571828744386-100x100.jpg 100w, https:\/\/hd-multimedia.com\/hdm_media\/ds-a101-gallery-image-1-750x579-e1571828744386.jpg 691w\" sizes=\"(max-width: 150px) 100vw, 150px\" \/>\t\t\t\t\t\t\t\t<\/a>\n\t\t\t\t\t\t\t\t\t\t\t\t\t\t\t<\/div>\n\t\t\t\t<\/div>\n\t\t\t\t<div class=\"elementor-element elementor-element-f3db09f elementor-widget elementor-widget-heading\" data-id=\"f3db09f\" data-element_type=\"widget\" data-widget_type=\"heading.default\">\n\t\t\t\t<div class=\"elementor-widget-container\">\n\t\t\t\t\t<h6 class=\"elementor-heading-title elementor-size-default\"><a href=\"https:\/\/hd-multimedia.com\/sl\/kat_p\/audio-pojacala-kablovi\/integrirana-pojacala\/\">Integrirani oja\u010devalniki<\/a><\/h6>\t\t\t\t<\/div>\n\t\t\t\t<\/div>\n\t\t\t\t<div class=\"elementor-element elementor-element-ec0a557 elementor-widget elementor-widget-heading\" data-id=\"ec0a557\" data-element_type=\"widget\" data-widget_type=\"heading.default\">\n\t\t\t\t<div class=\"elementor-widget-container\">\n\t\t\t\t\t<p class=\"elementor-heading-title elementor-size-default\"><a href=\"https:\/\/hd-multimedia.com\/sl\/kat_p\/audio-pojacala-kablovi\/integrirana-pojacala\/\"><u><b>spletna trgovina<\/b><\/u> <\/a><\/p>\t\t\t\t<\/div>\n\t\t\t\t<\/div>\n\t\t\t\t\t<\/div>\n\t\t<\/div>\n\t\t\t\t<div class=\"elementor-column elementor-col-20 elementor-top-column elementor-element elementor-element-3e7ce6b\" data-id=\"3e7ce6b\" data-element_type=\"column\">\n\t\t\t<div class=\"elementor-widget-wrap elementor-element-populated\">\n\t\t\t\t\t\t<div class=\"elementor-element elementor-element-198fa5f elementor-widget elementor-widget-image\" data-id=\"198fa5f\" data-element_type=\"widget\" data-widget_type=\"image.default\">\n\t\t\t\t<div class=\"elementor-widget-container\">\n\t\t\t\t\t\t\t\t\t\t\t\t\t\t\t\t<a href=\"https:\/\/hd-multimedia.com\/sl\/zastupstva\/\">\n\t\t\t\t\t\t\t<img decoding=\"async\" width=\"150\" height=\"150\" src=\"https:\/\/hd-multimedia.com\/hdm_media\/h30set-1-150x150.jpg\" class=\"attachment-thumbnail size-thumbnail wp-image-1479\" alt=\"\" srcset=\"https:\/\/hd-multimedia.com\/hdm_media\/h30set-1-150x150.jpg 150w, https:\/\/hd-multimedia.com\/hdm_media\/h30set-1-300x300.jpg 300w, https:\/\/hd-multimedia.com\/hdm_media\/h30set-1-768x768.jpg 768w, https:\/\/hd-multimedia.com\/hdm_media\/h30set-1-1024x1024.jpg 1024w, https:\/\/hd-multimedia.com\/hdm_media\/h30set-1-600x600.jpg 600w, https:\/\/hd-multimedia.com\/hdm_media\/h30set-1-100x100.jpg 100w, https:\/\/hd-multimedia.com\/hdm_media\/h30set-1.jpg 1200w\" sizes=\"(max-width: 150px) 100vw, 150px\" \/>\t\t\t\t\t\t\t\t<\/a>\n\t\t\t\t\t\t\t\t\t\t\t\t\t\t\t<\/div>\n\t\t\t\t<\/div>\n\t\t\t\t<div class=\"elementor-element elementor-element-98a87de elementor-widget elementor-widget-heading\" data-id=\"98a87de\" data-element_type=\"widget\" data-widget_type=\"heading.default\">\n\t\t\t\t<div class=\"elementor-widget-container\">\n\t\t\t\t\t<h6 class=\"elementor-heading-title elementor-size-default\">Avdio oja\u010devalci\n<\/h6>\t\t\t\t<\/div>\n\t\t\t\t<\/div>\n\t\t\t\t<div class=\"elementor-element elementor-element-c84b758 elementor-widget elementor-widget-heading\" data-id=\"c84b758\" data-element_type=\"widget\" data-widget_type=\"heading.default\">\n\t\t\t\t<div class=\"elementor-widget-container\">\n\t\t\t\t\t<p class=\"elementor-heading-title elementor-size-default\"><a href=\"https:\/\/hd-multimedia.com\/sl\/zastupstva\/\">pojdi na <b><u> katalog<\/u><\/b><\/a><\/p>\t\t\t\t<\/div>\n\t\t\t\t<\/div>\n\t\t\t\t\t<\/div>\n\t\t<\/div>\n\t\t\t\t<div class=\"elementor-column elementor-col-20 elementor-top-column elementor-element elementor-element-146902d\" data-id=\"146902d\" data-element_type=\"column\">\n\t\t\t<div class=\"elementor-widget-wrap elementor-element-populated\">\n\t\t\t\t\t\t<div class=\"elementor-element elementor-element-e5a2b9e elementor-widget elementor-widget-image\" data-id=\"e5a2b9e\" data-element_type=\"widget\" data-settings=\"{&quot;_animation&quot;:&quot;none&quot;}\" data-widget_type=\"image.default\">\n\t\t\t\t<div class=\"elementor-widget-container\">\n\t\t\t\t\t\t\t\t\t\t\t\t\t\t\t\t<a href=\"https:\/\/hd-multimedia.com\/sl\/kat_p\/mobilni-osobni-audio\/kablovi-mobilni-audio\/\">\n\t\t\t\t\t\t\t<img decoding=\"async\" width=\"150\" height=\"150\" src=\"https:\/\/hd-multimedia.com\/hdm_media\/E1010-Quad-onblack_16-e1567166422773-150x150.jpg\" class=\"attachment-thumbnail size-thumbnail wp-image-853\" alt=\"1More E1010 Quad\" srcset=\"https:\/\/hd-multimedia.com\/hdm_media\/E1010-Quad-onblack_16-e1567166422773-150x150.jpg 150w, https:\/\/hd-multimedia.com\/hdm_media\/E1010-Quad-onblack_16-e1567166422773-300x300.jpg 300w, https:\/\/hd-multimedia.com\/hdm_media\/E1010-Quad-onblack_16-e1567166422773-768x768.jpg 768w, https:\/\/hd-multimedia.com\/hdm_media\/E1010-Quad-onblack_16-e1567166422773-600x600.jpg 600w, https:\/\/hd-multimedia.com\/hdm_media\/E1010-Quad-onblack_16-e1567166422773-100x100.jpg 100w, https:\/\/hd-multimedia.com\/hdm_media\/E1010-Quad-onblack_16-e1567166422773.jpg 867w\" sizes=\"(max-width: 150px) 100vw, 150px\" \/>\t\t\t\t\t\t\t\t<\/a>\n\t\t\t\t\t\t\t\t\t\t\t\t\t\t\t<\/div>\n\t\t\t\t<\/div>\n\t\t\t\t<div class=\"elementor-element elementor-element-deed1bd elementor-widget elementor-widget-heading\" data-id=\"deed1bd\" data-element_type=\"widget\" data-widget_type=\"heading.default\">\n\t\t\t\t<div class=\"elementor-widget-container\">\n\t\t\t\t\t<h6 class=\"elementor-heading-title elementor-size-default\"><a href=\"https:\/\/hd-multimedia.com\/sl\/kat_p\/mobilni-osobni-audio\/kablovi-mobilni-audio\/\">Kabli - mobilni avdio<\/a><\/h6>\t\t\t\t<\/div>\n\t\t\t\t<\/div>\n\t\t\t\t<div class=\"elementor-element elementor-element-b5ed555 elementor-widget elementor-widget-heading\" data-id=\"b5ed555\" data-element_type=\"widget\" data-widget_type=\"heading.default\">\n\t\t\t\t<div class=\"elementor-widget-container\">\n\t\t\t\t\t<p class=\"elementor-heading-title elementor-size-default\"><a href=\"https:\/\/hd-multimedia.com\/sl\/kat_p\/mobilni-osobni-audio\/kablovi-mobilni-audio\/\"><u><b>spletna trgovina<\/b><\/u><\/a><\/p>\t\t\t\t<\/div>\n\t\t\t\t<\/div>\n\t\t\t\t\t<\/div>\n\t\t<\/div>\n\t\t\t\t<div class=\"elementor-column elementor-col-20 elementor-top-column elementor-element elementor-element-ec8aab8\" data-id=\"ec8aab8\" data-element_type=\"column\">\n\t\t\t<div class=\"elementor-widget-wrap elementor-element-populated\">\n\t\t\t\t\t\t<div class=\"elementor-element elementor-element-821fdf3 elementor-widget elementor-widget-image\" data-id=\"821fdf3\" data-element_type=\"widget\" data-widget_type=\"image.default\">\n\t\t\t\t<div class=\"elementor-widget-container\">\n\t\t\t\t\t\t\t\t\t\t\t\t\t\t\t\t<a href=\"https:\/\/hd-multimedia.com\/sl\/zastupstva\/\">\n\t\t\t\t\t\t\t<img loading=\"lazy\" decoding=\"async\" width=\"150\" height=\"150\" src=\"https:\/\/hd-multimedia.com\/hdm_media\/lupo-rca-pair-full-150x150.jpg\" class=\"attachment-thumbnail size-thumbnail wp-image-2266\" alt=\"\" srcset=\"https:\/\/hd-multimedia.com\/hdm_media\/lupo-rca-pair-full-150x150.jpg 150w, https:\/\/hd-multimedia.com\/hdm_media\/lupo-rca-pair-full-300x300.jpg 300w, https:\/\/hd-multimedia.com\/hdm_media\/lupo-rca-pair-full-100x100.jpg 100w, https:\/\/hd-multimedia.com\/hdm_media\/lupo-rca-pair-full.jpg 350w\" sizes=\"(max-width: 150px) 100vw, 150px\" \/>\t\t\t\t\t\t\t\t<\/a>\n\t\t\t\t\t\t\t\t\t\t\t\t\t\t\t<\/div>\n\t\t\t\t<\/div>\n\t\t\t\t<div class=\"elementor-element elementor-element-62e6dd3 elementor-widget elementor-widget-heading\" data-id=\"62e6dd3\" data-element_type=\"widget\" data-widget_type=\"heading.default\">\n\t\t\t\t<div class=\"elementor-widget-container\">\n\t\t\t\t\t<h6 class=\"elementor-heading-title elementor-size-default\">Avdio kabli <\/h6>\t\t\t\t<\/div>\n\t\t\t\t<\/div>\n\t\t\t\t<div class=\"elementor-element elementor-element-d9edc10 elementor-widget elementor-widget-heading\" data-id=\"d9edc10\" data-element_type=\"widget\" data-widget_type=\"heading.default\">\n\t\t\t\t<div class=\"elementor-widget-container\">\n\t\t\t\t\t<p class=\"elementor-heading-title elementor-size-default\"><a href=\"https:\/\/hd-multimedia.com\/sl\/zastupstva\/\" target=\"_blank\">pojdi na <b><u>katalog<\/u><\/b><\/a><\/p>\t\t\t\t<\/div>\n\t\t\t\t<\/div>\n\t\t\t\t\t<\/div>\n\t\t<\/div>\n\t\t\t\t<div class=\"elementor-column elementor-col-20 elementor-top-column elementor-element elementor-element-1eadb7c\" data-id=\"1eadb7c\" data-element_type=\"column\">\n\t\t\t<div class=\"elementor-widget-wrap elementor-element-populated\">\n\t\t\t\t\t\t<div class=\"elementor-element elementor-element-ca83780 elementor-widget elementor-widget-image\" data-id=\"ca83780\" data-element_type=\"widget\" data-widget_type=\"image.default\">\n\t\t\t\t<div class=\"elementor-widget-container\">\n\t\t\t\t\t\t\t\t\t\t\t\t\t\t\t<img loading=\"lazy\" decoding=\"async\" width=\"150\" height=\"150\" src=\"https:\/\/hd-multimedia.com\/hdm_media\/02-150x150.jpg\" class=\"attachment-thumbnail size-thumbnail wp-image-1478\" alt=\"\" srcset=\"https:\/\/hd-multimedia.com\/hdm_media\/02-150x150.jpg 150w, https:\/\/hd-multimedia.com\/hdm_media\/02-300x300.jpg 300w, https:\/\/hd-multimedia.com\/hdm_media\/02-768x768.jpg 768w, https:\/\/hd-multimedia.com\/hdm_media\/02-600x600.jpg 600w, https:\/\/hd-multimedia.com\/hdm_media\/02-100x100.jpg 100w, https:\/\/hd-multimedia.com\/hdm_media\/02.jpg 1000w\" sizes=\"(max-width: 150px) 100vw, 150px\" \/>\t\t\t\t\t\t\t\t\t\t\t\t\t\t\t<\/div>\n\t\t\t\t<\/div>\n\t\t\t\t<div class=\"elementor-element elementor-element-b45e753 elementor-widget elementor-widget-heading\" data-id=\"b45e753\" data-element_type=\"widget\" data-widget_type=\"heading.default\">\n\t\t\t\t<div class=\"elementor-widget-container\">\n\t\t\t\t\t<h6 class=\"elementor-heading-title elementor-size-default\">Napajalni filtri in kabli<\/h6>\t\t\t\t<\/div>\n\t\t\t\t<\/div>\n\t\t\t\t<div class=\"elementor-element elementor-element-0677e1f elementor-widget elementor-widget-heading\" data-id=\"0677e1f\" data-element_type=\"widget\" data-widget_type=\"heading.default\">\n\t\t\t\t<div class=\"elementor-widget-container\">\n\t\t\t\t\t<p class=\"elementor-heading-title elementor-size-default\"><a href=\"http:\/\/www.gigawatt.eu\/home\/\" target=\"_blank\">pojdi na <b><u>Gigavat .eu<\/u><\/b><\/a><\/p>\t\t\t\t<\/div>\n\t\t\t\t<\/div>\n\t\t\t\t\t<\/div>\n\t\t<\/div>\n\t\t\t\t\t<\/div>\n\t\t<\/section>\n\t\t\t\t<section class=\"elementor-section elementor-top-section elementor-element elementor-element-7f24f5df elementor-section-boxed elementor-section-height-default elementor-section-height-default\" data-id=\"7f24f5df\" data-element_type=\"section\">\n\t\t\t\t\t\t<div class=\"elementor-container elementor-column-gap-default\">\n\t\t\t\t\t<div class=\"elementor-column elementor-col-100 elementor-top-column elementor-element elementor-element-47fc7367\" data-id=\"47fc7367\" data-element_type=\"column\">\n\t\t\t<div class=\"elementor-widget-wrap elementor-element-populated\">\n\t\t\t\t\t\t<div class=\"elementor-element elementor-element-91aeaa0 elementor-widget-divider--view-line elementor-widget elementor-widget-divider\" data-id=\"91aeaa0\" data-element_type=\"widget\" data-widget_type=\"divider.default\">\n\t\t\t\t<div class=\"elementor-widget-container\">\n\t\t\t\t\t\t\t<div class=\"elementor-divider\">\n\t\t\t<span class=\"elementor-divider-separator\">\n\t\t\t\t\t\t<\/span>\n\t\t<\/div>\n\t\t\t\t\t\t<\/div>\n\t\t\t\t<\/div>\n\t\t\t\t\t<\/div>\n\t\t<\/div>\n\t\t\t\t\t<\/div>\n\t\t<\/section>\n\t\t\t\t<section class=\"elementor-section elementor-top-section elementor-element elementor-element-98c54fb elementor-section-boxed elementor-section-height-default elementor-section-height-default\" data-id=\"98c54fb\" data-element_type=\"section\">\n\t\t\t\t\t\t<div class=\"elementor-container elementor-column-gap-default\">\n\t\t\t\t\t<div class=\"elementor-column elementor-col-100 elementor-top-column elementor-element elementor-element-7e08c91\" data-id=\"7e08c91\" data-element_type=\"column\">\n\t\t\t<div class=\"elementor-widget-wrap elementor-element-populated\">\n\t\t\t\t\t\t<div class=\"elementor-element elementor-element-e799820 elementor-widget elementor-widget-spacer\" data-id=\"e799820\" data-element_type=\"widget\" data-widget_type=\"spacer.default\">\n\t\t\t\t<div class=\"elementor-widget-container\">\n\t\t\t\t\t\t\t<div class=\"elementor-spacer\">\n\t\t\t<div class=\"elementor-spacer-inner\"><\/div>\n\t\t<\/div>\n\t\t\t\t\t\t<\/div>\n\t\t\t\t<\/div>\n\t\t\t\t\t<\/div>\n\t\t<\/div>\n\t\t\t\t\t<\/div>\n\t\t<\/section>\n\t\t\t\t<\/div>","protected":false},"excerpt":{"rendered":"<p>Audio poja\u010dala i kablovi Integrirana poja\u010dala web shop Audio poja\u010dala idi na katalog Kablovi &#8211; mobilni audio web shop Audio kablovi idi na katalog Strujni filteri i kablovi idi na Gigawatt .eu<\/p>","protected":false},"author":1,"featured_media":0,"parent":0,"menu_order":0,"comment_status":"closed","ping_status":"closed","template":"","meta":{"site-sidebar-layout":"no-sidebar","site-content-layout":"default","ast-site-content-layout":"","site-content-style":"default","site-sidebar-style":"default","ast-global-header-display":"","ast-banner-title-visibility":"","ast-main-header-display":"","ast-hfb-above-header-display":"","ast-hfb-below-header-display":"","ast-hfb-mobile-header-display":"","site-post-title":"disabled","ast-breadcrumbs-content":"disabled","ast-featured-img":"disabled","footer-sml-layout":"","theme-transparent-header-meta":"default","adv-header-id-meta":"","stick-header-meta":"default","header-above-stick-meta":"","header-main-stick-meta":"","header-below-stick-meta":"","astra-migrate-meta-layouts":"default","ast-page-background-enabled":"default","ast-page-background-meta":{"desktop":{"background-color":"","background-image":"","background-repeat":"repeat","background-position":"center center","background-size":"auto","background-attachment":"scroll","background-type":"","background-media":"","overlay-type":"","overlay-color":"","overlay-opacity":"","overlay-gradient":""},"tablet":{"background-color":"","background-image":"","background-repeat":"repeat","background-position":"center center","background-size":"auto","background-attachment":"scroll","background-type":"","background-media":"","overlay-type":"","overlay-color":"","overlay-opacity":"","overlay-gradient":""},"mobile":{"background-color":"","background-image":"","background-repeat":"repeat","background-position":"center center","background-size":"auto","background-attachment":"scroll","background-type":"","background-media":"","overlay-type":"","overlay-color":"","overlay-opacity":"","overlay-gradient":""}},"ast-content-background-meta":{"desktop":{"background-color":"var(--ast-global-color-5)","background-image":"","background-repeat":"repeat","background-position":"center center","background-size":"auto","background-attachment":"scroll","background-type":"","background-media":"","overlay-type":"","overlay-color":"","overlay-opacity":"","overlay-gradient":""},"tablet":{"background-color":"var(--ast-global-color-5)","background-image":"","background-repeat":"repeat","background-position":"center center","background-size":"auto","background-attachment":"scroll","background-type":"","background-media":"","overlay-type":"","overlay-color":"","overlay-opacity":"","overlay-gradient":""},"mobile":{"background-color":"var(--ast-global-color-5)","background-image":"","background-repeat":"repeat","background-position":"center center","background-size":"auto","background-attachment":"scroll","background-type":"","background-media":"","overlay-type":"","overlay-color":"","overlay-opacity":"","overlay-gradient":""}},"footnotes":""},"class_list":["post-2260","page","type-page","status-publish","hentry"],"yoast_head":"<!-- This site is optimized with the Yoast SEO plugin v21.4 - https:\/\/yoast.com\/wordpress\/plugins\/seo\/ -->\n<title>Audio poja\u010dala i kablovi - hd-multimedia<\/title>\n<meta name=\"description\" content=\"HD-multimedia.com - Trgovina audiovizualne opreme - (HD-INFO d.o.o.) - Trg J. J. Strossmayera 5 - 10000 Zagreb - Telefon: 099\/806-0160 - hdm@hdinfo.hr\" \/>\n<meta name=\"robots\" content=\"index, follow, max-snippet:-1, max-image-preview:large, max-video-preview:-1\" \/>\n<link rel=\"canonical\" href=\"https:\/\/hd-multimedia.com\/sl\/audio-pojacala-i-kablovi\/\" \/>\n<meta property=\"og:locale\" content=\"sl_SI\" \/>\n<meta property=\"og:type\" content=\"article\" \/>\n<meta property=\"og:title\" content=\"Audio poja\u010dala i kablovi - hd-multimedia\" \/>\n<meta property=\"og:description\" content=\"HD-multimedia.com - Trgovina audiovizualne opreme - (HD-INFO d.o.o.) - Trg J. J. Strossmayera 5 - 10000 Zagreb - Telefon: 099\/806-0160 - hdm@hdinfo.hr\" \/>\n<meta property=\"og:url\" content=\"https:\/\/hd-multimedia.com\/sl\/audio-pojacala-i-kablovi\/\" \/>\n<meta property=\"og:site_name\" content=\"hd-multimedia\" \/>\n<meta property=\"article:modified_time\" content=\"2019-12-06T10:26:30+00:00\" \/>\n<meta property=\"og:image\" content=\"https:\/\/hd-multimedia.com\/hdm_media\/ds-a101-gallery-image-1-750x579-e1571828744386-150x150.jpg\" \/>\n<meta name=\"twitter:card\" content=\"summary_large_image\" \/>\n<script type=\"application\/ld+json\" class=\"yoast-schema-graph\">{\"@context\":\"https:\/\/schema.org\",\"@graph\":[{\"@type\":\"WebPage\",\"@id\":\"https:\/\/hd-multimedia.com\/audio-pojacala-i-kablovi\/\",\"url\":\"https:\/\/hd-multimedia.com\/audio-pojacala-i-kablovi\/\",\"name\":\"Audio poja\u010dala i kablovi - hd-multimedia\",\"isPartOf\":{\"@id\":\"https:\/\/hd-multimedia.com\/#website\"},\"datePublished\":\"2019-11-18T16:19:51+00:00\",\"dateModified\":\"2019-12-06T10:26:30+00:00\",\"description\":\"HD-multimedia.com - Trgovina audiovizualne opreme - (HD-INFO d.o.o.) - Trg J. J. Strossmayera 5 - 10000 Zagreb - Telefon: 099\/806-0160 - hdm@hdinfo.hr\",\"breadcrumb\":{\"@id\":\"https:\/\/hd-multimedia.com\/audio-pojacala-i-kablovi\/#breadcrumb\"},\"inLanguage\":\"sl-SI\",\"potentialAction\":[{\"@type\":\"ReadAction\",\"target\":[\"https:\/\/hd-multimedia.com\/audio-pojacala-i-kablovi\/\"]}]},{\"@type\":\"BreadcrumbList\",\"@id\":\"https:\/\/hd-multimedia.com\/audio-pojacala-i-kablovi\/#breadcrumb\",\"itemListElement\":[{\"@type\":\"ListItem\",\"position\":1,\"name\":\"Po\u010detna stranica\",\"item\":\"https:\/\/hd-multimedia.com\/\"},{\"@type\":\"ListItem\",\"position\":2,\"name\":\"Audio poja\u010dala i kablovi\"}]},{\"@type\":\"WebSite\",\"@id\":\"https:\/\/hd-multimedia.com\/#website\",\"url\":\"https:\/\/hd-multimedia.com\/\",\"name\":\"hd-multimedia\",\"description\":\"\",\"publisher\":{\"@id\":\"https:\/\/hd-multimedia.com\/#organization\"},\"potentialAction\":[{\"@type\":\"SearchAction\",\"target\":{\"@type\":\"EntryPoint\",\"urlTemplate\":\"https:\/\/hd-multimedia.com\/?s={search_term_string}\"},\"query-input\":\"required name=search_term_string\"}],\"inLanguage\":\"sl-SI\"},{\"@type\":\"Organization\",\"@id\":\"https:\/\/hd-multimedia.com\/#organization\",\"name\":\"hd-multimedia\",\"url\":\"https:\/\/hd-multimedia.com\/\",\"logo\":{\"@type\":\"ImageObject\",\"inLanguage\":\"sl-SI\",\"@id\":\"https:\/\/hd-multimedia.com\/#\/schema\/logo\/image\/\",\"url\":\"https:\/\/hd-multimedia.com\/hdm_media\/HD-curves-ok-196-56px-alpha-1.png\",\"contentUrl\":\"https:\/\/hd-multimedia.com\/hdm_media\/HD-curves-ok-196-56px-alpha-1.png\",\"width\":196,\"height\":53,\"caption\":\"hd-multimedia\"},\"image\":{\"@id\":\"https:\/\/hd-multimedia.com\/#\/schema\/logo\/image\/\"}}]}<\/script>\n<!-- \/ Yoast SEO plugin. -->","yoast_head_json":{"title":"Audio poja\u010dala i kablovi - hd-multimedia","description":"HD-multimedia.com - Trgovina audiovizualne opreme - (HD-INFO d.o.o.) - Trg J. J. Strossmayera 5 - 10000 Zagreb - Telefon: 099\/806-0160 - hdm@hdinfo.hr","robots":{"index":"index","follow":"follow","max-snippet":"max-snippet:-1","max-image-preview":"max-image-preview:large","max-video-preview":"max-video-preview:-1"},"canonical":"https:\/\/hd-multimedia.com\/sl\/audio-pojacala-i-kablovi\/","og_locale":"sl_SI","og_type":"article","og_title":"Audio poja\u010dala i kablovi - hd-multimedia","og_description":"HD-multimedia.com - Trgovina audiovizualne opreme - (HD-INFO d.o.o.) - Trg J. J. Strossmayera 5 - 10000 Zagreb - Telefon: 099\/806-0160 - hdm@hdinfo.hr","og_url":"https:\/\/hd-multimedia.com\/sl\/audio-pojacala-i-kablovi\/","og_site_name":"hd-multimedia","article_modified_time":"2019-12-06T10:26:30+00:00","og_image":[{"url":"https:\/\/hd-multimedia.com\/hdm_media\/ds-a101-gallery-image-1-750x579-e1571828744386-150x150.jpg"}],"twitter_card":"summary_large_image","schema":{"@context":"https:\/\/schema.org","@graph":[{"@type":"WebPage","@id":"https:\/\/hd-multimedia.com\/audio-pojacala-i-kablovi\/","url":"https:\/\/hd-multimedia.com\/audio-pojacala-i-kablovi\/","name":"Audio poja\u010dala i kablovi - hd-multimedia","isPartOf":{"@id":"https:\/\/hd-multimedia.com\/#website"},"datePublished":"2019-11-18T16:19:51+00:00","dateModified":"2019-12-06T10:26:30+00:00","description":"HD-multimedia.com - Trgovina audiovizualne opreme - (HD-INFO d.o.o.) - Trg J. J. Strossmayera 5 - 10000 Zagreb - Telefon: 099\/806-0160 - hdm@hdinfo.hr","breadcrumb":{"@id":"https:\/\/hd-multimedia.com\/audio-pojacala-i-kablovi\/#breadcrumb"},"inLanguage":"sl-SI","potentialAction":[{"@type":"ReadAction","target":["https:\/\/hd-multimedia.com\/audio-pojacala-i-kablovi\/"]}]},{"@type":"BreadcrumbList","@id":"https:\/\/hd-multimedia.com\/audio-pojacala-i-kablovi\/#breadcrumb","itemListElement":[{"@type":"ListItem","position":1,"name":"Po\u010detna stranica","item":"https:\/\/hd-multimedia.com\/"},{"@type":"ListItem","position":2,"name":"Audio poja\u010dala i kablovi"}]},{"@type":"WebSite","@id":"https:\/\/hd-multimedia.com\/#website","url":"https:\/\/hd-multimedia.com\/","name":"hd-multimedia","description":"","publisher":{"@id":"https:\/\/hd-multimedia.com\/#organization"},"potentialAction":[{"@type":"SearchAction","target":{"@type":"EntryPoint","urlTemplate":"https:\/\/hd-multimedia.com\/?s={search_term_string}"},"query-input":"required name=search_term_string"}],"inLanguage":"sl-SI"},{"@type":"Organization","@id":"https:\/\/hd-multimedia.com\/#organization","name":"hd-multimedia","url":"https:\/\/hd-multimedia.com\/","logo":{"@type":"ImageObject","inLanguage":"sl-SI","@id":"https:\/\/hd-multimedia.com\/#\/schema\/logo\/image\/","url":"https:\/\/hd-multimedia.com\/hdm_media\/HD-curves-ok-196-56px-alpha-1.png","contentUrl":"https:\/\/hd-multimedia.com\/hdm_media\/HD-curves-ok-196-56px-alpha-1.png","width":196,"height":53,"caption":"hd-multimedia"},"image":{"@id":"https:\/\/hd-multimedia.com\/#\/schema\/logo\/image\/"}}]}},"post_mailing_queue_ids":[],"_links":{"self":[{"href":"https:\/\/hd-multimedia.com\/sl\/wp-json\/wp\/v2\/pages\/2260","targetHints":{"allow":["GET"]}}],"collection":[{"href":"https:\/\/hd-multimedia.com\/sl\/wp-json\/wp\/v2\/pages"}],"about":[{"href":"https:\/\/hd-multimedia.com\/sl\/wp-json\/wp\/v2\/types\/page"}],"author":[{"embeddable":true,"href":"https:\/\/hd-multimedia.com\/sl\/wp-json\/wp\/v2\/users\/1"}],"replies":[{"embeddable":true,"href":"https:\/\/hd-multimedia.com\/sl\/wp-json\/wp\/v2\/comments?post=2260"}],"version-history":[{"count":6,"href":"https:\/\/hd-multimedia.com\/sl\/wp-json\/wp\/v2\/pages\/2260\/revisions"}],"predecessor-version":[{"id":2529,"href":"https:\/\/hd-multimedia.com\/sl\/wp-json\/wp\/v2\/pages\/2260\/revisions\/2529"}],"wp:attachment":[{"href":"https:\/\/hd-multimedia.com\/sl\/wp-json\/wp\/v2\/media?parent=2260"}],"curies":[{"name":"wp","href":"https:\/\/api.w.org\/{rel}","templated":true}]}}