{"id":21,"date":"2019-07-17T13:25:39","date_gmt":"2019-07-17T13:25:39","guid":{"rendered":"http:\/\/hd-multimedia.com\/?page_id=21"},"modified":"2023-11-02T15:16:40","modified_gmt":"2023-11-02T15:16:40","slug":"cookie-policy-hr","status":"publish","type":"page","link":"https:\/\/hd-multimedia.com\/sl\/cookie-policy-hr\/","title":{"rendered":"politika pi\u0161kotkov HR"},"content":{"rendered":"<div data-elementor-type=\"wp-page\" data-elementor-id=\"21\" class=\"elementor elementor-21\" data-elementor-post-type=\"page\">\n\t\t\t\t<div class=\"elementor-element elementor-element-7e15f54c e-flex e-con-boxed e-con e-parent\" data-id=\"7e15f54c\" data-element_type=\"container\">\n\t\t\t\t\t<div class=\"e-con-inner\">\n\t\t\t\t<div class=\"elementor-element elementor-element-6c61bf23 elementor-widget elementor-widget-text-editor\" data-id=\"6c61bf23\" data-element_type=\"widget\" data-widget_type=\"text-editor.default\">\n\t\t\t\t<div class=\"elementor-widget-container\">\n\t\t\t\t\t\t\t\t\t\n<h2 class=\"wp-block-heading\">Politika pi\u0161kotkov <\/h2>\n\n\n\n<h4 class=\"wp-block-heading\"><strong>Kaj so pi\u0161kotki?<\/strong> <\/h4>\n\n\n\n<p>Ta stran uporablja pi\u0161kotke. Pi\u0161kotki so majhne datoteke, ki se samodejno prenesejo na va\u0161 ra\u010dunalnik z na\u0161ih spletnih mest, katerih namen je zagotoviti bolj\u0161i in u\u010dinkovitej\u0161i ogled vsebine in povezovanje transakcij. Na tej strani je opisano, katere podatke zbiramo, kako jih uporabljamo in zakaj jih moramo v\u010dasih shraniti na va\u0161 ra\u010dunalnik. Preko teh strani vas \u017eelimo tudi obvestiti, kako lahko onemogo\u010dite shranjevanje pi\u0161kotkov na va\u0161em ra\u010dunalniku, hkrati pa vas \u017eelimo opozoriti, da lahko to moti ali prepre\u010di pravilno izku\u0161njo in tiskanje na\u0161ih spletnih strani v va\u0161em internetnem brskalniku.<br>Za splo\u0161ne informacije o pi\u0161kotkih glejte \u010dlanek Wikipedije o pi\u0161kotkih HTTP. <\/p>\n\n\n\n<h4 class=\"wp-block-heading\"><strong>Kako uporabljamo pi\u0161kotke<\/strong> <\/h4>\n\n\n\n<p>Pi\u0161kotke uporabljamo iz razli\u010dnih razlogov, ki bodo navedeni spodaj. Na \u017ealost v ve\u010dini primerov ni standardnih mo\u017enosti za onemogo\u010danje pi\u0161kotkov, ne da bi popolnoma izklopili njihove funkcije. Zato priporo\u010damo, da ostanejo pi\u0161kotki omogo\u010deni, zlasti kadar se uporabljajo za zagotavljanje storitve. <\/p>\n\n\n\n<h4 class=\"wp-block-heading\"><strong>Onemogo\u010danje pi\u0161kotkov<\/strong> <\/h4>\n\n\n\n<p>Nalaganje pi\u0161kotkov na va\u0161 ra\u010dunalnik lahko prepre\u010dite tako, da prilagodite nastavitve brskalnika (glejte navodila za va\u0161 internetni brskalnik \u2013 kako to storite). Upo\u0161tevajte, da bo onemogo\u010danje pi\u0161kotkov vplivalo na delovanje tega in \u0161tevilnih drugih spletnih mest, ki jih obi\u0161\u010dete. Onemogo\u010danje pi\u0161kotkov lahko povzro\u010di tudi motnje v delovanju (deli ali celotne strani se ne natisnejo).<\/p>\n\n\n\n<h4 class=\"wp-block-heading\"><strong>Vrste pi\u0161kotkov, ki jih uporabljamo na tej strani<\/strong> <\/h4>\n\n\n\n<h5 class=\"wp-block-heading\">Obdelava naro\u010dil in povezani pi\u0161kotki<\/h5>\n\n\n\n<p>To spletno mesto ponuja e-trgovino ali pla\u010dilne storitve in nekateri pi\u0161kotki so potrebni, ko se va\u0161e naro\u010dilo obdeluje.<\/p>\n\n\n\n<h5 class=\"wp-block-heading\">Nastavitve brskalnika in z njimi povezani pi\u0161kotki\u00a0<\/h5>\n\n\n\n<p>Za zagotavljanje bolj\u0161e izku\u0161nje pri brskanju po na\u0161ih spletnih mestih uporabljamo pi\u0161kotke, da si zapomnimo va\u0161e nastavitve in izbire ter stanja brskanja po na\u0161ih spletnih mestih. Te nastavitve preberemo iz pi\u0161kotkov, ko se vrnete na na\u0161e spletno mesto, tako da va\u0161a nova izku\u0161nja brskanja gradi na va\u0161i prej\u0161nji izku\u0161nji.<\/p>\n\n\n\n<h4 class=\"wp-block-heading\"><strong>Pi\u0161kotki tretjih oseb<\/strong> <\/h4>\n\n\n\n<p>V nekaterih posebnih primerih uporabljamo tudi pi\u0161kotke tretjih oseb. Naslednji razdelek vsebuje podrobnosti o pi\u0161kotkih tretjih oseb, ki jih je mogo\u010de neposredno ali posredno prenesti s tega spletnega mesta. <\/p>\n\n\n\n<ul class=\"wp-block-list\"><li>Pi\u0161kotki, ki se uporabljajo za analizo dogajanja, se uporabljajo za sledenje, merjenje uporabe in ocenjevanje kakovosti teh strani s strani obiskovalcev, kar dodatno omogo\u010da izbolj\u0161ave in ustvarjanje novih zanimivih vsebin. Ti pi\u0161kotki lahko na primer: omogo\u010dajo sledenje, koliko \u010dasa pre\u017eivite na spletni strani ali strani, kar nam pomaga tudi pri zagotavljanju bolj\u0161e storitve in informacij.<\/li><li>Uporabljamo storitev Google Analytics za merjenje prometa. \u010ce \u017eelite prepre\u010diti, da bi omenjena storitev namesto vas shranjevala pi\u0161kotke, jo lahko prepre\u010dite na naslednji povezavi:\u00a0<a rel=\"noreferrer noopener\" href=\"https:\/\/tools.google.com\/dlpage\/gaoptout\" target=\"_blank\">https:\/\/tools.google.com\/dlpage\/gaoptout<\/a><\/li><li>Dru\u017ebena omre\u017eja. Uporabniki se lahko prijavijo in registrirajo s svojimi Facebook ra\u010duni. Tudi deljenje \u010dlankov na dru\u017ebenih omre\u017ejih nastavi pi\u0161kotke za uporabnika.<\/li><\/ul>\n\n\n\n<h4 class=\"wp-block-heading\"><strong>Dodatne informacije<\/strong><\/h4>\n\n\n\n<p>Trenutno obstaja ve\u010d spletnih mest za onemogo\u010danje shranjevanja pi\u0161kotkov za razli\u010dne storitve. Ve\u010d si lahko preberete na naslednjih povezavah: <\/p>\n\n\n\n<ul class=\"wp-block-list\"><li><a rel=\"noreferrer noopener\" href=\"http:\/\/www.allaboutcookies.org\/\" target=\"_blank\">http:\/\/www.allaboutcookies.org\/<\/a>\u00a0<\/li><li><a rel=\"noreferrer noopener\" href=\"http:\/\/www.youronlinechoices.eu\/\" target=\"_blank\">http:\/\/www.youronlinechoices.eu\/<\/a>\u00a0<\/li><li><a rel=\"noreferrer noopener\" href=\"http:\/\/www.networkadvertising.org\/\" target=\"_blank\">http:\/\/www.networkadvertising.org\/<\/a><\/li><\/ul>\n\n\n\n<p>\u010ce od nas potrebujete dodatne informacije o na\u0161i uporabi pi\u0161kotkov, vas prosimo, da nas kontaktirate prek katerega koli od na\u010dinov komunikacije, ki so predlagani na tem spletnem mestu. <\/p>\n\t\t\t\t\t\t\t\t<\/div>\n\t\t\t\t<\/div>\n\t\t\t\t\t<\/div>\n\t\t\t\t<\/div>\n\t\t\t\t<\/div>","protected":false},"excerpt":{"rendered":"<p>Politika kola\u010di\u0107a \u0160to su kola\u010di\u0107i Ova stranica koristi kola\u010di\u0107e (eng. cookies). Kola\u010di\u0107i su malene datoteke koje se automatski preuzimaju na va\u0161e ra\u010dunalo sa na\u0161ih Internet stranica, kojima je cilj bolji i efikasniji pregled sadr\u017eaja i povezivanje transakcija. Ova stranica opisuje koje informacije prikupljamo, kako ih upotrebljavamo i za\u0161to ih ponekad trebamo pohraniti na va\u0161em ra\u010dunalu. [&hellip;]<\/p>","protected":false},"author":1,"featured_media":0,"parent":0,"menu_order":0,"comment_status":"closed","ping_status":"closed","template":"","meta":{"site-sidebar-layout":"default","site-content-layout":"default","ast-site-content-layout":"","site-content-style":"default","site-sidebar-style":"default","ast-global-header-display":"","ast-banner-title-visibility":"","ast-main-header-display":"","ast-hfb-above-header-display":"","ast-hfb-below-header-display":"","ast-hfb-mobile-header-display":"","site-post-title":"","ast-breadcrumbs-content":"","ast-featured-img":"","footer-sml-layout":"","theme-transparent-header-meta":"enabled","adv-header-id-meta":"","stick-header-meta":"default","header-above-stick-meta":"","header-main-stick-meta":"","header-below-stick-meta":"","astra-migrate-meta-layouts":"default","ast-page-background-enabled":"default","ast-page-background-meta":{"desktop":{"background-color":"","background-image":"","background-repeat":"repeat","background-position":"center center","background-size":"auto","background-attachment":"scroll","background-type":"","background-media":"","overlay-type":"","overlay-color":"","overlay-opacity":"","overlay-gradient":""},"tablet":{"background-color":"","background-image":"","background-repeat":"repeat","background-position":"center center","background-size":"auto","background-attachment":"scroll","background-type":"","background-media":"","overlay-type":"","overlay-color":"","overlay-opacity":"","overlay-gradient":""},"mobile":{"background-color":"","background-image":"","background-repeat":"repeat","background-position":"center center","background-size":"auto","background-attachment":"scroll","background-type":"","background-media":"","overlay-type":"","overlay-color":"","overlay-opacity":"","overlay-gradient":""}},"ast-content-background-meta":{"desktop":{"background-color":"var(--ast-global-color-5)","background-image":"","background-repeat":"repeat","background-position":"center center","background-size":"auto","background-attachment":"scroll","background-type":"","background-media":"","overlay-type":"","overlay-color":"","overlay-opacity":"","overlay-gradient":""},"tablet":{"background-color":"var(--ast-global-color-5)","background-image":"","background-repeat":"repeat","background-position":"center center","background-size":"auto","background-attachment":"scroll","background-type":"","background-media":"","overlay-type":"","overlay-color":"","overlay-opacity":"","overlay-gradient":""},"mobile":{"background-color":"var(--ast-global-color-5)","background-image":"","background-repeat":"repeat","background-position":"center center","background-size":"auto","background-attachment":"scroll","background-type":"","background-media":"","overlay-type":"","overlay-color":"","overlay-opacity":"","overlay-gradient":""}},"footnotes":""},"class_list":["post-21","page","type-page","status-publish","hentry"],"yoast_head":"<!-- This site is optimized with the Yoast SEO plugin v21.4 - https:\/\/yoast.com\/wordpress\/plugins\/seo\/ -->\n<title>cookie policy HR - hd-multimedia<\/title>\n<meta name=\"description\" content=\"\u0160to su kola\u010di\u0107i. Ova stranica koristi kola\u010di\u0107e (eng. cookies). Kola\u010di\u0107i su malene datoteke koje se automatski preuzimaju na va\u0161e ra\u010dunalo sa na\u0161ih Internet stranica, kojima je cilj bolji i efikasniji pregled sadr\u017eaja i povezivanje transakcija.\" \/>\n<meta name=\"robots\" content=\"index, follow, max-snippet:-1, max-image-preview:large, max-video-preview:-1\" \/>\n<link rel=\"canonical\" href=\"https:\/\/hd-multimedia.com\/sl\/cookie-policy-hr\/\" \/>\n<meta property=\"og:locale\" content=\"sl_SI\" \/>\n<meta property=\"og:type\" content=\"article\" \/>\n<meta property=\"og:title\" content=\"cookie policy HR - hd-multimedia\" \/>\n<meta property=\"og:description\" content=\"\u0160to su kola\u010di\u0107i. Ova stranica koristi kola\u010di\u0107e (eng. cookies). Kola\u010di\u0107i su malene datoteke koje se automatski preuzimaju na va\u0161e ra\u010dunalo sa na\u0161ih Internet stranica, kojima je cilj bolji i efikasniji pregled sadr\u017eaja i povezivanje transakcija.\" \/>\n<meta property=\"og:url\" content=\"https:\/\/hd-multimedia.com\/sl\/cookie-policy-hr\/\" \/>\n<meta property=\"og:site_name\" content=\"hd-multimedia\" \/>\n<meta property=\"article:modified_time\" content=\"2023-11-02T15:16:40+00:00\" \/>\n<meta name=\"twitter:card\" content=\"summary_large_image\" \/>\n<meta name=\"twitter:label1\" content=\"Est. reading time\" \/>\n\t<meta name=\"twitter:data1\" content=\"3 minute\" \/>\n<script type=\"application\/ld+json\" class=\"yoast-schema-graph\">{\"@context\":\"https:\/\/schema.org\",\"@graph\":[{\"@type\":\"WebPage\",\"@id\":\"https:\/\/hd-multimedia.com\/cookie-policy-hr\/\",\"url\":\"https:\/\/hd-multimedia.com\/cookie-policy-hr\/\",\"name\":\"cookie policy HR - hd-multimedia\",\"isPartOf\":{\"@id\":\"https:\/\/hd-multimedia.com\/#website\"},\"datePublished\":\"2019-07-17T13:25:39+00:00\",\"dateModified\":\"2023-11-02T15:16:40+00:00\",\"description\":\"\u0160to su kola\u010di\u0107i. Ova stranica koristi kola\u010di\u0107e (eng. cookies). Kola\u010di\u0107i su malene datoteke koje se automatski preuzimaju na va\u0161e ra\u010dunalo sa na\u0161ih Internet stranica, kojima je cilj bolji i efikasniji pregled sadr\u017eaja i povezivanje transakcija.\",\"breadcrumb\":{\"@id\":\"https:\/\/hd-multimedia.com\/cookie-policy-hr\/#breadcrumb\"},\"inLanguage\":\"sl-SI\",\"potentialAction\":[{\"@type\":\"ReadAction\",\"target\":[\"https:\/\/hd-multimedia.com\/cookie-policy-hr\/\"]}]},{\"@type\":\"BreadcrumbList\",\"@id\":\"https:\/\/hd-multimedia.com\/cookie-policy-hr\/#breadcrumb\",\"itemListElement\":[{\"@type\":\"ListItem\",\"position\":1,\"name\":\"Po\u010detna stranica\",\"item\":\"https:\/\/hd-multimedia.com\/\"},{\"@type\":\"ListItem\",\"position\":2,\"name\":\"cookie policy HR\"}]},{\"@type\":\"WebSite\",\"@id\":\"https:\/\/hd-multimedia.com\/#website\",\"url\":\"https:\/\/hd-multimedia.com\/\",\"name\":\"hd-multimedia\",\"description\":\"\",\"publisher\":{\"@id\":\"https:\/\/hd-multimedia.com\/#organization\"},\"potentialAction\":[{\"@type\":\"SearchAction\",\"target\":{\"@type\":\"EntryPoint\",\"urlTemplate\":\"https:\/\/hd-multimedia.com\/?s={search_term_string}\"},\"query-input\":\"required name=search_term_string\"}],\"inLanguage\":\"sl-SI\"},{\"@type\":\"Organization\",\"@id\":\"https:\/\/hd-multimedia.com\/#organization\",\"name\":\"hd-multimedia\",\"url\":\"https:\/\/hd-multimedia.com\/\",\"logo\":{\"@type\":\"ImageObject\",\"inLanguage\":\"sl-SI\",\"@id\":\"https:\/\/hd-multimedia.com\/#\/schema\/logo\/image\/\",\"url\":\"https:\/\/hd-multimedia.com\/hdm_media\/HD-curves-ok-196-56px-alpha-1.png\",\"contentUrl\":\"https:\/\/hd-multimedia.com\/hdm_media\/HD-curves-ok-196-56px-alpha-1.png\",\"width\":196,\"height\":53,\"caption\":\"hd-multimedia\"},\"image\":{\"@id\":\"https:\/\/hd-multimedia.com\/#\/schema\/logo\/image\/\"}}]}<\/script>\n<!-- \/ Yoast SEO plugin. -->","yoast_head_json":{"title":"cookie policy HR - hd-multimedia","description":"\u0160to su kola\u010di\u0107i. Ova stranica koristi kola\u010di\u0107e (eng. cookies). Kola\u010di\u0107i su malene datoteke koje se automatski preuzimaju na va\u0161e ra\u010dunalo sa na\u0161ih Internet stranica, kojima je cilj bolji i efikasniji pregled sadr\u017eaja i povezivanje transakcija.","robots":{"index":"index","follow":"follow","max-snippet":"max-snippet:-1","max-image-preview":"max-image-preview:large","max-video-preview":"max-video-preview:-1"},"canonical":"https:\/\/hd-multimedia.com\/sl\/cookie-policy-hr\/","og_locale":"sl_SI","og_type":"article","og_title":"cookie policy HR - hd-multimedia","og_description":"\u0160to su kola\u010di\u0107i. Ova stranica koristi kola\u010di\u0107e (eng. cookies). Kola\u010di\u0107i su malene datoteke koje se automatski preuzimaju na va\u0161e ra\u010dunalo sa na\u0161ih Internet stranica, kojima je cilj bolji i efikasniji pregled sadr\u017eaja i povezivanje transakcija.","og_url":"https:\/\/hd-multimedia.com\/sl\/cookie-policy-hr\/","og_site_name":"hd-multimedia","article_modified_time":"2023-11-02T15:16:40+00:00","twitter_card":"summary_large_image","twitter_misc":{"Est. reading time":"3 minute"},"schema":{"@context":"https:\/\/schema.org","@graph":[{"@type":"WebPage","@id":"https:\/\/hd-multimedia.com\/cookie-policy-hr\/","url":"https:\/\/hd-multimedia.com\/cookie-policy-hr\/","name":"cookie policy HR - hd-multimedia","isPartOf":{"@id":"https:\/\/hd-multimedia.com\/#website"},"datePublished":"2019-07-17T13:25:39+00:00","dateModified":"2023-11-02T15:16:40+00:00","description":"\u0160to su kola\u010di\u0107i. Ova stranica koristi kola\u010di\u0107e (eng. cookies). Kola\u010di\u0107i su malene datoteke koje se automatski preuzimaju na va\u0161e ra\u010dunalo sa na\u0161ih Internet stranica, kojima je cilj bolji i efikasniji pregled sadr\u017eaja i povezivanje transakcija.","breadcrumb":{"@id":"https:\/\/hd-multimedia.com\/cookie-policy-hr\/#breadcrumb"},"inLanguage":"sl-SI","potentialAction":[{"@type":"ReadAction","target":["https:\/\/hd-multimedia.com\/cookie-policy-hr\/"]}]},{"@type":"BreadcrumbList","@id":"https:\/\/hd-multimedia.com\/cookie-policy-hr\/#breadcrumb","itemListElement":[{"@type":"ListItem","position":1,"name":"Po\u010detna stranica","item":"https:\/\/hd-multimedia.com\/"},{"@type":"ListItem","position":2,"name":"cookie policy HR"}]},{"@type":"WebSite","@id":"https:\/\/hd-multimedia.com\/#website","url":"https:\/\/hd-multimedia.com\/","name":"hd-multimedia","description":"","publisher":{"@id":"https:\/\/hd-multimedia.com\/#organization"},"potentialAction":[{"@type":"SearchAction","target":{"@type":"EntryPoint","urlTemplate":"https:\/\/hd-multimedia.com\/?s={search_term_string}"},"query-input":"required name=search_term_string"}],"inLanguage":"sl-SI"},{"@type":"Organization","@id":"https:\/\/hd-multimedia.com\/#organization","name":"hd-multimedia","url":"https:\/\/hd-multimedia.com\/","logo":{"@type":"ImageObject","inLanguage":"sl-SI","@id":"https:\/\/hd-multimedia.com\/#\/schema\/logo\/image\/","url":"https:\/\/hd-multimedia.com\/hdm_media\/HD-curves-ok-196-56px-alpha-1.png","contentUrl":"https:\/\/hd-multimedia.com\/hdm_media\/HD-curves-ok-196-56px-alpha-1.png","width":196,"height":53,"caption":"hd-multimedia"},"image":{"@id":"https:\/\/hd-multimedia.com\/#\/schema\/logo\/image\/"}}]}},"post_mailing_queue_ids":[],"_links":{"self":[{"href":"https:\/\/hd-multimedia.com\/sl\/wp-json\/wp\/v2\/pages\/21","targetHints":{"allow":["GET"]}}],"collection":[{"href":"https:\/\/hd-multimedia.com\/sl\/wp-json\/wp\/v2\/pages"}],"about":[{"href":"https:\/\/hd-multimedia.com\/sl\/wp-json\/wp\/v2\/types\/page"}],"author":[{"embeddable":true,"href":"https:\/\/hd-multimedia.com\/sl\/wp-json\/wp\/v2\/users\/1"}],"replies":[{"embeddable":true,"href":"https:\/\/hd-multimedia.com\/sl\/wp-json\/wp\/v2\/comments?post=21"}],"version-history":[{"count":5,"href":"https:\/\/hd-multimedia.com\/sl\/wp-json\/wp\/v2\/pages\/21\/revisions"}],"predecessor-version":[{"id":12935,"href":"https:\/\/hd-multimedia.com\/sl\/wp-json\/wp\/v2\/pages\/21\/revisions\/12935"}],"wp:attachment":[{"href":"https:\/\/hd-multimedia.com\/sl\/wp-json\/wp\/v2\/media?parent=21"}],"curies":[{"name":"wp","href":"https:\/\/api.w.org\/{rel}","templated":true}]}}