{"id":15420,"date":"2024-05-16T08:43:03","date_gmt":"2024-05-16T08:43:03","guid":{"rendered":"https:\/\/hd-multimedia.com\/?page_id=15420"},"modified":"2024-05-20T06:55:58","modified_gmt":"2024-05-20T06:55:58","slug":"campfire-audio-hrvatska","status":"publish","type":"page","link":"https:\/\/hd-multimedia.com\/sl\/campfire-audio-hrvatska\/","title":{"rendered":"Campfire Audio"},"content":{"rendered":"<div data-elementor-type=\"wp-page\" data-elementor-id=\"15420\" class=\"elementor elementor-15420\" data-elementor-post-type=\"page\">\n\t\t\t\t<div class=\"elementor-element elementor-element-b0faf8d e-flex e-con-boxed e-con e-parent\" data-id=\"b0faf8d\" data-element_type=\"container\">\n\t\t\t\t\t<div class=\"e-con-inner\">\n\t\t\t\t<div class=\"elementor-element elementor-element-df315f2 elementor-widget__width-inherit elementor-invisible elementor-widget elementor-widget-heading\" data-id=\"df315f2\" data-element_type=\"widget\" data-settings=\"{&quot;_animation&quot;:&quot;fadeInLeft&quot;}\" data-widget_type=\"heading.default\">\n\t\t\t\t<div class=\"elementor-widget-container\">\n\t\t\t\t\t<h2 class=\"elementor-heading-title elementor-size-default\">Campfire Audio<\/h2>\t\t\t\t<\/div>\n\t\t\t\t<\/div>\n\t\t\t\t\t<\/div>\n\t\t\t\t<\/div>\n\t\t<div class=\"elementor-element elementor-element-73391b8e e-flex e-con-boxed e-con e-parent\" data-id=\"73391b8e\" data-element_type=\"container\">\n\t\t\t\t\t<div class=\"e-con-inner\">\n\t\t\t\t<div class=\"elementor-element elementor-element-53d855fe elementor-invisible elementor-widget elementor-widget-text-editor\" data-id=\"53d855fe\" data-element_type=\"widget\" data-settings=\"{&quot;_animation&quot;:&quot;fadeInLeft&quot;}\" data-widget_type=\"text-editor.default\">\n\t\t\t\t<div class=\"elementor-widget-container\">\n\t\t\t\t\t\t\t\t\t<p>Campfire Audio se \u017ee od leta 2015 osredoto\u010da na izdelavo visokokakovostnih slu\u0161alk IEM. V Oregonu ga je ustanovil Ken Ball, avdio strokovnjak za ALO Audio. Campfire izdeluje svoje slu\u0161alke s tehnologijami, ki so jih razvili sami, kot so ugla\u0161ena akusti\u010dna ekspanzijska komora (TAEC), povezave MMCX iz berilijevega bakra in premaz CeraKoteTM. Izdelki Campfire so zasnovani za vzdr\u017eljivost, zvestobo in zabavo. Vsaka slu\u0161alka Campfire, izdelana v Portlandu, je skrbno sestavljena ro\u010dno, kar odra\u017ea delo ljubezni in globok ob\u010dutek ponosa na njihovo obrt. Kljub svoji rasti ostajajo majhna, tesno povezana ekipa, kar jim pomaga ohranjati osredoto\u010denost na odli\u010dnost, medtem ko vsako stranko obravnavajo kot sestavni del dru\u017eine Campfire Audio.<\/p>\t\t\t\t\t\t\t\t<\/div>\n\t\t\t\t<\/div>\n\t\t\t\t\t<\/div>\n\t\t\t\t<\/div>\n\t\t<div class=\"elementor-element elementor-element-601373c e-flex e-con-boxed elementor-invisible e-con e-parent\" data-id=\"601373c\" data-element_type=\"container\" data-settings=\"{&quot;background_background&quot;:&quot;slideshow&quot;,&quot;animation&quot;:&quot;fadeInUp&quot;,&quot;background_slideshow_gallery&quot;:[],&quot;background_slideshow_loop&quot;:&quot;yes&quot;,&quot;background_slideshow_slide_duration&quot;:5000,&quot;background_slideshow_slide_transition&quot;:&quot;fade&quot;,&quot;background_slideshow_transition_duration&quot;:500}\">\n\t\t\t\t\t<div class=\"e-con-inner\">\n\t\t<div class=\"elementor-element elementor-element-6e9fa31 e-con-full e-flex e-con e-child\" data-id=\"6e9fa31\" data-element_type=\"container\">\n\t\t\t\t<div class=\"elementor-element elementor-element-3a498e3 e-transform elementor-widget elementor-widget-image\" data-id=\"3a498e3\" data-element_type=\"widget\" data-settings=\"{&quot;_transform_scale_effect&quot;:{&quot;unit&quot;:&quot;px&quot;,&quot;size&quot;:&quot;1&quot;,&quot;sizes&quot;:[]},&quot;_transform_scale_effect_tablet&quot;:{&quot;unit&quot;:&quot;px&quot;,&quot;size&quot;:&quot;&quot;,&quot;sizes&quot;:[]},&quot;_transform_scale_effect_mobile&quot;:{&quot;unit&quot;:&quot;px&quot;,&quot;size&quot;:&quot;&quot;,&quot;sizes&quot;:[]}}\" data-widget_type=\"image.default\">\n\t\t\t\t<div class=\"elementor-widget-container\">\n\t\t\t\t\t\t\t\t\t\t\t\t\t\t\t\t<a href=\"https:\/\/hd-multimedia.com\/sl\/trgovina\/trifecta-amber-radiance-iem\/\" target=\"_blank\">\n\t\t\t\t\t\t\t<img fetchpriority=\"high\" decoding=\"async\" width=\"500\" height=\"500\" src=\"https:\/\/hd-multimedia.com\/hdm_media\/TRI-Amber-Radiance-LS1-edited-e1715675230106.webp\" class=\"attachment-large size-large wp-image-15398\" alt=\"Campfire Trifecta Amber Radiance IEM\" srcset=\"https:\/\/hd-multimedia.com\/hdm_media\/TRI-Amber-Radiance-LS1-edited-e1715675230106.webp 500w, https:\/\/hd-multimedia.com\/hdm_media\/TRI-Amber-Radiance-LS1-edited-e1715675230106-300x300.webp 300w, https:\/\/hd-multimedia.com\/hdm_media\/TRI-Amber-Radiance-LS1-edited-e1715675230106-150x150.webp 150w, https:\/\/hd-multimedia.com\/hdm_media\/TRI-Amber-Radiance-LS1-edited-e1715675230106-100x100.webp 100w\" sizes=\"(max-width: 500px) 100vw, 500px\" \/>\t\t\t\t\t\t\t\t<\/a>\n\t\t\t\t\t\t\t\t\t\t\t\t\t\t\t<\/div>\n\t\t\t\t<\/div>\n\t\t\t\t<\/div>\n\t\t<div class=\"elementor-element elementor-element-cf5c498 e-con-full e-flex e-con e-child\" data-id=\"cf5c498\" data-element_type=\"container\">\n\t\t\t\t<div class=\"elementor-element elementor-element-bf47f93 elementor-widget elementor-widget-image\" data-id=\"bf47f93\" data-element_type=\"widget\" data-widget_type=\"image.default\">\n\t\t\t\t<div class=\"elementor-widget-container\">\n\t\t\t\t\t\t\t\t\t\t\t\t\t\t\t<img decoding=\"async\" width=\"500\" height=\"500\" src=\"https:\/\/hd-multimedia.com\/hdm_media\/Fathom_Patio_4-e1715671494788-4.webp\" class=\"attachment-large size-large wp-image-15473\" alt=\"\" srcset=\"https:\/\/hd-multimedia.com\/hdm_media\/Fathom_Patio_4-e1715671494788-4.webp 500w, https:\/\/hd-multimedia.com\/hdm_media\/Fathom_Patio_4-e1715671494788-4-300x300.webp 300w, https:\/\/hd-multimedia.com\/hdm_media\/Fathom_Patio_4-e1715671494788-4-150x150.webp 150w, https:\/\/hd-multimedia.com\/hdm_media\/Fathom_Patio_4-e1715671494788-4-100x100.webp 100w\" sizes=\"(max-width: 500px) 100vw, 500px\" \/>\t\t\t\t\t\t\t\t\t\t\t\t\t\t\t<\/div>\n\t\t\t\t<\/div>\n\t\t\t\t<\/div>\n\t\t<div class=\"elementor-element elementor-element-f5973aa e-con-full e-flex e-con e-child\" data-id=\"f5973aa\" data-element_type=\"container\">\n\t\t\t\t<div class=\"elementor-element elementor-element-d458389 elementor-widget__width-initial elementor-widget elementor-widget-image\" data-id=\"d458389\" data-element_type=\"widget\" data-widget_type=\"image.default\">\n\t\t\t\t<div class=\"elementor-widget-container\">\n\t\t\t\t\t\t\t\t\t\t\t\t\t\t\t\t<a href=\"https:\/\/hd-multimedia.com\/sl\/trgovina\/15356\/\" target=\"_blank\">\n\t\t\t\t\t\t\t<img decoding=\"async\" width=\"600\" height=\"600\" src=\"https:\/\/hd-multimedia.com\/hdm_media\/IMG_8156-1-600x600-1.jpg\" class=\"attachment-large size-large wp-image-15423\" alt=\"\" srcset=\"https:\/\/hd-multimedia.com\/hdm_media\/IMG_8156-1-600x600-1.jpg 600w, https:\/\/hd-multimedia.com\/hdm_media\/IMG_8156-1-600x600-1-300x300.jpg 300w, https:\/\/hd-multimedia.com\/hdm_media\/IMG_8156-1-600x600-1-150x150.jpg 150w, https:\/\/hd-multimedia.com\/hdm_media\/IMG_8156-1-600x600-1-100x100.jpg 100w\" sizes=\"(max-width: 600px) 100vw, 600px\" \/>\t\t\t\t\t\t\t\t<\/a>\n\t\t\t\t\t\t\t\t\t\t\t\t\t\t\t<\/div>\n\t\t\t\t<\/div>\n\t\t\t\t<\/div>\n\t\t<div class=\"elementor-element elementor-element-a5358b3 e-con-full e-flex e-con e-child\" data-id=\"a5358b3\" data-element_type=\"container\">\n\t\t\t\t<div class=\"elementor-element elementor-element-af61278 elementor-widget elementor-widget-image\" data-id=\"af61278\" data-element_type=\"widget\" data-widget_type=\"image.default\">\n\t\t\t\t<div class=\"elementor-widget-container\">\n\t\t\t\t\t\t\t\t\t\t\t\t\t\t\t<img loading=\"lazy\" decoding=\"async\" width=\"500\" height=\"500\" src=\"https:\/\/hd-multimedia.com\/hdm_media\/Solaris_SH_LS_OD9-e1715668714956-1.webp\" class=\"attachment-large size-large wp-image-15424\" alt=\"\" srcset=\"https:\/\/hd-multimedia.com\/hdm_media\/Solaris_SH_LS_OD9-e1715668714956-1.webp 500w, https:\/\/hd-multimedia.com\/hdm_media\/Solaris_SH_LS_OD9-e1715668714956-1-300x300.webp 300w, https:\/\/hd-multimedia.com\/hdm_media\/Solaris_SH_LS_OD9-e1715668714956-1-150x150.webp 150w, https:\/\/hd-multimedia.com\/hdm_media\/Solaris_SH_LS_OD9-e1715668714956-1-100x100.webp 100w\" sizes=\"(max-width: 500px) 100vw, 500px\" \/>\t\t\t\t\t\t\t\t\t\t\t\t\t\t\t<\/div>\n\t\t\t\t<\/div>\n\t\t\t\t<\/div>\n\t\t\t\t\t<\/div>\n\t\t\t\t<\/div>\n\t\t\t\t<\/div>","protected":false},"excerpt":{"rendered":"<p>Campfire Audio Campfire Audio je od 2015. godine usmjeren na izgradnju visokokvalitetnih IEM slu\u0161alica. Osnovan je u Oregonu od strane Kena Balla, stru\u010dnjaka za audio iza ALO Audio. Campfire gradi svoje slu\u0161alice s tehnologijama koje su razvili interno, poput Tuned Acoustic Expansion Chamber (T.A.E.C.), Beryllium Copper MMCX veza i CeraKoteTM premaza. Campfire proizvodi dizajnirani su [&hellip;]<\/p>","protected":false},"author":361,"featured_media":0,"parent":0,"menu_order":0,"comment_status":"closed","ping_status":"closed","template":"","meta":{"site-sidebar-layout":"default","site-content-layout":"","ast-site-content-layout":"default","site-content-style":"default","site-sidebar-style":"default","ast-global-header-display":"","ast-banner-title-visibility":"","ast-main-header-display":"","ast-hfb-above-header-display":"","ast-hfb-below-header-display":"","ast-hfb-mobile-header-display":"","site-post-title":"","ast-breadcrumbs-content":"","ast-featured-img":"","footer-sml-layout":"","theme-transparent-header-meta":"default","adv-header-id-meta":"","stick-header-meta":"default","header-above-stick-meta":"","header-main-stick-meta":"","header-below-stick-meta":"","astra-migrate-meta-layouts":"set","ast-page-background-enabled":"default","ast-page-background-meta":{"desktop":{"background-color":"","background-image":"","background-repeat":"repeat","background-position":"center center","background-size":"auto","background-attachment":"scroll","background-type":"","background-media":"","overlay-type":"","overlay-color":"","overlay-opacity":"","overlay-gradient":""},"tablet":{"background-color":"","background-image":"","background-repeat":"repeat","background-position":"center center","background-size":"auto","background-attachment":"scroll","background-type":"","background-media":"","overlay-type":"","overlay-color":"","overlay-opacity":"","overlay-gradient":""},"mobile":{"background-color":"","background-image":"","background-repeat":"repeat","background-position":"center center","background-size":"auto","background-attachment":"scroll","background-type":"","background-media":"","overlay-type":"","overlay-color":"","overlay-opacity":"","overlay-gradient":""}},"ast-content-background-meta":{"desktop":{"background-color":"var(--ast-global-color-5)","background-image":"","background-repeat":"repeat","background-position":"center center","background-size":"auto","background-attachment":"scroll","background-type":"","background-media":"","overlay-type":"","overlay-color":"","overlay-opacity":"","overlay-gradient":""},"tablet":{"background-color":"var(--ast-global-color-5)","background-image":"","background-repeat":"repeat","background-position":"center center","background-size":"auto","background-attachment":"scroll","background-type":"","background-media":"","overlay-type":"","overlay-color":"","overlay-opacity":"","overlay-gradient":""},"mobile":{"background-color":"var(--ast-global-color-5)","background-image":"","background-repeat":"repeat","background-position":"center center","background-size":"auto","background-attachment":"scroll","background-type":"","background-media":"","overlay-type":"","overlay-color":"","overlay-opacity":"","overlay-gradient":""}},"footnotes":""},"class_list":["post-15420","page","type-page","status-publish","hentry"],"yoast_head":"<!-- This site is optimized with the Yoast SEO plugin v21.4 - https:\/\/yoast.com\/wordpress\/plugins\/seo\/ -->\n<title>Campfire Audio - hd-multimedia<\/title>\n<meta name=\"description\" content=\"Campfire Audio je od 2015. godine usmjeren na izgradnju visokokvalitetnih intrauralnih monitora i slu\u0161alica.\" \/>\n<meta name=\"robots\" content=\"index, follow, max-snippet:-1, max-image-preview:large, max-video-preview:-1\" \/>\n<link rel=\"canonical\" href=\"https:\/\/hd-multimedia.com\/sl\/campfire-audio-hrvatska\/\" \/>\n<meta property=\"og:locale\" content=\"sl_SI\" \/>\n<meta property=\"og:type\" content=\"article\" \/>\n<meta property=\"og:title\" content=\"Campfire Audio - hd-multimedia\" \/>\n<meta property=\"og:description\" content=\"Campfire Audio je od 2015. godine usmjeren na izgradnju visokokvalitetnih intrauralnih monitora i slu\u0161alica.\" \/>\n<meta property=\"og:url\" content=\"https:\/\/hd-multimedia.com\/sl\/campfire-audio-hrvatska\/\" \/>\n<meta property=\"og:site_name\" content=\"hd-multimedia\" \/>\n<meta property=\"article:modified_time\" content=\"2024-05-20T06:55:58+00:00\" \/>\n<meta property=\"og:image\" content=\"https:\/\/hd-multimedia.com\/hdm_media\/TRI-Amber-Radiance-LS1-edited-e1715675230106.webp\" \/>\n<meta name=\"twitter:card\" content=\"summary_large_image\" \/>\n<meta name=\"twitter:label1\" content=\"Est. reading time\" \/>\n\t<meta name=\"twitter:data1\" content=\"2 minuti\" \/>\n<script type=\"application\/ld+json\" class=\"yoast-schema-graph\">{\"@context\":\"https:\/\/schema.org\",\"@graph\":[{\"@type\":\"WebPage\",\"@id\":\"https:\/\/hd-multimedia.com\/campfire-audio-hrvatska\/\",\"url\":\"https:\/\/hd-multimedia.com\/campfire-audio-hrvatska\/\",\"name\":\"Campfire Audio - hd-multimedia\",\"isPartOf\":{\"@id\":\"https:\/\/hd-multimedia.com\/#website\"},\"datePublished\":\"2024-05-16T08:43:03+00:00\",\"dateModified\":\"2024-05-20T06:55:58+00:00\",\"description\":\"Campfire Audio je od 2015. godine usmjeren na izgradnju visokokvalitetnih intrauralnih monitora i slu\u0161alica.\",\"breadcrumb\":{\"@id\":\"https:\/\/hd-multimedia.com\/campfire-audio-hrvatska\/#breadcrumb\"},\"inLanguage\":\"sl-SI\",\"potentialAction\":[{\"@type\":\"ReadAction\",\"target\":[\"https:\/\/hd-multimedia.com\/campfire-audio-hrvatska\/\"]}]},{\"@type\":\"BreadcrumbList\",\"@id\":\"https:\/\/hd-multimedia.com\/campfire-audio-hrvatska\/#breadcrumb\",\"itemListElement\":[{\"@type\":\"ListItem\",\"position\":1,\"name\":\"Po\u010detna stranica\",\"item\":\"https:\/\/hd-multimedia.com\/\"},{\"@type\":\"ListItem\",\"position\":2,\"name\":\"Campfire Audio\"}]},{\"@type\":\"WebSite\",\"@id\":\"https:\/\/hd-multimedia.com\/#website\",\"url\":\"https:\/\/hd-multimedia.com\/\",\"name\":\"hd-multimedia\",\"description\":\"\",\"publisher\":{\"@id\":\"https:\/\/hd-multimedia.com\/#organization\"},\"potentialAction\":[{\"@type\":\"SearchAction\",\"target\":{\"@type\":\"EntryPoint\",\"urlTemplate\":\"https:\/\/hd-multimedia.com\/?s={search_term_string}\"},\"query-input\":\"required name=search_term_string\"}],\"inLanguage\":\"sl-SI\"},{\"@type\":\"Organization\",\"@id\":\"https:\/\/hd-multimedia.com\/#organization\",\"name\":\"hd-multimedia\",\"url\":\"https:\/\/hd-multimedia.com\/\",\"logo\":{\"@type\":\"ImageObject\",\"inLanguage\":\"sl-SI\",\"@id\":\"https:\/\/hd-multimedia.com\/#\/schema\/logo\/image\/\",\"url\":\"https:\/\/hd-multimedia.com\/hdm_media\/HD-curves-ok-196-56px-alpha-1.png\",\"contentUrl\":\"https:\/\/hd-multimedia.com\/hdm_media\/HD-curves-ok-196-56px-alpha-1.png\",\"width\":196,\"height\":53,\"caption\":\"hd-multimedia\"},\"image\":{\"@id\":\"https:\/\/hd-multimedia.com\/#\/schema\/logo\/image\/\"}}]}<\/script>\n<!-- \/ Yoast SEO plugin. -->","yoast_head_json":{"title":"Campfire Audio - hd-multimedia","description":"Campfire Audio je od 2015. godine usmjeren na izgradnju visokokvalitetnih intrauralnih monitora i slu\u0161alica.","robots":{"index":"index","follow":"follow","max-snippet":"max-snippet:-1","max-image-preview":"max-image-preview:large","max-video-preview":"max-video-preview:-1"},"canonical":"https:\/\/hd-multimedia.com\/sl\/campfire-audio-hrvatska\/","og_locale":"sl_SI","og_type":"article","og_title":"Campfire Audio - hd-multimedia","og_description":"Campfire Audio je od 2015. godine usmjeren na izgradnju visokokvalitetnih intrauralnih monitora i slu\u0161alica.","og_url":"https:\/\/hd-multimedia.com\/sl\/campfire-audio-hrvatska\/","og_site_name":"hd-multimedia","article_modified_time":"2024-05-20T06:55:58+00:00","og_image":[{"url":"https:\/\/hd-multimedia.com\/hdm_media\/TRI-Amber-Radiance-LS1-edited-e1715675230106.webp"}],"twitter_card":"summary_large_image","twitter_misc":{"Est. reading time":"2 minuti"},"schema":{"@context":"https:\/\/schema.org","@graph":[{"@type":"WebPage","@id":"https:\/\/hd-multimedia.com\/campfire-audio-hrvatska\/","url":"https:\/\/hd-multimedia.com\/campfire-audio-hrvatska\/","name":"Campfire Audio - hd-multimedia","isPartOf":{"@id":"https:\/\/hd-multimedia.com\/#website"},"datePublished":"2024-05-16T08:43:03+00:00","dateModified":"2024-05-20T06:55:58+00:00","description":"Campfire Audio je od 2015. godine usmjeren na izgradnju visokokvalitetnih intrauralnih monitora i slu\u0161alica.","breadcrumb":{"@id":"https:\/\/hd-multimedia.com\/campfire-audio-hrvatska\/#breadcrumb"},"inLanguage":"sl-SI","potentialAction":[{"@type":"ReadAction","target":["https:\/\/hd-multimedia.com\/campfire-audio-hrvatska\/"]}]},{"@type":"BreadcrumbList","@id":"https:\/\/hd-multimedia.com\/campfire-audio-hrvatska\/#breadcrumb","itemListElement":[{"@type":"ListItem","position":1,"name":"Po\u010detna stranica","item":"https:\/\/hd-multimedia.com\/"},{"@type":"ListItem","position":2,"name":"Campfire Audio"}]},{"@type":"WebSite","@id":"https:\/\/hd-multimedia.com\/#website","url":"https:\/\/hd-multimedia.com\/","name":"hd-multimedia","description":"","publisher":{"@id":"https:\/\/hd-multimedia.com\/#organization"},"potentialAction":[{"@type":"SearchAction","target":{"@type":"EntryPoint","urlTemplate":"https:\/\/hd-multimedia.com\/?s={search_term_string}"},"query-input":"required name=search_term_string"}],"inLanguage":"sl-SI"},{"@type":"Organization","@id":"https:\/\/hd-multimedia.com\/#organization","name":"hd-multimedia","url":"https:\/\/hd-multimedia.com\/","logo":{"@type":"ImageObject","inLanguage":"sl-SI","@id":"https:\/\/hd-multimedia.com\/#\/schema\/logo\/image\/","url":"https:\/\/hd-multimedia.com\/hdm_media\/HD-curves-ok-196-56px-alpha-1.png","contentUrl":"https:\/\/hd-multimedia.com\/hdm_media\/HD-curves-ok-196-56px-alpha-1.png","width":196,"height":53,"caption":"hd-multimedia"},"image":{"@id":"https:\/\/hd-multimedia.com\/#\/schema\/logo\/image\/"}}]}},"post_mailing_queue_ids":[],"_links":{"self":[{"href":"https:\/\/hd-multimedia.com\/sl\/wp-json\/wp\/v2\/pages\/15420","targetHints":{"allow":["GET"]}}],"collection":[{"href":"https:\/\/hd-multimedia.com\/sl\/wp-json\/wp\/v2\/pages"}],"about":[{"href":"https:\/\/hd-multimedia.com\/sl\/wp-json\/wp\/v2\/types\/page"}],"author":[{"embeddable":true,"href":"https:\/\/hd-multimedia.com\/sl\/wp-json\/wp\/v2\/users\/361"}],"replies":[{"embeddable":true,"href":"https:\/\/hd-multimedia.com\/sl\/wp-json\/wp\/v2\/comments?post=15420"}],"version-history":[{"count":33,"href":"https:\/\/hd-multimedia.com\/sl\/wp-json\/wp\/v2\/pages\/15420\/revisions"}],"predecessor-version":[{"id":15536,"href":"https:\/\/hd-multimedia.com\/sl\/wp-json\/wp\/v2\/pages\/15420\/revisions\/15536"}],"wp:attachment":[{"href":"https:\/\/hd-multimedia.com\/sl\/wp-json\/wp\/v2\/media?parent=15420"}],"curies":[{"name":"wp","href":"https:\/\/api.w.org\/{rel}","templated":true}]}}