{"id":15,"date":"2019-07-17T13:25:39","date_gmt":"2019-07-17T13:25:39","guid":{"rendered":"http:\/\/hd-multimedia.com\/?page_id=15"},"modified":"2019-07-17T13:25:39","modified_gmt":"2019-07-17T13:25:39","slug":"privacy-policy-hr","status":"publish","type":"page","link":"https:\/\/hd-multimedia.com\/sl\/privacy-policy-hr\/","title":{"rendered":"politika zasebnosti HR"},"content":{"rendered":"<h2 class=\"wp-block-heading\"><strong>Zasebnost osebnih podatkov \u2013 hd-multimedia.com\u00a0\u00a0<\/strong>  <\/h2>\n\n\n\n<p>Ta pravilnik o zasebnosti opisuje, kako se va\u0161i osebni podatki zbirajo, uporabljajo in delijo, ko obi\u0161\u010dete spletno trgovino \u00bbhd-multimedia\u00ab (\u00bbspletna stran\u00ab) ali opravite nakup v njej, v lasti HD-INFO doo. <\/p>\n\n\n\n<h4 class=\"wp-block-heading\">OSEBNI PODATKI, KI JIH ZBIRAMO <\/h4>\n\n\n\n<p>Ko obi\u0161\u010dete spletno mesto, se samodejno zbirajo dolo\u010deni podatki o va\u0161i napravi, vklju\u010dno s podatki o va\u0161em spletnem brskalniku, naslovu IP, \u010dasovnem pasu in pi\u0161kotkih, name\u0161\u010denih v va\u0161i napravi. Poleg tega, ko brskate po na\u0161ih spletnih mestih, zbiramo podatke o posameznih straneh ali izdelkih, ki si jih ogledujete, katera spletna mesta ali iskalni izrazi so vas napotili na na\u0161a spletna mesta, pa tudi informacije o va\u0161i interakciji z na\u0161imi spletnimi mesti. Te samodejno zbrane podatke imenujemo \u00bbpodatki o napravi\u00ab.<br>\u00bbPodatke o napravi\u00ab zbiramo z naslednjimi tehnologijami: <\/p>\n\n\n\n<ul class=\"wp-block-list\"><li>\u00bbPi\u0161kotki\u00ab so podatkovne datoteke, ki so shranjene v va\u0161i napravi ali ra\u010dunalniku in pogosto vklju\u010dujejo anonimni enoli\u010dni identifikator. Za ve\u010d informacij o pi\u0161kotkih in kako onemogo\u010diti pi\u0161kotke obi\u0161\u010dite&nbsp;<a href=\"http:\/\/www.allaboutcookies.org\/\">http:\/\/www.allaboutcookies.org<\/a>.<\/li><li>\u00bbDnevniki sledenja\u00ab se uporabljajo za sledenje dogodkom na spletnem mestu in zbiranje podatkov \u2013 vklju\u010dno z va\u0161im naslovom IP, vrsto brskalnika, ponudnikom internetnih storitev, napotitvenimi stranmi, datumskimi in \u010dasovnimi \u017eigi.<\/li><li>\u00bbSpletni svetilniki\u00ab, \u00bboznake\u00ab in \u00bbpiksli\u00ab so elektronske datoteke, ki se uporabljajo za bele\u017eenje informacij o tem, kako brskate po \u00bbspletnih mestih\u00ab.<\/li><\/ul>\n\n\n\n<p>Poleg tega, ko se odlo\u010dite za nakup prek tega \u00bbspletnega mesta\u00ab, zbiramo va\u0161e osebne podatke, ki jih uporabimo za izpolnitev va\u0161ega naro\u010dila. Osebni podatki vklju\u010dujejo va\u0161e ime, naslov za izstavitev ra\u010duna, naslov za dostavo, na\u010din pla\u010dila, e-po\u0161tni naslov in telefonsko \u0161tevilko. Te podatke imenujemo \u00bbpodatki o naro\u010dilu\u00ab.<br>Prav tako \u017eelimo opozoriti, da na na\u0161i spletni strani ne zbiramo ali shranjujemo ob\u010dutljivih podatkov, kot so \u0161tevilke kreditnih kartic in dodatne informacije, potrebne za spletno pla\u010devanje. Pri pla\u010dilu s kreditno ali debetno kartico vas bo na\u0161a spletna stran varno preusmerila na spletno stran na\u0161ega ponudnika storitev spletnega pla\u010devanja PayWay (v lasti Hrva\u0161kega Telekoma dd - ve\u010d o varnosti PayWay si oglejte spodaj). Vloga PayWaya je, da zbere vse dodatne informacije o pla\u010dilu neposredno od vas, spro\u017ei zahtevo za pla\u010dilo, izvede pla\u010dilno transakcijo in nas obvesti, ali je bilo pla\u010dilo uspe\u0161no ali ne.<br>Ko tukaj govorimo o \u00bbosebnih podatkih\u00ab, menimo, da osebni podatki vklju\u010dujejo tako \u00bbpodatke o napravi\u00ab kot \u00bbpodatke o naro\u010dilu\u00ab. <\/p>\n\n\n\n<h4 class=\"wp-block-heading\">KAKO UPORABLJAMO VA\u0160E OSEBNE PODATKE? <\/h4>\n\n\n\n<p>\u00bbPodatke o naro\u010dilih\u00ab na splo\u0161no zbiramo za izpolnjevanje va\u0161ih naro\u010dil, oddanih na spletnih mestih (vklju\u010dno z obdelavo podatkov o pla\u010dilu, urejanjem dostave in izdajanjem ra\u010dunov in\/ali potrdil naro\u010dila). Poleg tega zbrane &quot;Informacije o naro\u010dilu&quot; uporabljamo za: <\/p>\n\n\n\n<ul class=\"wp-block-list\"><li>Za komunikacijo z vami;<\/li><li>Za spremljanje naro\u010dil, z namenom morebitne odprave morebitnih tveganj ali goljufij;<\/li><li>V skladu z va\u0161im soglasjem vam po\u0161ljemo dodatne informacije v zvezi z na\u0161imi izdelki ali storitvami.<\/li><\/ul>\n\n\n\n<p>\u00bbPodatke o napravah\u00ab, ki jih zbiramo, uporabljamo za 1) odkrivanje morebitnih tveganj in goljufij (prek naslova IP) ter 2) optimizacijo in izbolj\u0161anje funkcionalnosti na\u0161ih spletnih mest (na primer z analizo, kako na\u0161i uporabniki brskajo po na\u0161ih spletnih mestih in komunicirajo z njimi, da nam pomaga dose\u010di uspeh na\u0161ih prodajnih in ogla\u0161evalskih akcij). <\/p>\n\n\n\n<h4 class=\"wp-block-heading\">DELITEV VA\u0160IH OSEBNIH PODATKOV <\/h4>\n\n\n\n<p>Va\u0161e osebne podatke delimo s tretjimi osebami v omejenem obsegu, izklju\u010dno za namene bolj\u0161e komunikacije s strankami in za potrebe izpolnjevanja naro\u010dil. Spodaj so primeri, ko delimo podatke: <\/p>\n\n\n\n<ul class=\"wp-block-list\"><li>Google Analytics, ki nam omogo\u010da bolj\u0161e razumevanje, kako na\u0161i uporabniki uporabljajo spletno stran. Tukaj lahko preberete, kako Google uporablja va\u0161e osebne podatke:&nbsp;<a href=\"https:\/\/www.google.com\/intl\/en\/policies\/privacy\/\">https:\/\/www.google.com\/intl\/en\/policies\/privacy\/<\/a>. Tukaj lahko preberete, kako onemogo\u010dite Google Analytics:&nbsp;<a href=\"https:\/\/tools.google.com\/dlpage\/gaoptout\">https:\/\/tools.google.com\/dlpage\/gaoptout<\/a>.<\/li><li>S storitvijo PayWay Hrva\u0161kega Telekoma - varno delimo &quot;Podatke o naro\u010dilu&quot;, ko se odlo\u010dite za spletno pla\u010dilo preko pla\u010dilnega sistema PayWay. PayWay in Hrvatski Telekom varujeta va\u0161e osebne podatke v skladu s politiko, ki si jo lahko ogledate tukaj:&nbsp;<a href=\"https:\/\/www.hrvatskitelekom.hr\/webresources\/pdf\/Politika%20za%C5%A1tite%20privatnosti.pdf\">https:\/\/www.hrvatskitelekom.hr\/webresources\/pdf\/Politika%20za%C5%A1tite%20privatnosti.pdf<\/a><\/li><li>V\u010dasih moramo va\u0161e osebne podatke deliti s tretjimi osebami, da bi zadostili veljavnim zakonom in predpisom. Na primer. To naredimo, \u010de je potrebno za izpolnitev sodne odredbe, naloga za preiskavo ali druge zakonsko zahtevane zahteve ali zahteve za za\u0161\u010dito na\u0161ih pravic.<\/li><\/ul>\n\n\n\n<h4 class=\"wp-block-heading\">DELJENJE V OGLA\u0160EVANJU <\/h4>\n\n\n\n<p>Kot smo \u017ee omenili, se lahko osebni podatki uporabijo tudi za zagotavljanje ciljanih oglasov ali tr\u017eenjskih sporo\u010dil, za katere menimo, da bi vas lahko zanimali. Za ve\u010d informacij o tem, kako ciljano ogla\u0161evanje deluje, lahko obi\u0161\u010dete informacijsko stran Network Advertising Initiative (&quot;NAI&quot;) na\u00a0<a href=\"http:\/\/www.networkadvertising.org\/understanding-online-advertising\/how-does-it-work\">http:\/\/www.networkadvertising.org\/understanding-online-advertising\/how-does-it-work<\/a>. <\/p>\n\n\n\n<p>\u010ce ne \u017eelite sodelovati pri ciljanem ogla\u0161evanju, se lahko tudi odjavite na:<br>FACEBOOK \u2013\u00a0<a href=\"https:\/\/www.facebook.com\/settings\/?tab=ads\">https:\/\/www.facebook.com\/settings\/?tab=ads<\/a><br>INSTAGRAM \u2013\u00a0<a href=\"https:\/\/help.instagram.com\/615366948510230\">https:\/\/help.instagram.com\/615366948510230<\/a><br>GOOGLE \u2013\u00a0<a href=\"https:\/\/www.google.com\/settings\/ads\/anonymous\">https:\/\/www.google.com\/settings\/ads\/anonymous<\/a><\/p>\n\n\n\n<p><\/p>\n\n\n\n<p>Poleg tega se lahko od nekaterih od teh storitev odjavite tako, da obi\u0161\u010dete portal za odjavo digitalnega ogla\u0161evanja na:\u00a0<a href=\"http:\/\/optout.aboutads.info\/\">http:\/\/optout.aboutads.info\/<\/a>. <\/p>\n\n\n\n<h4 class=\"wp-block-heading\">NE SLEDI <\/h4>\n\n\n\n<p>Opomba: signal \u00bbNe sledi\u00ab, \u010de je nastavljen in prihaja iz va\u0161ega brskalnika, ne spremeni vedenja na\u0161ih spletnih mest ali na\u010dina in obsega zbiranja podatkov. <\/p>\n\n\n\n<h4 class=\"wp-block-heading\">VA\u0160E PRAVICE <\/h4>\n\n\n\n<p>\u010ce ste rezident Evropske unije, vam bomo na va\u0161o zahtevo omogo\u010dili dostop do va\u0161ih osebnih podatkov \u2013 ustvarjenih v na\u0161i interakciji z vami. Prav tako lahko zahtevate popravek, posodobitev ali izbris osebnih podatkov iz na\u0161e baze podatkov. \u010ce \u017eelite uveljavljati te pravice, se obrnite na nas preko e-po\u0161te ali pisnih kontaktnih podatkov, navedenih spodaj.<br>\u010ce ste rezident Evropske unije, se va\u0161i osebni podatki (\u00bbpodatki o naro\u010dilu\u00ab) uporabljajo izklju\u010dno za namene izpolnjevanja sklenjenih pogodb (na primer, \u010de oddate naro\u010dilo preko spletnega mesta) in za namene doseganja zakonitih poslovnih interesov, ki smo jih opredelili v tej politiki. Opomba: V posebnih primerih zaradi interakcij s ciljnimi ogla\u0161evalskimi storitvami, kot so Google, Facebook in Instagram, se lahko nekateri va\u0161i osebni podatki posredno prenesejo izven Evrope, vklju\u010dno s Kanado in Zdru\u017eenimi dr\u017eavami. <\/p>\n\n\n\n<h4 class=\"wp-block-heading\">HRANITEV PODATKOV <\/h4>\n\n\n\n<p>Ko oddate naro\u010dilo za blago prek te spletne strani, bomo va\u0161e &quot;podatke o naro\u010dilu&quot; obdr\u017eali v na\u0161i evidenci, razen \u010de po naro\u010dilu zahtevate njihov izbris. <\/p>\n\n\n\n<h4 class=\"wp-block-heading\">MLADOLETNIKI <\/h4>\n\n\n\n<p>Naro\u010danje in nakup na tej strani ni namenjen osebam mlaj\u0161im od 16 let. <\/p>\n\n\n\n<h4 class=\"wp-block-heading\">SPREMEMBE <\/h4>\n\n\n\n<p>Pridr\u017eujemo si pravico, da ob\u010dasno spremenimo svojo politiko zasebnosti, da odra\u017ea na\u0161e spremembe ter zaradi operativnih, pravnih in regulativnih razlogov. <\/p>\n\n\n\n<h4 class=\"wp-block-heading\">KONTAKTIRAJTE NAS <\/h4>\n\n\n\n<p>Za ve\u010d informacij o na\u0161i politiki zasebnosti, \u010de imate dodatna vpra\u0161anja ali \u017eelite vlo\u017eiti prito\u017ebo, nas kontaktirajte po e-po\u0161ti na: hdm na hdinfo.hr ali po po\u0161ti na naslednji naslov:<br>HD-INFO doo, Svetice 23, HR-10000 Zagreb, Hrva\u0161ka <\/p>","protected":false},"excerpt":{"rendered":"<p>Zasebnost osebnih podatkov \u2013 hd-multimedia.com Ta politika zasebnosti opisuje, kako se va\u0161i osebni podatki zbirajo, uporabljajo in delijo, ko obi\u0161\u010dete ali opravite nakup v spletni trgovini \u00bbhd-multimedia\u00ab (\u00bbSpletno mesto\u00ab), ki je v lasti podjetja HD-INFO doo. OSEBNI PODATKI, KI JIH ZBIRAM Ko obi\u0161\u010dete spletno mesto, se samodejno zbirajo dolo\u010dene informacije o va\u0161i napravi, vklju\u010dno s podatki o va\u0161em spletnem brskalniku, [\u2026]<\/p>","protected":false},"author":1,"featured_media":0,"parent":0,"menu_order":0,"comment_status":"closed","ping_status":"closed","template":"","meta":{"site-sidebar-layout":"default","site-content-layout":"default","ast-site-content-layout":"","site-content-style":"default","site-sidebar-style":"default","ast-global-header-display":"","ast-banner-title-visibility":"","ast-main-header-display":"","ast-hfb-above-header-display":"","ast-hfb-below-header-display":"","ast-hfb-mobile-header-display":"","site-post-title":"","ast-breadcrumbs-content":"","ast-featured-img":"","footer-sml-layout":"","theme-transparent-header-meta":"default","adv-header-id-meta":"","stick-header-meta":"default","header-above-stick-meta":"","header-main-stick-meta":"","header-below-stick-meta":"","astra-migrate-meta-layouts":"default","ast-page-background-enabled":"default","ast-page-background-meta":{"desktop":{"background-color":"","background-image":"","background-repeat":"repeat","background-position":"center center","background-size":"auto","background-attachment":"scroll","background-type":"","background-media":"","overlay-type":"","overlay-color":"","overlay-opacity":"","overlay-gradient":""},"tablet":{"background-color":"","background-image":"","background-repeat":"repeat","background-position":"center center","background-size":"auto","background-attachment":"scroll","background-type":"","background-media":"","overlay-type":"","overlay-color":"","overlay-opacity":"","overlay-gradient":""},"mobile":{"background-color":"","background-image":"","background-repeat":"repeat","background-position":"center center","background-size":"auto","background-attachment":"scroll","background-type":"","background-media":"","overlay-type":"","overlay-color":"","overlay-opacity":"","overlay-gradient":""}},"ast-content-background-meta":{"desktop":{"background-color":"var(--ast-global-color-5)","background-image":"","background-repeat":"repeat","background-position":"center center","background-size":"auto","background-attachment":"scroll","background-type":"","background-media":"","overlay-type":"","overlay-color":"","overlay-opacity":"","overlay-gradient":""},"tablet":{"background-color":"var(--ast-global-color-5)","background-image":"","background-repeat":"repeat","background-position":"center center","background-size":"auto","background-attachment":"scroll","background-type":"","background-media":"","overlay-type":"","overlay-color":"","overlay-opacity":"","overlay-gradient":""},"mobile":{"background-color":"var(--ast-global-color-5)","background-image":"","background-repeat":"repeat","background-position":"center center","background-size":"auto","background-attachment":"scroll","background-type":"","background-media":"","overlay-type":"","overlay-color":"","overlay-opacity":"","overlay-gradient":""}},"footnotes":""},"class_list":["post-15","page","type-page","status-publish","hentry"],"yoast_head":"<!-- This site is optimized with the Yoast SEO plugin v21.4 - https:\/\/yoast.com\/wordpress\/plugins\/seo\/ -->\n<title>privacy policy HR - hd-multimedia<\/title>\n<meta name=\"robots\" content=\"index, follow, max-snippet:-1, max-image-preview:large, max-video-preview:-1\" \/>\n<link rel=\"canonical\" href=\"https:\/\/hd-multimedia.com\/sl\/privacy-policy-hr\/\" \/>\n<meta property=\"og:locale\" content=\"sl_SI\" \/>\n<meta property=\"og:type\" content=\"article\" \/>\n<meta property=\"og:title\" content=\"privacy policy HR - hd-multimedia\" \/>\n<meta property=\"og:description\" content=\"Privatnost osobnih podataka \u2013 hd-multimedia.com\u00a0\u00a0 Ova Pravila o privatnosti opisuju kako se va\u0161i osobni podaci prikupljaju, koriste i dijele kada posjetite ili kupite web trgovinu \u201chd-multimedia\u201d (\u201cWeb stranice\u201d) u vlasni\u0161tvu tvrtke HD-INFO d.o.o.. OSOBNE PODATKE KOJE PRIKUPLJAMO Kada posjetite web stranicu, automatski se prikupljaju odre\u0111eni podaci o va\u0161em ure\u0111aju, uklju\u010duju\u0107i informacije o va\u0161em web pregledniku, [&hellip;]\" \/>\n<meta property=\"og:url\" content=\"https:\/\/hd-multimedia.com\/sl\/privacy-policy-hr\/\" \/>\n<meta property=\"og:site_name\" content=\"hd-multimedia\" \/>\n<meta name=\"twitter:card\" content=\"summary_large_image\" \/>\n<meta name=\"twitter:label1\" content=\"Est. reading time\" \/>\n\t<meta name=\"twitter:data1\" content=\"6 minut\" \/>\n<script type=\"application\/ld+json\" class=\"yoast-schema-graph\">{\"@context\":\"https:\/\/schema.org\",\"@graph\":[{\"@type\":\"WebPage\",\"@id\":\"https:\/\/hd-multimedia.com\/privacy-policy-hr\/\",\"url\":\"https:\/\/hd-multimedia.com\/privacy-policy-hr\/\",\"name\":\"privacy policy HR - hd-multimedia\",\"isPartOf\":{\"@id\":\"https:\/\/hd-multimedia.com\/#website\"},\"datePublished\":\"2019-07-17T13:25:39+00:00\",\"dateModified\":\"2019-07-17T13:25:39+00:00\",\"breadcrumb\":{\"@id\":\"https:\/\/hd-multimedia.com\/privacy-policy-hr\/#breadcrumb\"},\"inLanguage\":\"sl-SI\",\"potentialAction\":[{\"@type\":\"ReadAction\",\"target\":[\"https:\/\/hd-multimedia.com\/privacy-policy-hr\/\"]}]},{\"@type\":\"BreadcrumbList\",\"@id\":\"https:\/\/hd-multimedia.com\/privacy-policy-hr\/#breadcrumb\",\"itemListElement\":[{\"@type\":\"ListItem\",\"position\":1,\"name\":\"Po\u010detna stranica\",\"item\":\"https:\/\/hd-multimedia.com\/\"},{\"@type\":\"ListItem\",\"position\":2,\"name\":\"privacy policy HR\"}]},{\"@type\":\"WebSite\",\"@id\":\"https:\/\/hd-multimedia.com\/#website\",\"url\":\"https:\/\/hd-multimedia.com\/\",\"name\":\"hd-multimedia\",\"description\":\"\",\"publisher\":{\"@id\":\"https:\/\/hd-multimedia.com\/#organization\"},\"potentialAction\":[{\"@type\":\"SearchAction\",\"target\":{\"@type\":\"EntryPoint\",\"urlTemplate\":\"https:\/\/hd-multimedia.com\/?s={search_term_string}\"},\"query-input\":\"required name=search_term_string\"}],\"inLanguage\":\"sl-SI\"},{\"@type\":\"Organization\",\"@id\":\"https:\/\/hd-multimedia.com\/#organization\",\"name\":\"hd-multimedia\",\"url\":\"https:\/\/hd-multimedia.com\/\",\"logo\":{\"@type\":\"ImageObject\",\"inLanguage\":\"sl-SI\",\"@id\":\"https:\/\/hd-multimedia.com\/#\/schema\/logo\/image\/\",\"url\":\"https:\/\/hd-multimedia.com\/hdm_media\/HD-curves-ok-196-56px-alpha-1.png\",\"contentUrl\":\"https:\/\/hd-multimedia.com\/hdm_media\/HD-curves-ok-196-56px-alpha-1.png\",\"width\":196,\"height\":53,\"caption\":\"hd-multimedia\"},\"image\":{\"@id\":\"https:\/\/hd-multimedia.com\/#\/schema\/logo\/image\/\"}}]}<\/script>\n<!-- \/ Yoast SEO plugin. -->","yoast_head_json":{"title":"privacy policy HR - hd-multimedia","robots":{"index":"index","follow":"follow","max-snippet":"max-snippet:-1","max-image-preview":"max-image-preview:large","max-video-preview":"max-video-preview:-1"},"canonical":"https:\/\/hd-multimedia.com\/sl\/privacy-policy-hr\/","og_locale":"sl_SI","og_type":"article","og_title":"privacy policy HR - hd-multimedia","og_description":"Privatnost osobnih podataka \u2013 hd-multimedia.com\u00a0\u00a0 Ova Pravila o privatnosti opisuju kako se va\u0161i osobni podaci prikupljaju, koriste i dijele kada posjetite ili kupite web trgovinu \u201chd-multimedia\u201d (\u201cWeb stranice\u201d) u vlasni\u0161tvu tvrtke HD-INFO d.o.o.. OSOBNE PODATKE KOJE PRIKUPLJAMO Kada posjetite web stranicu, automatski se prikupljaju odre\u0111eni podaci o va\u0161em ure\u0111aju, uklju\u010duju\u0107i informacije o va\u0161em web pregledniku, [&hellip;]","og_url":"https:\/\/hd-multimedia.com\/sl\/privacy-policy-hr\/","og_site_name":"hd-multimedia","twitter_card":"summary_large_image","twitter_misc":{"Est. reading time":"6 minut"},"schema":{"@context":"https:\/\/schema.org","@graph":[{"@type":"WebPage","@id":"https:\/\/hd-multimedia.com\/privacy-policy-hr\/","url":"https:\/\/hd-multimedia.com\/privacy-policy-hr\/","name":"privacy policy HR - hd-multimedia","isPartOf":{"@id":"https:\/\/hd-multimedia.com\/#website"},"datePublished":"2019-07-17T13:25:39+00:00","dateModified":"2019-07-17T13:25:39+00:00","breadcrumb":{"@id":"https:\/\/hd-multimedia.com\/privacy-policy-hr\/#breadcrumb"},"inLanguage":"sl-SI","potentialAction":[{"@type":"ReadAction","target":["https:\/\/hd-multimedia.com\/privacy-policy-hr\/"]}]},{"@type":"BreadcrumbList","@id":"https:\/\/hd-multimedia.com\/privacy-policy-hr\/#breadcrumb","itemListElement":[{"@type":"ListItem","position":1,"name":"Po\u010detna stranica","item":"https:\/\/hd-multimedia.com\/"},{"@type":"ListItem","position":2,"name":"privacy policy HR"}]},{"@type":"WebSite","@id":"https:\/\/hd-multimedia.com\/#website","url":"https:\/\/hd-multimedia.com\/","name":"hd-multimedia","description":"","publisher":{"@id":"https:\/\/hd-multimedia.com\/#organization"},"potentialAction":[{"@type":"SearchAction","target":{"@type":"EntryPoint","urlTemplate":"https:\/\/hd-multimedia.com\/?s={search_term_string}"},"query-input":"required name=search_term_string"}],"inLanguage":"sl-SI"},{"@type":"Organization","@id":"https:\/\/hd-multimedia.com\/#organization","name":"hd-multimedia","url":"https:\/\/hd-multimedia.com\/","logo":{"@type":"ImageObject","inLanguage":"sl-SI","@id":"https:\/\/hd-multimedia.com\/#\/schema\/logo\/image\/","url":"https:\/\/hd-multimedia.com\/hdm_media\/HD-curves-ok-196-56px-alpha-1.png","contentUrl":"https:\/\/hd-multimedia.com\/hdm_media\/HD-curves-ok-196-56px-alpha-1.png","width":196,"height":53,"caption":"hd-multimedia"},"image":{"@id":"https:\/\/hd-multimedia.com\/#\/schema\/logo\/image\/"}}]}},"post_mailing_queue_ids":[],"_links":{"self":[{"href":"https:\/\/hd-multimedia.com\/sl\/wp-json\/wp\/v2\/pages\/15","targetHints":{"allow":["GET"]}}],"collection":[{"href":"https:\/\/hd-multimedia.com\/sl\/wp-json\/wp\/v2\/pages"}],"about":[{"href":"https:\/\/hd-multimedia.com\/sl\/wp-json\/wp\/v2\/types\/page"}],"author":[{"embeddable":true,"href":"https:\/\/hd-multimedia.com\/sl\/wp-json\/wp\/v2\/users\/1"}],"replies":[{"embeddable":true,"href":"https:\/\/hd-multimedia.com\/sl\/wp-json\/wp\/v2\/comments?post=15"}],"version-history":[{"count":3,"href":"https:\/\/hd-multimedia.com\/sl\/wp-json\/wp\/v2\/pages\/15\/revisions"}],"predecessor-version":[{"id":20,"href":"https:\/\/hd-multimedia.com\/sl\/wp-json\/wp\/v2\/pages\/15\/revisions\/20"}],"wp:attachment":[{"href":"https:\/\/hd-multimedia.com\/sl\/wp-json\/wp\/v2\/media?parent=15"}],"curies":[{"name":"wp","href":"https:\/\/api.w.org\/{rel}","templated":true}]}}