{"id":14990,"date":"2024-04-19T14:15:46","date_gmt":"2024-04-19T14:15:46","guid":{"rendered":"https:\/\/hd-multimedia.com\/?page_id=14990"},"modified":"2025-03-24T16:37:15","modified_gmt":"2025-03-24T16:37:15","slug":"demo-elektronika","status":"publish","type":"page","link":"https:\/\/hd-multimedia.com\/sl\/demo-elektronika\/","title":{"rendered":"demo elektronika"},"content":{"rendered":"<div data-elementor-type=\"wp-page\" data-elementor-id=\"14990\" class=\"elementor elementor-14990\" data-elementor-post-type=\"page\">\n\t\t\t\t\t\t<section class=\"elementor-section elementor-top-section elementor-element elementor-element-05f538c elementor-section-boxed elementor-section-height-default elementor-section-height-default\" data-id=\"05f538c\" data-element_type=\"section\">\n\t\t\t\t\t\t<div class=\"elementor-container elementor-column-gap-default\">\n\t\t\t\t\t<div class=\"elementor-column elementor-col-100 elementor-top-column elementor-element elementor-element-064a83f\" data-id=\"064a83f\" data-element_type=\"column\">\n\t\t\t<div class=\"elementor-widget-wrap elementor-element-populated\">\n\t\t\t\t\t\t<div class=\"elementor-element elementor-element-c6fa398 elementor-widget elementor-widget-heading\" data-id=\"c6fa398\" data-element_type=\"widget\" data-widget_type=\"heading.default\">\n\t\t\t\t<div class=\"elementor-widget-container\">\n\t\t\t\t\t<h2 class=\"elementor-heading-title elementor-size-default\">Ponudba elektronike <\/h2>\t\t\t\t<\/div>\n\t\t\t\t<\/div>\n\t\t\t\t\t<\/div>\n\t\t<\/div>\n\t\t\t\t\t<\/div>\n\t\t<\/section>\n\t\t\t\t<section class=\"elementor-section elementor-top-section elementor-element elementor-element-2ad3bef elementor-section-boxed elementor-section-height-default elementor-section-height-default\" data-id=\"2ad3bef\" data-element_type=\"section\">\n\t\t\t\t\t\t<div class=\"elementor-container elementor-column-gap-default\">\n\t\t\t\t\t<div class=\"elementor-column elementor-col-100 elementor-top-column elementor-element elementor-element-a8485f0\" data-id=\"a8485f0\" data-element_type=\"column\">\n\t\t\t<div class=\"elementor-widget-wrap elementor-element-populated\">\n\t\t\t\t\t\t<div class=\"elementor-element elementor-element-a1ce084 elementor-grid-3 elementor-grid-tablet-2 elementor-grid-mobile-1 elementor-posts--thumbnail-top elementor-card-shadow-yes elementor-posts__hover-gradient elementor-widget elementor-widget-posts\" data-id=\"a1ce084\" data-element_type=\"widget\" data-settings=\"{&quot;cards_masonry&quot;:&quot;yes&quot;,&quot;pagination_type&quot;:&quot;numbers_and_prev_next&quot;,&quot;cards_columns&quot;:&quot;3&quot;,&quot;cards_columns_tablet&quot;:&quot;2&quot;,&quot;cards_columns_mobile&quot;:&quot;1&quot;,&quot;cards_row_gap&quot;:{&quot;unit&quot;:&quot;px&quot;,&quot;size&quot;:35,&quot;sizes&quot;:[]},&quot;cards_row_gap_tablet&quot;:{&quot;unit&quot;:&quot;px&quot;,&quot;size&quot;:&quot;&quot;,&quot;sizes&quot;:[]},&quot;cards_row_gap_mobile&quot;:{&quot;unit&quot;:&quot;px&quot;,&quot;size&quot;:&quot;&quot;,&quot;sizes&quot;:[]}}\" data-widget_type=\"posts.cards\">\n\t\t\t\t<div class=\"elementor-widget-container\">\n\t\t\t\t\t\t\t<div class=\"elementor-posts-container elementor-posts elementor-posts--skin-cards elementor-grid\">\n\t\t\t\t<article class=\"elementor-post elementor-grid-item post-17820 post type-post status-publish format-standard has-post-thumbnail hentry category-sve category-uncategorized tag-demo-elektronika\">\n\t\t\t<div class=\"elementor-post__card\">\n\t\t\t\t<a class=\"elementor-post__thumbnail__link\" href=\"https:\/\/hd-multimedia.com\/sl\/electron-anima-integrated\/\" tabindex=\"-1\" target=\"_blank\"><div class=\"elementor-post__thumbnail\"><img fetchpriority=\"high\" decoding=\"async\" width=\"768\" height=\"576\" src=\"https:\/\/hd-multimedia.com\/hdm_media\/IMG_3946-768x576.jpeg\" class=\"attachment-medium_large size-medium_large wp-image-17775\" alt=\"\" srcset=\"https:\/\/hd-multimedia.com\/hdm_media\/IMG_3946-768x576.jpeg 768w, https:\/\/hd-multimedia.com\/hdm_media\/IMG_3946-300x225.jpeg 300w, https:\/\/hd-multimedia.com\/hdm_media\/IMG_3946-1024x768.jpeg 1024w, https:\/\/hd-multimedia.com\/hdm_media\/IMG_3946-1536x1152.jpeg 1536w, https:\/\/hd-multimedia.com\/hdm_media\/IMG_3946-600x450.jpeg 600w, https:\/\/hd-multimedia.com\/hdm_media\/IMG_3946.jpeg 2048w\" sizes=\"(max-width: 768px) 100vw, 768px\" \/><\/div><\/a>\n\t\t\t\t<div class=\"elementor-post__badge\">Vse<\/div>\n\t\t\t\t<div class=\"elementor-post__text\">\n\t\t\t\t<h3 class=\"elementor-post__title\">\n\t\t\t<a href=\"https:\/\/hd-multimedia.com\/sl\/electron-anima-integrated\/\" target=\"&quot;_blank&quot;\">\n\t\t\t\tElectron Audio \u2013 Integrirana Anima Tube\t\t\t<\/a>\n\t\t<\/h3>\n\t\t\t\t<div class=\"elementor-post__excerpt\">\n\t\t\t<p>Electron Audio \u2013 Anima Integrated SE Tube Amplifier 2x25W \u2013 \u00bbSE razli\u010dica ve\u010djega oja\u010devalnika KINESIS\u00ab: https:\/\/electron-audio.com\/en\/kinesis.html | Vhodi: 4x RCA | Izhodi 4 ohm + 8 ohm | 10\/10 \u2013 cena po povpra\u0161evanju |<\/p>\n\t\t<\/div>\n\t\t\t\t<\/div>\n\t\t\t\t\t<\/div>\n\t\t<\/article>\n\t\t\t\t<article class=\"elementor-post elementor-grid-item post-17815 post type-post status-publish format-standard has-post-thumbnail hentry category-stax tag-demo-elektronika\">\n\t\t\t<div class=\"elementor-post__card\">\n\t\t\t\t<a class=\"elementor-post__thumbnail__link\" href=\"https:\/\/hd-multimedia.com\/sl\/stax-srl700mk2-srm500t\/\" tabindex=\"-1\" target=\"_blank\"><div class=\"elementor-post__thumbnail\"><img decoding=\"async\" width=\"768\" height=\"1024\" src=\"https:\/\/hd-multimedia.com\/hdm_media\/IMG_3875-768x1024.jpeg\" class=\"attachment-medium_large size-medium_large wp-image-17800\" alt=\"\" srcset=\"https:\/\/hd-multimedia.com\/hdm_media\/IMG_3875-768x1024.jpeg 768w, https:\/\/hd-multimedia.com\/hdm_media\/IMG_3875-225x300.jpeg 225w, https:\/\/hd-multimedia.com\/hdm_media\/IMG_3875-1152x1536.jpeg 1152w, https:\/\/hd-multimedia.com\/hdm_media\/IMG_3875-300x400.jpeg 300w, https:\/\/hd-multimedia.com\/hdm_media\/IMG_3875-600x800.jpeg 600w, https:\/\/hd-multimedia.com\/hdm_media\/IMG_3875.jpeg 1536w\" sizes=\"(max-width: 768px) 100vw, 768px\" \/><\/div><\/a>\n\t\t\t\t<div class=\"elementor-post__badge\">Stax<\/div>\n\t\t\t\t<div class=\"elementor-post__text\">\n\t\t\t\t<h3 class=\"elementor-post__title\">\n\t\t\t<a href=\"https:\/\/hd-multimedia.com\/sl\/stax-srl700mk2-srm500t\/\" target=\"&quot;_blank&quot;\">\n\t\t\t\tSTAX SR-L700mk2+SRM500T\t\t\t<\/a>\n\t\t<\/h3>\n\t\t\t\t<div class=\"elementor-post__excerpt\">\n\t\t\t<p>STAX SR-L700mk2 elektrostati\u010dne slu\u0161alke in ustrezni cevni oja\u010devalnik SRM500T | Vhodi: 1xRCA, 1xXLR | | Pass LL: 1x RCA | stanje 9\/10 | \u2013 Cena kompleta nov: 5.500. Cena za ta izvod: 2.799 EUR.<\/p>\n\t\t<\/div>\n\t\t\t\t<\/div>\n\t\t\t\t\t<\/div>\n\t\t<\/article>\n\t\t\t\t<article class=\"elementor-post elementor-grid-item post-17807 post type-post status-publish format-standard has-post-thumbnail hentry category-stax tag-demo-elektronika\">\n\t\t\t<div class=\"elementor-post__card\">\n\t\t\t\t<a class=\"elementor-post__thumbnail__link\" href=\"https:\/\/hd-multimedia.com\/sl\/stax-sr007mk2-srm500t\/\" tabindex=\"-1\" target=\"_blank\"><div class=\"elementor-post__thumbnail\"><img decoding=\"async\" width=\"768\" height=\"1024\" src=\"https:\/\/hd-multimedia.com\/hdm_media\/IMG_3862-768x1024.jpeg\" class=\"attachment-medium_large size-medium_large wp-image-17777\" alt=\"\" srcset=\"https:\/\/hd-multimedia.com\/hdm_media\/IMG_3862-768x1024.jpeg 768w, https:\/\/hd-multimedia.com\/hdm_media\/IMG_3862-225x300.jpeg 225w, https:\/\/hd-multimedia.com\/hdm_media\/IMG_3862-1152x1536.jpeg 1152w, https:\/\/hd-multimedia.com\/hdm_media\/IMG_3862-300x400.jpeg 300w, https:\/\/hd-multimedia.com\/hdm_media\/IMG_3862-600x800.jpeg 600w, https:\/\/hd-multimedia.com\/hdm_media\/IMG_3862.jpeg 1536w\" sizes=\"(max-width: 768px) 100vw, 768px\" \/><\/div><\/a>\n\t\t\t\t<div class=\"elementor-post__badge\">Stax<\/div>\n\t\t\t\t<div class=\"elementor-post__text\">\n\t\t\t\t<h3 class=\"elementor-post__title\">\n\t\t\t<a href=\"https:\/\/hd-multimedia.com\/sl\/stax-sr007mk2-srm500t\/\" target=\"&quot;_blank&quot;\">\n\t\t\t\tSTAX SR007mk2+SRM500T\t\t\t<\/a>\n\t\t<\/h3>\n\t\t\t\t<div class=\"elementor-post__excerpt\">\n\t\t\t<p>STAX SR007mk2 elektrostati\u010dne slu\u0161alke in ustrezni cevni oja\u010devalnik SRM500T | Vhodi: 1xRCA, 1xXLR | | Pass LL: 1x RCA | stanje 10\/10 | \u2013 Cena kompleta nov: 6.500. Cena za ta izvod: 3.499 EUR.<\/p>\n\t\t<\/div>\n\t\t\t\t<\/div>\n\t\t\t\t\t<\/div>\n\t\t<\/article>\n\t\t\t\t<\/div>\n\t\t\n\t\t\t\t<div class=\"e-load-more-anchor\" data-page=\"1\" data-max-page=\"5\" data-next-page=\"https:\/\/hd-multimedia.com\/sl\/wp-json\/wp\/v2\/pages\/14990\/page\/2\/\"><\/div>\n\t\t\t\t<nav class=\"elementor-pagination\" aria-label=\"O\u0161tevil\u010denje strani\">\n\t\t\t<span class=\"page-numbers prev\">\u00ab Nazaj<\/span>\n<span aria-current=\"page\" class=\"page-numbers current\"><span class=\"elementor-screen-only\">Stran<\/span>1<\/span>\n<a class=\"page-numbers\" href=\"https:\/\/hd-multimedia.com\/sl\/wp-json\/wp\/v2\/pages\/14990\/page\/2\/\"><span class=\"elementor-screen-only\">Stran<\/span>2<\/a>\n<a class=\"page-numbers\" href=\"https:\/\/hd-multimedia.com\/sl\/wp-json\/wp\/v2\/pages\/14990\/page\/3\/\"><span class=\"elementor-screen-only\">Stran<\/span>3<\/a>\n<a class=\"page-numbers\" href=\"https:\/\/hd-multimedia.com\/sl\/wp-json\/wp\/v2\/pages\/14990\/page\/4\/\"><span class=\"elementor-screen-only\">Stran<\/span>4<\/a>\n<a class=\"page-numbers\" href=\"https:\/\/hd-multimedia.com\/sl\/wp-json\/wp\/v2\/pages\/14990\/page\/5\/\"><span class=\"elementor-screen-only\">Stran<\/span>5<\/a>\n<a class=\"page-numbers next\" href=\"https:\/\/hd-multimedia.com\/sl\/wp-json\/wp\/v2\/pages\/14990\/page\/2\/\">Naprej \u00bb<\/a>\t\t<\/nav>\n\t\t\t\t\t\t<\/div>\n\t\t\t\t<\/div>\n\t\t\t\t\t<\/div>\n\t\t<\/div>\n\t\t\t\t\t<\/div>\n\t\t<\/section>\n\t\t\t\t<section class=\"elementor-section elementor-top-section elementor-element elementor-element-0b0b7af elementor-section-boxed elementor-section-height-default elementor-section-height-default\" data-id=\"0b0b7af\" data-element_type=\"section\">\n\t\t\t\t\t\t<div class=\"elementor-container elementor-column-gap-default\">\n\t\t\t\t\t<div class=\"elementor-column elementor-col-100 elementor-top-column elementor-element elementor-element-6881723\" data-id=\"6881723\" data-element_type=\"column\">\n\t\t\t<div class=\"elementor-widget-wrap elementor-element-populated\">\n\t\t\t\t\t\t<div class=\"elementor-element elementor-element-17b43ee elementor-widget-divider--view-line elementor-widget elementor-widget-divider\" data-id=\"17b43ee\" data-element_type=\"widget\" data-widget_type=\"divider.default\">\n\t\t\t\t<div class=\"elementor-widget-container\">\n\t\t\t\t\t\t\t<div class=\"elementor-divider\">\n\t\t\t<span class=\"elementor-divider-separator\">\n\t\t\t\t\t\t<\/span>\n\t\t<\/div>\n\t\t\t\t\t\t<\/div>\n\t\t\t\t<\/div>\n\t\t\t\t\t<\/div>\n\t\t<\/div>\n\t\t\t\t\t<\/div>\n\t\t<\/section>\n\t\t\t\t<section class=\"elementor-section elementor-top-section elementor-element elementor-element-96a823d elementor-section-boxed elementor-section-height-default elementor-section-height-default\" data-id=\"96a823d\" data-element_type=\"section\">\n\t\t\t\t\t\t<div class=\"elementor-container elementor-column-gap-default\">\n\t\t\t\t\t<div class=\"elementor-column elementor-col-100 elementor-top-column elementor-element elementor-element-df27aab\" data-id=\"df27aab\" data-element_type=\"column\">\n\t\t\t<div class=\"elementor-widget-wrap elementor-element-populated\">\n\t\t\t\t\t\t<div class=\"elementor-element elementor-element-1ea818a elementor-widget-divider--view-line elementor-widget elementor-widget-divider\" data-id=\"1ea818a\" data-element_type=\"widget\" data-widget_type=\"divider.default\">\n\t\t\t\t<div class=\"elementor-widget-container\">\n\t\t\t\t\t\t\t<div class=\"elementor-divider\">\n\t\t\t<span class=\"elementor-divider-separator\">\n\t\t\t\t\t\t<\/span>\n\t\t<\/div>\n\t\t\t\t\t\t<\/div>\n\t\t\t\t<\/div>\n\t\t\t\t\t<\/div>\n\t\t<\/div>\n\t\t\t\t\t<\/div>\n\t\t<\/section>\n\t\t\t\t<\/div>","protected":false},"excerpt":{"rendered":"<p>Ponudba elektronike<\/p>","protected":false},"author":1,"featured_media":0,"parent":0,"menu_order":0,"comment_status":"closed","ping_status":"closed","template":"","meta":{"site-sidebar-layout":"no-sidebar","site-content-layout":"page-builder","ast-site-content-layout":"full-width-container","site-content-style":"unboxed","site-sidebar-style":"unboxed","ast-global-header-display":"","ast-banner-title-visibility":"","ast-main-header-display":"","ast-hfb-above-header-display":"","ast-hfb-below-header-display":"","ast-hfb-mobile-header-display":"","site-post-title":"disabled","ast-breadcrumbs-content":"","ast-featured-img":"disabled","footer-sml-layout":"","theme-transparent-header-meta":"default","adv-header-id-meta":"","stick-header-meta":"default","header-above-stick-meta":"","header-main-stick-meta":"","header-below-stick-meta":"","astra-migrate-meta-layouts":"set","ast-page-background-enabled":"default","ast-page-background-meta":{"desktop":{"background-color":"","background-image":"","background-repeat":"repeat","background-position":"center center","background-size":"auto","background-attachment":"scroll","background-type":"","background-media":"","overlay-type":"","overlay-color":"","overlay-opacity":"","overlay-gradient":""},"tablet":{"background-color":"","background-image":"","background-repeat":"repeat","background-position":"center center","background-size":"auto","background-attachment":"scroll","background-type":"","background-media":"","overlay-type":"","overlay-color":"","overlay-opacity":"","overlay-gradient":""},"mobile":{"background-color":"","background-image":"","background-repeat":"repeat","background-position":"center center","background-size":"auto","background-attachment":"scroll","background-type":"","background-media":"","overlay-type":"","overlay-color":"","overlay-opacity":"","overlay-gradient":""}},"ast-content-background-meta":{"desktop":{"background-color":"var(--ast-global-color-5)","background-image":"","background-repeat":"repeat","background-position":"center center","background-size":"auto","background-attachment":"scroll","background-type":"","background-media":"","overlay-type":"","overlay-color":"","overlay-opacity":"","overlay-gradient":""},"tablet":{"background-color":"var(--ast-global-color-5)","background-image":"","background-repeat":"repeat","background-position":"center center","background-size":"auto","background-attachment":"scroll","background-type":"","background-media":"","overlay-type":"","overlay-color":"","overlay-opacity":"","overlay-gradient":""},"mobile":{"background-color":"var(--ast-global-color-5)","background-image":"","background-repeat":"repeat","background-position":"center center","background-size":"auto","background-attachment":"scroll","background-type":"","background-media":"","overlay-type":"","overlay-color":"","overlay-opacity":"","overlay-gradient":""}},"footnotes":""},"class_list":["post-14990","page","type-page","status-publish","hentry"],"yoast_head":"<!-- This site is optimized with the Yoast SEO plugin v21.4 - https:\/\/yoast.com\/wordpress\/plugins\/seo\/ -->\n<title>demo-elektronika - hd-multimedia<\/title>\n<meta name=\"description\" content=\"pregled elektronike dostupne u izlo\u017eebnom prostoru hd-multimedia.com\" \/>\n<meta name=\"robots\" content=\"index, follow, max-snippet:-1, max-image-preview:large, max-video-preview:-1\" \/>\n<link rel=\"canonical\" href=\"https:\/\/hd-multimedia.com\/sl\/demo-elektronika\/\" \/>\n<meta property=\"og:locale\" content=\"sl_SI\" \/>\n<meta property=\"og:type\" content=\"article\" \/>\n<meta property=\"og:title\" content=\"demo-elektronika - hd-multimedia\" \/>\n<meta property=\"og:description\" content=\"pregled elektronike dostupne u izlo\u017eebnom prostoru hd-multimedia.com\" \/>\n<meta property=\"og:url\" content=\"https:\/\/hd-multimedia.com\/sl\/demo-elektronika\/\" \/>\n<meta property=\"og:site_name\" content=\"hd-multimedia\" \/>\n<meta property=\"article:modified_time\" content=\"2025-03-24T16:37:15+00:00\" \/>\n<meta name=\"twitter:card\" content=\"summary_large_image\" \/>\n<meta name=\"twitter:label1\" content=\"Est. reading time\" \/>\n\t<meta name=\"twitter:data1\" content=\"2 minuti\" \/>\n<script type=\"application\/ld+json\" class=\"yoast-schema-graph\">{\"@context\":\"https:\/\/schema.org\",\"@graph\":[{\"@type\":\"WebPage\",\"@id\":\"https:\/\/hd-multimedia.com\/demo-elektronika\/\",\"url\":\"https:\/\/hd-multimedia.com\/demo-elektronika\/\",\"name\":\"demo-elektronika - hd-multimedia\",\"isPartOf\":{\"@id\":\"https:\/\/hd-multimedia.com\/#website\"},\"datePublished\":\"2024-04-19T14:15:46+00:00\",\"dateModified\":\"2025-03-24T16:37:15+00:00\",\"description\":\"pregled elektronike dostupne u izlo\u017eebnom prostoru hd-multimedia.com\",\"breadcrumb\":{\"@id\":\"https:\/\/hd-multimedia.com\/demo-elektronika\/#breadcrumb\"},\"inLanguage\":\"sl-SI\",\"potentialAction\":[{\"@type\":\"ReadAction\",\"target\":[\"https:\/\/hd-multimedia.com\/demo-elektronika\/\"]}]},{\"@type\":\"BreadcrumbList\",\"@id\":\"https:\/\/hd-multimedia.com\/demo-elektronika\/#breadcrumb\",\"itemListElement\":[{\"@type\":\"ListItem\",\"position\":1,\"name\":\"Po\u010detna stranica\",\"item\":\"https:\/\/hd-multimedia.com\/\"},{\"@type\":\"ListItem\",\"position\":2,\"name\":\"demo-elektronika\"}]},{\"@type\":\"WebSite\",\"@id\":\"https:\/\/hd-multimedia.com\/#website\",\"url\":\"https:\/\/hd-multimedia.com\/\",\"name\":\"hd-multimedia\",\"description\":\"\",\"publisher\":{\"@id\":\"https:\/\/hd-multimedia.com\/#organization\"},\"potentialAction\":[{\"@type\":\"SearchAction\",\"target\":{\"@type\":\"EntryPoint\",\"urlTemplate\":\"https:\/\/hd-multimedia.com\/?s={search_term_string}\"},\"query-input\":\"required name=search_term_string\"}],\"inLanguage\":\"sl-SI\"},{\"@type\":\"Organization\",\"@id\":\"https:\/\/hd-multimedia.com\/#organization\",\"name\":\"hd-multimedia\",\"url\":\"https:\/\/hd-multimedia.com\/\",\"logo\":{\"@type\":\"ImageObject\",\"inLanguage\":\"sl-SI\",\"@id\":\"https:\/\/hd-multimedia.com\/#\/schema\/logo\/image\/\",\"url\":\"https:\/\/hd-multimedia.com\/hdm_media\/HD-curves-ok-196-56px-alpha-1.png\",\"contentUrl\":\"https:\/\/hd-multimedia.com\/hdm_media\/HD-curves-ok-196-56px-alpha-1.png\",\"width\":196,\"height\":53,\"caption\":\"hd-multimedia\"},\"image\":{\"@id\":\"https:\/\/hd-multimedia.com\/#\/schema\/logo\/image\/\"}}]}<\/script>\n<!-- \/ Yoast SEO plugin. -->","yoast_head_json":{"title":"demo-elektronika - hd-multimedia","description":"pregled elektronike dostupne u izlo\u017eebnom prostoru hd-multimedia.com","robots":{"index":"index","follow":"follow","max-snippet":"max-snippet:-1","max-image-preview":"max-image-preview:large","max-video-preview":"max-video-preview:-1"},"canonical":"https:\/\/hd-multimedia.com\/sl\/demo-elektronika\/","og_locale":"sl_SI","og_type":"article","og_title":"demo-elektronika - hd-multimedia","og_description":"pregled elektronike dostupne u izlo\u017eebnom prostoru hd-multimedia.com","og_url":"https:\/\/hd-multimedia.com\/sl\/demo-elektronika\/","og_site_name":"hd-multimedia","article_modified_time":"2025-03-24T16:37:15+00:00","twitter_card":"summary_large_image","twitter_misc":{"Est. reading time":"2 minuti"},"schema":{"@context":"https:\/\/schema.org","@graph":[{"@type":"WebPage","@id":"https:\/\/hd-multimedia.com\/demo-elektronika\/","url":"https:\/\/hd-multimedia.com\/demo-elektronika\/","name":"demo-elektronika - hd-multimedia","isPartOf":{"@id":"https:\/\/hd-multimedia.com\/#website"},"datePublished":"2024-04-19T14:15:46+00:00","dateModified":"2025-03-24T16:37:15+00:00","description":"pregled elektronike dostupne u izlo\u017eebnom prostoru hd-multimedia.com","breadcrumb":{"@id":"https:\/\/hd-multimedia.com\/demo-elektronika\/#breadcrumb"},"inLanguage":"sl-SI","potentialAction":[{"@type":"ReadAction","target":["https:\/\/hd-multimedia.com\/demo-elektronika\/"]}]},{"@type":"BreadcrumbList","@id":"https:\/\/hd-multimedia.com\/demo-elektronika\/#breadcrumb","itemListElement":[{"@type":"ListItem","position":1,"name":"Po\u010detna stranica","item":"https:\/\/hd-multimedia.com\/"},{"@type":"ListItem","position":2,"name":"demo-elektronika"}]},{"@type":"WebSite","@id":"https:\/\/hd-multimedia.com\/#website","url":"https:\/\/hd-multimedia.com\/","name":"hd-multimedia","description":"","publisher":{"@id":"https:\/\/hd-multimedia.com\/#organization"},"potentialAction":[{"@type":"SearchAction","target":{"@type":"EntryPoint","urlTemplate":"https:\/\/hd-multimedia.com\/?s={search_term_string}"},"query-input":"required name=search_term_string"}],"inLanguage":"sl-SI"},{"@type":"Organization","@id":"https:\/\/hd-multimedia.com\/#organization","name":"hd-multimedia","url":"https:\/\/hd-multimedia.com\/","logo":{"@type":"ImageObject","inLanguage":"sl-SI","@id":"https:\/\/hd-multimedia.com\/#\/schema\/logo\/image\/","url":"https:\/\/hd-multimedia.com\/hdm_media\/HD-curves-ok-196-56px-alpha-1.png","contentUrl":"https:\/\/hd-multimedia.com\/hdm_media\/HD-curves-ok-196-56px-alpha-1.png","width":196,"height":53,"caption":"hd-multimedia"},"image":{"@id":"https:\/\/hd-multimedia.com\/#\/schema\/logo\/image\/"}}]}},"post_mailing_queue_ids":[],"_links":{"self":[{"href":"https:\/\/hd-multimedia.com\/sl\/wp-json\/wp\/v2\/pages\/14990","targetHints":{"allow":["GET"]}}],"collection":[{"href":"https:\/\/hd-multimedia.com\/sl\/wp-json\/wp\/v2\/pages"}],"about":[{"href":"https:\/\/hd-multimedia.com\/sl\/wp-json\/wp\/v2\/types\/page"}],"author":[{"embeddable":true,"href":"https:\/\/hd-multimedia.com\/sl\/wp-json\/wp\/v2\/users\/1"}],"replies":[{"embeddable":true,"href":"https:\/\/hd-multimedia.com\/sl\/wp-json\/wp\/v2\/comments?post=14990"}],"version-history":[{"count":16,"href":"https:\/\/hd-multimedia.com\/sl\/wp-json\/wp\/v2\/pages\/14990\/revisions"}],"predecessor-version":[{"id":18060,"href":"https:\/\/hd-multimedia.com\/sl\/wp-json\/wp\/v2\/pages\/14990\/revisions\/18060"}],"wp:attachment":[{"href":"https:\/\/hd-multimedia.com\/sl\/wp-json\/wp\/v2\/media?parent=14990"}],"curies":[{"name":"wp","href":"https:\/\/api.w.org\/{rel}","templated":true}]}}