{"id":14223,"date":"2024-01-29T15:48:03","date_gmt":"2024-01-29T15:48:03","guid":{"rendered":"https:\/\/hd-multimedia.com\/?page_id=14223"},"modified":"2024-02-14T10:32:57","modified_gmt":"2024-02-14T10:32:57","slug":"lavardin-2","status":"publish","type":"page","link":"https:\/\/hd-multimedia.com\/sl\/lavardin-2\/","title":{"rendered":"Lavardin"},"content":{"rendered":"<div data-elementor-type=\"wp-page\" data-elementor-id=\"14223\" class=\"elementor elementor-14223\" data-elementor-post-type=\"page\">\n\t\t\t\t<div class=\"elementor-element elementor-element-9c5b069 e-flex e-con-boxed e-con e-parent\" data-id=\"9c5b069\" data-element_type=\"container\">\n\t\t\t\t\t<div class=\"e-con-inner\">\n\t\t\t\t<div class=\"elementor-element elementor-element-7d2f263 elementor--h-position-center elementor--v-position-middle elementor-arrows-position-inside elementor-pagination-position-inside elementor-widget elementor-widget-slides\" data-id=\"7d2f263\" data-element_type=\"widget\" data-settings=\"{&quot;navigation&quot;:&quot;both&quot;,&quot;autoplay&quot;:&quot;yes&quot;,&quot;pause_on_hover&quot;:&quot;yes&quot;,&quot;pause_on_interaction&quot;:&quot;yes&quot;,&quot;autoplay_speed&quot;:5000,&quot;infinite&quot;:&quot;yes&quot;,&quot;transition&quot;:&quot;slide&quot;,&quot;transition_speed&quot;:500}\" data-widget_type=\"slides.default\">\n\t\t\t\t<div class=\"elementor-widget-container\">\n\t\t\t\t\t\t\t\t\t<div class=\"elementor-swiper\">\n\t\t\t\t\t<div class=\"elementor-slides-wrapper elementor-main-swiper swiper\" role=\"region\" aria-roledescription=\"carousel\" aria-label=\"Slajdovi\" dir=\"ltr\" data-animation=\"fadeInUp\">\n\t\t\t\t<div class=\"swiper-wrapper elementor-slides\">\n\t\t\t\t\t\t\t\t\t\t<div class=\"elementor-repeater-item-f8c962c swiper-slide\" role=\"group\" aria-roledescription=\"slide\"><div class=\"swiper-slide-bg\" role=\"img\"><\/div><div class=\"swiper-slide-inner\" ><div class=\"swiper-slide-contents\"><\/div><\/div><\/div><div class=\"elementor-repeater-item-81813c1 swiper-slide\" role=\"group\" aria-roledescription=\"slide\"><div class=\"swiper-slide-bg\" role=\"img\"><\/div><div class=\"swiper-slide-inner\" ><div class=\"swiper-slide-contents\"><\/div><\/div><\/div><div class=\"elementor-repeater-item-cba2b21 swiper-slide\" role=\"group\" aria-roledescription=\"slide\"><div class=\"swiper-slide-bg\" role=\"img\"><\/div><div class=\"swiper-slide-inner\" ><div class=\"swiper-slide-contents\"><\/div><\/div><\/div><div class=\"elementor-repeater-item-dc7a38e swiper-slide\" role=\"group\" aria-roledescription=\"slide\"><div class=\"swiper-slide-bg\" role=\"img\"><\/div><div class=\"swiper-slide-inner\" ><div class=\"swiper-slide-contents\"><\/div><\/div><\/div>\t\t\t\t<\/div>\n\t\t\t\t\t\t\t\t\t\t\t\t\t\t\t<div class=\"elementor-swiper-button elementor-swiper-button-prev\" role=\"button\" tabindex=\"0\" aria-label=\"Prethodni slajd\">\n\t\t\t\t\t\t\t<i aria-hidden=\"true\" class=\"eicon-chevron-left\"><\/i>\t\t\t\t\t\t<\/div>\n\t\t\t\t\t\t<div class=\"elementor-swiper-button elementor-swiper-button-next\" role=\"button\" tabindex=\"0\" aria-label=\"Sljede\u0107i slajd\">\n\t\t\t\t\t\t\t<i aria-hidden=\"true\" class=\"eicon-chevron-right\"><\/i>\t\t\t\t\t\t<\/div>\n\t\t\t\t\t\t\t\t\t\t\t\t\t\t\t\t<div class=\"swiper-pagination\"><\/div>\n\t\t\t\t\t\t\t\t\t\t\t\t<\/div>\n\t\t\t\t<\/div>\n\t\t\t\t\t\t\t\t<\/div>\n\t\t\t\t<\/div>\n\t\t\t\t\t<\/div>\n\t\t\t\t<\/div>\n\t\t<div class=\"elementor-element elementor-element-41f8416 e-flex e-con-boxed e-con e-parent\" data-id=\"41f8416\" data-element_type=\"container\">\n\t\t\t\t\t<div class=\"e-con-inner\">\n\t\t<div class=\"elementor-element elementor-element-22286eb e-con-full e-flex e-con e-child\" data-id=\"22286eb\" data-element_type=\"container\">\n\t\t\t\t<div class=\"elementor-element elementor-element-86acff5 elementor-widget elementor-widget-image\" data-id=\"86acff5\" data-element_type=\"widget\" data-widget_type=\"image.default\">\n\t\t\t\t<div class=\"elementor-widget-container\">\n\t\t\t\t\t\t\t\t\t\t\t\t\t\t\t<img decoding=\"async\" width=\"150\" height=\"150\" src=\"https:\/\/hd-multimedia.com\/hdm_media\/lavardin-150x150.png\" class=\"attachment-thumbnail size-thumbnail wp-image-1200\" alt=\"\" srcset=\"https:\/\/hd-multimedia.com\/hdm_media\/lavardin-150x150.png 150w, https:\/\/hd-multimedia.com\/hdm_media\/lavardin-300x300.png 300w, https:\/\/hd-multimedia.com\/hdm_media\/lavardin.png 600w, https:\/\/hd-multimedia.com\/hdm_media\/lavardin-100x100.png 100w\" sizes=\"(max-width: 150px) 100vw, 150px\" \/>\t\t\t\t\t\t\t\t\t\t\t\t\t\t\t<\/div>\n\t\t\t\t<\/div>\n\t\t\t\t<\/div>\n\t\t<div class=\"elementor-element elementor-element-02f604c e-con-full e-flex e-con e-child\" data-id=\"02f604c\" data-element_type=\"container\">\n\t\t\t\t<div class=\"elementor-element elementor-element-7941b74 elementor-widget elementor-widget-text-editor\" data-id=\"7941b74\" data-element_type=\"widget\" data-widget_type=\"text-editor.default\">\n\t\t\t\t<div class=\"elementor-widget-container\">\n\t\t\t\t\t\t\t\t\t<p>Lavardin Technologies ustvarja vrhunske avdio oja\u010devalnike z uporabo revolucionarne zasnove, ki znatno zmanj\u0161a popa\u010denje, ki ga povzro\u010da spominski u\u010dinek v polprevodnikih. \u00a0<\/p><p>Spominski u\u010dinek je opazoval in opisal Lavardinov konstruktor Gerard Perrot, ki ga je opisal takole: \u00bbTok elektronov v trdnem telesu, \u0161e posebej v polprevodni\u0161kih elementih, ustvarja nova stanja v polprevodniku, ki dodatno ustvarjajo spominski u\u010dinek in povzro\u010dajo spremembe v bodo\u010dem toku elektronov ali toka.\u00ab<\/p><p>Raziskovanje spominskega u\u010dinka je spodbudilo vpra\u0161anje: zakaj cevni oja\u010devalniki (z vakuumskimi elektronkami) zvenijo druga\u010de kot tranzistorski oja\u010devalniki? Ugotovljeno je bilo, da elektroni v vakuumskih elektronkah potujejo skozi vakuum, medtem ko v tranzistorskem oja\u010devalniku elektroni potujejo skozi trdno snov, kar nakazuje, da je spominski u\u010dinek pomembnej\u0161i v trdni snovi kot v vakuumu. Nadaljnje raziskave so pokazale, da dobro zasnovani elektronski oja\u010devalci zmanj\u0161ajo spominski u\u010dinek za pribli\u017eno 10-krat. Kon\u010dno je Gerard izdelal tranzistorska vezja, v katerih je zmanj\u0161al spominski u\u010dinek za ve\u010d kot 100-krat.<\/p><p>Rezultat teh inovacij so oja\u010devalniki Lavardin.\u00a0<\/p><p>Marsikdo, ki se je prvi\u010d sre\u010dal z oja\u010devalcem Lavardin, je lahko ugotovil naslednje: reprodukcija glasbe zveni naravno, jasno, hitro in gladko ter brez prizvokov &quot;mehanskega&quot; ali &quot;grobega&quot;.\u00a0\u00a0<\/p><p>Lavardin zagotovo ustvarja brez\u010dasno generacijo visokokakovostnih avdio naprav.\u00a0<\/p><p>Inovativnost, prava vrednost in ustvarjanje zaupanja so osnovne smernice Lavardin Technologies.<\/p>\t\t\t\t\t\t\t\t<\/div>\n\t\t\t\t<\/div>\n\t\t\t\t<\/div>\n\t\t<div class=\"elementor-element elementor-element-49bca4d e-con-full e-flex e-con e-child\" data-id=\"49bca4d\" data-element_type=\"container\">\n\t\t\t\t<div class=\"elementor-element elementor-element-def445e elementor-widget elementor-widget-text-editor\" data-id=\"def445e\" data-element_type=\"widget\" data-widget_type=\"text-editor.default\">\n\t\t\t\t<div class=\"elementor-widget-container\">\n\t\t\t\t\t\t\t\t\t<p style=\"text-align: center;\"><strong>Lavardin Technologies\u00a0<\/strong><\/p><p style=\"text-align: center;\"><strong><a href=\"https:\/\/hd-multimedia.com\/sl\/zastupstva\/\" target=\"_blank\" rel=\"noopener\">CENIK IZDELKOV<\/a><\/strong><\/p><p style=\"text-align: center;\"><strong><a href=\"https:\/\/www-lavardin-com.translate.goog\/lavardin-itE.html?_x_tr_sch=http&amp;_x_tr_sl=en&amp;_x_tr_tl=hr&amp;_x_tr_hl=hr&amp;_x_tr_pto=wapp\" target=\"_blank\" rel=\"noopener\">OCENE IZDELKOV<\/a><\/strong><\/p><p style=\"text-align: center;\"><a href=\"https:\/\/www-lavardin-com.translate.goog\/lavardin-gammeE.html?_x_tr_sch=http&amp;_x_tr_sl=en&amp;_x_tr_tl=hr&amp;_x_tr_hl=hr&amp;_x_tr_pto=wapp\" target=\"_blank\" rel=\"noopener\"><strong>OJA\u010cEVALCI<\/strong><\/a><\/p><p style=\"text-align: center;\"><strong><a href=\"https:\/\/www-lavardin-com.translate.goog\/lavardin-cableE.html?_x_tr_sch=http&amp;_x_tr_sl=en&amp;_x_tr_tl=hr&amp;_x_tr_hl=hr&amp;_x_tr_pto=wapp\" target=\"_blank\" rel=\"noopener\">DODATKI<\/a><\/strong><\/p><p style=\"text-align: center;\"><a href=\"https:\/\/www-lavardin-com.translate.goog\/lavardin-itE.html?_x_tr_sl=en&amp;_x_tr_tl=hr&amp;_x_tr_hl=hr&amp;_x_tr_pto=wapp&amp;_x_tr_sch=http\" target=\"_blank\" rel=\"noopener\"><strong>Ocene<\/strong><\/a><\/p><p style=\"text-align: center;\">Spletna trgovina<\/p>\t\t\t\t\t\t\t\t<\/div>\n\t\t\t\t<\/div>\n\t\t\t\t<\/div>\n\t\t\t\t\t<\/div>\n\t\t\t\t<\/div>\n\t\t<div class=\"elementor-element elementor-element-9a02e82 e-flex e-con-boxed e-con e-parent\" data-id=\"9a02e82\" data-element_type=\"container\">\n\t\t\t\t\t<div class=\"e-con-inner\">\n\t\t\t\t<div class=\"elementor-element elementor-element-4eb4580 elementor-widget-divider--view-line elementor-widget elementor-widget-divider\" data-id=\"4eb4580\" data-element_type=\"widget\" data-widget_type=\"divider.default\">\n\t\t\t\t<div class=\"elementor-widget-container\">\n\t\t\t\t\t\t\t<div class=\"elementor-divider\">\n\t\t\t<span class=\"elementor-divider-separator\">\n\t\t\t\t\t\t<\/span>\n\t\t<\/div>\n\t\t\t\t\t\t<\/div>\n\t\t\t\t<\/div>\n\t\t\t\t<div class=\"elementor-element elementor-element-ac53f7e elementor-widget elementor-widget-heading\" data-id=\"ac53f7e\" data-element_type=\"widget\" data-widget_type=\"heading.default\">\n\t\t\t\t<div class=\"elementor-widget-container\">\n\t\t\t\t\t<h2 class=\"elementor-heading-title elementor-size-default\">Do\u017eivite naprave Lavarda v na\u0161em RAZSTAVNEM PROSTORU!<\/h2>\t\t\t\t<\/div>\n\t\t\t\t<\/div>\n\t\t\t\t<div class=\"elementor-element elementor-element-3939180 elementor-widget elementor-widget-text-editor\" data-id=\"3939180\" data-element_type=\"widget\" data-widget_type=\"text-editor.default\">\n\t\t\t\t<div class=\"elementor-widget-container\">\n\t\t\t\t\t\t\t\t\t<h5 style=\"text-align: center;\">Ob delavnikih od 17. do 19. ure in ob sobotah od 10. do 13. ure - se lahko dogovorite za sre\u010danje in poslu\u0161anje ITx in ISx v na\u0161em prostoru:\u00a0<\/h5><div style=\"text-align: center;\"><strong>HD-multimedia \u2013 Trg JJ Strossmayera 5, HR-10000 Zagreb. telefon: +385 99 806 0160<\/strong><\/div>\t\t\t\t\t\t\t\t<\/div>\n\t\t\t\t<\/div>\n\t\t\t\t<div class=\"elementor-element elementor-element-0b4b6c6 elementor-align-center elementor-widget elementor-widget-button\" data-id=\"0b4b6c6\" data-element_type=\"widget\" data-widget_type=\"button.default\">\n\t\t\t\t<div class=\"elementor-widget-container\">\n\t\t\t\t\t\t\t\t\t<div class=\"elementor-button-wrapper\">\n\t\t\t\t\t<a class=\"elementor-button elementor-button-link elementor-size-sm\" href=\"https:\/\/hd-multimedia.com\/sl\/kontakt\/\">\n\t\t\t\t\t\t<span class=\"elementor-button-content-wrapper\">\n\t\t\t\t\t\t\t\t\t<span class=\"elementor-button-text\">dogovoriti sestanek<\/span>\n\t\t\t\t\t<\/span>\n\t\t\t\t\t<\/a>\n\t\t\t\t<\/div>\n\t\t\t\t\t\t\t\t<\/div>\n\t\t\t\t<\/div>\n\t\t\t\t\t<\/div>\n\t\t\t\t<\/div>\n\t\t\t\t<\/div>","protected":false},"excerpt":{"rendered":"<p>Previous slide Next slide Lavardin Technologies stvara vrhunska audio poja\u010dala koriste\u0107i revolucionarni dizajn koji zna\u010dajno smanjuju izobli\u010denja nastala memorijskim efektom u poluvodi\u010du. Dani memorijski efekt uo\u010dio je i opisao Lavardinov konstruktor Gerard Perrot te ga je opisao na slijede\u0107i na\u010din: \u201eTok elektrona u \u010dvrstoj tvari posebno u poluvodi\u010dkim elementima, stvara nova stanja u poluvodi\u010du koja [&hellip;]<\/p>","protected":false},"author":1,"featured_media":1200,"parent":0,"menu_order":0,"comment_status":"closed","ping_status":"closed","template":"","meta":{"site-sidebar-layout":"no-sidebar","site-content-layout":"page-builder","ast-site-content-layout":"full-width-container","site-content-style":"unboxed","site-sidebar-style":"unboxed","ast-global-header-display":"","ast-banner-title-visibility":"","ast-main-header-display":"","ast-hfb-above-header-display":"","ast-hfb-below-header-display":"","ast-hfb-mobile-header-display":"","site-post-title":"disabled","ast-breadcrumbs-content":"","ast-featured-img":"disabled","footer-sml-layout":"","theme-transparent-header-meta":"default","adv-header-id-meta":"","stick-header-meta":"default","header-above-stick-meta":"","header-main-stick-meta":"","header-below-stick-meta":"","astra-migrate-meta-layouts":"set","ast-page-background-enabled":"default","ast-page-background-meta":{"desktop":{"background-color":"","background-image":"","background-repeat":"repeat","background-position":"center center","background-size":"auto","background-attachment":"scroll","background-type":"","background-media":"","overlay-type":"","overlay-color":"","overlay-opacity":"","overlay-gradient":""},"tablet":{"background-color":"","background-image":"","background-repeat":"repeat","background-position":"center center","background-size":"auto","background-attachment":"scroll","background-type":"","background-media":"","overlay-type":"","overlay-color":"","overlay-opacity":"","overlay-gradient":""},"mobile":{"background-color":"","background-image":"","background-repeat":"repeat","background-position":"center center","background-size":"auto","background-attachment":"scroll","background-type":"","background-media":"","overlay-type":"","overlay-color":"","overlay-opacity":"","overlay-gradient":""}},"ast-content-background-meta":{"desktop":{"background-color":"var(--ast-global-color-5)","background-image":"","background-repeat":"repeat","background-position":"center center","background-size":"auto","background-attachment":"scroll","background-type":"","background-media":"","overlay-type":"","overlay-color":"","overlay-opacity":"","overlay-gradient":""},"tablet":{"background-color":"var(--ast-global-color-5)","background-image":"","background-repeat":"repeat","background-position":"center center","background-size":"auto","background-attachment":"scroll","background-type":"","background-media":"","overlay-type":"","overlay-color":"","overlay-opacity":"","overlay-gradient":""},"mobile":{"background-color":"var(--ast-global-color-5)","background-image":"","background-repeat":"repeat","background-position":"center center","background-size":"auto","background-attachment":"scroll","background-type":"","background-media":"","overlay-type":"","overlay-color":"","overlay-opacity":"","overlay-gradient":""}},"footnotes":""},"class_list":["post-14223","page","type-page","status-publish","has-post-thumbnail","hentry"],"yoast_head":"<!-- This site is optimized with the Yoast SEO plugin v21.4 - https:\/\/yoast.com\/wordpress\/plugins\/seo\/ -->\n<title>Lavardin - hd-multimedia<\/title>\n<meta name=\"description\" content=\"Lavardin Technologies izra\u0111uju audio poja\u010dala bez premca vi\u0161e od 22 godine. Pioniri u konstrukcijama poja\u010dala bez memorjskog efekta...\" \/>\n<meta name=\"robots\" content=\"index, follow, max-snippet:-1, max-image-preview:large, max-video-preview:-1\" \/>\n<link rel=\"canonical\" href=\"https:\/\/hd-multimedia.com\/sl\/lavardin-2\/\" \/>\n<meta property=\"og:locale\" content=\"sl_SI\" \/>\n<meta property=\"og:type\" content=\"article\" \/>\n<meta property=\"og:title\" content=\"Lavardin - hd-multimedia\" \/>\n<meta property=\"og:description\" content=\"Lavardin Technologies izra\u0111uju audio poja\u010dala bez premca vi\u0161e od 22 godine. Pioniri u konstrukcijama poja\u010dala bez memorjskog efekta...\" \/>\n<meta property=\"og:url\" content=\"https:\/\/hd-multimedia.com\/sl\/lavardin-2\/\" \/>\n<meta property=\"og:site_name\" content=\"hd-multimedia\" \/>\n<meta property=\"article:modified_time\" content=\"2024-02-14T10:32:57+00:00\" \/>\n<meta property=\"og:image\" content=\"https:\/\/hd-multimedia.com\/hdm_media\/lavardin.png\" \/>\n\t<meta property=\"og:image:width\" content=\"600\" \/>\n\t<meta property=\"og:image:height\" content=\"600\" \/>\n\t<meta property=\"og:image:type\" content=\"image\/png\" \/>\n<meta name=\"twitter:card\" content=\"summary_large_image\" \/>\n<meta name=\"twitter:label1\" content=\"Est. reading time\" \/>\n\t<meta name=\"twitter:data1\" content=\"2 minuti\" \/>\n<script type=\"application\/ld+json\" class=\"yoast-schema-graph\">{\"@context\":\"https:\/\/schema.org\",\"@graph\":[{\"@type\":\"WebPage\",\"@id\":\"https:\/\/hd-multimedia.com\/lavardin-2\/\",\"url\":\"https:\/\/hd-multimedia.com\/lavardin-2\/\",\"name\":\"Lavardin - hd-multimedia\",\"isPartOf\":{\"@id\":\"https:\/\/hd-multimedia.com\/#website\"},\"datePublished\":\"2024-01-29T15:48:03+00:00\",\"dateModified\":\"2024-02-14T10:32:57+00:00\",\"description\":\"Lavardin Technologies izra\u0111uju audio poja\u010dala bez premca vi\u0161e od 22 godine. Pioniri u konstrukcijama poja\u010dala bez memorjskog efekta...\",\"breadcrumb\":{\"@id\":\"https:\/\/hd-multimedia.com\/lavardin-2\/#breadcrumb\"},\"inLanguage\":\"sl-SI\",\"potentialAction\":[{\"@type\":\"ReadAction\",\"target\":[\"https:\/\/hd-multimedia.com\/lavardin-2\/\"]}]},{\"@type\":\"BreadcrumbList\",\"@id\":\"https:\/\/hd-multimedia.com\/lavardin-2\/#breadcrumb\",\"itemListElement\":[{\"@type\":\"ListItem\",\"position\":1,\"name\":\"Po\u010detna stranica\",\"item\":\"https:\/\/hd-multimedia.com\/\"},{\"@type\":\"ListItem\",\"position\":2,\"name\":\"Lavardin\"}]},{\"@type\":\"WebSite\",\"@id\":\"https:\/\/hd-multimedia.com\/#website\",\"url\":\"https:\/\/hd-multimedia.com\/\",\"name\":\"hd-multimedia\",\"description\":\"\",\"publisher\":{\"@id\":\"https:\/\/hd-multimedia.com\/#organization\"},\"potentialAction\":[{\"@type\":\"SearchAction\",\"target\":{\"@type\":\"EntryPoint\",\"urlTemplate\":\"https:\/\/hd-multimedia.com\/?s={search_term_string}\"},\"query-input\":\"required name=search_term_string\"}],\"inLanguage\":\"sl-SI\"},{\"@type\":\"Organization\",\"@id\":\"https:\/\/hd-multimedia.com\/#organization\",\"name\":\"hd-multimedia\",\"url\":\"https:\/\/hd-multimedia.com\/\",\"logo\":{\"@type\":\"ImageObject\",\"inLanguage\":\"sl-SI\",\"@id\":\"https:\/\/hd-multimedia.com\/#\/schema\/logo\/image\/\",\"url\":\"https:\/\/hd-multimedia.com\/hdm_media\/HD-curves-ok-196-56px-alpha-1.png\",\"contentUrl\":\"https:\/\/hd-multimedia.com\/hdm_media\/HD-curves-ok-196-56px-alpha-1.png\",\"width\":196,\"height\":53,\"caption\":\"hd-multimedia\"},\"image\":{\"@id\":\"https:\/\/hd-multimedia.com\/#\/schema\/logo\/image\/\"}}]}<\/script>\n<!-- \/ Yoast SEO plugin. -->","yoast_head_json":{"title":"Lavardin - hd-multimedia","description":"Lavardin Technologies izra\u0111uju audio poja\u010dala bez premca vi\u0161e od 22 godine. Pioniri u konstrukcijama poja\u010dala bez memorjskog efekta...","robots":{"index":"index","follow":"follow","max-snippet":"max-snippet:-1","max-image-preview":"max-image-preview:large","max-video-preview":"max-video-preview:-1"},"canonical":"https:\/\/hd-multimedia.com\/sl\/lavardin-2\/","og_locale":"sl_SI","og_type":"article","og_title":"Lavardin - hd-multimedia","og_description":"Lavardin Technologies izra\u0111uju audio poja\u010dala bez premca vi\u0161e od 22 godine. Pioniri u konstrukcijama poja\u010dala bez memorjskog efekta...","og_url":"https:\/\/hd-multimedia.com\/sl\/lavardin-2\/","og_site_name":"hd-multimedia","article_modified_time":"2024-02-14T10:32:57+00:00","og_image":[{"width":600,"height":600,"url":"https:\/\/hd-multimedia.com\/hdm_media\/lavardin.png","type":"image\/png"}],"twitter_card":"summary_large_image","twitter_misc":{"Est. reading time":"2 minuti"},"schema":{"@context":"https:\/\/schema.org","@graph":[{"@type":"WebPage","@id":"https:\/\/hd-multimedia.com\/lavardin-2\/","url":"https:\/\/hd-multimedia.com\/lavardin-2\/","name":"Lavardin - hd-multimedia","isPartOf":{"@id":"https:\/\/hd-multimedia.com\/#website"},"datePublished":"2024-01-29T15:48:03+00:00","dateModified":"2024-02-14T10:32:57+00:00","description":"Lavardin Technologies izra\u0111uju audio poja\u010dala bez premca vi\u0161e od 22 godine. Pioniri u konstrukcijama poja\u010dala bez memorjskog efekta...","breadcrumb":{"@id":"https:\/\/hd-multimedia.com\/lavardin-2\/#breadcrumb"},"inLanguage":"sl-SI","potentialAction":[{"@type":"ReadAction","target":["https:\/\/hd-multimedia.com\/lavardin-2\/"]}]},{"@type":"BreadcrumbList","@id":"https:\/\/hd-multimedia.com\/lavardin-2\/#breadcrumb","itemListElement":[{"@type":"ListItem","position":1,"name":"Po\u010detna stranica","item":"https:\/\/hd-multimedia.com\/"},{"@type":"ListItem","position":2,"name":"Lavardin"}]},{"@type":"WebSite","@id":"https:\/\/hd-multimedia.com\/#website","url":"https:\/\/hd-multimedia.com\/","name":"hd-multimedia","description":"","publisher":{"@id":"https:\/\/hd-multimedia.com\/#organization"},"potentialAction":[{"@type":"SearchAction","target":{"@type":"EntryPoint","urlTemplate":"https:\/\/hd-multimedia.com\/?s={search_term_string}"},"query-input":"required name=search_term_string"}],"inLanguage":"sl-SI"},{"@type":"Organization","@id":"https:\/\/hd-multimedia.com\/#organization","name":"hd-multimedia","url":"https:\/\/hd-multimedia.com\/","logo":{"@type":"ImageObject","inLanguage":"sl-SI","@id":"https:\/\/hd-multimedia.com\/#\/schema\/logo\/image\/","url":"https:\/\/hd-multimedia.com\/hdm_media\/HD-curves-ok-196-56px-alpha-1.png","contentUrl":"https:\/\/hd-multimedia.com\/hdm_media\/HD-curves-ok-196-56px-alpha-1.png","width":196,"height":53,"caption":"hd-multimedia"},"image":{"@id":"https:\/\/hd-multimedia.com\/#\/schema\/logo\/image\/"}}]}},"post_mailing_queue_ids":[],"_links":{"self":[{"href":"https:\/\/hd-multimedia.com\/sl\/wp-json\/wp\/v2\/pages\/14223","targetHints":{"allow":["GET"]}}],"collection":[{"href":"https:\/\/hd-multimedia.com\/sl\/wp-json\/wp\/v2\/pages"}],"about":[{"href":"https:\/\/hd-multimedia.com\/sl\/wp-json\/wp\/v2\/types\/page"}],"author":[{"embeddable":true,"href":"https:\/\/hd-multimedia.com\/sl\/wp-json\/wp\/v2\/users\/1"}],"replies":[{"embeddable":true,"href":"https:\/\/hd-multimedia.com\/sl\/wp-json\/wp\/v2\/comments?post=14223"}],"version-history":[{"count":20,"href":"https:\/\/hd-multimedia.com\/sl\/wp-json\/wp\/v2\/pages\/14223\/revisions"}],"predecessor-version":[{"id":14436,"href":"https:\/\/hd-multimedia.com\/sl\/wp-json\/wp\/v2\/pages\/14223\/revisions\/14436"}],"wp:featuredmedia":[{"embeddable":true,"href":"https:\/\/hd-multimedia.com\/sl\/wp-json\/wp\/v2\/media\/1200"}],"wp:attachment":[{"href":"https:\/\/hd-multimedia.com\/sl\/wp-json\/wp\/v2\/media?parent=14223"}],"curies":[{"name":"wp","href":"https:\/\/api.w.org\/{rel}","templated":true}]}}