{"id":11450,"date":"2023-05-26T10:41:30","date_gmt":"2023-05-26T10:41:30","guid":{"rendered":"https:\/\/hd-multimedia.com\/?page_id=11450"},"modified":"2025-07-23T09:39:05","modified_gmt":"2025-07-23T09:39:05","slug":"magnepan-2","status":"publish","type":"page","link":"https:\/\/hd-multimedia.com\/sl\/magnepan-2\/","title":{"rendered":"Magnepan"},"content":{"rendered":"<div data-elementor-type=\"wp-page\" data-elementor-id=\"11450\" class=\"elementor elementor-11450\" data-elementor-post-type=\"page\">\n\t\t\t\t<div class=\"elementor-element elementor-element-9c5b069 e-flex e-con-boxed e-con e-parent\" data-id=\"9c5b069\" data-element_type=\"container\">\n\t\t\t\t\t<div class=\"e-con-inner\">\n\t\t\t\t<div class=\"elementor-element elementor-element-7d2f263 elementor--h-position-center elementor--v-position-middle elementor-arrows-position-inside elementor-pagination-position-inside elementor-widget elementor-widget-slides\" data-id=\"7d2f263\" data-element_type=\"widget\" data-settings=\"{&quot;navigation&quot;:&quot;both&quot;,&quot;autoplay&quot;:&quot;yes&quot;,&quot;pause_on_hover&quot;:&quot;yes&quot;,&quot;pause_on_interaction&quot;:&quot;yes&quot;,&quot;autoplay_speed&quot;:5000,&quot;infinite&quot;:&quot;yes&quot;,&quot;transition&quot;:&quot;slide&quot;,&quot;transition_speed&quot;:500}\" data-widget_type=\"slides.default\">\n\t\t\t\t<div class=\"elementor-widget-container\">\n\t\t\t\t\t\t\t\t\t<div class=\"elementor-swiper\">\n\t\t\t\t\t<div class=\"elementor-slides-wrapper elementor-main-swiper swiper\" role=\"region\" aria-roledescription=\"carousel\" aria-label=\"Diapozitivi\" dir=\"ltr\" data-animation=\"fadeInUp\">\n\t\t\t\t<div class=\"swiper-wrapper elementor-slides\">\n\t\t\t\t\t\t\t\t\t\t<div class=\"elementor-repeater-item-7c5c25c swiper-slide\" role=\"group\" aria-roledescription=\"slide\"><div class=\"swiper-slide-bg\" role=\"img\"><\/div><div class=\"swiper-slide-inner\" ><div class=\"swiper-slide-contents\"><\/div><\/div><\/div><div class=\"elementor-repeater-item-74839c2 swiper-slide\" role=\"group\" aria-roledescription=\"slide\"><div class=\"swiper-slide-bg\" role=\"img\"><\/div><div class=\"swiper-slide-inner\" ><div class=\"swiper-slide-contents\"><\/div><\/div><\/div><div class=\"elementor-repeater-item-419800d swiper-slide\" role=\"group\" aria-roledescription=\"slide\"><div class=\"swiper-slide-bg\" role=\"img\"><\/div><div class=\"swiper-slide-inner\" ><div class=\"swiper-slide-contents\"><\/div><\/div><\/div><div class=\"elementor-repeater-item-444c925 swiper-slide\" role=\"group\" aria-roledescription=\"slide\"><div class=\"swiper-slide-bg\" role=\"img\"><\/div><div class=\"swiper-slide-inner\" ><div class=\"swiper-slide-contents\"><\/div><\/div><\/div><div class=\"elementor-repeater-item-a23b3e8 swiper-slide\" role=\"group\" aria-roledescription=\"slide\"><div class=\"swiper-slide-bg\" role=\"img\"><\/div><div class=\"swiper-slide-inner\" ><div class=\"swiper-slide-contents\"><\/div><\/div><\/div>\t\t\t\t<\/div>\n\t\t\t\t\t\t\t\t\t\t\t\t\t\t\t<div class=\"elementor-swiper-button elementor-swiper-button-prev\" role=\"button\" tabindex=\"0\" aria-label=\"Previous slide\" data-no-translation-aria-label=\"\">\n\t\t\t\t\t\t\t<i aria-hidden=\"true\" class=\"eicon-chevron-left\"><\/i>\t\t\t\t\t\t<\/div>\n\t\t\t\t\t\t<div class=\"elementor-swiper-button elementor-swiper-button-next\" role=\"button\" tabindex=\"0\" aria-label=\"Next slide\" data-no-translation-aria-label=\"\">\n\t\t\t\t\t\t\t<i aria-hidden=\"true\" class=\"eicon-chevron-right\"><\/i>\t\t\t\t\t\t<\/div>\n\t\t\t\t\t\t\t\t\t\t\t\t\t\t\t\t<div class=\"swiper-pagination\"><\/div>\n\t\t\t\t\t\t\t\t\t\t\t\t<\/div>\n\t\t\t\t<\/div>\n\t\t\t\t\t\t\t\t<\/div>\n\t\t\t\t<\/div>\n\t\t\t\t\t<\/div>\n\t\t\t\t<\/div>\n\t\t<div class=\"elementor-element elementor-element-41f8416 e-flex e-con-boxed e-con e-parent\" data-id=\"41f8416\" data-element_type=\"container\">\n\t\t\t\t\t<div class=\"e-con-inner\">\n\t\t<div class=\"elementor-element elementor-element-22286eb e-con-full e-flex e-con e-child\" data-id=\"22286eb\" data-element_type=\"container\">\n\t\t\t\t<div class=\"elementor-element elementor-element-86acff5 elementor-widget elementor-widget-image\" data-id=\"86acff5\" data-element_type=\"widget\" data-widget_type=\"image.default\">\n\t\t\t\t<div class=\"elementor-widget-container\">\n\t\t\t\t\t\t\t\t\t\t\t\t\t\t\t<img decoding=\"async\" width=\"150\" height=\"150\" src=\"https:\/\/hd-multimedia.com\/hdm_media\/magnepan-150x150.png\" class=\"attachment-thumbnail size-thumbnail wp-image-1201\" alt=\"\" srcset=\"https:\/\/hd-multimedia.com\/hdm_media\/magnepan-150x150.png 150w, https:\/\/hd-multimedia.com\/hdm_media\/magnepan-300x300.png 300w, https:\/\/hd-multimedia.com\/hdm_media\/magnepan.png 600w, https:\/\/hd-multimedia.com\/hdm_media\/magnepan-100x100.png 100w\" sizes=\"(max-width: 150px) 100vw, 150px\" \/>\t\t\t\t\t\t\t\t\t\t\t\t\t\t\t<\/div>\n\t\t\t\t<\/div>\n\t\t\t\t<\/div>\n\t\t<div class=\"elementor-element elementor-element-02f604c e-con-full e-flex e-con e-child\" data-id=\"02f604c\" data-element_type=\"container\">\n\t\t\t\t<div class=\"elementor-element elementor-element-7941b74 elementor-widget elementor-widget-text-editor\" data-id=\"7941b74\" data-element_type=\"widget\" data-widget_type=\"text-editor.default\">\n\t\t\t\t<div class=\"elementor-widget-container\">\n\t\t\t\t\t\t\t\t\t<p>Magnepan \u017ee 47 let proizvaja inovativne stereo zvo\u010dnike svetovnega razreda.<\/p><p>Jim Winey, izumitelj zvo\u010dnika Magneplanar, je bil prvi, ki je imel elektrostati\u010dne zvo\u010dnike in je za\u010del eksperimentirati z oblikovanjem izbolj\u0161anega elektrostati\u010dnega zvo\u010dnika. Leta 1969 je Jim izumil Magneplanar, magnetni ekvivalent tankoslojne elektrostatike, in ustanovil Magnepan.<\/p><p>Podjetja in proizvodni obrati se nahajajo v White Bear Lakeu v Minnesoti, majhni skupnosti severno od pobratenih mest St. Paul in Minneapolis. Magnepanova trenutna tovarna, ki je prerasla svoje prvotne zmogljivosti, se razteza na ve\u010d kot 4600 kvadratnih metrih s poslovnimi in in\u017eenirskimi pisarnami.<\/p><p>Do danes je ve\u010d kot 200.000 parov zvo\u010dnikov Magneplanar na\u0161lo pot v domove ljubiteljev glasbe po vsem svetu. Magneplanarje izdelujejo izklju\u010dno v ZDA, s skoraj vsemi ameri\u0161kimi deli.<\/p><p>In s ponosom lahko re\u010demo - &quot;Made in America.&quot; Prodano na Kitajskem.\u201d<\/p><p>\u00a0<\/p>\t\t\t\t\t\t\t\t<\/div>\n\t\t\t\t<\/div>\n\t\t\t\t<\/div>\n\t\t<div class=\"elementor-element elementor-element-49bca4d e-con-full e-flex e-con e-child\" data-id=\"49bca4d\" data-element_type=\"container\">\n\t\t\t\t<div class=\"elementor-element elementor-element-def445e elementor-widget elementor-widget-text-editor\" data-id=\"def445e\" data-element_type=\"widget\" data-widget_type=\"text-editor.default\">\n\t\t\t\t<div class=\"elementor-widget-container\">\n\t\t\t\t\t\t\t\t\t<p style=\"text-align: center;\"><strong>magnepan \u2013 hd-multimedia.com<\/strong><\/p><p style=\"text-align: center;\"><strong><a href=\"https:\/\/hd-multimedia.com\/sl\/zastupstva\/\" target=\"_blank\" rel=\"noopener\">CENIK IZDELKOV<\/a><\/strong><\/p><p style=\"text-align: center;\"><a href=\"https:\/\/magnepan-com.translate.goog\/pages\/about-us?_x_tr_sl=en&amp;_x_tr_tl=hr&amp;_x_tr_hl=hr&amp;_x_tr_pto=wapp\" target=\"_blank\" rel=\"noopener\"><b>Ve\u010d o Magnepanu<\/b><\/a><\/p><p style=\"text-align: center;\"><a href=\"https:\/\/magnepan-com.translate.goog\/collections\/floor-standing?_x_tr_sl=en&amp;_x_tr_tl=hr&amp;_x_tr_hl=hr&amp;_x_tr_pto=wapp\" target=\"_blank\" rel=\"noopener\"><strong>KATALOG IZDELKOV<\/strong><\/a><\/p><p style=\"text-align: center;\"><strong><a href=\"https:\/\/magnepan-com.translate.goog\/pages\/faqs?_x_tr_sl=en&amp;_x_tr_tl=hr&amp;_x_tr_hl=hr&amp;_x_tr_pto=wapp\" target=\"_blank\" rel=\"noopener\">Pogosta vpra\u0161anja<\/a><\/strong><\/p><p style=\"text-align: center;\"><strong><a href=\"https:\/\/www-theaudiobeat-com.translate.goog\/blog\/fifty_years_of_magnepan.htm?_x_tr_sl=en&amp;_x_tr_tl=hr&amp;_x_tr_hl=hr&amp;_x_tr_pto=wapp\" target=\"_blank\" rel=\"noopener\">AudioBeat \u2013 50 let Magnepana<\/a><\/strong><\/p><p style=\"text-align: center;\">Spletna trgovina: \u00a0\u00a0 \u00a0<a href=\"https:\/\/hd-multimedia.com\/sl\/trgovina\/magnepan-lrs\/\">LRS+ <\/a> \u00a0<a href=\"https:\/\/hd-multimedia.com\/sl\/trgovina\/magnepan-1-7i\/\">1.7i<\/a><\/p>\t\t\t\t\t\t\t\t<\/div>\n\t\t\t\t<\/div>\n\t\t\t\t<\/div>\n\t\t\t\t\t<\/div>\n\t\t\t\t<\/div>\n\t\t<div class=\"elementor-element elementor-element-a3fb8dd e-flex e-con-boxed e-con e-parent\" data-id=\"a3fb8dd\" data-element_type=\"container\">\n\t\t\t\t\t<div class=\"e-con-inner\">\n\t\t\t\t<div class=\"elementor-element elementor-element-3ae5ea6 elementor-widget elementor-widget-image\" data-id=\"3ae5ea6\" data-element_type=\"widget\" data-widget_type=\"image.default\">\n\t\t\t\t<div class=\"elementor-widget-container\">\n\t\t\t\t\t\t\t\t\t\t\t\t\t\t\t<img decoding=\"async\" src=\"https:\/\/hd-multimedia.com\/hdm_media\/30.jpg\" title=\"30\" alt=\"30\" loading=\"lazy\" \/>\t\t\t\t\t\t\t\t\t\t\t\t\t\t\t<\/div>\n\t\t\t\t<\/div>\n\t\t\t\t\t<\/div>\n\t\t\t\t<\/div>\n\t\t<div class=\"elementor-element elementor-element-9a02e82 e-flex e-con-boxed e-con e-parent\" data-id=\"9a02e82\" data-element_type=\"container\">\n\t\t\t\t\t<div class=\"e-con-inner\">\n\t\t\t\t<div class=\"elementor-element elementor-element-4eb4580 elementor-widget-divider--view-line elementor-widget elementor-widget-divider\" data-id=\"4eb4580\" data-element_type=\"widget\" data-widget_type=\"divider.default\">\n\t\t\t\t<div class=\"elementor-widget-container\">\n\t\t\t\t\t\t\t<div class=\"elementor-divider\">\n\t\t\t<span class=\"elementor-divider-separator\">\n\t\t\t\t\t\t<\/span>\n\t\t<\/div>\n\t\t\t\t\t\t<\/div>\n\t\t\t\t<\/div>\n\t\t\t\t<div class=\"elementor-element elementor-element-ac53f7e elementor-widget elementor-widget-heading\" data-id=\"ac53f7e\" data-element_type=\"widget\" data-widget_type=\"heading.default\">\n\t\t\t\t<div class=\"elementor-widget-container\">\n\t\t\t\t\t<h2 class=\"elementor-heading-title elementor-size-default\">Zvo\u010dniki Magnepan v na\u0161em SHOW ROOMU!<\/h2>\t\t\t\t<\/div>\n\t\t\t\t<\/div>\n\t\t\t\t<div class=\"elementor-element elementor-element-3939180 elementor-widget elementor-widget-text-editor\" data-id=\"3939180\" data-element_type=\"widget\" data-widget_type=\"text-editor.default\">\n\t\t\t\t<div class=\"elementor-widget-container\">\n\t\t\t\t\t\t\t\t\t<h5 style=\"text-align: center;\">Ob delavnikih od 17. do 19. ure in ob sobotah od 10. do 13. ure - se lahko dogovorite za sre\u010danje in prisluhnete Magnepan govorcem v na\u0161em prostoru:\u00a0<\/h5><div style=\"text-align: center;\"><strong>HD-multimedia \u2013 Trg JJ Strossmayera 5, HR-10000 Zagreb. telefon: +385 99 806 0160<\/strong><\/div>\t\t\t\t\t\t\t\t<\/div>\n\t\t\t\t<\/div>\n\t\t\t\t<div class=\"elementor-element elementor-element-0b4b6c6 elementor-align-center elementor-widget elementor-widget-button\" data-id=\"0b4b6c6\" data-element_type=\"widget\" data-widget_type=\"button.default\">\n\t\t\t\t<div class=\"elementor-widget-container\">\n\t\t\t\t\t\t\t\t\t<div class=\"elementor-button-wrapper\">\n\t\t\t\t\t<a class=\"elementor-button elementor-button-link elementor-size-sm\" href=\"https:\/\/hd-multimedia.com\/sl\/kontakt\/\">\n\t\t\t\t\t\t<span class=\"elementor-button-content-wrapper\">\n\t\t\t\t\t\t\t\t\t<span class=\"elementor-button-text\">dogovoriti sestanek<\/span>\n\t\t\t\t\t<\/span>\n\t\t\t\t\t<\/a>\n\t\t\t\t<\/div>\n\t\t\t\t\t\t\t\t<\/div>\n\t\t\t\t<\/div>\n\t\t\t\t\t<\/div>\n\t\t\t\t<\/div>\n\t\t\t\t<\/div>","protected":false},"excerpt":{"rendered":"<p>Magnepan ve\u0107 47 godina proizvodi inovativne stereo zvu\u010dnike svjetske klase. Jim Winey, izumitelj Magneplanar zvu\u010dnika, prvi je posjedovao elektrostati\u010dke zvu\u010dnike i po\u010deo je eksperimentirati kako bi dizajnirao pobolj\u0161ani elektrostatski zvu\u010dnik. Godine 1969. Jim je izumio Magneplanar, magnetski ekvivalent elektrostata tankog filma i osnovao Magnepan. Korporacijski i proizvodni pogoni nalaze se u White Bear Lakeu u [&hellip;]<\/p>","protected":false},"author":1,"featured_media":1201,"parent":0,"menu_order":0,"comment_status":"closed","ping_status":"closed","template":"","meta":{"site-sidebar-layout":"no-sidebar","site-content-layout":"page-builder","ast-site-content-layout":"","site-content-style":"default","site-sidebar-style":"default","ast-global-header-display":"","ast-banner-title-visibility":"","ast-main-header-display":"","ast-hfb-above-header-display":"","ast-hfb-below-header-display":"","ast-hfb-mobile-header-display":"","site-post-title":"disabled","ast-breadcrumbs-content":"","ast-featured-img":"disabled","footer-sml-layout":"","theme-transparent-header-meta":"default","adv-header-id-meta":"","stick-header-meta":"default","header-above-stick-meta":"","header-main-stick-meta":"","header-below-stick-meta":"","astra-migrate-meta-layouts":"default","ast-page-background-enabled":"default","ast-page-background-meta":{"desktop":{"background-color":"","background-image":"","background-repeat":"repeat","background-position":"center center","background-size":"auto","background-attachment":"scroll","background-type":"","background-media":"","overlay-type":"","overlay-color":"","overlay-opacity":"","overlay-gradient":""},"tablet":{"background-color":"","background-image":"","background-repeat":"repeat","background-position":"center center","background-size":"auto","background-attachment":"scroll","background-type":"","background-media":"","overlay-type":"","overlay-color":"","overlay-opacity":"","overlay-gradient":""},"mobile":{"background-color":"","background-image":"","background-repeat":"repeat","background-position":"center center","background-size":"auto","background-attachment":"scroll","background-type":"","background-media":"","overlay-type":"","overlay-color":"","overlay-opacity":"","overlay-gradient":""}},"ast-content-background-meta":{"desktop":{"background-color":"var(--ast-global-color-5)","background-image":"","background-repeat":"repeat","background-position":"center center","background-size":"auto","background-attachment":"scroll","background-type":"","background-media":"","overlay-type":"","overlay-color":"","overlay-opacity":"","overlay-gradient":""},"tablet":{"background-color":"var(--ast-global-color-5)","background-image":"","background-repeat":"repeat","background-position":"center center","background-size":"auto","background-attachment":"scroll","background-type":"","background-media":"","overlay-type":"","overlay-color":"","overlay-opacity":"","overlay-gradient":""},"mobile":{"background-color":"var(--ast-global-color-5)","background-image":"","background-repeat":"repeat","background-position":"center center","background-size":"auto","background-attachment":"scroll","background-type":"","background-media":"","overlay-type":"","overlay-color":"","overlay-opacity":"","overlay-gradient":""}},"footnotes":""},"class_list":["post-11450","page","type-page","status-publish","has-post-thumbnail","hentry"],"yoast_head":"<!-- This site is optimized with the Yoast SEO plugin v21.4 - https:\/\/yoast.com\/wordpress\/plugins\/seo\/ -->\n<title>Magnepan - hd-multimedia<\/title>\n<meta name=\"description\" content=\"Ameri\u010dki proizvo\u0111a\u010d vrhunskih planarnih zvu\u010dnika. Magneplanar je magnetski ekvivalent - elektrostata. Pru\u017ea visoku vjernost u reprodukciji zvuka.\" \/>\n<meta name=\"robots\" content=\"index, follow, max-snippet:-1, max-image-preview:large, max-video-preview:-1\" \/>\n<link rel=\"canonical\" href=\"https:\/\/hd-multimedia.com\/sl\/magnepan-2\/\" \/>\n<meta property=\"og:locale\" content=\"sl_SI\" \/>\n<meta property=\"og:type\" content=\"article\" \/>\n<meta property=\"og:title\" content=\"Magnepan - hd-multimedia\" \/>\n<meta property=\"og:description\" content=\"Ameri\u010dki proizvo\u0111a\u010d vrhunskih planarnih zvu\u010dnika. Magneplanar je magnetski ekvivalent - elektrostata. Pru\u017ea visoku vjernost u reprodukciji zvuka.\" \/>\n<meta property=\"og:url\" content=\"https:\/\/hd-multimedia.com\/sl\/magnepan-2\/\" \/>\n<meta property=\"og:site_name\" content=\"hd-multimedia\" \/>\n<meta property=\"article:modified_time\" content=\"2025-07-23T09:39:05+00:00\" \/>\n<meta property=\"og:image\" content=\"https:\/\/hd-multimedia.com\/hdm_media\/magnepan.png\" \/>\n\t<meta property=\"og:image:width\" content=\"600\" \/>\n\t<meta property=\"og:image:height\" content=\"600\" \/>\n\t<meta property=\"og:image:type\" content=\"image\/png\" \/>\n<meta name=\"twitter:card\" content=\"summary_large_image\" \/>\n<meta name=\"twitter:label1\" content=\"Est. reading time\" \/>\n\t<meta name=\"twitter:data1\" content=\"2 minuti\" \/>\n<script type=\"application\/ld+json\" class=\"yoast-schema-graph\">{\"@context\":\"https:\/\/schema.org\",\"@graph\":[{\"@type\":\"WebPage\",\"@id\":\"https:\/\/hd-multimedia.com\/magnepan-2\/\",\"url\":\"https:\/\/hd-multimedia.com\/magnepan-2\/\",\"name\":\"Magnepan - hd-multimedia\",\"isPartOf\":{\"@id\":\"https:\/\/hd-multimedia.com\/#website\"},\"datePublished\":\"2023-05-26T10:41:30+00:00\",\"dateModified\":\"2025-07-23T09:39:05+00:00\",\"description\":\"Ameri\u010dki proizvo\u0111a\u010d vrhunskih planarnih zvu\u010dnika. Magneplanar je magnetski ekvivalent - elektrostata. Pru\u017ea visoku vjernost u reprodukciji zvuka.\",\"breadcrumb\":{\"@id\":\"https:\/\/hd-multimedia.com\/magnepan-2\/#breadcrumb\"},\"inLanguage\":\"sl-SI\",\"potentialAction\":[{\"@type\":\"ReadAction\",\"target\":[\"https:\/\/hd-multimedia.com\/magnepan-2\/\"]}]},{\"@type\":\"BreadcrumbList\",\"@id\":\"https:\/\/hd-multimedia.com\/magnepan-2\/#breadcrumb\",\"itemListElement\":[{\"@type\":\"ListItem\",\"position\":1,\"name\":\"Po\u010detna stranica\",\"item\":\"https:\/\/hd-multimedia.com\/\"},{\"@type\":\"ListItem\",\"position\":2,\"name\":\"Magnepan\"}]},{\"@type\":\"WebSite\",\"@id\":\"https:\/\/hd-multimedia.com\/#website\",\"url\":\"https:\/\/hd-multimedia.com\/\",\"name\":\"hd-multimedia\",\"description\":\"\",\"publisher\":{\"@id\":\"https:\/\/hd-multimedia.com\/#organization\"},\"potentialAction\":[{\"@type\":\"SearchAction\",\"target\":{\"@type\":\"EntryPoint\",\"urlTemplate\":\"https:\/\/hd-multimedia.com\/?s={search_term_string}\"},\"query-input\":\"required name=search_term_string\"}],\"inLanguage\":\"sl-SI\"},{\"@type\":\"Organization\",\"@id\":\"https:\/\/hd-multimedia.com\/#organization\",\"name\":\"hd-multimedia\",\"url\":\"https:\/\/hd-multimedia.com\/\",\"logo\":{\"@type\":\"ImageObject\",\"inLanguage\":\"sl-SI\",\"@id\":\"https:\/\/hd-multimedia.com\/#\/schema\/logo\/image\/\",\"url\":\"https:\/\/hd-multimedia.com\/hdm_media\/HD-curves-ok-196-56px-alpha-1.png\",\"contentUrl\":\"https:\/\/hd-multimedia.com\/hdm_media\/HD-curves-ok-196-56px-alpha-1.png\",\"width\":196,\"height\":53,\"caption\":\"hd-multimedia\"},\"image\":{\"@id\":\"https:\/\/hd-multimedia.com\/#\/schema\/logo\/image\/\"}}]}<\/script>\n<!-- \/ Yoast SEO plugin. -->","yoast_head_json":{"title":"Magnepan - hd-multimedia","description":"Ameri\u010dki proizvo\u0111a\u010d vrhunskih planarnih zvu\u010dnika. Magneplanar je magnetski ekvivalent - elektrostata. Pru\u017ea visoku vjernost u reprodukciji zvuka.","robots":{"index":"index","follow":"follow","max-snippet":"max-snippet:-1","max-image-preview":"max-image-preview:large","max-video-preview":"max-video-preview:-1"},"canonical":"https:\/\/hd-multimedia.com\/sl\/magnepan-2\/","og_locale":"sl_SI","og_type":"article","og_title":"Magnepan - hd-multimedia","og_description":"Ameri\u010dki proizvo\u0111a\u010d vrhunskih planarnih zvu\u010dnika. Magneplanar je magnetski ekvivalent - elektrostata. Pru\u017ea visoku vjernost u reprodukciji zvuka.","og_url":"https:\/\/hd-multimedia.com\/sl\/magnepan-2\/","og_site_name":"hd-multimedia","article_modified_time":"2025-07-23T09:39:05+00:00","og_image":[{"width":600,"height":600,"url":"https:\/\/hd-multimedia.com\/hdm_media\/magnepan.png","type":"image\/png"}],"twitter_card":"summary_large_image","twitter_misc":{"Est. reading time":"2 minuti"},"schema":{"@context":"https:\/\/schema.org","@graph":[{"@type":"WebPage","@id":"https:\/\/hd-multimedia.com\/magnepan-2\/","url":"https:\/\/hd-multimedia.com\/magnepan-2\/","name":"Magnepan - hd-multimedia","isPartOf":{"@id":"https:\/\/hd-multimedia.com\/#website"},"datePublished":"2023-05-26T10:41:30+00:00","dateModified":"2025-07-23T09:39:05+00:00","description":"Ameri\u010dki proizvo\u0111a\u010d vrhunskih planarnih zvu\u010dnika. Magneplanar je magnetski ekvivalent - elektrostata. Pru\u017ea visoku vjernost u reprodukciji zvuka.","breadcrumb":{"@id":"https:\/\/hd-multimedia.com\/magnepan-2\/#breadcrumb"},"inLanguage":"sl-SI","potentialAction":[{"@type":"ReadAction","target":["https:\/\/hd-multimedia.com\/magnepan-2\/"]}]},{"@type":"BreadcrumbList","@id":"https:\/\/hd-multimedia.com\/magnepan-2\/#breadcrumb","itemListElement":[{"@type":"ListItem","position":1,"name":"Po\u010detna stranica","item":"https:\/\/hd-multimedia.com\/"},{"@type":"ListItem","position":2,"name":"Magnepan"}]},{"@type":"WebSite","@id":"https:\/\/hd-multimedia.com\/#website","url":"https:\/\/hd-multimedia.com\/","name":"hd-multimedia","description":"","publisher":{"@id":"https:\/\/hd-multimedia.com\/#organization"},"potentialAction":[{"@type":"SearchAction","target":{"@type":"EntryPoint","urlTemplate":"https:\/\/hd-multimedia.com\/?s={search_term_string}"},"query-input":"required name=search_term_string"}],"inLanguage":"sl-SI"},{"@type":"Organization","@id":"https:\/\/hd-multimedia.com\/#organization","name":"hd-multimedia","url":"https:\/\/hd-multimedia.com\/","logo":{"@type":"ImageObject","inLanguage":"sl-SI","@id":"https:\/\/hd-multimedia.com\/#\/schema\/logo\/image\/","url":"https:\/\/hd-multimedia.com\/hdm_media\/HD-curves-ok-196-56px-alpha-1.png","contentUrl":"https:\/\/hd-multimedia.com\/hdm_media\/HD-curves-ok-196-56px-alpha-1.png","width":196,"height":53,"caption":"hd-multimedia"},"image":{"@id":"https:\/\/hd-multimedia.com\/#\/schema\/logo\/image\/"}}]}},"post_mailing_queue_ids":[],"_links":{"self":[{"href":"https:\/\/hd-multimedia.com\/sl\/wp-json\/wp\/v2\/pages\/11450","targetHints":{"allow":["GET"]}}],"collection":[{"href":"https:\/\/hd-multimedia.com\/sl\/wp-json\/wp\/v2\/pages"}],"about":[{"href":"https:\/\/hd-multimedia.com\/sl\/wp-json\/wp\/v2\/types\/page"}],"author":[{"embeddable":true,"href":"https:\/\/hd-multimedia.com\/sl\/wp-json\/wp\/v2\/users\/1"}],"replies":[{"embeddable":true,"href":"https:\/\/hd-multimedia.com\/sl\/wp-json\/wp\/v2\/comments?post=11450"}],"version-history":[{"count":8,"href":"https:\/\/hd-multimedia.com\/sl\/wp-json\/wp\/v2\/pages\/11450\/revisions"}],"predecessor-version":[{"id":18771,"href":"https:\/\/hd-multimedia.com\/sl\/wp-json\/wp\/v2\/pages\/11450\/revisions\/18771"}],"wp:featuredmedia":[{"embeddable":true,"href":"https:\/\/hd-multimedia.com\/sl\/wp-json\/wp\/v2\/media\/1201"}],"wp:attachment":[{"href":"https:\/\/hd-multimedia.com\/sl\/wp-json\/wp\/v2\/media?parent=11450"}],"curies":[{"name":"wp","href":"https:\/\/api.w.org\/{rel}","templated":true}]}}