{"id":9755,"date":"2022-12-02T10:03:54","date_gmt":"2022-12-02T10:03:54","guid":{"rendered":"https:\/\/hd-multimedia.com\/?post_type=product&#038;p=9755"},"modified":"2025-08-27T08:34:06","modified_gmt":"2025-08-27T08:34:06","slug":"topping-dx7-pro","status":"publish","type":"product","link":"https:\/\/hd-multimedia.com\/en\/trgovina\/topping-dx7-pro\/","title":{"rendered":"Topping DX7 PRO+"},"content":{"rendered":"<p>Topping DX7 PRO+ Balanced DAC headphone amplifier, high-quality workmanship and fully CNC machined aluminum housing. Topping DX7 PRO+ contains ES9038 PRO DAC chip as well as Bluetooth 5.0 with LADAC which is a must if you love HiFi. In addition to USB and Bluetooth input, it also has optical IIS, COAX and AES input. All inputs support up to 24 bits (192Hz). Topping DX7 PRO contains 3 different headphone outputs: standard 6.35 mm single output, balanced XLR output and balanced 4.4 mm output. The volume control of DX7 PRO is digital, so there is no channel imbalance at all.<\/p>\n<p>What comes in the box:<\/p>\n<p>1 USB cable<br \/>\n1 Bluetooth antenna<br \/>\n1 AC cable<br \/>\n1 Remote control<\/p>\n<p>Dimensions: 22.2 cm X 17.8 cm X 4.5 cm<br \/>\nWeight: 1.4 kg<\/p>\n<p>&nbsp;<\/p>","protected":false},"excerpt":{"rendered":"<p>Topping DX7 PRO+ Balanced DAC headphone amplifier, high-quality workmanship and fully CNC machined aluminum housing. Topping DX7 PRO+ contains ES9038 PRO DAC chip as well as Bluetooth 5.0 with LADAC which is a must if you love HiFi. In addition to USB and Bluetooth input, it also has optical IIS, COAX and AES input. All inputs support up to 24 bits (192Hz). Topping DX7 PRO contains 3 different headphone outputs: standard 6.35 mm single output, balanced XLR output and balanced 4.4 mm output. The volume control of DX7 PRO is digital, so there is no channel imbalance at all.<\/p>\n<p><a href=\"https:\/\/www.tpdz.net\/productinfo\/881473.html\" target=\"_blank\" rel=\"noopener\">Topping DX7 PRO+ \u2013 Link for additional information<\/a><\/p>","protected":false},"featured_media":9952,"template":"","meta":{"site-sidebar-layout":"default","site-content-layout":"default","ast-site-content-layout":"default","site-content-style":"default","site-sidebar-style":"default","ast-global-header-display":"","ast-banner-title-visibility":"","ast-main-header-display":"","ast-hfb-above-header-display":"","ast-hfb-below-header-display":"","ast-hfb-mobile-header-display":"","site-post-title":"","ast-breadcrumbs-content":"","ast-featured-img":"","footer-sml-layout":"","theme-transparent-header-meta":"default","adv-header-id-meta":"","stick-header-meta":"default","header-above-stick-meta":"","header-main-stick-meta":"","header-below-stick-meta":"","astra-migrate-meta-layouts":"set","ast-page-background-enabled":"default","ast-page-background-meta":{"desktop":{"background-color":"","background-image":"","background-repeat":"repeat","background-position":"center center","background-size":"auto","background-attachment":"scroll","background-type":"","background-media":"","overlay-type":"","overlay-color":"","overlay-opacity":"","overlay-gradient":""},"tablet":{"background-color":"","background-image":"","background-repeat":"repeat","background-position":"center center","background-size":"auto","background-attachment":"scroll","background-type":"","background-media":"","overlay-type":"","overlay-color":"","overlay-opacity":"","overlay-gradient":""},"mobile":{"background-color":"","background-image":"","background-repeat":"repeat","background-position":"center center","background-size":"auto","background-attachment":"scroll","background-type":"","background-media":"","overlay-type":"","overlay-color":"","overlay-opacity":"","overlay-gradient":""}},"ast-content-background-meta":{"desktop":{"background-color":"var(--ast-global-color-5)","background-image":"","background-repeat":"repeat","background-position":"center center","background-size":"auto","background-attachment":"scroll","background-type":"","background-media":"","overlay-type":"","overlay-color":"","overlay-opacity":"","overlay-gradient":""},"tablet":{"background-color":"var(--ast-global-color-5)","background-image":"","background-repeat":"repeat","background-position":"center center","background-size":"auto","background-attachment":"scroll","background-type":"","background-media":"","overlay-type":"","overlay-color":"","overlay-opacity":"","overlay-gradient":""},"mobile":{"background-color":"var(--ast-global-color-5)","background-image":"","background-repeat":"repeat","background-position":"center center","background-size":"auto","background-attachment":"scroll","background-type":"","background-media":"","overlay-type":"","overlay-color":"","overlay-opacity":"","overlay-gradient":""}}},"class_list":["post-9755","product","type-product","status-publish","has-post-thumbnail","hentry","product_cat-dac","product_cat-pojacala-za-slusalice","product_cat-topping","desktop-align-center","tablet-align-center","mobile-align-center","ast-product-gallery-layout-horizontal","ast-magnify-disabled","ast-product-single-variable","ast-product-tabs-layout-horizontal"],"yoast_head":"<!-- This site is optimized with the Yoast SEO plugin v21.4 - https:\/\/yoast.com\/wordpress\/plugins\/seo\/ -->\n<title>Topping DX7 PRO+ - hd-multimedia<\/title>\n<meta name=\"description\" content=\"Topping DX7 PRO+ Balansirano DAC poja\u010dalo za slu\u0161alice, visokokvalitetne izrade i potpuno CNC strojno obra\u0111enim aluminijskim ku\u0107i\u0161tem.\" \/>\n<meta name=\"robots\" content=\"index, follow, max-snippet:-1, max-image-preview:large, max-video-preview:-1\" \/>\n<link rel=\"canonical\" href=\"https:\/\/hd-multimedia.com\/en\/trgovina\/topping-dx7-pro\/\" \/>\n<meta property=\"og:locale\" content=\"en_GB\" \/>\n<meta property=\"og:type\" content=\"article\" \/>\n<meta property=\"og:title\" content=\"Topping DX7 PRO+ - hd-multimedia\" \/>\n<meta property=\"og:description\" content=\"Topping DX7 PRO+ Balansirano DAC poja\u010dalo za slu\u0161alice, visokokvalitetne izrade i potpuno CNC strojno obra\u0111enim aluminijskim ku\u0107i\u0161tem.\" \/>\n<meta property=\"og:url\" content=\"https:\/\/hd-multimedia.com\/en\/trgovina\/topping-dx7-pro\/\" \/>\n<meta property=\"og:site_name\" content=\"hd-multimedia\" \/>\n<meta property=\"article:modified_time\" content=\"2025-08-27T08:34:06+00:00\" \/>\n<meta property=\"og:image\" content=\"https:\/\/hd-multimedia.com\/hdm_media\/web_6622171.jpg\" \/>\n\t<meta property=\"og:image:width\" content=\"480\" \/>\n\t<meta property=\"og:image:height\" content=\"480\" \/>\n\t<meta property=\"og:image:type\" content=\"image\/jpeg\" \/>\n<meta name=\"twitter:card\" content=\"summary_large_image\" \/>\n<meta name=\"twitter:label1\" content=\"Estimated reading time\" \/>\n\t<meta name=\"twitter:data1\" content=\"1 minute\" \/>\n<script type=\"application\/ld+json\" class=\"yoast-schema-graph\">{\"@context\":\"https:\/\/schema.org\",\"@graph\":[{\"@type\":\"WebPage\",\"@id\":\"https:\/\/hd-multimedia.com\/trgovina\/topping-dx7-pro\/\",\"url\":\"https:\/\/hd-multimedia.com\/trgovina\/topping-dx7-pro\/\",\"name\":\"Topping DX7 PRO+ - hd-multimedia\",\"isPartOf\":{\"@id\":\"https:\/\/hd-multimedia.com\/#website\"},\"datePublished\":\"2022-12-02T10:03:54+00:00\",\"dateModified\":\"2025-08-27T08:34:06+00:00\",\"description\":\"Topping DX7 PRO+ Balansirano DAC poja\u010dalo za slu\u0161alice, visokokvalitetne izrade i potpuno CNC strojno obra\u0111enim aluminijskim ku\u0107i\u0161tem.\",\"breadcrumb\":{\"@id\":\"https:\/\/hd-multimedia.com\/trgovina\/topping-dx7-pro\/#breadcrumb\"},\"inLanguage\":\"en-GB\",\"potentialAction\":[{\"@type\":\"ReadAction\",\"target\":[\"https:\/\/hd-multimedia.com\/trgovina\/topping-dx7-pro\/\"]}]},{\"@type\":\"BreadcrumbList\",\"@id\":\"https:\/\/hd-multimedia.com\/trgovina\/topping-dx7-pro\/#breadcrumb\",\"itemListElement\":[{\"@type\":\"ListItem\",\"position\":1,\"name\":\"Po\u010detna stranica\",\"item\":\"https:\/\/hd-multimedia.com\/\"},{\"@type\":\"ListItem\",\"position\":2,\"name\":\"Trgovina\",\"item\":\"https:\/\/hd-multimedia.com\/trgovina\/\"},{\"@type\":\"ListItem\",\"position\":3,\"name\":\"Topping DX7 PRO+\"}]},{\"@type\":\"WebSite\",\"@id\":\"https:\/\/hd-multimedia.com\/#website\",\"url\":\"https:\/\/hd-multimedia.com\/\",\"name\":\"hd-multimedia\",\"description\":\"\",\"publisher\":{\"@id\":\"https:\/\/hd-multimedia.com\/#organization\"},\"potentialAction\":[{\"@type\":\"SearchAction\",\"target\":{\"@type\":\"EntryPoint\",\"urlTemplate\":\"https:\/\/hd-multimedia.com\/?s={search_term_string}\"},\"query-input\":\"required name=search_term_string\"}],\"inLanguage\":\"en-GB\"},{\"@type\":\"Organization\",\"@id\":\"https:\/\/hd-multimedia.com\/#organization\",\"name\":\"hd-multimedia\",\"url\":\"https:\/\/hd-multimedia.com\/\",\"logo\":{\"@type\":\"ImageObject\",\"inLanguage\":\"en-GB\",\"@id\":\"https:\/\/hd-multimedia.com\/#\/schema\/logo\/image\/\",\"url\":\"https:\/\/hd-multimedia.com\/hdm_media\/HD-curves-ok-196-56px-alpha-1.png\",\"contentUrl\":\"https:\/\/hd-multimedia.com\/hdm_media\/HD-curves-ok-196-56px-alpha-1.png\",\"width\":196,\"height\":53,\"caption\":\"hd-multimedia\"},\"image\":{\"@id\":\"https:\/\/hd-multimedia.com\/#\/schema\/logo\/image\/\"}}]}<\/script>\n<!-- \/ Yoast SEO plugin. -->","yoast_head_json":{"title":"Topping DX7 PRO+ - hd-multimedia","description":"Topping DX7 PRO+ Balansirano DAC poja\u010dalo za slu\u0161alice, visokokvalitetne izrade i potpuno CNC strojno obra\u0111enim aluminijskim ku\u0107i\u0161tem.","robots":{"index":"index","follow":"follow","max-snippet":"max-snippet:-1","max-image-preview":"max-image-preview:large","max-video-preview":"max-video-preview:-1"},"canonical":"https:\/\/hd-multimedia.com\/en\/trgovina\/topping-dx7-pro\/","og_locale":"en_GB","og_type":"article","og_title":"Topping DX7 PRO+ - hd-multimedia","og_description":"Topping DX7 PRO+ Balansirano DAC poja\u010dalo za slu\u0161alice, visokokvalitetne izrade i potpuno CNC strojno obra\u0111enim aluminijskim ku\u0107i\u0161tem.","og_url":"https:\/\/hd-multimedia.com\/en\/trgovina\/topping-dx7-pro\/","og_site_name":"hd-multimedia","article_modified_time":"2025-08-27T08:34:06+00:00","og_image":[{"width":480,"height":480,"url":"https:\/\/hd-multimedia.com\/hdm_media\/web_6622171.jpg","type":"image\/jpeg"}],"twitter_card":"summary_large_image","twitter_misc":{"Estimated reading time":"1 minute"},"schema":{"@context":"https:\/\/schema.org","@graph":[{"@type":"WebPage","@id":"https:\/\/hd-multimedia.com\/trgovina\/topping-dx7-pro\/","url":"https:\/\/hd-multimedia.com\/trgovina\/topping-dx7-pro\/","name":"Topping DX7 PRO+ - hd-multimedia","isPartOf":{"@id":"https:\/\/hd-multimedia.com\/#website"},"datePublished":"2022-12-02T10:03:54+00:00","dateModified":"2025-08-27T08:34:06+00:00","description":"Topping DX7 PRO+ Balansirano DAC poja\u010dalo za slu\u0161alice, visokokvalitetne izrade i potpuno CNC strojno obra\u0111enim aluminijskim ku\u0107i\u0161tem.","breadcrumb":{"@id":"https:\/\/hd-multimedia.com\/trgovina\/topping-dx7-pro\/#breadcrumb"},"inLanguage":"en-GB","potentialAction":[{"@type":"ReadAction","target":["https:\/\/hd-multimedia.com\/trgovina\/topping-dx7-pro\/"]}]},{"@type":"BreadcrumbList","@id":"https:\/\/hd-multimedia.com\/trgovina\/topping-dx7-pro\/#breadcrumb","itemListElement":[{"@type":"ListItem","position":1,"name":"Po\u010detna stranica","item":"https:\/\/hd-multimedia.com\/"},{"@type":"ListItem","position":2,"name":"Trgovina","item":"https:\/\/hd-multimedia.com\/trgovina\/"},{"@type":"ListItem","position":3,"name":"Topping DX7 PRO+"}]},{"@type":"WebSite","@id":"https:\/\/hd-multimedia.com\/#website","url":"https:\/\/hd-multimedia.com\/","name":"hd-multimedia","description":"","publisher":{"@id":"https:\/\/hd-multimedia.com\/#organization"},"potentialAction":[{"@type":"SearchAction","target":{"@type":"EntryPoint","urlTemplate":"https:\/\/hd-multimedia.com\/?s={search_term_string}"},"query-input":"required name=search_term_string"}],"inLanguage":"en-GB"},{"@type":"Organization","@id":"https:\/\/hd-multimedia.com\/#organization","name":"hd-multimedia","url":"https:\/\/hd-multimedia.com\/","logo":{"@type":"ImageObject","inLanguage":"en-GB","@id":"https:\/\/hd-multimedia.com\/#\/schema\/logo\/image\/","url":"https:\/\/hd-multimedia.com\/hdm_media\/HD-curves-ok-196-56px-alpha-1.png","contentUrl":"https:\/\/hd-multimedia.com\/hdm_media\/HD-curves-ok-196-56px-alpha-1.png","width":196,"height":53,"caption":"hd-multimedia"},"image":{"@id":"https:\/\/hd-multimedia.com\/#\/schema\/logo\/image\/"}}]}},"post_mailing_queue_ids":[],"_links":{"self":[{"href":"https:\/\/hd-multimedia.com\/en\/wp-json\/wp\/v2\/product\/9755","targetHints":{"allow":["GET"]}}],"collection":[{"href":"https:\/\/hd-multimedia.com\/en\/wp-json\/wp\/v2\/product"}],"about":[{"href":"https:\/\/hd-multimedia.com\/en\/wp-json\/wp\/v2\/types\/product"}],"version-history":[{"count":6,"href":"https:\/\/hd-multimedia.com\/en\/wp-json\/wp\/v2\/product\/9755\/revisions"}],"predecessor-version":[{"id":11718,"href":"https:\/\/hd-multimedia.com\/en\/wp-json\/wp\/v2\/product\/9755\/revisions\/11718"}],"wp:featuredmedia":[{"embeddable":true,"href":"https:\/\/hd-multimedia.com\/en\/wp-json\/wp\/v2\/media\/9952"}],"wp:attachment":[{"href":"https:\/\/hd-multimedia.com\/en\/wp-json\/wp\/v2\/media?parent=9755"}],"curies":[{"name":"wp","href":"https:\/\/api.w.org\/{rel}","templated":true}]}}