{"id":9686,"date":"2022-11-22T13:35:27","date_gmt":"2022-11-22T13:35:27","guid":{"rendered":"https:\/\/hd-multimedia.com\/?post_type=product&#038;p=9686"},"modified":"2024-10-03T12:43:25","modified_gmt":"2024-10-03T12:43:25","slug":"sendy-audio-peacock","status":"publish","type":"product","link":"https:\/\/hd-multimedia.com\/en\/trgovina\/sendy-audio-peacock\/","title":{"rendered":"Sendy Audio Peacock"},"content":{"rendered":"<p>Premium - magnetoplanar High-End headphones - made of a combination of wood, leather and metal. Built-in 88 mm magnetoplanar driver for faithful music reproduction.<\/p>\n<p>Precision CNC-machined aircraft-grade aluminum housing and evenly spaced ports ensure consistent sound quality. The unique design is complemented by gold embroidery and soft goatskin leather on the ergonomic headband, providing comfort and preventing fatigue after prolonged use.<\/p>\n<p>&nbsp;<\/p>\n<ul>\n<li>Sensitivity 103dB+\/-3dB<\/li>\n<li>Impedance 50 Ohm<\/li>\n<li>Cable length: 1.8M<\/li>\n<li>Connector: 4.4mm balanced<\/li>\n<li>Weight 578 grams.<\/li>\n<\/ul>\n<p>Additional information:\u00a0<a href=\"https:\/\/www.sendyaudio.com\/product_d?id=3\">SendyAudio Peacock<\/a><\/p>","protected":false},"excerpt":{"rendered":"<p>Premium \u2013 magnetoplanar High-End headphones \u2013 made of a combination of wood, leather and metal. Built-in 88mm magnetoplanar driver for faithful music reproduction. The headband has an adjustable design for comfortable use without pressure on the head, combining excellence in design with high-quality materials and sophisticated craftsmanship. The 88mm large-diaphragm driver and efficient electroacoustic energy conversion offer incredible and elastic bass, while midrange and vocals are natural, delicate and smooth, with high frequencies that are bright and transparent, extending up to 40,000 Hz. The planomagnetic driver with QUAD-FORMER technology includes double magnets and four coils that ensure excellent magnetic energy conversion, low distortion, good consistency and high music reproduction ability, creating the impression of a live concert. After more than two years of development, the composite diaphragm uses a base material with high internal damping to achieve natural and warm vocals and tight bass, while an ultra-thin and rigid high-frequency material maintains extended frequencies without harshness.<\/p>","protected":false},"featured_media":9698,"template":"","meta":{"site-sidebar-layout":"default","site-content-layout":"default","ast-site-content-layout":"default","site-content-style":"default","site-sidebar-style":"default","ast-global-header-display":"","ast-banner-title-visibility":"","ast-main-header-display":"","ast-hfb-above-header-display":"","ast-hfb-below-header-display":"","ast-hfb-mobile-header-display":"","site-post-title":"","ast-breadcrumbs-content":"","ast-featured-img":"","footer-sml-layout":"","theme-transparent-header-meta":"default","adv-header-id-meta":"","stick-header-meta":"default","header-above-stick-meta":"","header-main-stick-meta":"","header-below-stick-meta":"","astra-migrate-meta-layouts":"set","ast-page-background-enabled":"default","ast-page-background-meta":{"desktop":{"background-color":"","background-image":"","background-repeat":"repeat","background-position":"center center","background-size":"auto","background-attachment":"scroll","background-type":"","background-media":"","overlay-type":"","overlay-color":"","overlay-opacity":"","overlay-gradient":""},"tablet":{"background-color":"","background-image":"","background-repeat":"repeat","background-position":"center center","background-size":"auto","background-attachment":"scroll","background-type":"","background-media":"","overlay-type":"","overlay-color":"","overlay-opacity":"","overlay-gradient":""},"mobile":{"background-color":"","background-image":"","background-repeat":"repeat","background-position":"center center","background-size":"auto","background-attachment":"scroll","background-type":"","background-media":"","overlay-type":"","overlay-color":"","overlay-opacity":"","overlay-gradient":""}},"ast-content-background-meta":{"desktop":{"background-color":"var(--ast-global-color-5)","background-image":"","background-repeat":"repeat","background-position":"center center","background-size":"auto","background-attachment":"scroll","background-type":"","background-media":"","overlay-type":"","overlay-color":"","overlay-opacity":"","overlay-gradient":""},"tablet":{"background-color":"var(--ast-global-color-5)","background-image":"","background-repeat":"repeat","background-position":"center center","background-size":"auto","background-attachment":"scroll","background-type":"","background-media":"","overlay-type":"","overlay-color":"","overlay-opacity":"","overlay-gradient":""},"mobile":{"background-color":"var(--ast-global-color-5)","background-image":"","background-repeat":"repeat","background-position":"center center","background-size":"auto","background-attachment":"scroll","background-type":"","background-media":"","overlay-type":"","overlay-color":"","overlay-opacity":"","overlay-gradient":""}}},"class_list":["post-9686","product","type-product","status-publish","has-post-thumbnail","hentry","product_cat-sendyaudio","product_cat-slusalice","product_cat-naglavne-slusalice","desktop-align-center","tablet-align-center","mobile-align-center","ast-product-gallery-layout-horizontal","ast-magnify-disabled","ast-product-single-variable","ast-product-tabs-layout-horizontal"],"yoast_head":"<!-- This site is optimized with the Yoast SEO plugin v21.4 - https:\/\/yoast.com\/wordpress\/plugins\/seo\/ -->\n<title>Sendy Audio Peacock - hd-multimedia<\/title>\n<meta name=\"description\" content=\"Magnetoplanarne High-End slu\u0161alice - izra\u0111ene od kombinacije drveta, ko\u017ee i metala. Ugra\u0111en magnetoplanarni pogon 88 mm za vjernu reprodukciju glazbe.\" \/>\n<meta name=\"robots\" content=\"index, follow, max-snippet:-1, max-image-preview:large, max-video-preview:-1\" \/>\n<link rel=\"canonical\" href=\"https:\/\/hd-multimedia.com\/en\/trgovina\/sendy-audio-peacock\/\" \/>\n<meta property=\"og:locale\" content=\"en_GB\" \/>\n<meta property=\"og:type\" content=\"article\" \/>\n<meta property=\"og:title\" content=\"Sendy Audio Peacock - hd-multimedia\" \/>\n<meta property=\"og:description\" content=\"Magnetoplanarne High-End slu\u0161alice - izra\u0111ene od kombinacije drveta, ko\u017ee i metala. Ugra\u0111en magnetoplanarni pogon 88 mm za vjernu reprodukciju glazbe.\" \/>\n<meta property=\"og:url\" content=\"https:\/\/hd-multimedia.com\/en\/trgovina\/sendy-audio-peacock\/\" \/>\n<meta property=\"og:site_name\" content=\"hd-multimedia\" \/>\n<meta property=\"article:modified_time\" content=\"2024-10-03T12:43:25+00:00\" \/>\n<meta property=\"og:image\" content=\"https:\/\/hd-multimedia.com\/hdm_media\/peacock_black_d5d2383236440c858f681e628b284083.jpg\" \/>\n\t<meta property=\"og:image:width\" content=\"1000\" \/>\n\t<meta property=\"og:image:height\" content=\"1000\" \/>\n\t<meta property=\"og:image:type\" content=\"image\/jpeg\" \/>\n<meta name=\"twitter:card\" content=\"summary_large_image\" \/>\n<meta name=\"twitter:label1\" content=\"Estimated reading time\" \/>\n\t<meta name=\"twitter:data1\" content=\"1 minute\" \/>\n<script type=\"application\/ld+json\" class=\"yoast-schema-graph\">{\"@context\":\"https:\/\/schema.org\",\"@graph\":[{\"@type\":\"WebPage\",\"@id\":\"https:\/\/hd-multimedia.com\/trgovina\/sendy-audio-peacock\/\",\"url\":\"https:\/\/hd-multimedia.com\/trgovina\/sendy-audio-peacock\/\",\"name\":\"Sendy Audio Peacock - hd-multimedia\",\"isPartOf\":{\"@id\":\"https:\/\/hd-multimedia.com\/#website\"},\"datePublished\":\"2022-11-22T13:35:27+00:00\",\"dateModified\":\"2024-10-03T12:43:25+00:00\",\"description\":\"Magnetoplanarne High-End slu\u0161alice - izra\u0111ene od kombinacije drveta, ko\u017ee i metala. Ugra\u0111en magnetoplanarni pogon 88 mm za vjernu reprodukciju glazbe.\",\"breadcrumb\":{\"@id\":\"https:\/\/hd-multimedia.com\/trgovina\/sendy-audio-peacock\/#breadcrumb\"},\"inLanguage\":\"en-GB\",\"potentialAction\":[{\"@type\":\"ReadAction\",\"target\":[\"https:\/\/hd-multimedia.com\/trgovina\/sendy-audio-peacock\/\"]}]},{\"@type\":\"BreadcrumbList\",\"@id\":\"https:\/\/hd-multimedia.com\/trgovina\/sendy-audio-peacock\/#breadcrumb\",\"itemListElement\":[{\"@type\":\"ListItem\",\"position\":1,\"name\":\"Po\u010detna stranica\",\"item\":\"https:\/\/hd-multimedia.com\/\"},{\"@type\":\"ListItem\",\"position\":2,\"name\":\"Trgovina\",\"item\":\"https:\/\/hd-multimedia.com\/trgovina\/\"},{\"@type\":\"ListItem\",\"position\":3,\"name\":\"Sendy Audio Peacock\"}]},{\"@type\":\"WebSite\",\"@id\":\"https:\/\/hd-multimedia.com\/#website\",\"url\":\"https:\/\/hd-multimedia.com\/\",\"name\":\"hd-multimedia\",\"description\":\"\",\"publisher\":{\"@id\":\"https:\/\/hd-multimedia.com\/#organization\"},\"potentialAction\":[{\"@type\":\"SearchAction\",\"target\":{\"@type\":\"EntryPoint\",\"urlTemplate\":\"https:\/\/hd-multimedia.com\/?s={search_term_string}\"},\"query-input\":\"required name=search_term_string\"}],\"inLanguage\":\"en-GB\"},{\"@type\":\"Organization\",\"@id\":\"https:\/\/hd-multimedia.com\/#organization\",\"name\":\"hd-multimedia\",\"url\":\"https:\/\/hd-multimedia.com\/\",\"logo\":{\"@type\":\"ImageObject\",\"inLanguage\":\"en-GB\",\"@id\":\"https:\/\/hd-multimedia.com\/#\/schema\/logo\/image\/\",\"url\":\"https:\/\/hd-multimedia.com\/hdm_media\/HD-curves-ok-196-56px-alpha-1.png\",\"contentUrl\":\"https:\/\/hd-multimedia.com\/hdm_media\/HD-curves-ok-196-56px-alpha-1.png\",\"width\":196,\"height\":53,\"caption\":\"hd-multimedia\"},\"image\":{\"@id\":\"https:\/\/hd-multimedia.com\/#\/schema\/logo\/image\/\"}}]}<\/script>\n<!-- \/ Yoast SEO plugin. -->","yoast_head_json":{"title":"Sendy Audio Peacock - hd-multimedia","description":"Magnetoplanarne High-End slu\u0161alice - izra\u0111ene od kombinacije drveta, ko\u017ee i metala. Ugra\u0111en magnetoplanarni pogon 88 mm za vjernu reprodukciju glazbe.","robots":{"index":"index","follow":"follow","max-snippet":"max-snippet:-1","max-image-preview":"max-image-preview:large","max-video-preview":"max-video-preview:-1"},"canonical":"https:\/\/hd-multimedia.com\/en\/trgovina\/sendy-audio-peacock\/","og_locale":"en_GB","og_type":"article","og_title":"Sendy Audio Peacock - hd-multimedia","og_description":"Magnetoplanarne High-End slu\u0161alice - izra\u0111ene od kombinacije drveta, ko\u017ee i metala. Ugra\u0111en magnetoplanarni pogon 88 mm za vjernu reprodukciju glazbe.","og_url":"https:\/\/hd-multimedia.com\/en\/trgovina\/sendy-audio-peacock\/","og_site_name":"hd-multimedia","article_modified_time":"2024-10-03T12:43:25+00:00","og_image":[{"width":1000,"height":1000,"url":"https:\/\/hd-multimedia.com\/hdm_media\/peacock_black_d5d2383236440c858f681e628b284083.jpg","type":"image\/jpeg"}],"twitter_card":"summary_large_image","twitter_misc":{"Estimated reading time":"1 minute"},"schema":{"@context":"https:\/\/schema.org","@graph":[{"@type":"WebPage","@id":"https:\/\/hd-multimedia.com\/trgovina\/sendy-audio-peacock\/","url":"https:\/\/hd-multimedia.com\/trgovina\/sendy-audio-peacock\/","name":"Sendy Audio Peacock - hd-multimedia","isPartOf":{"@id":"https:\/\/hd-multimedia.com\/#website"},"datePublished":"2022-11-22T13:35:27+00:00","dateModified":"2024-10-03T12:43:25+00:00","description":"Magnetoplanarne High-End slu\u0161alice - izra\u0111ene od kombinacije drveta, ko\u017ee i metala. Ugra\u0111en magnetoplanarni pogon 88 mm za vjernu reprodukciju glazbe.","breadcrumb":{"@id":"https:\/\/hd-multimedia.com\/trgovina\/sendy-audio-peacock\/#breadcrumb"},"inLanguage":"en-GB","potentialAction":[{"@type":"ReadAction","target":["https:\/\/hd-multimedia.com\/trgovina\/sendy-audio-peacock\/"]}]},{"@type":"BreadcrumbList","@id":"https:\/\/hd-multimedia.com\/trgovina\/sendy-audio-peacock\/#breadcrumb","itemListElement":[{"@type":"ListItem","position":1,"name":"Po\u010detna stranica","item":"https:\/\/hd-multimedia.com\/"},{"@type":"ListItem","position":2,"name":"Trgovina","item":"https:\/\/hd-multimedia.com\/trgovina\/"},{"@type":"ListItem","position":3,"name":"Sendy Audio Peacock"}]},{"@type":"WebSite","@id":"https:\/\/hd-multimedia.com\/#website","url":"https:\/\/hd-multimedia.com\/","name":"hd-multimedia","description":"","publisher":{"@id":"https:\/\/hd-multimedia.com\/#organization"},"potentialAction":[{"@type":"SearchAction","target":{"@type":"EntryPoint","urlTemplate":"https:\/\/hd-multimedia.com\/?s={search_term_string}"},"query-input":"required name=search_term_string"}],"inLanguage":"en-GB"},{"@type":"Organization","@id":"https:\/\/hd-multimedia.com\/#organization","name":"hd-multimedia","url":"https:\/\/hd-multimedia.com\/","logo":{"@type":"ImageObject","inLanguage":"en-GB","@id":"https:\/\/hd-multimedia.com\/#\/schema\/logo\/image\/","url":"https:\/\/hd-multimedia.com\/hdm_media\/HD-curves-ok-196-56px-alpha-1.png","contentUrl":"https:\/\/hd-multimedia.com\/hdm_media\/HD-curves-ok-196-56px-alpha-1.png","width":196,"height":53,"caption":"hd-multimedia"},"image":{"@id":"https:\/\/hd-multimedia.com\/#\/schema\/logo\/image\/"}}]}},"post_mailing_queue_ids":[],"_links":{"self":[{"href":"https:\/\/hd-multimedia.com\/en\/wp-json\/wp\/v2\/product\/9686","targetHints":{"allow":["GET"]}}],"collection":[{"href":"https:\/\/hd-multimedia.com\/en\/wp-json\/wp\/v2\/product"}],"about":[{"href":"https:\/\/hd-multimedia.com\/en\/wp-json\/wp\/v2\/types\/product"}],"version-history":[{"count":4,"href":"https:\/\/hd-multimedia.com\/en\/wp-json\/wp\/v2\/product\/9686\/revisions"}],"predecessor-version":[{"id":15613,"href":"https:\/\/hd-multimedia.com\/en\/wp-json\/wp\/v2\/product\/9686\/revisions\/15613"}],"wp:featuredmedia":[{"embeddable":true,"href":"https:\/\/hd-multimedia.com\/en\/wp-json\/wp\/v2\/media\/9698"}],"wp:attachment":[{"href":"https:\/\/hd-multimedia.com\/en\/wp-json\/wp\/v2\/media?parent=9686"}],"curies":[{"name":"wp","href":"https:\/\/api.w.org\/{rel}","templated":true}]}}