{"id":9668,"date":"2022-11-22T12:00:44","date_gmt":"2022-11-22T12:00:44","guid":{"rendered":"https:\/\/hd-multimedia.com\/?post_type=product&#038;p=9668"},"modified":"2025-12-08T09:14:21","modified_gmt":"2025-12-08T09:14:21","slug":"sendy-apollo","status":"publish","type":"product","link":"https:\/\/hd-multimedia.com\/en\/trgovina\/sendy-apollo\/","title":{"rendered":"Sendy Audio Apollo"},"content":{"rendered":"<p>High-fidelity - open - magnetoplanar HiFi headphones - made of a combination of wood, leather and metal. Built-in 68mm magnetoplanar driver for faithful music reproduction.<\/p>\n<ul>\n<li>Sensitivity 95dB+\/-3dB<\/li>\n<li>Impedance 16 Ohm<\/li>\n<li>Cable length: 1.8M<\/li>\n<li>Connector: 4.4mm balanced<\/li>\n<li>Weight 395 grams.<\/li>\n<\/ul>\n<p>Additional information:\u00a0<a href=\"https:\/\/www.sendyaudio.com\/product_d?id=4\">SendyAudio Apollo<\/a><\/p>","protected":false},"excerpt":{"rendered":"<p>Sendy Audio Apollo are lightweight, delicately crafted and comfortable to wear. The 68mm large-diameter diaphragm and high-efficiency electroacoustic energy conversion make for natural and soft vocals, deep and solid bass, bright treble with clear details, transparent and clean sound stage. The earphone is made of rosewood with high gloss on the surface. The steel mesh makes the earphone design novel and unique.<\/p>","protected":false},"featured_media":9673,"template":"","meta":{"site-sidebar-layout":"default","site-content-layout":"default","ast-site-content-layout":"default","site-content-style":"default","site-sidebar-style":"default","ast-global-header-display":"","ast-banner-title-visibility":"","ast-main-header-display":"","ast-hfb-above-header-display":"","ast-hfb-below-header-display":"","ast-hfb-mobile-header-display":"","site-post-title":"","ast-breadcrumbs-content":"","ast-featured-img":"","footer-sml-layout":"","theme-transparent-header-meta":"default","adv-header-id-meta":"","stick-header-meta":"default","header-above-stick-meta":"","header-main-stick-meta":"","header-below-stick-meta":"","astra-migrate-meta-layouts":"set","ast-page-background-enabled":"default","ast-page-background-meta":{"desktop":{"background-color":"","background-image":"","background-repeat":"repeat","background-position":"center center","background-size":"auto","background-attachment":"scroll","background-type":"","background-media":"","overlay-type":"","overlay-color":"","overlay-opacity":"","overlay-gradient":""},"tablet":{"background-color":"","background-image":"","background-repeat":"repeat","background-position":"center center","background-size":"auto","background-attachment":"scroll","background-type":"","background-media":"","overlay-type":"","overlay-color":"","overlay-opacity":"","overlay-gradient":""},"mobile":{"background-color":"","background-image":"","background-repeat":"repeat","background-position":"center center","background-size":"auto","background-attachment":"scroll","background-type":"","background-media":"","overlay-type":"","overlay-color":"","overlay-opacity":"","overlay-gradient":""}},"ast-content-background-meta":{"desktop":{"background-color":"var(--ast-global-color-5)","background-image":"","background-repeat":"repeat","background-position":"center center","background-size":"auto","background-attachment":"scroll","background-type":"","background-media":"","overlay-type":"","overlay-color":"","overlay-opacity":"","overlay-gradient":""},"tablet":{"background-color":"var(--ast-global-color-5)","background-image":"","background-repeat":"repeat","background-position":"center center","background-size":"auto","background-attachment":"scroll","background-type":"","background-media":"","overlay-type":"","overlay-color":"","overlay-opacity":"","overlay-gradient":""},"mobile":{"background-color":"var(--ast-global-color-5)","background-image":"","background-repeat":"repeat","background-position":"center center","background-size":"auto","background-attachment":"scroll","background-type":"","background-media":"","overlay-type":"","overlay-color":"","overlay-opacity":"","overlay-gradient":""}}},"class_list":["post-9668","product","type-product","status-publish","has-post-thumbnail","hentry","product_cat-sendyaudio","product_cat-slusalice","product_cat-naglavne-slusalice","desktop-align-center","tablet-align-center","mobile-align-center","ast-product-gallery-layout-horizontal","ast-magnify-disabled","ast-product-tabs-layout-horizontal"],"yoast_head":"<!-- This site is optimized with the Yoast SEO plugin v21.4 - https:\/\/yoast.com\/wordpress\/plugins\/seo\/ -->\n<title>Sendy Audio Apollo - hd-multimedia<\/title>\n<meta name=\"description\" content=\"Visoko vjerne - otvorene - magnetoplanarne HiFi slu\u0161alice - izra\u0111ene od kombinacije drveta, ko\u017ee i metala. Ugra\u0111en magnetoplanarni pogon 68mm za vjernu reprodukciju glazbe.\" \/>\n<meta name=\"robots\" content=\"index, follow, max-snippet:-1, max-image-preview:large, max-video-preview:-1\" \/>\n<link rel=\"canonical\" href=\"https:\/\/hd-multimedia.com\/en\/trgovina\/sendy-apollo\/\" \/>\n<meta property=\"og:locale\" content=\"en_GB\" \/>\n<meta property=\"og:type\" content=\"article\" \/>\n<meta property=\"og:title\" content=\"Sendy Audio Apollo - hd-multimedia\" \/>\n<meta property=\"og:description\" content=\"Visoko vjerne - otvorene - magnetoplanarne HiFi slu\u0161alice - izra\u0111ene od kombinacije drveta, ko\u017ee i metala. Ugra\u0111en magnetoplanarni pogon 68mm za vjernu reprodukciju glazbe.\" \/>\n<meta property=\"og:url\" content=\"https:\/\/hd-multimedia.com\/en\/trgovina\/sendy-apollo\/\" \/>\n<meta property=\"og:site_name\" content=\"hd-multimedia\" \/>\n<meta property=\"article:modified_time\" content=\"2025-12-08T09:14:21+00:00\" \/>\n<meta property=\"og:image\" content=\"https:\/\/hd-multimedia.com\/hdm_media\/apollo_1083a3288b332b731eacf52412b83ac9.jpg\" \/>\n\t<meta property=\"og:image:width\" content=\"1200\" \/>\n\t<meta property=\"og:image:height\" content=\"1200\" \/>\n\t<meta property=\"og:image:type\" content=\"image\/jpeg\" \/>\n<meta name=\"twitter:card\" content=\"summary_large_image\" \/>\n<meta name=\"twitter:label1\" content=\"Estimated reading time\" \/>\n\t<meta name=\"twitter:data1\" content=\"1 minute\" \/>\n<script type=\"application\/ld+json\" class=\"yoast-schema-graph\">{\"@context\":\"https:\/\/schema.org\",\"@graph\":[{\"@type\":\"WebPage\",\"@id\":\"https:\/\/hd-multimedia.com\/trgovina\/sendy-apollo\/\",\"url\":\"https:\/\/hd-multimedia.com\/trgovina\/sendy-apollo\/\",\"name\":\"Sendy Audio Apollo - hd-multimedia\",\"isPartOf\":{\"@id\":\"https:\/\/hd-multimedia.com\/#website\"},\"datePublished\":\"2022-11-22T12:00:44+00:00\",\"dateModified\":\"2025-12-08T09:14:21+00:00\",\"description\":\"Visoko vjerne - otvorene - magnetoplanarne HiFi slu\u0161alice - izra\u0111ene od kombinacije drveta, ko\u017ee i metala. Ugra\u0111en magnetoplanarni pogon 68mm za vjernu reprodukciju glazbe.\",\"breadcrumb\":{\"@id\":\"https:\/\/hd-multimedia.com\/trgovina\/sendy-apollo\/#breadcrumb\"},\"inLanguage\":\"en-GB\",\"potentialAction\":[{\"@type\":\"ReadAction\",\"target\":[\"https:\/\/hd-multimedia.com\/trgovina\/sendy-apollo\/\"]}]},{\"@type\":\"BreadcrumbList\",\"@id\":\"https:\/\/hd-multimedia.com\/trgovina\/sendy-apollo\/#breadcrumb\",\"itemListElement\":[{\"@type\":\"ListItem\",\"position\":1,\"name\":\"Po\u010detna stranica\",\"item\":\"https:\/\/hd-multimedia.com\/\"},{\"@type\":\"ListItem\",\"position\":2,\"name\":\"Trgovina\",\"item\":\"https:\/\/hd-multimedia.com\/trgovina\/\"},{\"@type\":\"ListItem\",\"position\":3,\"name\":\"Sendy Audio Apollo\"}]},{\"@type\":\"WebSite\",\"@id\":\"https:\/\/hd-multimedia.com\/#website\",\"url\":\"https:\/\/hd-multimedia.com\/\",\"name\":\"hd-multimedia\",\"description\":\"\",\"publisher\":{\"@id\":\"https:\/\/hd-multimedia.com\/#organization\"},\"potentialAction\":[{\"@type\":\"SearchAction\",\"target\":{\"@type\":\"EntryPoint\",\"urlTemplate\":\"https:\/\/hd-multimedia.com\/?s={search_term_string}\"},\"query-input\":\"required name=search_term_string\"}],\"inLanguage\":\"en-GB\"},{\"@type\":\"Organization\",\"@id\":\"https:\/\/hd-multimedia.com\/#organization\",\"name\":\"hd-multimedia\",\"url\":\"https:\/\/hd-multimedia.com\/\",\"logo\":{\"@type\":\"ImageObject\",\"inLanguage\":\"en-GB\",\"@id\":\"https:\/\/hd-multimedia.com\/#\/schema\/logo\/image\/\",\"url\":\"https:\/\/hd-multimedia.com\/hdm_media\/HD-curves-ok-196-56px-alpha-1.png\",\"contentUrl\":\"https:\/\/hd-multimedia.com\/hdm_media\/HD-curves-ok-196-56px-alpha-1.png\",\"width\":196,\"height\":53,\"caption\":\"hd-multimedia\"},\"image\":{\"@id\":\"https:\/\/hd-multimedia.com\/#\/schema\/logo\/image\/\"}}]}<\/script>\n<!-- \/ Yoast SEO plugin. -->","yoast_head_json":{"title":"Sendy Audio Apollo - hd-multimedia","description":"Visoko vjerne - otvorene - magnetoplanarne HiFi slu\u0161alice - izra\u0111ene od kombinacije drveta, ko\u017ee i metala. Ugra\u0111en magnetoplanarni pogon 68mm za vjernu reprodukciju glazbe.","robots":{"index":"index","follow":"follow","max-snippet":"max-snippet:-1","max-image-preview":"max-image-preview:large","max-video-preview":"max-video-preview:-1"},"canonical":"https:\/\/hd-multimedia.com\/en\/trgovina\/sendy-apollo\/","og_locale":"en_GB","og_type":"article","og_title":"Sendy Audio Apollo - hd-multimedia","og_description":"Visoko vjerne - otvorene - magnetoplanarne HiFi slu\u0161alice - izra\u0111ene od kombinacije drveta, ko\u017ee i metala. Ugra\u0111en magnetoplanarni pogon 68mm za vjernu reprodukciju glazbe.","og_url":"https:\/\/hd-multimedia.com\/en\/trgovina\/sendy-apollo\/","og_site_name":"hd-multimedia","article_modified_time":"2025-12-08T09:14:21+00:00","og_image":[{"width":1200,"height":1200,"url":"https:\/\/hd-multimedia.com\/hdm_media\/apollo_1083a3288b332b731eacf52412b83ac9.jpg","type":"image\/jpeg"}],"twitter_card":"summary_large_image","twitter_misc":{"Estimated reading time":"1 minute"},"schema":{"@context":"https:\/\/schema.org","@graph":[{"@type":"WebPage","@id":"https:\/\/hd-multimedia.com\/trgovina\/sendy-apollo\/","url":"https:\/\/hd-multimedia.com\/trgovina\/sendy-apollo\/","name":"Sendy Audio Apollo - hd-multimedia","isPartOf":{"@id":"https:\/\/hd-multimedia.com\/#website"},"datePublished":"2022-11-22T12:00:44+00:00","dateModified":"2025-12-08T09:14:21+00:00","description":"Visoko vjerne - otvorene - magnetoplanarne HiFi slu\u0161alice - izra\u0111ene od kombinacije drveta, ko\u017ee i metala. Ugra\u0111en magnetoplanarni pogon 68mm za vjernu reprodukciju glazbe.","breadcrumb":{"@id":"https:\/\/hd-multimedia.com\/trgovina\/sendy-apollo\/#breadcrumb"},"inLanguage":"en-GB","potentialAction":[{"@type":"ReadAction","target":["https:\/\/hd-multimedia.com\/trgovina\/sendy-apollo\/"]}]},{"@type":"BreadcrumbList","@id":"https:\/\/hd-multimedia.com\/trgovina\/sendy-apollo\/#breadcrumb","itemListElement":[{"@type":"ListItem","position":1,"name":"Po\u010detna stranica","item":"https:\/\/hd-multimedia.com\/"},{"@type":"ListItem","position":2,"name":"Trgovina","item":"https:\/\/hd-multimedia.com\/trgovina\/"},{"@type":"ListItem","position":3,"name":"Sendy Audio Apollo"}]},{"@type":"WebSite","@id":"https:\/\/hd-multimedia.com\/#website","url":"https:\/\/hd-multimedia.com\/","name":"hd-multimedia","description":"","publisher":{"@id":"https:\/\/hd-multimedia.com\/#organization"},"potentialAction":[{"@type":"SearchAction","target":{"@type":"EntryPoint","urlTemplate":"https:\/\/hd-multimedia.com\/?s={search_term_string}"},"query-input":"required name=search_term_string"}],"inLanguage":"en-GB"},{"@type":"Organization","@id":"https:\/\/hd-multimedia.com\/#organization","name":"hd-multimedia","url":"https:\/\/hd-multimedia.com\/","logo":{"@type":"ImageObject","inLanguage":"en-GB","@id":"https:\/\/hd-multimedia.com\/#\/schema\/logo\/image\/","url":"https:\/\/hd-multimedia.com\/hdm_media\/HD-curves-ok-196-56px-alpha-1.png","contentUrl":"https:\/\/hd-multimedia.com\/hdm_media\/HD-curves-ok-196-56px-alpha-1.png","width":196,"height":53,"caption":"hd-multimedia"},"image":{"@id":"https:\/\/hd-multimedia.com\/#\/schema\/logo\/image\/"}}]}},"post_mailing_queue_ids":[],"_links":{"self":[{"href":"https:\/\/hd-multimedia.com\/en\/wp-json\/wp\/v2\/product\/9668","targetHints":{"allow":["GET"]}}],"collection":[{"href":"https:\/\/hd-multimedia.com\/en\/wp-json\/wp\/v2\/product"}],"about":[{"href":"https:\/\/hd-multimedia.com\/en\/wp-json\/wp\/v2\/types\/product"}],"version-history":[{"count":5,"href":"https:\/\/hd-multimedia.com\/en\/wp-json\/wp\/v2\/product\/9668\/revisions"}],"predecessor-version":[{"id":16760,"href":"https:\/\/hd-multimedia.com\/en\/wp-json\/wp\/v2\/product\/9668\/revisions\/16760"}],"wp:featuredmedia":[{"embeddable":true,"href":"https:\/\/hd-multimedia.com\/en\/wp-json\/wp\/v2\/media\/9673"}],"wp:attachment":[{"href":"https:\/\/hd-multimedia.com\/en\/wp-json\/wp\/v2\/media?parent=9668"}],"curies":[{"name":"wp","href":"https:\/\/api.w.org\/{rel}","templated":true}]}}