{"id":9655,"date":"2022-11-22T11:46:46","date_gmt":"2022-11-22T11:46:46","guid":{"rendered":"https:\/\/hd-multimedia.com\/?post_type=product&#038;p=9655"},"modified":"2025-12-08T09:14:09","modified_gmt":"2025-12-08T09:14:09","slug":"sivga-sv023","status":"publish","type":"product","link":"https:\/\/hd-multimedia.com\/en\/trgovina\/sivga-sv023\/","title":{"rendered":"SIVGA SV023"},"content":{"rendered":"<div class=\"flex max-w-full flex-col flex-grow\">\n<div class=\"min-h-8 text-message flex w-full flex-col items-end gap-2 whitespace-normal break-words text-start [.text-message+&amp;]:mt-5\" dir=\"auto\" data-message-author-role=\"assistant\" data-message-id=\"0a417e67-bd82-43e9-8e1c-2dc5164fe0f4\" data-message-model-slug=\"gpt-4o\">\n<div class=\"flex w-full flex-col gap-1 empty:hidden first:pt-[3px]\">\n<div class=\"markdown prose w-full break-words dark:prose-invert dark\">\n<p>Ispod sofisticiranog dizajna krije se vrhunska tehnologija \u2013 50 mm dinami\u010dki driveri s LCP (Liquid Crystal Polymer) membranom oblo\u017eenom berilijem osiguravaju izuzetnu jasno\u0107u i bogat tonalitet u cijelom frekvencijskom spektru. Sa \u0161irokim frekvencijskim rasponom od 20 Hz do 40 kHz, impedancijom od 300 \u03a9 i osjetljivo\u0161\u0107u od 105 dB, SV023 pru\u017ea detaljan i dinami\u010dan zvuk, savr\u0161en za ljubitelje visoke rezolucije. U paketu dolazi visokokvalitetni 6N OCC bakreni kabel s 4,4 mm balansiranim priklju\u010dkom, uz dodatne adaptere za 3,5 mm i 6,35 mm, osiguravaju\u0107i svestranost i kompatibilnost s razli\u010ditim ure\u0111ajima.<\/p>\n<p>&nbsp;<\/p>\n<\/div>\n<\/div>\n<\/div>\n<\/div>\n","protected":false},"excerpt":{"rendered":"<p>The Sivga SV023 headphones feature an elegant design and superior craftsmanship, making them the perfect choice for audiophiles seeking a blend of aesthetics and performance. The handcrafted wooden shells are not only visually appealing, but also enhance acoustic characteristics, reducing unwanted resonances and providing a more natural sound. The adjustable leather headband and soft memory foam ear cushions ensure long-lasting comfort, even during hours of listening. The headphones also come with a high-quality leather case and a canvas bag, further emphasizing the attention to detail and premium craftsmanship.<\/p>\n<p><a href=\"https:\/\/www.sivgaaudio.com\/product_d?id=13\" target=\"_blank\" rel=\"noopener\">You can find other information at this link.<\/a><\/p>","protected":false},"featured_media":9662,"template":"","meta":{"site-sidebar-layout":"default","site-content-layout":"default","ast-site-content-layout":"default","site-content-style":"default","site-sidebar-style":"default","ast-global-header-display":"","ast-banner-title-visibility":"","ast-main-header-display":"","ast-hfb-above-header-display":"","ast-hfb-below-header-display":"","ast-hfb-mobile-header-display":"","site-post-title":"","ast-breadcrumbs-content":"","ast-featured-img":"","footer-sml-layout":"","theme-transparent-header-meta":"default","adv-header-id-meta":"","stick-header-meta":"default","header-above-stick-meta":"","header-main-stick-meta":"","header-below-stick-meta":"","astra-migrate-meta-layouts":"set","ast-page-background-enabled":"default","ast-page-background-meta":{"desktop":{"background-color":"","background-image":"","background-repeat":"repeat","background-position":"center center","background-size":"auto","background-attachment":"scroll","background-type":"","background-media":"","overlay-type":"","overlay-color":"","overlay-opacity":"","overlay-gradient":""},"tablet":{"background-color":"","background-image":"","background-repeat":"repeat","background-position":"center center","background-size":"auto","background-attachment":"scroll","background-type":"","background-media":"","overlay-type":"","overlay-color":"","overlay-opacity":"","overlay-gradient":""},"mobile":{"background-color":"","background-image":"","background-repeat":"repeat","background-position":"center center","background-size":"auto","background-attachment":"scroll","background-type":"","background-media":"","overlay-type":"","overlay-color":"","overlay-opacity":"","overlay-gradient":""}},"ast-content-background-meta":{"desktop":{"background-color":"var(--ast-global-color-5)","background-image":"","background-repeat":"repeat","background-position":"center center","background-size":"auto","background-attachment":"scroll","background-type":"","background-media":"","overlay-type":"","overlay-color":"","overlay-opacity":"","overlay-gradient":""},"tablet":{"background-color":"var(--ast-global-color-5)","background-image":"","background-repeat":"repeat","background-position":"center center","background-size":"auto","background-attachment":"scroll","background-type":"","background-media":"","overlay-type":"","overlay-color":"","overlay-opacity":"","overlay-gradient":""},"mobile":{"background-color":"var(--ast-global-color-5)","background-image":"","background-repeat":"repeat","background-position":"center center","background-size":"auto","background-attachment":"scroll","background-type":"","background-media":"","overlay-type":"","overlay-color":"","overlay-opacity":"","overlay-gradient":""}}},"class_list":["post-9655","product","type-product","status-publish","has-post-thumbnail","hentry","product_cat-sivga","product_cat-naglavne-slusalice","desktop-align-center","tablet-align-center","mobile-align-center","ast-product-gallery-layout-horizontal","ast-magnify-disabled","ast-product-tabs-layout-horizontal"],"yoast_head":"<!-- This site is optimized with the Yoast SEO plugin v27.5 - https:\/\/yoast.com\/product\/yoast-seo-wordpress\/ -->\n<title>SIVGA SV023 - hd-multimedia<\/title>\n<meta name=\"description\" content=\"HiFi slu\u0161alice - izra\u0111ene od drveta, ko\u017ee i metala. 50mm dinami\u010dki pogon, s LCP kompozit \/ Berilij membranom za vjernu reprodukciju.\" \/>\n<meta name=\"robots\" content=\"index, follow, max-snippet:-1, max-image-preview:large, max-video-preview:-1\" \/>\n<link rel=\"canonical\" href=\"https:\/\/hd-multimedia.com\/en\/trgovina\/sivga-sv023\/\" \/>\n<meta property=\"og:locale\" content=\"en_GB\" \/>\n<meta property=\"og:type\" content=\"article\" \/>\n<meta property=\"og:title\" content=\"SIVGA SV023 - hd-multimedia\" \/>\n<meta property=\"og:description\" content=\"HiFi slu\u0161alice - izra\u0111ene od drveta, ko\u017ee i metala. 50mm dinami\u010dki pogon, s LCP kompozit \/ Berilij membranom za vjernu reprodukciju.\" \/>\n<meta property=\"og:url\" content=\"https:\/\/hd-multimedia.com\/en\/trgovina\/sivga-sv023\/\" \/>\n<meta property=\"og:site_name\" content=\"hd-multimedia\" \/>\n<meta property=\"article:modified_time\" content=\"2025-12-08T09:14:09+00:00\" \/>\n<meta property=\"og:image\" content=\"https:\/\/hd-multimedia.com\/hdm_media\/SV023_d65f8f7d956cd27a7616c3b8260c9588.jpg\" \/>\n\t<meta property=\"og:image:width\" content=\"1000\" \/>\n\t<meta property=\"og:image:height\" content=\"1000\" \/>\n\t<meta property=\"og:image:type\" content=\"image\/jpeg\" \/>\n<meta name=\"twitter:card\" content=\"summary_large_image\" \/>\n<meta name=\"twitter:label1\" content=\"Estimated reading time\" \/>\n\t<meta name=\"twitter:data1\" content=\"1 minute\" \/>\n<script type=\"application\/ld+json\" class=\"yoast-schema-graph\">{\"@context\":\"https:\\\/\\\/schema.org\",\"@graph\":[{\"@type\":\"WebPage\",\"@id\":\"https:\\\/\\\/hd-multimedia.com\\\/trgovina\\\/sivga-sv023\\\/\",\"url\":\"https:\\\/\\\/hd-multimedia.com\\\/trgovina\\\/sivga-sv023\\\/\",\"name\":\"SIVGA SV023 - hd-multimedia\",\"isPartOf\":{\"@id\":\"https:\\\/\\\/hd-multimedia.com\\\/#website\"},\"primaryImageOfPage\":{\"@id\":\"https:\\\/\\\/hd-multimedia.com\\\/trgovina\\\/sivga-sv023\\\/#primaryimage\"},\"image\":{\"@id\":\"https:\\\/\\\/hd-multimedia.com\\\/trgovina\\\/sivga-sv023\\\/#primaryimage\"},\"thumbnailUrl\":\"https:\\\/\\\/hd-multimedia.com\\\/hdm_media\\\/SV023_d65f8f7d956cd27a7616c3b8260c9588.jpg\",\"datePublished\":\"2022-11-22T11:46:46+00:00\",\"dateModified\":\"2025-12-08T09:14:09+00:00\",\"description\":\"HiFi slu\u0161alice - izra\u0111ene od drveta, ko\u017ee i metala. 50mm dinami\u010dki pogon, s LCP kompozit \\\/ Berilij membranom za vjernu reprodukciju.\",\"breadcrumb\":{\"@id\":\"https:\\\/\\\/hd-multimedia.com\\\/trgovina\\\/sivga-sv023\\\/#breadcrumb\"},\"inLanguage\":\"en-GB\",\"potentialAction\":[{\"@type\":\"ReadAction\",\"target\":[\"https:\\\/\\\/hd-multimedia.com\\\/trgovina\\\/sivga-sv023\\\/\"]}]},{\"@type\":\"ImageObject\",\"inLanguage\":\"en-GB\",\"@id\":\"https:\\\/\\\/hd-multimedia.com\\\/trgovina\\\/sivga-sv023\\\/#primaryimage\",\"url\":\"https:\\\/\\\/hd-multimedia.com\\\/hdm_media\\\/SV023_d65f8f7d956cd27a7616c3b8260c9588.jpg\",\"contentUrl\":\"https:\\\/\\\/hd-multimedia.com\\\/hdm_media\\\/SV023_d65f8f7d956cd27a7616c3b8260c9588.jpg\",\"width\":1000,\"height\":1000},{\"@type\":\"BreadcrumbList\",\"@id\":\"https:\\\/\\\/hd-multimedia.com\\\/trgovina\\\/sivga-sv023\\\/#breadcrumb\",\"itemListElement\":[{\"@type\":\"ListItem\",\"position\":1,\"name\":\"Po\u010detna stranica\",\"item\":\"https:\\\/\\\/hd-multimedia.com\\\/\"},{\"@type\":\"ListItem\",\"position\":2,\"name\":\"Trgovina\",\"item\":\"https:\\\/\\\/hd-multimedia.com\\\/trgovina\\\/\"},{\"@type\":\"ListItem\",\"position\":3,\"name\":\"SIVGA SV023\"}]},{\"@type\":\"WebSite\",\"@id\":\"https:\\\/\\\/hd-multimedia.com\\\/#website\",\"url\":\"https:\\\/\\\/hd-multimedia.com\\\/\",\"name\":\"hd-multimedia\",\"description\":\"\",\"publisher\":{\"@id\":\"https:\\\/\\\/hd-multimedia.com\\\/#organization\"},\"potentialAction\":[{\"@type\":\"SearchAction\",\"target\":{\"@type\":\"EntryPoint\",\"urlTemplate\":\"https:\\\/\\\/hd-multimedia.com\\\/?s={search_term_string}\"},\"query-input\":{\"@type\":\"PropertyValueSpecification\",\"valueRequired\":true,\"valueName\":\"search_term_string\"}}],\"inLanguage\":\"en-GB\"},{\"@type\":\"Organization\",\"@id\":\"https:\\\/\\\/hd-multimedia.com\\\/#organization\",\"name\":\"hd-multimedia\",\"url\":\"https:\\\/\\\/hd-multimedia.com\\\/\",\"logo\":{\"@type\":\"ImageObject\",\"inLanguage\":\"en-GB\",\"@id\":\"https:\\\/\\\/hd-multimedia.com\\\/#\\\/schema\\\/logo\\\/image\\\/\",\"url\":\"https:\\\/\\\/hd-multimedia.com\\\/hdm_media\\\/HD-curves-ok-196-56px-alpha-1.png\",\"contentUrl\":\"https:\\\/\\\/hd-multimedia.com\\\/hdm_media\\\/HD-curves-ok-196-56px-alpha-1.png\",\"width\":196,\"height\":53,\"caption\":\"hd-multimedia\"},\"image\":{\"@id\":\"https:\\\/\\\/hd-multimedia.com\\\/#\\\/schema\\\/logo\\\/image\\\/\"}}]}<\/script>\n<!-- \/ Yoast SEO plugin. -->","yoast_head_json":{"title":"SIVGA SV023 - hd-multimedia","description":"HiFi slu\u0161alice - izra\u0111ene od drveta, ko\u017ee i metala. 50mm dinami\u010dki pogon, s LCP kompozit \/ Berilij membranom za vjernu reprodukciju.","robots":{"index":"index","follow":"follow","max-snippet":"max-snippet:-1","max-image-preview":"max-image-preview:large","max-video-preview":"max-video-preview:-1"},"canonical":"https:\/\/hd-multimedia.com\/en\/trgovina\/sivga-sv023\/","og_locale":"en_GB","og_type":"article","og_title":"SIVGA SV023 - hd-multimedia","og_description":"HiFi slu\u0161alice - izra\u0111ene od drveta, ko\u017ee i metala. 50mm dinami\u010dki pogon, s LCP kompozit \/ Berilij membranom za vjernu reprodukciju.","og_url":"https:\/\/hd-multimedia.com\/en\/trgovina\/sivga-sv023\/","og_site_name":"hd-multimedia","article_modified_time":"2025-12-08T09:14:09+00:00","og_image":[{"width":1000,"height":1000,"url":"https:\/\/hd-multimedia.com\/hdm_media\/SV023_d65f8f7d956cd27a7616c3b8260c9588.jpg","type":"image\/jpeg"}],"twitter_card":"summary_large_image","twitter_misc":{"Estimated reading time":"1 minute"},"schema":{"@context":"https:\/\/schema.org","@graph":[{"@type":"WebPage","@id":"https:\/\/hd-multimedia.com\/trgovina\/sivga-sv023\/","url":"https:\/\/hd-multimedia.com\/trgovina\/sivga-sv023\/","name":"SIVGA SV023 - hd-multimedia","isPartOf":{"@id":"https:\/\/hd-multimedia.com\/#website"},"primaryImageOfPage":{"@id":"https:\/\/hd-multimedia.com\/trgovina\/sivga-sv023\/#primaryimage"},"image":{"@id":"https:\/\/hd-multimedia.com\/trgovina\/sivga-sv023\/#primaryimage"},"thumbnailUrl":"https:\/\/hd-multimedia.com\/hdm_media\/SV023_d65f8f7d956cd27a7616c3b8260c9588.jpg","datePublished":"2022-11-22T11:46:46+00:00","dateModified":"2025-12-08T09:14:09+00:00","description":"HiFi slu\u0161alice - izra\u0111ene od drveta, ko\u017ee i metala. 50mm dinami\u010dki pogon, s LCP kompozit \/ Berilij membranom za vjernu reprodukciju.","breadcrumb":{"@id":"https:\/\/hd-multimedia.com\/trgovina\/sivga-sv023\/#breadcrumb"},"inLanguage":"en-GB","potentialAction":[{"@type":"ReadAction","target":["https:\/\/hd-multimedia.com\/trgovina\/sivga-sv023\/"]}]},{"@type":"ImageObject","inLanguage":"en-GB","@id":"https:\/\/hd-multimedia.com\/trgovina\/sivga-sv023\/#primaryimage","url":"https:\/\/hd-multimedia.com\/hdm_media\/SV023_d65f8f7d956cd27a7616c3b8260c9588.jpg","contentUrl":"https:\/\/hd-multimedia.com\/hdm_media\/SV023_d65f8f7d956cd27a7616c3b8260c9588.jpg","width":1000,"height":1000},{"@type":"BreadcrumbList","@id":"https:\/\/hd-multimedia.com\/trgovina\/sivga-sv023\/#breadcrumb","itemListElement":[{"@type":"ListItem","position":1,"name":"Po\u010detna stranica","item":"https:\/\/hd-multimedia.com\/"},{"@type":"ListItem","position":2,"name":"Trgovina","item":"https:\/\/hd-multimedia.com\/trgovina\/"},{"@type":"ListItem","position":3,"name":"SIVGA SV023"}]},{"@type":"WebSite","@id":"https:\/\/hd-multimedia.com\/#website","url":"https:\/\/hd-multimedia.com\/","name":"hd multimedia","description":"","publisher":{"@id":"https:\/\/hd-multimedia.com\/#organization"},"potentialAction":[{"@type":"SearchAction","target":{"@type":"EntryPoint","urlTemplate":"https:\/\/hd-multimedia.com\/?s={search_term_string}"},"query-input":{"@type":"PropertyValueSpecification","valueRequired":true,"valueName":"search_term_string"}}],"inLanguage":"en-GB"},{"@type":"Organization","@id":"https:\/\/hd-multimedia.com\/#organization","name":"hd multimedia","url":"https:\/\/hd-multimedia.com\/","logo":{"@type":"ImageObject","inLanguage":"en-GB","@id":"https:\/\/hd-multimedia.com\/#\/schema\/logo\/image\/","url":"https:\/\/hd-multimedia.com\/hdm_media\/HD-curves-ok-196-56px-alpha-1.png","contentUrl":"https:\/\/hd-multimedia.com\/hdm_media\/HD-curves-ok-196-56px-alpha-1.png","width":196,"height":53,"caption":"hd-multimedia"},"image":{"@id":"https:\/\/hd-multimedia.com\/#\/schema\/logo\/image\/"}}]}},"post_mailing_queue_ids":[],"_links":{"self":[{"href":"https:\/\/hd-multimedia.com\/en\/wp-json\/wp\/v2\/product\/9655","targetHints":{"allow":["GET"]}}],"collection":[{"href":"https:\/\/hd-multimedia.com\/en\/wp-json\/wp\/v2\/product"}],"about":[{"href":"https:\/\/hd-multimedia.com\/en\/wp-json\/wp\/v2\/types\/product"}],"version-history":[{"count":4,"href":"https:\/\/hd-multimedia.com\/en\/wp-json\/wp\/v2\/product\/9655\/revisions"}],"predecessor-version":[{"id":17707,"href":"https:\/\/hd-multimedia.com\/en\/wp-json\/wp\/v2\/product\/9655\/revisions\/17707"}],"wp:featuredmedia":[{"embeddable":true,"href":"https:\/\/hd-multimedia.com\/en\/wp-json\/wp\/v2\/media\/9662"}],"wp:attachment":[{"href":"https:\/\/hd-multimedia.com\/en\/wp-json\/wp\/v2\/media?parent=9655"}],"curies":[{"name":"wp","href":"https:\/\/api.w.org\/{rel}","templated":true}]}}