{"id":8392,"date":"2022-04-06T17:12:25","date_gmt":"2022-04-06T17:12:25","guid":{"rendered":"https:\/\/hd-multimedia.com\/?post_type=product&#038;p=8392"},"modified":"2024-07-22T06:49:46","modified_gmt":"2024-07-22T06:49:46","slug":"proac-sm100","status":"publish","type":"product","link":"https:\/\/hd-multimedia.com\/en\/trgovina\/proac-sm100\/","title":{"rendered":"ProAc SM100"},"content":{"rendered":"<p>ProAc SM100 \u2013 (pair) of passive speakers.<\/p>\n<p>NOMINAL IMPEDANCE: 8 ohms<br \/>\nRECOMMENDED AMPLIFIERS: 30-150 watts<br \/>\nFREQUENCY RESPONSE: 35Hz \u2013 30kHz<br \/>\nSENSITIVITY: 88dB linear for 1 watt at 1 meter<br \/>\nBASS \/ MIDRANGE DRIVERS: ProAc 165mm (6.5\u201d) treated cone with rubber surround and ProAc basket.<br \/>\nTWEETER: ProAc 25mm (1\u201d) ProAc silk dome with special front plate and roll surround.<br \/>\nCROSSOVER: Finest components on dedicated circuit board. Multistrand oxygen free copper cable throughout. Split for optional Bi Wiring and Bi Amplification.<br \/>\nHEIGHT (CABINET): 406mm (16&quot;)<br \/>\nWIDTH (CABINET): 203mm (8\u201d)<br \/>\nDEPTH (CABINET): 254mm (10&quot;)<br \/>\nWEIGHT each 12kg (26lb)<br \/>\nMODE: Stand mounting recommended, can be shelf mounted if necessary<br \/>\nGRILLE: Acoustically transparent crimplene<br \/>\nSTANDARD FINISHES: Cherry or Black Ash<\/p>","protected":false},"excerpt":{"rendered":"<p>The ProAc SM100, an upgraded version of the Studio 100, features Stewart Tyler&#039;s improved design. With improvements such as an upgraded bass driver, a new 1-inch diameter dome tweeter and a redesigned crossover network, it offers outstanding technical performance. The rubber coating on the bass driver ensures durability and improved power manipulation, while the precision-crafted box improves quality. The new tweeter, designed by ProAc, minimizes distortion with a 1-inch silk dome and damped front panel. A custom crossover, using high-quality components, optimizes overall performance. Retaining the classic ProAc 100 sound signature, the SM100 provides a smoother and less fatiguing midrange and treble response, offering enhanced detail, precise mapping and reduced treble distortion. Whether you&#039;re new to the ProAc world or upgrading from the Studio 100, the SM100 represents the pinnacle of studio monitoring with advanced technical features.<\/p>\n<p>This model is available from the manufacturer, can be ordered in the color of your choice. Delivery within 15 days of order.<\/p>","protected":false},"featured_media":8404,"template":"","meta":{"site-sidebar-layout":"default","site-content-layout":"default","ast-site-content-layout":"default","site-content-style":"default","site-sidebar-style":"default","ast-global-header-display":"","ast-banner-title-visibility":"","ast-main-header-display":"","ast-hfb-above-header-display":"","ast-hfb-below-header-display":"","ast-hfb-mobile-header-display":"","site-post-title":"","ast-breadcrumbs-content":"","ast-featured-img":"","footer-sml-layout":"","theme-transparent-header-meta":"default","adv-header-id-meta":"","stick-header-meta":"default","header-above-stick-meta":"","header-main-stick-meta":"","header-below-stick-meta":"","astra-migrate-meta-layouts":"set","ast-page-background-enabled":"default","ast-page-background-meta":{"desktop":{"background-color":"","background-image":"","background-repeat":"repeat","background-position":"center center","background-size":"auto","background-attachment":"scroll","background-type":"","background-media":"","overlay-type":"","overlay-color":"","overlay-opacity":"","overlay-gradient":""},"tablet":{"background-color":"","background-image":"","background-repeat":"repeat","background-position":"center center","background-size":"auto","background-attachment":"scroll","background-type":"","background-media":"","overlay-type":"","overlay-color":"","overlay-opacity":"","overlay-gradient":""},"mobile":{"background-color":"","background-image":"","background-repeat":"repeat","background-position":"center center","background-size":"auto","background-attachment":"scroll","background-type":"","background-media":"","overlay-type":"","overlay-color":"","overlay-opacity":"","overlay-gradient":""}},"ast-content-background-meta":{"desktop":{"background-color":"var(--ast-global-color-5)","background-image":"","background-repeat":"repeat","background-position":"center center","background-size":"auto","background-attachment":"scroll","background-type":"","background-media":"","overlay-type":"","overlay-color":"","overlay-opacity":"","overlay-gradient":""},"tablet":{"background-color":"var(--ast-global-color-5)","background-image":"","background-repeat":"repeat","background-position":"center center","background-size":"auto","background-attachment":"scroll","background-type":"","background-media":"","overlay-type":"","overlay-color":"","overlay-opacity":"","overlay-gradient":""},"mobile":{"background-color":"var(--ast-global-color-5)","background-image":"","background-repeat":"repeat","background-position":"center center","background-size":"auto","background-attachment":"scroll","background-type":"","background-media":"","overlay-type":"","overlay-color":"","overlay-opacity":"","overlay-gradient":""}}},"class_list":["post-8392","product","type-product","status-publish","has-post-thumbnail","hentry","product_cat-proac","product_cat-pasivne-zvucne-kutije","desktop-align-center","tablet-align-center","mobile-align-center","ast-product-gallery-layout-horizontal","ast-magnify-disabled","ast-product-single-variable","ast-product-tabs-layout-horizontal"],"yoast_head":"<!-- This site is optimized with the Yoast SEO plugin v21.4 - https:\/\/yoast.com\/wordpress\/plugins\/seo\/ -->\n<title>ProAc SM100 - hd-multimedia<\/title>\n<meta name=\"description\" content=\"ProAc SM100, nadogra\u0111ena verzija Studio 100, donosi unaprije\u0111eni dizajn Stewarta Tylera. S pobolj\u0161anjima poput unaprije\u0111enog bass drivera.\" \/>\n<meta name=\"robots\" content=\"index, follow, max-snippet:-1, max-image-preview:large, max-video-preview:-1\" \/>\n<link rel=\"canonical\" href=\"https:\/\/hd-multimedia.com\/en\/trgovina\/proac-sm100\/\" \/>\n<meta property=\"og:locale\" content=\"en_GB\" \/>\n<meta property=\"og:type\" content=\"article\" \/>\n<meta property=\"og:title\" content=\"ProAc SM100 - hd-multimedia\" \/>\n<meta property=\"og:description\" content=\"ProAc SM100, nadogra\u0111ena verzija Studio 100, donosi unaprije\u0111eni dizajn Stewarta Tylera. S pobolj\u0161anjima poput unaprije\u0111enog bass drivera.\" \/>\n<meta property=\"og:url\" content=\"https:\/\/hd-multimedia.com\/en\/trgovina\/proac-sm100\/\" \/>\n<meta property=\"og:site_name\" content=\"hd-multimedia\" \/>\n<meta property=\"article:modified_time\" content=\"2024-07-22T06:49:46+00:00\" \/>\n<meta property=\"og:image\" content=\"https:\/\/hd-multimedia.com\/hdm_media\/SSM1005-e1668679759611.jpg\" \/>\n\t<meta property=\"og:image:width\" content=\"533\" \/>\n\t<meta property=\"og:image:height\" content=\"533\" \/>\n\t<meta property=\"og:image:type\" content=\"image\/jpeg\" \/>\n<meta name=\"twitter:card\" content=\"summary_large_image\" \/>\n<meta name=\"twitter:label1\" content=\"Estimated reading time\" \/>\n\t<meta name=\"twitter:data1\" content=\"1 minute\" \/>\n<script type=\"application\/ld+json\" class=\"yoast-schema-graph\">{\"@context\":\"https:\/\/schema.org\",\"@graph\":[{\"@type\":\"WebPage\",\"@id\":\"https:\/\/hd-multimedia.com\/trgovina\/proac-sm100\/\",\"url\":\"https:\/\/hd-multimedia.com\/trgovina\/proac-sm100\/\",\"name\":\"ProAc SM100 - hd-multimedia\",\"isPartOf\":{\"@id\":\"https:\/\/hd-multimedia.com\/#website\"},\"datePublished\":\"2022-04-06T17:12:25+00:00\",\"dateModified\":\"2024-07-22T06:49:46+00:00\",\"description\":\"ProAc SM100, nadogra\u0111ena verzija Studio 100, donosi unaprije\u0111eni dizajn Stewarta Tylera. S pobolj\u0161anjima poput unaprije\u0111enog bass drivera.\",\"breadcrumb\":{\"@id\":\"https:\/\/hd-multimedia.com\/trgovina\/proac-sm100\/#breadcrumb\"},\"inLanguage\":\"en-GB\",\"potentialAction\":[{\"@type\":\"ReadAction\",\"target\":[\"https:\/\/hd-multimedia.com\/trgovina\/proac-sm100\/\"]}]},{\"@type\":\"BreadcrumbList\",\"@id\":\"https:\/\/hd-multimedia.com\/trgovina\/proac-sm100\/#breadcrumb\",\"itemListElement\":[{\"@type\":\"ListItem\",\"position\":1,\"name\":\"Po\u010detna stranica\",\"item\":\"https:\/\/hd-multimedia.com\/\"},{\"@type\":\"ListItem\",\"position\":2,\"name\":\"Trgovina\",\"item\":\"https:\/\/hd-multimedia.com\/trgovina\/\"},{\"@type\":\"ListItem\",\"position\":3,\"name\":\"ProAc SM100\"}]},{\"@type\":\"WebSite\",\"@id\":\"https:\/\/hd-multimedia.com\/#website\",\"url\":\"https:\/\/hd-multimedia.com\/\",\"name\":\"hd-multimedia\",\"description\":\"\",\"publisher\":{\"@id\":\"https:\/\/hd-multimedia.com\/#organization\"},\"potentialAction\":[{\"@type\":\"SearchAction\",\"target\":{\"@type\":\"EntryPoint\",\"urlTemplate\":\"https:\/\/hd-multimedia.com\/?s={search_term_string}\"},\"query-input\":\"required name=search_term_string\"}],\"inLanguage\":\"en-GB\"},{\"@type\":\"Organization\",\"@id\":\"https:\/\/hd-multimedia.com\/#organization\",\"name\":\"hd-multimedia\",\"url\":\"https:\/\/hd-multimedia.com\/\",\"logo\":{\"@type\":\"ImageObject\",\"inLanguage\":\"en-GB\",\"@id\":\"https:\/\/hd-multimedia.com\/#\/schema\/logo\/image\/\",\"url\":\"https:\/\/hd-multimedia.com\/hdm_media\/HD-curves-ok-196-56px-alpha-1.png\",\"contentUrl\":\"https:\/\/hd-multimedia.com\/hdm_media\/HD-curves-ok-196-56px-alpha-1.png\",\"width\":196,\"height\":53,\"caption\":\"hd-multimedia\"},\"image\":{\"@id\":\"https:\/\/hd-multimedia.com\/#\/schema\/logo\/image\/\"}}]}<\/script>\n<!-- \/ Yoast SEO plugin. -->","yoast_head_json":{"title":"ProAc SM100 - hd-multimedia","description":"ProAc SM100, nadogra\u0111ena verzija Studio 100, donosi unaprije\u0111eni dizajn Stewarta Tylera. S pobolj\u0161anjima poput unaprije\u0111enog bass drivera.","robots":{"index":"index","follow":"follow","max-snippet":"max-snippet:-1","max-image-preview":"max-image-preview:large","max-video-preview":"max-video-preview:-1"},"canonical":"https:\/\/hd-multimedia.com\/en\/trgovina\/proac-sm100\/","og_locale":"en_GB","og_type":"article","og_title":"ProAc SM100 - hd-multimedia","og_description":"ProAc SM100, nadogra\u0111ena verzija Studio 100, donosi unaprije\u0111eni dizajn Stewarta Tylera. S pobolj\u0161anjima poput unaprije\u0111enog bass drivera.","og_url":"https:\/\/hd-multimedia.com\/en\/trgovina\/proac-sm100\/","og_site_name":"hd-multimedia","article_modified_time":"2024-07-22T06:49:46+00:00","og_image":[{"width":533,"height":533,"url":"https:\/\/hd-multimedia.com\/hdm_media\/SSM1005-e1668679759611.jpg","type":"image\/jpeg"}],"twitter_card":"summary_large_image","twitter_misc":{"Estimated reading time":"1 minute"},"schema":{"@context":"https:\/\/schema.org","@graph":[{"@type":"WebPage","@id":"https:\/\/hd-multimedia.com\/trgovina\/proac-sm100\/","url":"https:\/\/hd-multimedia.com\/trgovina\/proac-sm100\/","name":"ProAc SM100 - hd-multimedia","isPartOf":{"@id":"https:\/\/hd-multimedia.com\/#website"},"datePublished":"2022-04-06T17:12:25+00:00","dateModified":"2024-07-22T06:49:46+00:00","description":"ProAc SM100, nadogra\u0111ena verzija Studio 100, donosi unaprije\u0111eni dizajn Stewarta Tylera. S pobolj\u0161anjima poput unaprije\u0111enog bass drivera.","breadcrumb":{"@id":"https:\/\/hd-multimedia.com\/trgovina\/proac-sm100\/#breadcrumb"},"inLanguage":"en-GB","potentialAction":[{"@type":"ReadAction","target":["https:\/\/hd-multimedia.com\/trgovina\/proac-sm100\/"]}]},{"@type":"BreadcrumbList","@id":"https:\/\/hd-multimedia.com\/trgovina\/proac-sm100\/#breadcrumb","itemListElement":[{"@type":"ListItem","position":1,"name":"Po\u010detna stranica","item":"https:\/\/hd-multimedia.com\/"},{"@type":"ListItem","position":2,"name":"Trgovina","item":"https:\/\/hd-multimedia.com\/trgovina\/"},{"@type":"ListItem","position":3,"name":"ProAc SM100"}]},{"@type":"WebSite","@id":"https:\/\/hd-multimedia.com\/#website","url":"https:\/\/hd-multimedia.com\/","name":"hd-multimedia","description":"","publisher":{"@id":"https:\/\/hd-multimedia.com\/#organization"},"potentialAction":[{"@type":"SearchAction","target":{"@type":"EntryPoint","urlTemplate":"https:\/\/hd-multimedia.com\/?s={search_term_string}"},"query-input":"required name=search_term_string"}],"inLanguage":"en-GB"},{"@type":"Organization","@id":"https:\/\/hd-multimedia.com\/#organization","name":"hd-multimedia","url":"https:\/\/hd-multimedia.com\/","logo":{"@type":"ImageObject","inLanguage":"en-GB","@id":"https:\/\/hd-multimedia.com\/#\/schema\/logo\/image\/","url":"https:\/\/hd-multimedia.com\/hdm_media\/HD-curves-ok-196-56px-alpha-1.png","contentUrl":"https:\/\/hd-multimedia.com\/hdm_media\/HD-curves-ok-196-56px-alpha-1.png","width":196,"height":53,"caption":"hd-multimedia"},"image":{"@id":"https:\/\/hd-multimedia.com\/#\/schema\/logo\/image\/"}}]}},"post_mailing_queue_ids":[],"_links":{"self":[{"href":"https:\/\/hd-multimedia.com\/en\/wp-json\/wp\/v2\/product\/8392","targetHints":{"allow":["GET"]}}],"collection":[{"href":"https:\/\/hd-multimedia.com\/en\/wp-json\/wp\/v2\/product"}],"about":[{"href":"https:\/\/hd-multimedia.com\/en\/wp-json\/wp\/v2\/types\/product"}],"version-history":[{"count":9,"href":"https:\/\/hd-multimedia.com\/en\/wp-json\/wp\/v2\/product\/8392\/revisions"}],"predecessor-version":[{"id":16054,"href":"https:\/\/hd-multimedia.com\/en\/wp-json\/wp\/v2\/product\/8392\/revisions\/16054"}],"wp:featuredmedia":[{"embeddable":true,"href":"https:\/\/hd-multimedia.com\/en\/wp-json\/wp\/v2\/media\/8404"}],"wp:attachment":[{"href":"https:\/\/hd-multimedia.com\/en\/wp-json\/wp\/v2\/media?parent=8392"}],"curies":[{"name":"wp","href":"https:\/\/api.w.org\/{rel}","templated":true}]}}