{"id":7942,"date":"2022-01-27T13:17:59","date_gmt":"2022-01-27T13:17:59","guid":{"rendered":"https:\/\/hd-multimedia.com\/?post_type=product&#038;p=7942"},"modified":"2025-02-19T23:29:26","modified_gmt":"2025-02-19T23:29:26","slug":"topping-mx5","status":"publish","type":"product","link":"https:\/\/hd-multimedia.com\/en\/trgovina\/topping-mx5\/","title":{"rendered":"Topping MX5"},"content":{"rendered":"<p>The Topping MX5 is a combo amplifier and headphone amplifier with an integrated ESS ES9018 DAC. Particularly versatile and powerful, excellent Bluetooth reception thanks to the QCC3031 chip, the efficient XMOS XU208 USB interface and full connectivity.<\/p>\n<p>Topping MX5 integrated amplifier 2x70W + DAC. Digital and analog inputs, remote<\/p>\n<p>&nbsp;<\/p>","protected":false},"excerpt":{"rendered":"<p>The Topping MX5 offers versatile connectivity with TRS balanced and single-ended RCA analog inputs, accommodating a wide range of audio sources. Its Infineon Merus Class D amplifier delivers strong performance, producing 70W x2 output into a 4 ohm load with 10% distortion, ensuring reliable use in a variety of scenarios. The NFCA headphone amplifier provides ultra-low noise and distortion, making it compatible with both high-sensitivity IEMs and high-impedance headphones. Additionally, the Topping MX5 has a built-in EQ function, allowing users to adjust the treble and bass levels according to their preferences. With 2-stage gain settings for power and headphone amplifier, the Topping MX5 provides the flexibility to adapt to different input signals, enhancing the overall audio experience.<\/p>\n<p>Topping MX5 Multifunctional Amplifier \u2013 <a href=\"https:\/\/www.tpdz.net\/productinfo\/750747.html\" target=\"_blank\" rel=\"noopener\">click for more information.\u00a0\u00a0<\/a><\/p>\n<p>&nbsp;<\/p>","protected":false},"featured_media":7946,"template":"","meta":{"site-sidebar-layout":"default","site-content-layout":"default","ast-site-content-layout":"default","site-content-style":"default","site-sidebar-style":"default","ast-global-header-display":"","ast-banner-title-visibility":"","ast-main-header-display":"","ast-hfb-above-header-display":"","ast-hfb-below-header-display":"","ast-hfb-mobile-header-display":"","site-post-title":"","ast-breadcrumbs-content":"","ast-featured-img":"","footer-sml-layout":"","theme-transparent-header-meta":"default","adv-header-id-meta":"","stick-header-meta":"default","header-above-stick-meta":"","header-main-stick-meta":"","header-below-stick-meta":"","astra-migrate-meta-layouts":"set","ast-page-background-enabled":"default","ast-page-background-meta":{"desktop":{"background-color":"","background-image":"","background-repeat":"repeat","background-position":"center center","background-size":"auto","background-attachment":"scroll","background-type":"","background-media":"","overlay-type":"","overlay-color":"","overlay-opacity":"","overlay-gradient":""},"tablet":{"background-color":"","background-image":"","background-repeat":"repeat","background-position":"center center","background-size":"auto","background-attachment":"scroll","background-type":"","background-media":"","overlay-type":"","overlay-color":"","overlay-opacity":"","overlay-gradient":""},"mobile":{"background-color":"","background-image":"","background-repeat":"repeat","background-position":"center center","background-size":"auto","background-attachment":"scroll","background-type":"","background-media":"","overlay-type":"","overlay-color":"","overlay-opacity":"","overlay-gradient":""}},"ast-content-background-meta":{"desktop":{"background-color":"var(--ast-global-color-5)","background-image":"","background-repeat":"repeat","background-position":"center center","background-size":"auto","background-attachment":"scroll","background-type":"","background-media":"","overlay-type":"","overlay-color":"","overlay-opacity":"","overlay-gradient":""},"tablet":{"background-color":"var(--ast-global-color-5)","background-image":"","background-repeat":"repeat","background-position":"center center","background-size":"auto","background-attachment":"scroll","background-type":"","background-media":"","overlay-type":"","overlay-color":"","overlay-opacity":"","overlay-gradient":""},"mobile":{"background-color":"var(--ast-global-color-5)","background-image":"","background-repeat":"repeat","background-position":"center center","background-size":"auto","background-attachment":"scroll","background-type":"","background-media":"","overlay-type":"","overlay-color":"","overlay-opacity":"","overlay-gradient":""}}},"class_list":["post-7942","product","type-product","status-publish","has-post-thumbnail","hentry","product_cat-pojacala-snage","product_cat-pojacala-za-slusalice","product_cat-integrirana-pojacala","product_cat-topping","desktop-align-center","tablet-align-center","mobile-align-center","ast-product-gallery-layout-horizontal","ast-magnify-disabled","ast-product-single-variable","ast-product-tabs-layout-horizontal"],"yoast_head":"<!-- This site is optimized with the Yoast SEO plugin v21.4 - https:\/\/yoast.com\/wordpress\/plugins\/seo\/ -->\n<title>Topping MX5 - hd-multimedia<\/title>\n<meta name=\"description\" content=\"Topping MX5 je kombinirano poja\u010dalo i poja\u010dalo za slu\u0161alice s integriranim DAC ESS ES9018. Osobito svestran i mo\u0107an, odli\u010dan Bluetooth prijem.\" \/>\n<meta name=\"robots\" content=\"index, follow, max-snippet:-1, max-image-preview:large, max-video-preview:-1\" \/>\n<link rel=\"canonical\" href=\"https:\/\/hd-multimedia.com\/en\/trgovina\/topping-mx5\/\" \/>\n<meta property=\"og:locale\" content=\"en_GB\" \/>\n<meta property=\"og:type\" content=\"article\" \/>\n<meta property=\"og:title\" content=\"Topping MX5 - hd-multimedia\" \/>\n<meta property=\"og:description\" content=\"Topping MX5 je kombinirano poja\u010dalo i poja\u010dalo za slu\u0161alice s integriranim DAC ESS ES9018. Osobito svestran i mo\u0107an, odli\u010dan Bluetooth prijem.\" \/>\n<meta property=\"og:url\" content=\"https:\/\/hd-multimedia.com\/en\/trgovina\/topping-mx5\/\" \/>\n<meta property=\"og:site_name\" content=\"hd-multimedia\" \/>\n<meta property=\"article:modified_time\" content=\"2025-02-19T23:29:26+00:00\" \/>\n<meta property=\"og:image\" content=\"https:\/\/hd-multimedia.com\/hdm_media\/Topping-MX5-BlackSilver.jpg\" \/>\n\t<meta property=\"og:image:width\" content=\"800\" \/>\n\t<meta property=\"og:image:height\" content=\"800\" \/>\n\t<meta property=\"og:image:type\" content=\"image\/jpeg\" \/>\n<meta name=\"twitter:card\" content=\"summary_large_image\" \/>\n<meta name=\"twitter:label1\" content=\"Estimated reading time\" \/>\n\t<meta name=\"twitter:data1\" content=\"1 minute\" \/>\n<script type=\"application\/ld+json\" class=\"yoast-schema-graph\">{\"@context\":\"https:\/\/schema.org\",\"@graph\":[{\"@type\":\"WebPage\",\"@id\":\"https:\/\/hd-multimedia.com\/trgovina\/topping-mx5\/\",\"url\":\"https:\/\/hd-multimedia.com\/trgovina\/topping-mx5\/\",\"name\":\"Topping MX5 - hd-multimedia\",\"isPartOf\":{\"@id\":\"https:\/\/hd-multimedia.com\/#website\"},\"datePublished\":\"2022-01-27T13:17:59+00:00\",\"dateModified\":\"2025-02-19T23:29:26+00:00\",\"description\":\"Topping MX5 je kombinirano poja\u010dalo i poja\u010dalo za slu\u0161alice s integriranim DAC ESS ES9018. Osobito svestran i mo\u0107an, odli\u010dan Bluetooth prijem.\",\"breadcrumb\":{\"@id\":\"https:\/\/hd-multimedia.com\/trgovina\/topping-mx5\/#breadcrumb\"},\"inLanguage\":\"en-GB\",\"potentialAction\":[{\"@type\":\"ReadAction\",\"target\":[\"https:\/\/hd-multimedia.com\/trgovina\/topping-mx5\/\"]}]},{\"@type\":\"BreadcrumbList\",\"@id\":\"https:\/\/hd-multimedia.com\/trgovina\/topping-mx5\/#breadcrumb\",\"itemListElement\":[{\"@type\":\"ListItem\",\"position\":1,\"name\":\"Po\u010detna stranica\",\"item\":\"https:\/\/hd-multimedia.com\/\"},{\"@type\":\"ListItem\",\"position\":2,\"name\":\"Trgovina\",\"item\":\"https:\/\/hd-multimedia.com\/trgovina\/\"},{\"@type\":\"ListItem\",\"position\":3,\"name\":\"Topping MX5\"}]},{\"@type\":\"WebSite\",\"@id\":\"https:\/\/hd-multimedia.com\/#website\",\"url\":\"https:\/\/hd-multimedia.com\/\",\"name\":\"hd-multimedia\",\"description\":\"\",\"publisher\":{\"@id\":\"https:\/\/hd-multimedia.com\/#organization\"},\"potentialAction\":[{\"@type\":\"SearchAction\",\"target\":{\"@type\":\"EntryPoint\",\"urlTemplate\":\"https:\/\/hd-multimedia.com\/?s={search_term_string}\"},\"query-input\":\"required name=search_term_string\"}],\"inLanguage\":\"en-GB\"},{\"@type\":\"Organization\",\"@id\":\"https:\/\/hd-multimedia.com\/#organization\",\"name\":\"hd-multimedia\",\"url\":\"https:\/\/hd-multimedia.com\/\",\"logo\":{\"@type\":\"ImageObject\",\"inLanguage\":\"en-GB\",\"@id\":\"https:\/\/hd-multimedia.com\/#\/schema\/logo\/image\/\",\"url\":\"https:\/\/hd-multimedia.com\/hdm_media\/HD-curves-ok-196-56px-alpha-1.png\",\"contentUrl\":\"https:\/\/hd-multimedia.com\/hdm_media\/HD-curves-ok-196-56px-alpha-1.png\",\"width\":196,\"height\":53,\"caption\":\"hd-multimedia\"},\"image\":{\"@id\":\"https:\/\/hd-multimedia.com\/#\/schema\/logo\/image\/\"}}]}<\/script>\n<!-- \/ Yoast SEO plugin. -->","yoast_head_json":{"title":"Topping MX5 - hd-multimedia","description":"Topping MX5 je kombinirano poja\u010dalo i poja\u010dalo za slu\u0161alice s integriranim DAC ESS ES9018. Osobito svestran i mo\u0107an, odli\u010dan Bluetooth prijem.","robots":{"index":"index","follow":"follow","max-snippet":"max-snippet:-1","max-image-preview":"max-image-preview:large","max-video-preview":"max-video-preview:-1"},"canonical":"https:\/\/hd-multimedia.com\/en\/trgovina\/topping-mx5\/","og_locale":"en_GB","og_type":"article","og_title":"Topping MX5 - hd-multimedia","og_description":"Topping MX5 je kombinirano poja\u010dalo i poja\u010dalo za slu\u0161alice s integriranim DAC ESS ES9018. Osobito svestran i mo\u0107an, odli\u010dan Bluetooth prijem.","og_url":"https:\/\/hd-multimedia.com\/en\/trgovina\/topping-mx5\/","og_site_name":"hd-multimedia","article_modified_time":"2025-02-19T23:29:26+00:00","og_image":[{"width":800,"height":800,"url":"https:\/\/hd-multimedia.com\/hdm_media\/Topping-MX5-BlackSilver.jpg","type":"image\/jpeg"}],"twitter_card":"summary_large_image","twitter_misc":{"Estimated reading time":"1 minute"},"schema":{"@context":"https:\/\/schema.org","@graph":[{"@type":"WebPage","@id":"https:\/\/hd-multimedia.com\/trgovina\/topping-mx5\/","url":"https:\/\/hd-multimedia.com\/trgovina\/topping-mx5\/","name":"Topping MX5 - hd-multimedia","isPartOf":{"@id":"https:\/\/hd-multimedia.com\/#website"},"datePublished":"2022-01-27T13:17:59+00:00","dateModified":"2025-02-19T23:29:26+00:00","description":"Topping MX5 je kombinirano poja\u010dalo i poja\u010dalo za slu\u0161alice s integriranim DAC ESS ES9018. Osobito svestran i mo\u0107an, odli\u010dan Bluetooth prijem.","breadcrumb":{"@id":"https:\/\/hd-multimedia.com\/trgovina\/topping-mx5\/#breadcrumb"},"inLanguage":"en-GB","potentialAction":[{"@type":"ReadAction","target":["https:\/\/hd-multimedia.com\/trgovina\/topping-mx5\/"]}]},{"@type":"BreadcrumbList","@id":"https:\/\/hd-multimedia.com\/trgovina\/topping-mx5\/#breadcrumb","itemListElement":[{"@type":"ListItem","position":1,"name":"Po\u010detna stranica","item":"https:\/\/hd-multimedia.com\/"},{"@type":"ListItem","position":2,"name":"Trgovina","item":"https:\/\/hd-multimedia.com\/trgovina\/"},{"@type":"ListItem","position":3,"name":"Topping MX5"}]},{"@type":"WebSite","@id":"https:\/\/hd-multimedia.com\/#website","url":"https:\/\/hd-multimedia.com\/","name":"hd-multimedia","description":"","publisher":{"@id":"https:\/\/hd-multimedia.com\/#organization"},"potentialAction":[{"@type":"SearchAction","target":{"@type":"EntryPoint","urlTemplate":"https:\/\/hd-multimedia.com\/?s={search_term_string}"},"query-input":"required name=search_term_string"}],"inLanguage":"en-GB"},{"@type":"Organization","@id":"https:\/\/hd-multimedia.com\/#organization","name":"hd-multimedia","url":"https:\/\/hd-multimedia.com\/","logo":{"@type":"ImageObject","inLanguage":"en-GB","@id":"https:\/\/hd-multimedia.com\/#\/schema\/logo\/image\/","url":"https:\/\/hd-multimedia.com\/hdm_media\/HD-curves-ok-196-56px-alpha-1.png","contentUrl":"https:\/\/hd-multimedia.com\/hdm_media\/HD-curves-ok-196-56px-alpha-1.png","width":196,"height":53,"caption":"hd-multimedia"},"image":{"@id":"https:\/\/hd-multimedia.com\/#\/schema\/logo\/image\/"}}]}},"post_mailing_queue_ids":[],"_links":{"self":[{"href":"https:\/\/hd-multimedia.com\/en\/wp-json\/wp\/v2\/product\/7942","targetHints":{"allow":["GET"]}}],"collection":[{"href":"https:\/\/hd-multimedia.com\/en\/wp-json\/wp\/v2\/product"}],"about":[{"href":"https:\/\/hd-multimedia.com\/en\/wp-json\/wp\/v2\/types\/product"}],"version-history":[{"count":4,"href":"https:\/\/hd-multimedia.com\/en\/wp-json\/wp\/v2\/product\/7942\/revisions"}],"predecessor-version":[{"id":14870,"href":"https:\/\/hd-multimedia.com\/en\/wp-json\/wp\/v2\/product\/7942\/revisions\/14870"}],"wp:featuredmedia":[{"embeddable":true,"href":"https:\/\/hd-multimedia.com\/en\/wp-json\/wp\/v2\/media\/7946"}],"wp:attachment":[{"href":"https:\/\/hd-multimedia.com\/en\/wp-json\/wp\/v2\/media?parent=7942"}],"curies":[{"name":"wp","href":"https:\/\/api.w.org\/{rel}","templated":true}]}}