{"id":6615,"date":"2021-10-05T14:08:06","date_gmt":"2021-10-05T14:08:06","guid":{"rendered":"https:\/\/hd-multimedia.com\/?post_type=product&#038;p=6615"},"modified":"2026-02-24T13:18:28","modified_gmt":"2026-02-24T13:18:28","slug":"elac-unifi-ufr5-par","status":"publish","type":"product","link":"https:\/\/hd-multimedia.com\/en\/trgovina\/elac-unifi-ufr5-par\/","title":{"rendered":"Elac UniFi Reference UFR52 (pair)"},"content":{"rendered":"<p>Specification:<\/p>\n<ul>\n<li>Type: 3-way passive sound box with bass reflex opening.<\/li>\n<li>Tweeter: 1 x 1 inch (2.56 cm)- soft dome, coaxially mounted<\/li>\n<li>Midrange: 1 x 4-inch (10.24 cm) \u2013 aluminum cone, coaxial to tweeter<\/li>\n<li>Bass: 3 x 5.25-inch (13.44 cm) \u2013 aluminum cone<\/li>\n<\/ul>\n<p>Crossover: 220 \/ 1,800 Hz<br \/>\nFrequency range: 42 to 35,000 Hz<br \/>\nSensitivity: 86 dB at 2.83 v\/1 m<\/p>\n<p>Amplifier power recommendation: from 40 to 140 W pc<br \/>\nPeak power: 140 W pc<br \/>\nStandard impedance: 6 \u03a9<br \/>\nConnection: 5-way, metal, bi-wire<\/p>\n<p>Magnetic shielding: None<\/p>\n<p>Finishing:<br \/>\n1) front: satin black or white;<br \/>\n2) side: wood imitation: brown walnut or white oak.<\/p>\n<p>Additional equipment: Protective mask<\/p>\n<p>Height: 995 mm<br \/>\nWidth: 234 mm<br \/>\nDepth: 338 mm<\/p>\n<p><a href=\"https:\/\/www.elac.com\/category\/floorstanding-speakers\/uni-fi-reference-ufr52\/\" target=\"_blank\" rel=\"noopener\">You can find other information at this link.<\/a><\/p>","protected":false},"excerpt":{"rendered":"<p>The Elac UniFi Reference UFR52 (pair) combines traditional and contemporary styling with significant acoustic and visual improvements. This reference product features a wide dome tweeter for extended bass and treble reproduction, a redesigned midrange driver with a large voice coil, rear-vented spider, and neodymium magnet for better midrange control. The die-cast enclosure minimizes reflections for improved clarity, while the woofer with a one-piece curved aluminum dome and large rear-vented magnet significantly improves linearity and low-frequency response. Innovative air vents, both internal and external, contribute to reduced noise and increased bass output, raising the overall dynamics of low-frequency reproduction.<\/p>\n<p>The price refers to a pair (2 speakers)<\/p>\n<p><a href=\"https:\/\/www.elac.com\/category\/floorstanding-speakers\/uni-fi-reference-ufr52\/\" target=\"_blank\" rel=\"noopener\">You can find other information at this link.<\/a><\/p>","protected":false},"featured_media":13738,"template":"","meta":{"site-sidebar-layout":"default","site-content-layout":"default","ast-site-content-layout":"default","site-content-style":"default","site-sidebar-style":"default","ast-global-header-display":"","ast-banner-title-visibility":"","ast-main-header-display":"","ast-hfb-above-header-display":"","ast-hfb-below-header-display":"","ast-hfb-mobile-header-display":"","site-post-title":"","ast-breadcrumbs-content":"","ast-featured-img":"","footer-sml-layout":"","theme-transparent-header-meta":"default","adv-header-id-meta":"","stick-header-meta":"default","header-above-stick-meta":"","header-main-stick-meta":"","header-below-stick-meta":"","astra-migrate-meta-layouts":"set","ast-page-background-enabled":"default","ast-page-background-meta":{"desktop":{"background-color":"","background-image":"","background-repeat":"repeat","background-position":"center center","background-size":"auto","background-attachment":"scroll","background-type":"","background-media":"","overlay-type":"","overlay-color":"","overlay-opacity":"","overlay-gradient":""},"tablet":{"background-color":"","background-image":"","background-repeat":"repeat","background-position":"center center","background-size":"auto","background-attachment":"scroll","background-type":"","background-media":"","overlay-type":"","overlay-color":"","overlay-opacity":"","overlay-gradient":""},"mobile":{"background-color":"","background-image":"","background-repeat":"repeat","background-position":"center center","background-size":"auto","background-attachment":"scroll","background-type":"","background-media":"","overlay-type":"","overlay-color":"","overlay-opacity":"","overlay-gradient":""}},"ast-content-background-meta":{"desktop":{"background-color":"var(--ast-global-color-5)","background-image":"","background-repeat":"repeat","background-position":"center center","background-size":"auto","background-attachment":"scroll","background-type":"","background-media":"","overlay-type":"","overlay-color":"","overlay-opacity":"","overlay-gradient":""},"tablet":{"background-color":"var(--ast-global-color-5)","background-image":"","background-repeat":"repeat","background-position":"center center","background-size":"auto","background-attachment":"scroll","background-type":"","background-media":"","overlay-type":"","overlay-color":"","overlay-opacity":"","overlay-gradient":""},"mobile":{"background-color":"var(--ast-global-color-5)","background-image":"","background-repeat":"repeat","background-position":"center center","background-size":"auto","background-attachment":"scroll","background-type":"","background-media":"","overlay-type":"","overlay-color":"","overlay-opacity":"","overlay-gradient":""}}},"class_list":["post-6615","product","type-product","status-publish","has-post-thumbnail","hentry","product_cat-pasivne-zvucne-kutije","product_cat-elac","desktop-align-center","tablet-align-center","mobile-align-center","ast-product-gallery-layout-horizontal","ast-magnify-disabled","ast-product-single-variable","ast-product-tabs-layout-horizontal"],"yoast_head":"<!-- This site is optimized with the Yoast SEO plugin v21.4 - https:\/\/yoast.com\/wordpress\/plugins\/seo\/ -->\n<title>Elac UniFi Reference UFR52 (par) - hd-multimedia<\/title>\n<meta name=\"description\" content=\"Elac UniFi Reference UFR52 (par) spaja tradicionalni i suvremeni stil s va\u017enim akusti\u010dkim, estetskim i vizualnim unapre\u0111enjima.\" \/>\n<meta name=\"robots\" content=\"index, follow, max-snippet:-1, max-image-preview:large, max-video-preview:-1\" \/>\n<link rel=\"canonical\" href=\"https:\/\/hd-multimedia.com\/en\/trgovina\/elac-unifi-ufr5-par\/\" \/>\n<meta property=\"og:locale\" content=\"en_GB\" \/>\n<meta property=\"og:type\" content=\"article\" \/>\n<meta property=\"og:title\" content=\"Elac UniFi Reference UFR52 (par) - hd-multimedia\" \/>\n<meta property=\"og:description\" content=\"Elac UniFi Reference UFR52 (par) spaja tradicionalni i suvremeni stil s va\u017enim akusti\u010dkim, estetskim i vizualnim unapre\u0111enjima.\" \/>\n<meta property=\"og:url\" content=\"https:\/\/hd-multimedia.com\/en\/trgovina\/elac-unifi-ufr5-par\/\" \/>\n<meta property=\"og:site_name\" content=\"hd-multimedia\" \/>\n<meta property=\"article:modified_time\" content=\"2026-02-24T13:18:28+00:00\" \/>\n<meta property=\"og:image\" content=\"https:\/\/hd-multimedia.com\/hdm_media\/Elac-UniFi-Reference-UFR52-par.png\" \/>\n\t<meta property=\"og:image:width\" content=\"600\" \/>\n\t<meta property=\"og:image:height\" content=\"600\" \/>\n\t<meta property=\"og:image:type\" content=\"image\/png\" \/>\n<meta name=\"twitter:card\" content=\"summary_large_image\" \/>\n<meta name=\"twitter:label1\" content=\"Estimated reading time\" \/>\n\t<meta name=\"twitter:data1\" content=\"1 minute\" \/>\n<script type=\"application\/ld+json\" class=\"yoast-schema-graph\">{\"@context\":\"https:\/\/schema.org\",\"@graph\":[{\"@type\":\"WebPage\",\"@id\":\"https:\/\/hd-multimedia.com\/trgovina\/elac-unifi-ufr5-par\/\",\"url\":\"https:\/\/hd-multimedia.com\/trgovina\/elac-unifi-ufr5-par\/\",\"name\":\"Elac UniFi Reference UFR52 (par) - hd-multimedia\",\"isPartOf\":{\"@id\":\"https:\/\/hd-multimedia.com\/#website\"},\"datePublished\":\"2021-10-05T14:08:06+00:00\",\"dateModified\":\"2026-02-24T13:18:28+00:00\",\"description\":\"Elac UniFi Reference UFR52 (par) spaja tradicionalni i suvremeni stil s va\u017enim akusti\u010dkim, estetskim i vizualnim unapre\u0111enjima.\",\"breadcrumb\":{\"@id\":\"https:\/\/hd-multimedia.com\/trgovina\/elac-unifi-ufr5-par\/#breadcrumb\"},\"inLanguage\":\"en-GB\",\"potentialAction\":[{\"@type\":\"ReadAction\",\"target\":[\"https:\/\/hd-multimedia.com\/trgovina\/elac-unifi-ufr5-par\/\"]}]},{\"@type\":\"BreadcrumbList\",\"@id\":\"https:\/\/hd-multimedia.com\/trgovina\/elac-unifi-ufr5-par\/#breadcrumb\",\"itemListElement\":[{\"@type\":\"ListItem\",\"position\":1,\"name\":\"Po\u010detna stranica\",\"item\":\"https:\/\/hd-multimedia.com\/\"},{\"@type\":\"ListItem\",\"position\":2,\"name\":\"Trgovina\",\"item\":\"https:\/\/hd-multimedia.com\/trgovina\/\"},{\"@type\":\"ListItem\",\"position\":3,\"name\":\"Elac UniFi Reference UFR52 (par)\"}]},{\"@type\":\"WebSite\",\"@id\":\"https:\/\/hd-multimedia.com\/#website\",\"url\":\"https:\/\/hd-multimedia.com\/\",\"name\":\"hd-multimedia\",\"description\":\"\",\"publisher\":{\"@id\":\"https:\/\/hd-multimedia.com\/#organization\"},\"potentialAction\":[{\"@type\":\"SearchAction\",\"target\":{\"@type\":\"EntryPoint\",\"urlTemplate\":\"https:\/\/hd-multimedia.com\/?s={search_term_string}\"},\"query-input\":\"required name=search_term_string\"}],\"inLanguage\":\"en-GB\"},{\"@type\":\"Organization\",\"@id\":\"https:\/\/hd-multimedia.com\/#organization\",\"name\":\"hd-multimedia\",\"url\":\"https:\/\/hd-multimedia.com\/\",\"logo\":{\"@type\":\"ImageObject\",\"inLanguage\":\"en-GB\",\"@id\":\"https:\/\/hd-multimedia.com\/#\/schema\/logo\/image\/\",\"url\":\"https:\/\/hd-multimedia.com\/hdm_media\/HD-curves-ok-196-56px-alpha-1.png\",\"contentUrl\":\"https:\/\/hd-multimedia.com\/hdm_media\/HD-curves-ok-196-56px-alpha-1.png\",\"width\":196,\"height\":53,\"caption\":\"hd-multimedia\"},\"image\":{\"@id\":\"https:\/\/hd-multimedia.com\/#\/schema\/logo\/image\/\"}}]}<\/script>\n<!-- \/ Yoast SEO plugin. -->","yoast_head_json":{"title":"Elac UniFi Reference UFR52 (par) - hd-multimedia","description":"Elac UniFi Reference UFR52 (par) spaja tradicionalni i suvremeni stil s va\u017enim akusti\u010dkim, estetskim i vizualnim unapre\u0111enjima.","robots":{"index":"index","follow":"follow","max-snippet":"max-snippet:-1","max-image-preview":"max-image-preview:large","max-video-preview":"max-video-preview:-1"},"canonical":"https:\/\/hd-multimedia.com\/en\/trgovina\/elac-unifi-ufr5-par\/","og_locale":"en_GB","og_type":"article","og_title":"Elac UniFi Reference UFR52 (par) - hd-multimedia","og_description":"Elac UniFi Reference UFR52 (par) spaja tradicionalni i suvremeni stil s va\u017enim akusti\u010dkim, estetskim i vizualnim unapre\u0111enjima.","og_url":"https:\/\/hd-multimedia.com\/en\/trgovina\/elac-unifi-ufr5-par\/","og_site_name":"hd-multimedia","article_modified_time":"2026-02-24T13:18:28+00:00","og_image":[{"width":600,"height":600,"url":"https:\/\/hd-multimedia.com\/hdm_media\/Elac-UniFi-Reference-UFR52-par.png","type":"image\/png"}],"twitter_card":"summary_large_image","twitter_misc":{"Estimated reading time":"1 minute"},"schema":{"@context":"https:\/\/schema.org","@graph":[{"@type":"WebPage","@id":"https:\/\/hd-multimedia.com\/trgovina\/elac-unifi-ufr5-par\/","url":"https:\/\/hd-multimedia.com\/trgovina\/elac-unifi-ufr5-par\/","name":"Elac UniFi Reference UFR52 (par) - hd-multimedia","isPartOf":{"@id":"https:\/\/hd-multimedia.com\/#website"},"datePublished":"2021-10-05T14:08:06+00:00","dateModified":"2026-02-24T13:18:28+00:00","description":"Elac UniFi Reference UFR52 (par) spaja tradicionalni i suvremeni stil s va\u017enim akusti\u010dkim, estetskim i vizualnim unapre\u0111enjima.","breadcrumb":{"@id":"https:\/\/hd-multimedia.com\/trgovina\/elac-unifi-ufr5-par\/#breadcrumb"},"inLanguage":"en-GB","potentialAction":[{"@type":"ReadAction","target":["https:\/\/hd-multimedia.com\/trgovina\/elac-unifi-ufr5-par\/"]}]},{"@type":"BreadcrumbList","@id":"https:\/\/hd-multimedia.com\/trgovina\/elac-unifi-ufr5-par\/#breadcrumb","itemListElement":[{"@type":"ListItem","position":1,"name":"Po\u010detna stranica","item":"https:\/\/hd-multimedia.com\/"},{"@type":"ListItem","position":2,"name":"Trgovina","item":"https:\/\/hd-multimedia.com\/trgovina\/"},{"@type":"ListItem","position":3,"name":"Elac UniFi Reference UFR52 (par)"}]},{"@type":"WebSite","@id":"https:\/\/hd-multimedia.com\/#website","url":"https:\/\/hd-multimedia.com\/","name":"hd-multimedia","description":"","publisher":{"@id":"https:\/\/hd-multimedia.com\/#organization"},"potentialAction":[{"@type":"SearchAction","target":{"@type":"EntryPoint","urlTemplate":"https:\/\/hd-multimedia.com\/?s={search_term_string}"},"query-input":"required name=search_term_string"}],"inLanguage":"en-GB"},{"@type":"Organization","@id":"https:\/\/hd-multimedia.com\/#organization","name":"hd-multimedia","url":"https:\/\/hd-multimedia.com\/","logo":{"@type":"ImageObject","inLanguage":"en-GB","@id":"https:\/\/hd-multimedia.com\/#\/schema\/logo\/image\/","url":"https:\/\/hd-multimedia.com\/hdm_media\/HD-curves-ok-196-56px-alpha-1.png","contentUrl":"https:\/\/hd-multimedia.com\/hdm_media\/HD-curves-ok-196-56px-alpha-1.png","width":196,"height":53,"caption":"hd-multimedia"},"image":{"@id":"https:\/\/hd-multimedia.com\/#\/schema\/logo\/image\/"}}]}},"post_mailing_queue_ids":[],"_links":{"self":[{"href":"https:\/\/hd-multimedia.com\/en\/wp-json\/wp\/v2\/product\/6615","targetHints":{"allow":["GET"]}}],"collection":[{"href":"https:\/\/hd-multimedia.com\/en\/wp-json\/wp\/v2\/product"}],"about":[{"href":"https:\/\/hd-multimedia.com\/en\/wp-json\/wp\/v2\/types\/product"}],"version-history":[{"count":9,"href":"https:\/\/hd-multimedia.com\/en\/wp-json\/wp\/v2\/product\/6615\/revisions"}],"predecessor-version":[{"id":18122,"href":"https:\/\/hd-multimedia.com\/en\/wp-json\/wp\/v2\/product\/6615\/revisions\/18122"}],"wp:featuredmedia":[{"embeddable":true,"href":"https:\/\/hd-multimedia.com\/en\/wp-json\/wp\/v2\/media\/13738"}],"wp:attachment":[{"href":"https:\/\/hd-multimedia.com\/en\/wp-json\/wp\/v2\/media?parent=6615"}],"curies":[{"name":"wp","href":"https:\/\/api.w.org\/{rel}","templated":true}]}}