{"id":6604,"date":"2021-10-05T10:37:30","date_gmt":"2021-10-05T10:37:30","guid":{"rendered":"https:\/\/hd-multimedia.com\/?post_type=product&#038;p=6604"},"modified":"2025-12-08T09:39:02","modified_gmt":"2025-12-08T09:39:02","slug":"edifier-tws-neobuds_pro","status":"publish","type":"product","link":"https:\/\/hd-multimedia.com\/en\/trgovina\/edifier-tws-neobuds_pro\/","title":{"rendered":"Edifier TWS NeoBuds PRO"},"content":{"rendered":"<p>Edifier TWS NeoBuds PRO- Hybrid Active Noise Cancellation stereo wireless headphones (TWS)- with active noise cancellation (ANC)!<\/p>\n<ul>\n<li>&quot;True wireless earbuds&quot; completely wireless stereo earphones<\/li>\n<li>Hybrid Active Noise Cancellation \u2013 hybrid active system for reducing ambient noise with internal and external microphones<\/li>\n<li>multiple built-in microphones enable good suppression of ambient noise and high intelligibility of telephone conversation<\/li>\n<li>Ambient mode \u2013 allows you to monitor ambient sound while the headphones are active<\/li>\n<li>Gaming mode \u2013 reduces the latency between image and sound in video games<\/li>\n<li>10 mm \u2013 composite material speaker driver \u2013 enables faithful music reproduction and space recreation<\/li>\n<li>Automatic Master-Slave switching allows for easy use in mono or stereo headphone configurations<\/li>\n<li>The EDIFIER CONNECT application for Android and IOS enables easy adjustment and selection of operating modes<\/li>\n<\/ul>\n<p>Specification:<\/p>\n<ul>\n<li>Type: in-ear wireless stereo headphones (In-ear TWS)<\/li>\n<li>Acoustic principle: closed, isolated headphones<\/li>\n<li>Drive: 10mm dynamic<\/li>\n<li>Impedance: 24\u03a9<\/li>\n<li>Frequency range: 20Hz \u2013 20kHz<\/li>\n<li>Sensitivity: 94dB<\/li>\n<li>Charging connector: USB-C (headphone storage box)<\/li>\n<li>Control: Application for IOS, Android, touch controls on headphones<\/li>\n<li>Noise reduction: Active Hybrid ANC (Active Noise Cancellation)<\/li>\n<li>Bluetooth version: 5.0<\/li>\n<li>Battery life: headset more than 7 hours; with case up to 18 hours.<\/li>\n<li>Weight: 12 g (53g with box)<\/li>\n<li>Warranty: 12 months battery\/24 months headset<\/li>\n<li>Contents: Edifier TWS NeoBuds PRO, Storage and charging case with battery, USB Type-C power cable, 3 pairs of eartips (M, S, V), user manual<\/li>\n<\/ul>","protected":false},"excerpt":{"rendered":"<p>Edifier TWS NeoBuds PRO are wireless stereo headphones with active noise cancellation (Hybrid ANC). The choice of operating modes allows you to use the headphones in every situation. Excellence in phone conversations and listening to music - enabled by internal and external microphones for active noise cancellation. Mono mode allows phone conversations with one earbud. Ambient mode allows you to monitor the sound from the environment. The 10mm speaker driver provides very good music and speech reproduction. The headphones provide up to 18 hours of autonomous operation.<\/p>","protected":false},"featured_media":6733,"template":"","meta":{"site-sidebar-layout":"default","site-content-layout":"default","ast-site-content-layout":"default","site-content-style":"default","site-sidebar-style":"default","ast-global-header-display":"","ast-banner-title-visibility":"","ast-main-header-display":"","ast-hfb-above-header-display":"","ast-hfb-below-header-display":"","ast-hfb-mobile-header-display":"","site-post-title":"","ast-breadcrumbs-content":"","ast-featured-img":"","footer-sml-layout":"","theme-transparent-header-meta":"default","adv-header-id-meta":"","stick-header-meta":"default","header-above-stick-meta":"","header-main-stick-meta":"","header-below-stick-meta":"","astra-migrate-meta-layouts":"set","ast-page-background-enabled":"default","ast-page-background-meta":{"desktop":{"background-color":"","background-image":"","background-repeat":"repeat","background-position":"center center","background-size":"auto","background-attachment":"scroll","background-type":"","background-media":"","overlay-type":"","overlay-color":"","overlay-opacity":"","overlay-gradient":""},"tablet":{"background-color":"","background-image":"","background-repeat":"repeat","background-position":"center center","background-size":"auto","background-attachment":"scroll","background-type":"","background-media":"","overlay-type":"","overlay-color":"","overlay-opacity":"","overlay-gradient":""},"mobile":{"background-color":"","background-image":"","background-repeat":"repeat","background-position":"center center","background-size":"auto","background-attachment":"scroll","background-type":"","background-media":"","overlay-type":"","overlay-color":"","overlay-opacity":"","overlay-gradient":""}},"ast-content-background-meta":{"desktop":{"background-color":"var(--ast-global-color-5)","background-image":"","background-repeat":"repeat","background-position":"center center","background-size":"auto","background-attachment":"scroll","background-type":"","background-media":"","overlay-type":"","overlay-color":"","overlay-opacity":"","overlay-gradient":""},"tablet":{"background-color":"var(--ast-global-color-5)","background-image":"","background-repeat":"repeat","background-position":"center center","background-size":"auto","background-attachment":"scroll","background-type":"","background-media":"","overlay-type":"","overlay-color":"","overlay-opacity":"","overlay-gradient":""},"mobile":{"background-color":"var(--ast-global-color-5)","background-image":"","background-repeat":"repeat","background-position":"center center","background-size":"auto","background-attachment":"scroll","background-type":"","background-media":"","overlay-type":"","overlay-color":"","overlay-opacity":"","overlay-gradient":""}}},"class_list":["post-6604","product","type-product","status-publish","has-post-thumbnail","hentry","product_cat-usne-slusalice-iem","product_cat-bluetooth-slusalice","product_cat-edifier","product_tag-bluetooth-iem","desktop-align-center","tablet-align-center","mobile-align-center","ast-product-gallery-layout-horizontal","ast-magnify-disabled","ast-product-tabs-layout-horizontal"],"yoast_head":"<!-- This site is optimized with the Yoast SEO plugin v21.4 - https:\/\/yoast.com\/wordpress\/plugins\/seo\/ -->\n<title>Edifier TWS NeoBuds PRO - hd-multimedia<\/title>\n<meta name=\"description\" content=\"Edifier TWS NeoBuds PRO- Hybrid Active Noise Cancellation stereo be\u017ei\u010dne slu\u0161alice (TWS)- s aktivnim potiskivanjem \u0161uma okoline (ANC)!\" \/>\n<meta name=\"robots\" content=\"index, follow, max-snippet:-1, max-image-preview:large, max-video-preview:-1\" \/>\n<link rel=\"canonical\" href=\"https:\/\/hd-multimedia.com\/en\/trgovina\/edifier-tws-neobuds_pro\/\" \/>\n<meta property=\"og:locale\" content=\"en_GB\" \/>\n<meta property=\"og:type\" content=\"article\" \/>\n<meta property=\"og:title\" content=\"Edifier TWS NeoBuds PRO - hd-multimedia\" \/>\n<meta property=\"og:description\" content=\"Edifier TWS NeoBuds PRO- Hybrid Active Noise Cancellation stereo be\u017ei\u010dne slu\u0161alice (TWS)- s aktivnim potiskivanjem \u0161uma okoline (ANC)!\" \/>\n<meta property=\"og:url\" content=\"https:\/\/hd-multimedia.com\/en\/trgovina\/edifier-tws-neobuds_pro\/\" \/>\n<meta property=\"og:site_name\" content=\"hd-multimedia\" \/>\n<meta property=\"article:modified_time\" content=\"2025-12-08T09:39:02+00:00\" \/>\n<meta property=\"og:image\" content=\"https:\/\/hd-multimedia.com\/hdm_media\/Edifier-Neo-Buds-PRO-1-scaled-e1633956966100.jpg\" \/>\n\t<meta property=\"og:image:width\" content=\"1200\" \/>\n\t<meta property=\"og:image:height\" content=\"1200\" \/>\n\t<meta property=\"og:image:type\" content=\"image\/jpeg\" \/>\n<meta name=\"twitter:card\" content=\"summary_large_image\" \/>\n<meta name=\"twitter:label1\" content=\"Estimated reading time\" \/>\n\t<meta name=\"twitter:data1\" content=\"2 minutes\" \/>\n<script type=\"application\/ld+json\" class=\"yoast-schema-graph\">{\"@context\":\"https:\/\/schema.org\",\"@graph\":[{\"@type\":\"WebPage\",\"@id\":\"https:\/\/hd-multimedia.com\/trgovina\/edifier-tws-neobuds_pro\/\",\"url\":\"https:\/\/hd-multimedia.com\/trgovina\/edifier-tws-neobuds_pro\/\",\"name\":\"Edifier TWS NeoBuds PRO - hd-multimedia\",\"isPartOf\":{\"@id\":\"https:\/\/hd-multimedia.com\/#website\"},\"datePublished\":\"2021-10-05T10:37:30+00:00\",\"dateModified\":\"2025-12-08T09:39:02+00:00\",\"description\":\"Edifier TWS NeoBuds PRO- Hybrid Active Noise Cancellation stereo be\u017ei\u010dne slu\u0161alice (TWS)- s aktivnim potiskivanjem \u0161uma okoline (ANC)!\",\"breadcrumb\":{\"@id\":\"https:\/\/hd-multimedia.com\/trgovina\/edifier-tws-neobuds_pro\/#breadcrumb\"},\"inLanguage\":\"en-GB\",\"potentialAction\":[{\"@type\":\"ReadAction\",\"target\":[\"https:\/\/hd-multimedia.com\/trgovina\/edifier-tws-neobuds_pro\/\"]}]},{\"@type\":\"BreadcrumbList\",\"@id\":\"https:\/\/hd-multimedia.com\/trgovina\/edifier-tws-neobuds_pro\/#breadcrumb\",\"itemListElement\":[{\"@type\":\"ListItem\",\"position\":1,\"name\":\"Po\u010detna stranica\",\"item\":\"https:\/\/hd-multimedia.com\/\"},{\"@type\":\"ListItem\",\"position\":2,\"name\":\"Trgovina\",\"item\":\"https:\/\/hd-multimedia.com\/trgovina\/\"},{\"@type\":\"ListItem\",\"position\":3,\"name\":\"Edifier TWS NeoBuds PRO\"}]},{\"@type\":\"WebSite\",\"@id\":\"https:\/\/hd-multimedia.com\/#website\",\"url\":\"https:\/\/hd-multimedia.com\/\",\"name\":\"hd-multimedia\",\"description\":\"\",\"publisher\":{\"@id\":\"https:\/\/hd-multimedia.com\/#organization\"},\"potentialAction\":[{\"@type\":\"SearchAction\",\"target\":{\"@type\":\"EntryPoint\",\"urlTemplate\":\"https:\/\/hd-multimedia.com\/?s={search_term_string}\"},\"query-input\":\"required name=search_term_string\"}],\"inLanguage\":\"en-GB\"},{\"@type\":\"Organization\",\"@id\":\"https:\/\/hd-multimedia.com\/#organization\",\"name\":\"hd-multimedia\",\"url\":\"https:\/\/hd-multimedia.com\/\",\"logo\":{\"@type\":\"ImageObject\",\"inLanguage\":\"en-GB\",\"@id\":\"https:\/\/hd-multimedia.com\/#\/schema\/logo\/image\/\",\"url\":\"https:\/\/hd-multimedia.com\/hdm_media\/HD-curves-ok-196-56px-alpha-1.png\",\"contentUrl\":\"https:\/\/hd-multimedia.com\/hdm_media\/HD-curves-ok-196-56px-alpha-1.png\",\"width\":196,\"height\":53,\"caption\":\"hd-multimedia\"},\"image\":{\"@id\":\"https:\/\/hd-multimedia.com\/#\/schema\/logo\/image\/\"}}]}<\/script>\n<!-- \/ Yoast SEO plugin. -->","yoast_head_json":{"title":"Edifier TWS NeoBuds PRO - hd-multimedia","description":"Edifier TWS NeoBuds PRO- Hybrid Active Noise Cancellation stereo be\u017ei\u010dne slu\u0161alice (TWS)- s aktivnim potiskivanjem \u0161uma okoline (ANC)!","robots":{"index":"index","follow":"follow","max-snippet":"max-snippet:-1","max-image-preview":"max-image-preview:large","max-video-preview":"max-video-preview:-1"},"canonical":"https:\/\/hd-multimedia.com\/en\/trgovina\/edifier-tws-neobuds_pro\/","og_locale":"en_GB","og_type":"article","og_title":"Edifier TWS NeoBuds PRO - hd-multimedia","og_description":"Edifier TWS NeoBuds PRO- Hybrid Active Noise Cancellation stereo be\u017ei\u010dne slu\u0161alice (TWS)- s aktivnim potiskivanjem \u0161uma okoline (ANC)!","og_url":"https:\/\/hd-multimedia.com\/en\/trgovina\/edifier-tws-neobuds_pro\/","og_site_name":"hd-multimedia","article_modified_time":"2025-12-08T09:39:02+00:00","og_image":[{"width":1200,"height":1200,"url":"https:\/\/hd-multimedia.com\/hdm_media\/Edifier-Neo-Buds-PRO-1-scaled-e1633956966100.jpg","type":"image\/jpeg"}],"twitter_card":"summary_large_image","twitter_misc":{"Estimated reading time":"2 minutes"},"schema":{"@context":"https:\/\/schema.org","@graph":[{"@type":"WebPage","@id":"https:\/\/hd-multimedia.com\/trgovina\/edifier-tws-neobuds_pro\/","url":"https:\/\/hd-multimedia.com\/trgovina\/edifier-tws-neobuds_pro\/","name":"Edifier TWS NeoBuds PRO - hd-multimedia","isPartOf":{"@id":"https:\/\/hd-multimedia.com\/#website"},"datePublished":"2021-10-05T10:37:30+00:00","dateModified":"2025-12-08T09:39:02+00:00","description":"Edifier TWS NeoBuds PRO- Hybrid Active Noise Cancellation stereo be\u017ei\u010dne slu\u0161alice (TWS)- s aktivnim potiskivanjem \u0161uma okoline (ANC)!","breadcrumb":{"@id":"https:\/\/hd-multimedia.com\/trgovina\/edifier-tws-neobuds_pro\/#breadcrumb"},"inLanguage":"en-GB","potentialAction":[{"@type":"ReadAction","target":["https:\/\/hd-multimedia.com\/trgovina\/edifier-tws-neobuds_pro\/"]}]},{"@type":"BreadcrumbList","@id":"https:\/\/hd-multimedia.com\/trgovina\/edifier-tws-neobuds_pro\/#breadcrumb","itemListElement":[{"@type":"ListItem","position":1,"name":"Po\u010detna stranica","item":"https:\/\/hd-multimedia.com\/"},{"@type":"ListItem","position":2,"name":"Trgovina","item":"https:\/\/hd-multimedia.com\/trgovina\/"},{"@type":"ListItem","position":3,"name":"Edifier TWS NeoBuds PRO"}]},{"@type":"WebSite","@id":"https:\/\/hd-multimedia.com\/#website","url":"https:\/\/hd-multimedia.com\/","name":"hd-multimedia","description":"","publisher":{"@id":"https:\/\/hd-multimedia.com\/#organization"},"potentialAction":[{"@type":"SearchAction","target":{"@type":"EntryPoint","urlTemplate":"https:\/\/hd-multimedia.com\/?s={search_term_string}"},"query-input":"required name=search_term_string"}],"inLanguage":"en-GB"},{"@type":"Organization","@id":"https:\/\/hd-multimedia.com\/#organization","name":"hd-multimedia","url":"https:\/\/hd-multimedia.com\/","logo":{"@type":"ImageObject","inLanguage":"en-GB","@id":"https:\/\/hd-multimedia.com\/#\/schema\/logo\/image\/","url":"https:\/\/hd-multimedia.com\/hdm_media\/HD-curves-ok-196-56px-alpha-1.png","contentUrl":"https:\/\/hd-multimedia.com\/hdm_media\/HD-curves-ok-196-56px-alpha-1.png","width":196,"height":53,"caption":"hd-multimedia"},"image":{"@id":"https:\/\/hd-multimedia.com\/#\/schema\/logo\/image\/"}}]}},"post_mailing_queue_ids":[],"_links":{"self":[{"href":"https:\/\/hd-multimedia.com\/en\/wp-json\/wp\/v2\/product\/6604","targetHints":{"allow":["GET"]}}],"collection":[{"href":"https:\/\/hd-multimedia.com\/en\/wp-json\/wp\/v2\/product"}],"about":[{"href":"https:\/\/hd-multimedia.com\/en\/wp-json\/wp\/v2\/types\/product"}],"version-history":[{"count":3,"href":"https:\/\/hd-multimedia.com\/en\/wp-json\/wp\/v2\/product\/6604\/revisions"}],"predecessor-version":[{"id":6738,"href":"https:\/\/hd-multimedia.com\/en\/wp-json\/wp\/v2\/product\/6604\/revisions\/6738"}],"wp:featuredmedia":[{"embeddable":true,"href":"https:\/\/hd-multimedia.com\/en\/wp-json\/wp\/v2\/media\/6733"}],"wp:attachment":[{"href":"https:\/\/hd-multimedia.com\/en\/wp-json\/wp\/v2\/media?parent=6604"}],"curies":[{"name":"wp","href":"https:\/\/api.w.org\/{rel}","templated":true}]}}