{"id":6098,"date":"2021-05-24T13:50:50","date_gmt":"2021-05-24T13:50:50","guid":{"rendered":"https:\/\/hd-multimedia.com\/?post_type=product&#038;p=6098"},"modified":"2025-12-30T12:15:33","modified_gmt":"2025-12-30T12:15:33","slug":"topping-a30pro","status":"publish","type":"product","link":"https:\/\/hd-multimedia.com\/en\/trgovina\/topping-a30pro\/","title":{"rendered":"Topping A30 Pro"},"content":{"rendered":"<p>Topping A30 PRO \u2013 high quality headphone amplifier. Headphone outputs: SE: 6.35 mm; Balanced: XLR- 4PIN and 4.4 mm. Inputs: XLR and RCA.<\/p>\n<p>&nbsp;<\/p>","protected":false},"excerpt":{"rendered":"<p>The Topping A30 Pro is a high-quality headphone amplifier suitable for all types of headphones. Its symmetrical amplification circuit enables excellent performance, ensuring a rich sound. The Topping A30 Pro offers balanced XLR or unbalanced RCA inputs. The Topping A30 Pro amplifier offers an unbalanced 6.35 mm jack as well as a 4-pin XLR and an unbalanced 4.4 mm jack.<\/p>\n<p>Topping A30 Pro \u2013 <a href=\"https:\/\/www.tpdz.net\/productinfo\/590764.html\" target=\"_blank\" rel=\"noopener\">click for more information.\u00a0\u00a0<\/a><\/p>","protected":false},"featured_media":6093,"template":"","meta":{"site-sidebar-layout":"default","site-content-layout":"default","ast-site-content-layout":"default","site-content-style":"default","site-sidebar-style":"default","ast-global-header-display":"","ast-banner-title-visibility":"","ast-main-header-display":"","ast-hfb-above-header-display":"","ast-hfb-below-header-display":"","ast-hfb-mobile-header-display":"","site-post-title":"","ast-breadcrumbs-content":"","ast-featured-img":"","footer-sml-layout":"","theme-transparent-header-meta":"default","adv-header-id-meta":"","stick-header-meta":"default","header-above-stick-meta":"","header-main-stick-meta":"","header-below-stick-meta":"","astra-migrate-meta-layouts":"set","ast-page-background-enabled":"default","ast-page-background-meta":{"desktop":{"background-color":"","background-image":"","background-repeat":"repeat","background-position":"center center","background-size":"auto","background-attachment":"scroll","background-type":"","background-media":"","overlay-type":"","overlay-color":"","overlay-opacity":"","overlay-gradient":""},"tablet":{"background-color":"","background-image":"","background-repeat":"repeat","background-position":"center center","background-size":"auto","background-attachment":"scroll","background-type":"","background-media":"","overlay-type":"","overlay-color":"","overlay-opacity":"","overlay-gradient":""},"mobile":{"background-color":"","background-image":"","background-repeat":"repeat","background-position":"center center","background-size":"auto","background-attachment":"scroll","background-type":"","background-media":"","overlay-type":"","overlay-color":"","overlay-opacity":"","overlay-gradient":""}},"ast-content-background-meta":{"desktop":{"background-color":"var(--ast-global-color-5)","background-image":"","background-repeat":"repeat","background-position":"center center","background-size":"auto","background-attachment":"scroll","background-type":"","background-media":"","overlay-type":"","overlay-color":"","overlay-opacity":"","overlay-gradient":""},"tablet":{"background-color":"var(--ast-global-color-5)","background-image":"","background-repeat":"repeat","background-position":"center center","background-size":"auto","background-attachment":"scroll","background-type":"","background-media":"","overlay-type":"","overlay-color":"","overlay-opacity":"","overlay-gradient":""},"mobile":{"background-color":"var(--ast-global-color-5)","background-image":"","background-repeat":"repeat","background-position":"center center","background-size":"auto","background-attachment":"scroll","background-type":"","background-media":"","overlay-type":"","overlay-color":"","overlay-opacity":"","overlay-gradient":""}}},"class_list":["post-6098","product","type-product","status-publish","has-post-thumbnail","hentry","product_cat-pojacala-za-slusalice","product_cat-topping","desktop-align-center","tablet-align-center","mobile-align-center","ast-product-gallery-layout-horizontal","ast-magnify-disabled","ast-product-single-variable","ast-product-tabs-layout-horizontal"],"yoast_head":"<!-- This site is optimized with the Yoast SEO plugin v21.4 - https:\/\/yoast.com\/wordpress\/plugins\/seo\/ -->\n<title>Topping A30 Pro - hd-multimedia<\/title>\n<meta name=\"description\" content=\"Topping A30 PRO - visoko kvalitetno poja\u010dalo za slu\u0161alice. Izlazi za slu\u0161alice: SE: 6.35 mm; Balansirani: XLR- 4PIN i 4.4 mm.\u00a0 Ulazi: XLR i RCA.\u00a0\u00a0\" \/>\n<meta name=\"robots\" content=\"index, follow, max-snippet:-1, max-image-preview:large, max-video-preview:-1\" \/>\n<link rel=\"canonical\" href=\"https:\/\/hd-multimedia.com\/en\/trgovina\/topping-a30pro\/\" \/>\n<meta property=\"og:locale\" content=\"en_GB\" \/>\n<meta property=\"og:type\" content=\"article\" \/>\n<meta property=\"og:title\" content=\"Topping A30 Pro - hd-multimedia\" \/>\n<meta property=\"og:description\" content=\"Topping A30 PRO - visoko kvalitetno poja\u010dalo za slu\u0161alice. Izlazi za slu\u0161alice: SE: 6.35 mm; Balansirani: XLR- 4PIN i 4.4 mm.\u00a0 Ulazi: XLR i RCA.\u00a0\u00a0\" \/>\n<meta property=\"og:url\" content=\"https:\/\/hd-multimedia.com\/en\/trgovina\/topping-a30pro\/\" \/>\n<meta property=\"og:site_name\" content=\"hd-multimedia\" \/>\n<meta property=\"article:modified_time\" content=\"2025-12-30T12:15:33+00:00\" \/>\n<meta property=\"og:image\" content=\"https:\/\/hd-multimedia.com\/hdm_media\/topping-a30pro-nfca-headphone-amplifier-amp-hifigo-421944_527x527.jpg\" \/>\n\t<meta property=\"og:image:width\" content=\"527\" \/>\n\t<meta property=\"og:image:height\" content=\"527\" \/>\n\t<meta property=\"og:image:type\" content=\"image\/jpeg\" \/>\n<meta name=\"twitter:card\" content=\"summary_large_image\" \/>\n<meta name=\"twitter:label1\" content=\"Estimated reading time\" \/>\n\t<meta name=\"twitter:data1\" content=\"1 minute\" \/>\n<script type=\"application\/ld+json\" class=\"yoast-schema-graph\">{\"@context\":\"https:\/\/schema.org\",\"@graph\":[{\"@type\":\"WebPage\",\"@id\":\"https:\/\/hd-multimedia.com\/trgovina\/topping-a30pro\/\",\"url\":\"https:\/\/hd-multimedia.com\/trgovina\/topping-a30pro\/\",\"name\":\"Topping A30 Pro - hd-multimedia\",\"isPartOf\":{\"@id\":\"https:\/\/hd-multimedia.com\/#website\"},\"datePublished\":\"2021-05-24T13:50:50+00:00\",\"dateModified\":\"2025-12-30T12:15:33+00:00\",\"description\":\"Topping A30 PRO - visoko kvalitetno poja\u010dalo za slu\u0161alice. Izlazi za slu\u0161alice: SE: 6.35 mm; Balansirani: XLR- 4PIN i 4.4 mm.\u00a0 Ulazi: XLR i RCA.\u00a0\u00a0\",\"breadcrumb\":{\"@id\":\"https:\/\/hd-multimedia.com\/trgovina\/topping-a30pro\/#breadcrumb\"},\"inLanguage\":\"en-GB\",\"potentialAction\":[{\"@type\":\"ReadAction\",\"target\":[\"https:\/\/hd-multimedia.com\/trgovina\/topping-a30pro\/\"]}]},{\"@type\":\"BreadcrumbList\",\"@id\":\"https:\/\/hd-multimedia.com\/trgovina\/topping-a30pro\/#breadcrumb\",\"itemListElement\":[{\"@type\":\"ListItem\",\"position\":1,\"name\":\"Po\u010detna stranica\",\"item\":\"https:\/\/hd-multimedia.com\/\"},{\"@type\":\"ListItem\",\"position\":2,\"name\":\"Trgovina\",\"item\":\"https:\/\/hd-multimedia.com\/trgovina\/\"},{\"@type\":\"ListItem\",\"position\":3,\"name\":\"Topping A30 Pro\"}]},{\"@type\":\"WebSite\",\"@id\":\"https:\/\/hd-multimedia.com\/#website\",\"url\":\"https:\/\/hd-multimedia.com\/\",\"name\":\"hd-multimedia\",\"description\":\"\",\"publisher\":{\"@id\":\"https:\/\/hd-multimedia.com\/#organization\"},\"potentialAction\":[{\"@type\":\"SearchAction\",\"target\":{\"@type\":\"EntryPoint\",\"urlTemplate\":\"https:\/\/hd-multimedia.com\/?s={search_term_string}\"},\"query-input\":\"required name=search_term_string\"}],\"inLanguage\":\"en-GB\"},{\"@type\":\"Organization\",\"@id\":\"https:\/\/hd-multimedia.com\/#organization\",\"name\":\"hd-multimedia\",\"url\":\"https:\/\/hd-multimedia.com\/\",\"logo\":{\"@type\":\"ImageObject\",\"inLanguage\":\"en-GB\",\"@id\":\"https:\/\/hd-multimedia.com\/#\/schema\/logo\/image\/\",\"url\":\"https:\/\/hd-multimedia.com\/hdm_media\/HD-curves-ok-196-56px-alpha-1.png\",\"contentUrl\":\"https:\/\/hd-multimedia.com\/hdm_media\/HD-curves-ok-196-56px-alpha-1.png\",\"width\":196,\"height\":53,\"caption\":\"hd-multimedia\"},\"image\":{\"@id\":\"https:\/\/hd-multimedia.com\/#\/schema\/logo\/image\/\"}}]}<\/script>\n<!-- \/ Yoast SEO plugin. -->","yoast_head_json":{"title":"Topping A30 Pro - hd-multimedia","description":"Topping A30 PRO - visoko kvalitetno poja\u010dalo za slu\u0161alice. Izlazi za slu\u0161alice: SE: 6.35 mm; Balansirani: XLR- 4PIN i 4.4 mm.\u00a0 Ulazi: XLR i RCA.\u00a0\u00a0","robots":{"index":"index","follow":"follow","max-snippet":"max-snippet:-1","max-image-preview":"max-image-preview:large","max-video-preview":"max-video-preview:-1"},"canonical":"https:\/\/hd-multimedia.com\/en\/trgovina\/topping-a30pro\/","og_locale":"en_GB","og_type":"article","og_title":"Topping A30 Pro - hd-multimedia","og_description":"Topping A30 PRO - visoko kvalitetno poja\u010dalo za slu\u0161alice. Izlazi za slu\u0161alice: SE: 6.35 mm; Balansirani: XLR- 4PIN i 4.4 mm.\u00a0 Ulazi: XLR i RCA.\u00a0\u00a0","og_url":"https:\/\/hd-multimedia.com\/en\/trgovina\/topping-a30pro\/","og_site_name":"hd-multimedia","article_modified_time":"2025-12-30T12:15:33+00:00","og_image":[{"width":527,"height":527,"url":"https:\/\/hd-multimedia.com\/hdm_media\/topping-a30pro-nfca-headphone-amplifier-amp-hifigo-421944_527x527.jpg","type":"image\/jpeg"}],"twitter_card":"summary_large_image","twitter_misc":{"Estimated reading time":"1 minute"},"schema":{"@context":"https:\/\/schema.org","@graph":[{"@type":"WebPage","@id":"https:\/\/hd-multimedia.com\/trgovina\/topping-a30pro\/","url":"https:\/\/hd-multimedia.com\/trgovina\/topping-a30pro\/","name":"Topping A30 Pro - hd-multimedia","isPartOf":{"@id":"https:\/\/hd-multimedia.com\/#website"},"datePublished":"2021-05-24T13:50:50+00:00","dateModified":"2025-12-30T12:15:33+00:00","description":"Topping A30 PRO - visoko kvalitetno poja\u010dalo za slu\u0161alice. Izlazi za slu\u0161alice: SE: 6.35 mm; Balansirani: XLR- 4PIN i 4.4 mm.\u00a0 Ulazi: XLR i RCA.\u00a0\u00a0","breadcrumb":{"@id":"https:\/\/hd-multimedia.com\/trgovina\/topping-a30pro\/#breadcrumb"},"inLanguage":"en-GB","potentialAction":[{"@type":"ReadAction","target":["https:\/\/hd-multimedia.com\/trgovina\/topping-a30pro\/"]}]},{"@type":"BreadcrumbList","@id":"https:\/\/hd-multimedia.com\/trgovina\/topping-a30pro\/#breadcrumb","itemListElement":[{"@type":"ListItem","position":1,"name":"Po\u010detna stranica","item":"https:\/\/hd-multimedia.com\/"},{"@type":"ListItem","position":2,"name":"Trgovina","item":"https:\/\/hd-multimedia.com\/trgovina\/"},{"@type":"ListItem","position":3,"name":"Topping A30 Pro"}]},{"@type":"WebSite","@id":"https:\/\/hd-multimedia.com\/#website","url":"https:\/\/hd-multimedia.com\/","name":"hd-multimedia","description":"","publisher":{"@id":"https:\/\/hd-multimedia.com\/#organization"},"potentialAction":[{"@type":"SearchAction","target":{"@type":"EntryPoint","urlTemplate":"https:\/\/hd-multimedia.com\/?s={search_term_string}"},"query-input":"required name=search_term_string"}],"inLanguage":"en-GB"},{"@type":"Organization","@id":"https:\/\/hd-multimedia.com\/#organization","name":"hd-multimedia","url":"https:\/\/hd-multimedia.com\/","logo":{"@type":"ImageObject","inLanguage":"en-GB","@id":"https:\/\/hd-multimedia.com\/#\/schema\/logo\/image\/","url":"https:\/\/hd-multimedia.com\/hdm_media\/HD-curves-ok-196-56px-alpha-1.png","contentUrl":"https:\/\/hd-multimedia.com\/hdm_media\/HD-curves-ok-196-56px-alpha-1.png","width":196,"height":53,"caption":"hd-multimedia"},"image":{"@id":"https:\/\/hd-multimedia.com\/#\/schema\/logo\/image\/"}}]}},"post_mailing_queue_ids":[],"_links":{"self":[{"href":"https:\/\/hd-multimedia.com\/en\/wp-json\/wp\/v2\/product\/6098","targetHints":{"allow":["GET"]}}],"collection":[{"href":"https:\/\/hd-multimedia.com\/en\/wp-json\/wp\/v2\/product"}],"about":[{"href":"https:\/\/hd-multimedia.com\/en\/wp-json\/wp\/v2\/types\/product"}],"version-history":[{"count":4,"href":"https:\/\/hd-multimedia.com\/en\/wp-json\/wp\/v2\/product\/6098\/revisions"}],"predecessor-version":[{"id":12133,"href":"https:\/\/hd-multimedia.com\/en\/wp-json\/wp\/v2\/product\/6098\/revisions\/12133"}],"wp:featuredmedia":[{"embeddable":true,"href":"https:\/\/hd-multimedia.com\/en\/wp-json\/wp\/v2\/media\/6093"}],"wp:attachment":[{"href":"https:\/\/hd-multimedia.com\/en\/wp-json\/wp\/v2\/media?parent=6098"}],"curies":[{"name":"wp","href":"https:\/\/api.w.org\/{rel}","templated":true}]}}