{"id":5564,"date":"2021-02-12T15:22:25","date_gmt":"2021-02-12T15:22:25","guid":{"rendered":"https:\/\/hd-multimedia.com\/?post_type=product&#038;p=5564"},"modified":"2025-10-21T09:23:09","modified_gmt":"2025-10-21T09:23:09","slug":"topping-ext90","status":"publish","type":"product","link":"https:\/\/hd-multimedia.com\/en\/trgovina\/topping-ext90\/","title":{"rendered":"Topping EXT90"},"content":{"rendered":"<p>Topping EXT90 \u2013 extension for the PRE90 line preamplifier. Additional outputs: 1 x RCA + 3 x XLR.<\/p>\n<p><strong>General information<\/strong><\/p>\n<ul>\n<li>Dimensions: 22.2 x 16 x 4.5 cm<\/li>\n<li>Color: Silver<\/li>\n<li>Housing material: Aluminum<\/li>\n<\/ul>\n<p><strong>The package contains<\/strong><\/p>\n<ul>\n<li>1x Topping Ext90<\/li>\n<li>1x aircraft cable laid in lines<\/li>\n<\/ul>","protected":false},"excerpt":{"rendered":"<p>The Ext90 is a device that pairs exclusively with the Topping Pre90 and A90 Discrete, allowing them to use multiple inputs. By combining these devices, you get two unbalanced RCA inputs and four balanced XLR inputs. This is ideal for integrating audio systems with many sources.<\/p>\n<p><a href=\"https:\/\/www.tpdz.net\/productinfo\/551297.html\" target=\"_blank\" rel=\"noopener noreferrer\">Brochure Topping PRE90+EXT90.\u00a0<\/a><\/p>","protected":false},"featured_media":15596,"template":"","meta":{"site-sidebar-layout":"default","site-content-layout":"default","ast-site-content-layout":"default","site-content-style":"default","site-sidebar-style":"default","ast-global-header-display":"","ast-banner-title-visibility":"","ast-main-header-display":"","ast-hfb-above-header-display":"","ast-hfb-below-header-display":"","ast-hfb-mobile-header-display":"","site-post-title":"","ast-breadcrumbs-content":"","ast-featured-img":"","footer-sml-layout":"","theme-transparent-header-meta":"default","adv-header-id-meta":"","stick-header-meta":"default","header-above-stick-meta":"","header-main-stick-meta":"","header-below-stick-meta":"","astra-migrate-meta-layouts":"set","ast-page-background-enabled":"default","ast-page-background-meta":{"desktop":{"background-color":"","background-image":"","background-repeat":"repeat","background-position":"center center","background-size":"auto","background-attachment":"scroll","background-type":"","background-media":"","overlay-type":"","overlay-color":"","overlay-opacity":"","overlay-gradient":""},"tablet":{"background-color":"","background-image":"","background-repeat":"repeat","background-position":"center center","background-size":"auto","background-attachment":"scroll","background-type":"","background-media":"","overlay-type":"","overlay-color":"","overlay-opacity":"","overlay-gradient":""},"mobile":{"background-color":"","background-image":"","background-repeat":"repeat","background-position":"center center","background-size":"auto","background-attachment":"scroll","background-type":"","background-media":"","overlay-type":"","overlay-color":"","overlay-opacity":"","overlay-gradient":""}},"ast-content-background-meta":{"desktop":{"background-color":"var(--ast-global-color-5)","background-image":"","background-repeat":"repeat","background-position":"center center","background-size":"auto","background-attachment":"scroll","background-type":"","background-media":"","overlay-type":"","overlay-color":"","overlay-opacity":"","overlay-gradient":""},"tablet":{"background-color":"var(--ast-global-color-5)","background-image":"","background-repeat":"repeat","background-position":"center center","background-size":"auto","background-attachment":"scroll","background-type":"","background-media":"","overlay-type":"","overlay-color":"","overlay-opacity":"","overlay-gradient":""},"mobile":{"background-color":"var(--ast-global-color-5)","background-image":"","background-repeat":"repeat","background-position":"center center","background-size":"auto","background-attachment":"scroll","background-type":"","background-media":"","overlay-type":"","overlay-color":"","overlay-opacity":"","overlay-gradient":""}}},"class_list":["post-5564","product","type-product","status-publish","has-post-thumbnail","hentry","product_cat-pretpojacala","product_cat-topping","desktop-align-center","tablet-align-center","mobile-align-center","ast-product-gallery-layout-horizontal","ast-magnify-disabled","ast-product-single-variable","ast-product-tabs-layout-horizontal"],"yoast_head":"<!-- This site is optimized with the Yoast SEO plugin v21.4 - https:\/\/yoast.com\/wordpress\/plugins\/seo\/ -->\n<title>Topping EXT90 - hd-multimedia<\/title>\n<meta name=\"description\" content=\"Topping Ext90 je extenzija za linijsko pretpoja\u010dalo koja se spaja s Topping Pre90 i A90 Discrete, omogu\u0107uju\u0107i da iskoriste vi\u0161e ulaza.\" \/>\n<meta name=\"robots\" content=\"index, follow, max-snippet:-1, max-image-preview:large, max-video-preview:-1\" \/>\n<link rel=\"canonical\" href=\"https:\/\/hd-multimedia.com\/en\/trgovina\/topping-ext90\/\" \/>\n<meta property=\"og:locale\" content=\"en_GB\" \/>\n<meta property=\"og:type\" content=\"article\" \/>\n<meta property=\"og:title\" content=\"Topping EXT90 - hd-multimedia\" \/>\n<meta property=\"og:description\" content=\"Topping Ext90 je extenzija za linijsko pretpoja\u010dalo koja se spaja s Topping Pre90 i A90 Discrete, omogu\u0107uju\u0107i da iskoriste vi\u0161e ulaza.\" \/>\n<meta property=\"og:url\" content=\"https:\/\/hd-multimedia.com\/en\/trgovina\/topping-ext90\/\" \/>\n<meta property=\"og:site_name\" content=\"hd-multimedia\" \/>\n<meta property=\"article:modified_time\" content=\"2025-10-21T09:23:09+00:00\" \/>\n<meta property=\"og:image\" content=\"https:\/\/hd-multimedia.com\/hdm_media\/topping-ext90-input-extension-for-topping-pre90-a90-discrete-black.jpg\" \/>\n\t<meta property=\"og:image:width\" content=\"900\" \/>\n\t<meta property=\"og:image:height\" content=\"900\" \/>\n\t<meta property=\"og:image:type\" content=\"image\/jpeg\" \/>\n<meta name=\"twitter:card\" content=\"summary_large_image\" \/>\n<meta name=\"twitter:label1\" content=\"Estimated reading time\" \/>\n\t<meta name=\"twitter:data1\" content=\"1 minute\" \/>\n<script type=\"application\/ld+json\" class=\"yoast-schema-graph\">{\"@context\":\"https:\/\/schema.org\",\"@graph\":[{\"@type\":\"WebPage\",\"@id\":\"https:\/\/hd-multimedia.com\/trgovina\/topping-ext90\/\",\"url\":\"https:\/\/hd-multimedia.com\/trgovina\/topping-ext90\/\",\"name\":\"Topping EXT90 - hd-multimedia\",\"isPartOf\":{\"@id\":\"https:\/\/hd-multimedia.com\/#website\"},\"datePublished\":\"2021-02-12T15:22:25+00:00\",\"dateModified\":\"2025-10-21T09:23:09+00:00\",\"description\":\"Topping Ext90 je extenzija za linijsko pretpoja\u010dalo koja se spaja s Topping Pre90 i A90 Discrete, omogu\u0107uju\u0107i da iskoriste vi\u0161e ulaza.\",\"breadcrumb\":{\"@id\":\"https:\/\/hd-multimedia.com\/trgovina\/topping-ext90\/#breadcrumb\"},\"inLanguage\":\"en-GB\",\"potentialAction\":[{\"@type\":\"ReadAction\",\"target\":[\"https:\/\/hd-multimedia.com\/trgovina\/topping-ext90\/\"]}]},{\"@type\":\"BreadcrumbList\",\"@id\":\"https:\/\/hd-multimedia.com\/trgovina\/topping-ext90\/#breadcrumb\",\"itemListElement\":[{\"@type\":\"ListItem\",\"position\":1,\"name\":\"Po\u010detna stranica\",\"item\":\"https:\/\/hd-multimedia.com\/\"},{\"@type\":\"ListItem\",\"position\":2,\"name\":\"Trgovina\",\"item\":\"https:\/\/hd-multimedia.com\/trgovina\/\"},{\"@type\":\"ListItem\",\"position\":3,\"name\":\"Topping EXT90\"}]},{\"@type\":\"WebSite\",\"@id\":\"https:\/\/hd-multimedia.com\/#website\",\"url\":\"https:\/\/hd-multimedia.com\/\",\"name\":\"hd-multimedia\",\"description\":\"\",\"publisher\":{\"@id\":\"https:\/\/hd-multimedia.com\/#organization\"},\"potentialAction\":[{\"@type\":\"SearchAction\",\"target\":{\"@type\":\"EntryPoint\",\"urlTemplate\":\"https:\/\/hd-multimedia.com\/?s={search_term_string}\"},\"query-input\":\"required name=search_term_string\"}],\"inLanguage\":\"en-GB\"},{\"@type\":\"Organization\",\"@id\":\"https:\/\/hd-multimedia.com\/#organization\",\"name\":\"hd-multimedia\",\"url\":\"https:\/\/hd-multimedia.com\/\",\"logo\":{\"@type\":\"ImageObject\",\"inLanguage\":\"en-GB\",\"@id\":\"https:\/\/hd-multimedia.com\/#\/schema\/logo\/image\/\",\"url\":\"https:\/\/hd-multimedia.com\/hdm_media\/HD-curves-ok-196-56px-alpha-1.png\",\"contentUrl\":\"https:\/\/hd-multimedia.com\/hdm_media\/HD-curves-ok-196-56px-alpha-1.png\",\"width\":196,\"height\":53,\"caption\":\"hd-multimedia\"},\"image\":{\"@id\":\"https:\/\/hd-multimedia.com\/#\/schema\/logo\/image\/\"}}]}<\/script>\n<!-- \/ Yoast SEO plugin. -->","yoast_head_json":{"title":"Topping EXT90 - hd-multimedia","description":"Topping Ext90 je extenzija za linijsko pretpoja\u010dalo koja se spaja s Topping Pre90 i A90 Discrete, omogu\u0107uju\u0107i da iskoriste vi\u0161e ulaza.","robots":{"index":"index","follow":"follow","max-snippet":"max-snippet:-1","max-image-preview":"max-image-preview:large","max-video-preview":"max-video-preview:-1"},"canonical":"https:\/\/hd-multimedia.com\/en\/trgovina\/topping-ext90\/","og_locale":"en_GB","og_type":"article","og_title":"Topping EXT90 - hd-multimedia","og_description":"Topping Ext90 je extenzija za linijsko pretpoja\u010dalo koja se spaja s Topping Pre90 i A90 Discrete, omogu\u0107uju\u0107i da iskoriste vi\u0161e ulaza.","og_url":"https:\/\/hd-multimedia.com\/en\/trgovina\/topping-ext90\/","og_site_name":"hd-multimedia","article_modified_time":"2025-10-21T09:23:09+00:00","og_image":[{"width":900,"height":900,"url":"https:\/\/hd-multimedia.com\/hdm_media\/topping-ext90-input-extension-for-topping-pre90-a90-discrete-black.jpg","type":"image\/jpeg"}],"twitter_card":"summary_large_image","twitter_misc":{"Estimated reading time":"1 minute"},"schema":{"@context":"https:\/\/schema.org","@graph":[{"@type":"WebPage","@id":"https:\/\/hd-multimedia.com\/trgovina\/topping-ext90\/","url":"https:\/\/hd-multimedia.com\/trgovina\/topping-ext90\/","name":"Topping EXT90 - hd-multimedia","isPartOf":{"@id":"https:\/\/hd-multimedia.com\/#website"},"datePublished":"2021-02-12T15:22:25+00:00","dateModified":"2025-10-21T09:23:09+00:00","description":"Topping Ext90 je extenzija za linijsko pretpoja\u010dalo koja se spaja s Topping Pre90 i A90 Discrete, omogu\u0107uju\u0107i da iskoriste vi\u0161e ulaza.","breadcrumb":{"@id":"https:\/\/hd-multimedia.com\/trgovina\/topping-ext90\/#breadcrumb"},"inLanguage":"en-GB","potentialAction":[{"@type":"ReadAction","target":["https:\/\/hd-multimedia.com\/trgovina\/topping-ext90\/"]}]},{"@type":"BreadcrumbList","@id":"https:\/\/hd-multimedia.com\/trgovina\/topping-ext90\/#breadcrumb","itemListElement":[{"@type":"ListItem","position":1,"name":"Po\u010detna stranica","item":"https:\/\/hd-multimedia.com\/"},{"@type":"ListItem","position":2,"name":"Trgovina","item":"https:\/\/hd-multimedia.com\/trgovina\/"},{"@type":"ListItem","position":3,"name":"Topping EXT90"}]},{"@type":"WebSite","@id":"https:\/\/hd-multimedia.com\/#website","url":"https:\/\/hd-multimedia.com\/","name":"hd-multimedia","description":"","publisher":{"@id":"https:\/\/hd-multimedia.com\/#organization"},"potentialAction":[{"@type":"SearchAction","target":{"@type":"EntryPoint","urlTemplate":"https:\/\/hd-multimedia.com\/?s={search_term_string}"},"query-input":"required name=search_term_string"}],"inLanguage":"en-GB"},{"@type":"Organization","@id":"https:\/\/hd-multimedia.com\/#organization","name":"hd-multimedia","url":"https:\/\/hd-multimedia.com\/","logo":{"@type":"ImageObject","inLanguage":"en-GB","@id":"https:\/\/hd-multimedia.com\/#\/schema\/logo\/image\/","url":"https:\/\/hd-multimedia.com\/hdm_media\/HD-curves-ok-196-56px-alpha-1.png","contentUrl":"https:\/\/hd-multimedia.com\/hdm_media\/HD-curves-ok-196-56px-alpha-1.png","width":196,"height":53,"caption":"hd-multimedia"},"image":{"@id":"https:\/\/hd-multimedia.com\/#\/schema\/logo\/image\/"}}]}},"post_mailing_queue_ids":[],"_links":{"self":[{"href":"https:\/\/hd-multimedia.com\/en\/wp-json\/wp\/v2\/product\/5564","targetHints":{"allow":["GET"]}}],"collection":[{"href":"https:\/\/hd-multimedia.com\/en\/wp-json\/wp\/v2\/product"}],"about":[{"href":"https:\/\/hd-multimedia.com\/en\/wp-json\/wp\/v2\/types\/product"}],"version-history":[{"count":6,"href":"https:\/\/hd-multimedia.com\/en\/wp-json\/wp\/v2\/product\/5564\/revisions"}],"predecessor-version":[{"id":15598,"href":"https:\/\/hd-multimedia.com\/en\/wp-json\/wp\/v2\/product\/5564\/revisions\/15598"}],"wp:featuredmedia":[{"embeddable":true,"href":"https:\/\/hd-multimedia.com\/en\/wp-json\/wp\/v2\/media\/15596"}],"wp:attachment":[{"href":"https:\/\/hd-multimedia.com\/en\/wp-json\/wp\/v2\/media?parent=5564"}],"curies":[{"name":"wp","href":"https:\/\/api.w.org\/{rel}","templated":true}]}}