{"id":5184,"date":"2020-12-02T11:46:10","date_gmt":"2020-12-02T11:46:10","guid":{"rendered":"https:\/\/hd-multimedia.com\/?post_type=product&#038;p=5184"},"modified":"2025-09-03T13:35:05","modified_gmt":"2025-09-03T13:35:05","slug":"elac-unifi-uf5-2-par","status":"publish","type":"product","link":"https:\/\/hd-multimedia.com\/en\/trgovina\/elac-unifi-uf5-2-par\/","title":{"rendered":"Elac UniFi UF5.2 (pair)"},"content":{"rendered":"<p>Specification:<\/p>\n<p>Type: 3-way passive sound box with bass reflex opening.<br \/>\nTweeter: 1 x 1 inch (2.56 cm)- soft dome, coaxially mounted<\/p>\n<p>Midrange: 1 x 4-inch (10.24 cm) \u2013 aluminum cone, coaxial to tweeter<br \/>\nBass: 3 x 5.25-inch (13.44 cm) \u2013 aluminum cone<\/p>\n<p>Crossover: 200 \/ 2,000 Hz<br \/>\nFrequency range: 42 to 35,000 Hz<br \/>\nSensitivity: 85 dB at 2.83 v\/1 m<br \/>\nAmplifier power recommendation: from 40 to 140 W pc<br \/>\nPeak power: 140 W pc<br \/>\nStandard impedance: 6 \u03a9<br \/>\nConnection: 5-way<\/p>\n<p>Magnetic shielding: None<br \/>\nFinish: Black ash (maple)<\/p>\n<p>Additional equipment: Protective mask<\/p>\n<p>Height: 38.58\u2033 \/ 980 mm<br \/>\nWidth: 7.28\u2033 \/ 185 mm<br \/>\nDepth: 10.83\u2033\/275 mm<\/p>\n<p><a href=\"https:\/\/www.elac.com\/category\/floorstanding-speakers\/uni-fi-2-uf52\/\" target=\"_blank\" rel=\"noopener\">You can find other information at this link.<\/a><\/p>","protected":false},"excerpt":{"rendered":"<p>The Elac UniFi UF5.2 is designed for larger venues and enthusiasts looking for powerful bass dynamics. This compact 3-way floorstanding speaker with a bass-reflex design shares the same exceptional drivers and technology as other models in the series. With dedicated tweeters, midrange and woofers, the UF5.2 delivers clean bass without compromising vocal clarity. Technical improvements include a wide-surround tweeter for extended low and high frequency response, an improved midrange design with a larger voice coil and a neodymium magnet for improved rigidity. A one-piece aluminum cone diaphragm, with a large magnet, contributes to improved bass precision and dynamics. The UF5.2&#039;s construction features a thick MDF outer wall and a black ash finish that reduces unwanted cabinet vibrations.<\/p>\n<p>The price refers to a pair (2 speakers)<\/p>\n<p><a href=\"https:\/\/www.elac.com\/category\/floorstanding-speakers\/uni-fi-2-uf52\/\" target=\"_blank\" rel=\"noopener\">You can find other information at this link.<\/a><\/p>","protected":false},"featured_media":5185,"template":"","meta":{"site-sidebar-layout":"default","site-content-layout":"default","ast-site-content-layout":"default","site-content-style":"default","site-sidebar-style":"default","ast-global-header-display":"","ast-banner-title-visibility":"","ast-main-header-display":"","ast-hfb-above-header-display":"","ast-hfb-below-header-display":"","ast-hfb-mobile-header-display":"","site-post-title":"","ast-breadcrumbs-content":"","ast-featured-img":"","footer-sml-layout":"","theme-transparent-header-meta":"default","adv-header-id-meta":"","stick-header-meta":"default","header-above-stick-meta":"","header-main-stick-meta":"","header-below-stick-meta":"","astra-migrate-meta-layouts":"set","ast-page-background-enabled":"default","ast-page-background-meta":{"desktop":{"background-color":"","background-image":"","background-repeat":"repeat","background-position":"center center","background-size":"auto","background-attachment":"scroll","background-type":"","background-media":"","overlay-type":"","overlay-color":"","overlay-opacity":"","overlay-gradient":""},"tablet":{"background-color":"","background-image":"","background-repeat":"repeat","background-position":"center center","background-size":"auto","background-attachment":"scroll","background-type":"","background-media":"","overlay-type":"","overlay-color":"","overlay-opacity":"","overlay-gradient":""},"mobile":{"background-color":"","background-image":"","background-repeat":"repeat","background-position":"center center","background-size":"auto","background-attachment":"scroll","background-type":"","background-media":"","overlay-type":"","overlay-color":"","overlay-opacity":"","overlay-gradient":""}},"ast-content-background-meta":{"desktop":{"background-color":"var(--ast-global-color-5)","background-image":"","background-repeat":"repeat","background-position":"center center","background-size":"auto","background-attachment":"scroll","background-type":"","background-media":"","overlay-type":"","overlay-color":"","overlay-opacity":"","overlay-gradient":""},"tablet":{"background-color":"var(--ast-global-color-5)","background-image":"","background-repeat":"repeat","background-position":"center center","background-size":"auto","background-attachment":"scroll","background-type":"","background-media":"","overlay-type":"","overlay-color":"","overlay-opacity":"","overlay-gradient":""},"mobile":{"background-color":"var(--ast-global-color-5)","background-image":"","background-repeat":"repeat","background-position":"center center","background-size":"auto","background-attachment":"scroll","background-type":"","background-media":"","overlay-type":"","overlay-color":"","overlay-opacity":"","overlay-gradient":""}}},"class_list":["post-5184","product","type-product","status-publish","has-post-thumbnail","hentry","product_cat-pasivne-zvucne-kutije","product_cat-elac","desktop-align-center","tablet-align-center","mobile-align-center","ast-product-gallery-layout-horizontal","ast-magnify-disabled","ast-product-tabs-layout-horizontal"],"yoast_head":"<!-- This site is optimized with the Yoast SEO plugin v21.4 - https:\/\/yoast.com\/wordpress\/plugins\/seo\/ -->\n<title>Elac UniFi UF5.2 (par) - hd-multimedia<\/title>\n<meta name=\"description\" content=\"S posve\u0107enim visokotoncem, srednjetonskim i niskotonskim zvu\u010dnicima, Elac UniFi UF5.2 (par) pru\u017ea \u010dist bas bez naru\u0161avanja jasno\u0107e vokala.\" \/>\n<meta name=\"robots\" content=\"index, follow, max-snippet:-1, max-image-preview:large, max-video-preview:-1\" \/>\n<link rel=\"canonical\" href=\"https:\/\/hd-multimedia.com\/en\/trgovina\/elac-unifi-uf5-2-par\/\" \/>\n<meta property=\"og:locale\" content=\"en_GB\" \/>\n<meta property=\"og:type\" content=\"article\" \/>\n<meta property=\"og:title\" content=\"Elac UniFi UF5.2 (par) - hd-multimedia\" \/>\n<meta property=\"og:description\" content=\"S posve\u0107enim visokotoncem, srednjetonskim i niskotonskim zvu\u010dnicima, Elac UniFi UF5.2 (par) pru\u017ea \u010dist bas bez naru\u0161avanja jasno\u0107e vokala.\" \/>\n<meta property=\"og:url\" content=\"https:\/\/hd-multimedia.com\/en\/trgovina\/elac-unifi-uf5-2-par\/\" \/>\n<meta property=\"og:site_name\" content=\"hd-multimedia\" \/>\n<meta property=\"article:modified_time\" content=\"2025-09-03T13:35:05+00:00\" \/>\n<meta property=\"og:image\" content=\"https:\/\/hd-multimedia.com\/hdm_media\/1000015009-1.jpg\" \/>\n\t<meta property=\"og:image:width\" content=\"450\" \/>\n\t<meta property=\"og:image:height\" content=\"450\" \/>\n\t<meta property=\"og:image:type\" content=\"image\/jpeg\" \/>\n<meta name=\"twitter:card\" content=\"summary_large_image\" \/>\n<meta name=\"twitter:label1\" content=\"Estimated reading time\" \/>\n\t<meta name=\"twitter:data1\" content=\"1 minute\" \/>\n<script type=\"application\/ld+json\" class=\"yoast-schema-graph\">{\"@context\":\"https:\/\/schema.org\",\"@graph\":[{\"@type\":\"WebPage\",\"@id\":\"https:\/\/hd-multimedia.com\/trgovina\/elac-unifi-uf5-2-par\/\",\"url\":\"https:\/\/hd-multimedia.com\/trgovina\/elac-unifi-uf5-2-par\/\",\"name\":\"Elac UniFi UF5.2 (par) - hd-multimedia\",\"isPartOf\":{\"@id\":\"https:\/\/hd-multimedia.com\/#website\"},\"datePublished\":\"2020-12-02T11:46:10+00:00\",\"dateModified\":\"2025-09-03T13:35:05+00:00\",\"description\":\"S posve\u0107enim visokotoncem, srednjetonskim i niskotonskim zvu\u010dnicima, Elac UniFi UF5.2 (par) pru\u017ea \u010dist bas bez naru\u0161avanja jasno\u0107e vokala.\",\"breadcrumb\":{\"@id\":\"https:\/\/hd-multimedia.com\/trgovina\/elac-unifi-uf5-2-par\/#breadcrumb\"},\"inLanguage\":\"en-GB\",\"potentialAction\":[{\"@type\":\"ReadAction\",\"target\":[\"https:\/\/hd-multimedia.com\/trgovina\/elac-unifi-uf5-2-par\/\"]}]},{\"@type\":\"BreadcrumbList\",\"@id\":\"https:\/\/hd-multimedia.com\/trgovina\/elac-unifi-uf5-2-par\/#breadcrumb\",\"itemListElement\":[{\"@type\":\"ListItem\",\"position\":1,\"name\":\"Po\u010detna stranica\",\"item\":\"https:\/\/hd-multimedia.com\/\"},{\"@type\":\"ListItem\",\"position\":2,\"name\":\"Trgovina\",\"item\":\"https:\/\/hd-multimedia.com\/trgovina\/\"},{\"@type\":\"ListItem\",\"position\":3,\"name\":\"Elac UniFi UF5.2 (par)\"}]},{\"@type\":\"WebSite\",\"@id\":\"https:\/\/hd-multimedia.com\/#website\",\"url\":\"https:\/\/hd-multimedia.com\/\",\"name\":\"hd-multimedia\",\"description\":\"\",\"publisher\":{\"@id\":\"https:\/\/hd-multimedia.com\/#organization\"},\"potentialAction\":[{\"@type\":\"SearchAction\",\"target\":{\"@type\":\"EntryPoint\",\"urlTemplate\":\"https:\/\/hd-multimedia.com\/?s={search_term_string}\"},\"query-input\":\"required name=search_term_string\"}],\"inLanguage\":\"en-GB\"},{\"@type\":\"Organization\",\"@id\":\"https:\/\/hd-multimedia.com\/#organization\",\"name\":\"hd-multimedia\",\"url\":\"https:\/\/hd-multimedia.com\/\",\"logo\":{\"@type\":\"ImageObject\",\"inLanguage\":\"en-GB\",\"@id\":\"https:\/\/hd-multimedia.com\/#\/schema\/logo\/image\/\",\"url\":\"https:\/\/hd-multimedia.com\/hdm_media\/HD-curves-ok-196-56px-alpha-1.png\",\"contentUrl\":\"https:\/\/hd-multimedia.com\/hdm_media\/HD-curves-ok-196-56px-alpha-1.png\",\"width\":196,\"height\":53,\"caption\":\"hd-multimedia\"},\"image\":{\"@id\":\"https:\/\/hd-multimedia.com\/#\/schema\/logo\/image\/\"}}]}<\/script>\n<!-- \/ Yoast SEO plugin. -->","yoast_head_json":{"title":"Elac UniFi UF5.2 (par) - hd-multimedia","description":"S posve\u0107enim visokotoncem, srednjetonskim i niskotonskim zvu\u010dnicima, Elac UniFi UF5.2 (par) pru\u017ea \u010dist bas bez naru\u0161avanja jasno\u0107e vokala.","robots":{"index":"index","follow":"follow","max-snippet":"max-snippet:-1","max-image-preview":"max-image-preview:large","max-video-preview":"max-video-preview:-1"},"canonical":"https:\/\/hd-multimedia.com\/en\/trgovina\/elac-unifi-uf5-2-par\/","og_locale":"en_GB","og_type":"article","og_title":"Elac UniFi UF5.2 (par) - hd-multimedia","og_description":"S posve\u0107enim visokotoncem, srednjetonskim i niskotonskim zvu\u010dnicima, Elac UniFi UF5.2 (par) pru\u017ea \u010dist bas bez naru\u0161avanja jasno\u0107e vokala.","og_url":"https:\/\/hd-multimedia.com\/en\/trgovina\/elac-unifi-uf5-2-par\/","og_site_name":"hd-multimedia","article_modified_time":"2025-09-03T13:35:05+00:00","og_image":[{"width":450,"height":450,"url":"https:\/\/hd-multimedia.com\/hdm_media\/1000015009-1.jpg","type":"image\/jpeg"}],"twitter_card":"summary_large_image","twitter_misc":{"Estimated reading time":"1 minute"},"schema":{"@context":"https:\/\/schema.org","@graph":[{"@type":"WebPage","@id":"https:\/\/hd-multimedia.com\/trgovina\/elac-unifi-uf5-2-par\/","url":"https:\/\/hd-multimedia.com\/trgovina\/elac-unifi-uf5-2-par\/","name":"Elac UniFi UF5.2 (par) - hd-multimedia","isPartOf":{"@id":"https:\/\/hd-multimedia.com\/#website"},"datePublished":"2020-12-02T11:46:10+00:00","dateModified":"2025-09-03T13:35:05+00:00","description":"S posve\u0107enim visokotoncem, srednjetonskim i niskotonskim zvu\u010dnicima, Elac UniFi UF5.2 (par) pru\u017ea \u010dist bas bez naru\u0161avanja jasno\u0107e vokala.","breadcrumb":{"@id":"https:\/\/hd-multimedia.com\/trgovina\/elac-unifi-uf5-2-par\/#breadcrumb"},"inLanguage":"en-GB","potentialAction":[{"@type":"ReadAction","target":["https:\/\/hd-multimedia.com\/trgovina\/elac-unifi-uf5-2-par\/"]}]},{"@type":"BreadcrumbList","@id":"https:\/\/hd-multimedia.com\/trgovina\/elac-unifi-uf5-2-par\/#breadcrumb","itemListElement":[{"@type":"ListItem","position":1,"name":"Po\u010detna stranica","item":"https:\/\/hd-multimedia.com\/"},{"@type":"ListItem","position":2,"name":"Trgovina","item":"https:\/\/hd-multimedia.com\/trgovina\/"},{"@type":"ListItem","position":3,"name":"Elac UniFi UF5.2 (par)"}]},{"@type":"WebSite","@id":"https:\/\/hd-multimedia.com\/#website","url":"https:\/\/hd-multimedia.com\/","name":"hd-multimedia","description":"","publisher":{"@id":"https:\/\/hd-multimedia.com\/#organization"},"potentialAction":[{"@type":"SearchAction","target":{"@type":"EntryPoint","urlTemplate":"https:\/\/hd-multimedia.com\/?s={search_term_string}"},"query-input":"required name=search_term_string"}],"inLanguage":"en-GB"},{"@type":"Organization","@id":"https:\/\/hd-multimedia.com\/#organization","name":"hd-multimedia","url":"https:\/\/hd-multimedia.com\/","logo":{"@type":"ImageObject","inLanguage":"en-GB","@id":"https:\/\/hd-multimedia.com\/#\/schema\/logo\/image\/","url":"https:\/\/hd-multimedia.com\/hdm_media\/HD-curves-ok-196-56px-alpha-1.png","contentUrl":"https:\/\/hd-multimedia.com\/hdm_media\/HD-curves-ok-196-56px-alpha-1.png","width":196,"height":53,"caption":"hd-multimedia"},"image":{"@id":"https:\/\/hd-multimedia.com\/#\/schema\/logo\/image\/"}}]}},"post_mailing_queue_ids":[],"_links":{"self":[{"href":"https:\/\/hd-multimedia.com\/en\/wp-json\/wp\/v2\/product\/5184","targetHints":{"allow":["GET"]}}],"collection":[{"href":"https:\/\/hd-multimedia.com\/en\/wp-json\/wp\/v2\/product"}],"about":[{"href":"https:\/\/hd-multimedia.com\/en\/wp-json\/wp\/v2\/types\/product"}],"version-history":[{"count":4,"href":"https:\/\/hd-multimedia.com\/en\/wp-json\/wp\/v2\/product\/5184\/revisions"}],"predecessor-version":[{"id":18123,"href":"https:\/\/hd-multimedia.com\/en\/wp-json\/wp\/v2\/product\/5184\/revisions\/18123"}],"wp:featuredmedia":[{"embeddable":true,"href":"https:\/\/hd-multimedia.com\/en\/wp-json\/wp\/v2\/media\/5185"}],"wp:attachment":[{"href":"https:\/\/hd-multimedia.com\/en\/wp-json\/wp\/v2\/media?parent=5184"}],"curies":[{"name":"wp","href":"https:\/\/api.w.org\/{rel}","templated":true}]}}