{"id":4785,"date":"2020-11-13T12:02:56","date_gmt":"2020-11-13T12:02:56","guid":{"rendered":"https:\/\/hd-multimedia.com\/?post_type=product&#038;p=4785"},"modified":"2025-04-30T10:48:50","modified_gmt":"2025-04-30T10:48:50","slug":"fiio-q3","status":"publish","type":"product","link":"https:\/\/hd-multimedia.com\/en\/trgovina\/fiio-q3\/","title":{"rendered":"FiiO Q3"},"content":{"rendered":"<table border=\"1\" cellspacing=\"0\">\n<tbody>\n<tr>\n<td colspan=\"5\"><strong>General specifications<\/strong><\/td>\n<\/tr>\n<tr>\n<td>Name\/Model<\/td>\n<td>Q3<\/td>\n<td>Color<\/td>\n<td colspan=\"2\">Black<\/td>\n<\/tr>\n<tr>\n<td>Weight<\/td>\n<td>About 110g (incl. battery)<\/td>\n<td>Dimensions<\/td>\n<td colspan=\"2\">105mmx59mmx12.5mm<\/td>\n<\/tr>\n<tr>\n<td>Audio input<\/td>\n<td>Type-C USB\/3.5mm port<\/td>\n<td>Headphone output port<\/td>\n<td colspan=\"2\">Standard 3.5mm Port<\/td>\n<\/tr>\n<tr>\n<td>Balanced output port<\/td>\n<td>2.5mm balanced+4.4mm balanced<\/td>\n<td><\/td>\n<td colspan=\"2\"><\/td>\n<\/tr>\n<tr>\n<td rowspan=\"2\">Channel balance<\/td>\n<td rowspan=\"2\">\u22640.2 dB<\/td>\n<td rowspan=\"2\">Recommended headphone impedance<\/td>\n<td colspan=\"2\">16\uff5e100\u03a9 (PO)<\/td>\n<\/tr>\n<tr>\n<td colspan=\"2\">16\uff5e300\u03a9 (BAL)<\/td>\n<\/tr>\n<tr>\n<td>Power supply<\/td>\n<td>DC 5V 2A recommended<\/td>\n<td>Battery capacity<\/td>\n<td colspan=\"2\">1800mAh<\/td>\n<\/tr>\n<tr>\n<td rowspan=\"3\">Charging time<\/td>\n<td rowspan=\"3\">\u22642h<\/td>\n<td rowspan=\"3\">Battery life<\/td>\n<td rowspan=\"2\">USB In<\/td>\n<td>MON: 10AM<\/td>\n<\/tr>\n<tr>\n<td>BAL: 8.5H<\/td>\n<\/tr>\n<tr>\n<td>AUX-In<\/td>\n<td>BALL: 7 PM<\/td>\n<\/tr>\n<tr>\n<td>Native DSD supported<\/td>\n<td>DSD64\/128\/256\/512<\/td>\n<td rowspan=\"2\">Headphone test<\/td>\n<td colspan=\"2\">PO+M3 earbuds (27\u03a9)<\/td>\n<\/tr>\n<tr>\n<td>Max. sampling rate supported<\/td>\n<td>768kHz\/32bit<\/td>\n<td colspan=\"2\">BAL+32\u03a9 earbuds<\/td>\n<\/tr>\n<tr>\n<td rowspan=\"2\">Chips used<\/td>\n<td rowspan=\"2\">DAC: AKM4462; Amp modules: THX_AAA28; LPF: OPA1662; XMOS: XUF208<\/td>\n<td>Test volume<\/td>\n<td colspan=\"2\">40mV output<\/td>\n<\/tr>\n<tr>\n<td>Accessories<\/td>\n<td colspan=\"2\">Dual USB Type C head cable, Lightening to Type C cable, USB Type C data cable, storage bag, non-slip mat, 3.5mm line cable, binding strap, quick start guide, warranty card<\/td>\n<\/tr>\n<\/tbody>\n<\/table>\n<p><a href=\"https:\/\/www.fiio.com\/q3\" target=\"_blank\" rel=\"noopener\">You can find other information at this link.<\/a><\/p>\n<p>&nbsp;<\/p>","protected":false},"excerpt":{"rendered":"<p>The FiiO Q3 amplifier, using AKM&#039;s efficient AK4462 VELVET SOUND DAC and XMOS XUF208 USB chip, supports decoding up to 768kHz\/32bit PCM and DSD512, achieving outstanding performance for flawless sound. With THX&#039;s patented real-time error correction technology, the AAA amplifiers deliver low distortion, high power and pure, undistorted sound, allowing you to effortlessly experience subtle details and dynamic changes in your music. The FiiO Q3 is equipped with multiple headphone jacks, including 4.4mm\/2.5mm balanced and 3.5mm unbalanced outputs, allowing you to connect a variety of headphones. It is compatible with Android and iOS devices, using the Lightning to Type C converter for iOS, and supports both Windows and Mac. The Q3&#039;s 1800mAh portable battery provides 10 hours of battery life.<\/p>\n<p><a href=\"https:\/\/www.fiio.com\/q3\" target=\"_blank\" rel=\"noopener\">You can find other information at this link.<\/a><\/p>\n<p>&nbsp;<\/p>","protected":false},"featured_media":4788,"template":"","meta":{"site-sidebar-layout":"default","site-content-layout":"default","ast-site-content-layout":"default","site-content-style":"default","site-sidebar-style":"default","ast-global-header-display":"","ast-banner-title-visibility":"","ast-main-header-display":"","ast-hfb-above-header-display":"","ast-hfb-below-header-display":"","ast-hfb-mobile-header-display":"","site-post-title":"","ast-breadcrumbs-content":"","ast-featured-img":"","footer-sml-layout":"","theme-transparent-header-meta":"default","adv-header-id-meta":"","stick-header-meta":"default","header-above-stick-meta":"","header-main-stick-meta":"","header-below-stick-meta":"","astra-migrate-meta-layouts":"set","ast-page-background-enabled":"default","ast-page-background-meta":{"desktop":{"background-color":"","background-image":"","background-repeat":"repeat","background-position":"center center","background-size":"auto","background-attachment":"scroll","background-type":"","background-media":"","overlay-type":"","overlay-color":"","overlay-opacity":"","overlay-gradient":""},"tablet":{"background-color":"","background-image":"","background-repeat":"repeat","background-position":"center center","background-size":"auto","background-attachment":"scroll","background-type":"","background-media":"","overlay-type":"","overlay-color":"","overlay-opacity":"","overlay-gradient":""},"mobile":{"background-color":"","background-image":"","background-repeat":"repeat","background-position":"center center","background-size":"auto","background-attachment":"scroll","background-type":"","background-media":"","overlay-type":"","overlay-color":"","overlay-opacity":"","overlay-gradient":""}},"ast-content-background-meta":{"desktop":{"background-color":"var(--ast-global-color-5)","background-image":"","background-repeat":"repeat","background-position":"center center","background-size":"auto","background-attachment":"scroll","background-type":"","background-media":"","overlay-type":"","overlay-color":"","overlay-opacity":"","overlay-gradient":""},"tablet":{"background-color":"var(--ast-global-color-5)","background-image":"","background-repeat":"repeat","background-position":"center center","background-size":"auto","background-attachment":"scroll","background-type":"","background-media":"","overlay-type":"","overlay-color":"","overlay-opacity":"","overlay-gradient":""},"mobile":{"background-color":"var(--ast-global-color-5)","background-image":"","background-repeat":"repeat","background-position":"center center","background-size":"auto","background-attachment":"scroll","background-type":"","background-media":"","overlay-type":"","overlay-color":"","overlay-opacity":"","overlay-gradient":""}}},"class_list":["post-4785","product","type-product","status-publish","has-post-thumbnail","hentry","product_cat-pojacala-smartphone","product_cat-fiio","product_tag-fiio","desktop-align-center","tablet-align-center","mobile-align-center","ast-product-gallery-layout-horizontal","ast-magnify-disabled","ast-product-tabs-layout-horizontal"],"yoast_head":"<!-- This site is optimized with the Yoast SEO plugin v21.4 - https:\/\/yoast.com\/wordpress\/plugins\/seo\/ -->\n<title>FiiO Q3 - hd-multimedia<\/title>\n<meta name=\"description\" content=\"FiiO Q3 poja\u010dalo, koriste\u0107i AKM-ov u\u010dinkovit AK4462 VELVET SOUND DAC i XMOS XUF208 USB \u010dip, podr\u017eava dekodiranje do 768kHz\/32bit PCM i DSD512.\" \/>\n<meta name=\"robots\" content=\"index, follow, max-snippet:-1, max-image-preview:large, max-video-preview:-1\" \/>\n<link rel=\"canonical\" href=\"https:\/\/hd-multimedia.com\/en\/trgovina\/fiio-q3\/\" \/>\n<meta property=\"og:locale\" content=\"en_GB\" \/>\n<meta property=\"og:type\" content=\"article\" \/>\n<meta property=\"og:title\" content=\"FiiO Q3 - hd-multimedia\" \/>\n<meta property=\"og:description\" content=\"FiiO Q3 poja\u010dalo, koriste\u0107i AKM-ov u\u010dinkovit AK4462 VELVET SOUND DAC i XMOS XUF208 USB \u010dip, podr\u017eava dekodiranje do 768kHz\/32bit PCM i DSD512.\" \/>\n<meta property=\"og:url\" content=\"https:\/\/hd-multimedia.com\/en\/trgovina\/fiio-q3\/\" \/>\n<meta property=\"og:site_name\" content=\"hd-multimedia\" \/>\n<meta property=\"article:modified_time\" content=\"2025-04-30T10:48:50+00:00\" \/>\n<meta property=\"og:image\" content=\"https:\/\/hd-multimedia.com\/hdm_media\/3310338-e1607080150819.jpg\" \/>\n\t<meta property=\"og:image:width\" content=\"699\" \/>\n\t<meta property=\"og:image:height\" content=\"699\" \/>\n\t<meta property=\"og:image:type\" content=\"image\/jpeg\" \/>\n<meta name=\"twitter:card\" content=\"summary_large_image\" \/>\n<meta name=\"twitter:label1\" content=\"Estimated reading time\" \/>\n\t<meta name=\"twitter:data1\" content=\"1 minute\" \/>\n<script type=\"application\/ld+json\" class=\"yoast-schema-graph\">{\"@context\":\"https:\/\/schema.org\",\"@graph\":[{\"@type\":\"WebPage\",\"@id\":\"https:\/\/hd-multimedia.com\/trgovina\/fiio-q3\/\",\"url\":\"https:\/\/hd-multimedia.com\/trgovina\/fiio-q3\/\",\"name\":\"FiiO Q3 - hd-multimedia\",\"isPartOf\":{\"@id\":\"https:\/\/hd-multimedia.com\/#website\"},\"datePublished\":\"2020-11-13T12:02:56+00:00\",\"dateModified\":\"2025-04-30T10:48:50+00:00\",\"description\":\"FiiO Q3 poja\u010dalo, koriste\u0107i AKM-ov u\u010dinkovit AK4462 VELVET SOUND DAC i XMOS XUF208 USB \u010dip, podr\u017eava dekodiranje do 768kHz\/32bit PCM i DSD512.\",\"breadcrumb\":{\"@id\":\"https:\/\/hd-multimedia.com\/trgovina\/fiio-q3\/#breadcrumb\"},\"inLanguage\":\"en-GB\",\"potentialAction\":[{\"@type\":\"ReadAction\",\"target\":[\"https:\/\/hd-multimedia.com\/trgovina\/fiio-q3\/\"]}]},{\"@type\":\"BreadcrumbList\",\"@id\":\"https:\/\/hd-multimedia.com\/trgovina\/fiio-q3\/#breadcrumb\",\"itemListElement\":[{\"@type\":\"ListItem\",\"position\":1,\"name\":\"Po\u010detna stranica\",\"item\":\"https:\/\/hd-multimedia.com\/\"},{\"@type\":\"ListItem\",\"position\":2,\"name\":\"Trgovina\",\"item\":\"https:\/\/hd-multimedia.com\/trgovina\/\"},{\"@type\":\"ListItem\",\"position\":3,\"name\":\"FiiO Q3\"}]},{\"@type\":\"WebSite\",\"@id\":\"https:\/\/hd-multimedia.com\/#website\",\"url\":\"https:\/\/hd-multimedia.com\/\",\"name\":\"hd-multimedia\",\"description\":\"\",\"publisher\":{\"@id\":\"https:\/\/hd-multimedia.com\/#organization\"},\"potentialAction\":[{\"@type\":\"SearchAction\",\"target\":{\"@type\":\"EntryPoint\",\"urlTemplate\":\"https:\/\/hd-multimedia.com\/?s={search_term_string}\"},\"query-input\":\"required name=search_term_string\"}],\"inLanguage\":\"en-GB\"},{\"@type\":\"Organization\",\"@id\":\"https:\/\/hd-multimedia.com\/#organization\",\"name\":\"hd-multimedia\",\"url\":\"https:\/\/hd-multimedia.com\/\",\"logo\":{\"@type\":\"ImageObject\",\"inLanguage\":\"en-GB\",\"@id\":\"https:\/\/hd-multimedia.com\/#\/schema\/logo\/image\/\",\"url\":\"https:\/\/hd-multimedia.com\/hdm_media\/HD-curves-ok-196-56px-alpha-1.png\",\"contentUrl\":\"https:\/\/hd-multimedia.com\/hdm_media\/HD-curves-ok-196-56px-alpha-1.png\",\"width\":196,\"height\":53,\"caption\":\"hd-multimedia\"},\"image\":{\"@id\":\"https:\/\/hd-multimedia.com\/#\/schema\/logo\/image\/\"}}]}<\/script>\n<!-- \/ Yoast SEO plugin. -->","yoast_head_json":{"title":"FiiO Q3 - hd-multimedia","description":"FiiO Q3 poja\u010dalo, koriste\u0107i AKM-ov u\u010dinkovit AK4462 VELVET SOUND DAC i XMOS XUF208 USB \u010dip, podr\u017eava dekodiranje do 768kHz\/32bit PCM i DSD512.","robots":{"index":"index","follow":"follow","max-snippet":"max-snippet:-1","max-image-preview":"max-image-preview:large","max-video-preview":"max-video-preview:-1"},"canonical":"https:\/\/hd-multimedia.com\/en\/trgovina\/fiio-q3\/","og_locale":"en_GB","og_type":"article","og_title":"FiiO Q3 - hd-multimedia","og_description":"FiiO Q3 poja\u010dalo, koriste\u0107i AKM-ov u\u010dinkovit AK4462 VELVET SOUND DAC i XMOS XUF208 USB \u010dip, podr\u017eava dekodiranje do 768kHz\/32bit PCM i DSD512.","og_url":"https:\/\/hd-multimedia.com\/en\/trgovina\/fiio-q3\/","og_site_name":"hd-multimedia","article_modified_time":"2025-04-30T10:48:50+00:00","og_image":[{"width":699,"height":699,"url":"https:\/\/hd-multimedia.com\/hdm_media\/3310338-e1607080150819.jpg","type":"image\/jpeg"}],"twitter_card":"summary_large_image","twitter_misc":{"Estimated reading time":"1 minute"},"schema":{"@context":"https:\/\/schema.org","@graph":[{"@type":"WebPage","@id":"https:\/\/hd-multimedia.com\/trgovina\/fiio-q3\/","url":"https:\/\/hd-multimedia.com\/trgovina\/fiio-q3\/","name":"FiiO Q3 - hd-multimedia","isPartOf":{"@id":"https:\/\/hd-multimedia.com\/#website"},"datePublished":"2020-11-13T12:02:56+00:00","dateModified":"2025-04-30T10:48:50+00:00","description":"FiiO Q3 poja\u010dalo, koriste\u0107i AKM-ov u\u010dinkovit AK4462 VELVET SOUND DAC i XMOS XUF208 USB \u010dip, podr\u017eava dekodiranje do 768kHz\/32bit PCM i DSD512.","breadcrumb":{"@id":"https:\/\/hd-multimedia.com\/trgovina\/fiio-q3\/#breadcrumb"},"inLanguage":"en-GB","potentialAction":[{"@type":"ReadAction","target":["https:\/\/hd-multimedia.com\/trgovina\/fiio-q3\/"]}]},{"@type":"BreadcrumbList","@id":"https:\/\/hd-multimedia.com\/trgovina\/fiio-q3\/#breadcrumb","itemListElement":[{"@type":"ListItem","position":1,"name":"Po\u010detna stranica","item":"https:\/\/hd-multimedia.com\/"},{"@type":"ListItem","position":2,"name":"Trgovina","item":"https:\/\/hd-multimedia.com\/trgovina\/"},{"@type":"ListItem","position":3,"name":"FiiO Q3"}]},{"@type":"WebSite","@id":"https:\/\/hd-multimedia.com\/#website","url":"https:\/\/hd-multimedia.com\/","name":"hd-multimedia","description":"","publisher":{"@id":"https:\/\/hd-multimedia.com\/#organization"},"potentialAction":[{"@type":"SearchAction","target":{"@type":"EntryPoint","urlTemplate":"https:\/\/hd-multimedia.com\/?s={search_term_string}"},"query-input":"required name=search_term_string"}],"inLanguage":"en-GB"},{"@type":"Organization","@id":"https:\/\/hd-multimedia.com\/#organization","name":"hd-multimedia","url":"https:\/\/hd-multimedia.com\/","logo":{"@type":"ImageObject","inLanguage":"en-GB","@id":"https:\/\/hd-multimedia.com\/#\/schema\/logo\/image\/","url":"https:\/\/hd-multimedia.com\/hdm_media\/HD-curves-ok-196-56px-alpha-1.png","contentUrl":"https:\/\/hd-multimedia.com\/hdm_media\/HD-curves-ok-196-56px-alpha-1.png","width":196,"height":53,"caption":"hd-multimedia"},"image":{"@id":"https:\/\/hd-multimedia.com\/#\/schema\/logo\/image\/"}}]}},"post_mailing_queue_ids":[],"_links":{"self":[{"href":"https:\/\/hd-multimedia.com\/en\/wp-json\/wp\/v2\/product\/4785","targetHints":{"allow":["GET"]}}],"collection":[{"href":"https:\/\/hd-multimedia.com\/en\/wp-json\/wp\/v2\/product"}],"about":[{"href":"https:\/\/hd-multimedia.com\/en\/wp-json\/wp\/v2\/types\/product"}],"version-history":[{"count":3,"href":"https:\/\/hd-multimedia.com\/en\/wp-json\/wp\/v2\/product\/4785\/revisions"}],"predecessor-version":[{"id":15626,"href":"https:\/\/hd-multimedia.com\/en\/wp-json\/wp\/v2\/product\/4785\/revisions\/15626"}],"wp:featuredmedia":[{"embeddable":true,"href":"https:\/\/hd-multimedia.com\/en\/wp-json\/wp\/v2\/media\/4788"}],"wp:attachment":[{"href":"https:\/\/hd-multimedia.com\/en\/wp-json\/wp\/v2\/media?parent=4785"}],"curies":[{"name":"wp","href":"https:\/\/api.w.org\/{rel}","templated":true}]}}