{"id":4516,"date":"2020-11-08T14:19:41","date_gmt":"2020-11-08T14:19:41","guid":{"rendered":"https:\/\/hd-multimedia.com\/?post_type=product&#038;p=4516"},"modified":"2026-04-09T08:34:40","modified_gmt":"2026-04-09T08:34:40","slug":"topping-l30","status":"publish","type":"product","link":"https:\/\/hd-multimedia.com\/en\/trgovina\/topping-l30\/","title":{"rendered":"Topping L30 (2012)"},"content":{"rendered":"<p>With an output level of 26Vp-p, a power of 2x 3500mW and an output impedance of less than 0.1ohm, the L30 will have no problem adapting to all types of headphones. The L30 will work equally well with high-impedance headphones that require high input power, as well as in-ear headphones with very high sensitivity.<\/p>\n<p>Topping L30 \u2013 headphone amplifier (6 mm, unbalanced) and preamp function (RCA in \u2013 RCA out). Version with serial numbers from 2012 to more.<\/p>\n<p><a href=\"https:\/\/www.tpdz.net\/productinfo\/511207.html\" target=\"_blank\" rel=\"noopener\">You can find other information at this link.<\/a><\/p>\n<p>&nbsp;<\/p>","protected":false},"excerpt":{"rendered":"<p>The Topping L30 headphone amplifier, which also functions as a preamplifier, offers compactness, affordability and impressive power. Using NFCA modules similar to Topping&#039;s A90 top-of-the-line model, it delivers exceptional precision, richness and dynamics in sound reproduction. With ultra-low noise and high dynamic range, it adapts to a wide range of headphones and works flawlessly as a low output impedance preamplifier.<\/p>\n<p><a href=\"https:\/\/www.tpdz.net\/productinfo\/511207.html\" target=\"_blank\" rel=\"noopener\">You can find other information at this link.<\/a><\/p>\n<p>&nbsp;<\/p>","protected":false},"featured_media":4517,"template":"","meta":{"site-sidebar-layout":"default","site-content-layout":"default","ast-site-content-layout":"default","site-content-style":"default","site-sidebar-style":"default","ast-global-header-display":"","ast-banner-title-visibility":"","ast-main-header-display":"","ast-hfb-above-header-display":"","ast-hfb-below-header-display":"","ast-hfb-mobile-header-display":"","site-post-title":"","ast-breadcrumbs-content":"","ast-featured-img":"","footer-sml-layout":"","theme-transparent-header-meta":"default","adv-header-id-meta":"","stick-header-meta":"default","header-above-stick-meta":"","header-main-stick-meta":"","header-below-stick-meta":"","astra-migrate-meta-layouts":"set","ast-page-background-enabled":"default","ast-page-background-meta":{"desktop":{"background-color":"","background-image":"","background-repeat":"repeat","background-position":"center center","background-size":"auto","background-attachment":"scroll","background-type":"","background-media":"","overlay-type":"","overlay-color":"","overlay-opacity":"","overlay-gradient":""},"tablet":{"background-color":"","background-image":"","background-repeat":"repeat","background-position":"center center","background-size":"auto","background-attachment":"scroll","background-type":"","background-media":"","overlay-type":"","overlay-color":"","overlay-opacity":"","overlay-gradient":""},"mobile":{"background-color":"","background-image":"","background-repeat":"repeat","background-position":"center center","background-size":"auto","background-attachment":"scroll","background-type":"","background-media":"","overlay-type":"","overlay-color":"","overlay-opacity":"","overlay-gradient":""}},"ast-content-background-meta":{"desktop":{"background-color":"var(--ast-global-color-5)","background-image":"","background-repeat":"repeat","background-position":"center center","background-size":"auto","background-attachment":"scroll","background-type":"","background-media":"","overlay-type":"","overlay-color":"","overlay-opacity":"","overlay-gradient":""},"tablet":{"background-color":"var(--ast-global-color-5)","background-image":"","background-repeat":"repeat","background-position":"center center","background-size":"auto","background-attachment":"scroll","background-type":"","background-media":"","overlay-type":"","overlay-color":"","overlay-opacity":"","overlay-gradient":""},"mobile":{"background-color":"var(--ast-global-color-5)","background-image":"","background-repeat":"repeat","background-position":"center center","background-size":"auto","background-attachment":"scroll","background-type":"","background-media":"","overlay-type":"","overlay-color":"","overlay-opacity":"","overlay-gradient":""}}},"class_list":["post-4516","product","type-product","status-publish","has-post-thumbnail","hentry","product_cat-pojacala-za-slusalice","product_cat-topping","desktop-align-center","tablet-align-center","mobile-align-center","ast-product-gallery-layout-horizontal","ast-magnify-disabled","ast-product-single-variable","ast-product-tabs-layout-horizontal"],"yoast_head":"<!-- This site is optimized with the Yoast SEO plugin v21.4 - https:\/\/yoast.com\/wordpress\/plugins\/seo\/ -->\n<title>Topping L30 (2012) - hd-multimedia<\/title>\n<meta name=\"description\" content=\"Topping L30 poja\u010dalo za slu\u0161alice, koje tako\u0111er slu\u017ei kao pretpoja\u010dalo, nudi kompaktnost, pristupa\u010dnost i impresivnu snagu.\" \/>\n<meta name=\"robots\" content=\"index, follow, max-snippet:-1, max-image-preview:large, max-video-preview:-1\" \/>\n<link rel=\"canonical\" href=\"https:\/\/hd-multimedia.com\/en\/trgovina\/topping-l30\/\" \/>\n<meta property=\"og:locale\" content=\"en_GB\" \/>\n<meta property=\"og:type\" content=\"article\" \/>\n<meta property=\"og:title\" content=\"Topping L30 (2012) - hd-multimedia\" \/>\n<meta property=\"og:description\" content=\"Topping L30 poja\u010dalo za slu\u0161alice, koje tako\u0111er slu\u017ei kao pretpoja\u010dalo, nudi kompaktnost, pristupa\u010dnost i impresivnu snagu.\" \/>\n<meta property=\"og:url\" content=\"https:\/\/hd-multimedia.com\/en\/trgovina\/topping-l30\/\" \/>\n<meta property=\"og:site_name\" content=\"hd-multimedia\" \/>\n<meta property=\"article:modified_time\" content=\"2026-04-09T08:34:40+00:00\" \/>\n<meta property=\"og:image\" content=\"https:\/\/hd-multimedia.com\/hdm_media\/l30-3224695.jpg\" \/>\n\t<meta property=\"og:image:width\" content=\"480\" \/>\n\t<meta property=\"og:image:height\" content=\"480\" \/>\n\t<meta property=\"og:image:type\" content=\"image\/jpeg\" \/>\n<meta name=\"twitter:card\" content=\"summary_large_image\" \/>\n<meta name=\"twitter:label1\" content=\"Estimated reading time\" \/>\n\t<meta name=\"twitter:data1\" content=\"1 minute\" \/>\n<script type=\"application\/ld+json\" class=\"yoast-schema-graph\">{\"@context\":\"https:\/\/schema.org\",\"@graph\":[{\"@type\":\"WebPage\",\"@id\":\"https:\/\/hd-multimedia.com\/trgovina\/topping-l30\/\",\"url\":\"https:\/\/hd-multimedia.com\/trgovina\/topping-l30\/\",\"name\":\"Topping L30 (2012) - hd-multimedia\",\"isPartOf\":{\"@id\":\"https:\/\/hd-multimedia.com\/#website\"},\"datePublished\":\"2020-11-08T14:19:41+00:00\",\"dateModified\":\"2026-04-09T08:34:40+00:00\",\"description\":\"Topping L30 poja\u010dalo za slu\u0161alice, koje tako\u0111er slu\u017ei kao pretpoja\u010dalo, nudi kompaktnost, pristupa\u010dnost i impresivnu snagu.\",\"breadcrumb\":{\"@id\":\"https:\/\/hd-multimedia.com\/trgovina\/topping-l30\/#breadcrumb\"},\"inLanguage\":\"en-GB\",\"potentialAction\":[{\"@type\":\"ReadAction\",\"target\":[\"https:\/\/hd-multimedia.com\/trgovina\/topping-l30\/\"]}]},{\"@type\":\"BreadcrumbList\",\"@id\":\"https:\/\/hd-multimedia.com\/trgovina\/topping-l30\/#breadcrumb\",\"itemListElement\":[{\"@type\":\"ListItem\",\"position\":1,\"name\":\"Po\u010detna stranica\",\"item\":\"https:\/\/hd-multimedia.com\/\"},{\"@type\":\"ListItem\",\"position\":2,\"name\":\"Trgovina\",\"item\":\"https:\/\/hd-multimedia.com\/trgovina\/\"},{\"@type\":\"ListItem\",\"position\":3,\"name\":\"Topping L30 (2012)\"}]},{\"@type\":\"WebSite\",\"@id\":\"https:\/\/hd-multimedia.com\/#website\",\"url\":\"https:\/\/hd-multimedia.com\/\",\"name\":\"hd-multimedia\",\"description\":\"\",\"publisher\":{\"@id\":\"https:\/\/hd-multimedia.com\/#organization\"},\"potentialAction\":[{\"@type\":\"SearchAction\",\"target\":{\"@type\":\"EntryPoint\",\"urlTemplate\":\"https:\/\/hd-multimedia.com\/?s={search_term_string}\"},\"query-input\":\"required name=search_term_string\"}],\"inLanguage\":\"en-GB\"},{\"@type\":\"Organization\",\"@id\":\"https:\/\/hd-multimedia.com\/#organization\",\"name\":\"hd-multimedia\",\"url\":\"https:\/\/hd-multimedia.com\/\",\"logo\":{\"@type\":\"ImageObject\",\"inLanguage\":\"en-GB\",\"@id\":\"https:\/\/hd-multimedia.com\/#\/schema\/logo\/image\/\",\"url\":\"https:\/\/hd-multimedia.com\/hdm_media\/HD-curves-ok-196-56px-alpha-1.png\",\"contentUrl\":\"https:\/\/hd-multimedia.com\/hdm_media\/HD-curves-ok-196-56px-alpha-1.png\",\"width\":196,\"height\":53,\"caption\":\"hd-multimedia\"},\"image\":{\"@id\":\"https:\/\/hd-multimedia.com\/#\/schema\/logo\/image\/\"}}]}<\/script>\n<!-- \/ Yoast SEO plugin. -->","yoast_head_json":{"title":"Topping L30 (2012) - hd-multimedia","description":"Topping L30 poja\u010dalo za slu\u0161alice, koje tako\u0111er slu\u017ei kao pretpoja\u010dalo, nudi kompaktnost, pristupa\u010dnost i impresivnu snagu.","robots":{"index":"index","follow":"follow","max-snippet":"max-snippet:-1","max-image-preview":"max-image-preview:large","max-video-preview":"max-video-preview:-1"},"canonical":"https:\/\/hd-multimedia.com\/en\/trgovina\/topping-l30\/","og_locale":"en_GB","og_type":"article","og_title":"Topping L30 (2012) - hd-multimedia","og_description":"Topping L30 poja\u010dalo za slu\u0161alice, koje tako\u0111er slu\u017ei kao pretpoja\u010dalo, nudi kompaktnost, pristupa\u010dnost i impresivnu snagu.","og_url":"https:\/\/hd-multimedia.com\/en\/trgovina\/topping-l30\/","og_site_name":"hd-multimedia","article_modified_time":"2026-04-09T08:34:40+00:00","og_image":[{"width":480,"height":480,"url":"https:\/\/hd-multimedia.com\/hdm_media\/l30-3224695.jpg","type":"image\/jpeg"}],"twitter_card":"summary_large_image","twitter_misc":{"Estimated reading time":"1 minute"},"schema":{"@context":"https:\/\/schema.org","@graph":[{"@type":"WebPage","@id":"https:\/\/hd-multimedia.com\/trgovina\/topping-l30\/","url":"https:\/\/hd-multimedia.com\/trgovina\/topping-l30\/","name":"Topping L30 (2012) - hd-multimedia","isPartOf":{"@id":"https:\/\/hd-multimedia.com\/#website"},"datePublished":"2020-11-08T14:19:41+00:00","dateModified":"2026-04-09T08:34:40+00:00","description":"Topping L30 poja\u010dalo za slu\u0161alice, koje tako\u0111er slu\u017ei kao pretpoja\u010dalo, nudi kompaktnost, pristupa\u010dnost i impresivnu snagu.","breadcrumb":{"@id":"https:\/\/hd-multimedia.com\/trgovina\/topping-l30\/#breadcrumb"},"inLanguage":"en-GB","potentialAction":[{"@type":"ReadAction","target":["https:\/\/hd-multimedia.com\/trgovina\/topping-l30\/"]}]},{"@type":"BreadcrumbList","@id":"https:\/\/hd-multimedia.com\/trgovina\/topping-l30\/#breadcrumb","itemListElement":[{"@type":"ListItem","position":1,"name":"Po\u010detna stranica","item":"https:\/\/hd-multimedia.com\/"},{"@type":"ListItem","position":2,"name":"Trgovina","item":"https:\/\/hd-multimedia.com\/trgovina\/"},{"@type":"ListItem","position":3,"name":"Topping L30 (2012)"}]},{"@type":"WebSite","@id":"https:\/\/hd-multimedia.com\/#website","url":"https:\/\/hd-multimedia.com\/","name":"hd-multimedia","description":"","publisher":{"@id":"https:\/\/hd-multimedia.com\/#organization"},"potentialAction":[{"@type":"SearchAction","target":{"@type":"EntryPoint","urlTemplate":"https:\/\/hd-multimedia.com\/?s={search_term_string}"},"query-input":"required name=search_term_string"}],"inLanguage":"en-GB"},{"@type":"Organization","@id":"https:\/\/hd-multimedia.com\/#organization","name":"hd-multimedia","url":"https:\/\/hd-multimedia.com\/","logo":{"@type":"ImageObject","inLanguage":"en-GB","@id":"https:\/\/hd-multimedia.com\/#\/schema\/logo\/image\/","url":"https:\/\/hd-multimedia.com\/hdm_media\/HD-curves-ok-196-56px-alpha-1.png","contentUrl":"https:\/\/hd-multimedia.com\/hdm_media\/HD-curves-ok-196-56px-alpha-1.png","width":196,"height":53,"caption":"hd-multimedia"},"image":{"@id":"https:\/\/hd-multimedia.com\/#\/schema\/logo\/image\/"}}]}},"post_mailing_queue_ids":[],"_links":{"self":[{"href":"https:\/\/hd-multimedia.com\/en\/wp-json\/wp\/v2\/product\/4516","targetHints":{"allow":["GET"]}}],"collection":[{"href":"https:\/\/hd-multimedia.com\/en\/wp-json\/wp\/v2\/product"}],"about":[{"href":"https:\/\/hd-multimedia.com\/en\/wp-json\/wp\/v2\/types\/product"}],"version-history":[{"count":7,"href":"https:\/\/hd-multimedia.com\/en\/wp-json\/wp\/v2\/product\/4516\/revisions"}],"predecessor-version":[{"id":15182,"href":"https:\/\/hd-multimedia.com\/en\/wp-json\/wp\/v2\/product\/4516\/revisions\/15182"}],"wp:featuredmedia":[{"embeddable":true,"href":"https:\/\/hd-multimedia.com\/en\/wp-json\/wp\/v2\/media\/4517"}],"wp:attachment":[{"href":"https:\/\/hd-multimedia.com\/en\/wp-json\/wp\/v2\/media?parent=4516"}],"curies":[{"name":"wp","href":"https:\/\/api.w.org\/{rel}","templated":true}]}}