{"id":4376,"date":"2020-11-06T18:28:52","date_gmt":"2020-11-06T18:28:52","guid":{"rendered":"https:\/\/hd-multimedia.com\/?post_type=product&#038;p=4376"},"modified":"2025-12-08T09:39:22","modified_gmt":"2025-12-08T09:39:22","slug":"edifier-w820bt","status":"publish","type":"product","link":"https:\/\/hd-multimedia.com\/en\/trgovina\/edifier-w820bt\/","title":{"rendered":"Edifier W820BT"},"content":{"rendered":"<ul>\n<li>Bluetooth V5.0 with CSR technology.<\/li>\n<li>40mm driver with NdFeB magnets for detailed and consistent sound.<\/li>\n<li>Metal construction.<\/li>\n<li>Dual batteries for up to 80 hours of continuous operation.<\/li>\n<li>Built-in microphone for phone. conversation.<\/li>\n<li>Noise reduction for clearer conversations.<\/li>\n<li>AUX inputs (3.5mm). Cable included.<\/li>\n<\/ul>\n<p><a href=\"https:\/\/usweb.edifier.com\/product-w820bt.html\" target=\"_blank\" rel=\"noopener\">You can find other information at this link.<\/a><\/p>","protected":false},"excerpt":{"rendered":"<p>Edifier&#039;s W820BT headphones deliver an immersive and comfortable audio experience that lasts an impressive 80 hours of continuous playtime. These versatile headphones allow you to switch between wireless and wired connectivity with the included traditional headphone cable. The headband&#039;s tightness is easily adjusted by bending it outward or inward. The W820BT features adjustable side panels that conform to the shape of your head, providing maximum comfort. Edifier&#039;s renowned closed-back headphones not only deliver quality sound, but also ensure long-lasting comfort. The foam ear cushions mold to the contours of your ears, providing all-day comfort for extended listening sessions.<\/p>\n<p><a href=\"https:\/\/usweb.edifier.com\/product-w820bt.html\" target=\"_blank\" rel=\"noopener\">You can find other information at this link.<\/a><\/p>","protected":false},"featured_media":4378,"template":"","meta":{"site-sidebar-layout":"default","site-content-layout":"default","ast-site-content-layout":"default","site-content-style":"default","site-sidebar-style":"default","ast-global-header-display":"","ast-banner-title-visibility":"","ast-main-header-display":"","ast-hfb-above-header-display":"","ast-hfb-below-header-display":"","ast-hfb-mobile-header-display":"","site-post-title":"","ast-breadcrumbs-content":"","ast-featured-img":"","footer-sml-layout":"","theme-transparent-header-meta":"default","adv-header-id-meta":"","stick-header-meta":"default","header-above-stick-meta":"","header-main-stick-meta":"","header-below-stick-meta":"","astra-migrate-meta-layouts":"set","ast-page-background-enabled":"default","ast-page-background-meta":{"desktop":{"background-color":"","background-image":"","background-repeat":"repeat","background-position":"center center","background-size":"auto","background-attachment":"scroll","background-type":"","background-media":"","overlay-type":"","overlay-color":"","overlay-opacity":"","overlay-gradient":""},"tablet":{"background-color":"","background-image":"","background-repeat":"repeat","background-position":"center center","background-size":"auto","background-attachment":"scroll","background-type":"","background-media":"","overlay-type":"","overlay-color":"","overlay-opacity":"","overlay-gradient":""},"mobile":{"background-color":"","background-image":"","background-repeat":"repeat","background-position":"center center","background-size":"auto","background-attachment":"scroll","background-type":"","background-media":"","overlay-type":"","overlay-color":"","overlay-opacity":"","overlay-gradient":""}},"ast-content-background-meta":{"desktop":{"background-color":"var(--ast-global-color-5)","background-image":"","background-repeat":"repeat","background-position":"center center","background-size":"auto","background-attachment":"scroll","background-type":"","background-media":"","overlay-type":"","overlay-color":"","overlay-opacity":"","overlay-gradient":""},"tablet":{"background-color":"var(--ast-global-color-5)","background-image":"","background-repeat":"repeat","background-position":"center center","background-size":"auto","background-attachment":"scroll","background-type":"","background-media":"","overlay-type":"","overlay-color":"","overlay-opacity":"","overlay-gradient":""},"mobile":{"background-color":"var(--ast-global-color-5)","background-image":"","background-repeat":"repeat","background-position":"center center","background-size":"auto","background-attachment":"scroll","background-type":"","background-media":"","overlay-type":"","overlay-color":"","overlay-opacity":"","overlay-gradient":""}}},"class_list":["post-4376","product","type-product","status-publish","has-post-thumbnail","hentry","product_cat-bluetooth-slusalice","product_cat-naglavne-slusalice","product_cat-edifier","desktop-align-center","tablet-align-center","mobile-align-center","ast-product-gallery-layout-horizontal","ast-magnify-disabled","ast-product-tabs-layout-horizontal"],"yoast_head":"<!-- This site is optimized with the Yoast SEO plugin v21.4 - https:\/\/yoast.com\/wordpress\/plugins\/seo\/ -->\n<title>Edifier W820BT - hd-multimedia<\/title>\n<meta name=\"description\" content=\"Edifierove slu\u0161alice W820BT pru\u017eaju uzbudljivo i udobno audio iskustvo slu\u0161anja glazbe koje traje impresivnih 80 sati neprekidno.\" \/>\n<meta name=\"robots\" content=\"index, follow, max-snippet:-1, max-image-preview:large, max-video-preview:-1\" \/>\n<link rel=\"canonical\" href=\"https:\/\/hd-multimedia.com\/en\/trgovina\/edifier-w820bt\/\" \/>\n<meta property=\"og:locale\" content=\"en_GB\" \/>\n<meta property=\"og:type\" content=\"article\" \/>\n<meta property=\"og:title\" content=\"Edifier W820BT - hd-multimedia\" \/>\n<meta property=\"og:description\" content=\"Edifierove slu\u0161alice W820BT pru\u017eaju uzbudljivo i udobno audio iskustvo slu\u0161anja glazbe koje traje impresivnih 80 sati neprekidno.\" \/>\n<meta property=\"og:url\" content=\"https:\/\/hd-multimedia.com\/en\/trgovina\/edifier-w820bt\/\" \/>\n<meta property=\"og:site_name\" content=\"hd-multimedia\" \/>\n<meta property=\"article:modified_time\" content=\"2025-12-08T09:39:22+00:00\" \/>\n<meta property=\"og:image\" content=\"https:\/\/hd-multimedia.com\/hdm_media\/w820bt-10-scaled.jpg\" \/>\n\t<meta property=\"og:image:width\" content=\"2560\" \/>\n\t<meta property=\"og:image:height\" content=\"2560\" \/>\n\t<meta property=\"og:image:type\" content=\"image\/jpeg\" \/>\n<meta name=\"twitter:card\" content=\"summary_large_image\" \/>\n<meta name=\"twitter:label1\" content=\"Estimated reading time\" \/>\n\t<meta name=\"twitter:data1\" content=\"1 minute\" \/>\n<script type=\"application\/ld+json\" class=\"yoast-schema-graph\">{\"@context\":\"https:\/\/schema.org\",\"@graph\":[{\"@type\":\"WebPage\",\"@id\":\"https:\/\/hd-multimedia.com\/trgovina\/edifier-w820bt\/\",\"url\":\"https:\/\/hd-multimedia.com\/trgovina\/edifier-w820bt\/\",\"name\":\"Edifier W820BT - hd-multimedia\",\"isPartOf\":{\"@id\":\"https:\/\/hd-multimedia.com\/#website\"},\"datePublished\":\"2020-11-06T18:28:52+00:00\",\"dateModified\":\"2025-12-08T09:39:22+00:00\",\"description\":\"Edifierove slu\u0161alice W820BT pru\u017eaju uzbudljivo i udobno audio iskustvo slu\u0161anja glazbe koje traje impresivnih 80 sati neprekidno.\",\"breadcrumb\":{\"@id\":\"https:\/\/hd-multimedia.com\/trgovina\/edifier-w820bt\/#breadcrumb\"},\"inLanguage\":\"en-GB\",\"potentialAction\":[{\"@type\":\"ReadAction\",\"target\":[\"https:\/\/hd-multimedia.com\/trgovina\/edifier-w820bt\/\"]}]},{\"@type\":\"BreadcrumbList\",\"@id\":\"https:\/\/hd-multimedia.com\/trgovina\/edifier-w820bt\/#breadcrumb\",\"itemListElement\":[{\"@type\":\"ListItem\",\"position\":1,\"name\":\"Po\u010detna stranica\",\"item\":\"https:\/\/hd-multimedia.com\/\"},{\"@type\":\"ListItem\",\"position\":2,\"name\":\"Trgovina\",\"item\":\"https:\/\/hd-multimedia.com\/trgovina\/\"},{\"@type\":\"ListItem\",\"position\":3,\"name\":\"Edifier W820BT\"}]},{\"@type\":\"WebSite\",\"@id\":\"https:\/\/hd-multimedia.com\/#website\",\"url\":\"https:\/\/hd-multimedia.com\/\",\"name\":\"hd-multimedia\",\"description\":\"\",\"publisher\":{\"@id\":\"https:\/\/hd-multimedia.com\/#organization\"},\"potentialAction\":[{\"@type\":\"SearchAction\",\"target\":{\"@type\":\"EntryPoint\",\"urlTemplate\":\"https:\/\/hd-multimedia.com\/?s={search_term_string}\"},\"query-input\":\"required name=search_term_string\"}],\"inLanguage\":\"en-GB\"},{\"@type\":\"Organization\",\"@id\":\"https:\/\/hd-multimedia.com\/#organization\",\"name\":\"hd-multimedia\",\"url\":\"https:\/\/hd-multimedia.com\/\",\"logo\":{\"@type\":\"ImageObject\",\"inLanguage\":\"en-GB\",\"@id\":\"https:\/\/hd-multimedia.com\/#\/schema\/logo\/image\/\",\"url\":\"https:\/\/hd-multimedia.com\/hdm_media\/HD-curves-ok-196-56px-alpha-1.png\",\"contentUrl\":\"https:\/\/hd-multimedia.com\/hdm_media\/HD-curves-ok-196-56px-alpha-1.png\",\"width\":196,\"height\":53,\"caption\":\"hd-multimedia\"},\"image\":{\"@id\":\"https:\/\/hd-multimedia.com\/#\/schema\/logo\/image\/\"}}]}<\/script>\n<!-- \/ Yoast SEO plugin. -->","yoast_head_json":{"title":"Edifier W820BT - hd-multimedia","description":"Edifierove slu\u0161alice W820BT pru\u017eaju uzbudljivo i udobno audio iskustvo slu\u0161anja glazbe koje traje impresivnih 80 sati neprekidno.","robots":{"index":"index","follow":"follow","max-snippet":"max-snippet:-1","max-image-preview":"max-image-preview:large","max-video-preview":"max-video-preview:-1"},"canonical":"https:\/\/hd-multimedia.com\/en\/trgovina\/edifier-w820bt\/","og_locale":"en_GB","og_type":"article","og_title":"Edifier W820BT - hd-multimedia","og_description":"Edifierove slu\u0161alice W820BT pru\u017eaju uzbudljivo i udobno audio iskustvo slu\u0161anja glazbe koje traje impresivnih 80 sati neprekidno.","og_url":"https:\/\/hd-multimedia.com\/en\/trgovina\/edifier-w820bt\/","og_site_name":"hd-multimedia","article_modified_time":"2025-12-08T09:39:22+00:00","og_image":[{"width":2560,"height":2560,"url":"https:\/\/hd-multimedia.com\/hdm_media\/w820bt-10-scaled.jpg","type":"image\/jpeg"}],"twitter_card":"summary_large_image","twitter_misc":{"Estimated reading time":"1 minute"},"schema":{"@context":"https:\/\/schema.org","@graph":[{"@type":"WebPage","@id":"https:\/\/hd-multimedia.com\/trgovina\/edifier-w820bt\/","url":"https:\/\/hd-multimedia.com\/trgovina\/edifier-w820bt\/","name":"Edifier W820BT - hd-multimedia","isPartOf":{"@id":"https:\/\/hd-multimedia.com\/#website"},"datePublished":"2020-11-06T18:28:52+00:00","dateModified":"2025-12-08T09:39:22+00:00","description":"Edifierove slu\u0161alice W820BT pru\u017eaju uzbudljivo i udobno audio iskustvo slu\u0161anja glazbe koje traje impresivnih 80 sati neprekidno.","breadcrumb":{"@id":"https:\/\/hd-multimedia.com\/trgovina\/edifier-w820bt\/#breadcrumb"},"inLanguage":"en-GB","potentialAction":[{"@type":"ReadAction","target":["https:\/\/hd-multimedia.com\/trgovina\/edifier-w820bt\/"]}]},{"@type":"BreadcrumbList","@id":"https:\/\/hd-multimedia.com\/trgovina\/edifier-w820bt\/#breadcrumb","itemListElement":[{"@type":"ListItem","position":1,"name":"Po\u010detna stranica","item":"https:\/\/hd-multimedia.com\/"},{"@type":"ListItem","position":2,"name":"Trgovina","item":"https:\/\/hd-multimedia.com\/trgovina\/"},{"@type":"ListItem","position":3,"name":"Edifier W820BT"}]},{"@type":"WebSite","@id":"https:\/\/hd-multimedia.com\/#website","url":"https:\/\/hd-multimedia.com\/","name":"hd-multimedia","description":"","publisher":{"@id":"https:\/\/hd-multimedia.com\/#organization"},"potentialAction":[{"@type":"SearchAction","target":{"@type":"EntryPoint","urlTemplate":"https:\/\/hd-multimedia.com\/?s={search_term_string}"},"query-input":"required name=search_term_string"}],"inLanguage":"en-GB"},{"@type":"Organization","@id":"https:\/\/hd-multimedia.com\/#organization","name":"hd-multimedia","url":"https:\/\/hd-multimedia.com\/","logo":{"@type":"ImageObject","inLanguage":"en-GB","@id":"https:\/\/hd-multimedia.com\/#\/schema\/logo\/image\/","url":"https:\/\/hd-multimedia.com\/hdm_media\/HD-curves-ok-196-56px-alpha-1.png","contentUrl":"https:\/\/hd-multimedia.com\/hdm_media\/HD-curves-ok-196-56px-alpha-1.png","width":196,"height":53,"caption":"hd-multimedia"},"image":{"@id":"https:\/\/hd-multimedia.com\/#\/schema\/logo\/image\/"}}]}},"post_mailing_queue_ids":[],"_links":{"self":[{"href":"https:\/\/hd-multimedia.com\/en\/wp-json\/wp\/v2\/product\/4376","targetHints":{"allow":["GET"]}}],"collection":[{"href":"https:\/\/hd-multimedia.com\/en\/wp-json\/wp\/v2\/product"}],"about":[{"href":"https:\/\/hd-multimedia.com\/en\/wp-json\/wp\/v2\/types\/product"}],"version-history":[{"count":7,"href":"https:\/\/hd-multimedia.com\/en\/wp-json\/wp\/v2\/product\/4376\/revisions"}],"predecessor-version":[{"id":13873,"href":"https:\/\/hd-multimedia.com\/en\/wp-json\/wp\/v2\/product\/4376\/revisions\/13873"}],"wp:featuredmedia":[{"embeddable":true,"href":"https:\/\/hd-multimedia.com\/en\/wp-json\/wp\/v2\/media\/4378"}],"wp:attachment":[{"href":"https:\/\/hd-multimedia.com\/en\/wp-json\/wp\/v2\/media?parent=4376"}],"curies":[{"name":"wp","href":"https:\/\/api.w.org\/{rel}","templated":true}]}}