{"id":4307,"date":"2020-11-06T14:10:12","date_gmt":"2020-11-06T14:10:12","guid":{"rendered":"https:\/\/hd-multimedia.com\/?post_type=product&#038;p=4307"},"modified":"2024-07-10T09:28:13","modified_gmt":"2024-07-10T09:28:13","slug":"edifier-g4","status":"publish","type":"product","link":"https:\/\/hd-multimedia.com\/en\/trgovina\/edifier-g4\/","title":{"rendered":"Edifier G4 Gaming"},"content":{"rendered":"<p>Edifier G4 Gaming USB plug and play headset with 7.1 virtual sound and vibration effects. Possibility to set personal sound settings. LED lighting, Retractable microphone.<\/p>\n<p>Powerful bass and high-quality sound from a 40mm earpiece with neodymium magnets. Ergonomic design, comfort with soft leather rims. Built-in Plug and Play USB sound card for HiFi digital decoding of 7.1 channel sound from a computer. Highly sensitive microphone with noise canceling for excellent speech reception. LED lighting for a gaming experience.<\/p>\n<p>The 2.5m long cable has a remote control with a mute switch for the microphone and headphones, and a volume control!<\/p>\n<p><a href=\"https:\/\/www.edifier.com\/global\/p\/gaming-headphones\/g4-te\" target=\"_blank\" rel=\"noopener\">You can find other information at this link.<\/a><\/p>","protected":false},"excerpt":{"rendered":"<p>The Edifier G4 Gaming headset uses a built-in 7.1 surround sound chip, ensuring an excellent audio experience for gamers. Thanks to this technology, you&#039;ll notice powerful bass and clear treble, improving your ability to recognize footsteps and gunfire in the game. Their advanced NdFeB unit, carefully tuned by professionals, delivers deep bass, enriching the overall sound experience. Handy controls on the cable allow easy adjustment of lighting effects, volume and microphone mute, ensuring smooth gaming sessions. Made of pro-skin protein leather, the ear pads of the G4 TE gaming headset emphasize comfort and durability, providing long-lasting wearability even during long gaming sessions.<\/p>\n<p><a href=\"https:\/\/www.edifier.com\/global\/p\/gaming-headphones\/g4-te\" target=\"_blank\" rel=\"noopener\">You can find other information at this link.<\/a><\/p>","protected":false},"featured_media":4308,"template":"","meta":{"site-sidebar-layout":"default","site-content-layout":"default","ast-site-content-layout":"default","site-content-style":"default","site-sidebar-style":"default","ast-global-header-display":"","ast-banner-title-visibility":"","ast-main-header-display":"","ast-hfb-above-header-display":"","ast-hfb-below-header-display":"","ast-hfb-mobile-header-display":"","site-post-title":"","ast-breadcrumbs-content":"","ast-featured-img":"","footer-sml-layout":"","theme-transparent-header-meta":"default","adv-header-id-meta":"","stick-header-meta":"default","header-above-stick-meta":"","header-main-stick-meta":"","header-below-stick-meta":"","astra-migrate-meta-layouts":"set","ast-page-background-enabled":"default","ast-page-background-meta":{"desktop":{"background-color":"","background-image":"","background-repeat":"repeat","background-position":"center center","background-size":"auto","background-attachment":"scroll","background-type":"","background-media":"","overlay-type":"","overlay-color":"","overlay-opacity":"","overlay-gradient":""},"tablet":{"background-color":"","background-image":"","background-repeat":"repeat","background-position":"center center","background-size":"auto","background-attachment":"scroll","background-type":"","background-media":"","overlay-type":"","overlay-color":"","overlay-opacity":"","overlay-gradient":""},"mobile":{"background-color":"","background-image":"","background-repeat":"repeat","background-position":"center center","background-size":"auto","background-attachment":"scroll","background-type":"","background-media":"","overlay-type":"","overlay-color":"","overlay-opacity":"","overlay-gradient":""}},"ast-content-background-meta":{"desktop":{"background-color":"var(--ast-global-color-5)","background-image":"","background-repeat":"repeat","background-position":"center center","background-size":"auto","background-attachment":"scroll","background-type":"","background-media":"","overlay-type":"","overlay-color":"","overlay-opacity":"","overlay-gradient":""},"tablet":{"background-color":"var(--ast-global-color-5)","background-image":"","background-repeat":"repeat","background-position":"center center","background-size":"auto","background-attachment":"scroll","background-type":"","background-media":"","overlay-type":"","overlay-color":"","overlay-opacity":"","overlay-gradient":""},"mobile":{"background-color":"var(--ast-global-color-5)","background-image":"","background-repeat":"repeat","background-position":"center center","background-size":"auto","background-attachment":"scroll","background-type":"","background-media":"","overlay-type":"","overlay-color":"","overlay-opacity":"","overlay-gradient":""}}},"class_list":["post-4307","product","type-product","status-publish","has-post-thumbnail","hentry","product_cat-gaming_slu","product_cat-edifier","product_tag-gaming","product_tag-pokloni-za-bozic","desktop-align-center","tablet-align-center","mobile-align-center","ast-product-gallery-layout-horizontal","ast-magnify-disabled","ast-product-tabs-layout-horizontal"],"yoast_head":"<!-- This site is optimized with the Yoast SEO plugin v21.4 - https:\/\/yoast.com\/wordpress\/plugins\/seo\/ -->\n<title>Edifier G4 Gaming - hd-multimedia<\/title>\n<meta name=\"description\" content=\"Edifier G20 Gaming 7.1 -Virtualni surround zvuk, Ko\u017eom oblo\u017eene lagane i udobne gaming slu\u0161alice koje osiguravaju dobar zvuk i ugodno no\u0161enje.\" \/>\n<meta name=\"robots\" content=\"index, follow, max-snippet:-1, max-image-preview:large, max-video-preview:-1\" \/>\n<link rel=\"canonical\" href=\"https:\/\/hd-multimedia.com\/en\/trgovina\/edifier-g4\/\" \/>\n<meta property=\"og:locale\" content=\"en_GB\" \/>\n<meta property=\"og:type\" content=\"article\" \/>\n<meta property=\"og:title\" content=\"Edifier G4 Gaming - hd-multimedia\" \/>\n<meta property=\"og:description\" content=\"Edifier G20 Gaming 7.1 -Virtualni surround zvuk, Ko\u017eom oblo\u017eene lagane i udobne gaming slu\u0161alice koje osiguravaju dobar zvuk i ugodno no\u0161enje.\" \/>\n<meta property=\"og:url\" content=\"https:\/\/hd-multimedia.com\/en\/trgovina\/edifier-g4\/\" \/>\n<meta property=\"og:site_name\" content=\"hd-multimedia\" \/>\n<meta property=\"article:modified_time\" content=\"2024-07-10T09:28:13+00:00\" \/>\n<meta property=\"og:image\" content=\"https:\/\/hd-multimedia.com\/hdm_media\/g4-6.png\" \/>\n\t<meta property=\"og:image:width\" content=\"800\" \/>\n\t<meta property=\"og:image:height\" content=\"800\" \/>\n\t<meta property=\"og:image:type\" content=\"image\/png\" \/>\n<meta name=\"twitter:card\" content=\"summary_large_image\" \/>\n<meta name=\"twitter:label1\" content=\"Estimated reading time\" \/>\n\t<meta name=\"twitter:data1\" content=\"1 minute\" \/>\n<script type=\"application\/ld+json\" class=\"yoast-schema-graph\">{\"@context\":\"https:\/\/schema.org\",\"@graph\":[{\"@type\":\"WebPage\",\"@id\":\"https:\/\/hd-multimedia.com\/trgovina\/edifier-g4\/\",\"url\":\"https:\/\/hd-multimedia.com\/trgovina\/edifier-g4\/\",\"name\":\"Edifier G4 Gaming - hd-multimedia\",\"isPartOf\":{\"@id\":\"https:\/\/hd-multimedia.com\/#website\"},\"datePublished\":\"2020-11-06T14:10:12+00:00\",\"dateModified\":\"2024-07-10T09:28:13+00:00\",\"description\":\"Edifier G20 Gaming 7.1 -Virtualni surround zvuk, Ko\u017eom oblo\u017eene lagane i udobne gaming slu\u0161alice koje osiguravaju dobar zvuk i ugodno no\u0161enje.\",\"breadcrumb\":{\"@id\":\"https:\/\/hd-multimedia.com\/trgovina\/edifier-g4\/#breadcrumb\"},\"inLanguage\":\"en-GB\",\"potentialAction\":[{\"@type\":\"ReadAction\",\"target\":[\"https:\/\/hd-multimedia.com\/trgovina\/edifier-g4\/\"]}]},{\"@type\":\"BreadcrumbList\",\"@id\":\"https:\/\/hd-multimedia.com\/trgovina\/edifier-g4\/#breadcrumb\",\"itemListElement\":[{\"@type\":\"ListItem\",\"position\":1,\"name\":\"Po\u010detna stranica\",\"item\":\"https:\/\/hd-multimedia.com\/\"},{\"@type\":\"ListItem\",\"position\":2,\"name\":\"Trgovina\",\"item\":\"https:\/\/hd-multimedia.com\/trgovina\/\"},{\"@type\":\"ListItem\",\"position\":3,\"name\":\"Edifier G4 Gaming\"}]},{\"@type\":\"WebSite\",\"@id\":\"https:\/\/hd-multimedia.com\/#website\",\"url\":\"https:\/\/hd-multimedia.com\/\",\"name\":\"hd-multimedia\",\"description\":\"\",\"publisher\":{\"@id\":\"https:\/\/hd-multimedia.com\/#organization\"},\"potentialAction\":[{\"@type\":\"SearchAction\",\"target\":{\"@type\":\"EntryPoint\",\"urlTemplate\":\"https:\/\/hd-multimedia.com\/?s={search_term_string}\"},\"query-input\":\"required name=search_term_string\"}],\"inLanguage\":\"en-GB\"},{\"@type\":\"Organization\",\"@id\":\"https:\/\/hd-multimedia.com\/#organization\",\"name\":\"hd-multimedia\",\"url\":\"https:\/\/hd-multimedia.com\/\",\"logo\":{\"@type\":\"ImageObject\",\"inLanguage\":\"en-GB\",\"@id\":\"https:\/\/hd-multimedia.com\/#\/schema\/logo\/image\/\",\"url\":\"https:\/\/hd-multimedia.com\/hdm_media\/HD-curves-ok-196-56px-alpha-1.png\",\"contentUrl\":\"https:\/\/hd-multimedia.com\/hdm_media\/HD-curves-ok-196-56px-alpha-1.png\",\"width\":196,\"height\":53,\"caption\":\"hd-multimedia\"},\"image\":{\"@id\":\"https:\/\/hd-multimedia.com\/#\/schema\/logo\/image\/\"}}]}<\/script>\n<!-- \/ Yoast SEO plugin. -->","yoast_head_json":{"title":"Edifier G4 Gaming - hd-multimedia","description":"Edifier G20 Gaming 7.1 -Virtualni surround zvuk, Ko\u017eom oblo\u017eene lagane i udobne gaming slu\u0161alice koje osiguravaju dobar zvuk i ugodno no\u0161enje.","robots":{"index":"index","follow":"follow","max-snippet":"max-snippet:-1","max-image-preview":"max-image-preview:large","max-video-preview":"max-video-preview:-1"},"canonical":"https:\/\/hd-multimedia.com\/en\/trgovina\/edifier-g4\/","og_locale":"en_GB","og_type":"article","og_title":"Edifier G4 Gaming - hd-multimedia","og_description":"Edifier G20 Gaming 7.1 -Virtualni surround zvuk, Ko\u017eom oblo\u017eene lagane i udobne gaming slu\u0161alice koje osiguravaju dobar zvuk i ugodno no\u0161enje.","og_url":"https:\/\/hd-multimedia.com\/en\/trgovina\/edifier-g4\/","og_site_name":"hd-multimedia","article_modified_time":"2024-07-10T09:28:13+00:00","og_image":[{"width":800,"height":800,"url":"https:\/\/hd-multimedia.com\/hdm_media\/g4-6.png","type":"image\/png"}],"twitter_card":"summary_large_image","twitter_misc":{"Estimated reading time":"1 minute"},"schema":{"@context":"https:\/\/schema.org","@graph":[{"@type":"WebPage","@id":"https:\/\/hd-multimedia.com\/trgovina\/edifier-g4\/","url":"https:\/\/hd-multimedia.com\/trgovina\/edifier-g4\/","name":"Edifier G4 Gaming - hd-multimedia","isPartOf":{"@id":"https:\/\/hd-multimedia.com\/#website"},"datePublished":"2020-11-06T14:10:12+00:00","dateModified":"2024-07-10T09:28:13+00:00","description":"Edifier G20 Gaming 7.1 -Virtualni surround zvuk, Ko\u017eom oblo\u017eene lagane i udobne gaming slu\u0161alice koje osiguravaju dobar zvuk i ugodno no\u0161enje.","breadcrumb":{"@id":"https:\/\/hd-multimedia.com\/trgovina\/edifier-g4\/#breadcrumb"},"inLanguage":"en-GB","potentialAction":[{"@type":"ReadAction","target":["https:\/\/hd-multimedia.com\/trgovina\/edifier-g4\/"]}]},{"@type":"BreadcrumbList","@id":"https:\/\/hd-multimedia.com\/trgovina\/edifier-g4\/#breadcrumb","itemListElement":[{"@type":"ListItem","position":1,"name":"Po\u010detna stranica","item":"https:\/\/hd-multimedia.com\/"},{"@type":"ListItem","position":2,"name":"Trgovina","item":"https:\/\/hd-multimedia.com\/trgovina\/"},{"@type":"ListItem","position":3,"name":"Edifier G4 Gaming"}]},{"@type":"WebSite","@id":"https:\/\/hd-multimedia.com\/#website","url":"https:\/\/hd-multimedia.com\/","name":"hd-multimedia","description":"","publisher":{"@id":"https:\/\/hd-multimedia.com\/#organization"},"potentialAction":[{"@type":"SearchAction","target":{"@type":"EntryPoint","urlTemplate":"https:\/\/hd-multimedia.com\/?s={search_term_string}"},"query-input":"required name=search_term_string"}],"inLanguage":"en-GB"},{"@type":"Organization","@id":"https:\/\/hd-multimedia.com\/#organization","name":"hd-multimedia","url":"https:\/\/hd-multimedia.com\/","logo":{"@type":"ImageObject","inLanguage":"en-GB","@id":"https:\/\/hd-multimedia.com\/#\/schema\/logo\/image\/","url":"https:\/\/hd-multimedia.com\/hdm_media\/HD-curves-ok-196-56px-alpha-1.png","contentUrl":"https:\/\/hd-multimedia.com\/hdm_media\/HD-curves-ok-196-56px-alpha-1.png","width":196,"height":53,"caption":"hd-multimedia"},"image":{"@id":"https:\/\/hd-multimedia.com\/#\/schema\/logo\/image\/"}}]}},"post_mailing_queue_ids":[],"_links":{"self":[{"href":"https:\/\/hd-multimedia.com\/en\/wp-json\/wp\/v2\/product\/4307","targetHints":{"allow":["GET"]}}],"collection":[{"href":"https:\/\/hd-multimedia.com\/en\/wp-json\/wp\/v2\/product"}],"about":[{"href":"https:\/\/hd-multimedia.com\/en\/wp-json\/wp\/v2\/types\/product"}],"version-history":[{"count":4,"href":"https:\/\/hd-multimedia.com\/en\/wp-json\/wp\/v2\/product\/4307\/revisions"}],"predecessor-version":[{"id":14643,"href":"https:\/\/hd-multimedia.com\/en\/wp-json\/wp\/v2\/product\/4307\/revisions\/14643"}],"wp:featuredmedia":[{"embeddable":true,"href":"https:\/\/hd-multimedia.com\/en\/wp-json\/wp\/v2\/media\/4308"}],"wp:attachment":[{"href":"https:\/\/hd-multimedia.com\/en\/wp-json\/wp\/v2\/media?parent=4307"}],"curies":[{"name":"wp","href":"https:\/\/api.w.org\/{rel}","templated":true}]}}