{"id":3887,"date":"2020-08-31T13:23:26","date_gmt":"2020-08-31T13:23:26","guid":{"rendered":"https:\/\/hd-multimedia.com\/?post_type=product&#038;p=3887"},"modified":"2025-12-08T09:39:35","modified_gmt":"2025-12-08T09:39:35","slug":"edifier-tws-200","status":"publish","type":"product","link":"https:\/\/hd-multimedia.com\/en\/trgovina\/edifier-tws-200\/","title":{"rendered":"Edifier TWS200"},"content":{"rendered":"<p>Edifier TWS200 \u2013 wireless stereo headphones<\/p>\n<ul>\n<li>Ergonomics: Semi-in-ear \u2013 extremely comfortable, semi-in-ear headphones without a rubber earcup<\/li>\n<li>Bluetooth 5.0, Qualcomm electronics and support for AptX<\/li>\n<li>Qualcomm cVc noise reduction for phone calls<\/li>\n<li>CVC with two microphones<\/li>\n<li>touch control<\/li>\n<li>dust and water resistant class IPX4<\/li>\n<li>total operating time of the headset without external charging: 6 hours<\/li>\n<li>Storage box with built-in battery for 3 additional charges (extends operating time by 18 hours)<\/li>\n<\/ul>\n<p><span style=\"font-size: 16px\">Specification:<\/span><\/p>\n<ul>\n<li>Drive: diameter 13mm \u2013 dynamic liquid cystal polymer composite (LCP)<\/li>\n<li>Frequency range: 20 Hz \u2013 20,000 Hz<\/li>\n<li>Sensitivity: 96 dB<\/li>\n<li>Impedance: 28 \u03a9<\/li>\n<li>Connection: Bluetooth 5.0<\/li>\n<li>Wireless range: 10 m<\/li>\n<li>Charging: 1.5 hours for full charge.<\/li>\n<li>Weight: 4.5 g earphones; Charging case: 31 g<\/li>\n<li>Warranty: 12 months battery\/24 months headset<\/li>\n<li>Contents: TWS200, Storage and charging case with battery, Micro USB power cable, user manual<\/li>\n<li>Color: glossy black<\/li>\n<\/ul>","protected":false},"excerpt":{"rendered":"<p>Edifier TWS200 \u2013 completely wireless stereo semi-ear headphones. Built-in high-quality Qualcomm electronics offer reliable Bluetooth 5.0 wireless operation, AptX encoding and cVc technology to reduce noise during conversations. The TWS200 also offers high wearing comfort, because the headphones just rest on the ear and have no physical contact with the ear canal. With low physical isolation, it is possible to talk in the locality without removing the headphones. The autonomy of the handset is 6 hours, in combination with the charging case it is a total of 24 hours. High resistance to moisture and water with IPX 4 certification.<\/p>\n<p><a href=\"https:\/\/www.edifier.com\/global\/p\/true-wireless-earbuds\/tws200\" target=\"_blank\" rel=\"noopener\">You can find other information at this link.<\/a><\/p>","protected":false},"featured_media":3915,"template":"","meta":{"site-sidebar-layout":"default","site-content-layout":"default","ast-site-content-layout":"default","site-content-style":"default","site-sidebar-style":"default","ast-global-header-display":"","ast-banner-title-visibility":"","ast-main-header-display":"","ast-hfb-above-header-display":"","ast-hfb-below-header-display":"","ast-hfb-mobile-header-display":"","site-post-title":"","ast-breadcrumbs-content":"","ast-featured-img":"","footer-sml-layout":"","theme-transparent-header-meta":"default","adv-header-id-meta":"","stick-header-meta":"default","header-above-stick-meta":"","header-main-stick-meta":"","header-below-stick-meta":"","astra-migrate-meta-layouts":"set","ast-page-background-enabled":"default","ast-page-background-meta":{"desktop":{"background-color":"","background-image":"","background-repeat":"repeat","background-position":"center center","background-size":"auto","background-attachment":"scroll","background-type":"","background-media":"","overlay-type":"","overlay-color":"","overlay-opacity":"","overlay-gradient":""},"tablet":{"background-color":"","background-image":"","background-repeat":"repeat","background-position":"center center","background-size":"auto","background-attachment":"scroll","background-type":"","background-media":"","overlay-type":"","overlay-color":"","overlay-opacity":"","overlay-gradient":""},"mobile":{"background-color":"","background-image":"","background-repeat":"repeat","background-position":"center center","background-size":"auto","background-attachment":"scroll","background-type":"","background-media":"","overlay-type":"","overlay-color":"","overlay-opacity":"","overlay-gradient":""}},"ast-content-background-meta":{"desktop":{"background-color":"var(--ast-global-color-5)","background-image":"","background-repeat":"repeat","background-position":"center center","background-size":"auto","background-attachment":"scroll","background-type":"","background-media":"","overlay-type":"","overlay-color":"","overlay-opacity":"","overlay-gradient":""},"tablet":{"background-color":"var(--ast-global-color-5)","background-image":"","background-repeat":"repeat","background-position":"center center","background-size":"auto","background-attachment":"scroll","background-type":"","background-media":"","overlay-type":"","overlay-color":"","overlay-opacity":"","overlay-gradient":""},"mobile":{"background-color":"var(--ast-global-color-5)","background-image":"","background-repeat":"repeat","background-position":"center center","background-size":"auto","background-attachment":"scroll","background-type":"","background-media":"","overlay-type":"","overlay-color":"","overlay-opacity":"","overlay-gradient":""}}},"class_list":["post-3887","product","type-product","status-publish","has-post-thumbnail","hentry","product_cat-usne-slusalice-iem","product_cat-bluetooth-slusalice","product_cat-edifier","product_tag-bluetooth-iem","desktop-align-center","tablet-align-center","mobile-align-center","ast-product-gallery-layout-horizontal","ast-magnify-disabled","ast-product-tabs-layout-horizontal"],"yoast_head":"<!-- This site is optimized with the Yoast SEO plugin v21.4 - https:\/\/yoast.com\/wordpress\/plugins\/seo\/ -->\n<title>Edifier TWS200 - hd-multimedia<\/title>\n<meta name=\"description\" content=\"Edifier TWS 200 - be\u017ei\u010dne stereo slu\u0161alice: Bluetooth 5.0 spajanje, Qualcomm elektronika i podr\u0161ka za AptX, otporno na pra\u0161inu i vodu klasa IPX4.\" \/>\n<meta name=\"robots\" content=\"index, follow, max-snippet:-1, max-image-preview:large, max-video-preview:-1\" \/>\n<link rel=\"canonical\" href=\"https:\/\/hd-multimedia.com\/en\/trgovina\/edifier-tws-200\/\" \/>\n<meta property=\"og:locale\" content=\"en_GB\" \/>\n<meta property=\"og:type\" content=\"article\" \/>\n<meta property=\"og:title\" content=\"Edifier TWS200 - hd-multimedia\" \/>\n<meta property=\"og:description\" content=\"Edifier TWS 200 - be\u017ei\u010dne stereo slu\u0161alice: Bluetooth 5.0 spajanje, Qualcomm elektronika i podr\u0161ka za AptX, otporno na pra\u0161inu i vodu klasa IPX4.\" \/>\n<meta property=\"og:url\" content=\"https:\/\/hd-multimedia.com\/en\/trgovina\/edifier-tws-200\/\" \/>\n<meta property=\"og:site_name\" content=\"hd-multimedia\" \/>\n<meta property=\"article:modified_time\" content=\"2025-12-08T09:39:35+00:00\" \/>\n<meta property=\"og:image\" content=\"https:\/\/hd-multimedia.com\/hdm_media\/edifier-tws-200-black.jpg\" \/>\n\t<meta property=\"og:image:width\" content=\"800\" \/>\n\t<meta property=\"og:image:height\" content=\"800\" \/>\n\t<meta property=\"og:image:type\" content=\"image\/jpeg\" \/>\n<meta name=\"twitter:card\" content=\"summary_large_image\" \/>\n<meta name=\"twitter:label1\" content=\"Estimated reading time\" \/>\n\t<meta name=\"twitter:data1\" content=\"1 minute\" \/>\n<script type=\"application\/ld+json\" class=\"yoast-schema-graph\">{\"@context\":\"https:\/\/schema.org\",\"@graph\":[{\"@type\":\"WebPage\",\"@id\":\"https:\/\/hd-multimedia.com\/trgovina\/edifier-tws-200\/\",\"url\":\"https:\/\/hd-multimedia.com\/trgovina\/edifier-tws-200\/\",\"name\":\"Edifier TWS200 - hd-multimedia\",\"isPartOf\":{\"@id\":\"https:\/\/hd-multimedia.com\/#website\"},\"datePublished\":\"2020-08-31T13:23:26+00:00\",\"dateModified\":\"2025-12-08T09:39:35+00:00\",\"description\":\"Edifier TWS 200 - be\u017ei\u010dne stereo slu\u0161alice: Bluetooth 5.0 spajanje, Qualcomm elektronika i podr\u0161ka za AptX, otporno na pra\u0161inu i vodu klasa IPX4.\",\"breadcrumb\":{\"@id\":\"https:\/\/hd-multimedia.com\/trgovina\/edifier-tws-200\/#breadcrumb\"},\"inLanguage\":\"en-GB\",\"potentialAction\":[{\"@type\":\"ReadAction\",\"target\":[\"https:\/\/hd-multimedia.com\/trgovina\/edifier-tws-200\/\"]}]},{\"@type\":\"BreadcrumbList\",\"@id\":\"https:\/\/hd-multimedia.com\/trgovina\/edifier-tws-200\/#breadcrumb\",\"itemListElement\":[{\"@type\":\"ListItem\",\"position\":1,\"name\":\"Po\u010detna stranica\",\"item\":\"https:\/\/hd-multimedia.com\/\"},{\"@type\":\"ListItem\",\"position\":2,\"name\":\"Trgovina\",\"item\":\"https:\/\/hd-multimedia.com\/trgovina\/\"},{\"@type\":\"ListItem\",\"position\":3,\"name\":\"Edifier TWS200\"}]},{\"@type\":\"WebSite\",\"@id\":\"https:\/\/hd-multimedia.com\/#website\",\"url\":\"https:\/\/hd-multimedia.com\/\",\"name\":\"hd-multimedia\",\"description\":\"\",\"publisher\":{\"@id\":\"https:\/\/hd-multimedia.com\/#organization\"},\"potentialAction\":[{\"@type\":\"SearchAction\",\"target\":{\"@type\":\"EntryPoint\",\"urlTemplate\":\"https:\/\/hd-multimedia.com\/?s={search_term_string}\"},\"query-input\":\"required name=search_term_string\"}],\"inLanguage\":\"en-GB\"},{\"@type\":\"Organization\",\"@id\":\"https:\/\/hd-multimedia.com\/#organization\",\"name\":\"hd-multimedia\",\"url\":\"https:\/\/hd-multimedia.com\/\",\"logo\":{\"@type\":\"ImageObject\",\"inLanguage\":\"en-GB\",\"@id\":\"https:\/\/hd-multimedia.com\/#\/schema\/logo\/image\/\",\"url\":\"https:\/\/hd-multimedia.com\/hdm_media\/HD-curves-ok-196-56px-alpha-1.png\",\"contentUrl\":\"https:\/\/hd-multimedia.com\/hdm_media\/HD-curves-ok-196-56px-alpha-1.png\",\"width\":196,\"height\":53,\"caption\":\"hd-multimedia\"},\"image\":{\"@id\":\"https:\/\/hd-multimedia.com\/#\/schema\/logo\/image\/\"}}]}<\/script>\n<!-- \/ Yoast SEO plugin. -->","yoast_head_json":{"title":"Edifier TWS200 - hd-multimedia","description":"Edifier TWS 200 - be\u017ei\u010dne stereo slu\u0161alice: Bluetooth 5.0 spajanje, Qualcomm elektronika i podr\u0161ka za AptX, otporno na pra\u0161inu i vodu klasa IPX4.","robots":{"index":"index","follow":"follow","max-snippet":"max-snippet:-1","max-image-preview":"max-image-preview:large","max-video-preview":"max-video-preview:-1"},"canonical":"https:\/\/hd-multimedia.com\/en\/trgovina\/edifier-tws-200\/","og_locale":"en_GB","og_type":"article","og_title":"Edifier TWS200 - hd-multimedia","og_description":"Edifier TWS 200 - be\u017ei\u010dne stereo slu\u0161alice: Bluetooth 5.0 spajanje, Qualcomm elektronika i podr\u0161ka za AptX, otporno na pra\u0161inu i vodu klasa IPX4.","og_url":"https:\/\/hd-multimedia.com\/en\/trgovina\/edifier-tws-200\/","og_site_name":"hd-multimedia","article_modified_time":"2025-12-08T09:39:35+00:00","og_image":[{"width":800,"height":800,"url":"https:\/\/hd-multimedia.com\/hdm_media\/edifier-tws-200-black.jpg","type":"image\/jpeg"}],"twitter_card":"summary_large_image","twitter_misc":{"Estimated reading time":"1 minute"},"schema":{"@context":"https:\/\/schema.org","@graph":[{"@type":"WebPage","@id":"https:\/\/hd-multimedia.com\/trgovina\/edifier-tws-200\/","url":"https:\/\/hd-multimedia.com\/trgovina\/edifier-tws-200\/","name":"Edifier TWS200 - hd-multimedia","isPartOf":{"@id":"https:\/\/hd-multimedia.com\/#website"},"datePublished":"2020-08-31T13:23:26+00:00","dateModified":"2025-12-08T09:39:35+00:00","description":"Edifier TWS 200 - be\u017ei\u010dne stereo slu\u0161alice: Bluetooth 5.0 spajanje, Qualcomm elektronika i podr\u0161ka za AptX, otporno na pra\u0161inu i vodu klasa IPX4.","breadcrumb":{"@id":"https:\/\/hd-multimedia.com\/trgovina\/edifier-tws-200\/#breadcrumb"},"inLanguage":"en-GB","potentialAction":[{"@type":"ReadAction","target":["https:\/\/hd-multimedia.com\/trgovina\/edifier-tws-200\/"]}]},{"@type":"BreadcrumbList","@id":"https:\/\/hd-multimedia.com\/trgovina\/edifier-tws-200\/#breadcrumb","itemListElement":[{"@type":"ListItem","position":1,"name":"Po\u010detna stranica","item":"https:\/\/hd-multimedia.com\/"},{"@type":"ListItem","position":2,"name":"Trgovina","item":"https:\/\/hd-multimedia.com\/trgovina\/"},{"@type":"ListItem","position":3,"name":"Edifier TWS200"}]},{"@type":"WebSite","@id":"https:\/\/hd-multimedia.com\/#website","url":"https:\/\/hd-multimedia.com\/","name":"hd-multimedia","description":"","publisher":{"@id":"https:\/\/hd-multimedia.com\/#organization"},"potentialAction":[{"@type":"SearchAction","target":{"@type":"EntryPoint","urlTemplate":"https:\/\/hd-multimedia.com\/?s={search_term_string}"},"query-input":"required name=search_term_string"}],"inLanguage":"en-GB"},{"@type":"Organization","@id":"https:\/\/hd-multimedia.com\/#organization","name":"hd-multimedia","url":"https:\/\/hd-multimedia.com\/","logo":{"@type":"ImageObject","inLanguage":"en-GB","@id":"https:\/\/hd-multimedia.com\/#\/schema\/logo\/image\/","url":"https:\/\/hd-multimedia.com\/hdm_media\/HD-curves-ok-196-56px-alpha-1.png","contentUrl":"https:\/\/hd-multimedia.com\/hdm_media\/HD-curves-ok-196-56px-alpha-1.png","width":196,"height":53,"caption":"hd-multimedia"},"image":{"@id":"https:\/\/hd-multimedia.com\/#\/schema\/logo\/image\/"}}]}},"post_mailing_queue_ids":[],"_links":{"self":[{"href":"https:\/\/hd-multimedia.com\/en\/wp-json\/wp\/v2\/product\/3887","targetHints":{"allow":["GET"]}}],"collection":[{"href":"https:\/\/hd-multimedia.com\/en\/wp-json\/wp\/v2\/product"}],"about":[{"href":"https:\/\/hd-multimedia.com\/en\/wp-json\/wp\/v2\/types\/product"}],"version-history":[{"count":11,"href":"https:\/\/hd-multimedia.com\/en\/wp-json\/wp\/v2\/product\/3887\/revisions"}],"predecessor-version":[{"id":15606,"href":"https:\/\/hd-multimedia.com\/en\/wp-json\/wp\/v2\/product\/3887\/revisions\/15606"}],"wp:featuredmedia":[{"embeddable":true,"href":"https:\/\/hd-multimedia.com\/en\/wp-json\/wp\/v2\/media\/3915"}],"wp:attachment":[{"href":"https:\/\/hd-multimedia.com\/en\/wp-json\/wp\/v2\/media?parent=3887"}],"curies":[{"name":"wp","href":"https:\/\/api.w.org\/{rel}","templated":true}]}}