{"id":3079,"date":"2020-03-28T14:05:32","date_gmt":"2020-03-28T14:05:32","guid":{"rendered":"https:\/\/hd-multimedia.com\/?post_type=product&#038;p=3079"},"modified":"2024-07-10T10:18:29","modified_gmt":"2024-07-10T10:18:29","slug":"magnepan-07","status":"publish","type":"product","link":"https:\/\/hd-multimedia.com\/en\/trgovina\/magnepan-07\/","title":{"rendered":"Magnepan .7 (pair)"},"content":{"rendered":"<p>Magnetostatic and electrostatic speakers have an elegant design and unique surface construction. Sound waves are created by moving an ultra-light membrane. The small mass of the diaphragm allows for ultra-fast tracking of the signal coming from the amplifier, with almost insignificant distortions. What is heard from the speakers is a faithful reproduction of the audio signal.<\/p>\n<p>The Magnepan .7 is the mid-sized speaker in the Magnepan range of magnetostats. Magnepan is one of the oldest and most well-known manufacturers of this type of speaker.<\/p>\n<table class=\"spec\">\n<tbody>\n<tr class=\"th\">\n<td colspan=\"2\"><strong>Magnepan .7<\/strong><\/td>\n<\/tr>\n<tr>\n<td><strong>Description<\/strong><\/td>\n<td>2-way \/ Quasi-Ribbon \u2013 panel speaker<\/td>\n<\/tr>\n<tr>\n<td><strong>Freq. range.<\/strong><\/td>\n<td>45 \u2013 20k Hz<\/td>\n<\/tr>\n<tr>\n<td><strong>Force<\/strong><\/td>\n<td>Read: <a href=\"https:\/\/www.magnepan.com\/faq#power\">Frequently Asked Questions<\/a><\/td>\n<\/tr>\n<tr>\n<td><strong>Sensitivity<\/strong><\/td>\n<td>86dB \/ 500Hz \/ 2.83v<\/td>\n<\/tr>\n<tr>\n<td><strong>Impedance<\/strong><\/td>\n<td>4 Ohms<\/td>\n<\/tr>\n<tr>\n<td><strong>Dimensions<\/strong><\/td>\n<td>Width 38.7 cm x Height 138 cm x Depth 3.18 cm<\/td>\n<\/tr>\n<tr>\n<td colspan=\"2\">Additional finishes\/materials: aluminum black - silver frame<\/td>\n<\/tr>\n<\/tbody>\n<\/table>\n<p><a href=\"https:\/\/magnepan.com\/products\/magnepan-7\" target=\"_blank\" rel=\"noopener\">You can find other information at this link.<\/a><\/p>","protected":false},"excerpt":{"rendered":"<p>The Magnepan .7 stands out as a favorite within Magnepan, becoming the speaker of choice for those seeking superior sound. It quickly captivates enthusiasts with its ability to create unparalleled sound images, rivaling the best speakers on the market. After just a few minutes of listening, it becomes apparent that the Magnepan .7 has the power to transform, elevating the musical experience to new heights. Herb Reichert, in Stereophile magazine, expresses the impact of the .7. He points out that when there is a fundamentally correct approach to the work of the designer, the likelihood increases that the resulting products will reveal fundamental musical truths to a wider audience. In short, the Magnepan .7 is not just a speaker; it is a conduit to lasting musical excellence.<\/p>\n<p>Available color: Aluminum(Silver)-Black.<\/p>\n<p><a href=\"https:\/\/magnepan.com\/products\/magnepan-7\" target=\"_blank\" rel=\"noopener\">You can find other information at this link.<\/a><\/p>","protected":false},"featured_media":3083,"template":"","meta":{"site-sidebar-layout":"default","site-content-layout":"default","ast-site-content-layout":"default","site-content-style":"default","site-sidebar-style":"default","ast-global-header-display":"","ast-banner-title-visibility":"","ast-main-header-display":"","ast-hfb-above-header-display":"","ast-hfb-below-header-display":"","ast-hfb-mobile-header-display":"","site-post-title":"","ast-breadcrumbs-content":"","ast-featured-img":"","footer-sml-layout":"","theme-transparent-header-meta":"default","adv-header-id-meta":"","stick-header-meta":"default","header-above-stick-meta":"","header-main-stick-meta":"","header-below-stick-meta":"","astra-migrate-meta-layouts":"set","ast-page-background-enabled":"default","ast-page-background-meta":{"desktop":{"background-color":"","background-image":"","background-repeat":"repeat","background-position":"center center","background-size":"auto","background-attachment":"scroll","background-type":"","background-media":"","overlay-type":"","overlay-color":"","overlay-opacity":"","overlay-gradient":""},"tablet":{"background-color":"","background-image":"","background-repeat":"repeat","background-position":"center center","background-size":"auto","background-attachment":"scroll","background-type":"","background-media":"","overlay-type":"","overlay-color":"","overlay-opacity":"","overlay-gradient":""},"mobile":{"background-color":"","background-image":"","background-repeat":"repeat","background-position":"center center","background-size":"auto","background-attachment":"scroll","background-type":"","background-media":"","overlay-type":"","overlay-color":"","overlay-opacity":"","overlay-gradient":""}},"ast-content-background-meta":{"desktop":{"background-color":"var(--ast-global-color-5)","background-image":"","background-repeat":"repeat","background-position":"center center","background-size":"auto","background-attachment":"scroll","background-type":"","background-media":"","overlay-type":"","overlay-color":"","overlay-opacity":"","overlay-gradient":""},"tablet":{"background-color":"var(--ast-global-color-5)","background-image":"","background-repeat":"repeat","background-position":"center center","background-size":"auto","background-attachment":"scroll","background-type":"","background-media":"","overlay-type":"","overlay-color":"","overlay-opacity":"","overlay-gradient":""},"mobile":{"background-color":"var(--ast-global-color-5)","background-image":"","background-repeat":"repeat","background-position":"center center","background-size":"auto","background-attachment":"scroll","background-type":"","background-media":"","overlay-type":"","overlay-color":"","overlay-opacity":"","overlay-gradient":""}}},"class_list":["post-3079","product","type-product","status-publish","has-post-thumbnail","hentry","product_cat-magnepan","product_cat-pasivne-zvucne-kutije","desktop-align-center","tablet-align-center","mobile-align-center","ast-product-gallery-layout-horizontal","ast-magnify-disabled","ast-product-tabs-layout-horizontal"],"yoast_head":"<!-- This site is optimized with the Yoast SEO plugin v21.4 - https:\/\/yoast.com\/wordpress\/plugins\/seo\/ -->\n<title>Magnepan .7 (par) - hd-multimedia<\/title>\n<meta name=\"description\" content=\"Model .7 tvrtke Magnepan isti\u010de se kao omiljeni unutar Magnepana, postaju\u0107i zvu\u010dnik po izboru za one koji tra\u017ee vrhunski zvuk.\" \/>\n<meta name=\"robots\" content=\"index, follow, max-snippet:-1, max-image-preview:large, max-video-preview:-1\" \/>\n<link rel=\"canonical\" href=\"https:\/\/hd-multimedia.com\/en\/trgovina\/magnepan-07\/\" \/>\n<meta property=\"og:locale\" content=\"en_GB\" \/>\n<meta property=\"og:type\" content=\"article\" \/>\n<meta property=\"og:title\" content=\"Magnepan .7 (par) - hd-multimedia\" \/>\n<meta property=\"og:description\" content=\"Model .7 tvrtke Magnepan isti\u010de se kao omiljeni unutar Magnepana, postaju\u0107i zvu\u010dnik po izboru za one koji tra\u017ee vrhunski zvuk.\" \/>\n<meta property=\"og:url\" content=\"https:\/\/hd-multimedia.com\/en\/trgovina\/magnepan-07\/\" \/>\n<meta property=\"og:site_name\" content=\"hd-multimedia\" \/>\n<meta property=\"article:modified_time\" content=\"2024-07-10T10:18:29+00:00\" \/>\n<meta property=\"og:image\" content=\"https:\/\/hd-multimedia.com\/hdm_media\/alum07.jpg\" \/>\n\t<meta property=\"og:image:width\" content=\"700\" \/>\n\t<meta property=\"og:image:height\" content=\"700\" \/>\n\t<meta property=\"og:image:type\" content=\"image\/jpeg\" \/>\n<meta name=\"twitter:card\" content=\"summary_large_image\" \/>\n<meta name=\"twitter:label1\" content=\"Estimated reading time\" \/>\n\t<meta name=\"twitter:data1\" content=\"1 minute\" \/>\n<script type=\"application\/ld+json\" class=\"yoast-schema-graph\">{\"@context\":\"https:\/\/schema.org\",\"@graph\":[{\"@type\":\"WebPage\",\"@id\":\"https:\/\/hd-multimedia.com\/trgovina\/magnepan-07\/\",\"url\":\"https:\/\/hd-multimedia.com\/trgovina\/magnepan-07\/\",\"name\":\"Magnepan .7 (par) - hd-multimedia\",\"isPartOf\":{\"@id\":\"https:\/\/hd-multimedia.com\/#website\"},\"datePublished\":\"2020-03-28T14:05:32+00:00\",\"dateModified\":\"2024-07-10T10:18:29+00:00\",\"description\":\"Model .7 tvrtke Magnepan isti\u010de se kao omiljeni unutar Magnepana, postaju\u0107i zvu\u010dnik po izboru za one koji tra\u017ee vrhunski zvuk.\",\"breadcrumb\":{\"@id\":\"https:\/\/hd-multimedia.com\/trgovina\/magnepan-07\/#breadcrumb\"},\"inLanguage\":\"en-GB\",\"potentialAction\":[{\"@type\":\"ReadAction\",\"target\":[\"https:\/\/hd-multimedia.com\/trgovina\/magnepan-07\/\"]}]},{\"@type\":\"BreadcrumbList\",\"@id\":\"https:\/\/hd-multimedia.com\/trgovina\/magnepan-07\/#breadcrumb\",\"itemListElement\":[{\"@type\":\"ListItem\",\"position\":1,\"name\":\"Po\u010detna stranica\",\"item\":\"https:\/\/hd-multimedia.com\/\"},{\"@type\":\"ListItem\",\"position\":2,\"name\":\"Trgovina\",\"item\":\"https:\/\/hd-multimedia.com\/trgovina\/\"},{\"@type\":\"ListItem\",\"position\":3,\"name\":\"Magnepan .7 (par)\"}]},{\"@type\":\"WebSite\",\"@id\":\"https:\/\/hd-multimedia.com\/#website\",\"url\":\"https:\/\/hd-multimedia.com\/\",\"name\":\"hd-multimedia\",\"description\":\"\",\"publisher\":{\"@id\":\"https:\/\/hd-multimedia.com\/#organization\"},\"potentialAction\":[{\"@type\":\"SearchAction\",\"target\":{\"@type\":\"EntryPoint\",\"urlTemplate\":\"https:\/\/hd-multimedia.com\/?s={search_term_string}\"},\"query-input\":\"required name=search_term_string\"}],\"inLanguage\":\"en-GB\"},{\"@type\":\"Organization\",\"@id\":\"https:\/\/hd-multimedia.com\/#organization\",\"name\":\"hd-multimedia\",\"url\":\"https:\/\/hd-multimedia.com\/\",\"logo\":{\"@type\":\"ImageObject\",\"inLanguage\":\"en-GB\",\"@id\":\"https:\/\/hd-multimedia.com\/#\/schema\/logo\/image\/\",\"url\":\"https:\/\/hd-multimedia.com\/hdm_media\/HD-curves-ok-196-56px-alpha-1.png\",\"contentUrl\":\"https:\/\/hd-multimedia.com\/hdm_media\/HD-curves-ok-196-56px-alpha-1.png\",\"width\":196,\"height\":53,\"caption\":\"hd-multimedia\"},\"image\":{\"@id\":\"https:\/\/hd-multimedia.com\/#\/schema\/logo\/image\/\"}}]}<\/script>\n<!-- \/ Yoast SEO plugin. -->","yoast_head_json":{"title":"Magnepan .7 (par) - hd-multimedia","description":"Model .7 tvrtke Magnepan isti\u010de se kao omiljeni unutar Magnepana, postaju\u0107i zvu\u010dnik po izboru za one koji tra\u017ee vrhunski zvuk.","robots":{"index":"index","follow":"follow","max-snippet":"max-snippet:-1","max-image-preview":"max-image-preview:large","max-video-preview":"max-video-preview:-1"},"canonical":"https:\/\/hd-multimedia.com\/en\/trgovina\/magnepan-07\/","og_locale":"en_GB","og_type":"article","og_title":"Magnepan .7 (par) - hd-multimedia","og_description":"Model .7 tvrtke Magnepan isti\u010de se kao omiljeni unutar Magnepana, postaju\u0107i zvu\u010dnik po izboru za one koji tra\u017ee vrhunski zvuk.","og_url":"https:\/\/hd-multimedia.com\/en\/trgovina\/magnepan-07\/","og_site_name":"hd-multimedia","article_modified_time":"2024-07-10T10:18:29+00:00","og_image":[{"width":700,"height":700,"url":"https:\/\/hd-multimedia.com\/hdm_media\/alum07.jpg","type":"image\/jpeg"}],"twitter_card":"summary_large_image","twitter_misc":{"Estimated reading time":"1 minute"},"schema":{"@context":"https:\/\/schema.org","@graph":[{"@type":"WebPage","@id":"https:\/\/hd-multimedia.com\/trgovina\/magnepan-07\/","url":"https:\/\/hd-multimedia.com\/trgovina\/magnepan-07\/","name":"Magnepan .7 (par) - hd-multimedia","isPartOf":{"@id":"https:\/\/hd-multimedia.com\/#website"},"datePublished":"2020-03-28T14:05:32+00:00","dateModified":"2024-07-10T10:18:29+00:00","description":"Model .7 tvrtke Magnepan isti\u010de se kao omiljeni unutar Magnepana, postaju\u0107i zvu\u010dnik po izboru za one koji tra\u017ee vrhunski zvuk.","breadcrumb":{"@id":"https:\/\/hd-multimedia.com\/trgovina\/magnepan-07\/#breadcrumb"},"inLanguage":"en-GB","potentialAction":[{"@type":"ReadAction","target":["https:\/\/hd-multimedia.com\/trgovina\/magnepan-07\/"]}]},{"@type":"BreadcrumbList","@id":"https:\/\/hd-multimedia.com\/trgovina\/magnepan-07\/#breadcrumb","itemListElement":[{"@type":"ListItem","position":1,"name":"Po\u010detna stranica","item":"https:\/\/hd-multimedia.com\/"},{"@type":"ListItem","position":2,"name":"Trgovina","item":"https:\/\/hd-multimedia.com\/trgovina\/"},{"@type":"ListItem","position":3,"name":"Magnepan .7 (par)"}]},{"@type":"WebSite","@id":"https:\/\/hd-multimedia.com\/#website","url":"https:\/\/hd-multimedia.com\/","name":"hd-multimedia","description":"","publisher":{"@id":"https:\/\/hd-multimedia.com\/#organization"},"potentialAction":[{"@type":"SearchAction","target":{"@type":"EntryPoint","urlTemplate":"https:\/\/hd-multimedia.com\/?s={search_term_string}"},"query-input":"required name=search_term_string"}],"inLanguage":"en-GB"},{"@type":"Organization","@id":"https:\/\/hd-multimedia.com\/#organization","name":"hd-multimedia","url":"https:\/\/hd-multimedia.com\/","logo":{"@type":"ImageObject","inLanguage":"en-GB","@id":"https:\/\/hd-multimedia.com\/#\/schema\/logo\/image\/","url":"https:\/\/hd-multimedia.com\/hdm_media\/HD-curves-ok-196-56px-alpha-1.png","contentUrl":"https:\/\/hd-multimedia.com\/hdm_media\/HD-curves-ok-196-56px-alpha-1.png","width":196,"height":53,"caption":"hd-multimedia"},"image":{"@id":"https:\/\/hd-multimedia.com\/#\/schema\/logo\/image\/"}}]}},"post_mailing_queue_ids":[],"_links":{"self":[{"href":"https:\/\/hd-multimedia.com\/en\/wp-json\/wp\/v2\/product\/3079","targetHints":{"allow":["GET"]}}],"collection":[{"href":"https:\/\/hd-multimedia.com\/en\/wp-json\/wp\/v2\/product"}],"about":[{"href":"https:\/\/hd-multimedia.com\/en\/wp-json\/wp\/v2\/types\/product"}],"version-history":[{"count":7,"href":"https:\/\/hd-multimedia.com\/en\/wp-json\/wp\/v2\/product\/3079\/revisions"}],"predecessor-version":[{"id":15418,"href":"https:\/\/hd-multimedia.com\/en\/wp-json\/wp\/v2\/product\/3079\/revisions\/15418"}],"wp:featuredmedia":[{"embeddable":true,"href":"https:\/\/hd-multimedia.com\/en\/wp-json\/wp\/v2\/media\/3083"}],"wp:attachment":[{"href":"https:\/\/hd-multimedia.com\/en\/wp-json\/wp\/v2\/media?parent=3079"}],"curies":[{"name":"wp","href":"https:\/\/api.w.org\/{rel}","templated":true}]}}