{"id":2841,"date":"2020-03-09T10:26:53","date_gmt":"2020-03-09T10:26:53","guid":{"rendered":"https:\/\/hd-multimedia.com\/?post_type=product&#038;p=2841"},"modified":"2026-04-02T12:54:09","modified_gmt":"2026-04-02T12:54:09","slug":"elac-debut-reference-br6-2-par-2","status":"publish","type":"product","link":"https:\/\/hd-multimedia.com\/en\/trgovina\/elac-debut-reference-br6-2-par-2\/","title":{"rendered":"Elac Debut Reference DBR62 (pair)"},"content":{"rendered":"<p>\u2013 Cabinet Type: 2-Way Bass Reflex<\/p>\n<p>\u2013 Frequency Response: 44Hz \u2013 35000Hz<\/p>\n<p>\u2013 Nominal Resistance: 6 Ohms<\/p>\n<p>\u2013 Sensitivity: 86dB @ 2.83v\/1m<\/p>\n<p>\u2013 Crossover Frequency: 2200Hz<\/p>\n<p>\u2013 Maximum Power: 120 Watts<\/p>\n<p>\u2013 Tweeter: 2.54 cm Cloth Dome<\/p>\n<p>\u2013 Woofer: 16.51 cm Aramid Fiber<\/p>\n<p>\u2013 Cabinet: CARB2 rated MDF<\/p>\n<p>\u2013 Port: Double Curved<\/p>\n<p>\u2013 Cable Connectors: 5-Way Metal<\/p>\n<p>\u2013 Cabinet Finishes: White Board, Oak Cabinet or Black Board, Walnut Cabinet<\/p>\n<p>\u2013 Additional Equipment Included: Magnetic grid fabric<\/p>\n<p>\u2013 Weight: 8.20 kg each<\/p>\n<p><span style=\"color: #0274be; font-size: 16px; font-style: normal; font-weight: 400;\">You can find other information at this link.<\/span><\/p>","protected":false},"excerpt":{"rendered":"<p>The Elac Debut Reference DBR62 stands out as a technically sophisticated bookshelf speaker. Its two-way design integrates a 6.5-inch woven aramid fiber woofer and a 1-inch soft dome tweeter with a wide frame, ensuring precise and controlled reproduction across the entire frequency spectrum. The cabinet is carefully constructed with internal bracing to minimize resonances, and a fine wood veneer finish adds an aesthetic touch. A sophisticated crossover network seamlessly couples the driver output, contributing to a coherent soundstage. With a wide frequency response, specified power, sensitivity and impedance ratings, the DBR62 is designed to adapt to a variety of audio setups. Additional features, such as dual-wiring capabilities, increase flexibility for users looking to optimize their listening experience.<\/p>\n<p>The price refers to a pair (2 speakers)<\/p>\n<p>We can order this product for you from the manufacturer, send an inquiry to hdm@hdinfo.hr<\/p>\n<p><a href=\"https:\/\/www.elac.com\/category\/bookshelf-speakers\/debut-reference-dbr-62\/\" target=\"_blank\" rel=\"noopener\">You can find other information at this link.<\/a><\/p>","protected":false},"featured_media":2871,"template":"","meta":{"site-sidebar-layout":"default","site-content-layout":"default","ast-site-content-layout":"default","site-content-style":"default","site-sidebar-style":"default","ast-global-header-display":"","ast-banner-title-visibility":"","ast-main-header-display":"","ast-hfb-above-header-display":"","ast-hfb-below-header-display":"","ast-hfb-mobile-header-display":"","site-post-title":"","ast-breadcrumbs-content":"","ast-featured-img":"","footer-sml-layout":"","theme-transparent-header-meta":"default","adv-header-id-meta":"","stick-header-meta":"default","header-above-stick-meta":"","header-main-stick-meta":"","header-below-stick-meta":"","astra-migrate-meta-layouts":"set","ast-page-background-enabled":"default","ast-page-background-meta":{"desktop":{"background-color":"","background-image":"","background-repeat":"repeat","background-position":"center center","background-size":"auto","background-attachment":"scroll","background-type":"","background-media":"","overlay-type":"","overlay-color":"","overlay-opacity":"","overlay-gradient":""},"tablet":{"background-color":"","background-image":"","background-repeat":"repeat","background-position":"center center","background-size":"auto","background-attachment":"scroll","background-type":"","background-media":"","overlay-type":"","overlay-color":"","overlay-opacity":"","overlay-gradient":""},"mobile":{"background-color":"","background-image":"","background-repeat":"repeat","background-position":"center center","background-size":"auto","background-attachment":"scroll","background-type":"","background-media":"","overlay-type":"","overlay-color":"","overlay-opacity":"","overlay-gradient":""}},"ast-content-background-meta":{"desktop":{"background-color":"var(--ast-global-color-5)","background-image":"","background-repeat":"repeat","background-position":"center center","background-size":"auto","background-attachment":"scroll","background-type":"","background-media":"","overlay-type":"","overlay-color":"","overlay-opacity":"","overlay-gradient":""},"tablet":{"background-color":"var(--ast-global-color-5)","background-image":"","background-repeat":"repeat","background-position":"center center","background-size":"auto","background-attachment":"scroll","background-type":"","background-media":"","overlay-type":"","overlay-color":"","overlay-opacity":"","overlay-gradient":""},"mobile":{"background-color":"var(--ast-global-color-5)","background-image":"","background-repeat":"repeat","background-position":"center center","background-size":"auto","background-attachment":"scroll","background-type":"","background-media":"","overlay-type":"","overlay-color":"","overlay-opacity":"","overlay-gradient":""}}},"class_list":["post-2841","product","type-product","status-publish","has-post-thumbnail","hentry","product_cat-pasivne-zvucne-kutije","product_cat-elac","desktop-align-center","tablet-align-center","mobile-align-center","ast-product-gallery-layout-horizontal","ast-magnify-disabled","ast-product-single-variable","ast-product-tabs-layout-horizontal"],"yoast_head":"<!-- This site is optimized with the Yoast SEO plugin v21.4 - https:\/\/yoast.com\/wordpress\/plugins\/seo\/ -->\n<title>Elac Debut Reference DBR62 (par) - hd-multimedia<\/title>\n<meta name=\"description\" content=\"ELAC Debut Reference BR6.2 - izveden na bazi uspj\u0161enih Debut B6.2 i B6.1, sa zna\u010dajno pobolj\u0161anom konstrukcijom kutije, elektronike i selektiranim pogonima.\" \/>\n<meta name=\"robots\" content=\"index, follow, max-snippet:-1, max-image-preview:large, max-video-preview:-1\" \/>\n<link rel=\"canonical\" href=\"https:\/\/hd-multimedia.com\/en\/trgovina\/elac-debut-reference-br6-2-par-2\/\" \/>\n<meta property=\"og:locale\" content=\"en_GB\" \/>\n<meta property=\"og:type\" content=\"article\" \/>\n<meta property=\"og:title\" content=\"Elac Debut Reference DBR62 (par) - hd-multimedia\" \/>\n<meta property=\"og:description\" content=\"ELAC Debut Reference BR6.2 - izveden na bazi uspj\u0161enih Debut B6.2 i B6.1, sa zna\u010dajno pobolj\u0161anom konstrukcijom kutije, elektronike i selektiranim pogonima.\" \/>\n<meta property=\"og:url\" content=\"https:\/\/hd-multimedia.com\/en\/trgovina\/elac-debut-reference-br6-2-par-2\/\" \/>\n<meta property=\"og:site_name\" content=\"hd-multimedia\" \/>\n<meta property=\"article:modified_time\" content=\"2026-04-02T12:54:09+00:00\" \/>\n<meta property=\"og:image\" content=\"https:\/\/hd-multimedia.com\/hdm_media\/dbr62-bk-gallery-3.png\" \/>\n\t<meta property=\"og:image:width\" content=\"750\" \/>\n\t<meta property=\"og:image:height\" content=\"750\" \/>\n\t<meta property=\"og:image:type\" content=\"image\/png\" \/>\n<meta name=\"twitter:card\" content=\"summary_large_image\" \/>\n<meta name=\"twitter:label1\" content=\"Estimated reading time\" \/>\n\t<meta name=\"twitter:data1\" content=\"1 minute\" \/>\n<script type=\"application\/ld+json\" class=\"yoast-schema-graph\">{\"@context\":\"https:\/\/schema.org\",\"@graph\":[{\"@type\":\"WebPage\",\"@id\":\"https:\/\/hd-multimedia.com\/trgovina\/elac-debut-reference-br6-2-par-2\/\",\"url\":\"https:\/\/hd-multimedia.com\/trgovina\/elac-debut-reference-br6-2-par-2\/\",\"name\":\"Elac Debut Reference DBR62 (par) - hd-multimedia\",\"isPartOf\":{\"@id\":\"https:\/\/hd-multimedia.com\/#website\"},\"datePublished\":\"2020-03-09T10:26:53+00:00\",\"dateModified\":\"2026-04-02T12:54:09+00:00\",\"description\":\"ELAC Debut Reference BR6.2 - izveden na bazi uspj\u0161enih Debut B6.2 i B6.1, sa zna\u010dajno pobolj\u0161anom konstrukcijom kutije, elektronike i selektiranim pogonima.\",\"breadcrumb\":{\"@id\":\"https:\/\/hd-multimedia.com\/trgovina\/elac-debut-reference-br6-2-par-2\/#breadcrumb\"},\"inLanguage\":\"en-GB\",\"potentialAction\":[{\"@type\":\"ReadAction\",\"target\":[\"https:\/\/hd-multimedia.com\/trgovina\/elac-debut-reference-br6-2-par-2\/\"]}]},{\"@type\":\"BreadcrumbList\",\"@id\":\"https:\/\/hd-multimedia.com\/trgovina\/elac-debut-reference-br6-2-par-2\/#breadcrumb\",\"itemListElement\":[{\"@type\":\"ListItem\",\"position\":1,\"name\":\"Po\u010detna stranica\",\"item\":\"https:\/\/hd-multimedia.com\/\"},{\"@type\":\"ListItem\",\"position\":2,\"name\":\"Trgovina\",\"item\":\"https:\/\/hd-multimedia.com\/trgovina\/\"},{\"@type\":\"ListItem\",\"position\":3,\"name\":\"Elac Debut Reference DBR62 (par)\"}]},{\"@type\":\"WebSite\",\"@id\":\"https:\/\/hd-multimedia.com\/#website\",\"url\":\"https:\/\/hd-multimedia.com\/\",\"name\":\"hd-multimedia\",\"description\":\"\",\"publisher\":{\"@id\":\"https:\/\/hd-multimedia.com\/#organization\"},\"potentialAction\":[{\"@type\":\"SearchAction\",\"target\":{\"@type\":\"EntryPoint\",\"urlTemplate\":\"https:\/\/hd-multimedia.com\/?s={search_term_string}\"},\"query-input\":\"required name=search_term_string\"}],\"inLanguage\":\"en-GB\"},{\"@type\":\"Organization\",\"@id\":\"https:\/\/hd-multimedia.com\/#organization\",\"name\":\"hd-multimedia\",\"url\":\"https:\/\/hd-multimedia.com\/\",\"logo\":{\"@type\":\"ImageObject\",\"inLanguage\":\"en-GB\",\"@id\":\"https:\/\/hd-multimedia.com\/#\/schema\/logo\/image\/\",\"url\":\"https:\/\/hd-multimedia.com\/hdm_media\/HD-curves-ok-196-56px-alpha-1.png\",\"contentUrl\":\"https:\/\/hd-multimedia.com\/hdm_media\/HD-curves-ok-196-56px-alpha-1.png\",\"width\":196,\"height\":53,\"caption\":\"hd-multimedia\"},\"image\":{\"@id\":\"https:\/\/hd-multimedia.com\/#\/schema\/logo\/image\/\"}}]}<\/script>\n<!-- \/ Yoast SEO plugin. -->","yoast_head_json":{"title":"Elac Debut Reference DBR62 (par) - hd-multimedia","description":"ELAC Debut Reference BR6.2 - izveden na bazi uspj\u0161enih Debut B6.2 i B6.1, sa zna\u010dajno pobolj\u0161anom konstrukcijom kutije, elektronike i selektiranim pogonima.","robots":{"index":"index","follow":"follow","max-snippet":"max-snippet:-1","max-image-preview":"max-image-preview:large","max-video-preview":"max-video-preview:-1"},"canonical":"https:\/\/hd-multimedia.com\/en\/trgovina\/elac-debut-reference-br6-2-par-2\/","og_locale":"en_GB","og_type":"article","og_title":"Elac Debut Reference DBR62 (par) - hd-multimedia","og_description":"ELAC Debut Reference BR6.2 - izveden na bazi uspj\u0161enih Debut B6.2 i B6.1, sa zna\u010dajno pobolj\u0161anom konstrukcijom kutije, elektronike i selektiranim pogonima.","og_url":"https:\/\/hd-multimedia.com\/en\/trgovina\/elac-debut-reference-br6-2-par-2\/","og_site_name":"hd-multimedia","article_modified_time":"2026-04-02T12:54:09+00:00","og_image":[{"width":750,"height":750,"url":"https:\/\/hd-multimedia.com\/hdm_media\/dbr62-bk-gallery-3.png","type":"image\/png"}],"twitter_card":"summary_large_image","twitter_misc":{"Estimated reading time":"1 minute"},"schema":{"@context":"https:\/\/schema.org","@graph":[{"@type":"WebPage","@id":"https:\/\/hd-multimedia.com\/trgovina\/elac-debut-reference-br6-2-par-2\/","url":"https:\/\/hd-multimedia.com\/trgovina\/elac-debut-reference-br6-2-par-2\/","name":"Elac Debut Reference DBR62 (par) - hd-multimedia","isPartOf":{"@id":"https:\/\/hd-multimedia.com\/#website"},"datePublished":"2020-03-09T10:26:53+00:00","dateModified":"2026-04-02T12:54:09+00:00","description":"ELAC Debut Reference BR6.2 - izveden na bazi uspj\u0161enih Debut B6.2 i B6.1, sa zna\u010dajno pobolj\u0161anom konstrukcijom kutije, elektronike i selektiranim pogonima.","breadcrumb":{"@id":"https:\/\/hd-multimedia.com\/trgovina\/elac-debut-reference-br6-2-par-2\/#breadcrumb"},"inLanguage":"en-GB","potentialAction":[{"@type":"ReadAction","target":["https:\/\/hd-multimedia.com\/trgovina\/elac-debut-reference-br6-2-par-2\/"]}]},{"@type":"BreadcrumbList","@id":"https:\/\/hd-multimedia.com\/trgovina\/elac-debut-reference-br6-2-par-2\/#breadcrumb","itemListElement":[{"@type":"ListItem","position":1,"name":"Po\u010detna stranica","item":"https:\/\/hd-multimedia.com\/"},{"@type":"ListItem","position":2,"name":"Trgovina","item":"https:\/\/hd-multimedia.com\/trgovina\/"},{"@type":"ListItem","position":3,"name":"Elac Debut Reference DBR62 (par)"}]},{"@type":"WebSite","@id":"https:\/\/hd-multimedia.com\/#website","url":"https:\/\/hd-multimedia.com\/","name":"hd-multimedia","description":"","publisher":{"@id":"https:\/\/hd-multimedia.com\/#organization"},"potentialAction":[{"@type":"SearchAction","target":{"@type":"EntryPoint","urlTemplate":"https:\/\/hd-multimedia.com\/?s={search_term_string}"},"query-input":"required name=search_term_string"}],"inLanguage":"en-GB"},{"@type":"Organization","@id":"https:\/\/hd-multimedia.com\/#organization","name":"hd-multimedia","url":"https:\/\/hd-multimedia.com\/","logo":{"@type":"ImageObject","inLanguage":"en-GB","@id":"https:\/\/hd-multimedia.com\/#\/schema\/logo\/image\/","url":"https:\/\/hd-multimedia.com\/hdm_media\/HD-curves-ok-196-56px-alpha-1.png","contentUrl":"https:\/\/hd-multimedia.com\/hdm_media\/HD-curves-ok-196-56px-alpha-1.png","width":196,"height":53,"caption":"hd-multimedia"},"image":{"@id":"https:\/\/hd-multimedia.com\/#\/schema\/logo\/image\/"}}]}},"post_mailing_queue_ids":[],"_links":{"self":[{"href":"https:\/\/hd-multimedia.com\/en\/wp-json\/wp\/v2\/product\/2841","targetHints":{"allow":["GET"]}}],"collection":[{"href":"https:\/\/hd-multimedia.com\/en\/wp-json\/wp\/v2\/product"}],"about":[{"href":"https:\/\/hd-multimedia.com\/en\/wp-json\/wp\/v2\/types\/product"}],"version-history":[{"count":10,"href":"https:\/\/hd-multimedia.com\/en\/wp-json\/wp\/v2\/product\/2841\/revisions"}],"predecessor-version":[{"id":18126,"href":"https:\/\/hd-multimedia.com\/en\/wp-json\/wp\/v2\/product\/2841\/revisions\/18126"}],"wp:featuredmedia":[{"embeddable":true,"href":"https:\/\/hd-multimedia.com\/en\/wp-json\/wp\/v2\/media\/2871"}],"wp:attachment":[{"href":"https:\/\/hd-multimedia.com\/en\/wp-json\/wp\/v2\/media?parent=2841"}],"curies":[{"name":"wp","href":"https:\/\/api.w.org\/{rel}","templated":true}]}}