{"id":2387,"date":"2019-11-25T11:12:13","date_gmt":"2019-11-25T11:12:13","guid":{"rendered":"https:\/\/hd-multimedia.com\/trgovina\/edifier-p17\/"},"modified":"2026-03-24T09:16:57","modified_gmt":"2026-03-24T09:16:57","slug":"edifier-p17-male-pasivne-zvucne-kutije","status":"publish","type":"product","link":"https:\/\/hd-multimedia.com\/en\/trgovina\/edifier-p17-male-pasivne-zvucne-kutije\/","title":{"rendered":"Edifier P17"},"content":{"rendered":"<p>Passive bookshelf speakers<\/p>\n<p>Designed for use as front main or surround speakers (receiver or amplifier required)<\/p>\n<p>The \u00be-inch (19 mm) silk dome tweeter provides precise high-frequency response<\/p>\n<p>4-inch (116 mm) Nomex diaphragm provides optimal transient response<\/p>\n<p>Drive units \u2013 4\u2033 \/ 116 mm (bass) + \u03c619 mm silk film (treble)<\/p>\n<p>Frequency response \u2013 50Hz \u2013 20kHz<\/p>\n<p>Dimensions \u2013 (W x H x D) 128 mm x 238 mm x 168 mm<\/p>\n<p>Net weight \u2013 6 kg<\/p>\n<p><a href=\"https:\/\/www.edifier.com\/global\/p\/bookshelf-speakers\/p17\" target=\"_blank\" rel=\"noopener\">You can find other information at this link.<\/a><\/p>","protected":false},"excerpt":{"rendered":"<p>Edifier P17 speakers can easily achieve rich and smooth low-frequency sounds. The built-in tweeter and bass drivers are well-designed for various types of music sources. Whether placed on your desk or bookshelf, the passive speakers can easily fit in as a decoration in your room. Moreover, the wall mount in each speaker offers you a home theater feeling. An amplifier such as the Topping MX5 is required to use these speakers.<\/p>\n<p><a href=\"https:\/\/hd-multimedia.com\/en\/trgovina\/komplet-hifi-sustav-mx5p17\/\" target=\"_blank\" rel=\"noopener\">These boxes go best with Topping MX5<\/a><\/p>\n<p>&nbsp;<\/p>","protected":false},"featured_media":2392,"template":"","meta":{"site-sidebar-layout":"default","site-content-layout":"default","ast-site-content-layout":"default","site-content-style":"default","site-sidebar-style":"default","ast-global-header-display":"","ast-banner-title-visibility":"","ast-main-header-display":"","ast-hfb-above-header-display":"","ast-hfb-below-header-display":"","ast-hfb-mobile-header-display":"","site-post-title":"","ast-breadcrumbs-content":"","ast-featured-img":"","footer-sml-layout":"","theme-transparent-header-meta":"default","adv-header-id-meta":"","stick-header-meta":"default","header-above-stick-meta":"","header-main-stick-meta":"","header-below-stick-meta":"","astra-migrate-meta-layouts":"set","ast-page-background-enabled":"default","ast-page-background-meta":{"desktop":{"background-color":"","background-image":"","background-repeat":"repeat","background-position":"center center","background-size":"auto","background-attachment":"scroll","background-type":"","background-media":"","overlay-type":"","overlay-color":"","overlay-opacity":"","overlay-gradient":""},"tablet":{"background-color":"","background-image":"","background-repeat":"repeat","background-position":"center center","background-size":"auto","background-attachment":"scroll","background-type":"","background-media":"","overlay-type":"","overlay-color":"","overlay-opacity":"","overlay-gradient":""},"mobile":{"background-color":"","background-image":"","background-repeat":"repeat","background-position":"center center","background-size":"auto","background-attachment":"scroll","background-type":"","background-media":"","overlay-type":"","overlay-color":"","overlay-opacity":"","overlay-gradient":""}},"ast-content-background-meta":{"desktop":{"background-color":"var(--ast-global-color-5)","background-image":"","background-repeat":"repeat","background-position":"center center","background-size":"auto","background-attachment":"scroll","background-type":"","background-media":"","overlay-type":"","overlay-color":"","overlay-opacity":"","overlay-gradient":""},"tablet":{"background-color":"var(--ast-global-color-5)","background-image":"","background-repeat":"repeat","background-position":"center center","background-size":"auto","background-attachment":"scroll","background-type":"","background-media":"","overlay-type":"","overlay-color":"","overlay-opacity":"","overlay-gradient":""},"mobile":{"background-color":"var(--ast-global-color-5)","background-image":"","background-repeat":"repeat","background-position":"center center","background-size":"auto","background-attachment":"scroll","background-type":"","background-media":"","overlay-type":"","overlay-color":"","overlay-opacity":"","overlay-gradient":""}}},"class_list":["post-2387","product","type-product","status-publish","has-post-thumbnail","hentry","product_cat-pasivne-zvucne-kutije","product_cat-edifier","desktop-align-center","tablet-align-center","mobile-align-center","ast-product-gallery-layout-horizontal","ast-magnify-disabled","ast-product-tabs-layout-horizontal"],"yoast_head":"<!-- This site is optimized with the Yoast SEO plugin v21.4 - https:\/\/yoast.com\/wordpress\/plugins\/seo\/ -->\n<title>Edifier P17 - hd-multimedia<\/title>\n<meta name=\"description\" content=\"Male pasivne zvu\u010dne kutije, studijske kvalitete, lagane za pogon. Sastavie kompletan hifi sustav koriste\u0107i Topping MX3 koji uklju\u010duje poja\u010dalo!\" \/>\n<meta name=\"robots\" content=\"index, follow, max-snippet:-1, max-image-preview:large, max-video-preview:-1\" \/>\n<link rel=\"canonical\" href=\"https:\/\/hd-multimedia.com\/en\/trgovina\/edifier-p17-male-pasivne-zvucne-kutije\/\" \/>\n<meta property=\"og:locale\" content=\"en_GB\" \/>\n<meta property=\"og:type\" content=\"article\" \/>\n<meta property=\"og:title\" content=\"Edifier P17 - hd-multimedia\" \/>\n<meta property=\"og:description\" content=\"Male pasivne zvu\u010dne kutije, studijske kvalitete, lagane za pogon. Sastavie kompletan hifi sustav koriste\u0107i Topping MX3 koji uklju\u010duje poja\u010dalo!\" \/>\n<meta property=\"og:url\" content=\"https:\/\/hd-multimedia.com\/en\/trgovina\/edifier-p17-male-pasivne-zvucne-kutije\/\" \/>\n<meta property=\"og:site_name\" content=\"hd-multimedia\" \/>\n<meta property=\"article:modified_time\" content=\"2026-03-24T09:16:57+00:00\" \/>\n<meta property=\"og:image\" content=\"https:\/\/hd-multimedia.com\/hdm_media\/p17-double_b1vlsgh4m-e1574948347651.png\" \/>\n\t<meta property=\"og:image:width\" content=\"900\" \/>\n\t<meta property=\"og:image:height\" content=\"900\" \/>\n\t<meta property=\"og:image:type\" content=\"image\/png\" \/>\n<meta name=\"twitter:card\" content=\"summary_large_image\" \/>\n<meta name=\"twitter:label1\" content=\"Estimated reading time\" \/>\n\t<meta name=\"twitter:data1\" content=\"1 minute\" \/>\n<script type=\"application\/ld+json\" class=\"yoast-schema-graph\">{\"@context\":\"https:\/\/schema.org\",\"@graph\":[{\"@type\":\"WebPage\",\"@id\":\"https:\/\/hd-multimedia.com\/trgovina\/edifier-p17-male-pasivne-zvucne-kutije\/\",\"url\":\"https:\/\/hd-multimedia.com\/trgovina\/edifier-p17-male-pasivne-zvucne-kutije\/\",\"name\":\"Edifier P17 - hd-multimedia\",\"isPartOf\":{\"@id\":\"https:\/\/hd-multimedia.com\/#website\"},\"datePublished\":\"2019-11-25T11:12:13+00:00\",\"dateModified\":\"2026-03-24T09:16:57+00:00\",\"description\":\"Male pasivne zvu\u010dne kutije, studijske kvalitete, lagane za pogon. Sastavie kompletan hifi sustav koriste\u0107i Topping MX3 koji uklju\u010duje poja\u010dalo!\",\"breadcrumb\":{\"@id\":\"https:\/\/hd-multimedia.com\/trgovina\/edifier-p17-male-pasivne-zvucne-kutije\/#breadcrumb\"},\"inLanguage\":\"en-GB\",\"potentialAction\":[{\"@type\":\"ReadAction\",\"target\":[\"https:\/\/hd-multimedia.com\/trgovina\/edifier-p17-male-pasivne-zvucne-kutije\/\"]}]},{\"@type\":\"BreadcrumbList\",\"@id\":\"https:\/\/hd-multimedia.com\/trgovina\/edifier-p17-male-pasivne-zvucne-kutije\/#breadcrumb\",\"itemListElement\":[{\"@type\":\"ListItem\",\"position\":1,\"name\":\"Po\u010detna stranica\",\"item\":\"https:\/\/hd-multimedia.com\/\"},{\"@type\":\"ListItem\",\"position\":2,\"name\":\"Trgovina\",\"item\":\"https:\/\/hd-multimedia.com\/trgovina\/\"},{\"@type\":\"ListItem\",\"position\":3,\"name\":\"Edifier P17\"}]},{\"@type\":\"WebSite\",\"@id\":\"https:\/\/hd-multimedia.com\/#website\",\"url\":\"https:\/\/hd-multimedia.com\/\",\"name\":\"hd-multimedia\",\"description\":\"\",\"publisher\":{\"@id\":\"https:\/\/hd-multimedia.com\/#organization\"},\"potentialAction\":[{\"@type\":\"SearchAction\",\"target\":{\"@type\":\"EntryPoint\",\"urlTemplate\":\"https:\/\/hd-multimedia.com\/?s={search_term_string}\"},\"query-input\":\"required name=search_term_string\"}],\"inLanguage\":\"en-GB\"},{\"@type\":\"Organization\",\"@id\":\"https:\/\/hd-multimedia.com\/#organization\",\"name\":\"hd-multimedia\",\"url\":\"https:\/\/hd-multimedia.com\/\",\"logo\":{\"@type\":\"ImageObject\",\"inLanguage\":\"en-GB\",\"@id\":\"https:\/\/hd-multimedia.com\/#\/schema\/logo\/image\/\",\"url\":\"https:\/\/hd-multimedia.com\/hdm_media\/HD-curves-ok-196-56px-alpha-1.png\",\"contentUrl\":\"https:\/\/hd-multimedia.com\/hdm_media\/HD-curves-ok-196-56px-alpha-1.png\",\"width\":196,\"height\":53,\"caption\":\"hd-multimedia\"},\"image\":{\"@id\":\"https:\/\/hd-multimedia.com\/#\/schema\/logo\/image\/\"}}]}<\/script>\n<!-- \/ Yoast SEO plugin. -->","yoast_head_json":{"title":"Edifier P17 - hd-multimedia","description":"Male pasivne zvu\u010dne kutije, studijske kvalitete, lagane za pogon. Sastavie kompletan hifi sustav koriste\u0107i Topping MX3 koji uklju\u010duje poja\u010dalo!","robots":{"index":"index","follow":"follow","max-snippet":"max-snippet:-1","max-image-preview":"max-image-preview:large","max-video-preview":"max-video-preview:-1"},"canonical":"https:\/\/hd-multimedia.com\/en\/trgovina\/edifier-p17-male-pasivne-zvucne-kutije\/","og_locale":"en_GB","og_type":"article","og_title":"Edifier P17 - hd-multimedia","og_description":"Male pasivne zvu\u010dne kutije, studijske kvalitete, lagane za pogon. Sastavie kompletan hifi sustav koriste\u0107i Topping MX3 koji uklju\u010duje poja\u010dalo!","og_url":"https:\/\/hd-multimedia.com\/en\/trgovina\/edifier-p17-male-pasivne-zvucne-kutije\/","og_site_name":"hd-multimedia","article_modified_time":"2026-03-24T09:16:57+00:00","og_image":[{"width":900,"height":900,"url":"https:\/\/hd-multimedia.com\/hdm_media\/p17-double_b1vlsgh4m-e1574948347651.png","type":"image\/png"}],"twitter_card":"summary_large_image","twitter_misc":{"Estimated reading time":"1 minute"},"schema":{"@context":"https:\/\/schema.org","@graph":[{"@type":"WebPage","@id":"https:\/\/hd-multimedia.com\/trgovina\/edifier-p17-male-pasivne-zvucne-kutije\/","url":"https:\/\/hd-multimedia.com\/trgovina\/edifier-p17-male-pasivne-zvucne-kutije\/","name":"Edifier P17 - hd-multimedia","isPartOf":{"@id":"https:\/\/hd-multimedia.com\/#website"},"datePublished":"2019-11-25T11:12:13+00:00","dateModified":"2026-03-24T09:16:57+00:00","description":"Male pasivne zvu\u010dne kutije, studijske kvalitete, lagane za pogon. Sastavie kompletan hifi sustav koriste\u0107i Topping MX3 koji uklju\u010duje poja\u010dalo!","breadcrumb":{"@id":"https:\/\/hd-multimedia.com\/trgovina\/edifier-p17-male-pasivne-zvucne-kutije\/#breadcrumb"},"inLanguage":"en-GB","potentialAction":[{"@type":"ReadAction","target":["https:\/\/hd-multimedia.com\/trgovina\/edifier-p17-male-pasivne-zvucne-kutije\/"]}]},{"@type":"BreadcrumbList","@id":"https:\/\/hd-multimedia.com\/trgovina\/edifier-p17-male-pasivne-zvucne-kutije\/#breadcrumb","itemListElement":[{"@type":"ListItem","position":1,"name":"Po\u010detna stranica","item":"https:\/\/hd-multimedia.com\/"},{"@type":"ListItem","position":2,"name":"Trgovina","item":"https:\/\/hd-multimedia.com\/trgovina\/"},{"@type":"ListItem","position":3,"name":"Edifier P17"}]},{"@type":"WebSite","@id":"https:\/\/hd-multimedia.com\/#website","url":"https:\/\/hd-multimedia.com\/","name":"hd-multimedia","description":"","publisher":{"@id":"https:\/\/hd-multimedia.com\/#organization"},"potentialAction":[{"@type":"SearchAction","target":{"@type":"EntryPoint","urlTemplate":"https:\/\/hd-multimedia.com\/?s={search_term_string}"},"query-input":"required name=search_term_string"}],"inLanguage":"en-GB"},{"@type":"Organization","@id":"https:\/\/hd-multimedia.com\/#organization","name":"hd-multimedia","url":"https:\/\/hd-multimedia.com\/","logo":{"@type":"ImageObject","inLanguage":"en-GB","@id":"https:\/\/hd-multimedia.com\/#\/schema\/logo\/image\/","url":"https:\/\/hd-multimedia.com\/hdm_media\/HD-curves-ok-196-56px-alpha-1.png","contentUrl":"https:\/\/hd-multimedia.com\/hdm_media\/HD-curves-ok-196-56px-alpha-1.png","width":196,"height":53,"caption":"hd-multimedia"},"image":{"@id":"https:\/\/hd-multimedia.com\/#\/schema\/logo\/image\/"}}]}},"post_mailing_queue_ids":[],"_links":{"self":[{"href":"https:\/\/hd-multimedia.com\/en\/wp-json\/wp\/v2\/product\/2387","targetHints":{"allow":["GET"]}}],"collection":[{"href":"https:\/\/hd-multimedia.com\/en\/wp-json\/wp\/v2\/product"}],"about":[{"href":"https:\/\/hd-multimedia.com\/en\/wp-json\/wp\/v2\/types\/product"}],"version-history":[{"count":8,"href":"https:\/\/hd-multimedia.com\/en\/wp-json\/wp\/v2\/product\/2387\/revisions"}],"predecessor-version":[{"id":17276,"href":"https:\/\/hd-multimedia.com\/en\/wp-json\/wp\/v2\/product\/2387\/revisions\/17276"}],"wp:featuredmedia":[{"embeddable":true,"href":"https:\/\/hd-multimedia.com\/en\/wp-json\/wp\/v2\/media\/2392"}],"wp:attachment":[{"href":"https:\/\/hd-multimedia.com\/en\/wp-json\/wp\/v2\/media?parent=2387"}],"curies":[{"name":"wp","href":"https:\/\/api.w.org\/{rel}","templated":true}]}}