{"id":19664,"date":"2026-05-12T13:10:57","date_gmt":"2026-05-12T13:10:57","guid":{"rendered":"https:\/\/hd-multimedia.com\/?post_type=product&#038;p=19664"},"modified":"2026-05-12T13:10:57","modified_gmt":"2026-05-12T13:10:57","slug":"elac-nava100","status":"publish","type":"product","link":"https:\/\/hd-multimedia.com\/en\/trgovina\/elac-nava100\/","title":{"rendered":"Elac NAVA100"},"content":{"rendered":"<p>DUAL PLAY STEREO ZVUK<br \/>\nBe\u017ei\u010dno uparite dva NAVA100 zvu\u010dnika za prostranu stereo reprodukciju. Dual Play tehnologija automatski sinkronizira lijevi i desni kanal, stvaraju\u0107i \u0161iru zvu\u010dnu pozornicu i dublje uranjanje &#8211; bez potrebe za kabelima.<\/p>\n<p>STVOREN ZA SVAKODNEVNU AVANTURU<br \/>\nS dimenzijama od samo 150 \u00d7 78 \u00d7 128 mm, kompaktni oblik NAVA100 skriva iznimnu snagu. Njegove profinjene zavr\u0161ne obrade &#8211; Classic ELAC Black i Adsum \u00d7 ELAC Cream Edition &#8211; kombiniraju izdr\u017eljivost sa sofisticiranim dizajnom. Gdje god da krenete, NAVA100 pru\u017ea performanse koje izgledaju jednako dobro kao \u0161to i zvu\u010de.<\/p>\n<p>\u010cvrsta aluminijska konstrukcija \u2014 bez plasti\u010dne ljuske<\/p>\n<p><strong>Specifications:<\/strong><\/p>\n<p>Bluetooth verzija 5.3<br \/>\nAcoustis: 3.0<br \/>\nImpedancija: 8 ohma<br \/>\nSPL: 85dB\/W\/1m<br \/>\nRMS: @THD 1% 10W RMS<br \/>\nFrekvencijski odziv: 55Hz~19.6KHz\uff08-10dB\uff09<br \/>\nSNR: 82dB<br \/>\nTHD &lt;1%<br \/>\nNapajanje: 7.4V 2&#215;18650 2500mAh<br \/>\nLED indikatori Punjenje i napajanje\/BT LED<br \/>\nTipke TWS\/Reprodukcija\/Vol-\/Vol+\/Napajanje<br \/>\nDimenzije D150*\u016078*V128mm<br \/>\nMaterijal re\u0161etke, gornjeg i donjeg dijela Aluminij<\/p>","protected":false},"excerpt":{"rendered":"<p>ELAC NAVA100 je prijenosni Bluetooth zvu\u010dnik dizajniran da se uklopi. S naprednim dizajnom, pode\u0161en za detaljan, uravnote\u017een zvuk s iznena\u0111uju\u0107om dubinom za svoju veli\u010dinu. ELAC NAVA100 redefinira prijenosni zvuk preciznim in\u017eenjeringom i bezvremenskim dizajnom. Kompaktan, ali sna\u017ean, pru\u017ea punu dubinu ELAC-ove 100-godi\u0161nje akusti\u010dne ba\u0161tine u obliku stvorenom za kretanje. S 3-in\u010dnim zvu\u010dnikom punog raspona s dvostrukim pasivnim radijatorima, Bluetooth 5.3 povezivo\u0161\u0107u i Dual Play stereo uparivanjem, NAVA100 nudi impresivan zvuk koji ispunjava gdje god vas \u017eivot odvede.<\/p>\n<p>NAVA100 utjelovljuje ELAC-ov duh kretanja, istra\u017eivanja i slobode. S do 15 sati trajanja baterije i izdr\u017eljivim aluminijskim ku\u0107i\u0161tem, dizajniran je za one koji \u017eive \u017eivot u ritmu. Od vo\u017enji u zoru do ve\u010dernjih okupljanja, va\u0161a glazba putuje s vama bez napora.<\/p>\n<p><a href=\"https:\/\/elac.com\/nava100-bk\" target=\"_blank\" rel=\"noopener\">Link for additional product information!<\/a><\/p>","protected":false},"featured_media":19667,"template":"","meta":{"site-sidebar-layout":"default","site-content-layout":"","ast-site-content-layout":"default","site-content-style":"default","site-sidebar-style":"default","ast-global-header-display":"","ast-banner-title-visibility":"","ast-main-header-display":"","ast-hfb-above-header-display":"","ast-hfb-below-header-display":"","ast-hfb-mobile-header-display":"","site-post-title":"","ast-breadcrumbs-content":"","ast-featured-img":"","footer-sml-layout":"","theme-transparent-header-meta":"default","adv-header-id-meta":"","stick-header-meta":"default","header-above-stick-meta":"","header-main-stick-meta":"","header-below-stick-meta":"","astra-migrate-meta-layouts":"set","ast-page-background-enabled":"default","ast-page-background-meta":{"desktop":{"background-color":"","background-image":"","background-repeat":"repeat","background-position":"center center","background-size":"auto","background-attachment":"scroll","background-type":"","background-media":"","overlay-type":"","overlay-color":"","overlay-opacity":"","overlay-gradient":""},"tablet":{"background-color":"","background-image":"","background-repeat":"repeat","background-position":"center center","background-size":"auto","background-attachment":"scroll","background-type":"","background-media":"","overlay-type":"","overlay-color":"","overlay-opacity":"","overlay-gradient":""},"mobile":{"background-color":"","background-image":"","background-repeat":"repeat","background-position":"center center","background-size":"auto","background-attachment":"scroll","background-type":"","background-media":"","overlay-type":"","overlay-color":"","overlay-opacity":"","overlay-gradient":""}},"ast-content-background-meta":{"desktop":{"background-color":"var(--ast-global-color-5)","background-image":"","background-repeat":"repeat","background-position":"center center","background-size":"auto","background-attachment":"scroll","background-type":"","background-media":"","overlay-type":"","overlay-color":"","overlay-opacity":"","overlay-gradient":""},"tablet":{"background-color":"var(--ast-global-color-5)","background-image":"","background-repeat":"repeat","background-position":"center center","background-size":"auto","background-attachment":"scroll","background-type":"","background-media":"","overlay-type":"","overlay-color":"","overlay-opacity":"","overlay-gradient":""},"mobile":{"background-color":"var(--ast-global-color-5)","background-image":"","background-repeat":"repeat","background-position":"center center","background-size":"auto","background-attachment":"scroll","background-type":"","background-media":"","overlay-type":"","overlay-color":"","overlay-opacity":"","overlay-gradient":""}}},"class_list":["post-19664","product","type-product","status-publish","has-post-thumbnail","hentry","product_cat-mobilni-zvucnici","product_cat-aktivne-zvucne-kutije","product_cat-elac","product_tag-novo-u-ponudi","desktop-align-center","tablet-align-center","mobile-align-center","ast-product-gallery-layout-horizontal","ast-magnify-disabled","ast-product-single-variable","ast-product-tabs-layout-horizontal"],"yoast_head":"<!-- This site is optimized with the Yoast SEO plugin v27.5 - https:\/\/yoast.com\/product\/yoast-seo-wordpress\/ -->\n<title>Elac NAVA100 - hd-multimedia<\/title>\n<meta name=\"description\" content=\"ELAC NAVA100 je prijenosni Bluetooth zvu\u010dnik dizajniran da se uklopi. S naprednim dizajnom, pode\u0161en za detaljan, uravnote\u017een zvuk s iznena\u0111uju\u0107om dubinom.\" \/>\n<meta name=\"robots\" content=\"index, follow, max-snippet:-1, max-image-preview:large, max-video-preview:-1\" \/>\n<link rel=\"canonical\" href=\"https:\/\/hd-multimedia.com\/en\/trgovina\/elac-nava100\/\" \/>\n<meta property=\"og:locale\" content=\"en_GB\" \/>\n<meta property=\"og:type\" content=\"article\" \/>\n<meta property=\"og:title\" content=\"Elac NAVA100 - hd-multimedia\" \/>\n<meta property=\"og:description\" content=\"ELAC NAVA100 je prijenosni Bluetooth zvu\u010dnik dizajniran da se uklopi. S naprednim dizajnom, pode\u0161en za detaljan, uravnote\u017een zvuk s iznena\u0111uju\u0107om dubinom.\" \/>\n<meta property=\"og:url\" content=\"https:\/\/hd-multimedia.com\/en\/trgovina\/elac-nava100\/\" \/>\n<meta property=\"og:site_name\" content=\"hd-multimedia\" \/>\n<meta property=\"og:image\" content=\"https:\/\/hd-multimedia.com\/hdm_media\/Elac-NAVA100-a-e1778591246601.webp\" \/>\n\t<meta property=\"og:image:width\" content=\"900\" \/>\n\t<meta property=\"og:image:height\" content=\"900\" \/>\n\t<meta property=\"og:image:type\" content=\"image\/webp\" \/>\n<meta name=\"twitter:card\" content=\"summary_large_image\" \/>\n<meta name=\"twitter:label1\" content=\"Estimated reading time\" \/>\n\t<meta name=\"twitter:data1\" content=\"1 minute\" \/>\n<script type=\"application\/ld+json\" class=\"yoast-schema-graph\">{\"@context\":\"https:\\\/\\\/schema.org\",\"@graph\":[{\"@type\":\"WebPage\",\"@id\":\"https:\\\/\\\/hd-multimedia.com\\\/trgovina\\\/elac-nava100\\\/\",\"url\":\"https:\\\/\\\/hd-multimedia.com\\\/trgovina\\\/elac-nava100\\\/\",\"name\":\"Elac NAVA100 - hd-multimedia\",\"isPartOf\":{\"@id\":\"https:\\\/\\\/hd-multimedia.com\\\/#website\"},\"primaryImageOfPage\":{\"@id\":\"https:\\\/\\\/hd-multimedia.com\\\/trgovina\\\/elac-nava100\\\/#primaryimage\"},\"image\":{\"@id\":\"https:\\\/\\\/hd-multimedia.com\\\/trgovina\\\/elac-nava100\\\/#primaryimage\"},\"thumbnailUrl\":\"https:\\\/\\\/hd-multimedia.com\\\/hdm_media\\\/Elac-NAVA100-a-e1778591246601.webp\",\"datePublished\":\"2026-05-12T13:10:57+00:00\",\"description\":\"ELAC NAVA100 je prijenosni Bluetooth zvu\u010dnik dizajniran da se uklopi. S naprednim dizajnom, pode\u0161en za detaljan, uravnote\u017een zvuk s iznena\u0111uju\u0107om dubinom.\",\"breadcrumb\":{\"@id\":\"https:\\\/\\\/hd-multimedia.com\\\/trgovina\\\/elac-nava100\\\/#breadcrumb\"},\"inLanguage\":\"en-GB\",\"potentialAction\":[{\"@type\":\"ReadAction\",\"target\":[\"https:\\\/\\\/hd-multimedia.com\\\/trgovina\\\/elac-nava100\\\/\"]}]},{\"@type\":\"ImageObject\",\"inLanguage\":\"en-GB\",\"@id\":\"https:\\\/\\\/hd-multimedia.com\\\/trgovina\\\/elac-nava100\\\/#primaryimage\",\"url\":\"https:\\\/\\\/hd-multimedia.com\\\/hdm_media\\\/Elac-NAVA100-a-e1778591246601.webp\",\"contentUrl\":\"https:\\\/\\\/hd-multimedia.com\\\/hdm_media\\\/Elac-NAVA100-a-e1778591246601.webp\",\"width\":900,\"height\":900,\"caption\":\"Elac NAVA100 White\"},{\"@type\":\"BreadcrumbList\",\"@id\":\"https:\\\/\\\/hd-multimedia.com\\\/trgovina\\\/elac-nava100\\\/#breadcrumb\",\"itemListElement\":[{\"@type\":\"ListItem\",\"position\":1,\"name\":\"Po\u010detna stranica\",\"item\":\"https:\\\/\\\/hd-multimedia.com\\\/\"},{\"@type\":\"ListItem\",\"position\":2,\"name\":\"Trgovina\",\"item\":\"https:\\\/\\\/hd-multimedia.com\\\/trgovina\\\/\"},{\"@type\":\"ListItem\",\"position\":3,\"name\":\"Elac NAVA100\"}]},{\"@type\":\"WebSite\",\"@id\":\"https:\\\/\\\/hd-multimedia.com\\\/#website\",\"url\":\"https:\\\/\\\/hd-multimedia.com\\\/\",\"name\":\"hd-multimedia\",\"description\":\"\",\"publisher\":{\"@id\":\"https:\\\/\\\/hd-multimedia.com\\\/#organization\"},\"potentialAction\":[{\"@type\":\"SearchAction\",\"target\":{\"@type\":\"EntryPoint\",\"urlTemplate\":\"https:\\\/\\\/hd-multimedia.com\\\/?s={search_term_string}\"},\"query-input\":{\"@type\":\"PropertyValueSpecification\",\"valueRequired\":true,\"valueName\":\"search_term_string\"}}],\"inLanguage\":\"en-GB\"},{\"@type\":\"Organization\",\"@id\":\"https:\\\/\\\/hd-multimedia.com\\\/#organization\",\"name\":\"hd-multimedia\",\"url\":\"https:\\\/\\\/hd-multimedia.com\\\/\",\"logo\":{\"@type\":\"ImageObject\",\"inLanguage\":\"en-GB\",\"@id\":\"https:\\\/\\\/hd-multimedia.com\\\/#\\\/schema\\\/logo\\\/image\\\/\",\"url\":\"https:\\\/\\\/hd-multimedia.com\\\/hdm_media\\\/HD-curves-ok-196-56px-alpha-1.png\",\"contentUrl\":\"https:\\\/\\\/hd-multimedia.com\\\/hdm_media\\\/HD-curves-ok-196-56px-alpha-1.png\",\"width\":196,\"height\":53,\"caption\":\"hd-multimedia\"},\"image\":{\"@id\":\"https:\\\/\\\/hd-multimedia.com\\\/#\\\/schema\\\/logo\\\/image\\\/\"}}]}<\/script>\n<!-- \/ Yoast SEO plugin. -->","yoast_head_json":{"title":"Elac NAVA100 - hd-multimedia","description":"ELAC NAVA100 je prijenosni Bluetooth zvu\u010dnik dizajniran da se uklopi. S naprednim dizajnom, pode\u0161en za detaljan, uravnote\u017een zvuk s iznena\u0111uju\u0107om dubinom.","robots":{"index":"index","follow":"follow","max-snippet":"max-snippet:-1","max-image-preview":"max-image-preview:large","max-video-preview":"max-video-preview:-1"},"canonical":"https:\/\/hd-multimedia.com\/en\/trgovina\/elac-nava100\/","og_locale":"en_GB","og_type":"article","og_title":"Elac NAVA100 - hd-multimedia","og_description":"ELAC NAVA100 je prijenosni Bluetooth zvu\u010dnik dizajniran da se uklopi. S naprednim dizajnom, pode\u0161en za detaljan, uravnote\u017een zvuk s iznena\u0111uju\u0107om dubinom.","og_url":"https:\/\/hd-multimedia.com\/en\/trgovina\/elac-nava100\/","og_site_name":"hd-multimedia","og_image":[{"width":900,"height":900,"url":"https:\/\/hd-multimedia.com\/hdm_media\/Elac-NAVA100-a-e1778591246601.webp","type":"image\/webp"}],"twitter_card":"summary_large_image","twitter_misc":{"Estimated reading time":"1 minute"},"schema":{"@context":"https:\/\/schema.org","@graph":[{"@type":"WebPage","@id":"https:\/\/hd-multimedia.com\/trgovina\/elac-nava100\/","url":"https:\/\/hd-multimedia.com\/trgovina\/elac-nava100\/","name":"Elac NAVA100 - hd-multimedia","isPartOf":{"@id":"https:\/\/hd-multimedia.com\/#website"},"primaryImageOfPage":{"@id":"https:\/\/hd-multimedia.com\/trgovina\/elac-nava100\/#primaryimage"},"image":{"@id":"https:\/\/hd-multimedia.com\/trgovina\/elac-nava100\/#primaryimage"},"thumbnailUrl":"https:\/\/hd-multimedia.com\/hdm_media\/Elac-NAVA100-a-e1778591246601.webp","datePublished":"2026-05-12T13:10:57+00:00","description":"ELAC NAVA100 je prijenosni Bluetooth zvu\u010dnik dizajniran da se uklopi. S naprednim dizajnom, pode\u0161en za detaljan, uravnote\u017een zvuk s iznena\u0111uju\u0107om dubinom.","breadcrumb":{"@id":"https:\/\/hd-multimedia.com\/trgovina\/elac-nava100\/#breadcrumb"},"inLanguage":"en-GB","potentialAction":[{"@type":"ReadAction","target":["https:\/\/hd-multimedia.com\/trgovina\/elac-nava100\/"]}]},{"@type":"ImageObject","inLanguage":"en-GB","@id":"https:\/\/hd-multimedia.com\/trgovina\/elac-nava100\/#primaryimage","url":"https:\/\/hd-multimedia.com\/hdm_media\/Elac-NAVA100-a-e1778591246601.webp","contentUrl":"https:\/\/hd-multimedia.com\/hdm_media\/Elac-NAVA100-a-e1778591246601.webp","width":900,"height":900,"caption":"Elac NAVA100 White"},{"@type":"BreadcrumbList","@id":"https:\/\/hd-multimedia.com\/trgovina\/elac-nava100\/#breadcrumb","itemListElement":[{"@type":"ListItem","position":1,"name":"Po\u010detna stranica","item":"https:\/\/hd-multimedia.com\/"},{"@type":"ListItem","position":2,"name":"Trgovina","item":"https:\/\/hd-multimedia.com\/trgovina\/"},{"@type":"ListItem","position":3,"name":"Elac NAVA100"}]},{"@type":"WebSite","@id":"https:\/\/hd-multimedia.com\/#website","url":"https:\/\/hd-multimedia.com\/","name":"hd multimedia","description":"","publisher":{"@id":"https:\/\/hd-multimedia.com\/#organization"},"potentialAction":[{"@type":"SearchAction","target":{"@type":"EntryPoint","urlTemplate":"https:\/\/hd-multimedia.com\/?s={search_term_string}"},"query-input":{"@type":"PropertyValueSpecification","valueRequired":true,"valueName":"search_term_string"}}],"inLanguage":"en-GB"},{"@type":"Organization","@id":"https:\/\/hd-multimedia.com\/#organization","name":"hd multimedia","url":"https:\/\/hd-multimedia.com\/","logo":{"@type":"ImageObject","inLanguage":"en-GB","@id":"https:\/\/hd-multimedia.com\/#\/schema\/logo\/image\/","url":"https:\/\/hd-multimedia.com\/hdm_media\/HD-curves-ok-196-56px-alpha-1.png","contentUrl":"https:\/\/hd-multimedia.com\/hdm_media\/HD-curves-ok-196-56px-alpha-1.png","width":196,"height":53,"caption":"hd-multimedia"},"image":{"@id":"https:\/\/hd-multimedia.com\/#\/schema\/logo\/image\/"}}]}},"post_mailing_queue_ids":[],"_links":{"self":[{"href":"https:\/\/hd-multimedia.com\/en\/wp-json\/wp\/v2\/product\/19664","targetHints":{"allow":["GET"]}}],"collection":[{"href":"https:\/\/hd-multimedia.com\/en\/wp-json\/wp\/v2\/product"}],"about":[{"href":"https:\/\/hd-multimedia.com\/en\/wp-json\/wp\/v2\/types\/product"}],"version-history":[{"count":1,"href":"https:\/\/hd-multimedia.com\/en\/wp-json\/wp\/v2\/product\/19664\/revisions"}],"predecessor-version":[{"id":19672,"href":"https:\/\/hd-multimedia.com\/en\/wp-json\/wp\/v2\/product\/19664\/revisions\/19672"}],"wp:featuredmedia":[{"embeddable":true,"href":"https:\/\/hd-multimedia.com\/en\/wp-json\/wp\/v2\/media\/19667"}],"wp:attachment":[{"href":"https:\/\/hd-multimedia.com\/en\/wp-json\/wp\/v2\/media?parent=19664"}],"curies":[{"name":"wp","href":"https:\/\/api.w.org\/{rel}","templated":true}]}}