{"id":19656,"date":"2026-05-12T11:59:34","date_gmt":"2026-05-12T11:59:34","guid":{"rendered":"https:\/\/hd-multimedia.com\/?post_type=product&#038;p=19656"},"modified":"2026-05-12T11:59:35","modified_gmt":"2026-05-12T11:59:35","slug":"fiio-darkside-pro","status":"publish","type":"product","link":"https:\/\/hd-multimedia.com\/en\/trgovina\/fiio-darkside-pro\/","title":{"rendered":"FiiO DARKSIDE PRO"},"content":{"rendered":"<p><strong>FiiO DARKSIDE PRO Specifikacije:<\/strong><\/p>\n<p>Boja Crna \/ Srebrna<br \/>\nDimenzije 188 \u00d7 188 \u00d7 42,3 mm<br \/>\nTe\u017eina cca. 2200 g<br \/>\nTransformator: Toroidni transformator audiofilske kvalitete od 75 W<br \/>\nJezgra transformatora: Okrugla jezgra od silicijskog \u010delika orijentiranog zrna<br \/>\nIspravlja\u010d: Japanski Shindengen D15XB60 mostni ispravlja\u010d<br \/>\nSklop regulatora napona: Potpuno diskretni NMOS, dvostruki IRFZ34NPBF MOSFET-i u paralelnom spoju<br \/>\nKondenzatori: 5\u00d7 ELNA + 7\u00d7 Rubycon filter + 2\u00d7 WIMA filmski kondenzatori<br \/>\nUnutarnje o\u017ei\u010denje istosmjerne struje: Monokristalni posrebreni bakreni DC kabel<br \/>\nUlazni napon izmjeni\u010dne struje: 220\u2013240 V~ \/ 100\u2013120 V~, 50\/60 Hz<br \/>\nIzlazni napon istosmjerne struje: 12 V \/ 15 V (s relejnim preklapanjem)<br \/>\nIzlazna struja istosmjerne struje: 0\u20133 A<br \/>\nIzlazni \u0161um (12 V, A-ponderirano) Vrms \u226417 \u03bcV<br \/>\nIzlazni \u0161um (15 V, A-ponderirano) Vrms \u226430 \u03bcV<br \/>\nSu\u010delje za izlaz istosmjerne struje: GX16-2 zrakoplovna uti\u010dnica<br \/>\nIntegrirano prebacivanje napona Prebacivanje napona transformatora kontrolirano relejem<br \/>\nPrecizni potenciometar za fino pode\u0161avanje napona (Baoter 3296)<br \/>\nZa\u0161tita od prekomjerne struje Samoresetiraju\u0107i osigura\u010d<br \/>\n\u0160asija Te\u0161ko ku\u0107i\u0161te od aluminijske legure<br \/>\nKompatibilni ure\u0111aji FiiO K11, K11 R2R, K13 R2R, K15, K19, R9, R7, TT13, K5 Pro, serija K7, Q7 i svi prijenosni FiiO playeri s napajanjem tipa C*<br \/>\nU kutiji DARKSIDE PRO \u00d7 1, DC kabel za napajanje \u00d7 1, AC kabel za napajanje \u00d7 1, Rezervni osigura\u010d \u00d7 1, Kratki vodi\u010d<\/p>\n<p><a href=\"https:\/\/www.fiio.com\/DARKSIDEPRO_parameters\" target=\"_blank\" rel=\"noopener\">Detailed specifications!<\/a><\/p>","protected":false},"excerpt":{"rendered":"<p>FiiO DARKSIDE PRO je audiofilsko linearno napajanje s niskim \u0161umom, regulirano 75W toroidnim transformatorom, dvostrukim naponskim izlazom 12V\/15V i visokom strujom od 3A. Ima potpuno diskretni NMOS regulator napona, ultra nisku izlaznu buku \u226417\u03bcV Vrms (12V), vrhunske ELNA, Rubycon i WIMA kondenzatore te monokristalne posrebrene bakrene \u017eice. Izgra\u0111eno u minimalisti\u010dkom aluminijskom ku\u0107i\u0161tu s automatskim resetiranjem prekostrujne za\u0161tite. Kompatibilno s FiiO K11, K13 R2R, K15, K19, R9, R7, TT13, K7, K5 Pro, Q7 i drugima.<\/p>\n<p><a href=\"https:\/\/www.fiio.com\/DARKSIDEPRO\" target=\"_blank\" rel=\"noopener\">Link for additional product information!<\/a><\/p>","protected":false},"featured_media":19661,"template":"","meta":{"site-sidebar-layout":"default","site-content-layout":"","ast-site-content-layout":"default","site-content-style":"default","site-sidebar-style":"default","ast-global-header-display":"","ast-banner-title-visibility":"","ast-main-header-display":"","ast-hfb-above-header-display":"","ast-hfb-below-header-display":"","ast-hfb-mobile-header-display":"","site-post-title":"","ast-breadcrumbs-content":"","ast-featured-img":"","footer-sml-layout":"","theme-transparent-header-meta":"default","adv-header-id-meta":"","stick-header-meta":"default","header-above-stick-meta":"","header-main-stick-meta":"","header-below-stick-meta":"","astra-migrate-meta-layouts":"set","ast-page-background-enabled":"default","ast-page-background-meta":{"desktop":{"background-color":"","background-image":"","background-repeat":"repeat","background-position":"center center","background-size":"auto","background-attachment":"scroll","background-type":"","background-media":"","overlay-type":"","overlay-color":"","overlay-opacity":"","overlay-gradient":""},"tablet":{"background-color":"","background-image":"","background-repeat":"repeat","background-position":"center center","background-size":"auto","background-attachment":"scroll","background-type":"","background-media":"","overlay-type":"","overlay-color":"","overlay-opacity":"","overlay-gradient":""},"mobile":{"background-color":"","background-image":"","background-repeat":"repeat","background-position":"center center","background-size":"auto","background-attachment":"scroll","background-type":"","background-media":"","overlay-type":"","overlay-color":"","overlay-opacity":"","overlay-gradient":""}},"ast-content-background-meta":{"desktop":{"background-color":"var(--ast-global-color-5)","background-image":"","background-repeat":"repeat","background-position":"center center","background-size":"auto","background-attachment":"scroll","background-type":"","background-media":"","overlay-type":"","overlay-color":"","overlay-opacity":"","overlay-gradient":""},"tablet":{"background-color":"var(--ast-global-color-5)","background-image":"","background-repeat":"repeat","background-position":"center center","background-size":"auto","background-attachment":"scroll","background-type":"","background-media":"","overlay-type":"","overlay-color":"","overlay-opacity":"","overlay-gradient":""},"mobile":{"background-color":"var(--ast-global-color-5)","background-image":"","background-repeat":"repeat","background-position":"center center","background-size":"auto","background-attachment":"scroll","background-type":"","background-media":"","overlay-type":"","overlay-color":"","overlay-opacity":"","overlay-gradient":""}}},"class_list":["post-19656","product","type-product","status-publish","has-post-thumbnail","hentry","product_cat-computer-audio","product_cat-fiio","product_tag-novo-u-ponudi","desktop-align-center","tablet-align-center","mobile-align-center","ast-product-gallery-layout-horizontal","ast-magnify-disabled","ast-product-single-variable","ast-product-tabs-layout-horizontal"],"yoast_head":"<!-- This site is optimized with the Yoast SEO plugin v27.5 - https:\/\/yoast.com\/product\/yoast-seo-wordpress\/ -->\n<title>FiiO DARKSIDE PRO - hd-multimedia<\/title>\n<meta name=\"description\" content=\"FiiO DARKSIDE PRO je audiofilsko linearno napajanje s niskim \u0161umom, regulirano 75W toroidnim transformatorom, dvostrukim naponskim izlazom 12V\/15V.\" \/>\n<meta name=\"robots\" content=\"index, follow, max-snippet:-1, max-image-preview:large, max-video-preview:-1\" \/>\n<link rel=\"canonical\" href=\"https:\/\/hd-multimedia.com\/en\/trgovina\/fiio-darkside-pro\/\" \/>\n<meta property=\"og:locale\" content=\"en_GB\" \/>\n<meta property=\"og:type\" content=\"article\" \/>\n<meta property=\"og:title\" content=\"FiiO DARKSIDE PRO - hd-multimedia\" \/>\n<meta property=\"og:description\" content=\"FiiO DARKSIDE PRO je audiofilsko linearno napajanje s niskim \u0161umom, regulirano 75W toroidnim transformatorom, dvostrukim naponskim izlazom 12V\/15V.\" \/>\n<meta property=\"og:url\" content=\"https:\/\/hd-multimedia.com\/en\/trgovina\/fiio-darkside-pro\/\" \/>\n<meta property=\"og:site_name\" content=\"hd-multimedia\" \/>\n<meta property=\"article:modified_time\" content=\"2026-05-12T11:59:35+00:00\" \/>\n<meta property=\"og:image\" content=\"https:\/\/hd-multimedia.com\/hdm_media\/FiiO-DARKSIDE-PRO-Silver-b-scaled.jpg\" \/>\n\t<meta property=\"og:image:width\" content=\"2560\" \/>\n\t<meta property=\"og:image:height\" content=\"2560\" \/>\n\t<meta property=\"og:image:type\" content=\"image\/jpeg\" \/>\n<meta name=\"twitter:card\" content=\"summary_large_image\" \/>\n<meta name=\"twitter:label1\" content=\"Estimated reading time\" \/>\n\t<meta name=\"twitter:data1\" content=\"2 minutes\" \/>\n<script type=\"application\/ld+json\" class=\"yoast-schema-graph\">{\"@context\":\"https:\\\/\\\/schema.org\",\"@graph\":[{\"@type\":\"WebPage\",\"@id\":\"https:\\\/\\\/hd-multimedia.com\\\/trgovina\\\/fiio-darkside-pro\\\/\",\"url\":\"https:\\\/\\\/hd-multimedia.com\\\/trgovina\\\/fiio-darkside-pro\\\/\",\"name\":\"FiiO DARKSIDE PRO - hd-multimedia\",\"isPartOf\":{\"@id\":\"https:\\\/\\\/hd-multimedia.com\\\/#website\"},\"primaryImageOfPage\":{\"@id\":\"https:\\\/\\\/hd-multimedia.com\\\/trgovina\\\/fiio-darkside-pro\\\/#primaryimage\"},\"image\":{\"@id\":\"https:\\\/\\\/hd-multimedia.com\\\/trgovina\\\/fiio-darkside-pro\\\/#primaryimage\"},\"thumbnailUrl\":\"https:\\\/\\\/hd-multimedia.com\\\/hdm_media\\\/FiiO-DARKSIDE-PRO-Silver-b-scaled.jpg\",\"datePublished\":\"2026-05-12T11:59:34+00:00\",\"dateModified\":\"2026-05-12T11:59:35+00:00\",\"description\":\"FiiO DARKSIDE PRO je audiofilsko linearno napajanje s niskim \u0161umom, regulirano 75W toroidnim transformatorom, dvostrukim naponskim izlazom 12V\\\/15V.\",\"breadcrumb\":{\"@id\":\"https:\\\/\\\/hd-multimedia.com\\\/trgovina\\\/fiio-darkside-pro\\\/#breadcrumb\"},\"inLanguage\":\"en-GB\",\"potentialAction\":[{\"@type\":\"ReadAction\",\"target\":[\"https:\\\/\\\/hd-multimedia.com\\\/trgovina\\\/fiio-darkside-pro\\\/\"]}]},{\"@type\":\"ImageObject\",\"inLanguage\":\"en-GB\",\"@id\":\"https:\\\/\\\/hd-multimedia.com\\\/trgovina\\\/fiio-darkside-pro\\\/#primaryimage\",\"url\":\"https:\\\/\\\/hd-multimedia.com\\\/hdm_media\\\/FiiO-DARKSIDE-PRO-Silver-b-scaled.jpg\",\"contentUrl\":\"https:\\\/\\\/hd-multimedia.com\\\/hdm_media\\\/FiiO-DARKSIDE-PRO-Silver-b-scaled.jpg\",\"width\":2560,\"height\":2560,\"caption\":\"FiiO DARKSIDE PRO Silver\"},{\"@type\":\"BreadcrumbList\",\"@id\":\"https:\\\/\\\/hd-multimedia.com\\\/trgovina\\\/fiio-darkside-pro\\\/#breadcrumb\",\"itemListElement\":[{\"@type\":\"ListItem\",\"position\":1,\"name\":\"Po\u010detna stranica\",\"item\":\"https:\\\/\\\/hd-multimedia.com\\\/\"},{\"@type\":\"ListItem\",\"position\":2,\"name\":\"Trgovina\",\"item\":\"https:\\\/\\\/hd-multimedia.com\\\/trgovina\\\/\"},{\"@type\":\"ListItem\",\"position\":3,\"name\":\"FiiO DARKSIDE PRO\"}]},{\"@type\":\"WebSite\",\"@id\":\"https:\\\/\\\/hd-multimedia.com\\\/#website\",\"url\":\"https:\\\/\\\/hd-multimedia.com\\\/\",\"name\":\"hd-multimedia\",\"description\":\"\",\"publisher\":{\"@id\":\"https:\\\/\\\/hd-multimedia.com\\\/#organization\"},\"potentialAction\":[{\"@type\":\"SearchAction\",\"target\":{\"@type\":\"EntryPoint\",\"urlTemplate\":\"https:\\\/\\\/hd-multimedia.com\\\/?s={search_term_string}\"},\"query-input\":{\"@type\":\"PropertyValueSpecification\",\"valueRequired\":true,\"valueName\":\"search_term_string\"}}],\"inLanguage\":\"en-GB\"},{\"@type\":\"Organization\",\"@id\":\"https:\\\/\\\/hd-multimedia.com\\\/#organization\",\"name\":\"hd-multimedia\",\"url\":\"https:\\\/\\\/hd-multimedia.com\\\/\",\"logo\":{\"@type\":\"ImageObject\",\"inLanguage\":\"en-GB\",\"@id\":\"https:\\\/\\\/hd-multimedia.com\\\/#\\\/schema\\\/logo\\\/image\\\/\",\"url\":\"https:\\\/\\\/hd-multimedia.com\\\/hdm_media\\\/HD-curves-ok-196-56px-alpha-1.png\",\"contentUrl\":\"https:\\\/\\\/hd-multimedia.com\\\/hdm_media\\\/HD-curves-ok-196-56px-alpha-1.png\",\"width\":196,\"height\":53,\"caption\":\"hd-multimedia\"},\"image\":{\"@id\":\"https:\\\/\\\/hd-multimedia.com\\\/#\\\/schema\\\/logo\\\/image\\\/\"}}]}<\/script>\n<!-- \/ Yoast SEO plugin. -->","yoast_head_json":{"title":"FiiO DARKSIDE PRO - hd-multimedia","description":"FiiO DARKSIDE PRO je audiofilsko linearno napajanje s niskim \u0161umom, regulirano 75W toroidnim transformatorom, dvostrukim naponskim izlazom 12V\/15V.","robots":{"index":"index","follow":"follow","max-snippet":"max-snippet:-1","max-image-preview":"max-image-preview:large","max-video-preview":"max-video-preview:-1"},"canonical":"https:\/\/hd-multimedia.com\/en\/trgovina\/fiio-darkside-pro\/","og_locale":"en_GB","og_type":"article","og_title":"FiiO DARKSIDE PRO - hd-multimedia","og_description":"FiiO DARKSIDE PRO je audiofilsko linearno napajanje s niskim \u0161umom, regulirano 75W toroidnim transformatorom, dvostrukim naponskim izlazom 12V\/15V.","og_url":"https:\/\/hd-multimedia.com\/en\/trgovina\/fiio-darkside-pro\/","og_site_name":"hd-multimedia","article_modified_time":"2026-05-12T11:59:35+00:00","og_image":[{"width":2560,"height":2560,"url":"https:\/\/hd-multimedia.com\/hdm_media\/FiiO-DARKSIDE-PRO-Silver-b-scaled.jpg","type":"image\/jpeg"}],"twitter_card":"summary_large_image","twitter_misc":{"Estimated reading time":"2 minutes"},"schema":{"@context":"https:\/\/schema.org","@graph":[{"@type":"WebPage","@id":"https:\/\/hd-multimedia.com\/trgovina\/fiio-darkside-pro\/","url":"https:\/\/hd-multimedia.com\/trgovina\/fiio-darkside-pro\/","name":"FiiO DARKSIDE PRO - hd-multimedia","isPartOf":{"@id":"https:\/\/hd-multimedia.com\/#website"},"primaryImageOfPage":{"@id":"https:\/\/hd-multimedia.com\/trgovina\/fiio-darkside-pro\/#primaryimage"},"image":{"@id":"https:\/\/hd-multimedia.com\/trgovina\/fiio-darkside-pro\/#primaryimage"},"thumbnailUrl":"https:\/\/hd-multimedia.com\/hdm_media\/FiiO-DARKSIDE-PRO-Silver-b-scaled.jpg","datePublished":"2026-05-12T11:59:34+00:00","dateModified":"2026-05-12T11:59:35+00:00","description":"FiiO DARKSIDE PRO je audiofilsko linearno napajanje s niskim \u0161umom, regulirano 75W toroidnim transformatorom, dvostrukim naponskim izlazom 12V\/15V.","breadcrumb":{"@id":"https:\/\/hd-multimedia.com\/trgovina\/fiio-darkside-pro\/#breadcrumb"},"inLanguage":"en-GB","potentialAction":[{"@type":"ReadAction","target":["https:\/\/hd-multimedia.com\/trgovina\/fiio-darkside-pro\/"]}]},{"@type":"ImageObject","inLanguage":"en-GB","@id":"https:\/\/hd-multimedia.com\/trgovina\/fiio-darkside-pro\/#primaryimage","url":"https:\/\/hd-multimedia.com\/hdm_media\/FiiO-DARKSIDE-PRO-Silver-b-scaled.jpg","contentUrl":"https:\/\/hd-multimedia.com\/hdm_media\/FiiO-DARKSIDE-PRO-Silver-b-scaled.jpg","width":2560,"height":2560,"caption":"FiiO DARKSIDE PRO Silver"},{"@type":"BreadcrumbList","@id":"https:\/\/hd-multimedia.com\/trgovina\/fiio-darkside-pro\/#breadcrumb","itemListElement":[{"@type":"ListItem","position":1,"name":"Po\u010detna stranica","item":"https:\/\/hd-multimedia.com\/"},{"@type":"ListItem","position":2,"name":"Trgovina","item":"https:\/\/hd-multimedia.com\/trgovina\/"},{"@type":"ListItem","position":3,"name":"FiiO DARKSIDE PRO"}]},{"@type":"WebSite","@id":"https:\/\/hd-multimedia.com\/#website","url":"https:\/\/hd-multimedia.com\/","name":"hd multimedia","description":"","publisher":{"@id":"https:\/\/hd-multimedia.com\/#organization"},"potentialAction":[{"@type":"SearchAction","target":{"@type":"EntryPoint","urlTemplate":"https:\/\/hd-multimedia.com\/?s={search_term_string}"},"query-input":{"@type":"PropertyValueSpecification","valueRequired":true,"valueName":"search_term_string"}}],"inLanguage":"en-GB"},{"@type":"Organization","@id":"https:\/\/hd-multimedia.com\/#organization","name":"hd multimedia","url":"https:\/\/hd-multimedia.com\/","logo":{"@type":"ImageObject","inLanguage":"en-GB","@id":"https:\/\/hd-multimedia.com\/#\/schema\/logo\/image\/","url":"https:\/\/hd-multimedia.com\/hdm_media\/HD-curves-ok-196-56px-alpha-1.png","contentUrl":"https:\/\/hd-multimedia.com\/hdm_media\/HD-curves-ok-196-56px-alpha-1.png","width":196,"height":53,"caption":"hd-multimedia"},"image":{"@id":"https:\/\/hd-multimedia.com\/#\/schema\/logo\/image\/"}}]}},"post_mailing_queue_ids":[],"_links":{"self":[{"href":"https:\/\/hd-multimedia.com\/en\/wp-json\/wp\/v2\/product\/19656","targetHints":{"allow":["GET"]}}],"collection":[{"href":"https:\/\/hd-multimedia.com\/en\/wp-json\/wp\/v2\/product"}],"about":[{"href":"https:\/\/hd-multimedia.com\/en\/wp-json\/wp\/v2\/types\/product"}],"version-history":[{"count":1,"href":"https:\/\/hd-multimedia.com\/en\/wp-json\/wp\/v2\/product\/19656\/revisions"}],"predecessor-version":[{"id":19663,"href":"https:\/\/hd-multimedia.com\/en\/wp-json\/wp\/v2\/product\/19656\/revisions\/19663"}],"wp:featuredmedia":[{"embeddable":true,"href":"https:\/\/hd-multimedia.com\/en\/wp-json\/wp\/v2\/media\/19661"}],"wp:attachment":[{"href":"https:\/\/hd-multimedia.com\/en\/wp-json\/wp\/v2\/media?parent=19656"}],"curies":[{"name":"wp","href":"https:\/\/api.w.org\/{rel}","templated":true}]}}