{"id":19646,"date":"2026-05-12T10:28:34","date_gmt":"2026-05-12T10:28:34","guid":{"rendered":"https:\/\/hd-multimedia.com\/?post_type=product&#038;p=19646"},"modified":"2026-05-12T10:28:34","modified_gmt":"2026-05-12T10:28:34","slug":"fiio-dm15-r2r","status":"publish","type":"product","link":"https:\/\/hd-multimedia.com\/en\/trgovina\/fiio-dm15-r2r\/","title":{"rendered":"FiiO DM15 R2R"},"content":{"rendered":"<p>FiiO DM15 R2R je puno vi\u0161e od CD playera &#8211; to je potpuno digitalno sredi\u0161te. Funkcionira kao Hi-Fi USB DAC koji podr\u017eava do 384 kHz\/32-bita i DSD256, pretvaraju\u0107i ra\u010dunala, pametne telefone i tablete u izvore glazbe visoke rezolucije. Tako\u0111er ima Bluetooth 5.4 oda\u0161ilja\u010d koji koristi Qualcomm QCC3095, podr\u017eavaju\u0107i aptX, aptX Adaptive, aptX HD i SBC, \u0161to zna\u010di da se CD-i mogu be\u017ei\u010dno strujati na Bluetooth slu\u0161alice ili Bluetooth zvu\u010dnike. DM15 R2R \u010dak podr\u017eava i USB CD ripanje, omogu\u0107uju\u0107i korisnicima da ripuju CD-e u WAV format tijekom slu\u0161anja, \u010duvaju\u0107i omiljene albume i jednostavno ih dijele\u0107i.<\/p>\n<p>Dizajniran s lako\u0107om kori\u0161tenja na umu, FiiO DM15 R2R uklju\u010duje retro naran\u010dasti TFT zaslon, mehani\u010dke kontrole, infracrveni daljinski upravlja\u010d, 24 globalne zvu\u010dne postavke, odabir BASS na\u010dina rada i ESP za\u0161titu od preskakanja. Izlazi uklju\u010duju 3,5 mm slu\u0161alice, 4,4 mm balansirane slu\u0161alice, 3,5 mm LO i digitalne koaksijalne\/opti\u010dke izlaze. Bilo da se koristi kao prijenosni transport, stolni CD izvor, Bluetooth CD streamer ili USB DAC, FiiO DM15 R2R isti\u010de se kao najsvestraniji prijenosni CD player u svojoj klasi.<\/p>\n<p><strong>FiiO DM15 R2R Specifikacije:<\/strong><\/p>\n<p>Prijenosni CD player \/ USB DAC \/ Bluetooth oda\u0161ilja\u010d<br \/>\nDAC: Potpuno diferencijalni 24-bitni R2R niz otpornika (192 otpornika, 48 po kanalu)<br \/>\nProcesor: FPGA platforma + MCU kontroler<br \/>\nBluetooth: Qualcomm QCC3095, Bluetooth 5.4 (aptX, aptX Adaptive, aptX HD, SBC)<br \/>\nUSB DAC podr\u0161ka: Do 384 kHz\/32-bit PCM, DSD256<br \/>\nUSB kopiranje: Kopiranje CD-a u WAV tijekom slu\u0161anja<br \/>\nIzlazna snaga: (jednostrana) 315 mW + 315 mW (32 \u03a9, THD+N &lt; 1%)<br \/>\nIzlazna snaga: (balansirani na\u010din rada radne povr\u0161ine) 1150 mW + 1150 mW (32 \u03a9, THD+N &lt; 1%)<br \/>\nIzlazi: 3,5 mm PO za slu\u0161alice, 4,4 mm balansirani PO, 3,5 mm LO, koaksijalni digitalni izlaz, opti\u010dki digitalni izlaz<br \/>\nUlazi: USB-C (USB ulaz i snimanje), CD mehanizam<br \/>\nZaslon: Retro naran\u010dasti TFT informativni zaslon<br \/>\nKontrole: Mehani\u010dke tipke, gumb, infracrveni daljinski upravlja\u010d<br \/>\nKapacitet baterije: 4700 mAh \u010disti kobalt visokonaponska litijeva baterija<br \/>\nVrijeme reprodukcije: Otprilike 7 sati<br \/>\nNa\u010din rada zaobila\u017eenja baterije za stolno ra\u010dunalo Da \u2013 patentirani na\u010din rada za stolno ra\u010dunalo<br \/>\nESP za\u0161tita od preskakanja Da<br \/>\nDimenzije Manje za 2 mm u odnosu na DM13<br \/>\nUklju\u010dena oprema: USB-A na USB-C kabel, 3,5 mm koaksijalni adapter, daljinski upravlja\u010d (baterija nije uklju\u010dena), kratki vodi\u010d za po\u010detak<\/p>\n<p><a href=\"https:\/\/www.fiio.com\/dm15R2R_parameters\" target=\"_blank\" rel=\"noopener\">Detailed specifications!<\/a><\/p>","protected":false},"excerpt":{"rendered":"<p>FiiO DM15 R2R je prijenosni CD player s potpuno diferencijalnim 24-bitnim R2R DAC-om, USB DAC-om, Bluetoothom 5.4 i USB ripanjem. Revolucionarni prijenosni CD player koji slu\u0161anje CD-ova iz vintage ere donosi u moderno doba, kombiniraju\u0107i visokokvalitetnu 24-bitnu R2R DAC arhitekturu, performanse snage stolne klase i vi\u0161eizlaznu povezivost unutar kompaktnog ku\u0107i\u0161ta. Dizajniran za audiofile koji \u017eele autenti\u010dan CD zvuk, FiiO DM15 R2R jedinstveno integrira pravi potpuno diferencijalni 24-bitni R2R DAC s nizom otpornika koriste\u0107i 192 precizna otpornika, pru\u017eaju\u0107i toplu, analognu reprodukciju zvuka s iznimnim pronala\u017eenjem detalja i niskom distorzijom. Ovaj R2R DAC, zajedno s FPGA pretvorbom i vlasni\u010dkim MCU kontrolerom, osigurava da se svaka nota s CD-a dekodira s to\u010dno\u0161\u0107u i muzikalno\u0161\u0107u.<\/p>\n<p>U usporedbi s prethodnom generacijom, DM15 R2R je tanji za 2 mm, a istovremeno dramati\u010dno pove\u0107ava mogu\u0107nosti audio pogona, pru\u017eaju\u0107i do 315 mW + 315 mW single-ended izlazne snage i do 1150 mW + 1150 mW balansiranog izlaza stolne kvalitete, \u0161to FiiO DM15 R2R omogu\u0107uje jednostavno napajanje zahtjevnih slu\u0161alica preko uha. Patentirani Desktop Mode zaobilazi unutarnju bateriju za stacionarnu upotrebu, \u0161tite\u0107i vijek trajanja baterije tijekom godina reprodukcije. S visokonaponskom \u010disto kobalt litijevom baterijom od 4700 mAh, korisnici i dalje mogu u\u017eivati \u200b\u200bu do 7 sati neprekidnog slu\u0161anja prijenosnih CD-ova.<\/p>\n<p><a href=\"https:\/\/www.fiio.com\/dm15R2R\" target=\"_blank\" rel=\"noopener\">Link for additional product information!<\/a><\/p>","protected":false},"featured_media":19650,"template":"","meta":{"site-sidebar-layout":"default","site-content-layout":"","ast-site-content-layout":"default","site-content-style":"default","site-sidebar-style":"default","ast-global-header-display":"","ast-banner-title-visibility":"","ast-main-header-display":"","ast-hfb-above-header-display":"","ast-hfb-below-header-display":"","ast-hfb-mobile-header-display":"","site-post-title":"","ast-breadcrumbs-content":"","ast-featured-img":"","footer-sml-layout":"","theme-transparent-header-meta":"default","adv-header-id-meta":"","stick-header-meta":"default","header-above-stick-meta":"","header-main-stick-meta":"","header-below-stick-meta":"","astra-migrate-meta-layouts":"set","ast-page-background-enabled":"default","ast-page-background-meta":{"desktop":{"background-color":"","background-image":"","background-repeat":"repeat","background-position":"center center","background-size":"auto","background-attachment":"scroll","background-type":"","background-media":"","overlay-type":"","overlay-color":"","overlay-opacity":"","overlay-gradient":""},"tablet":{"background-color":"","background-image":"","background-repeat":"repeat","background-position":"center center","background-size":"auto","background-attachment":"scroll","background-type":"","background-media":"","overlay-type":"","overlay-color":"","overlay-opacity":"","overlay-gradient":""},"mobile":{"background-color":"","background-image":"","background-repeat":"repeat","background-position":"center center","background-size":"auto","background-attachment":"scroll","background-type":"","background-media":"","overlay-type":"","overlay-color":"","overlay-opacity":"","overlay-gradient":""}},"ast-content-background-meta":{"desktop":{"background-color":"var(--ast-global-color-5)","background-image":"","background-repeat":"repeat","background-position":"center center","background-size":"auto","background-attachment":"scroll","background-type":"","background-media":"","overlay-type":"","overlay-color":"","overlay-opacity":"","overlay-gradient":""},"tablet":{"background-color":"var(--ast-global-color-5)","background-image":"","background-repeat":"repeat","background-position":"center center","background-size":"auto","background-attachment":"scroll","background-type":"","background-media":"","overlay-type":"","overlay-color":"","overlay-opacity":"","overlay-gradient":""},"mobile":{"background-color":"var(--ast-global-color-5)","background-image":"","background-repeat":"repeat","background-position":"center center","background-size":"auto","background-attachment":"scroll","background-type":"","background-media":"","overlay-type":"","overlay-color":"","overlay-opacity":"","overlay-gradient":""}}},"class_list":["post-19646","product","type-product","status-publish","has-post-thumbnail","hentry","product_cat-mobilni-playeri","product_cat-cd-playeri","product_cat-fiio","product_tag-novo-u-ponudi","desktop-align-center","tablet-align-center","mobile-align-center","ast-product-gallery-layout-horizontal","ast-magnify-disabled","ast-product-single-variable","ast-product-tabs-layout-horizontal"],"yoast_head":"<!-- This site is optimized with the Yoast SEO plugin v27.5 - https:\/\/yoast.com\/product\/yoast-seo-wordpress\/ -->\n<title>FiiO DM15 R2R - hd-multimedia<\/title>\n<meta name=\"description\" content=\"FiiO DM15 R2R je prijenosni CD player s potpuno diferencijalnim 24-bitnim R2R DAC-om, USB DAC-om, Bluetoothom 5.4 i USB ripanjem.\" \/>\n<meta name=\"robots\" content=\"index, follow, max-snippet:-1, max-image-preview:large, max-video-preview:-1\" \/>\n<link rel=\"canonical\" href=\"https:\/\/hd-multimedia.com\/en\/trgovina\/fiio-dm15-r2r\/\" \/>\n<meta property=\"og:locale\" content=\"en_GB\" \/>\n<meta property=\"og:type\" content=\"article\" \/>\n<meta property=\"og:title\" content=\"FiiO DM15 R2R - hd-multimedia\" \/>\n<meta property=\"og:description\" content=\"FiiO DM15 R2R je prijenosni CD player s potpuno diferencijalnim 24-bitnim R2R DAC-om, USB DAC-om, Bluetoothom 5.4 i USB ripanjem.\" \/>\n<meta property=\"og:url\" content=\"https:\/\/hd-multimedia.com\/en\/trgovina\/fiio-dm15-r2r\/\" \/>\n<meta property=\"og:site_name\" content=\"hd-multimedia\" \/>\n<meta property=\"og:image\" content=\"https:\/\/hd-multimedia.com\/hdm_media\/FiiO-DM15-R2R-Silver-e1778580713496.jpg\" \/>\n\t<meta property=\"og:image:width\" content=\"700\" \/>\n\t<meta property=\"og:image:height\" content=\"700\" \/>\n\t<meta property=\"og:image:type\" content=\"image\/jpeg\" \/>\n<meta name=\"twitter:card\" content=\"summary_large_image\" \/>\n<meta name=\"twitter:label1\" content=\"Estimated reading time\" \/>\n\t<meta name=\"twitter:data1\" content=\"3 minutes\" \/>\n<script type=\"application\/ld+json\" class=\"yoast-schema-graph\">{\"@context\":\"https:\\\/\\\/schema.org\",\"@graph\":[{\"@type\":\"WebPage\",\"@id\":\"https:\\\/\\\/hd-multimedia.com\\\/trgovina\\\/fiio-dm15-r2r\\\/\",\"url\":\"https:\\\/\\\/hd-multimedia.com\\\/trgovina\\\/fiio-dm15-r2r\\\/\",\"name\":\"FiiO DM15 R2R - hd-multimedia\",\"isPartOf\":{\"@id\":\"https:\\\/\\\/hd-multimedia.com\\\/#website\"},\"primaryImageOfPage\":{\"@id\":\"https:\\\/\\\/hd-multimedia.com\\\/trgovina\\\/fiio-dm15-r2r\\\/#primaryimage\"},\"image\":{\"@id\":\"https:\\\/\\\/hd-multimedia.com\\\/trgovina\\\/fiio-dm15-r2r\\\/#primaryimage\"},\"thumbnailUrl\":\"https:\\\/\\\/hd-multimedia.com\\\/hdm_media\\\/FiiO-DM15-R2R-Silver-e1778580713496.jpg\",\"datePublished\":\"2026-05-12T10:28:34+00:00\",\"description\":\"FiiO DM15 R2R je prijenosni CD player s potpuno diferencijalnim 24-bitnim R2R DAC-om, USB DAC-om, Bluetoothom 5.4 i USB ripanjem.\",\"breadcrumb\":{\"@id\":\"https:\\\/\\\/hd-multimedia.com\\\/trgovina\\\/fiio-dm15-r2r\\\/#breadcrumb\"},\"inLanguage\":\"en-GB\",\"potentialAction\":[{\"@type\":\"ReadAction\",\"target\":[\"https:\\\/\\\/hd-multimedia.com\\\/trgovina\\\/fiio-dm15-r2r\\\/\"]}]},{\"@type\":\"ImageObject\",\"inLanguage\":\"en-GB\",\"@id\":\"https:\\\/\\\/hd-multimedia.com\\\/trgovina\\\/fiio-dm15-r2r\\\/#primaryimage\",\"url\":\"https:\\\/\\\/hd-multimedia.com\\\/hdm_media\\\/FiiO-DM15-R2R-Silver-e1778580713496.jpg\",\"contentUrl\":\"https:\\\/\\\/hd-multimedia.com\\\/hdm_media\\\/FiiO-DM15-R2R-Silver-e1778580713496.jpg\",\"width\":700,\"height\":700,\"caption\":\"FiiO DM15 R2R Silver\"},{\"@type\":\"BreadcrumbList\",\"@id\":\"https:\\\/\\\/hd-multimedia.com\\\/trgovina\\\/fiio-dm15-r2r\\\/#breadcrumb\",\"itemListElement\":[{\"@type\":\"ListItem\",\"position\":1,\"name\":\"Po\u010detna stranica\",\"item\":\"https:\\\/\\\/hd-multimedia.com\\\/\"},{\"@type\":\"ListItem\",\"position\":2,\"name\":\"Trgovina\",\"item\":\"https:\\\/\\\/hd-multimedia.com\\\/trgovina\\\/\"},{\"@type\":\"ListItem\",\"position\":3,\"name\":\"FiiO DM15 R2R\"}]},{\"@type\":\"WebSite\",\"@id\":\"https:\\\/\\\/hd-multimedia.com\\\/#website\",\"url\":\"https:\\\/\\\/hd-multimedia.com\\\/\",\"name\":\"hd-multimedia\",\"description\":\"\",\"publisher\":{\"@id\":\"https:\\\/\\\/hd-multimedia.com\\\/#organization\"},\"potentialAction\":[{\"@type\":\"SearchAction\",\"target\":{\"@type\":\"EntryPoint\",\"urlTemplate\":\"https:\\\/\\\/hd-multimedia.com\\\/?s={search_term_string}\"},\"query-input\":{\"@type\":\"PropertyValueSpecification\",\"valueRequired\":true,\"valueName\":\"search_term_string\"}}],\"inLanguage\":\"en-GB\"},{\"@type\":\"Organization\",\"@id\":\"https:\\\/\\\/hd-multimedia.com\\\/#organization\",\"name\":\"hd-multimedia\",\"url\":\"https:\\\/\\\/hd-multimedia.com\\\/\",\"logo\":{\"@type\":\"ImageObject\",\"inLanguage\":\"en-GB\",\"@id\":\"https:\\\/\\\/hd-multimedia.com\\\/#\\\/schema\\\/logo\\\/image\\\/\",\"url\":\"https:\\\/\\\/hd-multimedia.com\\\/hdm_media\\\/HD-curves-ok-196-56px-alpha-1.png\",\"contentUrl\":\"https:\\\/\\\/hd-multimedia.com\\\/hdm_media\\\/HD-curves-ok-196-56px-alpha-1.png\",\"width\":196,\"height\":53,\"caption\":\"hd-multimedia\"},\"image\":{\"@id\":\"https:\\\/\\\/hd-multimedia.com\\\/#\\\/schema\\\/logo\\\/image\\\/\"}}]}<\/script>\n<!-- \/ Yoast SEO plugin. -->","yoast_head_json":{"title":"FiiO DM15 R2R - hd-multimedia","description":"FiiO DM15 R2R je prijenosni CD player s potpuno diferencijalnim 24-bitnim R2R DAC-om, USB DAC-om, Bluetoothom 5.4 i USB ripanjem.","robots":{"index":"index","follow":"follow","max-snippet":"max-snippet:-1","max-image-preview":"max-image-preview:large","max-video-preview":"max-video-preview:-1"},"canonical":"https:\/\/hd-multimedia.com\/en\/trgovina\/fiio-dm15-r2r\/","og_locale":"en_GB","og_type":"article","og_title":"FiiO DM15 R2R - hd-multimedia","og_description":"FiiO DM15 R2R je prijenosni CD player s potpuno diferencijalnim 24-bitnim R2R DAC-om, USB DAC-om, Bluetoothom 5.4 i USB ripanjem.","og_url":"https:\/\/hd-multimedia.com\/en\/trgovina\/fiio-dm15-r2r\/","og_site_name":"hd-multimedia","og_image":[{"width":700,"height":700,"url":"https:\/\/hd-multimedia.com\/hdm_media\/FiiO-DM15-R2R-Silver-e1778580713496.jpg","type":"image\/jpeg"}],"twitter_card":"summary_large_image","twitter_misc":{"Estimated reading time":"3 minutes"},"schema":{"@context":"https:\/\/schema.org","@graph":[{"@type":"WebPage","@id":"https:\/\/hd-multimedia.com\/trgovina\/fiio-dm15-r2r\/","url":"https:\/\/hd-multimedia.com\/trgovina\/fiio-dm15-r2r\/","name":"FiiO DM15 R2R - hd-multimedia","isPartOf":{"@id":"https:\/\/hd-multimedia.com\/#website"},"primaryImageOfPage":{"@id":"https:\/\/hd-multimedia.com\/trgovina\/fiio-dm15-r2r\/#primaryimage"},"image":{"@id":"https:\/\/hd-multimedia.com\/trgovina\/fiio-dm15-r2r\/#primaryimage"},"thumbnailUrl":"https:\/\/hd-multimedia.com\/hdm_media\/FiiO-DM15-R2R-Silver-e1778580713496.jpg","datePublished":"2026-05-12T10:28:34+00:00","description":"FiiO DM15 R2R je prijenosni CD player s potpuno diferencijalnim 24-bitnim R2R DAC-om, USB DAC-om, Bluetoothom 5.4 i USB ripanjem.","breadcrumb":{"@id":"https:\/\/hd-multimedia.com\/trgovina\/fiio-dm15-r2r\/#breadcrumb"},"inLanguage":"en-GB","potentialAction":[{"@type":"ReadAction","target":["https:\/\/hd-multimedia.com\/trgovina\/fiio-dm15-r2r\/"]}]},{"@type":"ImageObject","inLanguage":"en-GB","@id":"https:\/\/hd-multimedia.com\/trgovina\/fiio-dm15-r2r\/#primaryimage","url":"https:\/\/hd-multimedia.com\/hdm_media\/FiiO-DM15-R2R-Silver-e1778580713496.jpg","contentUrl":"https:\/\/hd-multimedia.com\/hdm_media\/FiiO-DM15-R2R-Silver-e1778580713496.jpg","width":700,"height":700,"caption":"FiiO DM15 R2R Silver"},{"@type":"BreadcrumbList","@id":"https:\/\/hd-multimedia.com\/trgovina\/fiio-dm15-r2r\/#breadcrumb","itemListElement":[{"@type":"ListItem","position":1,"name":"Po\u010detna stranica","item":"https:\/\/hd-multimedia.com\/"},{"@type":"ListItem","position":2,"name":"Trgovina","item":"https:\/\/hd-multimedia.com\/trgovina\/"},{"@type":"ListItem","position":3,"name":"FiiO DM15 R2R"}]},{"@type":"WebSite","@id":"https:\/\/hd-multimedia.com\/#website","url":"https:\/\/hd-multimedia.com\/","name":"hd multimedia","description":"","publisher":{"@id":"https:\/\/hd-multimedia.com\/#organization"},"potentialAction":[{"@type":"SearchAction","target":{"@type":"EntryPoint","urlTemplate":"https:\/\/hd-multimedia.com\/?s={search_term_string}"},"query-input":{"@type":"PropertyValueSpecification","valueRequired":true,"valueName":"search_term_string"}}],"inLanguage":"en-GB"},{"@type":"Organization","@id":"https:\/\/hd-multimedia.com\/#organization","name":"hd multimedia","url":"https:\/\/hd-multimedia.com\/","logo":{"@type":"ImageObject","inLanguage":"en-GB","@id":"https:\/\/hd-multimedia.com\/#\/schema\/logo\/image\/","url":"https:\/\/hd-multimedia.com\/hdm_media\/HD-curves-ok-196-56px-alpha-1.png","contentUrl":"https:\/\/hd-multimedia.com\/hdm_media\/HD-curves-ok-196-56px-alpha-1.png","width":196,"height":53,"caption":"hd-multimedia"},"image":{"@id":"https:\/\/hd-multimedia.com\/#\/schema\/logo\/image\/"}}]}},"post_mailing_queue_ids":[],"_links":{"self":[{"href":"https:\/\/hd-multimedia.com\/en\/wp-json\/wp\/v2\/product\/19646","targetHints":{"allow":["GET"]}}],"collection":[{"href":"https:\/\/hd-multimedia.com\/en\/wp-json\/wp\/v2\/product"}],"about":[{"href":"https:\/\/hd-multimedia.com\/en\/wp-json\/wp\/v2\/types\/product"}],"version-history":[{"count":1,"href":"https:\/\/hd-multimedia.com\/en\/wp-json\/wp\/v2\/product\/19646\/revisions"}],"predecessor-version":[{"id":19653,"href":"https:\/\/hd-multimedia.com\/en\/wp-json\/wp\/v2\/product\/19646\/revisions\/19653"}],"wp:featuredmedia":[{"embeddable":true,"href":"https:\/\/hd-multimedia.com\/en\/wp-json\/wp\/v2\/media\/19650"}],"wp:attachment":[{"href":"https:\/\/hd-multimedia.com\/en\/wp-json\/wp\/v2\/media?parent=19646"}],"curies":[{"name":"wp","href":"https:\/\/api.w.org\/{rel}","templated":true}]}}