{"id":19581,"date":"2026-04-30T11:08:06","date_gmt":"2026-04-30T11:08:06","guid":{"rendered":"https:\/\/hd-multimedia.com\/?post_type=product&#038;p=19581"},"modified":"2026-05-05T08:28:03","modified_gmt":"2026-05-05T08:28:03","slug":"benchmark-la4","status":"publish","type":"product","link":"https:\/\/hd-multimedia.com\/en\/trgovina\/benchmark-la4\/","title":{"rendered":"Benchmark LA4"},"content":{"rendered":"<p>Specifikacije mjerene od balansiranih ulaza do balansiranih izlaza na linijskom poja\u010dalu Benchmark HPA4:<\/p>\n<p>THD &lt; -125 dB (0,00006%)<br \/>\nSNR &gt; 135 dB, neponderirano, 20-20 kHz<br \/>\nSNR &gt; 137 dB, A-ponderirano<br \/>\nFrekvencijski odziv &#8211; 0,003 dB pri 10 Hz, -0,001 dB pri 20 kHz<br \/>\n&#8211; 3 dB propusnost prelazi 0,1 Hz do 500 kHz<br \/>\nIzlazna impedancija 60 Ohma<br \/>\nIzlazni \u0161um &lt; 1,9 uV pri jedinstvenom poja\u010danju, 20-20 kHz<br \/>\nMaksimalni ulazni i izlazni napon, 20 Vrms (+28 dBu)<br \/>\nPreslu\u0161avanje &lt; -133 dB @ 1 kHz, -116 dB @ 10 kHz<\/p>\n<p>Zna\u010dajke Benchmark HPA4:<\/p>\n<p>256-stupanjska kontrola glasno\u0107e stereo zvuka &#8211; linijski izlaz<br \/>\n256-stupanjska kontrola glasno\u0107e stereo zvuka &#8211; izlaz za slu\u0161alice<br \/>\nRelejni odabir ulaza<br \/>\nDva stereo balansirana linijska Ulazi<br \/>\nDva stereo nebalansirana linijska ulaza<br \/>\nJedan stereo balansirani linijski izlaz<br \/>\nJedan balansirani mono sumarni izlaz<br \/>\nJedan balansirani THX-888 XLR4 izlaz za slu\u0161alice<br \/>\nJedan nebalansirani THX-888 TRS izlaz za slu\u0161alice<br \/>\nNeovisno upravljanje izlazima za slu\u0161alice i linijskim izlazima<br \/>\nUpravljanje balansom<br \/>\nIR daljinski upravlja\u010d<br \/>\nZaslon u boji osjetljiv na dodir<br \/>\nDva 12-voltna trigger priklju\u010dka<\/p>\n<p><a href=\"https:\/\/benchmarkmedia.com\/blogs\/application_notes\/benchmarks-256-step-relay-controlled-attenuator\" target=\"_blank\" rel=\"noopener\">Detailed specifications!<\/a><\/p>","protected":false},"excerpt":{"rendered":"<p>Benchmark LA4 je linijsko pretpoja\u010dalo s vrhunskim analognim sustavom za regulaciju glasno\u0107e. Pri svakoj postavci glasno\u0107e, releji odabiru parove visokopreciznih otpornika kako bi smanjili glazbu na \u017eeljenu razinu. Ovaj sustav eliminira probleme s bukom, distorzijom i L\/R ravnote\u017eom koji se nalaze u konvencionalnijim analognim sustavima za regulaciju glasno\u0107e. Tradicionalni potenciometri i integrirane elektroni\u010dke kontrole glasno\u0107e najslabija su karika u ve\u0107ini Hi-Fi signalnih lanaca. Benchmark LA4 uklanja slabu kariku, a istovremeno optimizira performanse buke sustava pri svakoj postavci glasno\u0107e.<\/p>\n<p>Benchmark LA4 dizajniran je da buku i distorziju dr\u017ei ispod praga sluha od 0 dB SPL pri svakoj od 256 postavki kontrole glasno\u0107e. Nijedno pretpoja\u010dalo ne pru\u017ea ve\u0107i stupanj transparentnosti. Omogu\u0107uje odabir ulaza i kontrolu glasno\u0107e bez dodavanja &#8220;elektroni\u010dkog otiska prsta&#8221; glazbi. Otkrijte razliku! Slu\u0161ajte glazbu, a ne elektroniku.<\/p>\n<p><a href=\"https:\/\/benchmarkmedia.com\/products\/benchmark-la4-line-amplifier?_pos=1&amp;_psq=benchmark+la4&amp;_ss=e&amp;_v=1.0\" target=\"_blank\" rel=\"noopener\">Link for additional product information!<\/a><\/p>","protected":false},"featured_media":19590,"template":"","meta":{"site-sidebar-layout":"default","site-content-layout":"","ast-site-content-layout":"default","site-content-style":"default","site-sidebar-style":"default","ast-global-header-display":"","ast-banner-title-visibility":"","ast-main-header-display":"","ast-hfb-above-header-display":"","ast-hfb-below-header-display":"","ast-hfb-mobile-header-display":"","site-post-title":"","ast-breadcrumbs-content":"","ast-featured-img":"","footer-sml-layout":"","theme-transparent-header-meta":"default","adv-header-id-meta":"","stick-header-meta":"default","header-above-stick-meta":"","header-main-stick-meta":"","header-below-stick-meta":"","astra-migrate-meta-layouts":"set","ast-page-background-enabled":"default","ast-page-background-meta":{"desktop":{"background-color":"","background-image":"","background-repeat":"repeat","background-position":"center center","background-size":"auto","background-attachment":"scroll","background-type":"","background-media":"","overlay-type":"","overlay-color":"","overlay-opacity":"","overlay-gradient":""},"tablet":{"background-color":"","background-image":"","background-repeat":"repeat","background-position":"center center","background-size":"auto","background-attachment":"scroll","background-type":"","background-media":"","overlay-type":"","overlay-color":"","overlay-opacity":"","overlay-gradient":""},"mobile":{"background-color":"","background-image":"","background-repeat":"repeat","background-position":"center center","background-size":"auto","background-attachment":"scroll","background-type":"","background-media":"","overlay-type":"","overlay-color":"","overlay-opacity":"","overlay-gradient":""}},"ast-content-background-meta":{"desktop":{"background-color":"var(--ast-global-color-5)","background-image":"","background-repeat":"repeat","background-position":"center center","background-size":"auto","background-attachment":"scroll","background-type":"","background-media":"","overlay-type":"","overlay-color":"","overlay-opacity":"","overlay-gradient":""},"tablet":{"background-color":"var(--ast-global-color-5)","background-image":"","background-repeat":"repeat","background-position":"center center","background-size":"auto","background-attachment":"scroll","background-type":"","background-media":"","overlay-type":"","overlay-color":"","overlay-opacity":"","overlay-gradient":""},"mobile":{"background-color":"var(--ast-global-color-5)","background-image":"","background-repeat":"repeat","background-position":"center center","background-size":"auto","background-attachment":"scroll","background-type":"","background-media":"","overlay-type":"","overlay-color":"","overlay-opacity":"","overlay-gradient":""}}},"class_list":["post-19581","product","type-product","status-publish","has-post-thumbnail","hentry","product_cat-benchmark","product_cat-pretpojacala","product_tag-novo-u-ponudi","desktop-align-center","tablet-align-center","mobile-align-center","ast-product-gallery-layout-horizontal","ast-magnify-disabled","ast-product-tabs-layout-horizontal"],"yoast_head":"<!-- This site is optimized with the Yoast SEO plugin v27.5 - https:\/\/yoast.com\/product\/yoast-seo-wordpress\/ -->\n<title>Benchmark LA4 - hd-multimedia<\/title>\n<meta name=\"description\" content=\"Benchmark LA4 je linijsko pretpoja\u010dalo s vrhunskim analognim sustavom za regulaciju glasno\u0107e. Otkrijte razliku! Slu\u0161ajte glazbu, a ne elektroniku.\" \/>\n<meta name=\"robots\" content=\"index, follow, max-snippet:-1, max-image-preview:large, max-video-preview:-1\" \/>\n<link rel=\"canonical\" href=\"https:\/\/hd-multimedia.com\/en\/trgovina\/benchmark-la4\/\" \/>\n<meta property=\"og:locale\" content=\"en_GB\" \/>\n<meta property=\"og:type\" content=\"article\" \/>\n<meta property=\"og:title\" content=\"Benchmark LA4 - hd-multimedia\" \/>\n<meta property=\"og:description\" content=\"Benchmark LA4 je linijsko pretpoja\u010dalo s vrhunskim analognim sustavom za regulaciju glasno\u0107e. Otkrijte razliku! Slu\u0161ajte glazbu, a ne elektroniku.\" \/>\n<meta property=\"og:url\" content=\"https:\/\/hd-multimedia.com\/en\/trgovina\/benchmark-la4\/\" \/>\n<meta property=\"og:site_name\" content=\"hd-multimedia\" \/>\n<meta property=\"article:modified_time\" content=\"2026-05-05T08:28:03+00:00\" \/>\n<meta property=\"og:image\" content=\"https:\/\/hd-multimedia.com\/hdm_media\/Benchmark-LA41.jpg\" \/>\n\t<meta property=\"og:image:width\" content=\"900\" \/>\n\t<meta property=\"og:image:height\" content=\"900\" \/>\n\t<meta property=\"og:image:type\" content=\"image\/jpeg\" \/>\n<meta name=\"twitter:card\" content=\"summary_large_image\" \/>\n<meta name=\"twitter:label1\" content=\"Estimated reading time\" \/>\n\t<meta name=\"twitter:data1\" content=\"1 minute\" \/>\n<script type=\"application\/ld+json\" class=\"yoast-schema-graph\">{\"@context\":\"https:\\\/\\\/schema.org\",\"@graph\":[{\"@type\":\"WebPage\",\"@id\":\"https:\\\/\\\/hd-multimedia.com\\\/trgovina\\\/benchmark-la4\\\/\",\"url\":\"https:\\\/\\\/hd-multimedia.com\\\/trgovina\\\/benchmark-la4\\\/\",\"name\":\"Benchmark LA4 - hd-multimedia\",\"isPartOf\":{\"@id\":\"https:\\\/\\\/hd-multimedia.com\\\/#website\"},\"primaryImageOfPage\":{\"@id\":\"https:\\\/\\\/hd-multimedia.com\\\/trgovina\\\/benchmark-la4\\\/#primaryimage\"},\"image\":{\"@id\":\"https:\\\/\\\/hd-multimedia.com\\\/trgovina\\\/benchmark-la4\\\/#primaryimage\"},\"thumbnailUrl\":\"https:\\\/\\\/hd-multimedia.com\\\/hdm_media\\\/Benchmark-LA41.jpg\",\"datePublished\":\"2026-04-30T11:08:06+00:00\",\"dateModified\":\"2026-05-05T08:28:03+00:00\",\"description\":\"Benchmark LA4 je linijsko pretpoja\u010dalo s vrhunskim analognim sustavom za regulaciju glasno\u0107e. Otkrijte razliku! Slu\u0161ajte glazbu, a ne elektroniku.\",\"breadcrumb\":{\"@id\":\"https:\\\/\\\/hd-multimedia.com\\\/trgovina\\\/benchmark-la4\\\/#breadcrumb\"},\"inLanguage\":\"en-GB\",\"potentialAction\":[{\"@type\":\"ReadAction\",\"target\":[\"https:\\\/\\\/hd-multimedia.com\\\/trgovina\\\/benchmark-la4\\\/\"]}]},{\"@type\":\"ImageObject\",\"inLanguage\":\"en-GB\",\"@id\":\"https:\\\/\\\/hd-multimedia.com\\\/trgovina\\\/benchmark-la4\\\/#primaryimage\",\"url\":\"https:\\\/\\\/hd-multimedia.com\\\/hdm_media\\\/Benchmark-LA41.jpg\",\"contentUrl\":\"https:\\\/\\\/hd-multimedia.com\\\/hdm_media\\\/Benchmark-LA41.jpg\",\"width\":900,\"height\":900,\"caption\":\"Benchmark LA4 Black\"},{\"@type\":\"BreadcrumbList\",\"@id\":\"https:\\\/\\\/hd-multimedia.com\\\/trgovina\\\/benchmark-la4\\\/#breadcrumb\",\"itemListElement\":[{\"@type\":\"ListItem\",\"position\":1,\"name\":\"Po\u010detna stranica\",\"item\":\"https:\\\/\\\/hd-multimedia.com\\\/\"},{\"@type\":\"ListItem\",\"position\":2,\"name\":\"Trgovina\",\"item\":\"https:\\\/\\\/hd-multimedia.com\\\/trgovina\\\/\"},{\"@type\":\"ListItem\",\"position\":3,\"name\":\"Benchmark LA4\"}]},{\"@type\":\"WebSite\",\"@id\":\"https:\\\/\\\/hd-multimedia.com\\\/#website\",\"url\":\"https:\\\/\\\/hd-multimedia.com\\\/\",\"name\":\"hd-multimedia\",\"description\":\"\",\"publisher\":{\"@id\":\"https:\\\/\\\/hd-multimedia.com\\\/#organization\"},\"potentialAction\":[{\"@type\":\"SearchAction\",\"target\":{\"@type\":\"EntryPoint\",\"urlTemplate\":\"https:\\\/\\\/hd-multimedia.com\\\/?s={search_term_string}\"},\"query-input\":{\"@type\":\"PropertyValueSpecification\",\"valueRequired\":true,\"valueName\":\"search_term_string\"}}],\"inLanguage\":\"en-GB\"},{\"@type\":\"Organization\",\"@id\":\"https:\\\/\\\/hd-multimedia.com\\\/#organization\",\"name\":\"hd-multimedia\",\"url\":\"https:\\\/\\\/hd-multimedia.com\\\/\",\"logo\":{\"@type\":\"ImageObject\",\"inLanguage\":\"en-GB\",\"@id\":\"https:\\\/\\\/hd-multimedia.com\\\/#\\\/schema\\\/logo\\\/image\\\/\",\"url\":\"https:\\\/\\\/hd-multimedia.com\\\/hdm_media\\\/HD-curves-ok-196-56px-alpha-1.png\",\"contentUrl\":\"https:\\\/\\\/hd-multimedia.com\\\/hdm_media\\\/HD-curves-ok-196-56px-alpha-1.png\",\"width\":196,\"height\":53,\"caption\":\"hd-multimedia\"},\"image\":{\"@id\":\"https:\\\/\\\/hd-multimedia.com\\\/#\\\/schema\\\/logo\\\/image\\\/\"}}]}<\/script>\n<!-- \/ Yoast SEO plugin. -->","yoast_head_json":{"title":"Benchmark LA4 - hd-multimedia","description":"Benchmark LA4 je linijsko pretpoja\u010dalo s vrhunskim analognim sustavom za regulaciju glasno\u0107e. Otkrijte razliku! Slu\u0161ajte glazbu, a ne elektroniku.","robots":{"index":"index","follow":"follow","max-snippet":"max-snippet:-1","max-image-preview":"max-image-preview:large","max-video-preview":"max-video-preview:-1"},"canonical":"https:\/\/hd-multimedia.com\/en\/trgovina\/benchmark-la4\/","og_locale":"en_GB","og_type":"article","og_title":"Benchmark LA4 - hd-multimedia","og_description":"Benchmark LA4 je linijsko pretpoja\u010dalo s vrhunskim analognim sustavom za regulaciju glasno\u0107e. Otkrijte razliku! Slu\u0161ajte glazbu, a ne elektroniku.","og_url":"https:\/\/hd-multimedia.com\/en\/trgovina\/benchmark-la4\/","og_site_name":"hd-multimedia","article_modified_time":"2026-05-05T08:28:03+00:00","og_image":[{"width":900,"height":900,"url":"https:\/\/hd-multimedia.com\/hdm_media\/Benchmark-LA41.jpg","type":"image\/jpeg"}],"twitter_card":"summary_large_image","twitter_misc":{"Estimated reading time":"1 minute"},"schema":{"@context":"https:\/\/schema.org","@graph":[{"@type":"WebPage","@id":"https:\/\/hd-multimedia.com\/trgovina\/benchmark-la4\/","url":"https:\/\/hd-multimedia.com\/trgovina\/benchmark-la4\/","name":"Benchmark LA4 - hd-multimedia","isPartOf":{"@id":"https:\/\/hd-multimedia.com\/#website"},"primaryImageOfPage":{"@id":"https:\/\/hd-multimedia.com\/trgovina\/benchmark-la4\/#primaryimage"},"image":{"@id":"https:\/\/hd-multimedia.com\/trgovina\/benchmark-la4\/#primaryimage"},"thumbnailUrl":"https:\/\/hd-multimedia.com\/hdm_media\/Benchmark-LA41.jpg","datePublished":"2026-04-30T11:08:06+00:00","dateModified":"2026-05-05T08:28:03+00:00","description":"Benchmark LA4 je linijsko pretpoja\u010dalo s vrhunskim analognim sustavom za regulaciju glasno\u0107e. Otkrijte razliku! Slu\u0161ajte glazbu, a ne elektroniku.","breadcrumb":{"@id":"https:\/\/hd-multimedia.com\/trgovina\/benchmark-la4\/#breadcrumb"},"inLanguage":"en-GB","potentialAction":[{"@type":"ReadAction","target":["https:\/\/hd-multimedia.com\/trgovina\/benchmark-la4\/"]}]},{"@type":"ImageObject","inLanguage":"en-GB","@id":"https:\/\/hd-multimedia.com\/trgovina\/benchmark-la4\/#primaryimage","url":"https:\/\/hd-multimedia.com\/hdm_media\/Benchmark-LA41.jpg","contentUrl":"https:\/\/hd-multimedia.com\/hdm_media\/Benchmark-LA41.jpg","width":900,"height":900,"caption":"Benchmark LA4 Black"},{"@type":"BreadcrumbList","@id":"https:\/\/hd-multimedia.com\/trgovina\/benchmark-la4\/#breadcrumb","itemListElement":[{"@type":"ListItem","position":1,"name":"Po\u010detna stranica","item":"https:\/\/hd-multimedia.com\/"},{"@type":"ListItem","position":2,"name":"Trgovina","item":"https:\/\/hd-multimedia.com\/trgovina\/"},{"@type":"ListItem","position":3,"name":"Benchmark LA4"}]},{"@type":"WebSite","@id":"https:\/\/hd-multimedia.com\/#website","url":"https:\/\/hd-multimedia.com\/","name":"hd multimedia","description":"","publisher":{"@id":"https:\/\/hd-multimedia.com\/#organization"},"potentialAction":[{"@type":"SearchAction","target":{"@type":"EntryPoint","urlTemplate":"https:\/\/hd-multimedia.com\/?s={search_term_string}"},"query-input":{"@type":"PropertyValueSpecification","valueRequired":true,"valueName":"search_term_string"}}],"inLanguage":"en-GB"},{"@type":"Organization","@id":"https:\/\/hd-multimedia.com\/#organization","name":"hd multimedia","url":"https:\/\/hd-multimedia.com\/","logo":{"@type":"ImageObject","inLanguage":"en-GB","@id":"https:\/\/hd-multimedia.com\/#\/schema\/logo\/image\/","url":"https:\/\/hd-multimedia.com\/hdm_media\/HD-curves-ok-196-56px-alpha-1.png","contentUrl":"https:\/\/hd-multimedia.com\/hdm_media\/HD-curves-ok-196-56px-alpha-1.png","width":196,"height":53,"caption":"hd-multimedia"},"image":{"@id":"https:\/\/hd-multimedia.com\/#\/schema\/logo\/image\/"}}]}},"post_mailing_queue_ids":[],"_links":{"self":[{"href":"https:\/\/hd-multimedia.com\/en\/wp-json\/wp\/v2\/product\/19581","targetHints":{"allow":["GET"]}}],"collection":[{"href":"https:\/\/hd-multimedia.com\/en\/wp-json\/wp\/v2\/product"}],"about":[{"href":"https:\/\/hd-multimedia.com\/en\/wp-json\/wp\/v2\/types\/product"}],"version-history":[{"count":3,"href":"https:\/\/hd-multimedia.com\/en\/wp-json\/wp\/v2\/product\/19581\/revisions"}],"predecessor-version":[{"id":19593,"href":"https:\/\/hd-multimedia.com\/en\/wp-json\/wp\/v2\/product\/19581\/revisions\/19593"}],"wp:featuredmedia":[{"embeddable":true,"href":"https:\/\/hd-multimedia.com\/en\/wp-json\/wp\/v2\/media\/19590"}],"wp:attachment":[{"href":"https:\/\/hd-multimedia.com\/en\/wp-json\/wp\/v2\/media?parent=19581"}],"curies":[{"name":"wp","href":"https:\/\/api.w.org\/{rel}","templated":true}]}}